{"id":78813,"date":"2023-02-16T13:22:03","date_gmt":"2023-02-16T18:22:03","guid":{"rendered":"https:\/\/cbieca.wpenginepowered.com\/?page_id=78813"},"modified":"2023-02-16T16:16:43","modified_gmt":"2023-02-16T21:16:43","slug":"groupe-de-travail","status":"publish","type":"page","link":"https:\/\/cbie.ca\/fr\/ae-sondage\/groupe-de-travail\/","title":{"rendered":"Groupe de travail"},"content":{"rendered":"<div class=\"wpb-content-wrapper\"><p>[vc_row type=\u00a0\u00bbfull_width_section\u00a0\u00bb bg_image=\u00a0\u00bb78033&Prime; bg_color=\u00a0\u00bb#00334d\u00a0\u00bb text_color=\u00a0\u00bbcustom\u00a0\u00bb custom_text_color=\u00a0\u00bb#ffffff\u00a0\u00bb top_padding=\u00a0\u00bb300&Prime; bottom_padding=\u00a0\u00bb70&Prime; class=\u00a0\u00bbconference-style conference\u00a0\u00bb][vc_column column_padding=\u00a0\u00bbpadding-3&Prime; width=\u00a0\u00bb1\/1&Prime;][vc_column_text]<a href=\"https:\/\/cbie.ca\/fr\/ae-sondage\/\" target=\"_self\" class=\"button color-7 medium\" style=\"border-radius: 0px;\">Aper\u00e7u<\/a>\n            <a href=\"https:\/\/cbie.ca\/fr\/ae-sondage\/ae-deroulement\/\" target=\"_self\" class=\"button color-7 medium \" style=\"border-radius: 0px;\">D\u00e9roulement<\/a>\n            <a href=\"https:\/\/cbie.ca\/fr\/ae-sondage\/ae-sondage-etudiants-diplomes\/\" target=\"_self\" class=\"button color-7 medium \" style=\"border-radius: 0px;\">Cadre de r\u00e9f\u00e9rence<\/a>\n            <a href=\"https:\/\/cbie.ca\/fr\/ae-sondage\/groupe-de-travail\/\" target=\"_self\" class=\"button color-3 medium \" style=\"border-radius: 0px;\">Groupe de travail<\/a>[\/vc_column_text][\/vc_column][\/vc_row][vc_row type=\u00a0\u00bbfull_width_section\u00a0\u00bb][vc_column column_padding=\u00a0\u00bbpadding-3&Prime; width=\u00a0\u00bb1\/1&Prime;][vc_column_text]<\/p>\n<h2><strong>Groupe de travail<\/strong><\/h2>\n<p>[\/vc_column_text]<div class=\"spacer\" style=\"height: 25px;\"><\/div>[vc_column_text]Le BCEI tient \u00e0 souligner avec gratitude les efforts des membres du groupe de travail de notre sondage sur l&rsquo;apprentissage \u00e0 l&rsquo;\u00e9tranger, qui apportent une contribution strat\u00e9gique et op\u00e9rationnelle \u00e0 l&rsquo;\u00e9laboration des questionnaires.[\/vc_column_text]<div class=\"spacer\" style=\"height: 40px;\"><\/div>[vc_row_inner][vc_column_inner width=\u00a0\u00bb1\/2&Prime; css=\u00a0\u00bb.vc_custom_1676574237944{padding-right: 4% !important;padding-left: 4% !important;}\u00a0\u00bb][vc_column_text]<\/p>\n<ul>\n<li><strong>Diane Barbari\u010d, Ph.D.<\/strong><br \/>\nAssoci\u00e9e en recherche<br \/>\nCentre for the Study of Canadian and International Higher Education (CIHE),<br \/>\nOntario Institute for Studies in Education (OISE), University of Toronto<\/li>\n<li><strong>Janna Ferguson, Ph.D.<\/strong><br \/>\nConseill\u00e8re en recherche<br \/>\nBCEI<\/li>\n<li><strong>Vinitha Gengatharan<\/strong><br \/>\nVice-rectrice adjointe, Engagement et partenariats mondiaux<br \/>\nYork University<\/li>\n<li><strong>Kate Jennings<\/strong><br \/>\nDirectrice<br \/>\nJennings International Education Leadership &amp; Training<\/li>\n<\/ul>\n<p>[\/vc_column_text][\/vc_column_inner][vc_column_inner width=\u00a0\u00bb1\/2&Prime; css=\u00a0\u00bb.vc_custom_1676574244823{padding-right: 4% !important;padding-left: 4% !important;}\u00a0\u00bb][vc_column_text]<\/p>\n<ul>\n<li><strong>Janine Knight-Grofe<\/strong><br \/>\nDirectrice, \u00c9ducation internationale<br \/>\nDurham College<\/li>\n<li><strong>Lynne Mitchell, Ph.D.<\/strong><br \/>\nDirectrice et agente de liaison internationale<br \/>\nUniversity of Guelph<\/li>\n<li><strong>Colleen Packer<\/strong><br \/>\nDirectrice, Apprentissage mondial<br \/>\nUniversity of Calgary<\/li>\n<li><strong>Karima Ramji<\/strong><br \/>\nDirectrice adjointe, Initiatives internationales, autochtones<br \/>\net strat\u00e9giques, Services d\u2019orientation professionnelle et de stages coop\u00e9ratifs<br \/>\nUniversity of Victoria<\/li>\n<\/ul>\n<p>[\/vc_column_text][\/vc_column_inner][\/vc_row_inner][\/vc_column][\/vc_row]<\/p>\n<\/div>","protected":false},"excerpt":{"rendered":"<p>[vc_row type=\u00a0\u00bbfull_width_section\u00a0\u00bb bg_image=\u00a0\u00bb78033&Prime; bg_color=\u00a0\u00bb#00334d\u00a0\u00bb text_color=\u00a0\u00bbcustom\u00a0\u00bb custom_text_color=\u00a0\u00bb#ffffff\u00a0\u00bb top_padding=\u00a0\u00bb300&Prime; bottom_padding=\u00a0\u00bb70&Prime; class=\u00a0\u00bbconference-style conference\u00a0\u00bb][vc_column column_padding=\u00a0\u00bbpadding-3&Prime; width=\u00a0\u00bb1\/1&Prime;][vc_column_text][\/vc_column_text][\/vc_column][\/vc_row][vc_row type=\u00a0\u00bbfull_width_section\u00a0\u00bb][vc_column column_padding=\u00a0\u00bbpadding-3&Prime; width=\u00a0\u00bb1\/1&Prime;][vc_column_text] Groupe de travail [\/vc_column_text][vc_column_text]Le BCEI tient \u00e0 souligner avec gratitude les efforts des membres du [&hellip;]<\/p>\n","protected":false},"author":2,"featured_media":0,"parent":76517,"menu_order":20,"comment_status":"closed","ping_status":"closed","template":"","meta":{"_acf_changed":false,"footnotes":""},"class_list":["post-78813","page","type-page","status-publish","hentry"],"acf":[],"yoast_head":"<!-- This site is optimized with the Yoast SEO plugin v27.4 - https:\/\/yoast.com\/product\/yoast-seo-wordpress\/ -->\n<title>Groupe de travail - CBIE<\/title>\n<meta name=\"robots\" content=\"index, follow, max-snippet:-1, max-image-preview:large, max-video-preview:-1\" \/>\n<link rel=\"canonical\" href=\"https:\/\/cbie.ca\/fr\/ae-sondage\/groupe-de-travail\/\" \/>\n<meta property=\"og:locale\" content=\"fr_FR\" \/>\n<meta property=\"og:type\" content=\"article\" \/>\n<meta property=\"og:title\" content=\"Groupe de travail - CBIE\" \/>\n<meta property=\"og:description\" content=\"[vc_row type=\u00a0\u00bbfull_width_section\u00a0\u00bb bg_image=\u00a0\u00bb78033&Prime; bg_color=\u00a0\u00bb#00334d\u00a0\u00bb text_color=\u00a0\u00bbcustom\u00a0\u00bb custom_text_color=\u00a0\u00bb#ffffff\u00a0\u00bb top_padding=\u00a0\u00bb300&Prime; bottom_padding=\u00a0\u00bb70&Prime; class=\u00a0\u00bbconference-style conference\u00a0\u00bb][vc_column column_padding=\u00a0\u00bbpadding-3&Prime; width=\u00a0\u00bb1\/1&Prime;][vc_column_text][\/vc_column_text][\/vc_column][\/vc_row][vc_row type=\u00a0\u00bbfull_width_section\u00a0\u00bb][vc_column column_padding=\u00a0\u00bbpadding-3&Prime; width=\u00a0\u00bb1\/1&Prime;][vc_column_text] Groupe de travail [\/vc_column_text][vc_column_text]Le BCEI tient \u00e0 souligner avec gratitude les efforts des membres du [&hellip;]\" \/>\n<meta property=\"og:url\" content=\"https:\/\/cbie.ca\/fr\/ae-sondage\/groupe-de-travail\/\" \/>\n<meta property=\"og:site_name\" content=\"CBIE\" \/>\n<meta property=\"article:modified_time\" content=\"2023-02-16T21:16:43+00:00\" \/>\n<meta property=\"og:image\" content=\"https:\/\/cbie.ca\/wp-content\/uploads\/2024\/01\/CBIE-Announcement-EN.png\" \/>\n\t<meta property=\"og:image:width\" content=\"1600\" \/>\n\t<meta property=\"og:image:height\" content=\"900\" \/>\n\t<meta property=\"og:image:type\" content=\"image\/png\" \/>\n<meta name=\"twitter:card\" content=\"summary_large_image\" \/>\n<meta name=\"twitter:label1\" content=\"Dur\u00e9e de lecture estim\u00e9e\" \/>\n\t<meta name=\"twitter:data1\" content=\"1 minute\" \/>\n<script type=\"application\/ld+json\" class=\"yoast-schema-graph\">{\"@context\":\"https:\\\/\\\/schema.org\",\"@graph\":[{\"@type\":\"WebPage\",\"@id\":\"https:\\\/\\\/cbie.ca\\\/fr\\\/ae-sondage\\\/groupe-de-travail\\\/\",\"url\":\"https:\\\/\\\/cbie.ca\\\/fr\\\/ae-sondage\\\/groupe-de-travail\\\/\",\"name\":\"Groupe de travail - CBIE\",\"isPartOf\":{\"@id\":\"https:\\\/\\\/cbie.ca\\\/#website\"},\"datePublished\":\"2023-02-16T18:22:03+00:00\",\"dateModified\":\"2023-02-16T21:16:43+00:00\",\"breadcrumb\":{\"@id\":\"https:\\\/\\\/cbie.ca\\\/fr\\\/ae-sondage\\\/groupe-de-travail\\\/#breadcrumb\"},\"inLanguage\":\"fr-FR\",\"potentialAction\":[{\"@type\":\"ReadAction\",\"target\":[\"https:\\\/\\\/cbie.ca\\\/fr\\\/ae-sondage\\\/groupe-de-travail\\\/\"]}]},{\"@type\":\"BreadcrumbList\",\"@id\":\"https:\\\/\\\/cbie.ca\\\/fr\\\/ae-sondage\\\/groupe-de-travail\\\/#breadcrumb\",\"itemListElement\":[{\"@type\":\"ListItem\",\"position\":1,\"name\":\"Home\",\"item\":\"https:\\\/\\\/cbie.ca\\\/fr\\\/\"},{\"@type\":\"ListItem\",\"position\":2,\"name\":\"Sondage sur l&rsquo;apprentissage \u00e0 l&rsquo;\u00e9tranger 2023\",\"item\":\"https:\\\/\\\/cbie.ca\\\/fr\\\/ae-sondage\\\/\"},{\"@type\":\"ListItem\",\"position\":3,\"name\":\"Groupe de travail\"}]},{\"@type\":\"WebSite\",\"@id\":\"https:\\\/\\\/cbie.ca\\\/#website\",\"url\":\"https:\\\/\\\/cbie.ca\\\/\",\"name\":\"Canadian Bureau for International Education\",\"description\":\"\",\"potentialAction\":[{\"@type\":\"SearchAction\",\"target\":{\"@type\":\"EntryPoint\",\"urlTemplate\":\"https:\\\/\\\/cbie.ca\\\/?s={search_term_string}\"},\"query-input\":{\"@type\":\"PropertyValueSpecification\",\"valueRequired\":true,\"valueName\":\"search_term_string\"}}],\"inLanguage\":\"fr-FR\"}]}<\/script>\n<!-- \/ Yoast SEO plugin. -->","yoast_head_json":{"title":"Groupe de travail - CBIE","robots":{"index":"index","follow":"follow","max-snippet":"max-snippet:-1","max-image-preview":"max-image-preview:large","max-video-preview":"max-video-preview:-1"},"canonical":"https:\/\/cbie.ca\/fr\/ae-sondage\/groupe-de-travail\/","og_locale":"fr_FR","og_type":"article","og_title":"Groupe de travail - CBIE","og_description":"[vc_row type=\u00a0\u00bbfull_width_section\u00a0\u00bb bg_image=\u00a0\u00bb78033&Prime; bg_color=\u00a0\u00bb#00334d\u00a0\u00bb text_color=\u00a0\u00bbcustom\u00a0\u00bb custom_text_color=\u00a0\u00bb#ffffff\u00a0\u00bb top_padding=\u00a0\u00bb300&Prime; bottom_padding=\u00a0\u00bb70&Prime; class=\u00a0\u00bbconference-style conference\u00a0\u00bb][vc_column column_padding=\u00a0\u00bbpadding-3&Prime; width=\u00a0\u00bb1\/1&Prime;][vc_column_text][\/vc_column_text][\/vc_column][\/vc_row][vc_row type=\u00a0\u00bbfull_width_section\u00a0\u00bb][vc_column column_padding=\u00a0\u00bbpadding-3&Prime; width=\u00a0\u00bb1\/1&Prime;][vc_column_text] Groupe de travail [\/vc_column_text][vc_column_text]Le BCEI tient \u00e0 souligner avec gratitude les efforts des membres du [&hellip;]","og_url":"https:\/\/cbie.ca\/fr\/ae-sondage\/groupe-de-travail\/","og_site_name":"CBIE","article_modified_time":"2023-02-16T21:16:43+00:00","og_image":[{"width":1600,"height":900,"url":"https:\/\/cbie.ca\/wp-content\/uploads\/2024\/01\/CBIE-Announcement-EN.png","type":"image\/png"}],"twitter_card":"summary_large_image","twitter_misc":{"Dur\u00e9e de lecture estim\u00e9e":"1 minute"},"schema":{"@context":"https:\/\/schema.org","@graph":[{"@type":"WebPage","@id":"https:\/\/cbie.ca\/fr\/ae-sondage\/groupe-de-travail\/","url":"https:\/\/cbie.ca\/fr\/ae-sondage\/groupe-de-travail\/","name":"Groupe de travail - CBIE","isPartOf":{"@id":"https:\/\/cbie.ca\/#website"},"datePublished":"2023-02-16T18:22:03+00:00","dateModified":"2023-02-16T21:16:43+00:00","breadcrumb":{"@id":"https:\/\/cbie.ca\/fr\/ae-sondage\/groupe-de-travail\/#breadcrumb"},"inLanguage":"fr-FR","potentialAction":[{"@type":"ReadAction","target":["https:\/\/cbie.ca\/fr\/ae-sondage\/groupe-de-travail\/"]}]},{"@type":"BreadcrumbList","@id":"https:\/\/cbie.ca\/fr\/ae-sondage\/groupe-de-travail\/#breadcrumb","itemListElement":[{"@type":"ListItem","position":1,"name":"Home","item":"https:\/\/cbie.ca\/fr\/"},{"@type":"ListItem","position":2,"name":"Sondage sur l&rsquo;apprentissage \u00e0 l&rsquo;\u00e9tranger 2023","item":"https:\/\/cbie.ca\/fr\/ae-sondage\/"},{"@type":"ListItem","position":3,"name":"Groupe de travail"}]},{"@type":"WebSite","@id":"https:\/\/cbie.ca\/#website","url":"https:\/\/cbie.ca\/","name":"Canadian Bureau for International Education","description":"","potentialAction":[{"@type":"SearchAction","target":{"@type":"EntryPoint","urlTemplate":"https:\/\/cbie.ca\/?s={search_term_string}"},"query-input":{"@type":"PropertyValueSpecification","valueRequired":true,"valueName":"search_term_string"}}],"inLanguage":"fr-FR"}]}},"_links":{"self":[{"href":"https:\/\/cbie.ca\/fr\/wp-json\/wp\/v2\/pages\/78813","targetHints":{"allow":["GET"]}}],"collection":[{"href":"https:\/\/cbie.ca\/fr\/wp-json\/wp\/v2\/pages"}],"about":[{"href":"https:\/\/cbie.ca\/fr\/wp-json\/wp\/v2\/types\/page"}],"author":[{"embeddable":true,"href":"https:\/\/cbie.ca\/fr\/wp-json\/wp\/v2\/users\/2"}],"replies":[{"embeddable":true,"href":"https:\/\/cbie.ca\/fr\/wp-json\/wp\/v2\/comments?post=78813"}],"version-history":[{"count":0,"href":"https:\/\/cbie.ca\/fr\/wp-json\/wp\/v2\/pages\/78813\/revisions"}],"up":[{"embeddable":true,"href":"https:\/\/cbie.ca\/fr\/wp-json\/wp\/v2\/pages\/76517"}],"wp:attachment":[{"href":"https:\/\/cbie.ca\/fr\/wp-json\/wp\/v2\/media?parent=78813"}],"curies":[{"name":"wp","href":"https:\/\/api.w.org\/{rel}","templated":true}]}}