{"id":76528,"date":"2022-12-06T11:08:12","date_gmt":"2022-12-06T16:08:12","guid":{"rendered":"https:\/\/cbieca.wpenginepowered.com\/?page_id=76528"},"modified":"2023-02-08T11:31:43","modified_gmt":"2023-02-08T16:31:43","slug":"ae-sondage-institutions","status":"publish","type":"page","link":"https:\/\/cbie.ca\/fr\/ae-sondage\/ae-sondage-institutions\/","title":{"rendered":"Sondage aupr\u00e8s des institutions"},"content":{"rendered":"<div class=\"wpb-content-wrapper\"><p>[vc_row type=\u00a0\u00bbfull_width_section\u00a0\u00bb bg_image=\u00a0\u00bb78034&Prime; bg_color=\u00a0\u00bb#00334d\u00a0\u00bb text_color=\u00a0\u00bbcustom\u00a0\u00bb custom_text_color=\u00a0\u00bb#ffffff\u00a0\u00bb top_padding=\u00a0\u00bb300&Prime; bottom_padding=\u00a0\u00bb70&Prime; class=\u00a0\u00bbconference-style conference\u00a0\u00bb][vc_column column_padding=\u00a0\u00bbpadding-3&Prime; width=\u00a0\u00bb1\/1&Prime;][vc_column_text]<a href=\"https:\/\/cbie.ca\/fr\/ae-sondage\/\" target=\"_self\" class=\"button color-7 medium\" style=\"border-radius: 0px;\">Aper\u00e7u<\/a>\n            <a href=\"https:\/\/cbie.ca\/fr\/ae-sondage\/ae-deroulement\/\" target=\"_self\" class=\"button color-7 medium \" style=\"border-radius: 0px;\">D\u00e9roulement<\/a>\n            <a href=\"https:\/\/cbie.ca\/fr\/ae-sondage\/ae-sondage-etudiants-diplomes\/\" target=\"_self\" class=\"button color-7 medium \" style=\"border-radius: 0px;\">Cadre de r\u00e9f\u00e9rence<\/a>\n            <a href=\"https:\/\/cbie.ca\/fr\/ae-sondage\/groupe-de-travail\/\" target=\"_self\" class=\"button color-7 medium \" style=\"border-radius: 0px;\">Groupe de travail<\/a>[\/vc_column_text][\/vc_column][\/vc_row][vc_row type=\u00a0\u00bbfull_width_section\u00a0\u00bb bg_color=\u00a0\u00bb#00263e\u00a0\u00bb text_color=\u00a0\u00bblight\u00a0\u00bb][vc_column column_padding=\u00a0\u00bbpadding-3&Prime; width=\u00a0\u00bb1\/1&Prime;][vc_column_text]<\/p>\n<h2><strong>Sondage aupr\u00e8s des institutions<\/strong><\/h2>\n<p>[\/vc_column_text]<div class=\"spacer\" style=\"height: 25px;\"><\/div>[vc_column_text]Devenez un \u00e9tablissement participant \u00e0 l&rsquo;it\u00e9ration 2023 du sondage du BCEI ! Remplissez d&rsquo;abord l&rsquo;entente de participation. Une fois que les d\u00e9tails de votre institution auront \u00e9t\u00e9 soumis, vous recevrez le guide du sondage pour les \u00e9tablissements participants. Ce guide comprend tous les d\u00e9tails concernant le sondage, y compris le questionnaire et les informations n\u00e9cessaires pour soumettre une demande de r\u00e9vision d\u00e9ontologique et\/ou d&rsquo;approbation \u00e0 l&rsquo;interne. <strong>La date limite pour soumettre l&rsquo;entente de participation au sondage est le 31 mars 2023.<\/strong>[\/vc_column_text][\/vc_column][\/vc_row][vc_row type=\u00a0\u00bbfull_width_section\u00a0\u00bb bg_color=\u00a0\u00bb#ffffff\u00a0\u00bb][vc_column bg_color=\u00a0\u00bb#ffffff\u00a0\u00bb column_padding=\u00a0\u00bbpadding-3&Prime; width=\u00a0\u00bb1\/2&Prime;][vc_column_text]<\/p>\n<h4><strong>2023 Instructions &#8211; Collecte des donn\u00e9es pour le sondage aupr\u00e8s des institutions<\/strong><\/h4>\n<p>Text[\/vc_column_text]<div class=\"spacer\" style=\"height: 50px;\"><\/div>[vc_column_text]Si vous avez des questions concernant le sondage, veuillez communiquer avec nous par courriel <a href=\"mailto:apprentissage@cbie.ca\">apprentissage@cbie.ca<\/a>.[\/vc_column_text]<div class=\"spacer\" style=\"height: 50px;\"><\/div><a href=\"https:\/\/surveys.cbie.ca\/s3\/2023-Learning-Abroad-Institutional-Survey\" target=\"_blank\" class=\"button color-3 large participation-btn\" style=\"border-radius: 2px;\">Compl\u00e9ter le sondage d\u2019apprentissage \u00e0 l\u2019\u00e9tranger aupr\u00e8s des institutions<\/a>[\/vc_column][vc_column bg_color=\u00a0\u00bb#f1f1f1&Prime; column_padding=\u00a0\u00bbpadding-3&Prime; width=\u00a0\u00bb1\/2&Prime;][vc_column_text]<\/p>\n<h4><strong>D\u00e9finition de l&rsquo;apprentissage \u00e0 l&rsquo;\u00e9tranger<\/strong><\/h4>\n<p>Text[\/vc_column_text]<div class=\"spacer\" style=\"height: 25px;\"><\/div>[vc_column_text]<\/p>\n<h4><strong>Types d&rsquo;activit\u00e9s d&rsquo;apprentissage \u00e0 l&rsquo;\u00e9tranger<\/strong><\/h4>\n<p>Text[\/vc_column_text][\/vc_column][\/vc_row]<\/p>\n<\/div>","protected":false},"excerpt":{"rendered":"<p>[vc_row type=\u00a0\u00bbfull_width_section\u00a0\u00bb bg_image=\u00a0\u00bb78034&Prime; bg_color=\u00a0\u00bb#00334d\u00a0\u00bb text_color=\u00a0\u00bbcustom\u00a0\u00bb custom_text_color=\u00a0\u00bb#ffffff\u00a0\u00bb top_padding=\u00a0\u00bb300&Prime; bottom_padding=\u00a0\u00bb70&Prime; class=\u00a0\u00bbconference-style conference\u00a0\u00bb][vc_column column_padding=\u00a0\u00bbpadding-3&Prime; width=\u00a0\u00bb1\/1&Prime;][vc_column_text][\/vc_column_text][\/vc_column][\/vc_row][vc_row type=\u00a0\u00bbfull_width_section\u00a0\u00bb bg_color=\u00a0\u00bb#00263e\u00a0\u00bb text_color=\u00a0\u00bblight\u00a0\u00bb][vc_column column_padding=\u00a0\u00bbpadding-3&Prime; width=\u00a0\u00bb1\/1&Prime;][vc_column_text] Sondage aupr\u00e8s des institutions [\/vc_column_text][vc_column_text]Devenez un \u00e9tablissement participant \u00e0 l&rsquo;it\u00e9ration 2023 du sondage [&hellip;]<\/p>\n","protected":false},"author":2,"featured_media":0,"parent":76517,"menu_order":100,"comment_status":"closed","ping_status":"closed","template":"","meta":{"_acf_changed":false,"footnotes":""},"class_list":["post-76528","page","type-page","status-publish","hentry"],"acf":[],"yoast_head":"<!-- This site is optimized with the Yoast SEO plugin v26.8 - https:\/\/yoast.com\/product\/yoast-seo-wordpress\/ -->\n<title>Sondage aupr\u00e8s des institutions - CBIE<\/title>\n<meta name=\"robots\" content=\"index, follow, max-snippet:-1, max-image-preview:large, max-video-preview:-1\" \/>\n<link rel=\"canonical\" href=\"https:\/\/cbie.ca\/la-survey-overview\/la-institutional-survey\/\" \/>\n<meta property=\"og:locale\" content=\"fr_FR\" \/>\n<meta property=\"og:type\" content=\"article\" \/>\n<meta property=\"og:title\" content=\"Sondage aupr\u00e8s des institutions - CBIE\" \/>\n<meta property=\"og:description\" content=\"[vc_row type=\u00a0\u00bbfull_width_section\u00a0\u00bb bg_image=\u00a0\u00bb78034&Prime; bg_color=\u00a0\u00bb#00334d\u00a0\u00bb text_color=\u00a0\u00bbcustom\u00a0\u00bb custom_text_color=\u00a0\u00bb#ffffff\u00a0\u00bb top_padding=\u00a0\u00bb300&Prime; bottom_padding=\u00a0\u00bb70&Prime; class=\u00a0\u00bbconference-style conference\u00a0\u00bb][vc_column column_padding=\u00a0\u00bbpadding-3&Prime; width=\u00a0\u00bb1\/1&Prime;][vc_column_text][\/vc_column_text][\/vc_column][\/vc_row][vc_row type=\u00a0\u00bbfull_width_section\u00a0\u00bb bg_color=\u00a0\u00bb#00263e\u00a0\u00bb text_color=\u00a0\u00bblight\u00a0\u00bb][vc_column column_padding=\u00a0\u00bbpadding-3&Prime; width=\u00a0\u00bb1\/1&Prime;][vc_column_text] Sondage aupr\u00e8s des institutions [\/vc_column_text][vc_column_text]Devenez un \u00e9tablissement participant \u00e0 l&rsquo;it\u00e9ration 2023 du sondage [&hellip;]\" \/>\n<meta property=\"og:url\" content=\"https:\/\/cbie.ca\/la-survey-overview\/la-institutional-survey\/\" \/>\n<meta property=\"og:site_name\" content=\"CBIE\" \/>\n<meta property=\"article:modified_time\" content=\"2023-02-08T16:31:43+00:00\" \/>\n<meta property=\"og:image\" content=\"https:\/\/cbie.ca\/wp-content\/uploads\/2024\/01\/CBIE-Announcement-EN.png\" \/>\n\t<meta property=\"og:image:width\" content=\"1600\" \/>\n\t<meta property=\"og:image:height\" content=\"900\" \/>\n\t<meta property=\"og:image:type\" content=\"image\/png\" \/>\n<meta name=\"twitter:card\" content=\"summary_large_image\" \/>\n<meta name=\"twitter:label1\" content=\"Dur\u00e9e de lecture estim\u00e9e\" \/>\n\t<meta name=\"twitter:data1\" content=\"1 minute\" \/>\n<script type=\"application\/ld+json\" class=\"yoast-schema-graph\">{\"@context\":\"https:\/\/schema.org\",\"@graph\":[{\"@type\":\"WebPage\",\"@id\":\"https:\/\/cbie.ca\/la-survey-overview\/la-institutional-survey\/\",\"url\":\"https:\/\/cbie.ca\/la-survey-overview\/la-institutional-survey\/\",\"name\":\"Sondage aupr\u00e8s des institutions - CBIE\",\"isPartOf\":{\"@id\":\"https:\/\/cbie.ca\/#website\"},\"datePublished\":\"2022-12-06T16:08:12+00:00\",\"dateModified\":\"2023-02-08T16:31:43+00:00\",\"breadcrumb\":{\"@id\":\"https:\/\/cbie.ca\/la-survey-overview\/la-institutional-survey\/#breadcrumb\"},\"inLanguage\":\"fr-FR\",\"potentialAction\":[{\"@type\":\"ReadAction\",\"target\":[\"https:\/\/cbie.ca\/la-survey-overview\/la-institutional-survey\/\"]}]},{\"@type\":\"BreadcrumbList\",\"@id\":\"https:\/\/cbie.ca\/la-survey-overview\/la-institutional-survey\/#breadcrumb\",\"itemListElement\":[{\"@type\":\"ListItem\",\"position\":1,\"name\":\"Home\",\"item\":\"https:\/\/cbie.ca\/fr\/\"},{\"@type\":\"ListItem\",\"position\":2,\"name\":\"Sondage sur l&rsquo;apprentissage \u00e0 l&rsquo;\u00e9tranger 2023\",\"item\":\"https:\/\/cbie.ca\/fr\/ae-sondage\/\"},{\"@type\":\"ListItem\",\"position\":3,\"name\":\"Sondage aupr\u00e8s des institutions\"}]},{\"@type\":\"WebSite\",\"@id\":\"https:\/\/cbie.ca\/#website\",\"url\":\"https:\/\/cbie.ca\/\",\"name\":\"Canadian Bureau for International Education\",\"description\":\"\",\"potentialAction\":[{\"@type\":\"SearchAction\",\"target\":{\"@type\":\"EntryPoint\",\"urlTemplate\":\"https:\/\/cbie.ca\/?s={search_term_string}\"},\"query-input\":{\"@type\":\"PropertyValueSpecification\",\"valueRequired\":true,\"valueName\":\"search_term_string\"}}],\"inLanguage\":\"fr-FR\"}]}<\/script>\n<!-- \/ Yoast SEO plugin. -->","yoast_head_json":{"title":"Sondage aupr\u00e8s des institutions - CBIE","robots":{"index":"index","follow":"follow","max-snippet":"max-snippet:-1","max-image-preview":"max-image-preview:large","max-video-preview":"max-video-preview:-1"},"canonical":"https:\/\/cbie.ca\/la-survey-overview\/la-institutional-survey\/","og_locale":"fr_FR","og_type":"article","og_title":"Sondage aupr\u00e8s des institutions - CBIE","og_description":"[vc_row type=\u00a0\u00bbfull_width_section\u00a0\u00bb bg_image=\u00a0\u00bb78034&Prime; bg_color=\u00a0\u00bb#00334d\u00a0\u00bb text_color=\u00a0\u00bbcustom\u00a0\u00bb custom_text_color=\u00a0\u00bb#ffffff\u00a0\u00bb top_padding=\u00a0\u00bb300&Prime; bottom_padding=\u00a0\u00bb70&Prime; class=\u00a0\u00bbconference-style conference\u00a0\u00bb][vc_column column_padding=\u00a0\u00bbpadding-3&Prime; width=\u00a0\u00bb1\/1&Prime;][vc_column_text][\/vc_column_text][\/vc_column][\/vc_row][vc_row type=\u00a0\u00bbfull_width_section\u00a0\u00bb bg_color=\u00a0\u00bb#00263e\u00a0\u00bb text_color=\u00a0\u00bblight\u00a0\u00bb][vc_column column_padding=\u00a0\u00bbpadding-3&Prime; width=\u00a0\u00bb1\/1&Prime;][vc_column_text] Sondage aupr\u00e8s des institutions [\/vc_column_text][vc_column_text]Devenez un \u00e9tablissement participant \u00e0 l&rsquo;it\u00e9ration 2023 du sondage [&hellip;]","og_url":"https:\/\/cbie.ca\/la-survey-overview\/la-institutional-survey\/","og_site_name":"CBIE","article_modified_time":"2023-02-08T16:31:43+00:00","og_image":[{"width":1600,"height":900,"url":"https:\/\/cbie.ca\/wp-content\/uploads\/2024\/01\/CBIE-Announcement-EN.png","type":"image\/png"}],"twitter_card":"summary_large_image","twitter_misc":{"Dur\u00e9e de lecture estim\u00e9e":"1 minute"},"schema":{"@context":"https:\/\/schema.org","@graph":[{"@type":"WebPage","@id":"https:\/\/cbie.ca\/la-survey-overview\/la-institutional-survey\/","url":"https:\/\/cbie.ca\/la-survey-overview\/la-institutional-survey\/","name":"Sondage aupr\u00e8s des institutions - CBIE","isPartOf":{"@id":"https:\/\/cbie.ca\/#website"},"datePublished":"2022-12-06T16:08:12+00:00","dateModified":"2023-02-08T16:31:43+00:00","breadcrumb":{"@id":"https:\/\/cbie.ca\/la-survey-overview\/la-institutional-survey\/#breadcrumb"},"inLanguage":"fr-FR","potentialAction":[{"@type":"ReadAction","target":["https:\/\/cbie.ca\/la-survey-overview\/la-institutional-survey\/"]}]},{"@type":"BreadcrumbList","@id":"https:\/\/cbie.ca\/la-survey-overview\/la-institutional-survey\/#breadcrumb","itemListElement":[{"@type":"ListItem","position":1,"name":"Home","item":"https:\/\/cbie.ca\/fr\/"},{"@type":"ListItem","position":2,"name":"Sondage sur l&rsquo;apprentissage \u00e0 l&rsquo;\u00e9tranger 2023","item":"https:\/\/cbie.ca\/fr\/ae-sondage\/"},{"@type":"ListItem","position":3,"name":"Sondage aupr\u00e8s des institutions"}]},{"@type":"WebSite","@id":"https:\/\/cbie.ca\/#website","url":"https:\/\/cbie.ca\/","name":"Canadian Bureau for International Education","description":"","potentialAction":[{"@type":"SearchAction","target":{"@type":"EntryPoint","urlTemplate":"https:\/\/cbie.ca\/?s={search_term_string}"},"query-input":{"@type":"PropertyValueSpecification","valueRequired":true,"valueName":"search_term_string"}}],"inLanguage":"fr-FR"}]}},"_links":{"self":[{"href":"https:\/\/cbie.ca\/fr\/wp-json\/wp\/v2\/pages\/76528","targetHints":{"allow":["GET"]}}],"collection":[{"href":"https:\/\/cbie.ca\/fr\/wp-json\/wp\/v2\/pages"}],"about":[{"href":"https:\/\/cbie.ca\/fr\/wp-json\/wp\/v2\/types\/page"}],"author":[{"embeddable":true,"href":"https:\/\/cbie.ca\/fr\/wp-json\/wp\/v2\/users\/2"}],"replies":[{"embeddable":true,"href":"https:\/\/cbie.ca\/fr\/wp-json\/wp\/v2\/comments?post=76528"}],"version-history":[{"count":0,"href":"https:\/\/cbie.ca\/fr\/wp-json\/wp\/v2\/pages\/76528\/revisions"}],"up":[{"embeddable":true,"href":"https:\/\/cbie.ca\/fr\/wp-json\/wp\/v2\/pages\/76517"}],"wp:attachment":[{"href":"https:\/\/cbie.ca\/fr\/wp-json\/wp\/v2\/media?parent=76528"}],"curies":[{"name":"wp","href":"https:\/\/api.w.org\/{rel}","templated":true}]}}