{"id":76524,"date":"2022-12-06T11:08:07","date_gmt":"2022-12-06T16:08:07","guid":{"rendered":"https:\/\/cbieca.wpenginepowered.com\/?page_id=76524"},"modified":"2023-05-26T16:07:44","modified_gmt":"2023-05-26T20:07:44","slug":"ae-sondage-etudiants-diplomes","status":"publish","type":"page","link":"https:\/\/cbie.ca\/fr\/ae-sondage\/ae-sondage-etudiants-diplomes\/","title":{"rendered":"Sondage aupr\u00e8s des \u00e9tudiant.e.s et des dipl\u00f4m\u00e9.e.s"},"content":{"rendered":"<div class=\"wpb-content-wrapper\"><p>[vc_row type=\u00a0\u00bbfull_width_section\u00a0\u00bb bg_image=\u00a0\u00bb78034&Prime; bg_color=\u00a0\u00bb#00334d\u00a0\u00bb text_color=\u00a0\u00bbcustom\u00a0\u00bb custom_text_color=\u00a0\u00bb#ffffff\u00a0\u00bb top_padding=\u00a0\u00bb300&Prime; bottom_padding=\u00a0\u00bb70&Prime; class=\u00a0\u00bbconference-style conference\u00a0\u00bb][vc_column column_padding=\u00a0\u00bbpadding-3&Prime; width=\u00a0\u00bb1\/1&Prime;][vc_column_text]<a href=\"https:\/\/cbie.ca\/fr\/ae-sondage\/\" target=\"_self\" class=\"button color-7 medium\" style=\"border-radius: 0px;\">Aper\u00e7u<\/a>\n            <a href=\"https:\/\/cbie.ca\/fr\/ae-sondage\/ae-deroulement\/\" target=\"_self\" class=\"button color-7 medium \" style=\"border-radius: 0px;\">D\u00e9roulement<\/a>\n            <a href=\"https:\/\/cbie.ca\/fr\/ae-sondage\/ae-sondage-etudiants-diplomes\/\" target=\"_self\" class=\"button color-3 medium \" style=\"border-radius: 0px;\">Cadre de r\u00e9f\u00e9rence<\/a>\n            <a href=\"https:\/\/cbie.ca\/fr\/ae-sondage\/groupe-de-travail\/\" target=\"_self\" class=\"button color-7 medium \" style=\"border-radius: 0px;\">Groupe de travail<\/a>[\/vc_column_text][\/vc_column][\/vc_row][vc_row type=\u00a0\u00bbfull_width_section\u00a0\u00bb bg_color=\u00a0\u00bb#00263e\u00a0\u00bb text_color=\u00a0\u00bblight\u00a0\u00bb][vc_column column_padding=\u00a0\u00bbpadding-3&Prime; width=\u00a0\u00bb1\/1&Prime;][vc_column_text]<\/p>\n<h2><strong>Sondage aupr\u00e8s des \u00e9tudiant.e.s et des dipl\u00f4m\u00e9.e.s<\/strong><\/h2>\n<p>[\/vc_column_text]<div class=\"spacer\" style=\"height: 25px;\"><\/div>[vc_column_text]Le sondage aupr\u00e8s des institutions est requis de chaque \u00e9tablissement qui s&rsquo;engage \u00e0 distribuer le sondage \u00e0 leurs \u00e9tudiant.e.s et dipl\u00f4m\u00e9.e.s respectifs.<\/p>\n<p>Le BCEI demandera les coordonn\u00e9es du principal collaborateur de votre \u00e9tablissement, qui sera charg\u00e9 de communiquer avec le BCEI.\u00a0 Cette personne devra s\u2019assurer que le processus de r\u00e9vision interne appropri\u00e9 est suivi dans son \u00e9tablissement, afin que le sondage puisse \u00eatre livr\u00e9 \u00e0 sa population \u00e9tudiante. Par souci de transparence, cet accord stipule aussi clairement l\u2019utilisation pr\u00e9vue des donn\u00e9es, ainsi que la participation de l\u2019\u00e9tablissement pour assurer le plein consentement et la diligence raisonnable. Cette section fournit des informations d\u00e9taill\u00e9es sur la m\u00e9thodologie du sondage, y compris la r\u00e9vision d\u00e9ontologique, l\u2019\u00e9chantillonnage, la distribution de courriels et le suivi des r\u00e9ponses, les prix et le calendrier.[\/vc_column_text][\/vc_column][\/vc_row][vc_row type=\u00a0\u00bbfull_width_section\u00a0\u00bb][vc_column column_padding=\u00a0\u00bbpadding-3&Prime; width=\u00a0\u00bb1\/2&Prime;][vc_column_text]<\/p>\n<h3>Responsabilit\u00e9s du BCEI<\/h3>\n<p>[\/vc_column_text]<div class=\"newdivider align-left\" style=\"border-bottom-style: solid; border-color: #ffc72c; border-bottom-width: 2px; margin-top: 30px; margin-bottom: 30px; width: 130px; \"><\/div><div class=\"clear\"><\/div>[vc_column_text]<\/p>\n<ul>\n<li>Fournit le guide du sondage aux \u00e9tablissements participants qui comprend des informations d\u00e9taill\u00e9es sur la m\u00e9thodologie et la r\u00e9alisation du sondage.<\/li>\n<li>G\u00e8re l\u2019enqu\u00eate et con\u00e7oit le questionnaire avec la contribution suppl\u00e9mentaire des \u00e9tablissements membres.<\/li>\n<li>Fournit aux \u00e9tablissements participants une trousse pour les m\u00e9dias sociaux, qui comprend des communications cibl\u00e9es visant \u00e0 encourager les \u00e9tudiants internationaux \u00e0 participer au sondage.<\/li>\n<li>Aide les \u00e9tablissements dans leur processus d\u2019examen interne, ce qui peut impliquer une r\u00e9vision d\u00e9ontologique ou autre diligence raisonnable interne pertinente.<\/li>\n<li>R\u00e9pond aux questions des \u00e9tudiants concernant le sondage.<\/li>\n<li>Recueille, traite et analyse les r\u00e9ponses du sondage.<\/li>\n<li>Diffuse \u00e0 tous les \u00e9tablissements participants les ensembles de donn\u00e9es et les rapports propres \u00e0 chaque \u00e9tablissement.<\/li>\n<li>Publie le rapport national du sondage, en reconnaissant les \u00e9tablissements participants comme contributeurs, au service du secteur canadien de l\u2019\u00e9ducation internationale.<\/li>\n<\/ul>\n<p>[\/vc_column_text][\/vc_column][vc_column column_padding=\u00a0\u00bbpadding-3&Prime; width=\u00a0\u00bb1\/2&Prime;][vc_column_text]<\/p>\n<h3>Responsabilit\u00e9s des \u00e9tablissements<\/h3>\n<p>[\/vc_column_text]<div class=\"newdivider align-left\" style=\"border-bottom-style: solid; border-color: #ffc72c; border-bottom-width: 2px; margin-top: 30px; margin-bottom: 30px; width: 130px; \"><\/div><div class=\"clear\"><\/div>[vc_column_text]<\/p>\n<ul>\n<li>Compl\u00e8te et transmet l\u2019entente de participation au sondage.<\/li>\n<li>Lit le guide du sondage pour les \u00e9tablissements participants, envoy\u00e9 une fois que l\u2019entente de participation a \u00e9t\u00e9 soumise.<\/li>\n<li>M\u00e8ne un examen interne du sondage par le biais d\u2019une r\u00e9vision d\u00e9ontologique ou d\u2019une autre diligence raisonnable interne pertinente, tel que requis par l\u2019\u00e9tablissement.<\/li>\n<li>Lance le sondage en ligne avec le lien personnalis\u00e9 fourni par le BCEI.<\/li>\n<li>Fait la promotion du sondage par le biais de courriels et de m\u00e9dias sociaux aupr\u00e8s des \u00e9tudiant.e.s.<\/li>\n<\/ul>\n<p>[\/vc_column_text][\/vc_column][\/vc_row][vc_row type=\u00a0\u00bbfull_width_section\u00a0\u00bb bg_color=\u00a0\u00bb#f1f1f1&Prime; class=\u00a0\u00bbdisplaynone\u00a0\u00bb][vc_column column_padding=\u00a0\u00bbpadding-3&Prime; column_center=\u00a0\u00bbtrue\u00a0\u00bb width=\u00a0\u00bb1\/2&Prime;][vc_column_text]<\/p>\n<h3>R\u00e9vision d\u00e9ontologique<\/h3>\n<p>[\/vc_column_text]<div class=\"newdivider align-left\" style=\"border-bottom-style: solid; border-color: #ffc72c; border-bottom-width: 2px; margin-top: 30px; margin-bottom: 30px; width: 130px; \"><\/div><div class=\"clear\"><\/div>[vc_column_text]<\/p>\n<h5>BCEI<\/h5>\n<p>Le BCEI a soumis une demande au <a href=\"http:\/\/www.communityresearchethics.com\/\"><em>Community Research Ethics Office (CREO)<\/em><\/a>, un Comit\u00e9 d&rsquo;\u00e9thique de la recherche (C\u00c9R) qui dessert les organismes canadiens sans but lucratif, les gouvernements, les consultants ind\u00e9pendants, les organismes communautaires, les chercheurs communautaires et d&rsquo;autres qui veulent maximiser la conduite \u00e9thique de leur recherche. Le travail du <em>CREO<\/em> s&rsquo;aligne sur <a href=\"https:\/\/ethics.gc.ca\/eng\/policy-politique_tcps2-eptc2_2018.html\">l\u2019\u00c9nonc\u00e9 de politique des trois Conseils\u00a0: \u00c9thique de la recherche avec des \u00eatres humains (EPTC 2, 2018).<\/a> Une fois que la d\u00e9claration d&rsquo;approbation \u00e9thique du BCEI aura \u00e9t\u00e9 obtenue du <em>CREO<\/em> pour le Sondage des \u00e9tudiants internationaux, elle sera diffus\u00e9e aux \u00e9tablissements participants afin d&rsquo;\u00eatre utilis\u00e9e comme information suppl\u00e9mentaire pour les processus internes de r\u00e9vision d\u00e9ontologique.<\/p>\n<h5>\u00c9tablissements participants<\/h5>\n<p>De nombreux \u00e9tablissements disposent de comit\u00e9s d&rsquo;\u00e9thique de la recherche (CER) qui \u00e9valuent les recherches impliquant des sujets humains. Les C\u00c9R veillent au respect des normes \u00e9thiques et prot\u00e8gent la dignit\u00e9, les droits et le bien-\u00eatre des participants \u00e0 la recherche. Consultez la proc\u00e9dure d&rsquo;approbation \u00e9thique de votre \u00e9tablissement. Si une \u00e9valuation d\u00e9ontologique interne est n\u00e9cessaire pour achever ce projet dans votre \u00e9tablissement, en plus de l&rsquo;approbation d\u00e9ontologique du BCEI obtenue aupr\u00e8s du CREO, nous vous recommandons vivement d&rsquo;entamer ce processus d\u00e8s que possible.<\/p>\n<p>Le BCEI offre de l&rsquo;aide aux \u00e9tablissements pour r\u00e9pondre \u00e0 leurs exigences en mati\u00e8re d&rsquo;\u00e9thique. Les informations pour remplir votre demande ainsi que toutes la documentation \u00e0 l&rsquo;appui sont disponibles \u00e0 partir du bouton de navigation \u00a0\u00bb Pi\u00e8ces justificatives\u00a0\u00bb ci-dessus. Veuillez noter que le mot de passe pour acc\u00e9der \u00e0 ces informations sera fourni par le BCEI une fois que l&rsquo;accord de participation aura \u00e9t\u00e9 soumis.[\/vc_column_text][\/vc_column][vc_column el_class=\u00a0\u00bbpicColumn\u00a0\u00bb bg_image=\u00a0\u00bb41479&Prime; width=\u00a0\u00bb1\/2&Prime;][\/vc_column][\/vc_row][vc_row type=\u00a0\u00bbfull_width_section\u00a0\u00bb class=\u00a0\u00bbdisplaynone\u00a0\u00bb][vc_column el_class=\u00a0\u00bbpicColumn students\u00a0\u00bb bg_image=\u00a0\u00bb73578&Prime; width=\u00a0\u00bb1\/2&Prime;][\/vc_column][vc_column bg_color=\u00a0\u00bb#ffffff\u00a0\u00bb column_padding=\u00a0\u00bbpadding-3&Prime; column_center=\u00a0\u00bbtrue\u00a0\u00bb width=\u00a0\u00bb1\/2&Prime;][vc_column_text]<\/p>\n<h3>Contacts avec les \u00e9tudiants<\/h3>\n<p>[\/vc_column_text]<div class=\"newdivider align-left\" style=\"border-bottom-style: solid; border-color: #ffc72c; border-bottom-width: 2px; margin-top: 30px; margin-bottom: 30px; width: 130px; \"><\/div><div class=\"clear\"><\/div>[vc_column_text]Le BCEI donne aux \u00e9tablissements un lien g\u00e9n\u00e9ral pointant vers le sondage. \u00a0Les \u00e9tablissements participants devront assurer la promotion du sondage aupr\u00e8s de leurs \u00e9tudiant.e.s et leurs dipl\u00f4m\u00e9.e.s. Des mod\u00e8les de courriels et de messages pour les m\u00e9dias sociaux ainsi qu&rsquo;un calendrier sugg\u00e9r\u00e9 pour les communications sera fourni.<\/p>\n<p>Les \u00e9tablissements peuvent utiliser la version de l\u2019invitation au sondage qu\u2019ils pr\u00e9f\u00e8rent envoyer aux \u00e9tudiant.e.s (le BCEI fournira des exemples). Le contenu du courriel devrait appara\u00eetre exactement comme votre \u00e9tablissement le souhaite, avec les logos et les signatures \u00e9lectroniques. Ces caract\u00e9ristiques peuvent aider les \u00e9tudiant.e.s \u00e0 comprendre que le sondage est authentique. Toutefois, les logiciels de messagerie de certains \u00e9tudiants peuvent ne pas afficher ad\u00e9quatement les graphiques imbriqu\u00e9s et la mise en forme de format riche ou HTML. <span style=\"font-weight: 400;\">Les \u00e9tablissements sont charg\u00e9s de veiller \u00e0 ce que les courriels soient mis en page de fa\u00e7on \u00e0 passer les filtres antipourriel de l\u2019\u00e9tablissement.<\/span>[\/vc_column_text][\/vc_column][\/vc_row][vc_row type=\u00a0\u00bbfull_width_section\u00a0\u00bb bg_color=\u00a0\u00bb#f1f1f1&Prime; class=\u00a0\u00bbdisplaynone\u00a0\u00bb][vc_column column_padding=\u00a0\u00bbpadding-3&Prime; column_center=\u00a0\u00bbtrue\u00a0\u00bb width=\u00a0\u00bb1\/2&Prime;][vc_column_text]<\/p>\n<h3>Prix<\/h3>\n<p>[\/vc_column_text]<div class=\"newdivider align-left\" style=\"border-bottom-style: solid; border-color: #ffc72c; border-bottom-width: 2px; margin-top: 30px; margin-bottom: 30px; width: 130px; \"><\/div><div class=\"clear\"><\/div>[vc_column_text]Pour encourager la participation au sondage, le BCEI offre trois prix de 1 000 $. Les gagnant.e.s seront choisis au hasard parmi les \u00e9tudiant.e.s qui auront r\u00e9pondu au sondage. Pour \u00eatre admissibles, les \u00e9tudiant.e.s doivent remplir le sondage, accepter de participer au tirage et autoriser le BCEI \u00e0 les contacter s&rsquo;ils sont parmi les gagnant.e.s. Le BCEI communiquera directement avec les gagnant.e.s pour leur remettre les prix. Les gagnant.e.s seront avis\u00e9s par courriel. Si les gagnant.e.s acceptent de partager la nouvelle avec leur \u00e9tablissement, nous le ferons par l&rsquo;interm\u00e9diaire de notre contact \u00e0 votre \u00e9tablissement.<\/p>\n<p>Les \u00e9tablissements peuvent encourager davantage la participation au sondage aupr\u00e8s de leur population \u00e9tudiante respective en offrant des prix suppl\u00e9mentaires. \u00a0Dans ce cas, les \u00e9tablissements devront informer leurs \u00e9tudiant.e.s en cons\u00e9quence, s\u00e9lectionner les gagnant.e.s et coordonner la logistique des prix. Chaque \u00e9tudiant.e ayant r\u00e9pondu au sondage recevra un courriel de confirmation qui pourra \u00eatre utilis\u00e9 comme preuve de participation (ex.les \u00e9tudiants pourront le transf\u00e9rer \u00e0 une bo\u00eete de r\u00e9ception sp\u00e9cifique au sein de l&rsquo;\u00e9tablissement).[\/vc_column_text][\/vc_column][vc_column el_class=\u00a0\u00bbpicColumn\u00a0\u00bb bg_image=\u00a0\u00bb73568&Prime; width=\u00a0\u00bb1\/2&Prime;][\/vc_column][\/vc_row][vc_row type=\u00a0\u00bbfull_width_section\u00a0\u00bb bg_color=\u00a0\u00bb#f1f1f1&Prime; class=\u00a0\u00bbdisplaynone\u00a0\u00bb][vc_column el_class=\u00a0\u00bbpicColumn\u00a0\u00bb bg_image=\u00a0\u00bb79838&Prime; column_center=\u00a0\u00bbtrue\u00a0\u00bb width=\u00a0\u00bb1\/2&Prime;][\/vc_column][vc_column bg_color=\u00a0\u00bb#ffffff\u00a0\u00bb column_padding=\u00a0\u00bbpadding-3&Prime; width=\u00a0\u00bb1\/2&Prime;][vc_column_text]<\/p>\n<h3>Consentement \u00e9clair\u00e9 &#8211; Participation au sondage et gagnants du tirage<\/h3>\n<p>[\/vc_column_text]<div class=\"newdivider align-left\" style=\"border-bottom-style: solid; border-color: #ffc72c; border-bottom-width: 2px; margin-top: 30px; margin-bottom: 30px; width: 130px; \"><\/div><div class=\"clear\"><\/div>[vc_column_text]Les participants acceptent de r\u00e9pondre au sondage afin de fournir des donn\u00e9es anonymes pour soutenir cette initiative de recherche nationale. Le BCEI conservera les donn\u00e9es pendant 25 ans et les utilisera pour des \u00e9tudes longitudinales.<\/p>\n<p>Les participants peuvent se retirer du sondage \u00e0 tout moment en fermant leur navigateur. Les questionnaires incomplets ne seront pas inclus dans l&rsquo;ensemble de donn\u00e9es anonymes. Les participants peuvent demander que leurs donn\u00e9es soient supprim\u00e9es avant le 16 juin 2023 en envoyant leur demande \u00e0 <a href=\"mailto:research-recherche@cbie.ca\" target=\"_blank\" rel=\"noopener\">research-recherche@cbie.ca<\/a>.<\/p>\n<p>\u00c0 la fin du questionnaire, les participants devront indiquer s&rsquo;ils souhaitent participer au tirage pour avoir une chance de gagner 1 000 dollars. Si les participants choisissent de participer, il leur sera demand\u00e9 de v\u00e9rifier r\u00e9guli\u00e8rement leur bo\u00eete de r\u00e9ception (et leurs spams\/courriers ind\u00e9sirables) au cours du mois de juin 2023 afin de v\u00e9rifier si un courriel provenant de <a href=\"mailto:research-recherche@cbie.ca\" target=\"_blank\" rel=\"noopener\">research-recherche@cbie.ca<\/a> leur a \u00e9t\u00e9 envoy\u00e9. Les trois gagnants doivent r\u00e9clamer leur prix dans les 14 jours suivant l&rsquo;envoi de la notification par courriel et valider leur identit\u00e9. Les noms ne seront pas associ\u00e9s aux donn\u00e9es fournies dans le questionnaire. Les informations relatives au d\u00e9p\u00f4t direct seront n\u00e9cessaires pour transf\u00e9rer le prix de 1 000 dollars.<\/p>\n<p>Une copie du formulaire de consentement en ligne que les participants doivent accepter avant de commencer le sondage est <a href=\"https:\/\/cbie.ca\/fr\/ae-sondage\/ae-sondage-etudiants-diplomes\/formulaire-de-consentement\/\">disponible ici<\/a>.[\/vc_column_text][\/vc_column][\/vc_row][vc_row type=\u00a0\u00bbfull_width_section\u00a0\u00bb bg_color=\u00a0\u00bb#f1f1f1&Prime; class=\u00a0\u00bbdisplaynone\u00a0\u00bb][vc_column bg_color=\u00a0\u00bb#ffffff\u00a0\u00bb column_padding=\u00a0\u00bbpadding-3&Prime; width=\u00a0\u00bb1\/2&Prime;][vc_column_text]<\/p>\n<h3>La s\u00e9curit\u00e9 de la transmission des donn\u00e9es<\/h3>\n<p>[\/vc_column_text]<div class=\"newdivider align-left\" style=\"border-bottom-style: solid; border-color: #ffc72c; border-bottom-width: 2px; margin-top: 30px; margin-bottom: 30px; width: 130px; \"><\/div><div class=\"clear\"><\/div>[vc_column_text]Le BCEI utilise son compte professionnel <a href=\"https:\/\/www.alchemer.com\/\">Alchemer<\/a> pour recueillir les donn\u00e9es des participant.e.s. La m\u00e9thode bas\u00e9e sur Internet est con\u00e7ue pour prendre en compte un grand \u00e9chantillon.<\/p>\n<p><a href=\"https:\/\/www.alchemer.com\/\">Alchemer<\/a> permet de crypter les donn\u00e9es par protocole SSL (Secure Sockets Layer); ce cryptosyst\u00e8me permet d\u2019\u00e9tablir une connexion s\u00e9curis\u00e9e entre le client (l\u2019\u00e9tudiant) et le serveur (o\u00f9 les r\u00e9ponses sont enregistr\u00e9es). Les sites de traitement en direct des op\u00e9rations bancaires utilisent souvent ce protocole pour la transmission s\u00e9curis\u00e9e de renseignements. Si un site utilise ce protocole, la barre d\u2019URL commencera par \u00ab https \u00bb au lieu du \u00ab http \u00bb habituel.<\/p>\n<p><a href=\"https:\/\/www.alchemer.com\/\">Alchemer<\/a> est conforme \u00e0 la politique canadienne sur la confidentialit\u00e9 des donn\u00e9es (toutes les donn\u00e9es r\u00e9sident sur des serveurs canadiens) et avec les normes d&rsquo;accessibilit\u00e9 (W3C).[\/vc_column_text][\/vc_column][vc_column el_class=\u00a0\u00bbpicColumn\u00a0\u00bb bg_image=\u00a0\u00bb41484&Prime; column_center=\u00a0\u00bbtrue\u00a0\u00bb width=\u00a0\u00bb1\/2&Prime;][\/vc_column][\/vc_row]<\/p>\n<\/div>","protected":false},"excerpt":{"rendered":"<p>[vc_row type=\u00a0\u00bbfull_width_section\u00a0\u00bb bg_image=\u00a0\u00bb78034&Prime; bg_color=\u00a0\u00bb#00334d\u00a0\u00bb text_color=\u00a0\u00bbcustom\u00a0\u00bb custom_text_color=\u00a0\u00bb#ffffff\u00a0\u00bb top_padding=\u00a0\u00bb300&Prime; bottom_padding=\u00a0\u00bb70&Prime; class=\u00a0\u00bbconference-style conference\u00a0\u00bb][vc_column column_padding=\u00a0\u00bbpadding-3&Prime; width=\u00a0\u00bb1\/1&Prime;][vc_column_text][\/vc_column_text][\/vc_column][\/vc_row][vc_row type=\u00a0\u00bbfull_width_section\u00a0\u00bb bg_color=\u00a0\u00bb#00263e\u00a0\u00bb text_color=\u00a0\u00bblight\u00a0\u00bb][vc_column column_padding=\u00a0\u00bbpadding-3&Prime; width=\u00a0\u00bb1\/1&Prime;][vc_column_text] Sondage aupr\u00e8s des \u00e9tudiant.e.s et des dipl\u00f4m\u00e9.e.s [\/vc_column_text][vc_column_text]Le sondage aupr\u00e8s des institutions est [&hellip;]<\/p>\n","protected":false},"author":2,"featured_media":0,"parent":76517,"menu_order":40,"comment_status":"closed","ping_status":"closed","template":"","meta":{"_acf_changed":false,"footnotes":""},"class_list":["post-76524","page","type-page","status-publish","hentry"],"acf":[],"yoast_head":"<!-- This site is optimized with the Yoast SEO plugin v27.4 - https:\/\/yoast.com\/product\/yoast-seo-wordpress\/ -->\n<title>Sondage aupr\u00e8s des \u00e9tudiant.e.s et des dipl\u00f4m\u00e9.e.s - CBIE<\/title>\n<meta name=\"robots\" content=\"index, follow, max-snippet:-1, max-image-preview:large, max-video-preview:-1\" \/>\n<link rel=\"canonical\" href=\"https:\/\/cbie.ca\/fr\/ae-sondage\/ae-sondage-etudiants-diplomes\/\" \/>\n<meta property=\"og:locale\" content=\"fr_FR\" \/>\n<meta property=\"og:type\" content=\"article\" \/>\n<meta property=\"og:title\" content=\"Sondage aupr\u00e8s des \u00e9tudiant.e.s et des dipl\u00f4m\u00e9.e.s - CBIE\" \/>\n<meta property=\"og:description\" content=\"[vc_row type=\u00a0\u00bbfull_width_section\u00a0\u00bb bg_image=\u00a0\u00bb78034&Prime; bg_color=\u00a0\u00bb#00334d\u00a0\u00bb text_color=\u00a0\u00bbcustom\u00a0\u00bb custom_text_color=\u00a0\u00bb#ffffff\u00a0\u00bb top_padding=\u00a0\u00bb300&Prime; bottom_padding=\u00a0\u00bb70&Prime; class=\u00a0\u00bbconference-style conference\u00a0\u00bb][vc_column column_padding=\u00a0\u00bbpadding-3&Prime; width=\u00a0\u00bb1\/1&Prime;][vc_column_text][\/vc_column_text][\/vc_column][\/vc_row][vc_row type=\u00a0\u00bbfull_width_section\u00a0\u00bb bg_color=\u00a0\u00bb#00263e\u00a0\u00bb text_color=\u00a0\u00bblight\u00a0\u00bb][vc_column column_padding=\u00a0\u00bbpadding-3&Prime; width=\u00a0\u00bb1\/1&Prime;][vc_column_text] Sondage aupr\u00e8s des \u00e9tudiant.e.s et des dipl\u00f4m\u00e9.e.s [\/vc_column_text][vc_column_text]Le sondage aupr\u00e8s des institutions est [&hellip;]\" \/>\n<meta property=\"og:url\" content=\"https:\/\/cbie.ca\/fr\/ae-sondage\/ae-sondage-etudiants-diplomes\/\" \/>\n<meta property=\"og:site_name\" content=\"CBIE\" \/>\n<meta property=\"article:modified_time\" content=\"2023-05-26T20:07:44+00:00\" \/>\n<meta property=\"og:image\" content=\"https:\/\/cbie.ca\/wp-content\/uploads\/2024\/01\/CBIE-Announcement-EN.png\" \/>\n\t<meta property=\"og:image:width\" content=\"1600\" \/>\n\t<meta property=\"og:image:height\" content=\"900\" \/>\n\t<meta property=\"og:image:type\" content=\"image\/png\" \/>\n<meta name=\"twitter:card\" content=\"summary_large_image\" \/>\n<meta name=\"twitter:label1\" content=\"Dur\u00e9e de lecture estim\u00e9e\" \/>\n\t<meta name=\"twitter:data1\" content=\"7 minutes\" \/>\n<script type=\"application\/ld+json\" class=\"yoast-schema-graph\">{\"@context\":\"https:\\\/\\\/schema.org\",\"@graph\":[{\"@type\":\"WebPage\",\"@id\":\"https:\\\/\\\/cbie.ca\\\/fr\\\/ae-sondage\\\/ae-sondage-etudiants-diplomes\\\/\",\"url\":\"https:\\\/\\\/cbie.ca\\\/fr\\\/ae-sondage\\\/ae-sondage-etudiants-diplomes\\\/\",\"name\":\"Sondage aupr\u00e8s des \u00e9tudiant.e.s et des dipl\u00f4m\u00e9.e.s - CBIE\",\"isPartOf\":{\"@id\":\"https:\\\/\\\/cbie.ca\\\/#website\"},\"datePublished\":\"2022-12-06T16:08:07+00:00\",\"dateModified\":\"2023-05-26T20:07:44+00:00\",\"breadcrumb\":{\"@id\":\"https:\\\/\\\/cbie.ca\\\/fr\\\/ae-sondage\\\/ae-sondage-etudiants-diplomes\\\/#breadcrumb\"},\"inLanguage\":\"fr-FR\",\"potentialAction\":[{\"@type\":\"ReadAction\",\"target\":[\"https:\\\/\\\/cbie.ca\\\/fr\\\/ae-sondage\\\/ae-sondage-etudiants-diplomes\\\/\"]}]},{\"@type\":\"BreadcrumbList\",\"@id\":\"https:\\\/\\\/cbie.ca\\\/fr\\\/ae-sondage\\\/ae-sondage-etudiants-diplomes\\\/#breadcrumb\",\"itemListElement\":[{\"@type\":\"ListItem\",\"position\":1,\"name\":\"Home\",\"item\":\"https:\\\/\\\/cbie.ca\\\/fr\\\/\"},{\"@type\":\"ListItem\",\"position\":2,\"name\":\"Sondage sur l&rsquo;apprentissage \u00e0 l&rsquo;\u00e9tranger 2023\",\"item\":\"https:\\\/\\\/cbie.ca\\\/fr\\\/ae-sondage\\\/\"},{\"@type\":\"ListItem\",\"position\":3,\"name\":\"Sondage aupr\u00e8s des \u00e9tudiant.e.s et des dipl\u00f4m\u00e9.e.s\"}]},{\"@type\":\"WebSite\",\"@id\":\"https:\\\/\\\/cbie.ca\\\/#website\",\"url\":\"https:\\\/\\\/cbie.ca\\\/\",\"name\":\"Canadian Bureau for International Education\",\"description\":\"\",\"potentialAction\":[{\"@type\":\"SearchAction\",\"target\":{\"@type\":\"EntryPoint\",\"urlTemplate\":\"https:\\\/\\\/cbie.ca\\\/?s={search_term_string}\"},\"query-input\":{\"@type\":\"PropertyValueSpecification\",\"valueRequired\":true,\"valueName\":\"search_term_string\"}}],\"inLanguage\":\"fr-FR\"}]}<\/script>\n<!-- \/ Yoast SEO plugin. -->","yoast_head_json":{"title":"Sondage aupr\u00e8s des \u00e9tudiant.e.s et des dipl\u00f4m\u00e9.e.s - CBIE","robots":{"index":"index","follow":"follow","max-snippet":"max-snippet:-1","max-image-preview":"max-image-preview:large","max-video-preview":"max-video-preview:-1"},"canonical":"https:\/\/cbie.ca\/fr\/ae-sondage\/ae-sondage-etudiants-diplomes\/","og_locale":"fr_FR","og_type":"article","og_title":"Sondage aupr\u00e8s des \u00e9tudiant.e.s et des dipl\u00f4m\u00e9.e.s - CBIE","og_description":"[vc_row type=\u00a0\u00bbfull_width_section\u00a0\u00bb bg_image=\u00a0\u00bb78034&Prime; bg_color=\u00a0\u00bb#00334d\u00a0\u00bb text_color=\u00a0\u00bbcustom\u00a0\u00bb custom_text_color=\u00a0\u00bb#ffffff\u00a0\u00bb top_padding=\u00a0\u00bb300&Prime; bottom_padding=\u00a0\u00bb70&Prime; class=\u00a0\u00bbconference-style conference\u00a0\u00bb][vc_column column_padding=\u00a0\u00bbpadding-3&Prime; width=\u00a0\u00bb1\/1&Prime;][vc_column_text][\/vc_column_text][\/vc_column][\/vc_row][vc_row type=\u00a0\u00bbfull_width_section\u00a0\u00bb bg_color=\u00a0\u00bb#00263e\u00a0\u00bb text_color=\u00a0\u00bblight\u00a0\u00bb][vc_column column_padding=\u00a0\u00bbpadding-3&Prime; width=\u00a0\u00bb1\/1&Prime;][vc_column_text] Sondage aupr\u00e8s des \u00e9tudiant.e.s et des dipl\u00f4m\u00e9.e.s [\/vc_column_text][vc_column_text]Le sondage aupr\u00e8s des institutions est [&hellip;]","og_url":"https:\/\/cbie.ca\/fr\/ae-sondage\/ae-sondage-etudiants-diplomes\/","og_site_name":"CBIE","article_modified_time":"2023-05-26T20:07:44+00:00","og_image":[{"width":1600,"height":900,"url":"https:\/\/cbie.ca\/wp-content\/uploads\/2024\/01\/CBIE-Announcement-EN.png","type":"image\/png"}],"twitter_card":"summary_large_image","twitter_misc":{"Dur\u00e9e de lecture estim\u00e9e":"7 minutes"},"schema":{"@context":"https:\/\/schema.org","@graph":[{"@type":"WebPage","@id":"https:\/\/cbie.ca\/fr\/ae-sondage\/ae-sondage-etudiants-diplomes\/","url":"https:\/\/cbie.ca\/fr\/ae-sondage\/ae-sondage-etudiants-diplomes\/","name":"Sondage aupr\u00e8s des \u00e9tudiant.e.s et des dipl\u00f4m\u00e9.e.s - CBIE","isPartOf":{"@id":"https:\/\/cbie.ca\/#website"},"datePublished":"2022-12-06T16:08:07+00:00","dateModified":"2023-05-26T20:07:44+00:00","breadcrumb":{"@id":"https:\/\/cbie.ca\/fr\/ae-sondage\/ae-sondage-etudiants-diplomes\/#breadcrumb"},"inLanguage":"fr-FR","potentialAction":[{"@type":"ReadAction","target":["https:\/\/cbie.ca\/fr\/ae-sondage\/ae-sondage-etudiants-diplomes\/"]}]},{"@type":"BreadcrumbList","@id":"https:\/\/cbie.ca\/fr\/ae-sondage\/ae-sondage-etudiants-diplomes\/#breadcrumb","itemListElement":[{"@type":"ListItem","position":1,"name":"Home","item":"https:\/\/cbie.ca\/fr\/"},{"@type":"ListItem","position":2,"name":"Sondage sur l&rsquo;apprentissage \u00e0 l&rsquo;\u00e9tranger 2023","item":"https:\/\/cbie.ca\/fr\/ae-sondage\/"},{"@type":"ListItem","position":3,"name":"Sondage aupr\u00e8s des \u00e9tudiant.e.s et des dipl\u00f4m\u00e9.e.s"}]},{"@type":"WebSite","@id":"https:\/\/cbie.ca\/#website","url":"https:\/\/cbie.ca\/","name":"Canadian Bureau for International Education","description":"","potentialAction":[{"@type":"SearchAction","target":{"@type":"EntryPoint","urlTemplate":"https:\/\/cbie.ca\/?s={search_term_string}"},"query-input":{"@type":"PropertyValueSpecification","valueRequired":true,"valueName":"search_term_string"}}],"inLanguage":"fr-FR"}]}},"_links":{"self":[{"href":"https:\/\/cbie.ca\/fr\/wp-json\/wp\/v2\/pages\/76524","targetHints":{"allow":["GET"]}}],"collection":[{"href":"https:\/\/cbie.ca\/fr\/wp-json\/wp\/v2\/pages"}],"about":[{"href":"https:\/\/cbie.ca\/fr\/wp-json\/wp\/v2\/types\/page"}],"author":[{"embeddable":true,"href":"https:\/\/cbie.ca\/fr\/wp-json\/wp\/v2\/users\/2"}],"replies":[{"embeddable":true,"href":"https:\/\/cbie.ca\/fr\/wp-json\/wp\/v2\/comments?post=76524"}],"version-history":[{"count":0,"href":"https:\/\/cbie.ca\/fr\/wp-json\/wp\/v2\/pages\/76524\/revisions"}],"up":[{"embeddable":true,"href":"https:\/\/cbie.ca\/fr\/wp-json\/wp\/v2\/pages\/76517"}],"wp:attachment":[{"href":"https:\/\/cbie.ca\/fr\/wp-json\/wp\/v2\/media?parent=76524"}],"curies":[{"name":"wp","href":"https:\/\/api.w.org\/{rel}","templated":true}]}}