{"id":76520,"date":"2022-12-06T11:08:01","date_gmt":"2022-12-06T16:08:01","guid":{"rendered":"https:\/\/cbieca.wpenginepowered.com\/?page_id=76520"},"modified":"2023-07-12T14:34:27","modified_gmt":"2023-07-12T18:34:27","slug":"ae-deroulement","status":"publish","type":"page","link":"https:\/\/cbie.ca\/fr\/ae-sondage\/ae-deroulement\/","title":{"rendered":"D\u00e9roulement du sondage"},"content":{"rendered":"<div class=\"wpb-content-wrapper\"><p>[vc_row type=\u00a0\u00bbfull_width_section\u00a0\u00bb bg_image=\u00a0\u00bb78034&Prime; bg_color=\u00a0\u00bb#00334d\u00a0\u00bb text_color=\u00a0\u00bbcustom\u00a0\u00bb custom_text_color=\u00a0\u00bb#ffffff\u00a0\u00bb top_padding=\u00a0\u00bb300&Prime; bottom_padding=\u00a0\u00bb70&Prime; class=\u00a0\u00bbconference-style conference\u00a0\u00bb][vc_column column_padding=\u00a0\u00bbpadding-3&Prime; width=\u00a0\u00bb1\/1&Prime;][vc_column_text]<a href=\"https:\/\/cbie.ca\/fr\/ae-sondage\/\" target=\"_self\" class=\"button color-7 medium\" style=\"border-radius: 0px;\">Aper\u00e7u<\/a>\n            <a href=\"https:\/\/cbie.ca\/fr\/ae-sondage\/ae-deroulement\/\" target=\"_self\" class=\"button color-3 medium \" style=\"border-radius: 0px;\">D\u00e9roulement<\/a>\n            <a href=\"https:\/\/cbie.ca\/fr\/ae-sondage\/ae-sondage-etudiants-diplomes\/\" target=\"_self\" class=\"button color-7 medium \" style=\"border-radius: 0px;\">Cadre de r\u00e9f\u00e9rence<\/a>\n            <a href=\"https:\/\/cbie.ca\/fr\/ae-sondage\/groupe-de-travail\/\" target=\"_self\" class=\"button color-7 medium \" style=\"border-radius: 0px;\">Groupe de travail<\/a>[\/vc_column_text][\/vc_column][\/vc_row][vc_row type=\u00a0\u00bbfull_width_section\u00a0\u00bb][vc_column column_padding=\u00a0\u00bbpadding-3&Prime; width=\u00a0\u00bb1\/1&Prime;][vc_column_text]<\/p>\n<h1><strong>D\u00e9roulement provisoire du sondage<\/strong><\/h1>\n<p>[\/vc_column_text]<div class=\"spacer\" style=\"height: 25px;\"><\/div>[vc_column_text]<\/p>\n<div class=\"custom-table-2\">\n<table style=\"width: 100%;\">\n<tbody>\n<tr>\n<td style=\"background-color: #0099b2; color: #ffffff;\"><strong>Activit\u00e9s<\/strong><\/td>\n<td style=\"background-color: #0099b2; color: #ffffff;\"><strong>Dates<\/strong><\/td>\n<\/tr>\n<tr>\n<td>L&rsquo;appel \u00e0 la participation au sondage d\u00e9bute.<\/td>\n<td>16 f\u00e9vrier 2023<\/td>\n<\/tr>\n<tr>\n<td>Le lien pour r\u00e9pondre au sondage institutionnel devient disponible.<\/td>\n<td>avril 2023<\/td>\n<\/tr>\n<tr>\n<td>Les \u00e9tablissements confirment leur participation au sondage(s).<\/td>\n<td>31 mars 2023<\/td>\n<\/tr>\n<tr>\n<td>Le BCEI envoie les documents d&rsquo;appui et la trousse promotionnelle aux \u00e9tablissements qui participent au sondage aupr\u00e8s des \u00e9tudiant.e.s et des ancien.ne.s.<\/td>\n<td>avril 2023<\/td>\n<\/tr>\n<tr>\n<td>Les \u00e9tablissements compl\u00e8tent leur processus interne de r\u00e9vision d\u00e9ontologique et\/ou d&rsquo;approbation, tel que requis.<\/td>\n<td>avril 2023<\/td>\n<\/tr>\n<tr>\n<td>Dernier jour pour d\u00e9marrer le sondage en ligne aupr\u00e8s des \u00e9tudiant.e.s et des ancien.ne.s avec le lien fourni par le BCEI.<\/td>\n<td>11 mai 2023<\/td>\n<\/tr>\n<tr>\n<td>Le questionnaire aupr\u00e8s des \u00e9tudiant.e.s et les ancien.ne.s se termine(\u00e9ch\u00e9ance prolong\u00e9e).<\/td>\n<td>16 juin 2023<\/td>\n<\/tr>\n<tr>\n<td>Le BCEI communiquera par courriel avec les cinq \u00e9tudiants gagnants du tirage au sort.<\/td>\n<td>juin\/juillet 2023<\/td>\n<\/tr>\n<tr>\n<td>Le questionnaire aupr\u00e8s des \u00e9tablissements se termine (\u00e9ch\u00e9ance prolong\u00e9e).<\/td>\n<td>3 ao\u00fbt 2023<\/td>\n<\/tr>\n<tr>\n<td>Les r\u00e9sultats anonymes du sondage sont diffus\u00e9s aux \u00e9tablissements participants.<\/td>\n<td>septembre 2023<\/td>\n<\/tr>\n<tr>\n<td>Le BCEI lance le rapport du sondage national.<\/td>\n<td>novembre 2023<\/td>\n<\/tr>\n<\/tbody>\n<\/table>\n<\/div>\n<p>[\/vc_column_text][\/vc_column][\/vc_row]<\/p>\n<\/div>","protected":false},"excerpt":{"rendered":"<p>[vc_row type=\u00a0\u00bbfull_width_section\u00a0\u00bb bg_image=\u00a0\u00bb78034&Prime; bg_color=\u00a0\u00bb#00334d\u00a0\u00bb text_color=\u00a0\u00bbcustom\u00a0\u00bb custom_text_color=\u00a0\u00bb#ffffff\u00a0\u00bb top_padding=\u00a0\u00bb300&Prime; bottom_padding=\u00a0\u00bb70&Prime; class=\u00a0\u00bbconference-style conference\u00a0\u00bb][vc_column column_padding=\u00a0\u00bbpadding-3&Prime; width=\u00a0\u00bb1\/1&Prime;][vc_column_text][\/vc_column_text][\/vc_column][\/vc_row][vc_row type=\u00a0\u00bbfull_width_section\u00a0\u00bb][vc_column column_padding=\u00a0\u00bbpadding-3&Prime; width=\u00a0\u00bb1\/1&Prime;][vc_column_text] D\u00e9roulement provisoire du sondage [\/vc_column_text][vc_column_text] Activit\u00e9s Dates L&rsquo;appel \u00e0 la participation au sondage d\u00e9bute. 16 [&hellip;]<\/p>\n","protected":false},"author":2,"featured_media":0,"parent":76517,"menu_order":20,"comment_status":"closed","ping_status":"closed","template":"","meta":{"_acf_changed":false,"footnotes":""},"class_list":["post-76520","page","type-page","status-publish","hentry"],"acf":[],"yoast_head":"<!-- This site is optimized with the Yoast SEO plugin v27.4 - https:\/\/yoast.com\/product\/yoast-seo-wordpress\/ -->\n<title>D\u00e9roulement du sondage - CBIE<\/title>\n<meta name=\"robots\" content=\"index, follow, max-snippet:-1, max-image-preview:large, max-video-preview:-1\" \/>\n<link rel=\"canonical\" href=\"https:\/\/cbie.ca\/fr\/ae-sondage\/ae-deroulement\/\" \/>\n<meta property=\"og:locale\" content=\"fr_FR\" \/>\n<meta property=\"og:type\" content=\"article\" \/>\n<meta property=\"og:title\" content=\"D\u00e9roulement du sondage - CBIE\" \/>\n<meta property=\"og:description\" content=\"[vc_row type=\u00a0\u00bbfull_width_section\u00a0\u00bb bg_image=\u00a0\u00bb78034&Prime; bg_color=\u00a0\u00bb#00334d\u00a0\u00bb text_color=\u00a0\u00bbcustom\u00a0\u00bb custom_text_color=\u00a0\u00bb#ffffff\u00a0\u00bb top_padding=\u00a0\u00bb300&Prime; bottom_padding=\u00a0\u00bb70&Prime; class=\u00a0\u00bbconference-style conference\u00a0\u00bb][vc_column column_padding=\u00a0\u00bbpadding-3&Prime; width=\u00a0\u00bb1\/1&Prime;][vc_column_text][\/vc_column_text][\/vc_column][\/vc_row][vc_row type=\u00a0\u00bbfull_width_section\u00a0\u00bb][vc_column column_padding=\u00a0\u00bbpadding-3&Prime; width=\u00a0\u00bb1\/1&Prime;][vc_column_text] D\u00e9roulement provisoire du sondage [\/vc_column_text][vc_column_text] Activit\u00e9s Dates L&rsquo;appel \u00e0 la participation au sondage d\u00e9bute. 16 [&hellip;]\" \/>\n<meta property=\"og:url\" content=\"https:\/\/cbie.ca\/fr\/ae-sondage\/ae-deroulement\/\" \/>\n<meta property=\"og:site_name\" content=\"CBIE\" \/>\n<meta property=\"article:modified_time\" content=\"2023-07-12T18:34:27+00:00\" \/>\n<meta property=\"og:image\" content=\"https:\/\/cbie.ca\/wp-content\/uploads\/2024\/01\/CBIE-Announcement-EN.png\" \/>\n\t<meta property=\"og:image:width\" content=\"1600\" \/>\n\t<meta property=\"og:image:height\" content=\"900\" \/>\n\t<meta property=\"og:image:type\" content=\"image\/png\" \/>\n<meta name=\"twitter:card\" content=\"summary_large_image\" \/>\n<meta name=\"twitter:label1\" content=\"Dur\u00e9e de lecture estim\u00e9e\" \/>\n\t<meta name=\"twitter:data1\" content=\"1 minute\" \/>\n<script type=\"application\/ld+json\" class=\"yoast-schema-graph\">{\"@context\":\"https:\\\/\\\/schema.org\",\"@graph\":[{\"@type\":\"WebPage\",\"@id\":\"https:\\\/\\\/cbie.ca\\\/fr\\\/ae-sondage\\\/ae-deroulement\\\/\",\"url\":\"https:\\\/\\\/cbie.ca\\\/fr\\\/ae-sondage\\\/ae-deroulement\\\/\",\"name\":\"D\u00e9roulement du sondage - CBIE\",\"isPartOf\":{\"@id\":\"https:\\\/\\\/cbie.ca\\\/#website\"},\"datePublished\":\"2022-12-06T16:08:01+00:00\",\"dateModified\":\"2023-07-12T18:34:27+00:00\",\"breadcrumb\":{\"@id\":\"https:\\\/\\\/cbie.ca\\\/fr\\\/ae-sondage\\\/ae-deroulement\\\/#breadcrumb\"},\"inLanguage\":\"fr-FR\",\"potentialAction\":[{\"@type\":\"ReadAction\",\"target\":[\"https:\\\/\\\/cbie.ca\\\/fr\\\/ae-sondage\\\/ae-deroulement\\\/\"]}]},{\"@type\":\"BreadcrumbList\",\"@id\":\"https:\\\/\\\/cbie.ca\\\/fr\\\/ae-sondage\\\/ae-deroulement\\\/#breadcrumb\",\"itemListElement\":[{\"@type\":\"ListItem\",\"position\":1,\"name\":\"Home\",\"item\":\"https:\\\/\\\/cbie.ca\\\/fr\\\/\"},{\"@type\":\"ListItem\",\"position\":2,\"name\":\"Sondage sur l&rsquo;apprentissage \u00e0 l&rsquo;\u00e9tranger 2023\",\"item\":\"https:\\\/\\\/cbie.ca\\\/fr\\\/ae-sondage\\\/\"},{\"@type\":\"ListItem\",\"position\":3,\"name\":\"D\u00e9roulement du sondage\"}]},{\"@type\":\"WebSite\",\"@id\":\"https:\\\/\\\/cbie.ca\\\/#website\",\"url\":\"https:\\\/\\\/cbie.ca\\\/\",\"name\":\"Canadian Bureau for International Education\",\"description\":\"\",\"potentialAction\":[{\"@type\":\"SearchAction\",\"target\":{\"@type\":\"EntryPoint\",\"urlTemplate\":\"https:\\\/\\\/cbie.ca\\\/?s={search_term_string}\"},\"query-input\":{\"@type\":\"PropertyValueSpecification\",\"valueRequired\":true,\"valueName\":\"search_term_string\"}}],\"inLanguage\":\"fr-FR\"}]}<\/script>\n<!-- \/ Yoast SEO plugin. -->","yoast_head_json":{"title":"D\u00e9roulement du sondage - CBIE","robots":{"index":"index","follow":"follow","max-snippet":"max-snippet:-1","max-image-preview":"max-image-preview:large","max-video-preview":"max-video-preview:-1"},"canonical":"https:\/\/cbie.ca\/fr\/ae-sondage\/ae-deroulement\/","og_locale":"fr_FR","og_type":"article","og_title":"D\u00e9roulement du sondage - CBIE","og_description":"[vc_row type=\u00a0\u00bbfull_width_section\u00a0\u00bb bg_image=\u00a0\u00bb78034&Prime; bg_color=\u00a0\u00bb#00334d\u00a0\u00bb text_color=\u00a0\u00bbcustom\u00a0\u00bb custom_text_color=\u00a0\u00bb#ffffff\u00a0\u00bb top_padding=\u00a0\u00bb300&Prime; bottom_padding=\u00a0\u00bb70&Prime; class=\u00a0\u00bbconference-style conference\u00a0\u00bb][vc_column column_padding=\u00a0\u00bbpadding-3&Prime; width=\u00a0\u00bb1\/1&Prime;][vc_column_text][\/vc_column_text][\/vc_column][\/vc_row][vc_row type=\u00a0\u00bbfull_width_section\u00a0\u00bb][vc_column column_padding=\u00a0\u00bbpadding-3&Prime; width=\u00a0\u00bb1\/1&Prime;][vc_column_text] D\u00e9roulement provisoire du sondage [\/vc_column_text][vc_column_text] Activit\u00e9s Dates L&rsquo;appel \u00e0 la participation au sondage d\u00e9bute. 16 [&hellip;]","og_url":"https:\/\/cbie.ca\/fr\/ae-sondage\/ae-deroulement\/","og_site_name":"CBIE","article_modified_time":"2023-07-12T18:34:27+00:00","og_image":[{"width":1600,"height":900,"url":"https:\/\/cbie.ca\/wp-content\/uploads\/2024\/01\/CBIE-Announcement-EN.png","type":"image\/png"}],"twitter_card":"summary_large_image","twitter_misc":{"Dur\u00e9e de lecture estim\u00e9e":"1 minute"},"schema":{"@context":"https:\/\/schema.org","@graph":[{"@type":"WebPage","@id":"https:\/\/cbie.ca\/fr\/ae-sondage\/ae-deroulement\/","url":"https:\/\/cbie.ca\/fr\/ae-sondage\/ae-deroulement\/","name":"D\u00e9roulement du sondage - CBIE","isPartOf":{"@id":"https:\/\/cbie.ca\/#website"},"datePublished":"2022-12-06T16:08:01+00:00","dateModified":"2023-07-12T18:34:27+00:00","breadcrumb":{"@id":"https:\/\/cbie.ca\/fr\/ae-sondage\/ae-deroulement\/#breadcrumb"},"inLanguage":"fr-FR","potentialAction":[{"@type":"ReadAction","target":["https:\/\/cbie.ca\/fr\/ae-sondage\/ae-deroulement\/"]}]},{"@type":"BreadcrumbList","@id":"https:\/\/cbie.ca\/fr\/ae-sondage\/ae-deroulement\/#breadcrumb","itemListElement":[{"@type":"ListItem","position":1,"name":"Home","item":"https:\/\/cbie.ca\/fr\/"},{"@type":"ListItem","position":2,"name":"Sondage sur l&rsquo;apprentissage \u00e0 l&rsquo;\u00e9tranger 2023","item":"https:\/\/cbie.ca\/fr\/ae-sondage\/"},{"@type":"ListItem","position":3,"name":"D\u00e9roulement du sondage"}]},{"@type":"WebSite","@id":"https:\/\/cbie.ca\/#website","url":"https:\/\/cbie.ca\/","name":"Canadian Bureau for International Education","description":"","potentialAction":[{"@type":"SearchAction","target":{"@type":"EntryPoint","urlTemplate":"https:\/\/cbie.ca\/?s={search_term_string}"},"query-input":{"@type":"PropertyValueSpecification","valueRequired":true,"valueName":"search_term_string"}}],"inLanguage":"fr-FR"}]}},"_links":{"self":[{"href":"https:\/\/cbie.ca\/fr\/wp-json\/wp\/v2\/pages\/76520","targetHints":{"allow":["GET"]}}],"collection":[{"href":"https:\/\/cbie.ca\/fr\/wp-json\/wp\/v2\/pages"}],"about":[{"href":"https:\/\/cbie.ca\/fr\/wp-json\/wp\/v2\/types\/page"}],"author":[{"embeddable":true,"href":"https:\/\/cbie.ca\/fr\/wp-json\/wp\/v2\/users\/2"}],"replies":[{"embeddable":true,"href":"https:\/\/cbie.ca\/fr\/wp-json\/wp\/v2\/comments?post=76520"}],"version-history":[{"count":0,"href":"https:\/\/cbie.ca\/fr\/wp-json\/wp\/v2\/pages\/76520\/revisions"}],"up":[{"embeddable":true,"href":"https:\/\/cbie.ca\/fr\/wp-json\/wp\/v2\/pages\/76517"}],"wp:attachment":[{"href":"https:\/\/cbie.ca\/fr\/wp-json\/wp\/v2\/media?parent=76520"}],"curies":[{"name":"wp","href":"https:\/\/api.w.org\/{rel}","templated":true}]}}