{"id":76517,"date":"2022-12-06T11:06:06","date_gmt":"2022-12-06T16:06:06","guid":{"rendered":"https:\/\/cbieca.wpenginepowered.com\/?page_id=76517"},"modified":"2023-09-20T16:19:55","modified_gmt":"2023-09-20T20:19:55","slug":"ae-sondage","status":"publish","type":"page","link":"https:\/\/cbie.ca\/fr\/ae-sondage\/","title":{"rendered":"Sondage sur l&rsquo;apprentissage \u00e0 l&rsquo;\u00e9tranger 2023"},"content":{"rendered":"<div class=\"wpb-content-wrapper\"><p>[vc_row type=\u00a0\u00bbfull_width_section\u00a0\u00bb bg_image=\u00a0\u00bb78034&Prime; bg_color=\u00a0\u00bb#00334d\u00a0\u00bb text_color=\u00a0\u00bbcustom\u00a0\u00bb custom_text_color=\u00a0\u00bb#ffffff\u00a0\u00bb top_padding=\u00a0\u00bb300&Prime; bottom_padding=\u00a0\u00bb70&Prime; class=\u00a0\u00bbconference-style conference\u00a0\u00bb][vc_column column_padding=\u00a0\u00bbpadding-3&Prime; width=\u00a0\u00bb1\/1&Prime;][vc_column_text]<a href=\"https:\/\/cbie.ca\/fr\/ae-sondage\/\" target=\"_self\" class=\"button color-3 medium\" style=\"border-radius: 0px;\">Aper\u00e7u<\/a>\n            <a href=\"https:\/\/cbie.ca\/fr\/ae-sondage\/ae-deroulement\/\" target=\"_self\" class=\"button color-7 medium \" style=\"border-radius: 0px;\">D\u00e9roulement<\/a>\n            <a href=\"https:\/\/cbie.ca\/fr\/ae-sondage\/ae-sondage-etudiants-diplomes\/\" target=\"_self\" class=\"button color-7 medium \" style=\"border-radius: 0px;\">Cadre de r\u00e9f\u00e9rence<\/a>\n            <a href=\"https:\/\/cbie.ca\/fr\/ae-sondage\/groupe-de-travail\/\" target=\"_self\" class=\"button color-7 medium \" style=\"border-radius: 0px;\">Groupe de travail<\/a>[\/vc_column_text][\/vc_column][\/vc_row][vc_row type=\u00a0\u00bbfull_width_section\u00a0\u00bb bg_color=\u00a0\u00bb#00263e\u00a0\u00bb text_color=\u00a0\u00bblight\u00a0\u00bb][vc_column column_padding=\u00a0\u00bbpadding-3&Prime; width=\u00a0\u00bb1\/1&Prime;][vc_column_text]<\/p>\n<h2 style=\"text-align: left;\"><strong><span class=\"TextRun SCXW83127106 BCX0\" lang=\"FR-CA\" xml:lang=\"FR-CA\" data-contrast=\"auto\"><span class=\"NormalTextRun SCXW83127106 BCX0\">Initiative de sondage sur l&rsquo;apprentissage \u00e0 l&rsquo;\u00e9tranger 2023<\/span><\/span><\/strong><\/h2>\n<p>[\/vc_column_text]<div class=\"spacer\" style=\"height: 10px;\"><\/div>[vc_column_text]<span data-contrast=\"auto\">Les recherches mondiales ont solidement d\u00e9montr\u00e9 que les investissements \u00e0 grande \u00e9chelle dans la mobilit\u00e9 vers l\u2019\u00e9tranger contribuent \u00e0 promouvoir la prochaine g\u00e9n\u00e9ration de leaders mondiaux d\u2019un pays et permettent d\u2019accro\u00eetre directement sa comp\u00e9titivit\u00e9. Il existe peu de possibilit\u00e9s plus prometteuses pour renforcer le potentiel et le futur du Canada que de miser pleinement sur le capital humain de notre pays afin de cr\u00e9er de solides liens \u00e9conomiques, sociaux et culturels avec les autres nations. <\/span><span data-contrast=\"auto\">En tant que porte-parole du secteur de l\u2019\u00e9ducation internationale au Canada, le BCEI s&rsquo;appuies sur son r\u00f4le unique pour \u00e9laborer un ensemble complet et actuel de donn\u00e9es nationales sur l&rsquo;apprentissage \u00e0 l&rsquo;\u00e9trange. <\/span><span data-contrast=\"auto\">Le Sondage sur l\u2019apprentissage \u00e0 l\u2019\u00e9tranger 2023 du BCEI comprend deux questionnaires : le sondage aupr\u00e8s des \u00e9tablissements et le sondage aupr\u00e8s des \u00e9tudiant.e.s et des ancien.ne.s. Ensemble, ces deux composantes permettront de recueillir des donn\u00e9es sur les activit\u00e9s de mobilit\u00e9 \u00e0 l\u2019\u00e9tranger, aussi bien du point de vue des \u00e9tablissements que de celui des \u00e9tudiant. e. s. Gr\u00e2ce \u00e0 cette initiative de recherche nationale, le BCEI jettera un regard r\u00e9v\u00e9lateur sur l&rsquo;impact, la valeur et les r\u00e9sultats de ces exp\u00e9riences pour stimuler l\u2019innovation et la croissance dans notre secteur et orienter les efforts de mobilisation \u00e0 long terme du Canada \u00e0 l\u2019\u00e9chelle mondiale.<\/span>[\/vc_column_text]<div class=\"spacer\" style=\"height: 25px;\"><\/div><a href=\"https:\/\/vimeo.com\/801714287\" target=\"_blank\" class=\"button color-3 large btn-blue\" style=\"border-radius: 2px;\">Visionnez la s\u00e9ance d&rsquo;information<\/a><a href=\"https:\/\/cbie.ca\/fr\/ae-sondage\/ae-deroulement\/\" target=\"_self\" class=\"button color-3 large btn-blue\" style=\"border-radius: 2px;\">Consultez le calendrier<\/a>[\/vc_column][vc_column][\/vc_column][\/vc_row][vc_row type=\u00a0\u00bbfull_width_section\u00a0\u00bb bg_color=\u00a0\u00bb#ffffff\u00a0\u00bb][vc_column column_padding=\u00a0\u00bbcustom-padding\u00a0\u00bb column_custompadding=\u00a0\u00bb3% 3% 0.5% 3% !important\u00a0\u00bb width=\u00a0\u00bb1\/3&Prime;][vc_column_text]<\/p>\n<h3>Sondage aupr\u00e8s des \u00e9tablissements<\/h3>\n<p>[\/vc_column_text]<div class=\"newdivider align-left\" style=\"border-bottom-style: solid; border-color: #ffc72c; border-bottom-width: 2px; margin-top: 30px; margin-bottom: 30px; width: 130px; \"><\/div><div class=\"clear\"><\/div>[vc_column_text]Tous les \u00e9tablissements postsecondaires canadiens, membres du BCEI ou non, sont invit\u00e9s \u00e0 prendre part \u00e0 cette initiative de recherche nationale et \u00e0 r\u00e9pondre au Sondage sur l\u2019apprentissage \u00e0 l\u2019\u00e9tranger 2023 du BCEI pour recueillir des donn\u00e9es au sujet des \u00e9tablissements. Ce travail de collecte de donn\u00e9es permettra de compiler des statistiques sur la participation des \u00e9tudiant.e.s \u00e0 des programmes d\u2019\u00e9change, \u00e0 des programmes internationaux d\u2019apprentissage int\u00e9gr\u00e9 au travail, \u00e0 des programmes dirig\u00e9s par les membres du corps professoral, \u00e0 la recherche internationale et \u00e0 d\u2019autres activit\u00e9s d\u2019apprentissage \u00e0 l\u2019\u00e9tranger. Cette initiative contribuera \u00e0 \u00e9tablir une norme de r\u00e9f\u00e9rence strat\u00e9gique canadienne pour l\u2019apprentissage \u00e0 l\u2019\u00e9tranger et \u00e0 jeter des bases solides afin de constituer un ensemble robuste de donn\u00e9es nationales longitudinales qui permettront de fa\u00e7onner les politiques et d\u2019\u00e9clairer les d\u00e9cisions ayant des cons\u00e9quences \u00e0 l\u2019\u00e9chelle f\u00e9d\u00e9rale, provinciale et territoriale ainsi qu\u2019\u00e0 celle des \u00e9tablissements.[\/vc_column_text][\/vc_column][vc_column column_padding=\u00a0\u00bbcustom-padding\u00a0\u00bb column_custompadding=\u00a0\u00bb3% 3% 0.5% 3% !important\u00a0\u00bb width=\u00a0\u00bb1\/3&Prime;][vc_column_text]<\/p>\n<h3>Sondage aupr\u00e8s des \u00e9tudiant.e.s et des ancien.ne.s<\/h3>\n<p>[\/vc_column_text]<div class=\"newdivider align-left\" style=\"border-bottom-style: solid; border-color: #ffc72c; border-bottom-width: 2px; margin-top: 30px; margin-bottom: 30px; width: 130px; \"><\/div><div class=\"clear\"><\/div>[vc_column_text]Tous les \u00e9tablissements postsecondaires canadiens, membres du BCEI ou non, sont invit\u00e9s \u00e0 participer \u00e0 cette initiative de recherche nationale et \u00e0 r\u00e9pondre au Sondage sur l\u2019apprentissage \u00e0 l\u2019\u00e9tranger 2023 du BCEI pour recueillir des donn\u00e9es statistiques au sujet des \u00e9tudiant.e.s et des ancien.ne.s. En coop\u00e9ration avec les \u00e9tablissements participants, le BCEI fera remplir le questionnaire du sondage aux \u00e9tudiant.e.s et aux ancien.ne.s qui ont eu l\u2019occasion d\u2019effectuer des \u00e9tudes \u00e0 l\u2019\u00e9tranger au cours des cinq derni\u00e8res ann\u00e9es. Les donn\u00e9es ax\u00e9es sur la population \u00e9tudiante permettront de compl\u00e9ter les donn\u00e9es concernant les \u00e9tablissements eux-m\u00eames en recueillant diff\u00e9rents points de vue sur les motivations, les impacts, la valeur et les retomb\u00e9es des activit\u00e9s d\u2019apprentissage \u00e0 l\u2019\u00e9tranger en pr\u00e9sentiel et en mode virtuel.<\/p>\n<p>Le questionnaire destin\u00e9 aux \u00e9tudiant.e.s et et ancien.ne.s est maintenant termin\u00e9. Merci \u00e0 tous les \u00e9tablissements qui ont particip\u00e9 \u00e0 cette initiative de sondage ![\/vc_column_text][\/vc_column][vc_column column_padding=\u00a0\u00bbcustom-padding\u00a0\u00bb column_custompadding=\u00a0\u00bb3% 3% 0.5% 3% !important\u00a0\u00bb width=\u00a0\u00bb1\/3&Prime;][vc_column_text]<\/p>\n<h3>Acc\u00e8s aux donn\u00e9es<\/h3>\n<p>[\/vc_column_text]<div class=\"newdivider align-left\" style=\"border-bottom-style: solid; border-color: #ffc72c; border-bottom-width: 2px; margin-top: 30px; margin-bottom: 30px; width: 130px; \"><\/div><div class=\"clear\"><\/div>[vc_column_text]Le BCEI publiera un rapport du sondage national qui sera accessible au public et dont le secteur canadien de l\u2019\u00e9ducation internationale pourra tirer parti. Le rapport public reconnaitra les \u00e9tablissements participants comme contributeurs et offrira un aper\u00e7u g\u00e9n\u00e9ral des r\u00e9sultats des deux sondages. Les donn\u00e9es du Sondage sur l\u2019apprentissage \u00e0 l\u2019\u00e9tranger seront anonymis\u00e9es. Des rapports propres \u00e0 chaque \u00e9tablissement et l\u2019ensemble de donn\u00e9es anonymis\u00e9es seront fournis aux \u00e9tablissements membres du BCEI participant.<\/p>\n<p>Les \u00e9tablissements qui ne sont pas membres du BCEI sont \u00e9galement encourag\u00e9s \u00e0 prendre part au sondage. <strong>Des frais de 5\u2009500\u00a0dollars seront demand\u00e9s aux \u00e9tablissements participants non membres du BCEI qui souhaitent obtenir les rapports et les ensembles de donn\u00e9es propres \u00e0 leur \u00e9tablissement.<\/strong> Nous encourageons fortement ces \u00e9tablissements \u00e0 adh\u00e9rer au BCEI pour obtenir un acc\u00e8s \u00e0 ces donn\u00e9es et b\u00e9n\u00e9ficier du large \u00e9ventail d\u2019avantages offerts.[\/vc_column_text][\/vc_column][\/vc_row][vc_row type=\u00a0\u00bbfull_width_section\u00a0\u00bb bg_color=\u00a0\u00bb#ffffff\u00a0\u00bb][vc_column column_padding=\u00a0\u00bbcustom-padding\u00a0\u00bb column_custompadding=\u00a0\u00bb1% 3% 3% 3% !important\u00a0\u00bb width=\u00a0\u00bb1\/3&Prime;][\/vc_column][vc_column column_padding=\u00a0\u00bbcustom-padding\u00a0\u00bb column_custompadding=\u00a0\u00bb1% 3% 3% 3% !important\u00a0\u00bb width=\u00a0\u00bb1\/3&Prime;][\/vc_column][vc_column column_padding=\u00a0\u00bbcustom-padding\u00a0\u00bb column_custompadding=\u00a0\u00bb1% 3% 3% 3% !important\u00a0\u00bb width=\u00a0\u00bb1\/3&Prime;][\/vc_column][\/vc_row][vc_row text_align=\u00a0\u00bbcenter\u00a0\u00bb top_padding=\u00a0\u00bb30&Prime; bottom_padding=\u00a0\u00bb60&Prime;][vc_column width=\u00a0\u00bb1\/1&Prime;][vc_row_inner][vc_column_inner width=\u00a0\u00bb1\/4&Prime;][\/vc_column_inner][vc_column_inner width=\u00a0\u00bb1\/2&Prime;][vc_single_image image=\u00a0\u00bb69259&Prime; img_size=\u00a0\u00bb200&#215;188&Prime; alignment=\u00a0\u00bbcenter\u00a0\u00bb onclick=\u00a0\u00bbcustom_link\u00a0\u00bb img_link_target=\u00a0\u00bb_blank\u00a0\u00bb link=\u00a0\u00bbhttps:\/\/www.educanada.ca\/index.aspx?lang=fra\u00a0\u00bb]<div class=\"spacer\" style=\"height: 30px;\"><\/div>[vc_column_text]Initiative de sondage sur l\u2019apprentissage \u00e0 l\u2019\u00e9tranger 2023\u00a0est entrepris\u00a0en partie avec le soutien financier du gouvernement du Canada par l&rsquo;interm\u00e9diaire d&rsquo;Affaires mondiales Canada.[\/vc_column_text][\/vc_column_inner][vc_column_inner width=\u00a0\u00bb1\/4&Prime;][\/vc_column_inner][\/vc_row_inner][\/vc_column][\/vc_row]<\/p>\n<\/div>","protected":false},"excerpt":{"rendered":"<p>[vc_row type=\u00a0\u00bbfull_width_section\u00a0\u00bb bg_image=\u00a0\u00bb78034&Prime; bg_color=\u00a0\u00bb#00334d\u00a0\u00bb text_color=\u00a0\u00bbcustom\u00a0\u00bb custom_text_color=\u00a0\u00bb#ffffff\u00a0\u00bb top_padding=\u00a0\u00bb300&Prime; bottom_padding=\u00a0\u00bb70&Prime; class=\u00a0\u00bbconference-style conference\u00a0\u00bb][vc_column column_padding=\u00a0\u00bbpadding-3&Prime; width=\u00a0\u00bb1\/1&Prime;][vc_column_text][\/vc_column_text][\/vc_column][\/vc_row][vc_row type=\u00a0\u00bbfull_width_section\u00a0\u00bb bg_color=\u00a0\u00bb#00263e\u00a0\u00bb text_color=\u00a0\u00bblight\u00a0\u00bb][vc_column column_padding=\u00a0\u00bbpadding-3&Prime; width=\u00a0\u00bb1\/1&Prime;][vc_column_text] Initiative de sondage sur l&rsquo;apprentissage \u00e0 l&rsquo;\u00e9tranger 2023 [\/vc_column_text][vc_column_text]Les recherches mondiales ont solidement [&hellip;]<\/p>\n","protected":false},"author":2,"featured_media":0,"parent":0,"menu_order":10000,"comment_status":"closed","ping_status":"closed","template":"","meta":{"_acf_changed":false,"footnotes":""},"class_list":["post-76517","page","type-page","status-publish","hentry"],"acf":[],"yoast_head":"<!-- This site is optimized with the Yoast SEO plugin v27.4 - https:\/\/yoast.com\/product\/yoast-seo-wordpress\/ -->\n<title>Sondage sur l&#039;apprentissage \u00e0 l&#039;\u00e9tranger 2023 - CBIE<\/title>\n<meta name=\"robots\" content=\"index, follow, max-snippet:-1, max-image-preview:large, max-video-preview:-1\" \/>\n<link rel=\"canonical\" href=\"https:\/\/cbie.ca\/fr\/ae-sondage\/\" \/>\n<meta property=\"og:locale\" content=\"fr_FR\" \/>\n<meta property=\"og:type\" content=\"article\" \/>\n<meta property=\"og:title\" content=\"Sondage sur l&#039;apprentissage \u00e0 l&#039;\u00e9tranger 2023 - CBIE\" \/>\n<meta property=\"og:description\" content=\"[vc_row type=\u00a0\u00bbfull_width_section\u00a0\u00bb bg_image=\u00a0\u00bb78034&Prime; bg_color=\u00a0\u00bb#00334d\u00a0\u00bb text_color=\u00a0\u00bbcustom\u00a0\u00bb custom_text_color=\u00a0\u00bb#ffffff\u00a0\u00bb top_padding=\u00a0\u00bb300&Prime; bottom_padding=\u00a0\u00bb70&Prime; class=\u00a0\u00bbconference-style conference\u00a0\u00bb][vc_column column_padding=\u00a0\u00bbpadding-3&Prime; width=\u00a0\u00bb1\/1&Prime;][vc_column_text][\/vc_column_text][\/vc_column][\/vc_row][vc_row type=\u00a0\u00bbfull_width_section\u00a0\u00bb bg_color=\u00a0\u00bb#00263e\u00a0\u00bb text_color=\u00a0\u00bblight\u00a0\u00bb][vc_column column_padding=\u00a0\u00bbpadding-3&Prime; width=\u00a0\u00bb1\/1&Prime;][vc_column_text] Initiative de sondage sur l&rsquo;apprentissage \u00e0 l&rsquo;\u00e9tranger 2023 [\/vc_column_text][vc_column_text]Les recherches mondiales ont solidement [&hellip;]\" \/>\n<meta property=\"og:url\" content=\"https:\/\/cbie.ca\/fr\/ae-sondage\/\" \/>\n<meta property=\"og:site_name\" content=\"CBIE\" \/>\n<meta property=\"article:modified_time\" content=\"2023-09-20T20:19:55+00:00\" \/>\n<meta property=\"og:image\" content=\"https:\/\/cbie.ca\/wp-content\/uploads\/2024\/01\/CBIE-Announcement-EN.png\" \/>\n\t<meta property=\"og:image:width\" content=\"1600\" \/>\n\t<meta property=\"og:image:height\" content=\"900\" \/>\n\t<meta property=\"og:image:type\" content=\"image\/png\" \/>\n<meta name=\"twitter:card\" content=\"summary_large_image\" \/>\n<meta name=\"twitter:label1\" content=\"Dur\u00e9e de lecture estim\u00e9e\" \/>\n\t<meta name=\"twitter:data1\" content=\"4 minutes\" \/>\n<script type=\"application\/ld+json\" class=\"yoast-schema-graph\">{\"@context\":\"https:\\\/\\\/schema.org\",\"@graph\":[{\"@type\":\"WebPage\",\"@id\":\"https:\\\/\\\/cbie.ca\\\/fr\\\/ae-sondage\\\/\",\"url\":\"https:\\\/\\\/cbie.ca\\\/fr\\\/ae-sondage\\\/\",\"name\":\"Sondage sur l'apprentissage \u00e0 l'\u00e9tranger 2023 - CBIE\",\"isPartOf\":{\"@id\":\"https:\\\/\\\/cbie.ca\\\/#website\"},\"datePublished\":\"2022-12-06T16:06:06+00:00\",\"dateModified\":\"2023-09-20T20:19:55+00:00\",\"breadcrumb\":{\"@id\":\"https:\\\/\\\/cbie.ca\\\/fr\\\/ae-sondage\\\/#breadcrumb\"},\"inLanguage\":\"fr-FR\",\"potentialAction\":[{\"@type\":\"ReadAction\",\"target\":[\"https:\\\/\\\/cbie.ca\\\/fr\\\/ae-sondage\\\/\"]}]},{\"@type\":\"BreadcrumbList\",\"@id\":\"https:\\\/\\\/cbie.ca\\\/fr\\\/ae-sondage\\\/#breadcrumb\",\"itemListElement\":[{\"@type\":\"ListItem\",\"position\":1,\"name\":\"Home\",\"item\":\"https:\\\/\\\/cbie.ca\\\/fr\\\/\"},{\"@type\":\"ListItem\",\"position\":2,\"name\":\"Sondage sur l&rsquo;apprentissage \u00e0 l&rsquo;\u00e9tranger 2023\"}]},{\"@type\":\"WebSite\",\"@id\":\"https:\\\/\\\/cbie.ca\\\/#website\",\"url\":\"https:\\\/\\\/cbie.ca\\\/\",\"name\":\"Canadian Bureau for International Education\",\"description\":\"\",\"potentialAction\":[{\"@type\":\"SearchAction\",\"target\":{\"@type\":\"EntryPoint\",\"urlTemplate\":\"https:\\\/\\\/cbie.ca\\\/?s={search_term_string}\"},\"query-input\":{\"@type\":\"PropertyValueSpecification\",\"valueRequired\":true,\"valueName\":\"search_term_string\"}}],\"inLanguage\":\"fr-FR\"}]}<\/script>\n<!-- \/ Yoast SEO plugin. -->","yoast_head_json":{"title":"Sondage sur l'apprentissage \u00e0 l'\u00e9tranger 2023 - CBIE","robots":{"index":"index","follow":"follow","max-snippet":"max-snippet:-1","max-image-preview":"max-image-preview:large","max-video-preview":"max-video-preview:-1"},"canonical":"https:\/\/cbie.ca\/fr\/ae-sondage\/","og_locale":"fr_FR","og_type":"article","og_title":"Sondage sur l'apprentissage \u00e0 l'\u00e9tranger 2023 - CBIE","og_description":"[vc_row type=\u00a0\u00bbfull_width_section\u00a0\u00bb bg_image=\u00a0\u00bb78034&Prime; bg_color=\u00a0\u00bb#00334d\u00a0\u00bb text_color=\u00a0\u00bbcustom\u00a0\u00bb custom_text_color=\u00a0\u00bb#ffffff\u00a0\u00bb top_padding=\u00a0\u00bb300&Prime; bottom_padding=\u00a0\u00bb70&Prime; class=\u00a0\u00bbconference-style conference\u00a0\u00bb][vc_column column_padding=\u00a0\u00bbpadding-3&Prime; width=\u00a0\u00bb1\/1&Prime;][vc_column_text][\/vc_column_text][\/vc_column][\/vc_row][vc_row type=\u00a0\u00bbfull_width_section\u00a0\u00bb bg_color=\u00a0\u00bb#00263e\u00a0\u00bb text_color=\u00a0\u00bblight\u00a0\u00bb][vc_column column_padding=\u00a0\u00bbpadding-3&Prime; width=\u00a0\u00bb1\/1&Prime;][vc_column_text] Initiative de sondage sur l&rsquo;apprentissage \u00e0 l&rsquo;\u00e9tranger 2023 [\/vc_column_text][vc_column_text]Les recherches mondiales ont solidement [&hellip;]","og_url":"https:\/\/cbie.ca\/fr\/ae-sondage\/","og_site_name":"CBIE","article_modified_time":"2023-09-20T20:19:55+00:00","og_image":[{"width":1600,"height":900,"url":"https:\/\/cbie.ca\/wp-content\/uploads\/2024\/01\/CBIE-Announcement-EN.png","type":"image\/png"}],"twitter_card":"summary_large_image","twitter_misc":{"Dur\u00e9e de lecture estim\u00e9e":"4 minutes"},"schema":{"@context":"https:\/\/schema.org","@graph":[{"@type":"WebPage","@id":"https:\/\/cbie.ca\/fr\/ae-sondage\/","url":"https:\/\/cbie.ca\/fr\/ae-sondage\/","name":"Sondage sur l'apprentissage \u00e0 l'\u00e9tranger 2023 - CBIE","isPartOf":{"@id":"https:\/\/cbie.ca\/#website"},"datePublished":"2022-12-06T16:06:06+00:00","dateModified":"2023-09-20T20:19:55+00:00","breadcrumb":{"@id":"https:\/\/cbie.ca\/fr\/ae-sondage\/#breadcrumb"},"inLanguage":"fr-FR","potentialAction":[{"@type":"ReadAction","target":["https:\/\/cbie.ca\/fr\/ae-sondage\/"]}]},{"@type":"BreadcrumbList","@id":"https:\/\/cbie.ca\/fr\/ae-sondage\/#breadcrumb","itemListElement":[{"@type":"ListItem","position":1,"name":"Home","item":"https:\/\/cbie.ca\/fr\/"},{"@type":"ListItem","position":2,"name":"Sondage sur l&rsquo;apprentissage \u00e0 l&rsquo;\u00e9tranger 2023"}]},{"@type":"WebSite","@id":"https:\/\/cbie.ca\/#website","url":"https:\/\/cbie.ca\/","name":"Canadian Bureau for International Education","description":"","potentialAction":[{"@type":"SearchAction","target":{"@type":"EntryPoint","urlTemplate":"https:\/\/cbie.ca\/?s={search_term_string}"},"query-input":{"@type":"PropertyValueSpecification","valueRequired":true,"valueName":"search_term_string"}}],"inLanguage":"fr-FR"}]}},"_links":{"self":[{"href":"https:\/\/cbie.ca\/fr\/wp-json\/wp\/v2\/pages\/76517","targetHints":{"allow":["GET"]}}],"collection":[{"href":"https:\/\/cbie.ca\/fr\/wp-json\/wp\/v2\/pages"}],"about":[{"href":"https:\/\/cbie.ca\/fr\/wp-json\/wp\/v2\/types\/page"}],"author":[{"embeddable":true,"href":"https:\/\/cbie.ca\/fr\/wp-json\/wp\/v2\/users\/2"}],"replies":[{"embeddable":true,"href":"https:\/\/cbie.ca\/fr\/wp-json\/wp\/v2\/comments?post=76517"}],"version-history":[{"count":0,"href":"https:\/\/cbie.ca\/fr\/wp-json\/wp\/v2\/pages\/76517\/revisions"}],"wp:attachment":[{"href":"https:\/\/cbie.ca\/fr\/wp-json\/wp\/v2\/media?parent=76517"}],"curies":[{"name":"wp","href":"https:\/\/api.w.org\/{rel}","templated":true}]}}