{"id":67550,"date":"2022-06-30T13:49:36","date_gmt":"2022-06-30T17:49:36","guid":{"rendered":"https:\/\/cbieca.wpenginepowered.com\/?page_id=67550"},"modified":"2026-02-26T12:28:34","modified_gmt":"2026-02-26T17:28:34","slug":"sondages-aupres-des-etudiants","status":"publish","type":"page","link":"https:\/\/cbie.ca\/fr\/sondages-aupres-des-etudiants\/","title":{"rendered":"Sondages aupr\u00e8s des \u00e9tudiant.e.s"},"content":{"rendered":"<div class=\"wpb-content-wrapper\"><p>[vc_row bg_image=\u00a0\u00bb110755&Prime; parallax_bg=\u00a0\u00bbtrue\u00a0\u00bb bg_color=\u00a0\u00bb#01426a\u00a0\u00bb text_color=\u00a0\u00bblight\u00a0\u00bb text_align=\u00a0\u00bbcenter\u00a0\u00bb top_padding=\u00a0\u00bb40&Prime; bottom_padding=\u00a0\u00bb40&Prime; row_id=\u00a0\u00bbhero-banner\u00a0\u00bb][vc_column column_padding=\u00a0\u00bbcustom-padding\u00a0\u00bb column_custompadding=\u00a0\u00bb10% 0px\u00a0\u00bb text_color=\u00a0\u00bblight\u00a0\u00bb text_align=\u00a0\u00bbcenter\u00a0\u00bb width=\u00a0\u00bb1\/1&Prime;][vc_column_text]<\/p>\n<h1>Sondages aupr\u00e8s des \u00e9tudiant.e.s<\/h1>\n<p>[\/vc_column_text]<div class=\"newdivider align-center\" style=\"border-bottom-style: solid; border-color: #1c86a4; border-bottom-width: 2px; margin-top: 30px; margin-bottom: 30px; width: 130px; \"><\/div><div class=\"clear\"><\/div>[vc_column_text]<\/p>\n<h5 style=\"text-align: center;\">Des donn\u00e9es pancanadiennes approfondies et pertinentes sont essentielles pour \u00e9clairer la prise de d\u00e9cisions en mati\u00e8re de politiques et de programmation dans notre secteur. Le <span class=\"TextRun SCXW250574361 BCX0\" lang=\"FR-CA\" xml:lang=\"FR-CA\" data-contrast=\"none\"><span class=\"NormalTextRun TrackChangeHoverSelectHighlightBlue SCXW250574361 BCX0\">Bureau canadien de l\u2019\u00e9ducation internationale (<\/span><\/span>BCEI) s&rsquo;engage \u00e0 optimiser son r\u00f4le unique afin de cr\u00e9er un ensemble de donn\u00e9es probantes \u00e0 l&rsquo;\u00e9chelle nationale qui peuvent stimuler l&rsquo;innovation et la durabilit\u00e9 de l&rsquo;\u00e9ducation internationale au Canada.<\/h5>\n<p>[\/vc_column_text][\/vc_column][\/vc_row][vc_row type=\u00a0\u00bbfull_width_section\u00a0\u00bb top_padding=\u00a0\u00bb50&Prime;][vc_column el_class=\u00a0\u00bbgoright\u00a0\u00bb column_padding=\u00a0\u00bbpadding-5&Prime; column_center=\u00a0\u00bbtrue\u00a0\u00bb width=\u00a0\u00bb2\/5&Prime;]<div class=\"single_image wpb_content_element align-center  image_box_border image_zoom \" data-animation=\"none\" data-delay=\"0\"><a href=\"https:\/\/cbie.ca\/wp-content\/uploads\/2024\/10\/2023-SEI-la-voix-des-etudiants.pdf\" target=\"_blank\"><img loading=\"lazy\" decoding=\"async\" width=\"791\" height=\"1024\" src=\"https:\/\/cbie.ca\/wp-content\/uploads\/2024\/10\/la-voix-des-etudiants-SEI-2023-v2-791x1024.jpg\" class=\"attachment-large\" alt=\"La voix des \u00e9tudiants (SEI 2023)\" title=\"la-voix-des-etudiants-SEI-2023-v2\" srcset=\"https:\/\/cbie.ca\/wp-content\/uploads\/2024\/10\/la-voix-des-etudiants-SEI-2023-v2-791x1024.jpg 791w, https:\/\/cbie.ca\/wp-content\/uploads\/2024\/10\/la-voix-des-etudiants-SEI-2023-v2-232x300.jpg 232w, https:\/\/cbie.ca\/wp-content\/uploads\/2024\/10\/la-voix-des-etudiants-SEI-2023-v2-768x994.jpg 768w, https:\/\/cbie.ca\/wp-content\/uploads\/2024\/10\/la-voix-des-etudiants-SEI-2023-v2-1187x1536.jpg 1187w, https:\/\/cbie.ca\/wp-content\/uploads\/2024\/10\/la-voix-des-etudiants-SEI-2023-v2-1583x2048.jpg 1583w, https:\/\/cbie.ca\/wp-content\/uploads\/2024\/10\/la-voix-des-etudiants-SEI-2023-v2.jpg 1913w\" sizes=\"auto, (max-width: 791px) 100vw, 791px\" \/><\/a><\/div>[\/vc_column][vc_column column_padding=\u00a0\u00bbpadding-5&Prime; width=\u00a0\u00bb3\/5&Prime;][vc_column_text]<\/p>\n<h2><strong>Sondage des \u00e9tudiant.e.s internationaux.ales du BCEI<\/strong><\/h2>\n<p>[\/vc_column_text]<div class=\"spacer\" style=\"height: 25px;\"><\/div>[vc_column_text]Le Sondage des \u00e9tudiant.e.s internationaux.ales du BCEI est un ensemble de donn\u00e9es nationales unique qui permet d\u2019obtenir une vision globale essentielle de l\u2019exp\u00e9rience des \u00e9tudiantes internationales et \u00e9tudiants internationaux au sein des \u00e9tablissements d\u2019enseignement postsecondaires du Canada \u00e0 toutes les \u00e9tapes du processus : avant l\u2019arriv\u00e9e, pendant les \u00e9tudes de premier cycle et pendant les \u00e9tudes aux cycles sup\u00e9rieurs.\u00a0Depuis la premi\u00e8re \u00e9dition du Sondage en 2012, le nombre d\u2019\u00e9tudiant.e.s qui y r\u00e9pondent ainsi que l\u2019\u00e9tendue des connaissances et des tendances r\u00e9v\u00e9l\u00e9es par l\u2019ensemble de donn\u00e9es ont consid\u00e9rablement augment\u00e9. Le Sondage soutient de plus en plus la capacit\u00e9 du secteur de l\u2019\u00e9ducation internationale \u00e0 \u00e9laborer des pratiques \u00e9clair\u00e9es et novatrices gr\u00e2ce \u00e0 une meilleure compr\u00e9hension des histoires, des motivations et des perceptions des \u00e9tudiant.e.s internationaux.ales qui choisissent d\u2019\u00e9tudier au Canada.<\/p>\n<p>Le rapport national du sondage 2023 sera publi\u00e9 \u00e0 l&rsquo;automne 2024 et offrira un aper\u00e7u de plus de 32 000 \u00e9tudiant.e.s internationaux.ales \u00e0 travers le Canada. Les rapports du sondage sont disponible dans notre <a href=\"https:\/\/cbie.ca\/fr\/notre-travail\/recherche\/research-archives\/\" target=\"_blank\" rel=\"noopener\">Archives de recherche.<\/a> Tous les \u00e9tablissements postsecondaires canadiens sont invit\u00e9s \u00e0 se joindre \u00e0 cette initiative de recherche nationale. Chaque \u00e9tablissement participant re\u00e7oit son profil institutionnel et son rapport d&rsquo;analyse comparative, ainsi que l&rsquo;ensemble des donn\u00e9es institutionnelles anonymes.<\/p>\n<p><strong>Abonnez-vous \u00e0 la <a href=\"https:\/\/cbie.ca\/fr\/souscrire\/\" target=\"_blank\" rel=\"noopener\">liste de diffusion du BCEI<\/a> pour conna\u00eetre les derni\u00e8res nouvelles du Sondage des \u00e9tudiant.e.s internationaux.ales du BCEI.<\/strong>[\/vc_column_text]<div class=\"spacer\" style=\"height: 25px;\"><\/div><a href=\"https:\/\/cbie.ca\/wp-content\/uploads\/2024\/10\/2023-SEI-la-voix-des-etudiants.pdf\" target=\"_blank\" class=\"button color-1 large btn-blue\" style=\"border-radius: 2px;\">Lisez le rapport 2023<\/a>[\/vc_column][\/vc_row][vc_row type=\u00a0\u00bbfull_width_section\u00a0\u00bb bg_color=\u00a0\u00bb#f1f1f1&Prime; top_padding=\u00a0\u00bb50&Prime;][vc_column column_padding=\u00a0\u00bbpadding-5&Prime; column_center=\u00a0\u00bbtrue\u00a0\u00bb width=\u00a0\u00bb2\/5&Prime;]<div class=\"single_image wpb_content_element align-center  image_box_border image_zoom \" data-animation=\"none\" data-delay=\"0\"><a href=\"https:\/\/cbie.ca\/wp-content\/uploads\/2024\/05\/2023-LAS-CBIE-EN.pdf\" target=\"_blank\"><img loading=\"lazy\" decoding=\"async\" width=\"612\" height=\"792\" src=\"https:\/\/cbie.ca\/wp-content\/uploads\/2024\/05\/CBIE-2023-LAS-Report-FR-cover.jpg\" class=\"attachment-large\" alt=\"\" title=\"CBIE-2023-LAS-Report-FR-cover\" srcset=\"https:\/\/cbie.ca\/wp-content\/uploads\/2024\/05\/CBIE-2023-LAS-Report-FR-cover.jpg 612w, https:\/\/cbie.ca\/wp-content\/uploads\/2024\/05\/CBIE-2023-LAS-Report-FR-cover-232x300.jpg 232w\" sizes=\"auto, (max-width: 612px) 100vw, 612px\" \/><\/a><\/div>[\/vc_column][vc_column column_padding=\u00a0\u00bbpadding-5&Prime; width=\u00a0\u00bb3\/5&Prime;][vc_column_text]<\/p>\n<h2><strong>Sondage sur l&rsquo;\u00e9ducation \u00e0 l&rsquo;\u00e9tranger du BCEI<\/strong><\/h2>\n<p>[\/vc_column_text]<div class=\"spacer\" style=\"height: 25px;\"><\/div>[vc_column_text]Cultiver le talent dont le Canada a besoin pour faire face \u00e0 ses d\u00e9fis en mati\u00e8re d\u2019engagement mondial demande une approche multidimensionnelle qui comprend notamment un changement de culture concernant la valeur per\u00e7ue de l\u2019exp\u00e9rience \u00e0 l\u2019international. Cette \u00e9tude \u00e0 large \u00e9chelle se concentrera sur la mobilit\u00e9 sortante des \u00e9tudiant.e.s et offrira des perspectives \u00e9tudiantes opportunes sur des enjeux, tels que la compr\u00e9hension de la valeur des \u00e9tudes \u00e0 l\u2019\u00e9tranger, une prise de conscience des possibilit\u00e9s offertes et la d\u00e9finition des barri\u00e8res \u00e0 la participation.<\/p>\n<p>Tous les \u00e9tablissements postsecondaires canadiens, membres du BCEI ou non, sont invit\u00e9s \u00e0 participer \u00e0 cette initiative de recherche nationale. Ce travail de collecte de donn\u00e9es compile des statistiques sur la participation des \u00e9tudiant.e.s \u00e0 des programmes d\u2019\u00e9change, \u00e0 des programmes internationaux d\u2019apprentissage int\u00e9gr\u00e9 au travail, \u00e0 des programmes dirig\u00e9s par les membres du corps professoral, \u00e0 la recherche internationale et \u00e0 d\u2019autres activit\u00e9s d\u2019apprentissage \u00e0 l\u2019\u00e9tranger. Cette initiative continue d&rsquo;\u00e9tablir une base strat\u00e9gique pour l&rsquo;apprentissage \u00e0 l&rsquo;\u00e9tranger du Canada et \u00e9tablit les bases d&rsquo;un ensemble de donn\u00e9es nationales robustes et longitudinales qui peuvent \u00e9clairer les politiques et les d\u00e9cisions ayant des implications aux niveaux institutionnel, provincial\/territorial et f\u00e9d\u00e9ral.<\/p>\n<p>En 2023, le BCEI a entrepris son sondage aupr\u00e8s des \u00e9tudiant.e.s ayant effectu\u00e9 des \u00e9tudes \u00e0 l\u2019\u00e9tranger, en engageant 49 \u00e9tablissements membres dans dix provinces (soit 32 universit\u00e9s et 17 coll\u00e8ges ou \u00e9coles polytechniques). Au total, 3 175 \u00e9tudiant.e.s ont r\u00e9pondu au sondage, dont 2 003 \u00e9tudiant.e.s et 1 170 ancien.ne.s. Le rapport est disponible dans notre <a href=\"https:\/\/cbie.ca\/fr\/notre-travail\/recherche\/research-archives\/\" target=\"_blank\" rel=\"noopener\">Archives de recherche.<\/a><\/p>\n<p><strong>Le rapport de sondage des \u00e9tudiant.e.s internationaux.ales 2025 sera disponible au printemps 2026.<\/strong>[\/vc_column_text]<div class=\"spacer\" style=\"height: 25px;\"><\/div><a href=\"https:\/\/cbie.ca\/wp-content\/uploads\/2024\/05\/2023-LAS-CBIE-FR.pdf\" target=\"_blank\" class=\"button color-1 large btn-blue\" style=\"border-radius: 2px;\">Lisez le rapport 2023<\/a>[\/vc_column][\/vc_row]<\/p>\n<\/div>","protected":false},"excerpt":{"rendered":"<p>[vc_row bg_image=\u00a0\u00bb110755&Prime; parallax_bg=\u00a0\u00bbtrue\u00a0\u00bb bg_color=\u00a0\u00bb#01426a\u00a0\u00bb text_color=\u00a0\u00bblight\u00a0\u00bb text_align=\u00a0\u00bbcenter\u00a0\u00bb top_padding=\u00a0\u00bb40&Prime; bottom_padding=\u00a0\u00bb40&Prime; row_id=\u00a0\u00bbhero-banner\u00a0\u00bb][vc_column column_padding=\u00a0\u00bbcustom-padding\u00a0\u00bb column_custompadding=\u00a0\u00bb10% 0px\u00a0\u00bb text_color=\u00a0\u00bblight\u00a0\u00bb text_align=\u00a0\u00bbcenter\u00a0\u00bb width=\u00a0\u00bb1\/1&Prime;][vc_column_text] Sondages aupr\u00e8s des \u00e9tudiant.e.s [\/vc_column_text][vc_column_text] Des donn\u00e9es pancanadiennes approfondies et pertinentes sont essentielles pour \u00e9clairer [&hellip;]<\/p>\n","protected":false},"author":60,"featured_media":0,"parent":0,"menu_order":0,"comment_status":"closed","ping_status":"closed","template":"","meta":{"_acf_changed":false,"footnotes":""},"class_list":["post-67550","page","type-page","status-publish","hentry"],"acf":[],"yoast_head":"<!-- This site is optimized with the Yoast SEO plugin v27.5 - https:\/\/yoast.com\/product\/yoast-seo-wordpress\/ -->\n<title>Sondages aupr\u00e8s des \u00e9tudiant.e.s - CBIE<\/title>\n<meta name=\"robots\" content=\"index, follow, max-snippet:-1, max-image-preview:large, max-video-preview:-1\" \/>\n<link rel=\"canonical\" href=\"https:\/\/cbie.ca\/fr\/sondages-aupres-des-etudiants\/\" \/>\n<meta property=\"og:locale\" content=\"fr_FR\" \/>\n<meta property=\"og:type\" content=\"article\" \/>\n<meta property=\"og:title\" content=\"Sondages aupr\u00e8s des \u00e9tudiant.e.s - CBIE\" \/>\n<meta property=\"og:description\" content=\"[vc_row bg_image=\u00a0\u00bb110755&Prime; parallax_bg=\u00a0\u00bbtrue\u00a0\u00bb bg_color=\u00a0\u00bb#01426a\u00a0\u00bb text_color=\u00a0\u00bblight\u00a0\u00bb text_align=\u00a0\u00bbcenter\u00a0\u00bb top_padding=\u00a0\u00bb40&Prime; bottom_padding=\u00a0\u00bb40&Prime; row_id=\u00a0\u00bbhero-banner\u00a0\u00bb][vc_column column_padding=\u00a0\u00bbcustom-padding\u00a0\u00bb column_custompadding=\u00a0\u00bb10% 0px\u00a0\u00bb text_color=\u00a0\u00bblight\u00a0\u00bb text_align=\u00a0\u00bbcenter\u00a0\u00bb width=\u00a0\u00bb1\/1&Prime;][vc_column_text] Sondages aupr\u00e8s des \u00e9tudiant.e.s [\/vc_column_text][vc_column_text] Des donn\u00e9es pancanadiennes approfondies et pertinentes sont essentielles pour \u00e9clairer [&hellip;]\" \/>\n<meta property=\"og:url\" content=\"https:\/\/cbie.ca\/fr\/sondages-aupres-des-etudiants\/\" \/>\n<meta property=\"og:site_name\" content=\"CBIE\" \/>\n<meta property=\"article:modified_time\" content=\"2026-02-26T17:28:34+00:00\" \/>\n<meta property=\"og:image\" content=\"https:\/\/cbie.ca\/wp-content\/uploads\/2024\/01\/CBIE-Announcement-EN.png\" \/>\n\t<meta property=\"og:image:width\" content=\"1600\" \/>\n\t<meta property=\"og:image:height\" content=\"900\" \/>\n\t<meta property=\"og:image:type\" content=\"image\/png\" \/>\n<meta name=\"twitter:card\" content=\"summary_large_image\" \/>\n<meta name=\"twitter:label1\" content=\"Dur\u00e9e de lecture estim\u00e9e\" \/>\n\t<meta name=\"twitter:data1\" content=\"4 minutes\" \/>\n<script type=\"application\/ld+json\" class=\"yoast-schema-graph\">{\"@context\":\"https:\\\/\\\/schema.org\",\"@graph\":[{\"@type\":\"WebPage\",\"@id\":\"https:\\\/\\\/cbie.ca\\\/fr\\\/sondages-aupres-des-etudiants\\\/\",\"url\":\"https:\\\/\\\/cbie.ca\\\/fr\\\/sondages-aupres-des-etudiants\\\/\",\"name\":\"Sondages aupr\u00e8s des \u00e9tudiant.e.s - CBIE\",\"isPartOf\":{\"@id\":\"https:\\\/\\\/cbie.ca\\\/#website\"},\"datePublished\":\"2022-06-30T17:49:36+00:00\",\"dateModified\":\"2026-02-26T17:28:34+00:00\",\"breadcrumb\":{\"@id\":\"https:\\\/\\\/cbie.ca\\\/fr\\\/sondages-aupres-des-etudiants\\\/#breadcrumb\"},\"inLanguage\":\"fr-FR\",\"potentialAction\":[{\"@type\":\"ReadAction\",\"target\":[\"https:\\\/\\\/cbie.ca\\\/fr\\\/sondages-aupres-des-etudiants\\\/\"]}]},{\"@type\":\"BreadcrumbList\",\"@id\":\"https:\\\/\\\/cbie.ca\\\/fr\\\/sondages-aupres-des-etudiants\\\/#breadcrumb\",\"itemListElement\":[{\"@type\":\"ListItem\",\"position\":1,\"name\":\"Home\",\"item\":\"https:\\\/\\\/cbie.ca\\\/fr\\\/\"},{\"@type\":\"ListItem\",\"position\":2,\"name\":\"Sondages aupr\u00e8s des \u00e9tudiant.e.s\"}]},{\"@type\":\"WebSite\",\"@id\":\"https:\\\/\\\/cbie.ca\\\/#website\",\"url\":\"https:\\\/\\\/cbie.ca\\\/\",\"name\":\"Canadian Bureau for International Education\",\"description\":\"\",\"potentialAction\":[{\"@type\":\"SearchAction\",\"target\":{\"@type\":\"EntryPoint\",\"urlTemplate\":\"https:\\\/\\\/cbie.ca\\\/?s={search_term_string}\"},\"query-input\":{\"@type\":\"PropertyValueSpecification\",\"valueRequired\":true,\"valueName\":\"search_term_string\"}}],\"inLanguage\":\"fr-FR\"}]}<\/script>\n<!-- \/ Yoast SEO plugin. -->","yoast_head_json":{"title":"Sondages aupr\u00e8s des \u00e9tudiant.e.s - CBIE","robots":{"index":"index","follow":"follow","max-snippet":"max-snippet:-1","max-image-preview":"max-image-preview:large","max-video-preview":"max-video-preview:-1"},"canonical":"https:\/\/cbie.ca\/fr\/sondages-aupres-des-etudiants\/","og_locale":"fr_FR","og_type":"article","og_title":"Sondages aupr\u00e8s des \u00e9tudiant.e.s - CBIE","og_description":"[vc_row bg_image=\u00a0\u00bb110755&Prime; parallax_bg=\u00a0\u00bbtrue\u00a0\u00bb bg_color=\u00a0\u00bb#01426a\u00a0\u00bb text_color=\u00a0\u00bblight\u00a0\u00bb text_align=\u00a0\u00bbcenter\u00a0\u00bb top_padding=\u00a0\u00bb40&Prime; bottom_padding=\u00a0\u00bb40&Prime; row_id=\u00a0\u00bbhero-banner\u00a0\u00bb][vc_column column_padding=\u00a0\u00bbcustom-padding\u00a0\u00bb column_custompadding=\u00a0\u00bb10% 0px\u00a0\u00bb text_color=\u00a0\u00bblight\u00a0\u00bb text_align=\u00a0\u00bbcenter\u00a0\u00bb width=\u00a0\u00bb1\/1&Prime;][vc_column_text] Sondages aupr\u00e8s des \u00e9tudiant.e.s [\/vc_column_text][vc_column_text] Des donn\u00e9es pancanadiennes approfondies et pertinentes sont essentielles pour \u00e9clairer [&hellip;]","og_url":"https:\/\/cbie.ca\/fr\/sondages-aupres-des-etudiants\/","og_site_name":"CBIE","article_modified_time":"2026-02-26T17:28:34+00:00","og_image":[{"width":1600,"height":900,"url":"https:\/\/cbie.ca\/wp-content\/uploads\/2024\/01\/CBIE-Announcement-EN.png","type":"image\/png"}],"twitter_card":"summary_large_image","twitter_misc":{"Dur\u00e9e de lecture estim\u00e9e":"4 minutes"},"schema":{"@context":"https:\/\/schema.org","@graph":[{"@type":"WebPage","@id":"https:\/\/cbie.ca\/fr\/sondages-aupres-des-etudiants\/","url":"https:\/\/cbie.ca\/fr\/sondages-aupres-des-etudiants\/","name":"Sondages aupr\u00e8s des \u00e9tudiant.e.s - CBIE","isPartOf":{"@id":"https:\/\/cbie.ca\/#website"},"datePublished":"2022-06-30T17:49:36+00:00","dateModified":"2026-02-26T17:28:34+00:00","breadcrumb":{"@id":"https:\/\/cbie.ca\/fr\/sondages-aupres-des-etudiants\/#breadcrumb"},"inLanguage":"fr-FR","potentialAction":[{"@type":"ReadAction","target":["https:\/\/cbie.ca\/fr\/sondages-aupres-des-etudiants\/"]}]},{"@type":"BreadcrumbList","@id":"https:\/\/cbie.ca\/fr\/sondages-aupres-des-etudiants\/#breadcrumb","itemListElement":[{"@type":"ListItem","position":1,"name":"Home","item":"https:\/\/cbie.ca\/fr\/"},{"@type":"ListItem","position":2,"name":"Sondages aupr\u00e8s des \u00e9tudiant.e.s"}]},{"@type":"WebSite","@id":"https:\/\/cbie.ca\/#website","url":"https:\/\/cbie.ca\/","name":"Canadian Bureau for International Education","description":"","potentialAction":[{"@type":"SearchAction","target":{"@type":"EntryPoint","urlTemplate":"https:\/\/cbie.ca\/?s={search_term_string}"},"query-input":{"@type":"PropertyValueSpecification","valueRequired":true,"valueName":"search_term_string"}}],"inLanguage":"fr-FR"}]}},"_links":{"self":[{"href":"https:\/\/cbie.ca\/fr\/wp-json\/wp\/v2\/pages\/67550","targetHints":{"allow":["GET"]}}],"collection":[{"href":"https:\/\/cbie.ca\/fr\/wp-json\/wp\/v2\/pages"}],"about":[{"href":"https:\/\/cbie.ca\/fr\/wp-json\/wp\/v2\/types\/page"}],"author":[{"embeddable":true,"href":"https:\/\/cbie.ca\/fr\/wp-json\/wp\/v2\/users\/60"}],"replies":[{"embeddable":true,"href":"https:\/\/cbie.ca\/fr\/wp-json\/wp\/v2\/comments?post=67550"}],"version-history":[{"count":2,"href":"https:\/\/cbie.ca\/fr\/wp-json\/wp\/v2\/pages\/67550\/revisions"}],"predecessor-version":[{"id":120354,"href":"https:\/\/cbie.ca\/fr\/wp-json\/wp\/v2\/pages\/67550\/revisions\/120354"}],"wp:attachment":[{"href":"https:\/\/cbie.ca\/fr\/wp-json\/wp\/v2\/media?parent=67550"}],"curies":[{"name":"wp","href":"https:\/\/api.w.org\/{rel}","templated":true}]}}