{"id":64856,"date":"2022-05-03T15:17:07","date_gmt":"2022-05-03T19:17:07","guid":{"rendered":"https:\/\/cbieca.wpenginepowered.com\/sace-plc\/"},"modified":"2026-03-31T15:29:40","modified_gmt":"2026-03-31T19:29:40","slug":"cap-sace","status":"publish","type":"page","link":"https:\/\/cbie.ca\/fr\/notre-reseau\/professional-learning-communities\/cap-sace\/","title":{"rendered":"CAP-SACE"},"content":{"rendered":"<div class=\"wpb-content-wrapper\"><p>[vc_row bg_image=\u00a0\u00bb110732&Prime; parallax_bg=\u00a0\u00bbtrue\u00a0\u00bb bg_color=\u00a0\u00bb#01426a\u00a0\u00bb text_color=\u00a0\u00bblight\u00a0\u00bb text_align=\u00a0\u00bbcenter\u00a0\u00bb top_padding=\u00a0\u00bb40&Prime; bottom_padding=\u00a0\u00bb40&Prime; row_id=\u00a0\u00bbhero-banner\u00a0\u00bb][vc_column column_padding=\u00a0\u00bbcustom-padding\u00a0\u00bb column_custompadding=\u00a0\u00bb8% 0px\u00a0\u00bb text_color=\u00a0\u00bblight\u00a0\u00bb text_align=\u00a0\u00bbcenter\u00a0\u00bb width=\u00a0\u00bb1\/1&Prime;][vc_column_text]<\/p>\n<h1>Communaut\u00e9 d\u2019apprentissage professionnelle \u2013 Student Advising &#8211; Conseil aux \u00e9tudiants<br \/>\n(CAP-SACE)<\/h1>\n<p>[\/vc_column_text]<div class=\"newdivider align-center\" style=\"border-bottom-style: solid; border-color: #1c86a4; border-bottom-width: 2px; margin-top: 30px; margin-bottom: 30px; width: 130px; \"><\/div><div class=\"clear\"><\/div>[vc_column_text]<\/p>\n<h5>La CAP SACE offre un espace pour d\u00e9velopper un r\u00e9seau de soutien efficace et un forum de discussion pour les professionnel.le.s qui fournissent des conseils aux \u00e9tudiant.e.s.<\/h5>\n<p>[\/vc_column_text]<div class=\"spacer\" style=\"height: 50px;\"><\/div>[vc_btn title=\u00a0\u00bbCONNECTEZ-VOUS AU CARREFOUR COMMUNAUTAIRE POUR REJOINDRE SACE\u00a0\u00bb style=\u00a0\u00bboutline-custom\u00a0\u00bb outline_custom_color=\u00a0\u00bb#ffffff\u00a0\u00bb outline_custom_hover_background=\u00a0\u00bb#ffffff\u00a0\u00bb outline_custom_hover_text=\u00a0\u00bb#0099b2&Prime; shape=\u00a0\u00bbsquare\u00a0\u00bb css=\u00a0\u00bb\u00a0\u00bb link=\u00a0\u00bburl:https%3A%2F%2Fcommunity.cbie.ca%2Ffr%2Flogin%2F|title:Community%20hub|target:_blank\u00a0\u00bb el_class=\u00a0\u00bbhub-link-btn\u00a0\u00bb el_id=\u00a0\u00bbtxt-white\u00a0\u00bb][\/vc_column][\/vc_row][vc_row text_align=\u00a0\u00bbcenter\u00a0\u00bb top_padding=\u00a0\u00bb70&Prime; bottom_padding=\u00a0\u00bb70&Prime;][vc_column width=\u00a0\u00bb1\/1&Prime;][vc_column_text]<\/p>\n<h3>\u00c0 propos<\/h3>\n<p style=\"text-align: left;\">Student Advising \u2013 Conseil aux \u00e9tudiants (SACE) a \u00e9t\u00e9 cr\u00e9\u00e9 pour r\u00e9pondre aux besoins des practicien.ne.s dans le milieu de l\u2019\u00e9ducation internationale qui offrent des conseils aux \u00e9tudiant.e.s internationaux.ales dans les \u00e9tablissements canadiens. Il propose des outils et des ressources afin d\u2019encourager l\u2019\u00e9change libre d\u2019id\u00e9es et d\u2019informations entre les professionnel.le.s travaillant dans divers \u00e9tablissements. SACE est ouvert aux membres du BCEI qui travaillent dans le domaine de l\u2019apprentissage mondial ou qui s\u2019y int\u00e9ressent, quel que soit leur niveau de poste.<\/p>\n<p>[\/vc_column_text]<div class=\"spacer\" style=\"height: 40px;\"><\/div><a href=\"https:\/\/cbie.ca\/fr\/notre-reseau\/professional-learning-communities\/cap-sace\/cap-sace-ra-2025\/\" target=\"_self\" class=\"button color-1 small btn-blue\" style=\"border-radius: 2px;\">Consulter le rapport annuel 2025 de la CAP-SACE<\/a><div class=\"spacer\" style=\"height: 20px;\"><\/div>[vc_row_inner][vc_column_inner width=\u00a0\u00bb1\/5&Prime;][\/vc_column_inner][vc_column_inner width=\u00a0\u00bb1\/5&Prime;][\/vc_column_inner][vc_column_inner width=\u00a0\u00bb1\/5&Prime;]<a href=\"https:\/\/cbie.ca\/fr\/notre-reseau\/professional-learning-communities\/cap-sace\/cap-sace-rapport-annuel-2024\/\" target=\"_self\" class=\"button color-3 large \" style=\"border-radius: 2px;\">2024<\/a>[\/vc_column_inner][vc_column_inner width=\u00a0\u00bb1\/5&Prime;][\/vc_column_inner][vc_column_inner width=\u00a0\u00bb1\/5&Prime;][\/vc_column_inner][\/vc_row_inner][\/vc_column][\/vc_row][vc_row bg_color=\u00a0\u00bb#f2f2f2&Prime; text_align=\u00a0\u00bbcenter\u00a0\u00bb top_padding=\u00a0\u00bb70&Prime; bottom_padding=\u00a0\u00bb70&Prime; class=\u00a0\u00bbsteercomm\u00a0\u00bb][vc_column width=\u00a0\u00bb1\/1&Prime;][vc_column_text]<\/p>\n<h2 style=\"text-align: center;\">Rencontrez les membres de notre comit\u00e9 directeur<\/h2>\n<p style=\"text-align: center;\">Les copr\u00e9sident.e.s et membres du comit\u00e9 directeur donnent une voix au SACE et font conna\u00eetre la communaut\u00e9 de conseillers.\u00e8res aux \u00e9tudiant.e.s internationaux.ales qu\u2019ils.elles repr\u00e9sentent. Pour plus d\u2019information sur leurs r\u00f4les et responsabilit\u00e9s, consultez le <a href=\"https:\/\/cbie.ca\/wp-content\/uploads\/2022\/04\/SACE-PLC-Terms-of-Reference_June-2021.docx.pdf\" target=\"_blank\" rel=\"noopener\">mandat<\/a> du SACE.<\/p>\n<p>[\/vc_column_text][\/vc_column][\/vc_row][vc_row bg_color=\u00a0\u00bb#f2f2f2&Prime; bottom_padding=\u00a0\u00bb40&Prime;][vc_column width=\u00a0\u00bb1\/2&Prime;][vc_row_inner el_class=\u00a0\u00bbsteermem\u00a0\u00bb][vc_column_inner width=\u00a0\u00bb1\/4&Prime;][vc_single_image image=\u00a0\u00bb115637&Prime; img_size=\u00a0\u00bb\u00a0\u00bb alignment=\u00a0\u00bbcenter\u00a0\u00bb style=\u00a0\u00bbvc_box_shadow\u00a0\u00bb css_animation=\u00a0\u00bbnone\u00a0\u00bb css=\u00a0\u00bb\u00a0\u00bb][\/vc_column_inner][vc_column_inner width=\u00a0\u00bb3\/4&Prime;][vc_column_text]<\/p>\n<h4 style=\"font-size: 110%;\"><strong>Carolina Costa Sato, RCIC<\/strong><br \/>\n<span style=\"font-size: 70%;\">Responsable des services d&rsquo;immigration<br \/>\nSimon Fraser University<br \/>\nCopr\u00e9sidente<\/span><\/h4>\n<p>[\/vc_column_text][\/vc_column_inner][\/vc_row_inner][\/vc_column][vc_column width=\u00a0\u00bb1\/2&Prime;][vc_row_inner el_class=\u00a0\u00bbsteermem\u00a0\u00bb][vc_column_inner width=\u00a0\u00bb1\/4&Prime;][vc_single_image image=\u00a0\u00bb64624&Prime; img_size=\u00a0\u00bb\u00a0\u00bb alignment=\u00a0\u00bbcenter\u00a0\u00bb style=\u00a0\u00bbvc_box_shadow\u00a0\u00bb css_animation=\u00a0\u00bbnone\u00a0\u00bb][\/vc_column_inner][vc_column_inner width=\u00a0\u00bb3\/4&Prime;][vc_column_text]<\/p>\n<h4 style=\"font-size: 110%;\"><strong>Ravneet Panech<\/strong><br \/>\n<span style=\"font-size: 70%;\">Chef d&rsquo;\u00e9quipe, conseils aux \u00e9tudiants internationaux<br \/>\nSouthern Alberta Institute of Technology<br \/>\nCopr\u00e9sidente<\/span><\/h4>\n<p>[\/vc_column_text][\/vc_column_inner][\/vc_row_inner][\/vc_column][\/vc_row][vc_row bg_color=\u00a0\u00bb#f2f2f2&Prime; bottom_padding=\u00a0\u00bb40&Prime;][vc_column width=\u00a0\u00bb1\/2&Prime;][vc_row_inner el_class=\u00a0\u00bbsteermem\u00a0\u00bb][vc_column_inner width=\u00a0\u00bb1\/4&Prime;][vc_single_image image=\u00a0\u00bb119915&Prime; img_size=\u00a0\u00bb\u00a0\u00bb alignment=\u00a0\u00bbcenter\u00a0\u00bb style=\u00a0\u00bbvc_box_shadow\u00a0\u00bb css_animation=\u00a0\u00bbnone\u00a0\u00bb css=\u00a0\u00bb\u00a0\u00bb][\/vc_column_inner][vc_column_inner width=\u00a0\u00bb3\/4&Prime;][vc_column_text]<\/p>\n<h4 style=\"font-size: 110%;\"><strong>Lilian Bandeira<\/strong><br \/>\n<span style=\"font-size: 70%;\">Responsable, conseil aux \u00e9tudiants internationaux<br \/>\nUniversity of British Columbia<\/span><\/h4>\n<p>[\/vc_column_text][\/vc_column_inner][\/vc_row_inner][\/vc_column][vc_column width=\u00a0\u00bb1\/2&Prime;][vc_row_inner el_class=\u00a0\u00bbsteermem\u00a0\u00bb][vc_column_inner width=\u00a0\u00bb1\/4&Prime;][vc_single_image image=\u00a0\u00bb119865&Prime; img_size=\u00a0\u00bb\u00a0\u00bb alignment=\u00a0\u00bbcenter\u00a0\u00bb style=\u00a0\u00bbvc_box_shadow\u00a0\u00bb css_animation=\u00a0\u00bbnone\u00a0\u00bb css=\u00a0\u00bb\u00a0\u00bb][\/vc_column_inner][vc_column_inner width=\u00a0\u00bb3\/4&Prime;][vc_column_text]<\/p>\n<h4 style=\"font-size: 110%;\"><strong>Troy Boyer<\/strong><br \/>\n<span style=\"font-size: 70%;\">Coordonnateur des services aux \u00e9tudiants internationaux<br \/>\nUniversit\u00e9 Laurentienne<\/span><\/h4>\n<p>[\/vc_column_text][\/vc_column_inner][\/vc_row_inner][\/vc_column][\/vc_row][vc_row bg_color=\u00a0\u00bb#f2f2f2&Prime; bottom_padding=\u00a0\u00bb40&Prime;][vc_column width=\u00a0\u00bb1\/2&Prime;][vc_row_inner el_class=\u00a0\u00bbsteermem\u00a0\u00bb][vc_column_inner width=\u00a0\u00bb1\/4&Prime;][vc_single_image image=\u00a0\u00bb119856&Prime; img_size=\u00a0\u00bb\u00a0\u00bb alignment=\u00a0\u00bbcenter\u00a0\u00bb style=\u00a0\u00bbvc_box_shadow\u00a0\u00bb css_animation=\u00a0\u00bbnone\u00a0\u00bb css=\u00a0\u00bb\u00a0\u00bb][\/vc_column_inner][vc_column_inner width=\u00a0\u00bb3\/4&Prime;][vc_column_text]<\/p>\n<h4 style=\"font-size: 110%;\"><strong>Flavia Campana Omori<\/strong><br \/>\n<span style=\"font-size: 70%;\">Navigatrice pour \u00e9tudiants internationaux<br \/>\nRed Deer Polytechnic<\/span><\/h4>\n<p>[\/vc_column_text][\/vc_column_inner][\/vc_row_inner][\/vc_column][vc_column width=\u00a0\u00bb1\/2&Prime;][vc_row_inner el_class=\u00a0\u00bbsteermem\u00a0\u00bb][vc_column_inner width=\u00a0\u00bb1\/4&Prime;][vc_single_image image=\u00a0\u00bb79769&Prime; img_size=\u00a0\u00bb\u00a0\u00bb alignment=\u00a0\u00bbcenter\u00a0\u00bb style=\u00a0\u00bbvc_box_shadow\u00a0\u00bb css_animation=\u00a0\u00bbnone\u00a0\u00bb css=\u00a0\u00bb\u00a0\u00bb][\/vc_column_inner][vc_column_inner width=\u00a0\u00bb3\/4&Prime;][vc_column_text]<\/p>\n<h4 style=\"font-size: 110%;\"><strong>Marie-Pierre Charette<\/strong><br \/>\n<span style=\"font-size: 70%;\">Conseill\u00e8re aux \u00e9tudiants de l\u2019international<br \/>\nUniversit\u00e9 Laval<br \/>\n<\/span><\/h4>\n<p>[\/vc_column_text][\/vc_column_inner][\/vc_row_inner][\/vc_column][\/vc_row][vc_row bg_color=\u00a0\u00bb#f2f2f2&Prime; bottom_padding=\u00a0\u00bb40&Prime;][vc_column width=\u00a0\u00bb1\/2&Prime;][vc_row_inner el_class=\u00a0\u00bbsteermem\u00a0\u00bb][vc_column_inner width=\u00a0\u00bb1\/4&Prime;][vc_single_image image=\u00a0\u00bb111745&Prime; img_size=\u00a0\u00bb\u00a0\u00bb alignment=\u00a0\u00bbcenter\u00a0\u00bb style=\u00a0\u00bbvc_box_shadow\u00a0\u00bb css_animation=\u00a0\u00bbnone\u00a0\u00bb css=\u00a0\u00bb\u00a0\u00bb][\/vc_column_inner][vc_column_inner width=\u00a0\u00bb3\/4&Prime;][vc_column_text]<\/p>\n<h4 style=\"font-size: 110%;\"><strong>Kateryna Gnatkova<\/strong><br \/>\n<span style=\"font-size: 70%;\">Conseill\u00e8re principale pour les \u00e9tudiant.e.s et chercheur.euse.s internationaux.ales<br \/>\nNortheastern University<\/span><\/h4>\n<p>[\/vc_column_text][\/vc_column_inner][\/vc_row_inner][\/vc_column][vc_column width=\u00a0\u00bb1\/2&Prime;][vc_row_inner el_class=\u00a0\u00bbsteermem\u00a0\u00bb][vc_column_inner width=\u00a0\u00bb1\/4&Prime;][vc_single_image image=\u00a0\u00bb119852&Prime; img_size=\u00a0\u00bb\u00a0\u00bb alignment=\u00a0\u00bbcenter\u00a0\u00bb style=\u00a0\u00bbvc_box_shadow\u00a0\u00bb css_animation=\u00a0\u00bbnone\u00a0\u00bb css=\u00a0\u00bb\u00a0\u00bb][\/vc_column_inner][vc_column_inner width=\u00a0\u00bb3\/4&Prime;][vc_column_text]<\/p>\n<h4 style=\"font-size: 110%;\"><strong>Mehak Kaushal<\/strong><br \/>\n<span style=\"font-size: 70%;\">Conseill\u00e8re aux \u00e9tudiants internationaux<br \/>\nCape Breton University<\/span><\/h4>\n<p>[\/vc_column_text][\/vc_column_inner][\/vc_row_inner][\/vc_column][\/vc_row][vc_row bg_color=\u00a0\u00bb#f2f2f2&Prime; bottom_padding=\u00a0\u00bb40&Prime;][vc_column width=\u00a0\u00bb1\/2&Prime;][vc_row_inner el_class=\u00a0\u00bbsteermem\u00a0\u00bb][vc_column_inner width=\u00a0\u00bb1\/4&Prime;][vc_single_image image=\u00a0\u00bb79773&Prime; img_size=\u00a0\u00bb\u00a0\u00bb alignment=\u00a0\u00bbcenter\u00a0\u00bb style=\u00a0\u00bbvc_box_shadow\u00a0\u00bb css_animation=\u00a0\u00bbnone\u00a0\u00bb][\/vc_column_inner][vc_column_inner width=\u00a0\u00bb3\/4&Prime;][vc_column_text]<\/p>\n<h4 style=\"font-size: 110%;\"><strong>Mayoori Malankov<br \/>\n<\/strong><span style=\"font-size: 70%;\">Responsable, conseil aux \u00e9tudiants internationaux<br \/>\n<\/span><span style=\"font-size: 70%;\">York University<\/span><\/h4>\n<p>[\/vc_column_text][\/vc_column_inner][\/vc_row_inner][\/vc_column][vc_column width=\u00a0\u00bb1\/2&Prime;][vc_row_inner el_class=\u00a0\u00bbsteermem\u00a0\u00bb][vc_column_inner width=\u00a0\u00bb1\/4&Prime;][vc_single_image image=\u00a0\u00bb119916&Prime; img_size=\u00a0\u00bb\u00a0\u00bb alignment=\u00a0\u00bbcenter\u00a0\u00bb style=\u00a0\u00bbvc_box_shadow\u00a0\u00bb css_animation=\u00a0\u00bbnone\u00a0\u00bb css=\u00a0\u00bb\u00a0\u00bb][\/vc_column_inner][vc_column_inner width=\u00a0\u00bb3\/4&Prime;][vc_column_text]<\/p>\n<h4 style=\"font-size: 110%;\"><strong>Alexandra McAllister<\/strong><br \/>\n<span style=\"font-size: 70%;\">Conseill\u00e8re interm\u00e9diaire<br \/>\nUniversit\u00e9 d&rsquo;Ottawa<\/span><\/h4>\n<p>[\/vc_column_text][\/vc_column_inner][\/vc_row_inner][\/vc_column][\/vc_row][vc_row bg_color=\u00a0\u00bb#f2f2f2&Prime; bottom_padding=\u00a0\u00bb40&Prime;][vc_column width=\u00a0\u00bb1\/2&Prime;][vc_row_inner el_class=\u00a0\u00bbsteermem\u00a0\u00bb][vc_column_inner width=\u00a0\u00bb1\/4&Prime;][vc_single_image image=\u00a0\u00bb113870&Prime; img_size=\u00a0\u00bb\u00a0\u00bb alignment=\u00a0\u00bbcenter\u00a0\u00bb style=\u00a0\u00bbvc_box_shadow\u00a0\u00bb css_animation=\u00a0\u00bbnone\u00a0\u00bb css=\u00a0\u00bb\u00a0\u00bb][\/vc_column_inner][vc_column_inner width=\u00a0\u00bb3\/4&Prime;][vc_column_text]<\/p>\n<h4 style=\"font-size: 110%;\"><strong>AR (Antriksh) Mistry<\/strong><br \/>\n<span style=\"font-size: 70%;\">Conseiller en immigration aux \u00e9tudiants internationaux<br \/>\nOkanagan College<br \/>\n<\/span><\/h4>\n<p>[\/vc_column_text][\/vc_column_inner][\/vc_row_inner][\/vc_column][vc_column width=\u00a0\u00bb1\/2&Prime;][\/vc_column][\/vc_row]<\/p>\n<\/div>","protected":false},"excerpt":{"rendered":"<p>[vc_row bg_image=\u00a0\u00bb110732&Prime; parallax_bg=\u00a0\u00bbtrue\u00a0\u00bb bg_color=\u00a0\u00bb#01426a\u00a0\u00bb text_color=\u00a0\u00bblight\u00a0\u00bb text_align=\u00a0\u00bbcenter\u00a0\u00bb top_padding=\u00a0\u00bb40&Prime; bottom_padding=\u00a0\u00bb40&Prime; row_id=\u00a0\u00bbhero-banner\u00a0\u00bb][vc_column column_padding=\u00a0\u00bbcustom-padding\u00a0\u00bb column_custompadding=\u00a0\u00bb8% 0px\u00a0\u00bb text_color=\u00a0\u00bblight\u00a0\u00bb text_align=\u00a0\u00bbcenter\u00a0\u00bb width=\u00a0\u00bb1\/1&Prime;][vc_column_text] Communaut\u00e9 d\u2019apprentissage professionnelle \u2013 Student Advising &#8211; Conseil aux \u00e9tudiants (CAP-SACE) [\/vc_column_text][vc_column_text] La CAP SACE [&hellip;]<\/p>\n","protected":false},"author":2,"featured_media":0,"parent":17230,"menu_order":0,"comment_status":"closed","ping_status":"closed","template":"","meta":{"_acf_changed":false,"footnotes":""},"class_list":["post-64856","page","type-page","status-publish","hentry"],"acf":[],"yoast_head":"<!-- This site is optimized with the Yoast SEO plugin v27.4 - https:\/\/yoast.com\/product\/yoast-seo-wordpress\/ -->\n<title>CAP-SACE - CBIE<\/title>\n<meta name=\"robots\" content=\"index, follow, max-snippet:-1, max-image-preview:large, max-video-preview:-1\" \/>\n<link rel=\"canonical\" href=\"https:\/\/cbie.ca\/fr\/notre-reseau\/professional-learning-communities\/cap-sace\/\" \/>\n<meta property=\"og:locale\" content=\"fr_FR\" \/>\n<meta property=\"og:type\" content=\"article\" \/>\n<meta property=\"og:title\" content=\"CAP-SACE - CBIE\" \/>\n<meta property=\"og:description\" content=\"[vc_row bg_image=\u00a0\u00bb110732&Prime; parallax_bg=\u00a0\u00bbtrue\u00a0\u00bb bg_color=\u00a0\u00bb#01426a\u00a0\u00bb text_color=\u00a0\u00bblight\u00a0\u00bb text_align=\u00a0\u00bbcenter\u00a0\u00bb top_padding=\u00a0\u00bb40&Prime; bottom_padding=\u00a0\u00bb40&Prime; row_id=\u00a0\u00bbhero-banner\u00a0\u00bb][vc_column column_padding=\u00a0\u00bbcustom-padding\u00a0\u00bb column_custompadding=\u00a0\u00bb8% 0px\u00a0\u00bb text_color=\u00a0\u00bblight\u00a0\u00bb text_align=\u00a0\u00bbcenter\u00a0\u00bb width=\u00a0\u00bb1\/1&Prime;][vc_column_text] Communaut\u00e9 d\u2019apprentissage professionnelle \u2013 Student Advising &#8211; Conseil aux \u00e9tudiants (CAP-SACE) [\/vc_column_text][vc_column_text] La CAP SACE [&hellip;]\" \/>\n<meta property=\"og:url\" content=\"https:\/\/cbie.ca\/fr\/notre-reseau\/professional-learning-communities\/cap-sace\/\" \/>\n<meta property=\"og:site_name\" content=\"CBIE\" \/>\n<meta property=\"article:modified_time\" content=\"2026-03-31T19:29:40+00:00\" \/>\n<meta property=\"og:image\" content=\"https:\/\/cbie.ca\/wp-content\/uploads\/2024\/01\/CBIE-Announcement-EN.png\" \/>\n\t<meta property=\"og:image:width\" content=\"1600\" \/>\n\t<meta property=\"og:image:height\" content=\"900\" \/>\n\t<meta property=\"og:image:type\" content=\"image\/png\" \/>\n<meta name=\"twitter:card\" content=\"summary_large_image\" \/>\n<meta name=\"twitter:label1\" content=\"Dur\u00e9e de lecture estim\u00e9e\" \/>\n\t<meta name=\"twitter:data1\" content=\"5 minutes\" \/>\n<script type=\"application\/ld+json\" class=\"yoast-schema-graph\">{\"@context\":\"https:\\\/\\\/schema.org\",\"@graph\":[{\"@type\":\"WebPage\",\"@id\":\"https:\\\/\\\/cbie.ca\\\/fr\\\/notre-reseau\\\/professional-learning-communities\\\/cap-sace\\\/\",\"url\":\"https:\\\/\\\/cbie.ca\\\/fr\\\/notre-reseau\\\/professional-learning-communities\\\/cap-sace\\\/\",\"name\":\"CAP-SACE - CBIE\",\"isPartOf\":{\"@id\":\"https:\\\/\\\/cbie.ca\\\/#website\"},\"datePublished\":\"2022-05-03T19:17:07+00:00\",\"dateModified\":\"2026-03-31T19:29:40+00:00\",\"breadcrumb\":{\"@id\":\"https:\\\/\\\/cbie.ca\\\/fr\\\/notre-reseau\\\/professional-learning-communities\\\/cap-sace\\\/#breadcrumb\"},\"inLanguage\":\"fr-FR\",\"potentialAction\":[{\"@type\":\"ReadAction\",\"target\":[\"https:\\\/\\\/cbie.ca\\\/fr\\\/notre-reseau\\\/professional-learning-communities\\\/cap-sace\\\/\"]}]},{\"@type\":\"BreadcrumbList\",\"@id\":\"https:\\\/\\\/cbie.ca\\\/fr\\\/notre-reseau\\\/professional-learning-communities\\\/cap-sace\\\/#breadcrumb\",\"itemListElement\":[{\"@type\":\"ListItem\",\"position\":1,\"name\":\"Home\",\"item\":\"https:\\\/\\\/cbie.ca\\\/fr\\\/\"},{\"@type\":\"ListItem\",\"position\":2,\"name\":\"Notre R\u00e9seau\",\"item\":\"https:\\\/\\\/cbie.ca\\\/fr\\\/notre-reseau\\\/\"},{\"@type\":\"ListItem\",\"position\":3,\"name\":\"Communaut\u00e9s d\u2019apprentissage professionnel\",\"item\":\"https:\\\/\\\/cbie.ca\\\/fr\\\/notre-reseau\\\/professional-learning-communities\\\/\"},{\"@type\":\"ListItem\",\"position\":4,\"name\":\"CAP-SACE\"}]},{\"@type\":\"WebSite\",\"@id\":\"https:\\\/\\\/cbie.ca\\\/#website\",\"url\":\"https:\\\/\\\/cbie.ca\\\/\",\"name\":\"Canadian Bureau for International Education\",\"description\":\"\",\"potentialAction\":[{\"@type\":\"SearchAction\",\"target\":{\"@type\":\"EntryPoint\",\"urlTemplate\":\"https:\\\/\\\/cbie.ca\\\/?s={search_term_string}\"},\"query-input\":{\"@type\":\"PropertyValueSpecification\",\"valueRequired\":true,\"valueName\":\"search_term_string\"}}],\"inLanguage\":\"fr-FR\"}]}<\/script>\n<!-- \/ Yoast SEO plugin. -->","yoast_head_json":{"title":"CAP-SACE - CBIE","robots":{"index":"index","follow":"follow","max-snippet":"max-snippet:-1","max-image-preview":"max-image-preview:large","max-video-preview":"max-video-preview:-1"},"canonical":"https:\/\/cbie.ca\/fr\/notre-reseau\/professional-learning-communities\/cap-sace\/","og_locale":"fr_FR","og_type":"article","og_title":"CAP-SACE - CBIE","og_description":"[vc_row bg_image=\u00a0\u00bb110732&Prime; parallax_bg=\u00a0\u00bbtrue\u00a0\u00bb bg_color=\u00a0\u00bb#01426a\u00a0\u00bb text_color=\u00a0\u00bblight\u00a0\u00bb text_align=\u00a0\u00bbcenter\u00a0\u00bb top_padding=\u00a0\u00bb40&Prime; bottom_padding=\u00a0\u00bb40&Prime; row_id=\u00a0\u00bbhero-banner\u00a0\u00bb][vc_column column_padding=\u00a0\u00bbcustom-padding\u00a0\u00bb column_custompadding=\u00a0\u00bb8% 0px\u00a0\u00bb text_color=\u00a0\u00bblight\u00a0\u00bb text_align=\u00a0\u00bbcenter\u00a0\u00bb width=\u00a0\u00bb1\/1&Prime;][vc_column_text] Communaut\u00e9 d\u2019apprentissage professionnelle \u2013 Student Advising &#8211; Conseil aux \u00e9tudiants (CAP-SACE) [\/vc_column_text][vc_column_text] La CAP SACE [&hellip;]","og_url":"https:\/\/cbie.ca\/fr\/notre-reseau\/professional-learning-communities\/cap-sace\/","og_site_name":"CBIE","article_modified_time":"2026-03-31T19:29:40+00:00","og_image":[{"width":1600,"height":900,"url":"https:\/\/cbie.ca\/wp-content\/uploads\/2024\/01\/CBIE-Announcement-EN.png","type":"image\/png"}],"twitter_card":"summary_large_image","twitter_misc":{"Dur\u00e9e de lecture estim\u00e9e":"5 minutes"},"schema":{"@context":"https:\/\/schema.org","@graph":[{"@type":"WebPage","@id":"https:\/\/cbie.ca\/fr\/notre-reseau\/professional-learning-communities\/cap-sace\/","url":"https:\/\/cbie.ca\/fr\/notre-reseau\/professional-learning-communities\/cap-sace\/","name":"CAP-SACE - CBIE","isPartOf":{"@id":"https:\/\/cbie.ca\/#website"},"datePublished":"2022-05-03T19:17:07+00:00","dateModified":"2026-03-31T19:29:40+00:00","breadcrumb":{"@id":"https:\/\/cbie.ca\/fr\/notre-reseau\/professional-learning-communities\/cap-sace\/#breadcrumb"},"inLanguage":"fr-FR","potentialAction":[{"@type":"ReadAction","target":["https:\/\/cbie.ca\/fr\/notre-reseau\/professional-learning-communities\/cap-sace\/"]}]},{"@type":"BreadcrumbList","@id":"https:\/\/cbie.ca\/fr\/notre-reseau\/professional-learning-communities\/cap-sace\/#breadcrumb","itemListElement":[{"@type":"ListItem","position":1,"name":"Home","item":"https:\/\/cbie.ca\/fr\/"},{"@type":"ListItem","position":2,"name":"Notre R\u00e9seau","item":"https:\/\/cbie.ca\/fr\/notre-reseau\/"},{"@type":"ListItem","position":3,"name":"Communaut\u00e9s d\u2019apprentissage professionnel","item":"https:\/\/cbie.ca\/fr\/notre-reseau\/professional-learning-communities\/"},{"@type":"ListItem","position":4,"name":"CAP-SACE"}]},{"@type":"WebSite","@id":"https:\/\/cbie.ca\/#website","url":"https:\/\/cbie.ca\/","name":"Canadian Bureau for International Education","description":"","potentialAction":[{"@type":"SearchAction","target":{"@type":"EntryPoint","urlTemplate":"https:\/\/cbie.ca\/?s={search_term_string}"},"query-input":{"@type":"PropertyValueSpecification","valueRequired":true,"valueName":"search_term_string"}}],"inLanguage":"fr-FR"}]}},"_links":{"self":[{"href":"https:\/\/cbie.ca\/fr\/wp-json\/wp\/v2\/pages\/64856","targetHints":{"allow":["GET"]}}],"collection":[{"href":"https:\/\/cbie.ca\/fr\/wp-json\/wp\/v2\/pages"}],"about":[{"href":"https:\/\/cbie.ca\/fr\/wp-json\/wp\/v2\/types\/page"}],"author":[{"embeddable":true,"href":"https:\/\/cbie.ca\/fr\/wp-json\/wp\/v2\/users\/2"}],"replies":[{"embeddable":true,"href":"https:\/\/cbie.ca\/fr\/wp-json\/wp\/v2\/comments?post=64856"}],"version-history":[{"count":10,"href":"https:\/\/cbie.ca\/fr\/wp-json\/wp\/v2\/pages\/64856\/revisions"}],"predecessor-version":[{"id":120763,"href":"https:\/\/cbie.ca\/fr\/wp-json\/wp\/v2\/pages\/64856\/revisions\/120763"}],"up":[{"embeddable":true,"href":"https:\/\/cbie.ca\/fr\/wp-json\/wp\/v2\/pages\/17230"}],"wp:attachment":[{"href":"https:\/\/cbie.ca\/fr\/wp-json\/wp\/v2\/media?parent=64856"}],"curies":[{"name":"wp","href":"https:\/\/api.w.org\/{rel}","templated":true}]}}