{"id":61488,"date":"2022-02-02T13:46:29","date_gmt":"2022-02-02T18:46:29","guid":{"rendered":"https:\/\/cbieca.wpenginepowered.com\/notre-reseau\/professional-learning-communities\/ea-plc\/"},"modified":"2026-03-26T16:32:15","modified_gmt":"2026-03-26T20:32:15","slug":"ea-plc","status":"publish","type":"page","link":"https:\/\/cbie.ca\/fr\/notre-reseau\/professional-learning-communities\/ea-plc\/","title":{"rendered":"EA-PLC"},"content":{"rendered":"<div class=\"wpb-content-wrapper\"><p>[vc_row bg_image=\u00a0\u00bb110732&Prime; parallax_bg=\u00a0\u00bbtrue\u00a0\u00bb bg_color=\u00a0\u00bb#01426a\u00a0\u00bb text_color=\u00a0\u00bblight\u00a0\u00bb text_align=\u00a0\u00bbcenter\u00a0\u00bb top_padding=\u00a0\u00bb40&Prime; bottom_padding=\u00a0\u00bb40&Prime; row_id=\u00a0\u00bbhero-banner\u00a0\u00bb][vc_column column_padding=\u00a0\u00bbcustom-padding\u00a0\u00bb column_custompadding=\u00a0\u00bb8% 0px\u00a0\u00bb text_color=\u00a0\u00bblight\u00a0\u00bb text_align=\u00a0\u00bbcenter\u00a0\u00bb width=\u00a0\u00bb1\/1&Prime;][vc_column_text]<\/p>\n<h1>Communaut\u00e9 d\u2019apprentissage professionnelle pour l\u2019\u00e9ducation \u00e0 l\u2019\u00e9tranger (CAP-EE)<\/h1>\n<p>[\/vc_column_text]<div class=\"newdivider align-center\" style=\"border-bottom-style: solid; border-color: #1c86a4; border-bottom-width: 2px; margin-top: 30px; margin-bottom: 30px; width: 130px; \"><\/div><div class=\"clear\"><\/div>[vc_column_text]<\/p>\n<h5>La CAP pour l\u2019\u00e9ducation \u00e0 l\u2019\u00e9tranger offre un forum pour les professionnel.le.s \u0153uvrant dans les domaines de l\u2019\u00e9ducation \u00e0 l\u2019\u00e9tranger et de l\u2019apprentissage mondial dans le but de favoriser l\u2019\u00e9change de connaissances, l\u2019organisation de projet et d\u2019activit\u00e9s, et le d\u00e9veloppement des comp\u00e9tences<\/h5>\n<p>[\/vc_column_text]<div class=\"spacer\" style=\"height: 50px;\"><\/div>[vc_btn title=\u00a0\u00bbCONNECTEZ-VOUS AU CARREFOUR COMMUNAUTAIRE POUR REJOINDRE LA CAP-EE\u00a0\u00bb style=\u00a0\u00bboutline-custom\u00a0\u00bb outline_custom_color=\u00a0\u00bb#ffffff\u00a0\u00bb outline_custom_hover_background=\u00a0\u00bb#ffffff\u00a0\u00bb outline_custom_hover_text=\u00a0\u00bb#0099b2&Prime; shape=\u00a0\u00bbsquare\u00a0\u00bb css=\u00a0\u00bb\u00a0\u00bb link=\u00a0\u00bburl:https%3A%2F%2Fcommunity.cbie.ca%2Ffr%2Flogin%2F|title:Community%20hub|target:_blank\u00a0\u00bb el_class=\u00a0\u00bbhub-link-btn\u00a0\u00bb el_id=\u00a0\u00bbtxt-white\u00a0\u00bb][\/vc_column][\/vc_row][vc_row top_padding=\u00a0\u00bb70&Prime; bottom_padding=\u00a0\u00bb70&Prime;][vc_column width=\u00a0\u00bb1\/1&Prime;][vc_column_text]<\/p>\n<h3 style=\"text-align: center;\">S\u00e9rie d&rsquo;apprentissage d&rsquo;Exp\u00e9rience comp\u00e9tences mondiales<\/h3>\n<p style=\"text-align: center;\"><a href=\"https:\/\/experiencecompetencesmondiales.ca\/\" target=\"_blank\" rel=\"noopener\">Exp\u00e9rience comp\u00e9tences mondiales (ECM)<\/a>, le BCEI et la communaut\u00e9 d\u2019apprentissage professionnel (CAP) du BCEI pour les \u00e9tudes \u00e0 l\u2019\u00e9tranger collaborent sur une s\u00e9rie d\u2019apprentissage pour appuyer les \u00e9tablissements d\u2019enseignement postsecondaire canadiens dans le d\u00e9veloppement et la conception de leurs programmes d\u2019exp\u00e9rience internationale.<\/p>\n<p>[\/vc_column_text]<div class=\"spacer\" style=\"height: 30px;\"><\/div>[vc_row_inner][vc_column_inner width=\u00a0\u00bb1\/2&Prime;][vc_single_image image=\u00a0\u00bb60055&Prime; img_size=\u00a0\u00bblarge\u00a0\u00bb alignment=\u00a0\u00bbcenter\u00a0\u00bb][\/vc_column_inner][vc_column_inner width=\u00a0\u00bb1\/2&Prime;][vc_raw_html]JTNDYSUyMGhyZWYlM0QlMjJodHRwcyUzQSUyRiUyRnZpbWVvLmNvbSUyRjY2Nzc4ODc0OSUyMiUyMGNsYXNzJTNEJTIydmNfZ2VuZXJhbCUyMHZjX2J0bjMlMjB2Y19idG4zLXNpemUtbGclMjB2Y19idG4zLXNoYXBlLXJvdW5kZWQlMjB2Y19idG4zLXN0eWxlLWNsYXNzaWMlMjB2Y19idG4zLWljb24tbGVmdCUyMHZjX2J0bjMtY29sb3ItZ3JleSUyMiUyMHJlbCUzRCUyMnByZXR0eVBob3RvJTIyJTNFJTNDaSUyMGNsYXNzJTNEJTIydmNfYnRuMy1pY29uJTIwZmFzJTIwZmEtcGxheSUyMiUzRSUzQyUyRmklM0UlMjBSZWNhZHJlciUyMGxlJTIwbWFya2V0aW5nJTIwZXQlMjBsZSUyMHJlY3J1dGVtZW50JTIwcG91ciUyMCVDMyVBOWxhcmdpciUyMGwlMjdhY2MlQzMlQThzJTIwJUMzJUEwJTIwbCUyNyVDMyVBOWR1Y2F0aW9uJTIwJUMzJUEwJTIwbCUyNyVDMyVBOXRyYW5nZXIlM0MlMkZhJTNF[\/vc_raw_html]<div class=\"spacer\" style=\"height: 30px;\"><\/div>[vc_raw_html]JTNDYSUyMGhyZWYlM0QlMjJodHRwcyUzQSUyRiUyRnZpbWVvLmNvbSUyRjY3NzgwMDA1NSUyMiUyMGNsYXNzJTNEJTIydmNfZ2VuZXJhbCUyMHZjX2J0bjMlMjB2Y19idG4zLXNpemUtbGclMjB2Y19idG4zLXNoYXBlLXJvdW5kZWQlMjB2Y19idG4zLXN0eWxlLWNsYXNzaWMlMjB2Y19idG4zLWljb24tbGVmdCUyMHZjX2J0bjMtY29sb3ItZ3JleSUyMiUyMHJlbCUzRCUyMnByZXR0eVBob3RvJTIyJTNFJTNDaSUyMGNsYXNzJTNEJTIydmNfYnRuMy1pY29uJTIwZmFzJTIwZmEtcGxheSUyMiUzRSUzQyUyRmklM0UlMjBSZW5mb3JjZXIlMjBsZXMlMjBzZXJ2aWNlcyUyMGluY2x1c2lmcyUyMGRlJTIwc291dGllbiUyMGNvbXBsZXQlMjBwb3VyJTIwbGElMjBtb2JpbGl0JUMzJUE5JTIwdmVycyUyMGwlRTIlODAlOTklQzMlQTl0cmFuZ2VyJTNDJTJGYSUzRQ==[\/vc_raw_html]<div class=\"spacer\" style=\"height: 30px;\"><\/div>[vc_raw_html]JTNDYSUyMGhyZWYlM0QlMjJodHRwcyUzQSUyRiUyRnZpbWVvLmNvbSUyRjY4MTg3ODY0OSUyMiUyMGNsYXNzJTNEJTIydmNfZ2VuZXJhbCUyMHZjX2J0bjMlMjB2Y19idG4zLXNpemUtbGclMjB2Y19idG4zLXNoYXBlLXJvdW5kZWQlMjB2Y19idG4zLXN0eWxlLWNsYXNzaWMlMjB2Y19idG4zLWljb24tbGVmdCUyMHZjX2J0bjMtY29sb3ItZ3JleSUyMiUyMHJlbCUzRCUyMnByZXR0eVBob3RvJTIyJTNFJTNDaSUyMGNsYXNzJTNEJTIydmNfYnRuMy1pY29uJTIwZmFzJTIwZmEtcGxheSUyMiUzRSUzQyUyRmklM0UlMjBSZW5mb3JjZXIlMjBsZXMlMjBzZXJ2aWNlcyUyMGluY2x1c2lmcyUyMGRlJTIwc291dGllbiUyMGNvbXBsZXQlMjBwb3VyJTIwbGElMjBtb2JpbGl0JUMzJUE5JTIwdmVycyUyMGwlRTIlODAlOTklQzMlQTl0cmFuZ2VyJTIwLSUyMHBhcnRpZSUyMElJJTNDJTJGYSUzRQ==[\/vc_raw_html]<div class=\"spacer\" style=\"height: 30px;\"><\/div>[vc_raw_html]JTNDYSUyMGhyZWYlM0QlMjJodHRwcyUzQSUyRiUyRnZpbWVvLmNvbSUyRjcwMTczNzE0MSUyMiUyMGNsYXNzJTNEJTIydmNfZ2VuZXJhbCUyMHZjX2J0bjMlMjB2Y19idG4zLXNpemUtbGclMjB2Y19idG4zLXNoYXBlLXJvdW5kZWQlMjB2Y19idG4zLXN0eWxlLWNsYXNzaWMlMjB2Y19idG4zLWljb24tbGVmdCUyMHZjX2J0bjMtY29sb3ItZ3JleSUyMiUyMHJlbCUzRCUyMnByZXR0eVBob3RvJTIyJTNFJTNDaSUyMGNsYXNzJTNEJTIydmNfYnRuMy1pY29uJTIwZmFzJTIwZmEtcGxheSUyMiUzRSUzQyUyRmklM0UlMjBBcnRpY3VsZXIlMjBsZXMlMjBjb21wJUMzJUE5dGVuY2VzJTIwbW9uZGlhbGVzJTIwb2J0ZW51ZXMlMjBnciVDMyVBMmNlJTIwJUMzJUEwJTIwbGElMjBtb2JpbGl0JUMzJUE5JTIwdmVycyUyMGwlMjclQzMlQTl0cmFuZ2VyJTNDJTJGYSUzRQ==[\/vc_raw_html]<div class=\"spacer\" style=\"height: 30px;\"><\/div>[vc_raw_html]JTNDYSUyMGhyZWYlM0QlMjJodHRwcyUzQSUyRiUyRnZpbWVvLmNvbSUyRjcxOTE4MjY3MSUyMiUyMGNsYXNzJTNEJTIydmNfZ2VuZXJhbCUyMHZjX2J0bjMlMjB2Y19idG4zLXNpemUtbGclMjB2Y19idG4zLXNoYXBlLXJvdW5kZWQlMjB2Y19idG4zLXN0eWxlLWNsYXNzaWMlMjB2Y19idG4zLWljb24tbGVmdCUyMHZjX2J0bjMtY29sb3ItZ3JleSUyMiUyMHJlbCUzRCUyMnByZXR0eVBob3RvJTIyJTNFJTNDaSUyMGNsYXNzJTNEJTIydmNfYnRuMy1pY29uJTIwZmFzJTIwZmEtcGxheSUyMiUzRSUzQyUyRmklM0UlMjBDciVDMyVBOWVyJTIwdW5lJTIwY3VsdHVyZSUyMGRlJTIwbW9iaWxpdCVDMyVBOSUyMHZlcnMlMjBsJTI3JUMzJUE5dHJhbmdlciUyMHN1ciUyMGxlJTIwY2FtcHVzJTNDJTJGYSUzRQ==[\/vc_raw_html][\/vc_column_inner][\/vc_row_inner][\/vc_column][\/vc_row][vc_row bg_color=\u00a0\u00bb#f2f2f2&Prime; top_padding=\u00a0\u00bb70&Prime; bottom_padding=\u00a0\u00bb70&Prime;][vc_column text_align=\u00a0\u00bbcenter\u00a0\u00bb width=\u00a0\u00bb1\/1&Prime;][vc_column_text]<\/p>\n<h3 style=\"text-align: center;\">\u00c0 propos<\/h3>\n<p style=\"text-align: left;\">La CAP pour l\u2019\u00e9ducation \u00e0 l\u2019\u00e9tranger (EE) offre un r\u00e9seau de soutien \u00e9clair\u00e9 et efficace ainsi qu\u2019un forum de discussion pour les professionnel.le.s de l\u2019\u00e9ducation \u00e0 l\u2019\u00e9tranger. Dans une optique d\u2019apprentissage pratique, la communaut\u00e9 met \u00e9galement au point des activit\u00e9s \u00e9ducatives et formatrices, ou en fait la promotion, pour les professionnel.le.s de l\u2019apprentissage mondial. La CAP-EE est ouverte aux membres du BCEI qui travaillent dans le domaine de l\u2019apprentissage mondial ou qui s\u2019y int\u00e9ressent, quel que soit leur niveau de poste.<\/p>\n<p style=\"text-align: left;\"><strong>La CAP pour l\u2019\u00e9ducation \u00e0 l\u2019\u00e9tranger comprend les sous-groupes suivants :<\/strong><\/p>\n<ul>\n<li style=\"text-align: left;\">Accessibilit\u00e9 et inclusion<\/li>\n<li style=\"text-align: left;\">Mesure pour l\u2019\u00e9ducation \u00e0 l\u2019\u00e9tranger<\/li>\n<li style=\"text-align: left;\">Comp\u00e9tence interculturelle<\/li>\n<li style=\"text-align: left;\">Soutien pr\u00e9d\u00e9part, au retour et global<\/li>\n<li style=\"text-align: left;\">Action climatique et ODD<\/li>\n<\/ul>\n<p>[\/vc_column_text][vc_row_inner][vc_column_inner width=\u00a0\u00bb1\/6&Prime;][\/vc_column_inner][vc_column_inner width=\u00a0\u00bb2\/3&Prime; css=\u00a0\u00bb.vc_custom_1675372718524{padding-top: 30px !important;}\u00a0\u00bb]<a href=\"https:\/\/cbie.ca\/fr\/notre-reseau\/professional-learning-communities\/ea-plc\/cap-ee-rapport-annuel-2025\/\" target=\"_self\" class=\"button color-1 small btn-blue\" style=\"border-radius: 2px;\">CONSULTER LE RAPPORT ANNUEL 2025 DE LA CAP-EE<\/a>[\/vc_column_inner][vc_column_inner width=\u00a0\u00bb1\/6&Prime;][\/vc_column_inner][\/vc_row_inner]<div class=\"spacer\" style=\"height: 20px;\"><\/div>[vc_row_inner][vc_column_inner width=\u00a0\u00bb1\/5&Prime;][\/vc_column_inner][vc_column_inner width=\u00a0\u00bb1\/5&Prime; css=\u00a0\u00bb.vc_custom_1675372718524{padding-top: 30px !important;}\u00a0\u00bb][\/vc_column_inner][vc_column_inner width=\u00a0\u00bb1\/5&Prime;]<a href=\"https:\/\/cbie.ca\/fr\/notre-reseau\/professional-learning-communities\/ea-plc\/cap-ee-rapport-annuel-2024\/\" target=\"_self\" class=\"button color-3 large \" style=\"border-radius: 2px;\">2024<\/a>[\/vc_column_inner][vc_column_inner width=\u00a0\u00bb1\/5&Prime;][\/vc_column_inner][vc_column_inner width=\u00a0\u00bb1\/5&Prime;][\/vc_column_inner][\/vc_row_inner][\/vc_column][\/vc_row][vc_row text_align=\u00a0\u00bbcenter\u00a0\u00bb top_padding=\u00a0\u00bb70&Prime; class=\u00a0\u00bbsteercomm\u00a0\u00bb][vc_column width=\u00a0\u00bb1\/1&Prime;][vc_column_text]<\/p>\n<h2 style=\"text-align: center;\">Comit\u00e9 directeur<\/h2>\n<p style=\"text-align: center;\">Les membres et copr\u00e9sident.e.s du comit\u00e9 directeur agissent en tant que porte-parole de la CAP-EE et sensibilisent davantage le public \u00e0 la communaut\u00e9 qu&rsquo;ils et elles repr\u00e9sentent.<\/p>\n<p>[\/vc_column_text]<div class=\"spacer\" style=\"height: 50px;\"><\/div>[\/vc_column][\/vc_row][vc_row][vc_column width=\u00a0\u00bb1\/2&Prime;][vc_row_inner el_class=\u00a0\u00bbsteermem\u00a0\u00bb][vc_column_inner width=\u00a0\u00bb1\/4&Prime;][vc_single_image image=\u00a0\u00bb108209&Prime; img_size=\u00a0\u00bb\u00a0\u00bb alignment=\u00a0\u00bbcenter\u00a0\u00bb style=\u00a0\u00bbvc_box_shadow\u00a0\u00bb css_animation=\u00a0\u00bbnone\u00a0\u00bb][\/vc_column_inner][vc_column_inner width=\u00a0\u00bb3\/4&Prime;][vc_column_text]<\/p>\n<h4 style=\"font-size: 110%;\"><strong>Mila Sokolyanskaya<br \/>\n<\/strong><span style=\"font-size: 70%;\">Coordinatrice mondiale de l&rsquo;\u00e9ducation<br \/>\nNorthern Alberta Institute of Technology<br \/>\nCopr\u00e9sidente<\/span><\/h4>\n<p>[\/vc_column_text][\/vc_column_inner][\/vc_row_inner][\/vc_column][vc_column width=\u00a0\u00bb1\/2&Prime;][vc_row_inner el_class=\u00a0\u00bbsteermem\u00a0\u00bb][vc_column_inner width=\u00a0\u00bb1\/4&Prime;][vc_single_image image=\u00a0\u00bb60571&Prime; img_size=\u00a0\u00bb\u00a0\u00bb alignment=\u00a0\u00bbcenter\u00a0\u00bb style=\u00a0\u00bbvc_box_shadow\u00a0\u00bb css_animation=\u00a0\u00bbnone\u00a0\u00bb css=\u00a0\u00bb\u00a0\u00bb][\/vc_column_inner][vc_column_inner width=\u00a0\u00bb3\/4&Prime;][vc_column_text]<\/p>\n<h4 style=\"font-size: 110%;\"><strong>Eunjung Riauka<\/strong><br \/>\n<span style=\"font-size: 70%;\">Directrice, Apprentissage international et s\u00e9curit\u00e9 \u00e0 l&rsquo;\u00e9tranger<br \/>\nWestern University<br \/>\nCopr\u00e9sidente<\/span><\/h4>\n<p>[\/vc_column_text][\/vc_column_inner][\/vc_row_inner][\/vc_column][\/vc_row][vc_row][vc_column width=\u00a0\u00bb1\/2&Prime;][vc_row_inner el_class=\u00a0\u00bbsteermem\u00a0\u00bb][vc_column_inner width=\u00a0\u00bb1\/4&Prime;][vc_single_image image=\u00a0\u00bb113531&Prime; img_size=\u00a0\u00bb\u00a0\u00bb alignment=\u00a0\u00bbcenter\u00a0\u00bb style=\u00a0\u00bbvc_box_shadow\u00a0\u00bb css_animation=\u00a0\u00bbnone\u00a0\u00bb css=\u00a0\u00bb\u00a0\u00bb][\/vc_column_inner][vc_column_inner width=\u00a0\u00bb3\/4&Prime;][vc_column_text]<\/p>\n<h4 style=\"font-size: 110%;\"><strong>Kira Johnson<br \/>\n<\/strong><span style=\"font-size: 70%;\">Coordonnatrice des \u00e9tudes \u00e0 l&rsquo;\u00e9tranger (court terme\/Asie)<br \/>\nUniversity of New Brunswick<\/span><\/h4>\n<p>[\/vc_column_text][\/vc_column_inner][\/vc_row_inner][\/vc_column][vc_column width=\u00a0\u00bb1\/2&Prime;][vc_row_inner el_class=\u00a0\u00bbsteermem\u00a0\u00bb][vc_column_inner width=\u00a0\u00bb1\/4&Prime;][vc_single_image image=\u00a0\u00bb114765&Prime; img_size=\u00a0\u00bb\u00a0\u00bb alignment=\u00a0\u00bbcenter\u00a0\u00bb style=\u00a0\u00bbvc_box_shadow\u00a0\u00bb css_animation=\u00a0\u00bbnone\u00a0\u00bb css=\u00a0\u00bb\u00a0\u00bb][\/vc_column_inner][vc_column_inner width=\u00a0\u00bb3\/4&Prime;][vc_column_text]<\/p>\n<h4 style=\"font-size: 110%;\"><strong>Ana Koonjean<br \/>\n<\/strong><span style=\"font-size: 70%;\">Coordinatrice du programme, Justice mondiale et changement<br \/>\nToronto Metropolitan University<\/span><\/h4>\n<p>[\/vc_column_text][\/vc_column_inner][\/vc_row_inner][\/vc_column][\/vc_row][vc_row][vc_column width=\u00a0\u00bb1\/2&Prime;][vc_row_inner el_class=\u00a0\u00bbsteermem\u00a0\u00bb][vc_column_inner width=\u00a0\u00bb1\/4&Prime;][vc_single_image image=\u00a0\u00bb116782&Prime; img_size=\u00a0\u00bb\u00a0\u00bb alignment=\u00a0\u00bbcenter\u00a0\u00bb style=\u00a0\u00bbvc_box_shadow\u00a0\u00bb css_animation=\u00a0\u00bbnone\u00a0\u00bb css=\u00a0\u00bb\u00a0\u00bb][\/vc_column_inner][vc_column_inner width=\u00a0\u00bb3\/4&Prime;][vc_column_text]<\/p>\n<h4 style=\"font-size: 110%;\"><strong>David Alexander Rodriguez Cartagena<\/strong><br \/>\n<span style=\"font-size: 70%;\"> Conseiller en \u00e9changes internationaux et mobilit\u00e9<br \/>\nDalhousie University<\/span><\/h4>\n<p>[\/vc_column_text][\/vc_column_inner][\/vc_row_inner][\/vc_column][vc_column width=\u00a0\u00bb1\/2&Prime;][vc_row_inner el_class=\u00a0\u00bbsteermem\u00a0\u00bb][vc_column_inner width=\u00a0\u00bb1\/4&Prime;][vc_single_image image=\u00a0\u00bb110116&Prime; img_size=\u00a0\u00bb\u00a0\u00bb alignment=\u00a0\u00bbcenter\u00a0\u00bb style=\u00a0\u00bbvc_box_shadow\u00a0\u00bb css_animation=\u00a0\u00bbnone\u00a0\u00bb][\/vc_column_inner][vc_column_inner width=\u00a0\u00bb3\/4&Prime;][vc_column_text]<\/p>\n<h4 style=\"font-size: 110%;\"><strong>Stasa Andric<\/strong><br \/>\n<span style=\"font-size: 70%;\">Responsable, Engagement mondial<br \/>\nCapilano University<\/span><\/h4>\n<p>[\/vc_column_text][\/vc_column_inner][\/vc_row_inner][\/vc_column][\/vc_row][vc_row bottom_padding=\u00a0\u00bb70&Prime;][vc_column width=\u00a0\u00bb1\/2&Prime;][vc_row_inner el_class=\u00a0\u00bbsteermem\u00a0\u00bb][vc_column_inner width=\u00a0\u00bb1\/4&Prime;][vc_single_image image=\u00a0\u00bb66806&Prime; img_size=\u00a0\u00bb\u00a0\u00bb alignment=\u00a0\u00bbcenter\u00a0\u00bb style=\u00a0\u00bbvc_box_shadow\u00a0\u00bb css_animation=\u00a0\u00bbnone\u00a0\u00bb][\/vc_column_inner][vc_column_inner width=\u00a0\u00bb3\/4&Prime;][vc_column_text]<\/p>\n<h4 style=\"font-size: 110%;\"><strong>Elissa Cressman<\/strong><br \/>\n<span style=\"font-size: 70%;\">Responsable, S\u00e9curit\u00e9 \u00e0 l&rsquo;\u00e9tranger<br \/>\nUniversity of Waterloo<\/span><\/h4>\n<p>[\/vc_column_text][\/vc_column_inner][\/vc_row_inner][\/vc_column][vc_column width=\u00a0\u00bb1\/2&Prime;][\/vc_column][\/vc_row]<\/p>\n<\/div>","protected":false},"excerpt":{"rendered":"<p>[vc_row bg_image=\u00a0\u00bb110732&Prime; parallax_bg=\u00a0\u00bbtrue\u00a0\u00bb bg_color=\u00a0\u00bb#01426a\u00a0\u00bb text_color=\u00a0\u00bblight\u00a0\u00bb text_align=\u00a0\u00bbcenter\u00a0\u00bb top_padding=\u00a0\u00bb40&Prime; bottom_padding=\u00a0\u00bb40&Prime; row_id=\u00a0\u00bbhero-banner\u00a0\u00bb][vc_column column_padding=\u00a0\u00bbcustom-padding\u00a0\u00bb column_custompadding=\u00a0\u00bb8% 0px\u00a0\u00bb text_color=\u00a0\u00bblight\u00a0\u00bb text_align=\u00a0\u00bbcenter\u00a0\u00bb width=\u00a0\u00bb1\/1&Prime;][vc_column_text] Communaut\u00e9 d\u2019apprentissage professionnelle pour l\u2019\u00e9ducation \u00e0 l\u2019\u00e9tranger (CAP-EE) [\/vc_column_text][vc_column_text] La CAP pour l\u2019\u00e9ducation \u00e0 l\u2019\u00e9tranger [&hellip;]<\/p>\n","protected":false},"author":2,"featured_media":0,"parent":17230,"menu_order":0,"comment_status":"closed","ping_status":"closed","template":"","meta":{"_acf_changed":false,"footnotes":""},"class_list":["post-61488","page","type-page","status-publish","hentry"],"acf":[],"yoast_head":"<!-- This site is optimized with the Yoast SEO plugin v27.4 - https:\/\/yoast.com\/product\/yoast-seo-wordpress\/ -->\n<title>EA-PLC - CBIE<\/title>\n<meta name=\"robots\" content=\"index, follow, max-snippet:-1, max-image-preview:large, max-video-preview:-1\" \/>\n<link rel=\"canonical\" href=\"https:\/\/cbie.ca\/fr\/notre-reseau\/professional-learning-communities\/ea-plc\/\" \/>\n<meta property=\"og:locale\" content=\"fr_FR\" \/>\n<meta property=\"og:type\" content=\"article\" \/>\n<meta property=\"og:title\" content=\"EA-PLC - CBIE\" \/>\n<meta property=\"og:description\" content=\"[vc_row bg_image=\u00a0\u00bb110732&Prime; parallax_bg=\u00a0\u00bbtrue\u00a0\u00bb bg_color=\u00a0\u00bb#01426a\u00a0\u00bb text_color=\u00a0\u00bblight\u00a0\u00bb text_align=\u00a0\u00bbcenter\u00a0\u00bb top_padding=\u00a0\u00bb40&Prime; bottom_padding=\u00a0\u00bb40&Prime; row_id=\u00a0\u00bbhero-banner\u00a0\u00bb][vc_column column_padding=\u00a0\u00bbcustom-padding\u00a0\u00bb column_custompadding=\u00a0\u00bb8% 0px\u00a0\u00bb text_color=\u00a0\u00bblight\u00a0\u00bb text_align=\u00a0\u00bbcenter\u00a0\u00bb width=\u00a0\u00bb1\/1&Prime;][vc_column_text] Communaut\u00e9 d\u2019apprentissage professionnelle pour l\u2019\u00e9ducation \u00e0 l\u2019\u00e9tranger (CAP-EE) [\/vc_column_text][vc_column_text] La CAP pour l\u2019\u00e9ducation \u00e0 l\u2019\u00e9tranger [&hellip;]\" \/>\n<meta property=\"og:url\" content=\"https:\/\/cbie.ca\/fr\/notre-reseau\/professional-learning-communities\/ea-plc\/\" \/>\n<meta property=\"og:site_name\" content=\"CBIE\" \/>\n<meta property=\"article:modified_time\" content=\"2026-03-26T20:32:15+00:00\" \/>\n<meta property=\"og:image\" content=\"https:\/\/cbie.ca\/wp-content\/uploads\/2024\/01\/CBIE-Announcement-EN.png\" \/>\n\t<meta property=\"og:image:width\" content=\"1600\" \/>\n\t<meta property=\"og:image:height\" content=\"900\" \/>\n\t<meta property=\"og:image:type\" content=\"image\/png\" \/>\n<meta name=\"twitter:card\" content=\"summary_large_image\" \/>\n<meta name=\"twitter:label1\" content=\"Dur\u00e9e de lecture estim\u00e9e\" \/>\n\t<meta name=\"twitter:data1\" content=\"4 minutes\" \/>\n<script type=\"application\/ld+json\" class=\"yoast-schema-graph\">{\"@context\":\"https:\\\/\\\/schema.org\",\"@graph\":[{\"@type\":\"WebPage\",\"@id\":\"https:\\\/\\\/cbie.ca\\\/fr\\\/notre-reseau\\\/professional-learning-communities\\\/ea-plc\\\/\",\"url\":\"https:\\\/\\\/cbie.ca\\\/fr\\\/notre-reseau\\\/professional-learning-communities\\\/ea-plc\\\/\",\"name\":\"EA-PLC - CBIE\",\"isPartOf\":{\"@id\":\"https:\\\/\\\/cbie.ca\\\/#website\"},\"datePublished\":\"2022-02-02T18:46:29+00:00\",\"dateModified\":\"2026-03-26T20:32:15+00:00\",\"breadcrumb\":{\"@id\":\"https:\\\/\\\/cbie.ca\\\/fr\\\/notre-reseau\\\/professional-learning-communities\\\/ea-plc\\\/#breadcrumb\"},\"inLanguage\":\"fr-FR\",\"potentialAction\":[{\"@type\":\"ReadAction\",\"target\":[\"https:\\\/\\\/cbie.ca\\\/fr\\\/notre-reseau\\\/professional-learning-communities\\\/ea-plc\\\/\"]}]},{\"@type\":\"BreadcrumbList\",\"@id\":\"https:\\\/\\\/cbie.ca\\\/fr\\\/notre-reseau\\\/professional-learning-communities\\\/ea-plc\\\/#breadcrumb\",\"itemListElement\":[{\"@type\":\"ListItem\",\"position\":1,\"name\":\"Home\",\"item\":\"https:\\\/\\\/cbie.ca\\\/fr\\\/\"},{\"@type\":\"ListItem\",\"position\":2,\"name\":\"Notre R\u00e9seau\",\"item\":\"https:\\\/\\\/cbie.ca\\\/fr\\\/notre-reseau\\\/\"},{\"@type\":\"ListItem\",\"position\":3,\"name\":\"Communaut\u00e9s d\u2019apprentissage professionnel\",\"item\":\"https:\\\/\\\/cbie.ca\\\/fr\\\/notre-reseau\\\/professional-learning-communities\\\/\"},{\"@type\":\"ListItem\",\"position\":4,\"name\":\"EA-PLC\"}]},{\"@type\":\"WebSite\",\"@id\":\"https:\\\/\\\/cbie.ca\\\/#website\",\"url\":\"https:\\\/\\\/cbie.ca\\\/\",\"name\":\"Canadian Bureau for International Education\",\"description\":\"\",\"potentialAction\":[{\"@type\":\"SearchAction\",\"target\":{\"@type\":\"EntryPoint\",\"urlTemplate\":\"https:\\\/\\\/cbie.ca\\\/?s={search_term_string}\"},\"query-input\":{\"@type\":\"PropertyValueSpecification\",\"valueRequired\":true,\"valueName\":\"search_term_string\"}}],\"inLanguage\":\"fr-FR\"}]}<\/script>\n<!-- \/ Yoast SEO plugin. -->","yoast_head_json":{"title":"EA-PLC - CBIE","robots":{"index":"index","follow":"follow","max-snippet":"max-snippet:-1","max-image-preview":"max-image-preview:large","max-video-preview":"max-video-preview:-1"},"canonical":"https:\/\/cbie.ca\/fr\/notre-reseau\/professional-learning-communities\/ea-plc\/","og_locale":"fr_FR","og_type":"article","og_title":"EA-PLC - CBIE","og_description":"[vc_row bg_image=\u00a0\u00bb110732&Prime; parallax_bg=\u00a0\u00bbtrue\u00a0\u00bb bg_color=\u00a0\u00bb#01426a\u00a0\u00bb text_color=\u00a0\u00bblight\u00a0\u00bb text_align=\u00a0\u00bbcenter\u00a0\u00bb top_padding=\u00a0\u00bb40&Prime; bottom_padding=\u00a0\u00bb40&Prime; row_id=\u00a0\u00bbhero-banner\u00a0\u00bb][vc_column column_padding=\u00a0\u00bbcustom-padding\u00a0\u00bb column_custompadding=\u00a0\u00bb8% 0px\u00a0\u00bb text_color=\u00a0\u00bblight\u00a0\u00bb text_align=\u00a0\u00bbcenter\u00a0\u00bb width=\u00a0\u00bb1\/1&Prime;][vc_column_text] Communaut\u00e9 d\u2019apprentissage professionnelle pour l\u2019\u00e9ducation \u00e0 l\u2019\u00e9tranger (CAP-EE) [\/vc_column_text][vc_column_text] La CAP pour l\u2019\u00e9ducation \u00e0 l\u2019\u00e9tranger [&hellip;]","og_url":"https:\/\/cbie.ca\/fr\/notre-reseau\/professional-learning-communities\/ea-plc\/","og_site_name":"CBIE","article_modified_time":"2026-03-26T20:32:15+00:00","og_image":[{"width":1600,"height":900,"url":"https:\/\/cbie.ca\/wp-content\/uploads\/2024\/01\/CBIE-Announcement-EN.png","type":"image\/png"}],"twitter_card":"summary_large_image","twitter_misc":{"Dur\u00e9e de lecture estim\u00e9e":"4 minutes"},"schema":{"@context":"https:\/\/schema.org","@graph":[{"@type":"WebPage","@id":"https:\/\/cbie.ca\/fr\/notre-reseau\/professional-learning-communities\/ea-plc\/","url":"https:\/\/cbie.ca\/fr\/notre-reseau\/professional-learning-communities\/ea-plc\/","name":"EA-PLC - CBIE","isPartOf":{"@id":"https:\/\/cbie.ca\/#website"},"datePublished":"2022-02-02T18:46:29+00:00","dateModified":"2026-03-26T20:32:15+00:00","breadcrumb":{"@id":"https:\/\/cbie.ca\/fr\/notre-reseau\/professional-learning-communities\/ea-plc\/#breadcrumb"},"inLanguage":"fr-FR","potentialAction":[{"@type":"ReadAction","target":["https:\/\/cbie.ca\/fr\/notre-reseau\/professional-learning-communities\/ea-plc\/"]}]},{"@type":"BreadcrumbList","@id":"https:\/\/cbie.ca\/fr\/notre-reseau\/professional-learning-communities\/ea-plc\/#breadcrumb","itemListElement":[{"@type":"ListItem","position":1,"name":"Home","item":"https:\/\/cbie.ca\/fr\/"},{"@type":"ListItem","position":2,"name":"Notre R\u00e9seau","item":"https:\/\/cbie.ca\/fr\/notre-reseau\/"},{"@type":"ListItem","position":3,"name":"Communaut\u00e9s d\u2019apprentissage professionnel","item":"https:\/\/cbie.ca\/fr\/notre-reseau\/professional-learning-communities\/"},{"@type":"ListItem","position":4,"name":"EA-PLC"}]},{"@type":"WebSite","@id":"https:\/\/cbie.ca\/#website","url":"https:\/\/cbie.ca\/","name":"Canadian Bureau for International Education","description":"","potentialAction":[{"@type":"SearchAction","target":{"@type":"EntryPoint","urlTemplate":"https:\/\/cbie.ca\/?s={search_term_string}"},"query-input":{"@type":"PropertyValueSpecification","valueRequired":true,"valueName":"search_term_string"}}],"inLanguage":"fr-FR"}]}},"_links":{"self":[{"href":"https:\/\/cbie.ca\/fr\/wp-json\/wp\/v2\/pages\/61488","targetHints":{"allow":["GET"]}}],"collection":[{"href":"https:\/\/cbie.ca\/fr\/wp-json\/wp\/v2\/pages"}],"about":[{"href":"https:\/\/cbie.ca\/fr\/wp-json\/wp\/v2\/types\/page"}],"author":[{"embeddable":true,"href":"https:\/\/cbie.ca\/fr\/wp-json\/wp\/v2\/users\/2"}],"replies":[{"embeddable":true,"href":"https:\/\/cbie.ca\/fr\/wp-json\/wp\/v2\/comments?post=61488"}],"version-history":[{"count":10,"href":"https:\/\/cbie.ca\/fr\/wp-json\/wp\/v2\/pages\/61488\/revisions"}],"predecessor-version":[{"id":120725,"href":"https:\/\/cbie.ca\/fr\/wp-json\/wp\/v2\/pages\/61488\/revisions\/120725"}],"up":[{"embeddable":true,"href":"https:\/\/cbie.ca\/fr\/wp-json\/wp\/v2\/pages\/17230"}],"wp:attachment":[{"href":"https:\/\/cbie.ca\/fr\/wp-json\/wp\/v2\/media?parent=61488"}],"curies":[{"name":"wp","href":"https:\/\/api.w.org\/{rel}","templated":true}]}}