{"id":60080,"date":"2021-11-18T16:07:00","date_gmt":"2021-11-18T21:07:00","guid":{"rendered":"https:\/\/cbieca.wpenginepowered.com\/?page_id=60080"},"modified":"2025-11-19T12:37:54","modified_gmt":"2025-11-19T17:37:54","slug":"rapport-annuel","status":"publish","type":"page","link":"https:\/\/cbie.ca\/fr\/who-we-are\/rapport-annuel\/","title":{"rendered":"Rapport Annuel"},"content":{"rendered":"<div class=\"wpb-content-wrapper\"><p>[vc_row type=\u00a0\u00bbfull_width_section\u00a0\u00bb text_color=\u00a0\u00bblight\u00a0\u00bb text_align=\u00a0\u00bbcenter\u00a0\u00bb][vc_column el_class=\u00a0\u00bbfull\u00a0\u00bb bg_color=\u00a0\u00bb#01416a\u00a0\u00bb column_padding=\u00a0\u00bbpadding-3&Prime; column_center=\u00a0\u00bbtrue\u00a0\u00bb text_color=\u00a0\u00bblight\u00a0\u00bb text_align=\u00a0\u00bbcenter\u00a0\u00bb width=\u00a0\u00bb1\/1&Prime;]<div class=\"spacer\" style=\"height: 50px;\"><\/div>[vc_column_text]<\/p>\n<h1 style=\"text-align: center;\"><span style=\"color: #ffc529;\">Rapport annuel<\/span><\/h1>\n<p>[\/vc_column_text]<div class=\"newdivider align-center\" style=\"border-bottom-style: solid; border-color: #1c86a4; border-bottom-width: 2px; margin-top: 30px; margin-bottom: 30px; width: 130px; \"><\/div><div class=\"clear\"><\/div>[vc_column_text][\/vc_column_text][\/vc_column][\/vc_row][vc_row][vc_column]<div class=\"spacer\" style=\"height: 50px;\"><\/div>[\/vc_column][\/vc_row][vc_row][vc_column width=\u00a0\u00bb2\/5&Prime;]<div class=\"single_image wpb_content_element align-left    bordered\" data-animation=\"none\" data-delay=\"0\"><a href=\"https:\/\/cbie.ca\/wp-content\/uploads\/2025\/11\/cbie2025ar-FR.pdf\" target=\"_blank\"><img loading=\"lazy\" decoding=\"async\" width=\"650\" height=\"919\" src=\"https:\/\/cbie.ca\/wp-content\/uploads\/2025\/11\/cbie2025ar-cover-FR.jpg\" class=\"attachment-full\" alt=\"\" title=\"cbie2025ar-cover-FR\" srcset=\"https:\/\/cbie.ca\/wp-content\/uploads\/2025\/11\/cbie2025ar-cover-FR.jpg 650w, https:\/\/cbie.ca\/wp-content\/uploads\/2025\/11\/cbie2025ar-cover-FR-212x300.jpg 212w\" sizes=\"auto, (max-width: 650px) 100vw, 650px\" \/><\/a><\/div>[\/vc_column][vc_column column_center=\u00a0\u00bbtrue\u00a0\u00bb width=\u00a0\u00bb3\/5&Prime;][vc_column_text]<\/p>\n<h3>Rapport annuel 2025<\/h3>\n<div>\n<p style=\"font-weight: 400;\">L\u2019ann\u00e9e \u00e9coul\u00e9e a r\u00e9ellement \u00e9t\u00e9 sans pr\u00e9c\u00e9dent pour l\u2019\u00e9ducation internationale au Canada. \u00c0 cette fin, le BCEI s\u2019est attard\u00e9 \u00e0 des activit\u00e9s de rassemblement, d\u2019implication et de d\u00e9fense des int\u00e9r\u00eats pour soutenir nos membres tout au long de cette p\u00e9riode mouvement\u00e9e.<\/p>\n<\/div>\n<p>[\/vc_column_text]<div class=\"spacer\" style=\"height: 20px;\"><\/div><a href=\"https:\/\/cbie.ca\/wp-content\/uploads\/2025\/11\/cbie2025ar-FR.pdf\" target=\"_blank\" class=\"button yellow medium btn-blue\" style=\"border-radius: 2px;\">T\u00e9l\u00e9chargement<\/a><div class=\"spacer\" style=\"height: 20px;\"><\/div>[vc_column_text el_class=\u00a0\u00bbdisplayNone\u00a0\u00bb]<a href=\"https:\/\/cbie.ca\/wp-content\/uploads\/2025\/11\/cbie2025fs-FR.pdf\" target=\"_blank\" rel=\"noopener\"><strong>\u00c9tats financiers du Bureau canadien de l\u2019\u00e9ducation internationale et rapport des auditeurs ind\u00e9pendants. Exercice clos le 31 mars 2025.<\/strong><\/a>[\/vc_column_text]<div class=\"newdivider align-center\" style=\"border-bottom-style: solid; border-color: #999999; border-bottom-width: 1px; margin-top: 50px; margin-bottom: 50px; width: 100%; \"><\/div><div class=\"clear\"><\/div>[vc_row_inner content_placement=\u00a0\u00bbmiddle\u00a0\u00bb][vc_column_inner width=\u00a0\u00bb1\/5&Prime;]<a href=\"https:\/\/cbie.ca\/wp-content\/uploads\/2024\/11\/bcei-ar2024-finale-FR.pdf\" target=\"_blank\" class=\"button button-appear color-3 large \" style=\"border-radius: 2px;\"><span>2024<i class='fa fa-book'><\/i><\/span><\/a>[\/vc_column_inner][vc_column_inner width=\u00a0\u00bb1\/5&Prime;]<a href=\"https:\/\/cbie.ca\/wp-content\/uploads\/2023\/11\/CBIE-23-FR_AR_FINAL.pdf\" target=\"_blank\" class=\"button button-appear color-3 large \" style=\"border-radius: 2px;\"><span>2023<i class='fa fa-book'><\/i><\/span><\/a>[\/vc_column_inner][vc_column_inner width=\u00a0\u00bb1\/5&Prime;]<a href=\"https:\/\/cbie.ca\/wp-content\/uploads\/2022\/11\/BCEI-ANNUAL-REPORT-2022.pdf\" target=\"_blank\" class=\"button button-appear color-3 large \" style=\"border-radius: 2px;\"><span>2022<i class='fa fa-book'><\/i><\/span><\/a>[\/vc_column_inner][vc_column_inner width=\u00a0\u00bb1\/5&Prime;]<a href=\"https:\/\/cbie.ca\/wp-content\/uploads\/2021\/11\/CBIE-2021-Annual-Report-French-final.pdf\" target=\"_blank\" class=\"button button-appear color-3 large \" style=\"border-radius: 2px;\"><span>2021<i class='fa fa-book'><\/i><\/span><\/a>[\/vc_column_inner][vc_column_inner width=\u00a0\u00bb1\/5&Prime;]<a href=\"https:\/\/cbie.ca\/wp-content\/uploads\/2020\/11\/cbie-ar2020-FR.pdf\" target=\"_blank\" class=\"button button-appear color-3 large \" style=\"border-radius: 2px;\"><span>2020<i class='fa fa-book'><\/i><\/span><\/a>[\/vc_column_inner][\/vc_row_inner][\/vc_column][\/vc_row][vc_row][vc_column width=\u00a0\u00bb1\/1&Prime;]<div class=\"spacer\" style=\"height: 50px;\"><\/div>[\/vc_column][\/vc_row]<\/p>\n<\/div>","protected":false},"excerpt":{"rendered":"<p>[vc_row type=\u00a0\u00bbfull_width_section\u00a0\u00bb text_color=\u00a0\u00bblight\u00a0\u00bb text_align=\u00a0\u00bbcenter\u00a0\u00bb][vc_column el_class=\u00a0\u00bbfull\u00a0\u00bb bg_color=\u00a0\u00bb#01416a\u00a0\u00bb column_padding=\u00a0\u00bbpadding-3&Prime; column_center=\u00a0\u00bbtrue\u00a0\u00bb text_color=\u00a0\u00bblight\u00a0\u00bb text_align=\u00a0\u00bbcenter\u00a0\u00bb width=\u00a0\u00bb1\/1&Prime;][vc_column_text] Rapport annuel [\/vc_column_text][vc_column_text][\/vc_column_text][\/vc_column][\/vc_row][vc_row][vc_column][\/vc_column][\/vc_row][vc_row][vc_column width=\u00a0\u00bb2\/5&Prime;][\/vc_column][vc_column column_center=\u00a0\u00bbtrue\u00a0\u00bb width=\u00a0\u00bb3\/5&Prime;][vc_column_text] Rapport annuel 2025 L\u2019ann\u00e9e \u00e9coul\u00e9e a r\u00e9ellement \u00e9t\u00e9 sans pr\u00e9c\u00e9dent pour l\u2019\u00e9ducation internationale [&hellip;]<\/p>\n","protected":false},"author":2,"featured_media":0,"parent":17085,"menu_order":0,"comment_status":"closed","ping_status":"closed","template":"","meta":{"_acf_changed":false,"footnotes":""},"class_list":["post-60080","page","type-page","status-publish","hentry"],"acf":[],"yoast_head":"<!-- This site is optimized with the Yoast SEO plugin v27.3 - https:\/\/yoast.com\/product\/yoast-seo-wordpress\/ -->\n<title>Rapport Annuel - CBIE<\/title>\n<meta name=\"robots\" content=\"index, follow, max-snippet:-1, max-image-preview:large, max-video-preview:-1\" \/>\n<link rel=\"canonical\" href=\"https:\/\/cbie.ca\/fr\/who-we-are\/rapport-annuel\/\" \/>\n<meta property=\"og:locale\" content=\"fr_FR\" \/>\n<meta property=\"og:type\" content=\"article\" \/>\n<meta property=\"og:title\" content=\"Rapport Annuel - CBIE\" \/>\n<meta property=\"og:description\" content=\"[vc_row type=\u00a0\u00bbfull_width_section\u00a0\u00bb text_color=\u00a0\u00bblight\u00a0\u00bb text_align=\u00a0\u00bbcenter\u00a0\u00bb][vc_column el_class=\u00a0\u00bbfull\u00a0\u00bb bg_color=\u00a0\u00bb#01416a\u00a0\u00bb column_padding=\u00a0\u00bbpadding-3&Prime; column_center=\u00a0\u00bbtrue\u00a0\u00bb text_color=\u00a0\u00bblight\u00a0\u00bb text_align=\u00a0\u00bbcenter\u00a0\u00bb width=\u00a0\u00bb1\/1&Prime;][vc_column_text] Rapport annuel [\/vc_column_text][vc_column_text][\/vc_column_text][\/vc_column][\/vc_row][vc_row][vc_column][\/vc_column][\/vc_row][vc_row][vc_column width=\u00a0\u00bb2\/5&Prime;][\/vc_column][vc_column column_center=\u00a0\u00bbtrue\u00a0\u00bb width=\u00a0\u00bb3\/5&Prime;][vc_column_text] Rapport annuel 2025 L\u2019ann\u00e9e \u00e9coul\u00e9e a r\u00e9ellement \u00e9t\u00e9 sans pr\u00e9c\u00e9dent pour l\u2019\u00e9ducation internationale [&hellip;]\" \/>\n<meta property=\"og:url\" content=\"https:\/\/cbie.ca\/fr\/who-we-are\/rapport-annuel\/\" \/>\n<meta property=\"og:site_name\" content=\"CBIE\" \/>\n<meta property=\"article:modified_time\" content=\"2025-11-19T17:37:54+00:00\" \/>\n<meta property=\"og:image\" content=\"https:\/\/cbie.ca\/wp-content\/uploads\/2024\/01\/CBIE-Announcement-EN.png\" \/>\n\t<meta property=\"og:image:width\" content=\"1600\" \/>\n\t<meta property=\"og:image:height\" content=\"900\" \/>\n\t<meta property=\"og:image:type\" content=\"image\/png\" \/>\n<meta name=\"twitter:card\" content=\"summary_large_image\" \/>\n<meta name=\"twitter:label1\" content=\"Dur\u00e9e de lecture estim\u00e9e\" \/>\n\t<meta name=\"twitter:data1\" content=\"1 minute\" \/>\n<script type=\"application\/ld+json\" class=\"yoast-schema-graph\">{\"@context\":\"https:\\\/\\\/schema.org\",\"@graph\":[{\"@type\":\"WebPage\",\"@id\":\"https:\\\/\\\/cbie.ca\\\/fr\\\/who-we-are\\\/rapport-annuel\\\/\",\"url\":\"https:\\\/\\\/cbie.ca\\\/fr\\\/who-we-are\\\/rapport-annuel\\\/\",\"name\":\"Rapport Annuel - CBIE\",\"isPartOf\":{\"@id\":\"https:\\\/\\\/cbie.ca\\\/#website\"},\"datePublished\":\"2021-11-18T21:07:00+00:00\",\"dateModified\":\"2025-11-19T17:37:54+00:00\",\"breadcrumb\":{\"@id\":\"https:\\\/\\\/cbie.ca\\\/fr\\\/who-we-are\\\/rapport-annuel\\\/#breadcrumb\"},\"inLanguage\":\"fr-FR\",\"potentialAction\":[{\"@type\":\"ReadAction\",\"target\":[\"https:\\\/\\\/cbie.ca\\\/fr\\\/who-we-are\\\/rapport-annuel\\\/\"]}]},{\"@type\":\"BreadcrumbList\",\"@id\":\"https:\\\/\\\/cbie.ca\\\/fr\\\/who-we-are\\\/rapport-annuel\\\/#breadcrumb\",\"itemListElement\":[{\"@type\":\"ListItem\",\"position\":1,\"name\":\"Home\",\"item\":\"https:\\\/\\\/cbie.ca\\\/fr\\\/\"},{\"@type\":\"ListItem\",\"position\":2,\"name\":\"Qui sommes-nous?\",\"item\":\"https:\\\/\\\/cbie.ca\\\/fr\\\/who-we-are\\\/\"},{\"@type\":\"ListItem\",\"position\":3,\"name\":\"Rapport Annuel\"}]},{\"@type\":\"WebSite\",\"@id\":\"https:\\\/\\\/cbie.ca\\\/#website\",\"url\":\"https:\\\/\\\/cbie.ca\\\/\",\"name\":\"Canadian Bureau for International Education\",\"description\":\"\",\"potentialAction\":[{\"@type\":\"SearchAction\",\"target\":{\"@type\":\"EntryPoint\",\"urlTemplate\":\"https:\\\/\\\/cbie.ca\\\/?s={search_term_string}\"},\"query-input\":{\"@type\":\"PropertyValueSpecification\",\"valueRequired\":true,\"valueName\":\"search_term_string\"}}],\"inLanguage\":\"fr-FR\"}]}<\/script>\n<!-- \/ Yoast SEO plugin. -->","yoast_head_json":{"title":"Rapport Annuel - CBIE","robots":{"index":"index","follow":"follow","max-snippet":"max-snippet:-1","max-image-preview":"max-image-preview:large","max-video-preview":"max-video-preview:-1"},"canonical":"https:\/\/cbie.ca\/fr\/who-we-are\/rapport-annuel\/","og_locale":"fr_FR","og_type":"article","og_title":"Rapport Annuel - CBIE","og_description":"[vc_row type=\u00a0\u00bbfull_width_section\u00a0\u00bb text_color=\u00a0\u00bblight\u00a0\u00bb text_align=\u00a0\u00bbcenter\u00a0\u00bb][vc_column el_class=\u00a0\u00bbfull\u00a0\u00bb bg_color=\u00a0\u00bb#01416a\u00a0\u00bb column_padding=\u00a0\u00bbpadding-3&Prime; column_center=\u00a0\u00bbtrue\u00a0\u00bb text_color=\u00a0\u00bblight\u00a0\u00bb text_align=\u00a0\u00bbcenter\u00a0\u00bb width=\u00a0\u00bb1\/1&Prime;][vc_column_text] Rapport annuel [\/vc_column_text][vc_column_text][\/vc_column_text][\/vc_column][\/vc_row][vc_row][vc_column][\/vc_column][\/vc_row][vc_row][vc_column width=\u00a0\u00bb2\/5&Prime;][\/vc_column][vc_column column_center=\u00a0\u00bbtrue\u00a0\u00bb width=\u00a0\u00bb3\/5&Prime;][vc_column_text] Rapport annuel 2025 L\u2019ann\u00e9e \u00e9coul\u00e9e a r\u00e9ellement \u00e9t\u00e9 sans pr\u00e9c\u00e9dent pour l\u2019\u00e9ducation internationale [&hellip;]","og_url":"https:\/\/cbie.ca\/fr\/who-we-are\/rapport-annuel\/","og_site_name":"CBIE","article_modified_time":"2025-11-19T17:37:54+00:00","og_image":[{"width":1600,"height":900,"url":"https:\/\/cbie.ca\/wp-content\/uploads\/2024\/01\/CBIE-Announcement-EN.png","type":"image\/png"}],"twitter_card":"summary_large_image","twitter_misc":{"Dur\u00e9e de lecture estim\u00e9e":"1 minute"},"schema":{"@context":"https:\/\/schema.org","@graph":[{"@type":"WebPage","@id":"https:\/\/cbie.ca\/fr\/who-we-are\/rapport-annuel\/","url":"https:\/\/cbie.ca\/fr\/who-we-are\/rapport-annuel\/","name":"Rapport Annuel - CBIE","isPartOf":{"@id":"https:\/\/cbie.ca\/#website"},"datePublished":"2021-11-18T21:07:00+00:00","dateModified":"2025-11-19T17:37:54+00:00","breadcrumb":{"@id":"https:\/\/cbie.ca\/fr\/who-we-are\/rapport-annuel\/#breadcrumb"},"inLanguage":"fr-FR","potentialAction":[{"@type":"ReadAction","target":["https:\/\/cbie.ca\/fr\/who-we-are\/rapport-annuel\/"]}]},{"@type":"BreadcrumbList","@id":"https:\/\/cbie.ca\/fr\/who-we-are\/rapport-annuel\/#breadcrumb","itemListElement":[{"@type":"ListItem","position":1,"name":"Home","item":"https:\/\/cbie.ca\/fr\/"},{"@type":"ListItem","position":2,"name":"Qui sommes-nous?","item":"https:\/\/cbie.ca\/fr\/who-we-are\/"},{"@type":"ListItem","position":3,"name":"Rapport Annuel"}]},{"@type":"WebSite","@id":"https:\/\/cbie.ca\/#website","url":"https:\/\/cbie.ca\/","name":"Canadian Bureau for International Education","description":"","potentialAction":[{"@type":"SearchAction","target":{"@type":"EntryPoint","urlTemplate":"https:\/\/cbie.ca\/?s={search_term_string}"},"query-input":{"@type":"PropertyValueSpecification","valueRequired":true,"valueName":"search_term_string"}}],"inLanguage":"fr-FR"}]}},"_links":{"self":[{"href":"https:\/\/cbie.ca\/fr\/wp-json\/wp\/v2\/pages\/60080","targetHints":{"allow":["GET"]}}],"collection":[{"href":"https:\/\/cbie.ca\/fr\/wp-json\/wp\/v2\/pages"}],"about":[{"href":"https:\/\/cbie.ca\/fr\/wp-json\/wp\/v2\/types\/page"}],"author":[{"embeddable":true,"href":"https:\/\/cbie.ca\/fr\/wp-json\/wp\/v2\/users\/2"}],"replies":[{"embeddable":true,"href":"https:\/\/cbie.ca\/fr\/wp-json\/wp\/v2\/comments?post=60080"}],"version-history":[{"count":5,"href":"https:\/\/cbie.ca\/fr\/wp-json\/wp\/v2\/pages\/60080\/revisions"}],"predecessor-version":[{"id":119458,"href":"https:\/\/cbie.ca\/fr\/wp-json\/wp\/v2\/pages\/60080\/revisions\/119458"}],"up":[{"embeddable":true,"href":"https:\/\/cbie.ca\/fr\/wp-json\/wp\/v2\/pages\/17085"}],"wp:attachment":[{"href":"https:\/\/cbie.ca\/fr\/wp-json\/wp\/v2\/media?parent=60080"}],"curies":[{"name":"wp","href":"https:\/\/api.w.org\/{rel}","templated":true}]}}