{"id":58410,"date":"2021-06-23T14:02:30","date_gmt":"2021-06-23T18:02:30","guid":{"rendered":"https:\/\/cbieca.wpenginepowered.com\/?page_id=58410"},"modified":"2023-06-26T10:08:27","modified_gmt":"2023-06-26T14:08:27","slug":"balados","status":"publish","type":"page","link":"https:\/\/cbie.ca\/fr\/media\/balados\/","title":{"rendered":"Balados"},"content":{"rendered":"<div class=\"wpb-content-wrapper\"><p>[vc_row type=\u00a0\u00bbfull_width_section\u00a0\u00bb bg_image=\u00a0\u00bb101134&Prime; parallax_bg=\u00a0\u00bbtrue\u00a0\u00bb text_color=\u00a0\u00bblight\u00a0\u00bb text_align=\u00a0\u00bbcenter\u00a0\u00bb top_padding=\u00a0\u00bb100&Prime; bottom_padding=\u00a0\u00bb100&Prime;][vc_column column_padding=\u00a0\u00bbpadding-6&Prime; text_align=\u00a0\u00bbcenter\u00a0\u00bb width=\u00a0\u00bb1\/1&Prime;][vc_column_text]<\/p>\n<h1>Audio anciens<\/h1>\n<p style=\"font-size: 120%;\">Des t\u00e9moignages d\u00e9montrant l\u2019influence des exp\u00e9riences internationales sur les \u00e9tudiant.e.s et les jeunes.<\/p>\n<p>[\/vc_column_text][\/vc_column][\/vc_row][vc_row top_padding=\u00a0\u00bb80&Prime; bottom_padding=\u00a0\u00bb80&Prime;][vc_column column_padding=\u00a0\u00bbpadding-5&Prime; text_align=\u00a0\u00bbcenter\u00a0\u00bb width=\u00a0\u00bb1\/6&Prime;][\/vc_column][vc_column text_align=\u00a0\u00bbcenter\u00a0\u00bb width=\u00a0\u00bb2\/3&Prime;][vc_column_text]<\/p>\n<h4>La deuxi\u00e8me saison d\u2019Audio anciens est maintenant disponible<\/h4>\n<p>[\/vc_column_text]<div class=\"spacer\" style=\"height: 25px;\"><\/div>[vc_column_text]Le balado Audio anciens pr\u00e9sente des t\u00e9moignages sur des exp\u00e9riences de travail, de voyage et d&rsquo;apprentissage \u00e0 l&rsquo;\u00e9tranger. Chaque \u00e9pisode, des invit\u00e9.e.s parlent de leur exp\u00e9rience et discutent de l\u2019inspiration derri\u00e8re leurs voyages, des comp\u00e9tences acquises, des obstacles \u00e0 surmonter et, ultimement, de l\u2019influence que le temps pass\u00e9 \u00e0 l\u2019\u00e9tranger a eu sur leur vie jusqu\u2019\u00e0 maintenant.<\/p>\n<p><strong>Le premier \u00e9pisode est en anglais. Les \u00e9pisodes en fran\u00e7ais suivront.<\/strong>[\/vc_column_text]<div class=\"spacer\" style=\"height: 30px;\"><\/div>[vc_raw_html]JTNDaWZyYW1lJTIwaGVpZ2h0JTNEJTIyMjAwcHglMjIlMjB3aWR0aCUzRCUyMjEwMCUyNSUyMiUyMGZyYW1lYm9yZGVyJTNEJTIybm8lMjIlMjBzY3JvbGxpbmclM0QlMjJubyUyMiUyMHNlYW1sZXNzJTIwc3JjJTNEJTIyaHR0cHMlM0ElMkYlMkZwbGF5ZXIuc2ltcGxlY2FzdC5jb20lMkY0NjVkYWUzZi05NTNjLTRjN2EtODBlYi1hNjBiY2ExM2I2MTElM0ZkYXJrJTNEZmFsc2UlMjIlM0UlM0MlMkZpZnJhbWUlM0U=[\/vc_raw_html]<div class=\"spacer\" style=\"height: 30px;\"><\/div><a href=\"https:\/\/audio-anciens.simplecast.com\/\" target=\"_blank\" class=\"button button-appear color-2 large \" style=\"border-radius: 2px;\"><span>\u00c9couter des maintenants<i class='fa fa-podcast'><\/i><\/span><\/a>[\/vc_column][vc_column width=\u00a0\u00bb1\/6&Prime;][\/vc_column][\/vc_row][vc_row text_align=\u00a0\u00bbcenter\u00a0\u00bb][vc_column width=\u00a0\u00bb1\/6&Prime;][\/vc_column][vc_column width=\u00a0\u00bb2\/3&Prime;][vc_column_text]<\/p>\n<h5 style=\"text-align: center;\">Aussi disponible sur :<\/h5>\n<p>[\/vc_column_text]<div class=\"spacer\" style=\"height: 30px;\"><\/div>[vc_row_inner][vc_column_inner width=\u00a0\u00bb1\/5&Prime;][\/vc_column_inner][vc_column_inner width=\u00a0\u00bb1\/5&Prime;]<div class=\"single_image wpb_content_element align-center    \" data-animation=\"none\" data-delay=\"0\"><a href=\"https:\/\/podcasts.apple.com\/ca\/podcast\/audio-anciens\/id1578534792\" target=\"_blank\"><img loading=\"lazy\" decoding=\"async\" width=\"70\" height=\"70\" src=\"https:\/\/cbie.ca\/wp-content\/uploads\/2023\/06\/apple-podcasts-icon.png\" class=\"attachment-thumbnail\" alt=\"Apple Podcasts\" title=\"apple-podcasts-icon\" \/><\/a><\/div>[\/vc_column_inner][vc_column_inner width=\u00a0\u00bb1\/5&Prime;]<div class=\"single_image wpb_content_element align-center    \" data-animation=\"none\" data-delay=\"0\"><a href=\"https:\/\/podcasts.google.com\/feed\/aHR0cHM6Ly9mZWVkcy5zaW1wbGVjYXN0LmNvbS9vMFBMZlpvQg\" target=\"_blank\"><img loading=\"lazy\" decoding=\"async\" width=\"70\" height=\"70\" src=\"https:\/\/cbie.ca\/wp-content\/uploads\/2023\/06\/google-podcasts-icon.png\" class=\"attachment-thumbnail\" alt=\"Google Podcasts\" title=\"google-podcasts-icon\" \/><\/a><\/div>[\/vc_column_inner][vc_column_inner width=\u00a0\u00bb1\/5&Prime;]<div class=\"single_image wpb_content_element align-center    \" data-animation=\"none\" data-delay=\"0\"><a href=\"https:\/\/open.spotify.com\/show\/3l5lPNBNe3BXb6JEU2B5Pe\" target=\"_blank\"><img loading=\"lazy\" decoding=\"async\" width=\"70\" height=\"70\" src=\"https:\/\/cbie.ca\/wp-content\/uploads\/2023\/06\/spotify-icon.png\" class=\"attachment-thumbnail\" alt=\"Spotify\" title=\"spotify-icon\" \/><\/a><\/div>[\/vc_column_inner][vc_column_inner width=\u00a0\u00bb1\/5&Prime;][\/vc_column_inner][\/vc_row_inner][\/vc_column][vc_column width=\u00a0\u00bb1\/6&Prime;][\/vc_column][\/vc_row][vc_row top_padding=\u00a0\u00bb80&Prime; bottom_padding=\u00a0\u00bb80&Prime;][vc_column column_padding=\u00a0\u00bbpadding-5&Prime; text_align=\u00a0\u00bbcenter\u00a0\u00bb width=\u00a0\u00bb1\/6&Prime;][\/vc_column][vc_column text_align=\u00a0\u00bbcenter\u00a0\u00bb width=\u00a0\u00bb2\/3&Prime;][vc_column_text]Cette saison du balado Audio anciens a \u00e9t\u00e9 produite en collaboration avec le gouvernement du Canada par le biais du programme <a href=\"https:\/\/www.canada.ca\/fr\/immigration-refugies-citoyennete\/services\/travailler-canada\/eic1.html?adobe_mc_sdid=SDID%3D620A37D065704609-62E4649DEA7B3897%7CMCORGID%3DA90F2A0D55423F537F000101%40AdobeOrg%7CTS%3D1687451817&amp;adobe_mc_ref=https%3A%2F%2Fwww.google.com%2F\" target=\"_blank\" rel=\"noopener\">Exp\u00e9rience internationale Canada (EIC)<\/a>.<\/p>\n<p><a href=\"https:\/\/www.canada.ca\/en\/immigration-refugees-citizenship\/services\/work-canada\/iec.html\"><img loading=\"lazy\" decoding=\"async\" class=\"aligncenter wp-image-101232\" src=\"https:\/\/cbie.ca\/wp-content\/uploads\/2023\/06\/bf68f792-64e5-4c66-8b78-ef9174dd9e92-300x59.png\" alt=\"\" width=\"500\" height=\"99\" srcset=\"https:\/\/cbie.ca\/wp-content\/uploads\/2023\/06\/bf68f792-64e5-4c66-8b78-ef9174dd9e92-300x59.png 300w, https:\/\/cbie.ca\/wp-content\/uploads\/2023\/06\/bf68f792-64e5-4c66-8b78-ef9174dd9e92-768x151.png 768w, https:\/\/cbie.ca\/wp-content\/uploads\/2023\/06\/bf68f792-64e5-4c66-8b78-ef9174dd9e92.png 1000w\" sizes=\"auto, (max-width: 500px) 100vw, 500px\" \/><\/a>[\/vc_column_text][\/vc_column][vc_column width=\u00a0\u00bb1\/6&Prime;][\/vc_column][\/vc_row]<\/p>\n<\/div>","protected":false},"excerpt":{"rendered":"<p>[vc_row type=\u00a0\u00bbfull_width_section\u00a0\u00bb bg_image=\u00a0\u00bb101134&Prime; parallax_bg=\u00a0\u00bbtrue\u00a0\u00bb text_color=\u00a0\u00bblight\u00a0\u00bb text_align=\u00a0\u00bbcenter\u00a0\u00bb top_padding=\u00a0\u00bb100&Prime; bottom_padding=\u00a0\u00bb100&Prime;][vc_column column_padding=\u00a0\u00bbpadding-6&Prime; text_align=\u00a0\u00bbcenter\u00a0\u00bb width=\u00a0\u00bb1\/1&Prime;][vc_column_text] Audio anciens Des t\u00e9moignages d\u00e9montrant l\u2019influence des exp\u00e9riences internationales sur les \u00e9tudiant.e.s et les jeunes. [\/vc_column_text][\/vc_column][\/vc_row][vc_row top_padding=\u00a0\u00bb80&Prime; bottom_padding=\u00a0\u00bb80&Prime;][vc_column column_padding=\u00a0\u00bbpadding-5&Prime; [&hellip;]<\/p>\n","protected":false},"author":2,"featured_media":0,"parent":18012,"menu_order":0,"comment_status":"closed","ping_status":"closed","template":"","meta":{"_acf_changed":false,"footnotes":""},"class_list":["post-58410","page","type-page","status-publish","hentry"],"acf":[],"yoast_head":"<!-- This site is optimized with the Yoast SEO plugin v27.3 - https:\/\/yoast.com\/product\/yoast-seo-wordpress\/ -->\n<title>Balados - CBIE<\/title>\n<meta name=\"robots\" content=\"index, follow, max-snippet:-1, max-image-preview:large, max-video-preview:-1\" \/>\n<link rel=\"canonical\" href=\"https:\/\/cbie.ca\/fr\/media\/balados\/\" \/>\n<meta property=\"og:locale\" content=\"fr_FR\" \/>\n<meta property=\"og:type\" content=\"article\" \/>\n<meta property=\"og:title\" content=\"Balados - CBIE\" \/>\n<meta property=\"og:description\" content=\"[vc_row type=\u00a0\u00bbfull_width_section\u00a0\u00bb bg_image=\u00a0\u00bb101134&Prime; parallax_bg=\u00a0\u00bbtrue\u00a0\u00bb text_color=\u00a0\u00bblight\u00a0\u00bb text_align=\u00a0\u00bbcenter\u00a0\u00bb top_padding=\u00a0\u00bb100&Prime; bottom_padding=\u00a0\u00bb100&Prime;][vc_column column_padding=\u00a0\u00bbpadding-6&Prime; text_align=\u00a0\u00bbcenter\u00a0\u00bb width=\u00a0\u00bb1\/1&Prime;][vc_column_text] Audio anciens Des t\u00e9moignages d\u00e9montrant l\u2019influence des exp\u00e9riences internationales sur les \u00e9tudiant.e.s et les jeunes. [\/vc_column_text][\/vc_column][\/vc_row][vc_row top_padding=\u00a0\u00bb80&Prime; bottom_padding=\u00a0\u00bb80&Prime;][vc_column column_padding=\u00a0\u00bbpadding-5&Prime; [&hellip;]\" \/>\n<meta property=\"og:url\" content=\"https:\/\/cbie.ca\/fr\/media\/balados\/\" \/>\n<meta property=\"og:site_name\" content=\"CBIE\" \/>\n<meta property=\"article:modified_time\" content=\"2023-06-26T14:08:27+00:00\" \/>\n<meta property=\"og:image\" content=\"https:\/\/cbie.ca\/wp-content\/uploads\/2023\/06\/bf68f792-64e5-4c66-8b78-ef9174dd9e92-300x59.png\" \/>\n<meta name=\"twitter:card\" content=\"summary_large_image\" \/>\n<meta name=\"twitter:label1\" content=\"Dur\u00e9e de lecture estim\u00e9e\" \/>\n\t<meta name=\"twitter:data1\" content=\"2 minutes\" \/>\n<script type=\"application\/ld+json\" class=\"yoast-schema-graph\">{\"@context\":\"https:\\\/\\\/schema.org\",\"@graph\":[{\"@type\":\"WebPage\",\"@id\":\"https:\\\/\\\/cbie.ca\\\/fr\\\/media\\\/balados\\\/\",\"url\":\"https:\\\/\\\/cbie.ca\\\/fr\\\/media\\\/balados\\\/\",\"name\":\"Balados - CBIE\",\"isPartOf\":{\"@id\":\"https:\\\/\\\/cbie.ca\\\/#website\"},\"primaryImageOfPage\":{\"@id\":\"https:\\\/\\\/cbie.ca\\\/fr\\\/media\\\/balados\\\/#primaryimage\"},\"image\":{\"@id\":\"https:\\\/\\\/cbie.ca\\\/fr\\\/media\\\/balados\\\/#primaryimage\"},\"thumbnailUrl\":\"https:\\\/\\\/cbie.ca\\\/wp-content\\\/uploads\\\/2023\\\/06\\\/bf68f792-64e5-4c66-8b78-ef9174dd9e92-300x59.png\",\"datePublished\":\"2021-06-23T18:02:30+00:00\",\"dateModified\":\"2023-06-26T14:08:27+00:00\",\"breadcrumb\":{\"@id\":\"https:\\\/\\\/cbie.ca\\\/fr\\\/media\\\/balados\\\/#breadcrumb\"},\"inLanguage\":\"fr-FR\",\"potentialAction\":[{\"@type\":\"ReadAction\",\"target\":[\"https:\\\/\\\/cbie.ca\\\/fr\\\/media\\\/balados\\\/\"]}]},{\"@type\":\"ImageObject\",\"inLanguage\":\"fr-FR\",\"@id\":\"https:\\\/\\\/cbie.ca\\\/fr\\\/media\\\/balados\\\/#primaryimage\",\"url\":\"https:\\\/\\\/cbie.ca\\\/wp-content\\\/uploads\\\/2023\\\/06\\\/bf68f792-64e5-4c66-8b78-ef9174dd9e92-300x59.png\",\"contentUrl\":\"https:\\\/\\\/cbie.ca\\\/wp-content\\\/uploads\\\/2023\\\/06\\\/bf68f792-64e5-4c66-8b78-ef9174dd9e92-300x59.png\"},{\"@type\":\"BreadcrumbList\",\"@id\":\"https:\\\/\\\/cbie.ca\\\/fr\\\/media\\\/balados\\\/#breadcrumb\",\"itemListElement\":[{\"@type\":\"ListItem\",\"position\":1,\"name\":\"Home\",\"item\":\"https:\\\/\\\/cbie.ca\\\/fr\\\/\"},{\"@type\":\"ListItem\",\"position\":2,\"name\":\"M\u00e9dia\",\"item\":\"https:\\\/\\\/cbie.ca\\\/media\\\/\"},{\"@type\":\"ListItem\",\"position\":3,\"name\":\"Balados\"}]},{\"@type\":\"WebSite\",\"@id\":\"https:\\\/\\\/cbie.ca\\\/#website\",\"url\":\"https:\\\/\\\/cbie.ca\\\/\",\"name\":\"Canadian Bureau for International Education\",\"description\":\"\",\"potentialAction\":[{\"@type\":\"SearchAction\",\"target\":{\"@type\":\"EntryPoint\",\"urlTemplate\":\"https:\\\/\\\/cbie.ca\\\/?s={search_term_string}\"},\"query-input\":{\"@type\":\"PropertyValueSpecification\",\"valueRequired\":true,\"valueName\":\"search_term_string\"}}],\"inLanguage\":\"fr-FR\"}]}<\/script>\n<!-- \/ Yoast SEO plugin. -->","yoast_head_json":{"title":"Balados - CBIE","robots":{"index":"index","follow":"follow","max-snippet":"max-snippet:-1","max-image-preview":"max-image-preview:large","max-video-preview":"max-video-preview:-1"},"canonical":"https:\/\/cbie.ca\/fr\/media\/balados\/","og_locale":"fr_FR","og_type":"article","og_title":"Balados - CBIE","og_description":"[vc_row type=\u00a0\u00bbfull_width_section\u00a0\u00bb bg_image=\u00a0\u00bb101134&Prime; parallax_bg=\u00a0\u00bbtrue\u00a0\u00bb text_color=\u00a0\u00bblight\u00a0\u00bb text_align=\u00a0\u00bbcenter\u00a0\u00bb top_padding=\u00a0\u00bb100&Prime; bottom_padding=\u00a0\u00bb100&Prime;][vc_column column_padding=\u00a0\u00bbpadding-6&Prime; text_align=\u00a0\u00bbcenter\u00a0\u00bb width=\u00a0\u00bb1\/1&Prime;][vc_column_text] Audio anciens Des t\u00e9moignages d\u00e9montrant l\u2019influence des exp\u00e9riences internationales sur les \u00e9tudiant.e.s et les jeunes. [\/vc_column_text][\/vc_column][\/vc_row][vc_row top_padding=\u00a0\u00bb80&Prime; bottom_padding=\u00a0\u00bb80&Prime;][vc_column column_padding=\u00a0\u00bbpadding-5&Prime; [&hellip;]","og_url":"https:\/\/cbie.ca\/fr\/media\/balados\/","og_site_name":"CBIE","article_modified_time":"2023-06-26T14:08:27+00:00","og_image":[{"url":"https:\/\/cbie.ca\/wp-content\/uploads\/2023\/06\/bf68f792-64e5-4c66-8b78-ef9174dd9e92-300x59.png","type":"","width":"","height":""}],"twitter_card":"summary_large_image","twitter_misc":{"Dur\u00e9e de lecture estim\u00e9e":"2 minutes"},"schema":{"@context":"https:\/\/schema.org","@graph":[{"@type":"WebPage","@id":"https:\/\/cbie.ca\/fr\/media\/balados\/","url":"https:\/\/cbie.ca\/fr\/media\/balados\/","name":"Balados - CBIE","isPartOf":{"@id":"https:\/\/cbie.ca\/#website"},"primaryImageOfPage":{"@id":"https:\/\/cbie.ca\/fr\/media\/balados\/#primaryimage"},"image":{"@id":"https:\/\/cbie.ca\/fr\/media\/balados\/#primaryimage"},"thumbnailUrl":"https:\/\/cbie.ca\/wp-content\/uploads\/2023\/06\/bf68f792-64e5-4c66-8b78-ef9174dd9e92-300x59.png","datePublished":"2021-06-23T18:02:30+00:00","dateModified":"2023-06-26T14:08:27+00:00","breadcrumb":{"@id":"https:\/\/cbie.ca\/fr\/media\/balados\/#breadcrumb"},"inLanguage":"fr-FR","potentialAction":[{"@type":"ReadAction","target":["https:\/\/cbie.ca\/fr\/media\/balados\/"]}]},{"@type":"ImageObject","inLanguage":"fr-FR","@id":"https:\/\/cbie.ca\/fr\/media\/balados\/#primaryimage","url":"https:\/\/cbie.ca\/wp-content\/uploads\/2023\/06\/bf68f792-64e5-4c66-8b78-ef9174dd9e92-300x59.png","contentUrl":"https:\/\/cbie.ca\/wp-content\/uploads\/2023\/06\/bf68f792-64e5-4c66-8b78-ef9174dd9e92-300x59.png"},{"@type":"BreadcrumbList","@id":"https:\/\/cbie.ca\/fr\/media\/balados\/#breadcrumb","itemListElement":[{"@type":"ListItem","position":1,"name":"Home","item":"https:\/\/cbie.ca\/fr\/"},{"@type":"ListItem","position":2,"name":"M\u00e9dia","item":"https:\/\/cbie.ca\/media\/"},{"@type":"ListItem","position":3,"name":"Balados"}]},{"@type":"WebSite","@id":"https:\/\/cbie.ca\/#website","url":"https:\/\/cbie.ca\/","name":"Canadian Bureau for International Education","description":"","potentialAction":[{"@type":"SearchAction","target":{"@type":"EntryPoint","urlTemplate":"https:\/\/cbie.ca\/?s={search_term_string}"},"query-input":{"@type":"PropertyValueSpecification","valueRequired":true,"valueName":"search_term_string"}}],"inLanguage":"fr-FR"}]}},"_links":{"self":[{"href":"https:\/\/cbie.ca\/fr\/wp-json\/wp\/v2\/pages\/58410","targetHints":{"allow":["GET"]}}],"collection":[{"href":"https:\/\/cbie.ca\/fr\/wp-json\/wp\/v2\/pages"}],"about":[{"href":"https:\/\/cbie.ca\/fr\/wp-json\/wp\/v2\/types\/page"}],"author":[{"embeddable":true,"href":"https:\/\/cbie.ca\/fr\/wp-json\/wp\/v2\/users\/2"}],"replies":[{"embeddable":true,"href":"https:\/\/cbie.ca\/fr\/wp-json\/wp\/v2\/comments?post=58410"}],"version-history":[{"count":0,"href":"https:\/\/cbie.ca\/fr\/wp-json\/wp\/v2\/pages\/58410\/revisions"}],"up":[{"embeddable":true,"href":"https:\/\/cbie.ca\/fr\/wp-json\/wp\/v2\/pages\/18012"}],"wp:attachment":[{"href":"https:\/\/cbie.ca\/fr\/wp-json\/wp\/v2\/media?parent=58410"}],"curies":[{"name":"wp","href":"https:\/\/api.w.org\/{rel}","templated":true}]}}