{"id":47125,"date":"2021-03-02T13:33:11","date_gmt":"2021-03-02T18:33:11","guid":{"rendered":"https:\/\/cbieca.wpenginepowered.com\/?page_id=47125"},"modified":"2024-12-10T12:42:28","modified_gmt":"2024-12-10T17:42:28","slug":"devenez-membre","status":"publish","type":"page","link":"https:\/\/cbie.ca\/fr\/notre-reseau\/devenez-membre\/","title":{"rendered":"Devenez membre"},"content":{"rendered":"<div class=\"wpb-content-wrapper\"><p>[vc_row bg_image=\u00a0\u00bb110733&Prime; parallax_bg=\u00a0\u00bbtrue\u00a0\u00bb bg_color=\u00a0\u00bb#01426a\u00a0\u00bb text_color=\u00a0\u00bblight\u00a0\u00bb text_align=\u00a0\u00bbcenter\u00a0\u00bb top_padding=\u00a0\u00bb40&Prime; bottom_padding=\u00a0\u00bb40&Prime; row_id=\u00a0\u00bbhero-banner\u00a0\u00bb][vc_column column_padding=\u00a0\u00bbcustom-padding\u00a0\u00bb column_custompadding=\u00a0\u00bb10% 0px\u00a0\u00bb text_color=\u00a0\u00bblight\u00a0\u00bb text_align=\u00a0\u00bbcenter\u00a0\u00bb width=\u00a0\u00bb1\/1&Prime;][vc_column_text]<\/p>\n<h1>Devenez membre<\/h1>\n<p>[\/vc_column_text]<div class=\"newdivider align-center\" style=\"border-bottom-style: solid; border-color: #1c86a4; border-bottom-width: 2px; margin-top: 30px; margin-bottom: 30px; width: 130px; \"><\/div><div class=\"clear\"><\/div>[vc_column_text]<\/p>\n<h5>Le BCEI est une association nationale sans but lucratif qui se consacre \u00e0 appuyer les \u00e9tablissements d\u2019enseignement canadiens par la d\u00e9fense des droits, le renforcement des capacit\u00e9s et l\u2019\u00e9tablissement de liens, et ce, afin d\u2019aider les \u00e9tablissements \u00e0 atteindre leurs objectifs d\u2019internationalisation.<\/h5>\n<p>[\/vc_column_text][\/vc_column][\/vc_row][vc_row top_padding=\u00a0\u00bb70&Prime;][vc_column][vc_column_text]<\/p>\n<h3 style=\"text-align: center;\">Pourquoi joindre le BCEI?<\/h3>\n<p style=\"text-align: center;\"><a href=\"https:\/\/cbie.ca\/fr\/notre-reseau\/membres-et-associes\/\">Les membres du BCEI<\/a> gagnent \u00e0 faire partie d\u2019une vaste communaut\u00e9 regroupant des professionnel.le.s de l\u2019\u00e9ducation internationale de tous les niveaux d\u2019\u00e9ducation au Canada. <strong>\u00catre membre du BCEI permet \u00e0 l\u2019ensemble du personnel de direction et du corps professoral de votre \u00e9tablissement d\u2019avoir acc\u00e8s \u00e0 plusieurs avantages.<\/strong><\/p>\n<p>[\/vc_column_text][\/vc_column][\/vc_row][vc_row top_padding=\u00a0\u00bb60&Prime;][vc_column animation=\u00a0\u00bbfade-in\u00a0\u00bb width=\u00a0\u00bb1\/2&Prime;][vc_column_text el_class=\u00a0\u00bbmemben\u00a0\u00bb]<img loading=\"lazy\" decoding=\"async\" class=\"alignleft wp-image-48715\" src=\"https:\/\/cbie.ca\/wp-content\/uploads\/2021\/03\/bam-icon-01-zoom-1.png\" alt=\"Video Call icon\" width=\"60\" height=\"64\" srcset=\"https:\/\/cbie.ca\/wp-content\/uploads\/2021\/03\/bam-icon-01-zoom-1.png 281w, https:\/\/cbie.ca\/wp-content\/uploads\/2021\/03\/bam-icon-01-zoom-1.png 300w\" sizes=\"auto, (max-width: 60px) 100vw, 60px\" \/><br \/>\n<strong>Connexion &amp; leadership communautaires<\/strong>[\/vc_column_text]<div class=\"spacer\" style=\"height: 10px;\"><\/div>[vc_column_text el_class=\u00a0\u00bbbenlist\u00a0\u00bb]<\/p>\n<ul>\n<li>Carrefour communautaire virtuel des membres<\/li>\n<li>Communaut\u00e9s d\u2019apprentissage professionnelles (CAP)<\/li>\n<li>Possibilit\u00e9 d\u2019assumer un r\u00f4le de leadership b\u00e9n\u00e9vole pour les CAP<\/li>\n<li>R\u00e9seautage, connexion entre pairs et mentorat avec plus de 1 000 professionnel.le.s de l\u2019\u00c9I dans tout le pays<\/li>\n<li>Table des dirigeant.e.s principaux.ales de l\u2019internationalisation<\/li>\n<\/ul>\n<p>[\/vc_column_text][\/vc_column][vc_column animation=\u00a0\u00bbfade-in\u00a0\u00bb width=\u00a0\u00bb1\/2&Prime;][vc_column_text el_class=\u00a0\u00bbmemben\u00a0\u00bb]<img loading=\"lazy\" decoding=\"async\" class=\"alignleft wp-image-48717\" src=\"https:\/\/cbie.ca\/wp-content\/uploads\/2021\/03\/bam-icon-02-badge-1.png\" alt=\"Nametag icon\" width=\"60\" height=\"64\" srcset=\"https:\/\/cbie.ca\/wp-content\/uploads\/2021\/03\/bam-icon-02-badge-1.png 281w, https:\/\/cbie.ca\/wp-content\/uploads\/2021\/03\/bam-icon-02-badge-1.png 300w\" sizes=\"auto, (max-width: 60px) 100vw, 60px\" \/><br \/>\n<strong>Congr\u00e8s du BCEI<\/strong>[\/vc_column_text]<div class=\"spacer\" style=\"height: 10px;\"><\/div>[vc_column_text el_class=\u00a0\u00bbbenlist\u00a0\u00bb]<\/p>\n<ul>\n<li>Un laissez-passer gratuit et non transf\u00e9rable pour le\/la dirigeant.e principal.e de l\u2019internationalisation d\u00e9sign\u00e9.e de l\u2019\u00e9tablissement<\/li>\n<li>Tarifs membres pour tous les autres laissez-passer du Congr\u00e8s<\/li>\n<li>Possibilit\u00e9 de reconna\u00eetre les r\u00e9ussites exceptionnelles dans le domaine de l&rsquo;EI par l&rsquo;attribution annuelle de prix d&rsquo;excellence<\/li>\n<li>Bourses de participation au Congr\u00e8s<\/li>\n<\/ul>\n<p>[\/vc_column_text][\/vc_column][\/vc_row][vc_row top_padding=\u00a0\u00bb60&Prime;][vc_column animation=\u00a0\u00bbfade-in\u00a0\u00bb width=\u00a0\u00bb1\/2&Prime;][vc_column_text el_class=\u00a0\u00bbmemben\u00a0\u00bb]<img loading=\"lazy\" decoding=\"async\" class=\"alignleft wp-image-48719\" src=\"https:\/\/cbie.ca\/wp-content\/uploads\/2021\/03\/bam-icon-03-cal-1.png\" alt=\"Calendar icon\" width=\"60\" height=\"64\" srcset=\"https:\/\/cbie.ca\/wp-content\/uploads\/2021\/03\/bam-icon-03-cal-1.png 281w, https:\/\/cbie.ca\/wp-content\/uploads\/2021\/03\/bam-icon-03-cal-1.png 300w\" sizes=\"auto, (max-width: 60px) 100vw, 60px\" \/><br \/>\n<strong>Perfectionnement professionnel &amp; \u00e9v\u00e9nements<\/strong>[\/vc_column_text]<div class=\"spacer\" style=\"height: 10px;\"><\/div>[vc_column_text el_class=\u00a0\u00bbbenlist\u00a0\u00bb]<\/p>\n<ul>\n<li>Tarifs membres pour le Programme d\u2019\u00e9tudes sur l\u2019immigration et les \u00e9tudiants internationaux (PEIEI)<\/li>\n<li>Tarifs membres pour les webinaires, les \u00e9v\u00e9nements de formation professionnelle continue pour devenir CRIEE et les cours en ligne<\/li>\n<\/ul>\n<p>[\/vc_column_text][\/vc_column][vc_column animation=\u00a0\u00bbfade-in\u00a0\u00bb width=\u00a0\u00bb1\/2&Prime;][vc_column_text el_class=\u00a0\u00bbmemben\u00a0\u00bb]<img loading=\"lazy\" decoding=\"async\" class=\"alignleft wp-image-48721\" src=\"https:\/\/cbie.ca\/wp-content\/uploads\/2021\/03\/bam-icon-04-chat-1.png\" alt=\"Chat icon\" width=\"60\" height=\"64\" srcset=\"https:\/\/cbie.ca\/wp-content\/uploads\/2021\/03\/bam-icon-04-chat-1.png 281w, https:\/\/cbie.ca\/wp-content\/uploads\/2021\/03\/bam-icon-04-chat-1.png 300w\" sizes=\"auto, (max-width: 60px) 100vw, 60px\" \/><br \/>\n<strong>Une voix coordonn\u00e9e \u00e0 l\u2019\u00e9chelle nationale<\/strong>[\/vc_column_text]<div class=\"spacer\" style=\"height: 10px;\"><\/div>[vc_column_text el_class=\u00a0\u00bbbenlist\u00a0\u00bb]<\/p>\n<ul>\n<li>Soutien aux efforts de d\u00e9fense des int\u00e9r\u00eats pour faire progresser les politiques touchant l\u2019\u00c9I au Canada<\/li>\n<li>Possibilit\u00e9 d\u2019occuper b\u00e9n\u00e9volement un r\u00f4le de leader aux comit\u00e9s consultatifs<\/li>\n<\/ul>\n<p>[\/vc_column_text][\/vc_column][\/vc_row][vc_row top_padding=\u00a0\u00bb60&Prime; bottom_padding=\u00a0\u00bb40&Prime;][vc_column animation=\u00a0\u00bbfade-in\u00a0\u00bb width=\u00a0\u00bb1\/2&Prime;][vc_column_text el_class=\u00a0\u00bbmemben\u00a0\u00bb]<img loading=\"lazy\" decoding=\"async\" class=\"alignleft wp-image-48723\" src=\"https:\/\/cbie.ca\/wp-content\/uploads\/2021\/03\/bam-icon-05-bulb-1.png\" alt=\"Lightbulb icon\" width=\"60\" height=\"64\" srcset=\"https:\/\/cbie.ca\/wp-content\/uploads\/2021\/03\/bam-icon-05-bulb-1.png 281w, https:\/\/cbie.ca\/wp-content\/uploads\/2021\/03\/bam-icon-05-bulb-1.png 300w\" sizes=\"auto, (max-width: 60px) 100vw, 60px\" \/><br \/>\n<strong>Perspectives &amp; ressources<\/strong>[\/vc_column_text]<div class=\"spacer\" style=\"height: 10px;\"><\/div>[vc_column_text el_class=\u00a0\u00bbbenlist\u00a0\u00bb]<\/p>\n<ul>\n<li>Ressoures sur mesure sur les tendances et perspectives en \u00c9I<\/li>\n<li>Possibilit\u00e9 de participer \u00e0 des enqu\u00eates nationales sur la mobilit\u00e9 des \u00e9tudiant.e.s.<\/li>\n<li>Acc\u00e8s exclusif aux donn\u00e9es sur la mobilit\u00e9 \u00e9tudiante<\/li>\n<li>Possibilit\u00e9 de reconna\u00eetre les r\u00e9alisations en \u00c9I par des prix d\u2019excellence annuels<\/li>\n<\/ul>\n<p>[\/vc_column_text][\/vc_column][vc_column animation=\u00a0\u00bbfade-in\u00a0\u00bb width=\u00a0\u00bb1\/2&Prime;][vc_column_text el_class=\u00a0\u00bbmemben\u00a0\u00bb]<img loading=\"lazy\" decoding=\"async\" class=\"alignleft wp-image-48725\" src=\"https:\/\/cbie.ca\/wp-content\/uploads\/2021\/03\/bam-icon-06-globe-1.png\" alt=\"Globe icon\" width=\"60\" height=\"64\" srcset=\"https:\/\/cbie.ca\/wp-content\/uploads\/2021\/03\/bam-icon-06-globe-1.png 281w, https:\/\/cbie.ca\/wp-content\/uploads\/2021\/03\/bam-icon-06-globe-1.png 300w\" sizes=\"auto, (max-width: 60px) 100vw, 60px\" \/><br \/>\n<strong>R\u00e9seau de partenariat mondial<\/strong>[\/vc_column_text]<div class=\"spacer\" style=\"height: 10px;\"><\/div>[vc_column_text el_class=\u00a0\u00bbbenlist\u00a0\u00bb]<\/p>\n<ul>\n<li>\u00c9v\u00e9nements qui vous permettront d\u2019\u00e9largir votre collaboration avec des \u00e9tablissements et des gouvernements de partout dans le monde<\/li>\n<li>Possibilit\u00e9 de participer \u00e0 des projets internationaux de renforcement des capacit\u00e9s<\/li>\n<\/ul>\n<p>[\/vc_column_text][\/vc_column][\/vc_row][vc_row text_align=\u00a0\u00bbcenter\u00a0\u00bb bottom_padding=\u00a0\u00bb80&Prime;][vc_column width=\u00a0\u00bb1\/1&Prime;]<a href=\"https:\/\/cbie.ca\/fr\/notre-reseau\/appliquer-pour-etre-un-membre\/\" target=\"_self\" class=\"button color-1 medium btn-blue\" style=\"border-radius: 2px;\">Devenir membre<\/a><div class=\"spacer\" style=\"height: 32px;\"><\/div>[vc_column_text]Consultez notre <a href=\"https:\/\/cbie.ca\/fr\/notre-reseau\/membres-et-associes\/\">R\u00e9pertoire des membres<\/a> pour savoir si votre \u00e9tablissement est d\u00e9j\u00e0 membre du BCEI.<\/p>\n<p>Contactez <a href=\"mailto:members-membres@cbie.ca\" target=\"_blank\" rel=\"noopener\">members-membres@cbie.ca<\/a> pour savoir qui est la personne-ressource sur votre compte de membre du BCEI.[\/vc_column_text][\/vc_column][\/vc_row]<\/p>\n<\/div>","protected":false},"excerpt":{"rendered":"<p>[vc_row bg_image=\u00a0\u00bb110733&Prime; parallax_bg=\u00a0\u00bbtrue\u00a0\u00bb bg_color=\u00a0\u00bb#01426a\u00a0\u00bb text_color=\u00a0\u00bblight\u00a0\u00bb text_align=\u00a0\u00bbcenter\u00a0\u00bb top_padding=\u00a0\u00bb40&Prime; bottom_padding=\u00a0\u00bb40&Prime; row_id=\u00a0\u00bbhero-banner\u00a0\u00bb][vc_column column_padding=\u00a0\u00bbcustom-padding\u00a0\u00bb column_custompadding=\u00a0\u00bb10% 0px\u00a0\u00bb text_color=\u00a0\u00bblight\u00a0\u00bb text_align=\u00a0\u00bbcenter\u00a0\u00bb width=\u00a0\u00bb1\/1&Prime;][vc_column_text] Devenez membre [\/vc_column_text][vc_column_text] Le BCEI est une association nationale sans but lucratif qui se consacre [&hellip;]<\/p>\n","protected":false},"author":2,"featured_media":0,"parent":17119,"menu_order":0,"comment_status":"closed","ping_status":"closed","template":"","meta":{"_acf_changed":false,"footnotes":""},"class_list":["post-47125","page","type-page","status-publish","hentry"],"acf":[],"yoast_head":"<!-- This site is optimized with the Yoast SEO plugin v27.4 - https:\/\/yoast.com\/product\/yoast-seo-wordpress\/ -->\n<title>Devenez membre - CBIE<\/title>\n<meta name=\"robots\" content=\"index, follow, max-snippet:-1, max-image-preview:large, max-video-preview:-1\" \/>\n<link rel=\"canonical\" href=\"https:\/\/cbie.ca\/fr\/notre-reseau\/devenez-membre\/\" \/>\n<meta property=\"og:locale\" content=\"fr_FR\" \/>\n<meta property=\"og:type\" content=\"article\" \/>\n<meta property=\"og:title\" content=\"Devenez membre - CBIE\" \/>\n<meta property=\"og:description\" content=\"[vc_row bg_image=\u00a0\u00bb110733&Prime; parallax_bg=\u00a0\u00bbtrue\u00a0\u00bb bg_color=\u00a0\u00bb#01426a\u00a0\u00bb text_color=\u00a0\u00bblight\u00a0\u00bb text_align=\u00a0\u00bbcenter\u00a0\u00bb top_padding=\u00a0\u00bb40&Prime; bottom_padding=\u00a0\u00bb40&Prime; row_id=\u00a0\u00bbhero-banner\u00a0\u00bb][vc_column column_padding=\u00a0\u00bbcustom-padding\u00a0\u00bb column_custompadding=\u00a0\u00bb10% 0px\u00a0\u00bb text_color=\u00a0\u00bblight\u00a0\u00bb text_align=\u00a0\u00bbcenter\u00a0\u00bb width=\u00a0\u00bb1\/1&Prime;][vc_column_text] Devenez membre [\/vc_column_text][vc_column_text] Le BCEI est une association nationale sans but lucratif qui se consacre [&hellip;]\" \/>\n<meta property=\"og:url\" content=\"https:\/\/cbie.ca\/fr\/notre-reseau\/devenez-membre\/\" \/>\n<meta property=\"og:site_name\" content=\"CBIE\" \/>\n<meta property=\"article:modified_time\" content=\"2024-12-10T17:42:28+00:00\" \/>\n<meta property=\"og:image\" content=\"https:\/\/cbie.ca\/wp-content\/uploads\/2021\/03\/bam-icon-01-zoom-1.png\" \/>\n\t<meta property=\"og:image:width\" content=\"300\" \/>\n\t<meta property=\"og:image:height\" content=\"320\" \/>\n\t<meta property=\"og:image:type\" content=\"image\/png\" \/>\n<meta name=\"twitter:card\" content=\"summary_large_image\" \/>\n<meta name=\"twitter:label1\" content=\"Dur\u00e9e de lecture estim\u00e9e\" \/>\n\t<meta name=\"twitter:data1\" content=\"4 minutes\" \/>\n<script type=\"application\/ld+json\" class=\"yoast-schema-graph\">{\"@context\":\"https:\\\/\\\/schema.org\",\"@graph\":[{\"@type\":\"WebPage\",\"@id\":\"https:\\\/\\\/cbie.ca\\\/fr\\\/notre-reseau\\\/devenez-membre\\\/\",\"url\":\"https:\\\/\\\/cbie.ca\\\/fr\\\/notre-reseau\\\/devenez-membre\\\/\",\"name\":\"Devenez membre - CBIE\",\"isPartOf\":{\"@id\":\"https:\\\/\\\/cbie.ca\\\/#website\"},\"primaryImageOfPage\":{\"@id\":\"https:\\\/\\\/cbie.ca\\\/fr\\\/notre-reseau\\\/devenez-membre\\\/#primaryimage\"},\"image\":{\"@id\":\"https:\\\/\\\/cbie.ca\\\/fr\\\/notre-reseau\\\/devenez-membre\\\/#primaryimage\"},\"thumbnailUrl\":\"https:\\\/\\\/cbie.ca\\\/wp-content\\\/uploads\\\/2021\\\/03\\\/bam-icon-01-zoom-1.png\",\"datePublished\":\"2021-03-02T18:33:11+00:00\",\"dateModified\":\"2024-12-10T17:42:28+00:00\",\"breadcrumb\":{\"@id\":\"https:\\\/\\\/cbie.ca\\\/fr\\\/notre-reseau\\\/devenez-membre\\\/#breadcrumb\"},\"inLanguage\":\"fr-FR\",\"potentialAction\":[{\"@type\":\"ReadAction\",\"target\":[\"https:\\\/\\\/cbie.ca\\\/fr\\\/notre-reseau\\\/devenez-membre\\\/\"]}]},{\"@type\":\"ImageObject\",\"inLanguage\":\"fr-FR\",\"@id\":\"https:\\\/\\\/cbie.ca\\\/fr\\\/notre-reseau\\\/devenez-membre\\\/#primaryimage\",\"url\":\"https:\\\/\\\/cbie.ca\\\/wp-content\\\/uploads\\\/2021\\\/03\\\/bam-icon-01-zoom-1.png\",\"contentUrl\":\"https:\\\/\\\/cbie.ca\\\/wp-content\\\/uploads\\\/2021\\\/03\\\/bam-icon-01-zoom-1.png\"},{\"@type\":\"BreadcrumbList\",\"@id\":\"https:\\\/\\\/cbie.ca\\\/fr\\\/notre-reseau\\\/devenez-membre\\\/#breadcrumb\",\"itemListElement\":[{\"@type\":\"ListItem\",\"position\":1,\"name\":\"Home\",\"item\":\"https:\\\/\\\/cbie.ca\\\/fr\\\/\"},{\"@type\":\"ListItem\",\"position\":2,\"name\":\"Notre R\u00e9seau\",\"item\":\"https:\\\/\\\/cbie.ca\\\/fr\\\/notre-reseau\\\/\"},{\"@type\":\"ListItem\",\"position\":3,\"name\":\"Devenez membre\"}]},{\"@type\":\"WebSite\",\"@id\":\"https:\\\/\\\/cbie.ca\\\/#website\",\"url\":\"https:\\\/\\\/cbie.ca\\\/\",\"name\":\"Canadian Bureau for International Education\",\"description\":\"\",\"potentialAction\":[{\"@type\":\"SearchAction\",\"target\":{\"@type\":\"EntryPoint\",\"urlTemplate\":\"https:\\\/\\\/cbie.ca\\\/?s={search_term_string}\"},\"query-input\":{\"@type\":\"PropertyValueSpecification\",\"valueRequired\":true,\"valueName\":\"search_term_string\"}}],\"inLanguage\":\"fr-FR\"}]}<\/script>\n<!-- \/ Yoast SEO plugin. -->","yoast_head_json":{"title":"Devenez membre - CBIE","robots":{"index":"index","follow":"follow","max-snippet":"max-snippet:-1","max-image-preview":"max-image-preview:large","max-video-preview":"max-video-preview:-1"},"canonical":"https:\/\/cbie.ca\/fr\/notre-reseau\/devenez-membre\/","og_locale":"fr_FR","og_type":"article","og_title":"Devenez membre - CBIE","og_description":"[vc_row bg_image=\u00a0\u00bb110733&Prime; parallax_bg=\u00a0\u00bbtrue\u00a0\u00bb bg_color=\u00a0\u00bb#01426a\u00a0\u00bb text_color=\u00a0\u00bblight\u00a0\u00bb text_align=\u00a0\u00bbcenter\u00a0\u00bb top_padding=\u00a0\u00bb40&Prime; bottom_padding=\u00a0\u00bb40&Prime; row_id=\u00a0\u00bbhero-banner\u00a0\u00bb][vc_column column_padding=\u00a0\u00bbcustom-padding\u00a0\u00bb column_custompadding=\u00a0\u00bb10% 0px\u00a0\u00bb text_color=\u00a0\u00bblight\u00a0\u00bb text_align=\u00a0\u00bbcenter\u00a0\u00bb width=\u00a0\u00bb1\/1&Prime;][vc_column_text] Devenez membre [\/vc_column_text][vc_column_text] Le BCEI est une association nationale sans but lucratif qui se consacre [&hellip;]","og_url":"https:\/\/cbie.ca\/fr\/notre-reseau\/devenez-membre\/","og_site_name":"CBIE","article_modified_time":"2024-12-10T17:42:28+00:00","og_image":[{"width":300,"height":320,"url":"https:\/\/cbie.ca\/wp-content\/uploads\/2021\/03\/bam-icon-01-zoom-1.png","type":"image\/png"}],"twitter_card":"summary_large_image","twitter_misc":{"Dur\u00e9e de lecture estim\u00e9e":"4 minutes"},"schema":{"@context":"https:\/\/schema.org","@graph":[{"@type":"WebPage","@id":"https:\/\/cbie.ca\/fr\/notre-reseau\/devenez-membre\/","url":"https:\/\/cbie.ca\/fr\/notre-reseau\/devenez-membre\/","name":"Devenez membre - CBIE","isPartOf":{"@id":"https:\/\/cbie.ca\/#website"},"primaryImageOfPage":{"@id":"https:\/\/cbie.ca\/fr\/notre-reseau\/devenez-membre\/#primaryimage"},"image":{"@id":"https:\/\/cbie.ca\/fr\/notre-reseau\/devenez-membre\/#primaryimage"},"thumbnailUrl":"https:\/\/cbie.ca\/wp-content\/uploads\/2021\/03\/bam-icon-01-zoom-1.png","datePublished":"2021-03-02T18:33:11+00:00","dateModified":"2024-12-10T17:42:28+00:00","breadcrumb":{"@id":"https:\/\/cbie.ca\/fr\/notre-reseau\/devenez-membre\/#breadcrumb"},"inLanguage":"fr-FR","potentialAction":[{"@type":"ReadAction","target":["https:\/\/cbie.ca\/fr\/notre-reseau\/devenez-membre\/"]}]},{"@type":"ImageObject","inLanguage":"fr-FR","@id":"https:\/\/cbie.ca\/fr\/notre-reseau\/devenez-membre\/#primaryimage","url":"https:\/\/cbie.ca\/wp-content\/uploads\/2021\/03\/bam-icon-01-zoom-1.png","contentUrl":"https:\/\/cbie.ca\/wp-content\/uploads\/2021\/03\/bam-icon-01-zoom-1.png"},{"@type":"BreadcrumbList","@id":"https:\/\/cbie.ca\/fr\/notre-reseau\/devenez-membre\/#breadcrumb","itemListElement":[{"@type":"ListItem","position":1,"name":"Home","item":"https:\/\/cbie.ca\/fr\/"},{"@type":"ListItem","position":2,"name":"Notre R\u00e9seau","item":"https:\/\/cbie.ca\/fr\/notre-reseau\/"},{"@type":"ListItem","position":3,"name":"Devenez membre"}]},{"@type":"WebSite","@id":"https:\/\/cbie.ca\/#website","url":"https:\/\/cbie.ca\/","name":"Canadian Bureau for International Education","description":"","potentialAction":[{"@type":"SearchAction","target":{"@type":"EntryPoint","urlTemplate":"https:\/\/cbie.ca\/?s={search_term_string}"},"query-input":{"@type":"PropertyValueSpecification","valueRequired":true,"valueName":"search_term_string"}}],"inLanguage":"fr-FR"}]}},"_links":{"self":[{"href":"https:\/\/cbie.ca\/fr\/wp-json\/wp\/v2\/pages\/47125","targetHints":{"allow":["GET"]}}],"collection":[{"href":"https:\/\/cbie.ca\/fr\/wp-json\/wp\/v2\/pages"}],"about":[{"href":"https:\/\/cbie.ca\/fr\/wp-json\/wp\/v2\/types\/page"}],"author":[{"embeddable":true,"href":"https:\/\/cbie.ca\/fr\/wp-json\/wp\/v2\/users\/2"}],"replies":[{"embeddable":true,"href":"https:\/\/cbie.ca\/fr\/wp-json\/wp\/v2\/comments?post=47125"}],"version-history":[{"count":0,"href":"https:\/\/cbie.ca\/fr\/wp-json\/wp\/v2\/pages\/47125\/revisions"}],"up":[{"embeddable":true,"href":"https:\/\/cbie.ca\/fr\/wp-json\/wp\/v2\/pages\/17119"}],"wp:attachment":[{"href":"https:\/\/cbie.ca\/fr\/wp-json\/wp\/v2\/media?parent=47125"}],"curies":[{"name":"wp","href":"https:\/\/api.w.org\/{rel}","templated":true}]}}