{"id":44573,"date":"2020-06-26T07:40:40","date_gmt":"2020-06-26T11:40:40","guid":{"rendered":"https:\/\/cbieca.wpenginepowered.com\/?page_id=44573"},"modified":"2020-07-22T10:53:52","modified_gmt":"2020-07-22T14:53:52","slug":"virtuel","status":"publish","type":"page","link":"https:\/\/cbie.ca\/fr\/virtuel\/","title":{"rendered":"virtuel"},"content":{"rendered":"<div class=\"wpb-content-wrapper\"><p>[vc_row type=\u00a0\u00bbfull_width_section\u00a0\u00bb bg_image=\u00a0\u00bb44050&Prime; top_padding=\u00a0\u00bb0&Prime; bottom_padding=\u00a0\u00bb0&Prime;][vc_column column_padding=\u00a0\u00bbcustom-padding\u00a0\u00bb column_custompadding=\u00a0\u00bb9% 20px !important\u00a0\u00bb text_color=\u00a0\u00bblight\u00a0\u00bb text_align=\u00a0\u00bbcenter\u00a0\u00bb width=\u00a0\u00bb1\/1&Prime;][vc_column_text]<\/p>\n<h1 style=\"text-align: center;\"><strong><span style=\"color: #ffc72c;\">Bienvenue au<br \/>\nsymposium virtuel<\/span><\/strong><\/h1>\n<p>[\/vc_column_text]<div class=\"spacer\" style=\"height: 35px;\"><\/div><div class=\"single_image wpb_content_element align-center    \" data-animation=\"none\" data-delay=\"0\"><img loading=\"lazy\" decoding=\"async\" width=\"300\" height=\"46\" src=\"https:\/\/cbie.ca\/wp-content\/uploads\/2020\/06\/ApplyBoard-Logo-Blue-WEB-3-300x46.png\" class=\"attachment-medium\" alt=\"\" title=\"ApplyBoard-Logo-Blue-WEB (3)\" srcset=\"https:\/\/cbie.ca\/wp-content\/uploads\/2020\/06\/ApplyBoard-Logo-Blue-WEB-3-300x46.png 300w, https:\/\/cbie.ca\/wp-content\/uploads\/2020\/06\/ApplyBoard-Logo-Blue-WEB-3-1024x157.png 1024w, https:\/\/cbie.ca\/wp-content\/uploads\/2020\/06\/ApplyBoard-Logo-Blue-WEB-3-768x118.png 768w, https:\/\/cbie.ca\/wp-content\/uploads\/2020\/06\/ApplyBoard-Logo-Blue-WEB-3-1536x235.png 1536w, https:\/\/cbie.ca\/wp-content\/uploads\/2020\/06\/ApplyBoard-Logo-Blue-WEB-3.png 1879w\" sizes=\"auto, (max-width: 300px) 100vw, 300px\" \/><\/div>[\/vc_column][\/vc_row][vc_row row_id=\u00a0\u00bbprogrammefr\u00a0\u00bb][vc_column width=\u00a0\u00bb1\/1&Prime;]<div class=\"spacer\" style=\"height: 5px;\"><\/div>[vc_column_text]<\/p>\n<p style=\"text-align: center;\">Un grand merci \u00e0 nos conf\u00e9renciers pour leurs contributions au premier symposium virtuel du BCEI.<\/p>\n<p>[\/vc_column_text]<div class=\"newdivider align-center\" style=\"border-bottom-style: solid; border-color: #ffc72c; border-bottom-width: 2px; margin-top: 30px; margin-bottom: 30px; width: 450px; \"><\/div><div class=\"clear\"><\/div><div class=\"spacer\" style=\"height: 15px;\"><\/div>[\/vc_column][\/vc_row][vc_row][vc_column width=\u00a0\u00bb1\/6&Prime;][\/vc_column][vc_column el_class=\u00a0\u00bbbordered\u00a0\u00bb width=\u00a0\u00bb2\/3&Prime;][vc_column_text]<\/p>\n<p style=\"text-align: center;\">Table ronde de discussion<\/p>\n<p>[\/vc_column_text]<div class=\"spacer\" style=\"height: 15px;\"><\/div><div class=\"video-embed  wpb_content_element\"><iframe loading=\"lazy\" title=\"Symposium virtuel - Table ronde de discussion\" width=\"1161\" height=\"653\" src=\"https:\/\/www.youtube.com\/embed\/lKIBmcS5jXc?feature=oembed\" frameborder=\"0\" allow=\"accelerometer; autoplay; clipboard-write; encrypted-media; gyroscope; picture-in-picture; web-share\" referrerpolicy=\"strict-origin-when-cross-origin\" allowfullscreen><\/iframe><\/div><div class=\"spacer\" style=\"height: 15px;\"><\/div>[\/vc_column][vc_column width=\u00a0\u00bb1\/6&Prime;][\/vc_column][\/vc_row][vc_row][vc_column width=\u00a0\u00bb1\/1&Prime;]<div class=\"spacer\" style=\"height: 40px;\"><\/div>[\/vc_column][\/vc_row][vc_row][vc_column width=\u00a0\u00bb1\/6&Prime;][\/vc_column][vc_column el_class=\u00a0\u00bbbordered\u00a0\u00bb text_align=\u00a0\u00bbcenter\u00a0\u00bb width=\u00a0\u00bb2\/3&Prime;][vc_column_text]<\/p>\n<p style=\"text-align: center;\">La pand\u00e9mie et le racisme syst\u00e9mique<\/p>\n<p>[\/vc_column_text]<div class=\"spacer\" style=\"height: 15px;\"><\/div><div class=\"video-embed  wpb_content_element\"><iframe loading=\"lazy\" title=\"La pand\u00e9mie et le racisme syst\u00e9mique\" width=\"1161\" height=\"653\" src=\"https:\/\/www.youtube.com\/embed\/u_G0nIJW9YA?feature=oembed\" frameborder=\"0\" allow=\"accelerometer; autoplay; clipboard-write; encrypted-media; gyroscope; picture-in-picture; web-share\" referrerpolicy=\"strict-origin-when-cross-origin\" allowfullscreen><\/iframe><\/div><div class=\"spacer\" style=\"height: 15px;\"><\/div><a href=\"https:\/\/cbie.ca\/wp-content\/uploads\/2020\/07\/BCEI-Stanley.pdf\" target=\"_blank\" class=\"button color-2 medium \" style=\"border-radius: 2px;\">T\u00e9l\u00e9charger la pr\u00e9sentation<\/a><div class=\"spacer\" style=\"height: 15px;\"><\/div>[vc_column_text]Une pr\u00e9sentation de Timothy J. Stanley Professeur \u00e9m\u00e9rite, Universit\u00e9 d\u2019Ottawa.[\/vc_column_text]<div class=\"spacer\" style=\"height: 15px;\"><\/div>[\/vc_column][vc_column width=\u00a0\u00bb1\/6&Prime;][\/vc_column][\/vc_row][vc_row][vc_column width=\u00a0\u00bb1\/1&Prime;]<div class=\"spacer\" style=\"height: 40px;\"><\/div>[\/vc_column][\/vc_row][vc_row][vc_column width=\u00a0\u00bb1\/6&Prime;][\/vc_column][vc_column el_class=\u00a0\u00bbbordered\u00a0\u00bb width=\u00a0\u00bb2\/3&Prime;][vc_column_text]<\/p>\n<p style=\"text-align: center;\">La pertinence de travailler avec des agents en temps de crise<\/p>\n<p>[\/vc_column_text]<div class=\"spacer\" style=\"height: 15px;\"><\/div><div class=\"video-embed  wpb_content_element\"><iframe loading=\"lazy\" title=\"La pertinence de travailler avec des agents en temps de crise\" width=\"1161\" height=\"653\" src=\"https:\/\/www.youtube.com\/embed\/9xtpRB6zCdI?feature=oembed\" frameborder=\"0\" allow=\"accelerometer; autoplay; clipboard-write; encrypted-media; gyroscope; picture-in-picture; web-share\" referrerpolicy=\"strict-origin-when-cross-origin\" allowfullscreen><\/iframe><\/div><div class=\"spacer\" style=\"height: 15px;\"><\/div>[vc_column_text]Une pr\u00e9sentation de Mon\u00e8le Schrot, Directrice de programmes \u00e0 ICEF GmbH.[\/vc_column_text][\/vc_column][vc_column width=\u00a0\u00bb1\/6&Prime;][\/vc_column][\/vc_row][vc_row][vc_column width=\u00a0\u00bb1\/1&Prime;]<div class=\"spacer\" style=\"height: 40px;\"><\/div>[\/vc_column][\/vc_row][vc_row][vc_column width=\u00a0\u00bb1\/6&Prime;][\/vc_column][vc_column el_class=\u00a0\u00bbbordered\u00a0\u00bb width=\u00a0\u00bb2\/3&Prime;][vc_column_text]<\/p>\n<p style=\"text-align: center;\">Intelligence artificielle et apprentissage en ligne<\/p>\n<p>[\/vc_column_text]<div class=\"spacer\" style=\"height: 15px;\"><\/div><div class=\"video-embed  wpb_content_element\"><iframe loading=\"lazy\" title=\"Intelligence artificielle et apprentissage en ligne\" width=\"1161\" height=\"871\" src=\"https:\/\/www.youtube.com\/embed\/69ZMaho9C-M?feature=oembed\" frameborder=\"0\" allow=\"accelerometer; autoplay; clipboard-write; encrypted-media; gyroscope; picture-in-picture; web-share\" referrerpolicy=\"strict-origin-when-cross-origin\" allowfullscreen><\/iframe><\/div><div class=\"spacer\" style=\"height: 15px;\"><\/div>[vc_column_text]Une pr\u00e9sentation de Hosni Zaouali, CEO de Tech AdaptiKa.[\/vc_column_text][\/vc_column][vc_column width=\u00a0\u00bb1\/6&Prime;][\/vc_column][\/vc_row][vc_row][vc_column width=\u00a0\u00bb1\/1&Prime;]<div class=\"spacer\" style=\"height: 40px;\"><\/div>[\/vc_column][\/vc_row][vc_row][vc_column width=\u00a0\u00bb1\/6&Prime;][\/vc_column][vc_column el_class=\u00a0\u00bbbordered\u00a0\u00bb text_align=\u00a0\u00bbcenter\u00a0\u00bb width=\u00a0\u00bb2\/3&Prime;][vc_column_text]<\/p>\n<p style=\"text-align: center;\">Rep\u00e8res pour une exp\u00e9rience d\u2019enseignement-apprentissage \u00e0 distance r\u00e9ussie<\/p>\n<p>[\/vc_column_text]<div class=\"spacer\" style=\"height: 15px;\"><\/div><div class=\"video-embed  wpb_content_element\"><iframe loading=\"lazy\" title=\"Symposium virtuel - Rep\u00e8res pour une exp\u00e9rience d&#039;enseignement-apprentissage \u00e0 distance r\u00e9ussie\" width=\"1161\" height=\"653\" src=\"https:\/\/www.youtube.com\/embed\/PkgitVrRgcQ?feature=oembed\" frameborder=\"0\" allow=\"accelerometer; autoplay; clipboard-write; encrypted-media; gyroscope; picture-in-picture; web-share\" referrerpolicy=\"strict-origin-when-cross-origin\" allowfullscreen><\/iframe><\/div><div class=\"spacer\" style=\"height: 15px;\"><\/div>[vc_column_text]Une pr\u00e9sentation de Didier Paquelin, Professeur titulaire \u00e0 l&rsquo;Universit\u00e9 Laval.[\/vc_column_text]<div class=\"spacer\" style=\"height: 15px;\"><\/div><a href=\"https:\/\/cbie.ca\/wp-content\/uploads\/2020\/07\/Paquelin_FAD_Repe%CC%80res_29_juin_2020.pdf\" target=\"_blank\" class=\"button color-2 medium \" style=\"border-radius: 2px;\">T\u00e9l\u00e9charger la pr\u00e9sentation<\/a><div class=\"spacer\" style=\"height: 15px;\"><\/div>[\/vc_column][vc_column width=\u00a0\u00bb1\/6&Prime;][\/vc_column][\/vc_row][vc_row][vc_column width=\u00a0\u00bb1\/1&Prime;]<div class=\"spacer\" style=\"height: 40px;\"><\/div>[\/vc_column][\/vc_row][vc_row][vc_column width=\u00a0\u00bb1\/6&Prime;][\/vc_column][vc_column el_class=\u00a0\u00bbbordered\u00a0\u00bb width=\u00a0\u00bb2\/3&Prime;][vc_column_text]<\/p>\n<p style=\"text-align: center;\">R\u00e9flexions sur la gouvernance universitaire post crise COVID-19<\/p>\n<p>[\/vc_column_text]<div class=\"spacer\" style=\"height: 15px;\"><\/div><div class=\"video-embed  wpb_content_element\"><iframe loading=\"lazy\" title=\"R\u00e9flexions sur la gouvernance universitaire post crise covid 19\" width=\"1161\" height=\"653\" src=\"https:\/\/www.youtube.com\/embed\/sF-JMK8zMHM?feature=oembed\" frameborder=\"0\" allow=\"accelerometer; autoplay; clipboard-write; encrypted-media; gyroscope; picture-in-picture; web-share\" referrerpolicy=\"strict-origin-when-cross-origin\" allowfullscreen><\/iframe><\/div><div class=\"spacer\" style=\"height: 15px;\"><\/div>[vc_column_text]Une pr\u00e9sentation d&rsquo;Eric Champagne, Directeur du Centre d\u2019\u00e9tudes en gouvernance de l&rsquo;Universit\u00e9 d&rsquo;Ottawa.[\/vc_column_text][\/vc_column][vc_column width=\u00a0\u00bb1\/6&Prime;][\/vc_column][\/vc_row][vc_row][vc_column width=\u00a0\u00bb1\/1&Prime;]<div class=\"spacer\" style=\"height: 40px;\"><\/div>[\/vc_column][\/vc_row][vc_row][vc_column width=\u00a0\u00bb1\/6&Prime;][\/vc_column][vc_column el_class=\u00a0\u00bbbordered\u00a0\u00bb text_align=\u00a0\u00bbcenter\u00a0\u00bb width=\u00a0\u00bb2\/3&Prime;][vc_column_text]<\/p>\n<p style=\"text-align: center;\">R\u00e9cup\u00e9rer avec int\u00e9grit\u00e9: qualit\u00e9, s\u00e9curit\u00e9 et \u00e9thique en p\u00e9riode de transition<\/p>\n<p>[\/vc_column_text]<div class=\"spacer\" style=\"height: 15px;\"><\/div><div class=\"single_image wpb_content_element align-left    \" data-animation=\"none\" data-delay=\"0\"><\/div><div class=\"spacer\" style=\"height: 15px;\"><\/div>[vc_column_text]<\/p>\n<p style=\"text-align: center;\">Une pr\u00e9sentation de Dr Mike Allcott, Directeur d&rsquo;ApplyProof et de Uri Carnat, Directeur des partenariats strate\u0301giques.<\/p>\n<p>[\/vc_column_text]<div class=\"spacer\" style=\"height: 15px;\"><\/div><a href=\"https:\/\/cbie.ca\/wp-content\/uploads\/2020\/07\/ApplyBoard-CBIE-Symposium-Re%CC%81cupe%CC%81rer-avec-inte%CC%81grite%CC%81_-qualite%CC%81-se%CC%81curite%CC%81-et-e%CC%81thique-en-transition-2020-06-29.pptx-1.pdf\" target=\"_blank\" class=\"button color-2 medium \" style=\"border-radius: 2px;\">T\u00e9l\u00e9charger la pr\u00e9sentation<\/a>[\/vc_column][vc_column width=\u00a0\u00bb1\/6&Prime;][\/vc_column][\/vc_row][vc_row][vc_column width=\u00a0\u00bb1\/1&Prime;]<div class=\"spacer\" style=\"height: 40px;\"><\/div>[\/vc_column][\/vc_row][vc_row][vc_column width=\u00a0\u00bb1\/6&Prime;][\/vc_column][vc_column el_class=\u00a0\u00bbbordered\u00a0\u00bb width=\u00a0\u00bb2\/3&Prime;][vc_column_text]<\/p>\n<p style=\"text-align: center;\">Mise \u00e0 jour sur les questions d\u2019immigration avec IRCC<\/p>\n<p>[\/vc_column_text]<div class=\"spacer\" style=\"height: 15px;\"><\/div><div class=\"video-embed  wpb_content_element\"><iframe loading=\"lazy\" title=\"Mise \u00e0 jour sur les questions d\u2019immigration avec IRCC\" width=\"1161\" height=\"653\" src=\"https:\/\/www.youtube.com\/embed\/PzyzYW-vmAU?feature=oembed\" frameborder=\"0\" allow=\"accelerometer; autoplay; clipboard-write; encrypted-media; gyroscope; picture-in-picture; web-share\" referrerpolicy=\"strict-origin-when-cross-origin\" allowfullscreen><\/iframe><\/div><div class=\"spacer\" style=\"height: 15px;\"><\/div>[\/vc_column][vc_column width=\u00a0\u00bb1\/6&Prime;][\/vc_column][\/vc_row][vc_row][vc_column width=\u00a0\u00bb1\/1&Prime;]<div class=\"spacer\" style=\"height: 40px;\"><\/div>[\/vc_column][\/vc_row][vc_row][vc_column width=\u00a0\u00bb1\/6&Prime;][\/vc_column][vc_column el_class=\u00a0\u00bbbordered\u00a0\u00bb width=\u00a0\u00bb2\/3&Prime;][vc_column_text]<\/p>\n<p style=\"text-align: center;\">Mot de cl\u00f4ture de la pr\u00e9sidente-directrice g\u00e9n\u00e9rale du BCEI, Larissa Bezo<\/p>\n<p>[\/vc_column_text]<div class=\"spacer\" style=\"height: 15px;\"><\/div><div class=\"video-embed  wpb_content_element\"><iframe loading=\"lazy\" title=\"Mot de cl\u00f4ture\" width=\"1161\" height=\"653\" src=\"https:\/\/www.youtube.com\/embed\/rGnEt5hKGo0?feature=oembed\" frameborder=\"0\" allow=\"accelerometer; autoplay; clipboard-write; encrypted-media; gyroscope; picture-in-picture; web-share\" referrerpolicy=\"strict-origin-when-cross-origin\" allowfullscreen><\/iframe><\/div><div class=\"spacer\" style=\"height: 15px;\"><\/div>[\/vc_column][vc_column width=\u00a0\u00bb1\/6&Prime;][\/vc_column][\/vc_row][vc_row][vc_column width=\u00a0\u00bb1\/1&Prime;]<div class=\"spacer\" style=\"height: 40px;\"><\/div>[\/vc_column][\/vc_row][vc_row][vc_column width=\u00a0\u00bb1\/1&Prime;][vc_column_text]<\/p>\n<h4 style=\"text-align: center;\">Merci \u00e0 nos commanditaires<\/h4>\n<p>[\/vc_column_text]<div class=\"newdivider align-center\" style=\"border-bottom-style: solid; border-color: #ffc529; border-bottom-width: 2px; margin-top: 30px; margin-bottom: 30px; width: 130px; \"><\/div><div class=\"clear\"><\/div>[\/vc_column][\/vc_row][vc_row bottom_padding=\u00a0\u00bb50&Prime;][vc_column width=\u00a0\u00bb1\/2&Prime;]<div class=\"single_image wpb_content_element align-right    \" data-animation=\"none\" data-delay=\"0\"><a href=\"http:\/\/www.aeccglobal.com\" target=\"_blank\"><img loading=\"lazy\" decoding=\"async\" width=\"300\" height=\"133\" src=\"https:\/\/cbie.ca\/wp-content\/uploads\/2020\/06\/Untitled-design-1-300x133.png\" class=\"attachment-medium\" alt=\"\" title=\"AECC Logo\" srcset=\"https:\/\/cbie.ca\/wp-content\/uploads\/2020\/06\/Untitled-design-1-300x133.png 300w, https:\/\/cbie.ca\/wp-content\/uploads\/2020\/06\/Untitled-design-1-1024x455.png 1024w, https:\/\/cbie.ca\/wp-content\/uploads\/2020\/06\/Untitled-design-1-768x341.png 768w, https:\/\/cbie.ca\/wp-content\/uploads\/2020\/06\/Untitled-design-1-1536x683.png 1536w, https:\/\/cbie.ca\/wp-content\/uploads\/2020\/06\/Untitled-design-1-2048x910.png 2048w\" sizes=\"auto, (max-width: 300px) 100vw, 300px\" \/><\/a><\/div>[\/vc_column][vc_column width=\u00a0\u00bb1\/2&Prime;]<div class=\"single_image wpb_content_element align-left    \" data-animation=\"none\" data-delay=\"0\"><a href=\"https:\/\/www.cipstudyabroad.com\/\" target=\"_blank\"><img loading=\"lazy\" decoding=\"async\" width=\"300\" height=\"133\" src=\"https:\/\/cbie.ca\/wp-content\/uploads\/2020\/06\/Untitled-design-300x133.png\" class=\"attachment-medium\" alt=\"\" title=\"CIP Logo\" srcset=\"https:\/\/cbie.ca\/wp-content\/uploads\/2020\/06\/Untitled-design-300x133.png 300w, https:\/\/cbie.ca\/wp-content\/uploads\/2020\/06\/Untitled-design-1024x455.png 1024w, https:\/\/cbie.ca\/wp-content\/uploads\/2020\/06\/Untitled-design-768x341.png 768w, https:\/\/cbie.ca\/wp-content\/uploads\/2020\/06\/Untitled-design-1536x683.png 1536w, https:\/\/cbie.ca\/wp-content\/uploads\/2020\/06\/Untitled-design-2048x910.png 2048w\" sizes=\"auto, (max-width: 300px) 100vw, 300px\" \/><\/a><\/div>[\/vc_column][\/vc_row]<\/p>\n<\/div>","protected":false},"excerpt":{"rendered":"<p>[vc_row type=\u00a0\u00bbfull_width_section\u00a0\u00bb bg_image=\u00a0\u00bb44050&Prime; top_padding=\u00a0\u00bb0&Prime; bottom_padding=\u00a0\u00bb0&Prime;][vc_column column_padding=\u00a0\u00bbcustom-padding\u00a0\u00bb column_custompadding=\u00a0\u00bb9% 20px !important\u00a0\u00bb text_color=\u00a0\u00bblight\u00a0\u00bb text_align=\u00a0\u00bbcenter\u00a0\u00bb width=\u00a0\u00bb1\/1&Prime;][vc_column_text] Bienvenue au symposium virtuel [\/vc_column_text][\/vc_column][\/vc_row][vc_row row_id=\u00a0\u00bbprogrammefr\u00a0\u00bb][vc_column width=\u00a0\u00bb1\/1&Prime;][vc_column_text] Un grand merci \u00e0 nos conf\u00e9renciers pour leurs contributions au premier [&hellip;]<\/p>\n","protected":false},"author":61,"featured_media":0,"parent":0,"menu_order":0,"comment_status":"closed","ping_status":"closed","template":"","meta":{"_acf_changed":false,"footnotes":""},"class_list":["post-44573","page","type-page","status-publish","hentry"],"acf":[],"yoast_head":"<!-- This site is optimized with the Yoast SEO plugin v27.4 - https:\/\/yoast.com\/product\/yoast-seo-wordpress\/ -->\n<title>virtuel - CBIE<\/title>\n<meta name=\"robots\" content=\"index, follow, max-snippet:-1, max-image-preview:large, max-video-preview:-1\" \/>\n<link rel=\"canonical\" href=\"https:\/\/cbie.ca\/fr\/virtuel\/\" \/>\n<meta property=\"og:locale\" content=\"fr_FR\" \/>\n<meta property=\"og:type\" content=\"article\" \/>\n<meta property=\"og:title\" content=\"virtuel - CBIE\" \/>\n<meta property=\"og:description\" content=\"[vc_row type=\u00a0\u00bbfull_width_section\u00a0\u00bb bg_image=\u00a0\u00bb44050&Prime; top_padding=\u00a0\u00bb0&Prime; bottom_padding=\u00a0\u00bb0&Prime;][vc_column column_padding=\u00a0\u00bbcustom-padding\u00a0\u00bb column_custompadding=\u00a0\u00bb9% 20px !important\u00a0\u00bb text_color=\u00a0\u00bblight\u00a0\u00bb text_align=\u00a0\u00bbcenter\u00a0\u00bb width=\u00a0\u00bb1\/1&Prime;][vc_column_text] Bienvenue au symposium virtuel [\/vc_column_text][\/vc_column][\/vc_row][vc_row row_id=\u00a0\u00bbprogrammefr\u00a0\u00bb][vc_column width=\u00a0\u00bb1\/1&Prime;][vc_column_text] Un grand merci \u00e0 nos conf\u00e9renciers pour leurs contributions au premier [&hellip;]\" \/>\n<meta property=\"og:url\" content=\"https:\/\/cbie.ca\/fr\/virtuel\/\" \/>\n<meta property=\"og:site_name\" content=\"CBIE\" \/>\n<meta property=\"article:modified_time\" content=\"2020-07-22T14:53:52+00:00\" \/>\n<meta property=\"og:image\" content=\"https:\/\/cbie.ca\/wp-content\/uploads\/2024\/01\/CBIE-Announcement-EN.png\" \/>\n\t<meta property=\"og:image:width\" content=\"1600\" \/>\n\t<meta property=\"og:image:height\" content=\"900\" \/>\n\t<meta property=\"og:image:type\" content=\"image\/png\" \/>\n<meta name=\"twitter:card\" content=\"summary_large_image\" \/>\n<meta name=\"twitter:label1\" content=\"Dur\u00e9e de lecture estim\u00e9e\" \/>\n\t<meta name=\"twitter:data1\" content=\"5 minutes\" \/>\n<script type=\"application\/ld+json\" class=\"yoast-schema-graph\">{\"@context\":\"https:\\\/\\\/schema.org\",\"@graph\":[{\"@type\":\"WebPage\",\"@id\":\"https:\\\/\\\/cbie.ca\\\/fr\\\/virtuel\\\/\",\"url\":\"https:\\\/\\\/cbie.ca\\\/fr\\\/virtuel\\\/\",\"name\":\"virtuel - CBIE\",\"isPartOf\":{\"@id\":\"https:\\\/\\\/cbie.ca\\\/#website\"},\"datePublished\":\"2020-06-26T11:40:40+00:00\",\"dateModified\":\"2020-07-22T14:53:52+00:00\",\"breadcrumb\":{\"@id\":\"https:\\\/\\\/cbie.ca\\\/fr\\\/virtuel\\\/#breadcrumb\"},\"inLanguage\":\"fr-FR\",\"potentialAction\":[{\"@type\":\"ReadAction\",\"target\":[\"https:\\\/\\\/cbie.ca\\\/fr\\\/virtuel\\\/\"]}]},{\"@type\":\"BreadcrumbList\",\"@id\":\"https:\\\/\\\/cbie.ca\\\/fr\\\/virtuel\\\/#breadcrumb\",\"itemListElement\":[{\"@type\":\"ListItem\",\"position\":1,\"name\":\"Home\",\"item\":\"https:\\\/\\\/cbie.ca\\\/fr\\\/\"},{\"@type\":\"ListItem\",\"position\":2,\"name\":\"virtuel\"}]},{\"@type\":\"WebSite\",\"@id\":\"https:\\\/\\\/cbie.ca\\\/#website\",\"url\":\"https:\\\/\\\/cbie.ca\\\/\",\"name\":\"Canadian Bureau for International Education\",\"description\":\"\",\"potentialAction\":[{\"@type\":\"SearchAction\",\"target\":{\"@type\":\"EntryPoint\",\"urlTemplate\":\"https:\\\/\\\/cbie.ca\\\/?s={search_term_string}\"},\"query-input\":{\"@type\":\"PropertyValueSpecification\",\"valueRequired\":true,\"valueName\":\"search_term_string\"}}],\"inLanguage\":\"fr-FR\"}]}<\/script>\n<!-- \/ Yoast SEO plugin. -->","yoast_head_json":{"title":"virtuel - CBIE","robots":{"index":"index","follow":"follow","max-snippet":"max-snippet:-1","max-image-preview":"max-image-preview:large","max-video-preview":"max-video-preview:-1"},"canonical":"https:\/\/cbie.ca\/fr\/virtuel\/","og_locale":"fr_FR","og_type":"article","og_title":"virtuel - CBIE","og_description":"[vc_row type=\u00a0\u00bbfull_width_section\u00a0\u00bb bg_image=\u00a0\u00bb44050&Prime; top_padding=\u00a0\u00bb0&Prime; bottom_padding=\u00a0\u00bb0&Prime;][vc_column column_padding=\u00a0\u00bbcustom-padding\u00a0\u00bb column_custompadding=\u00a0\u00bb9% 20px !important\u00a0\u00bb text_color=\u00a0\u00bblight\u00a0\u00bb text_align=\u00a0\u00bbcenter\u00a0\u00bb width=\u00a0\u00bb1\/1&Prime;][vc_column_text] Bienvenue au symposium virtuel [\/vc_column_text][\/vc_column][\/vc_row][vc_row row_id=\u00a0\u00bbprogrammefr\u00a0\u00bb][vc_column width=\u00a0\u00bb1\/1&Prime;][vc_column_text] Un grand merci \u00e0 nos conf\u00e9renciers pour leurs contributions au premier [&hellip;]","og_url":"https:\/\/cbie.ca\/fr\/virtuel\/","og_site_name":"CBIE","article_modified_time":"2020-07-22T14:53:52+00:00","og_image":[{"width":1600,"height":900,"url":"https:\/\/cbie.ca\/wp-content\/uploads\/2024\/01\/CBIE-Announcement-EN.png","type":"image\/png"}],"twitter_card":"summary_large_image","twitter_misc":{"Dur\u00e9e de lecture estim\u00e9e":"5 minutes"},"schema":{"@context":"https:\/\/schema.org","@graph":[{"@type":"WebPage","@id":"https:\/\/cbie.ca\/fr\/virtuel\/","url":"https:\/\/cbie.ca\/fr\/virtuel\/","name":"virtuel - CBIE","isPartOf":{"@id":"https:\/\/cbie.ca\/#website"},"datePublished":"2020-06-26T11:40:40+00:00","dateModified":"2020-07-22T14:53:52+00:00","breadcrumb":{"@id":"https:\/\/cbie.ca\/fr\/virtuel\/#breadcrumb"},"inLanguage":"fr-FR","potentialAction":[{"@type":"ReadAction","target":["https:\/\/cbie.ca\/fr\/virtuel\/"]}]},{"@type":"BreadcrumbList","@id":"https:\/\/cbie.ca\/fr\/virtuel\/#breadcrumb","itemListElement":[{"@type":"ListItem","position":1,"name":"Home","item":"https:\/\/cbie.ca\/fr\/"},{"@type":"ListItem","position":2,"name":"virtuel"}]},{"@type":"WebSite","@id":"https:\/\/cbie.ca\/#website","url":"https:\/\/cbie.ca\/","name":"Canadian Bureau for International Education","description":"","potentialAction":[{"@type":"SearchAction","target":{"@type":"EntryPoint","urlTemplate":"https:\/\/cbie.ca\/?s={search_term_string}"},"query-input":{"@type":"PropertyValueSpecification","valueRequired":true,"valueName":"search_term_string"}}],"inLanguage":"fr-FR"}]}},"_links":{"self":[{"href":"https:\/\/cbie.ca\/fr\/wp-json\/wp\/v2\/pages\/44573","targetHints":{"allow":["GET"]}}],"collection":[{"href":"https:\/\/cbie.ca\/fr\/wp-json\/wp\/v2\/pages"}],"about":[{"href":"https:\/\/cbie.ca\/fr\/wp-json\/wp\/v2\/types\/page"}],"author":[{"embeddable":true,"href":"https:\/\/cbie.ca\/fr\/wp-json\/wp\/v2\/users\/61"}],"replies":[{"embeddable":true,"href":"https:\/\/cbie.ca\/fr\/wp-json\/wp\/v2\/comments?post=44573"}],"version-history":[{"count":0,"href":"https:\/\/cbie.ca\/fr\/wp-json\/wp\/v2\/pages\/44573\/revisions"}],"wp:attachment":[{"href":"https:\/\/cbie.ca\/fr\/wp-json\/wp\/v2\/media?parent=44573"}],"curies":[{"name":"wp","href":"https:\/\/api.w.org\/{rel}","templated":true}]}}