{"id":44281,"date":"2020-06-14T19:12:57","date_gmt":"2020-06-14T23:12:57","guid":{"rendered":"https:\/\/cbieca.wpenginepowered.com\/?page_id=44281"},"modified":"2020-06-23T22:56:43","modified_gmt":"2020-06-24T02:56:43","slug":"apercu-du-programme","status":"publish","type":"page","link":"https:\/\/cbie.ca\/fr\/upcoming-events\/reimaginer\/apercu-du-programme\/","title":{"rendered":"Aper\u00e7u du programme"},"content":{"rendered":"<div class=\"wpb-content-wrapper\"><p>[vc_row type=\u00a0\u00bbfull_width_section\u00a0\u00bb][vc_column width=\u00a0\u00bb1\/1&Prime;][vc_column_text]<\/p>\n<h2 style=\"text-align: center;\">Symposium virtuel &#8211; Aper\u00e7u du programme<\/h2>\n<p>[\/vc_column_text]<div class=\"spacer\" style=\"height: 25px;\"><\/div>[vc_column_text]<\/p>\n<h3 style=\"text-align: center;\">Lundi 29 juin 2020<\/h3>\n<p>[\/vc_column_text]<div class=\"newdivider align-center\" style=\"border-bottom-style: solid; border-color: #ffc72c; border-bottom-width: 2px; margin-top: 30px; margin-bottom: 30px; width: 450px; \"><\/div><div class=\"clear\"><\/div><div class=\"spacer\" style=\"height: 10px;\"><\/div>[vc_tta_tour shape=\u00a0\u00bbround\u00a0\u00bb active_section=\u00a0\u00bb1&Prime; no_fill_content_area=\u00a0\u00bbtrue\u00a0\u00bb][vc_tta_section i_icon_fontawesome=\u00a0\u00bbfar fa-handshake\u00a0\u00bb add_icon=\u00a0\u00bbtrue\u00a0\u00bb title=\u00a0\u00bb10:00-11:00 HAE\u00a0\u00bb tab_id=\u00a0\u00bb1592105708253-f554cd92-7ead313c-9474&Prime;][vc_column_text]<strong>Visite guid\u00e9e du campus virtuel<\/strong><\/p>\n<p>Vous pourrez vous promener et rencontrer d&rsquo;autres participant.e.s, entamer des conversations et vous joindre \u00e0 d&rsquo;autres au fur et \u00e0 mesure que vous les trouvez, comme vous le feriez dans le hall d&rsquo;un h\u00f4tel lors d&rsquo;une conf\u00e9rence en personne.[\/vc_column_text]<div class=\"spacer\" style=\"height: 12px;\"><\/div><div class=\"single_image wpb_content_element align-left    \" data-animation=\"none\" data-delay=\"0\"><\/div>[\/vc_tta_section][vc_tta_section title=\u00a0\u00bb11:00-12:30 HAE\u00a0\u00bb tab_id=\u00a0\u00bb1592105708265-3ec10aae-55aa313c-9474&Prime;][vc_column_text]<strong>S\u00e9ance pl\u00e9ni\u00e8re d&rsquo;ouverture<\/strong><\/p>\n<p>L\u2019objectif des discussions avec les pan\u00e9listes est d\u2019explorer la direction que prendra le secteur de l\u2019\u00e9ducation internationale au Canada (tant d\u2019un point de vue national que dans le contexte plus g\u00e9n\u00e9ral des d\u00e9veloppements mondiaux) \u00e0 mesure que nous naviguons \u00e0 travers l\u2019exp\u00e9rience de la COVID-19 tout en passant par les diff\u00e9rentes dimensions de l\u2019internationalisation.<\/p>\n<p>Plus sp\u00e9cifiquement, nous souhaitons parler des premi\u00e8res r\u00e9percussions et des le\u00e7ons tir\u00e9es, des possibilit\u00e9s offertes par la pand\u00e9mie et pouvant \u00eatre mises \u00e0 profit, des domaines de l\u2019\u00e9ducation internationale qui sont en train d\u2019\u00eatre red\u00e9finis et de ceux qui offrent de plus amples occasions d\u2019innovation, des fa\u00e7ons de mieux promouvoir l\u2019acc\u00e8s \u00e0 l\u2019\u00e9ducation internationale et d\u2019en \u00e9liminer les obstacles \u00e0 la lumi\u00e8re des exp\u00e9riences de la pand\u00e9mie, ainsi que d\u2019une meilleure connectivit\u00e9 mondiale comme contrepoids \u00e0 la tendance \u00e0 s\u2019isoler et \u00e0 se refermer sur soi.[\/vc_column_text]<div class=\"spacer\" style=\"height: 20px;\"><\/div><div class=\"minti_list wpb_content_element color-grey circle\" style=\"\"><strong>Les personnes suivantes participeront \u00e0 la pl\u00e9ni\u00e8re :<\/strong><\/p>\n<ul>\n<li>Nicole Lacasse, Avocate et professeure titulaire, Universit\u00e9 Laval<\/li>\n<li>Sylvain Benoit, Directeur du Bureau des relations internationales, Universit\u00e9 du Qu\u00e9bec \u00e0 Trois-Rivi\u00e8res<\/li>\n<li>Line Dub\u00e9, Directrice, Polytechnique Montr\u00e9al International<\/li>\n<li>Jean-Philippe Thouard, Directeur technique de l&rsquo;Institut de la Francophonie pour la Gouvernance universitaire<\/li>\n<li>Adel El Za\u00efm, Dirigeant principal de l\u2019internationalisation, Universit\u00e9 d\u2019Ottawa<\/li>\n<\/ul>\n<\/div>[\/vc_tta_section][vc_tta_section i_icon_fontawesome=\u00a0\u00bbfar fa-handshake\u00a0\u00bb add_icon=\u00a0\u00bbtrue\u00a0\u00bb title=\u00a0\u00bb12:30-13:00 HAE\u00a0\u00bb tab_id=\u00a0\u00bb1592106327874-9848e0ac-dc48313c-9474&Prime;][vc_column_text]<strong>R\u00e9seautage dans le campus virtuel<\/strong><\/p>\n<p>Vous pourrez vous promener et rencontrer d\u2019autres participant.e.s, entamer des conversations et vous joindre \u00e0 d\u2019autres au fur et \u00e0 mesure que vous les trouvez, comme vous le feriez dans le hall d\u2019un h\u00f4tel lors d\u2019une conf\u00e9rence en personne.[\/vc_column_text]<div class=\"spacer\" style=\"height: 12px;\"><\/div><div class=\"single_image wpb_content_element align-left    \" data-animation=\"none\" data-delay=\"0\"><img decoding=\"async\" class=\"\" src=\"https:\/\/cbie.ca\/wp-content\/uploads\/2020\/06\/overwview-900x400.jpg\" width=\"900\" height=\"400\" alt=\"overwview\" title=\"overwview\" loading=\"lazy\" \/><\/div>[\/vc_tta_section][vc_tta_section title=\u00a0\u00bb13:30-14:30 HAE\u00a0\u00bb tab_id=\u00a0\u00bb1592106973908-4bdf5bf1-ccfc313c-9474&Prime;][vc_column_text]<strong>12:30-14:30 HAE La pand\u00e9mie et le racisme syst\u00e9mique<\/strong><\/p>\n<p>En m\u00eame temps que la pand\u00e9mie de Covid-19 a soulign\u00e9 nos connexions internationales, elle a intensifi\u00e9 le racisme antiasiatique au Canada et a touch\u00e9 de fa\u00e7on disproportionn\u00e9e les groupes noirs, autochtones et immigrants. Pendant ce temps, le mouvement Black Lives Matter a men\u00e9 des dizaines de milliers de personnes dans le monde \u00e0 protester contre le meurtre de George Floyd et \u00e0 appeler \u00e0 l&rsquo;action pour mettre fin au racisme syst\u00e9matique. Le racisme n&rsquo;est pas seulement les actions isol\u00e9es de personnes mal intentionn\u00e9es ou ignorantes. Ce sont des syst\u00e8mes d&rsquo;exclusions qui affectent quotidiennement la vie de millions de Canadiens. Cette pr\u00e9sentation examinera comment le racisme fonctionne en tant que structures sociales, les mythes qui entoure le racisme et comment nous pouvons \u00e9tablir des liens entre les diff\u00e9rences pour les surmonter.<\/p>\n<p><strong>Pr\u00e9sentateur :<\/strong><\/p>\n<p>Timothy J. Stanley<br \/>\nProfesseur \u00e9m\u00e9rite<br \/>\nUniversit\u00e9 d\u2019Ottawa[\/vc_column_text][\/vc_tta_section][vc_tta_section title=\u00a0\u00bb14:30-15:00 HAE\u00a0\u00bb tab_id=\u00a0\u00bb1592106975231-0a7f37d2-bca4313c-9474&Prime;][vc_column_text]<strong>S\u00e9ances simultan\u00e9es<\/strong>[\/vc_column_text]<div class=\"toggle\"><div class=\"toggle-title \">14:30-15:00 HAE La pertinence de travailler avec des agents en temps de crise ...<\/div><div class=\"toggle-inner\"><p>Les \u00e9tudiants internationaux repr\u00e9sentent un apport incontestable pour le Canada sur le plan \u00e9ducatif, social, culturel, d\u00e9mographique et \u00e9conomique. Ils appuient l\u2019innovation et la diversification dans le paysage \u00e9ducatif et aident \u00e0 combler le d\u00e9ficit d\u00e9mographique que vit le pays. Certains \u00e9tablissements de formation ont pu d\u00e9velopper leurs propres syst\u00e8mes pour le recrutement des \u00e9tudiants internationaux. D\u2019autres, se limitent aux occasions de r\u00e9seautages offerts par \u00c9duCanada et peu d\u2019entre eux ont recours \u00e0 des agents d\u2019\u00e9ducation, g\u00e9n\u00e9ralement par manque d\u2019informations \u00e0 leur sujet.<\/p>\n<p>Cependant, ce dernier moyen peut s\u2019av\u00e9rer le plus \u00e9conomique afin d\u2019assurer la pr\u00e9sence \u00e0 long terme d\u2019un \u00e9tablissement de formation sur un march\u00e9 particulier. Gr\u00e2ce \u00e0 leurs connaissances, les agents d\u2019\u00e9ducation peuvent constituer un grand appui pour p\u00e9n\u00e9trer un march\u00e9, trouver de nouvelles sources d\u2019\u00e9tudiants et faire augmenter rapidement et efficacement le nombre d\u2019admissions. Lors de cette session, Mme Mon\u00e8le Schrot, Directrice des programmes en langue fran\u00e7aise \u00e0 ICEF, discutera de la pertinence de travailler avec des agents accr\u00e9dit\u00e9s en temps de crise.<\/p>\n<p><strong>Pr\u00e9sentatrice :<\/strong><\/p>\n<p>Mon\u00e8le Schrot<br \/>\nDirectrice de programmes<br \/>\nICEF GmbH<\/p><\/div><\/div><div class=\"toggle\"><div class=\"toggle-title \">14:30-15:00 HAE Intelligence artificielle et apprentissage en ligne ...<\/div><div class=\"toggle-inner\"><p>Face \u00e0 l&rsquo;incertitude caus\u00e9e par COVID-19, des milliers d&rsquo;\u00e9coles, d&rsquo;universit\u00e9s et d&rsquo;entreprises demandent \u00e0 leurs employ\u00e9s, \u00e9tudiants, \u00e9l\u00e8ves et enseignants de travailler ou d&rsquo;\u00e9tudier depuis leur domicile. Ils vont alors se pr\u00e9cipiter pour fournir des \u00ab\u00a0contenus\u00a0\u00bb et des outils technologiques alternatifs sans grande synergie.<\/p>\n<p>Ils se rendront vite compte qu&rsquo;il s&rsquo;agit moins d&rsquo;une question de technologie (voire de contenu) que de design. L&rsquo;\u00e9ducation par le design devrait \u00eatre au centre de tout programme en ligne. Approfondir l&rsquo;aspect \u00e9motionnel de l&rsquo;apprenant (qu&rsquo;il soit un enfant ou un adulte) est au c\u0153ur d&rsquo;une bonne exp\u00e9rience d&rsquo;apprentissage.<\/p>\n<p>L&rsquo;intelligence artificielle jouera \u00e9galement un r\u00f4le essentiel dans l&rsquo;\u00e9ducation. De nombreux experts la comparent \u00e0 l&rsquo;invention de l&rsquo;\u00e9lectricit\u00e9 dans les ann\u00e9es 1800. En quoi cette nouvelle discipline perturbe-t-elle d\u00e9j\u00e0 tout, y compris notre approche de l&rsquo;\u00e9ducation ? Son impact ne manquera pas de se r\u00e9percuter de mani\u00e8re int\u00e9ressante et inattendue.<\/p>\n<p><strong>Pr\u00e9sentateur :<\/strong><\/p>\n<p>Hosni Zaouali<br \/>\nCEO of Tech AdaptiKa<\/p><\/div><\/div>[\/vc_tta_section][vc_tta_section title=\u00a0\u00bb15:00-15:30 HAE\u00a0\u00bb tab_id=\u00a0\u00bb1592152745398-442ca810-fb0d313c-9474&Prime;][vc_column_text]<strong>S\u00e9ances simultan\u00e9es<\/strong>[\/vc_column_text]<div class=\"toggle\"><div class=\"toggle-title \">15:00-15:30 HAE Rep\u00e8res pour une exp\u00e9rience d\u2019enseignement-apprentissage \u00e0 distance r\u00e9ussie ...<\/div><div class=\"toggle-inner\"><p>Depuis quelques semaines les institutions \u00e9ducatives sont interpell\u00e9es, questionn\u00e9es, dans leurs capacit\u00e9s \u00e0 se red\u00e9finir dans un contexte de pand\u00e9mie fait d\u2019incertitudes et de perte de rep\u00e8res. L\u00e0, o\u00f9 les pratiques d\u2019accueil d\u2019\u00e9tudiant.e.s internationaux \u00e9taient rod\u00e9es, proposant une diversit\u00e9 d\u2019activit\u00e9s pour soutenir les \u00e9tudiant.e.s dans leur int\u00e9gration dans ce monde parfois inconnu de l\u2019enseignement sup\u00e9rieur, l\u2019enjeu est de red\u00e9finir l\u2019exp\u00e9rience de la mobilit\u00e9 dans un contexte de e-mobilit\u00e9.<\/p>\n<p>Qu\u2019il s\u2019agisse des enseignants, comme des apprenants, les d\u00e9fis sont nombreux et nous proposons dans cette contribution quelques rep\u00e8res pour les surmonter. Nous reviendrons dans un premier temps sur l\u2019importance de la prise en compte du contexte dans lequel se trouveront les \u00e9tudiants \u00ab en mobilit\u00e9 \u00bb \u00e0 l\u2019automne 2020 et sur les diff\u00e9rents types de distance qu\u2019il convient de consid\u00e9rer. Prenant le parti pris de la proximit\u00e9, nous pr\u00e9senterons quelques rep\u00e8res inspirants tant lors de la phase de conception que celle de mise en \u0153uvre de la formation. En effet, au-del\u00e0 de la sc\u00e9narisation des activit\u00e9s d\u2019apprentissage \u00e0 distance, il s\u2019agit de formaliser et proposer des activit\u00e9s sp\u00e9cifiques soutenant l\u2019implication des apprenants et le d\u00e9veloppement d\u2019un sentiment d\u2019appartenance fond\u00e9e sur une dynamique active de socialisation. Nous verrons comment les notions d\u2019alliance p\u00e9dagogique, de responsabilisation et de bienveillance sont fertiles pour red\u00e9finir l\u2019exp\u00e9rience de la mobilit\u00e9 internationale et proposer un environnement \u00e0 distance propice \u00e0 l\u2019engagement, \u00e0 la pers\u00e9v\u00e9rance et \u00e0 la r\u00e9ussite des \u00e9tudiant.e.s.<\/p>\n<p><strong>Presentateur:<\/strong><\/p>\n<p>Didier Paquelin<br \/>\nProfesseur titulaire<br \/>\nUniversit\u00e9 Laval<\/p><\/div><\/div><div class=\"toggle\"><div class=\"toggle-title \">15:00-15:30 HAE R\u00e9flexions sur la gouvernance universitaire post crise COVID-19 ...<\/div><div class=\"toggle-inner\"><p>R\u00e9flexions sur la gouvernance universitaire post crise COVID-19<\/p>\n<p>Dans cette s\u00e9ance le Professeur Eric Champagne, Directeur du Centre d\u2019\u00e9tudes en gouvernance, analyse l\u2019impact de la crise pand\u00e9mique sur la gouvernance universitaire en \u00e9tudiant plus pr\u00e9cis\u00e9ment les facteurs de r\u00e9silience qui ont permis aux universit\u00e9s de s\u2019adapter pendant et apr\u00e8s la crise COVID-19 ainsi que les changements durables que l\u2019on peut anticiper \u00e0 moyen et \u00e0 long terme.<\/p>\n<p><strong>Pr\u00e9sentateur:<\/strong><\/p>\n<p><strong>Eric Champagne<\/strong><br \/>\nDirecteur du Centre d\u2019\u00e9tudes en gouvernance<br \/>\nUniversit\u00e9 d&rsquo;Ottawa<\/p>\n<p><strong>Jean-Philippe Thouard<\/strong><br \/>\nDirecteur technique de l&rsquo;Institut de la Francophonie pour la Gouvernance universitaire<\/p><\/div><\/div>[\/vc_tta_section][vc_tta_section title=\u00a0\u00bb15:30-16:00 HAE\u00a0\u00bb tab_id=\u00a0\u00bb1592152772638-ed78ff98-6a8b313c-9474&Prime;][vc_column_text]<strong>S\u00e9ances simultan\u00e9es<\/strong>[\/vc_column_text]<div class=\"toggle\"><div class=\"toggle-title \">15:30-16:00 HAE Information \u00e0 venir<\/div><div class=\"toggle-inner\"><p><em>Une description compl\u00e8te sera disponible sous peu.<\/em><\/p><\/div><\/div><div class=\"toggle\"><div class=\"toggle-title \">15:30-16:00 HAE Information \u00e0 venir<\/div><div class=\"toggle-inner\"><p><em>Une description compl\u00e8te sera disponible sous peu.<\/em><\/p><\/div><\/div>[\/vc_tta_section][vc_tta_section i_icon_fontawesome=\u00a0\u00bbfar fa-handshake\u00a0\u00bb add_icon=\u00a0\u00bbtrue\u00a0\u00bb title=\u00a0\u00bb16:00-17:00 HAE\u00a0\u00bb tab_id=\u00a0\u00bb1592106976300-7b6eb672-f393313c-9474&Prime;][vc_column_text]<strong>R\u00e9seautage dans le campus virtuel<\/strong><\/p>\n<p>Vous pourrez vous promener et rencontrer d\u2019autres participant.e.s, entamer des conversations et vous joindre \u00e0 d\u2019autres au fur et \u00e0 mesure que vous les trouvez, comme vous le feriez dans le hall d\u2019un h\u00f4tel lors d\u2019une conf\u00e9rence en personne.[\/vc_column_text]<div class=\"spacer\" style=\"height: 12px;\"><\/div><div class=\"single_image wpb_content_element align-left    \" data-animation=\"none\" data-delay=\"0\"><\/div>[\/vc_tta_section][vc_tta_section title=\u00a0\u00bb17:00-18:00 HAE\u00a0\u00bb tab_id=\u00a0\u00bb1592106977250-e286422d-10f8313c-9474&Prime;][vc_column_text]<strong>Mise \u00e0 jour sur les questions d&rsquo;immigration avec IRCC<\/strong><\/p>\n<p>Une description compl\u00e8te sera disponible sous peu.[\/vc_column_text]<div class=\"spacer\" style=\"height: 12px;\"><\/div><div class=\"single_image wpb_content_element align-left    \" data-animation=\"none\" data-delay=\"0\"><img decoding=\"async\" class=\"\" src=\"https:\/\/cbie.ca\/wp-content\/uploads\/2020\/06\/IRCC-COVID-800x400.jpg\" width=\"800\" height=\"400\" alt=\"IRCC COVID\" title=\"IRCC COVID\" loading=\"lazy\" \/><\/div>[\/vc_tta_section][vc_tta_section title=\u00a0\u00bb18:00-18:30 HAE\u00a0\u00bb tab_id=\u00a0\u00bb1592148375446-aee8ee0b-540d313c-9474&Prime;][vc_column_text]<strong>Mot de cl\u00f4ture de la pr\u00e9sidente-directrice g\u00e9n\u00e9rale du BCEI, Larissa Bezo<\/strong>[\/vc_column_text]<div class=\"spacer\" style=\"height: 15px;\"><\/div><div class=\"single_image wpb_content_element align-left  image_box_circle image_box_border  \" data-animation=\"none\" data-delay=\"0\"><\/div>[\/vc_tta_section][\/vc_tta_tour][\/vc_column][\/vc_row]<\/p>\n<\/div>","protected":false},"excerpt":{"rendered":"<p>[vc_row type=\u00a0\u00bbfull_width_section\u00a0\u00bb][vc_column width=\u00a0\u00bb1\/1&Prime;][vc_column_text] Symposium virtuel &#8211; Aper\u00e7u du programme [\/vc_column_text][vc_column_text] Lundi 29 juin 2020 [\/vc_column_text][vc_tta_tour shape=\u00a0\u00bbround\u00a0\u00bb active_section=\u00a0\u00bb1&Prime; no_fill_content_area=\u00a0\u00bbtrue\u00a0\u00bb][vc_tta_section i_icon_fontawesome=\u00a0\u00bbfar fa-handshake\u00a0\u00bb add_icon=\u00a0\u00bbtrue\u00a0\u00bb title=\u00a0\u00bb10:00-11:00 HAE\u00a0\u00bb tab_id=\u00a0\u00bb1592105708253-f554cd92-7ead313c-9474&Prime;][vc_column_text]Visite guid\u00e9e du campus virtuel Vous pourrez [&hellip;]<\/p>\n","protected":false},"author":61,"featured_media":0,"parent":44057,"menu_order":0,"comment_status":"closed","ping_status":"closed","template":"","meta":{"_acf_changed":false,"footnotes":""},"class_list":["post-44281","page","type-page","status-publish","hentry"],"acf":[],"yoast_head":"<!-- This site is optimized with the Yoast SEO plugin v26.8 - https:\/\/yoast.com\/product\/yoast-seo-wordpress\/ -->\n<title>Aper\u00e7u du programme - CBIE<\/title>\n<meta name=\"robots\" content=\"index, follow, max-snippet:-1, max-image-preview:large, max-video-preview:-1\" \/>\n<link rel=\"canonical\" href=\"https:\/\/cbie.ca\/fr\/upcoming-events\/reimaginer\/apercu-du-programme\/\" \/>\n<meta property=\"og:locale\" content=\"fr_FR\" \/>\n<meta property=\"og:type\" content=\"article\" \/>\n<meta property=\"og:title\" content=\"Aper\u00e7u du programme - CBIE\" \/>\n<meta property=\"og:description\" content=\"[vc_row type=\u00a0\u00bbfull_width_section\u00a0\u00bb][vc_column width=\u00a0\u00bb1\/1&Prime;][vc_column_text] Symposium virtuel &#8211; Aper\u00e7u du programme [\/vc_column_text][vc_column_text] Lundi 29 juin 2020 [\/vc_column_text][vc_tta_tour shape=\u00a0\u00bbround\u00a0\u00bb active_section=\u00a0\u00bb1&Prime; no_fill_content_area=\u00a0\u00bbtrue\u00a0\u00bb][vc_tta_section i_icon_fontawesome=\u00a0\u00bbfar fa-handshake\u00a0\u00bb add_icon=\u00a0\u00bbtrue\u00a0\u00bb title=\u00a0\u00bb10:00-11:00 HAE\u00a0\u00bb tab_id=\u00a0\u00bb1592105708253-f554cd92-7ead313c-9474&Prime;][vc_column_text]Visite guid\u00e9e du campus virtuel Vous pourrez [&hellip;]\" \/>\n<meta property=\"og:url\" content=\"https:\/\/cbie.ca\/fr\/upcoming-events\/reimaginer\/apercu-du-programme\/\" \/>\n<meta property=\"og:site_name\" content=\"CBIE\" \/>\n<meta property=\"article:modified_time\" content=\"2020-06-24T02:56:43+00:00\" \/>\n<meta property=\"og:image\" content=\"https:\/\/cbie.ca\/wp-content\/uploads\/2024\/01\/CBIE-Announcement-EN.png\" \/>\n\t<meta property=\"og:image:width\" content=\"1600\" \/>\n\t<meta property=\"og:image:height\" content=\"900\" \/>\n\t<meta property=\"og:image:type\" content=\"image\/png\" \/>\n<meta name=\"twitter:card\" content=\"summary_large_image\" \/>\n<meta name=\"twitter:label1\" content=\"Dur\u00e9e de lecture estim\u00e9e\" \/>\n\t<meta name=\"twitter:data1\" content=\"9 minutes\" \/>\n<script type=\"application\/ld+json\" class=\"yoast-schema-graph\">{\"@context\":\"https:\/\/schema.org\",\"@graph\":[{\"@type\":\"WebPage\",\"@id\":\"https:\/\/cbie.ca\/fr\/upcoming-events\/reimaginer\/apercu-du-programme\/\",\"url\":\"https:\/\/cbie.ca\/fr\/upcoming-events\/reimaginer\/apercu-du-programme\/\",\"name\":\"Aper\u00e7u du programme - CBIE\",\"isPartOf\":{\"@id\":\"https:\/\/cbie.ca\/#website\"},\"datePublished\":\"2020-06-14T23:12:57+00:00\",\"dateModified\":\"2020-06-24T02:56:43+00:00\",\"breadcrumb\":{\"@id\":\"https:\/\/cbie.ca\/fr\/upcoming-events\/reimaginer\/apercu-du-programme\/#breadcrumb\"},\"inLanguage\":\"fr-FR\",\"potentialAction\":[{\"@type\":\"ReadAction\",\"target\":[\"https:\/\/cbie.ca\/fr\/upcoming-events\/reimaginer\/apercu-du-programme\/\"]}]},{\"@type\":\"BreadcrumbList\",\"@id\":\"https:\/\/cbie.ca\/fr\/upcoming-events\/reimaginer\/apercu-du-programme\/#breadcrumb\",\"itemListElement\":[{\"@type\":\"ListItem\",\"position\":1,\"name\":\"Home\",\"item\":\"https:\/\/cbie.ca\/fr\/\"},{\"@type\":\"ListItem\",\"position\":2,\"name\":\"\u00c9v\u00e9nements\",\"item\":\"https:\/\/cbie.ca\/upcoming-events\/\"},{\"@type\":\"ListItem\",\"position\":3,\"name\":\"Symposium en ligne &#8211; 29 juin 2020 &#8211; #R\u00e9imaginer\",\"item\":\"https:\/\/cbie.ca\/fr\/upcoming-events\/reimaginer\/\"},{\"@type\":\"ListItem\",\"position\":4,\"name\":\"Aper\u00e7u du programme\"}]},{\"@type\":\"WebSite\",\"@id\":\"https:\/\/cbie.ca\/#website\",\"url\":\"https:\/\/cbie.ca\/\",\"name\":\"Canadian Bureau for International Education\",\"description\":\"\",\"potentialAction\":[{\"@type\":\"SearchAction\",\"target\":{\"@type\":\"EntryPoint\",\"urlTemplate\":\"https:\/\/cbie.ca\/?s={search_term_string}\"},\"query-input\":{\"@type\":\"PropertyValueSpecification\",\"valueRequired\":true,\"valueName\":\"search_term_string\"}}],\"inLanguage\":\"fr-FR\"}]}<\/script>\n<!-- \/ Yoast SEO plugin. -->","yoast_head_json":{"title":"Aper\u00e7u du programme - CBIE","robots":{"index":"index","follow":"follow","max-snippet":"max-snippet:-1","max-image-preview":"max-image-preview:large","max-video-preview":"max-video-preview:-1"},"canonical":"https:\/\/cbie.ca\/fr\/upcoming-events\/reimaginer\/apercu-du-programme\/","og_locale":"fr_FR","og_type":"article","og_title":"Aper\u00e7u du programme - CBIE","og_description":"[vc_row type=\u00a0\u00bbfull_width_section\u00a0\u00bb][vc_column width=\u00a0\u00bb1\/1&Prime;][vc_column_text] Symposium virtuel &#8211; Aper\u00e7u du programme [\/vc_column_text][vc_column_text] Lundi 29 juin 2020 [\/vc_column_text][vc_tta_tour shape=\u00a0\u00bbround\u00a0\u00bb active_section=\u00a0\u00bb1&Prime; no_fill_content_area=\u00a0\u00bbtrue\u00a0\u00bb][vc_tta_section i_icon_fontawesome=\u00a0\u00bbfar fa-handshake\u00a0\u00bb add_icon=\u00a0\u00bbtrue\u00a0\u00bb title=\u00a0\u00bb10:00-11:00 HAE\u00a0\u00bb tab_id=\u00a0\u00bb1592105708253-f554cd92-7ead313c-9474&Prime;][vc_column_text]Visite guid\u00e9e du campus virtuel Vous pourrez [&hellip;]","og_url":"https:\/\/cbie.ca\/fr\/upcoming-events\/reimaginer\/apercu-du-programme\/","og_site_name":"CBIE","article_modified_time":"2020-06-24T02:56:43+00:00","og_image":[{"width":1600,"height":900,"url":"https:\/\/cbie.ca\/wp-content\/uploads\/2024\/01\/CBIE-Announcement-EN.png","type":"image\/png"}],"twitter_card":"summary_large_image","twitter_misc":{"Dur\u00e9e de lecture estim\u00e9e":"9 minutes"},"schema":{"@context":"https:\/\/schema.org","@graph":[{"@type":"WebPage","@id":"https:\/\/cbie.ca\/fr\/upcoming-events\/reimaginer\/apercu-du-programme\/","url":"https:\/\/cbie.ca\/fr\/upcoming-events\/reimaginer\/apercu-du-programme\/","name":"Aper\u00e7u du programme - CBIE","isPartOf":{"@id":"https:\/\/cbie.ca\/#website"},"datePublished":"2020-06-14T23:12:57+00:00","dateModified":"2020-06-24T02:56:43+00:00","breadcrumb":{"@id":"https:\/\/cbie.ca\/fr\/upcoming-events\/reimaginer\/apercu-du-programme\/#breadcrumb"},"inLanguage":"fr-FR","potentialAction":[{"@type":"ReadAction","target":["https:\/\/cbie.ca\/fr\/upcoming-events\/reimaginer\/apercu-du-programme\/"]}]},{"@type":"BreadcrumbList","@id":"https:\/\/cbie.ca\/fr\/upcoming-events\/reimaginer\/apercu-du-programme\/#breadcrumb","itemListElement":[{"@type":"ListItem","position":1,"name":"Home","item":"https:\/\/cbie.ca\/fr\/"},{"@type":"ListItem","position":2,"name":"\u00c9v\u00e9nements","item":"https:\/\/cbie.ca\/upcoming-events\/"},{"@type":"ListItem","position":3,"name":"Symposium en ligne &#8211; 29 juin 2020 &#8211; #R\u00e9imaginer","item":"https:\/\/cbie.ca\/fr\/upcoming-events\/reimaginer\/"},{"@type":"ListItem","position":4,"name":"Aper\u00e7u du programme"}]},{"@type":"WebSite","@id":"https:\/\/cbie.ca\/#website","url":"https:\/\/cbie.ca\/","name":"Canadian Bureau for International Education","description":"","potentialAction":[{"@type":"SearchAction","target":{"@type":"EntryPoint","urlTemplate":"https:\/\/cbie.ca\/?s={search_term_string}"},"query-input":{"@type":"PropertyValueSpecification","valueRequired":true,"valueName":"search_term_string"}}],"inLanguage":"fr-FR"}]}},"_links":{"self":[{"href":"https:\/\/cbie.ca\/fr\/wp-json\/wp\/v2\/pages\/44281","targetHints":{"allow":["GET"]}}],"collection":[{"href":"https:\/\/cbie.ca\/fr\/wp-json\/wp\/v2\/pages"}],"about":[{"href":"https:\/\/cbie.ca\/fr\/wp-json\/wp\/v2\/types\/page"}],"author":[{"embeddable":true,"href":"https:\/\/cbie.ca\/fr\/wp-json\/wp\/v2\/users\/61"}],"replies":[{"embeddable":true,"href":"https:\/\/cbie.ca\/fr\/wp-json\/wp\/v2\/comments?post=44281"}],"version-history":[{"count":0,"href":"https:\/\/cbie.ca\/fr\/wp-json\/wp\/v2\/pages\/44281\/revisions"}],"up":[{"embeddable":true,"href":"https:\/\/cbie.ca\/fr\/wp-json\/wp\/v2\/pages\/44057"}],"wp:attachment":[{"href":"https:\/\/cbie.ca\/fr\/wp-json\/wp\/v2\/media?parent=44281"}],"curies":[{"name":"wp","href":"https:\/\/api.w.org\/{rel}","templated":true}]}}