{"id":42896,"date":"2020-03-18T08:12:27","date_gmt":"2020-03-18T12:12:27","guid":{"rendered":"https:\/\/cbieca.wpenginepowered.com\/?page_id=42896"},"modified":"2020-03-18T08:12:27","modified_gmt":"2020-03-18T12:12:27","slug":"synergies-pour-linternationalisation-au-sein-de-la-francophonie","status":"publish","type":"page","link":"https:\/\/cbie.ca\/fr\/synergies-pour-linternationalisation-au-sein-de-la-francophonie\/","title":{"rendered":"Synergies pour l\u2019internationalisation au sein de la Francophonie"},"content":{"rendered":"<div class=\"wpb-content-wrapper\"><p>[vc_row][vc_column width=\u00a0\u00bb2\/3&Prime;][vc_column_text]<\/p>\n<h3 style=\"text-align: left;\">Synergies pour l\u2019internationalisation au sein de la Francophonie<\/h3>\n<p>[\/vc_column_text][\/vc_column][vc_column width=\u00a0\u00bb1\/3&Prime;]<div class=\"single_image wpb_content_element align-left    \" data-animation=\"none\" data-delay=\"0\"><a href=\"https:\/\/www.francophonie.org\/\" target=\"_self\"><img loading=\"lazy\" decoding=\"async\" width=\"1431\" height=\"526\" src=\"https:\/\/cbie.ca\/wp-content\/uploads\/2020\/03\/OIF-50.png\" class=\"attachment-full\" alt=\"\" title=\"OIF-50\" srcset=\"https:\/\/cbie.ca\/wp-content\/uploads\/2020\/03\/OIF-50.png 1431w, https:\/\/cbie.ca\/wp-content\/uploads\/2020\/03\/OIF-50-300x110.png 300w, https:\/\/cbie.ca\/wp-content\/uploads\/2020\/03\/OIF-50-1024x376.png 1024w, https:\/\/cbie.ca\/wp-content\/uploads\/2020\/03\/OIF-50-768x282.png 768w\" sizes=\"auto, (max-width: 1431px) 100vw, 1431px\" \/><\/a><\/div>[\/vc_column][\/vc_row][vc_row][vc_column width=\u00a0\u00bb1\/1&Prime;]<div class=\"spacer\" style=\"height: 30px;\"><\/div>[\/vc_column][\/vc_row][vc_row][vc_column width=\u00a0\u00bb1\/2&Prime;][vc_column_text]<\/p>\n<p class=\"p1\"><span class=\"s1\">Le <a href=\"https:\/\/cbie.ca\/fr\/\"><strong>Bureau canadien de l\u2019\u00e9ducation internationale (BCEI)<\/strong><\/a> et l\u2019<a href=\"https:\/\/wusc.ca\/fr\/\"><strong>Entraide universitaire mondiale du Canada (EUMC)<\/strong><\/a> sont fiers de c\u00e9l\u00e9brer le\u00a050i\u00e8me anniversaire de l\u2019<strong><a href=\"https:\/\/www.francophonie.org\/\">Organisation internationale de\u00a0la\u00a0Francophonie (OIF)<\/a><\/strong>.<\/span><\/p>\n<p class=\"p1\"><span class=\"s1\">Le BCEI et l\u2019EUMC contribuent de mani\u00e8re significative \u00e0 l\u2019am\u00e9lioration des <\/span><span class=\"s2\">perspectives pour les\u00a0jeunes afin que tous <\/span><span class=\"s1\">puissent contribuer au\u00a0d\u00e9veloppement de\u00a0leur institution et\u00a0leur\u00a0pays.<\/span><\/p>\n<p class=\"p2\"><span class=\"s1\">Le BCEI et l\u2019EUMC souhaitent \u00e0 l\u2019OIF pour les\u00a0prochaines ann\u00e9es le\u00a0succ\u00e8s attendu \u00e0\u00a0la\u00a0hauteur des d\u00e9fis actuels et s\u2019engagent \u00e0 contribuer \u00e0\u00a0l\u2019accompagner pour assurer l\u2019atteinte\u00a0de ses objectifs.<\/span><\/p>\n<p>[\/vc_column_text][\/vc_column][vc_column width=\u00a0\u00bb1\/2&Prime;][vc_column_text]<\/p>\n<p class=\"p1\"><strong>Parmi les r\u00e9alisations du BCEI et de l\u2019EUMC :<\/strong><\/p>\n<p><img loading=\"lazy\" decoding=\"async\" width=\"250\" height=\"150\" class=\"wp-image-42917\" style=\"width: 150px; height: auto;\" src=\"https:\/\/cbie.ca\/wp-content\/uploads\/2020\/03\/icon-1.jpg\" alt=\"\" srcset=\"https:\/\/cbie.ca\/wp-content\/uploads\/2020\/03\/icon-1.jpg 250w, https:\/\/cbie.ca\/wp-content\/uploads\/2020\/03\/icon-1-200x120.jpg 200w\" sizes=\"auto, (max-width: 250px) 100vw, 250px\" \/><\/p>\n<p class=\"p1\" style=\"border-left: solid 2px #f8983e; padding-left: 20px;\">La gestion de programmes de\u00a0bourses de d\u00e9veloppement, financ\u00e9s par le Gouvernement du Canada et des partenaires institutionnels, qui b\u00e9n\u00e9ficient \u00e0 <b>37 pays membres<\/b> de la Francophonie et aux \u00e9tablissements d\u2019enseignement de la Francophonie canadienne.<\/p>\n<p><img loading=\"lazy\" decoding=\"async\" class=\"wp-image-42919\" style=\"width: 150px; height: auto; margin-top: 20px;\" src=\"https:\/\/cbie.ca\/wp-content\/uploads\/2020\/03\/icon-2.jpg\" alt=\"\" width=\"250\" height=\"150\" srcset=\"https:\/\/cbie.ca\/wp-content\/uploads\/2020\/03\/icon-2.jpg 250w, https:\/\/cbie.ca\/wp-content\/uploads\/2020\/03\/icon-2-200x120.jpg 200w\" sizes=\"auto, (max-width: 250px) 100vw, 250px\" \/><\/p>\n<p class=\"p1\" style=\"border-left: solid 2px #3cb64a; padding-left: 20px;\">Croissance des partenariats avec des universit\u00e9s et des coll\u00e8ges francophones et\u00a0bilingues au Canada, pour parrainer des r\u00e9fugi\u00e9s des pays de\u00a0la Francophonie et\u00a0leur permettre des \u00e9tudes sup\u00e9rieures au\u00a0Canada <b>(de 8\u00a0\u00e9tablissements en\u00a02016-2017 \u00e0\u00a023 \u00e9tablissements en 2020)<\/b>.<\/p>\n<p><img loading=\"lazy\" decoding=\"async\" class=\"wp-image-42921\" style=\"width: 150px; height: auto; margin-top: 20px;\" src=\"https:\/\/cbie.ca\/wp-content\/uploads\/2020\/03\/icon-3.jpg\" alt=\"\" width=\"250\" height=\"150\" srcset=\"https:\/\/cbie.ca\/wp-content\/uploads\/2020\/03\/icon-3.jpg 250w, https:\/\/cbie.ca\/wp-content\/uploads\/2020\/03\/icon-3-200x120.jpg 200w\" sizes=\"auto, (max-width: 250px) 100vw, 250px\" \/><\/p>\n<p class=\"p1\" style=\"border-left: solid 2px #085791; padding-left: 20px;\">Le renforcement de la capacit\u00e9 des institutions d\u2019enseignement de la Francophonie canadienne dans leur internationalisation et leur gestion de leurs \u00e9tudiant.e.s internationaux au Canada.<\/p>\n<p>[\/vc_column_text][\/vc_column][\/vc_row][vc_row][vc_column width=\u00a0\u00bb1\/1&Prime;]<div class=\"newdivider align-center\" style=\"border-bottom-style: solid; border-color: #ffc62c; border-bottom-width: 4px; margin-top: 50px; margin-bottom: 30px; width: 100%; \"><\/div><div class=\"clear\"><\/div>[\/vc_column][\/vc_row][vc_row][vc_column width=\u00a0\u00bb1\/2&Prime;]<div class=\"single_image wpb_content_element align-left    \" data-animation=\"none\" data-delay=\"0\"><a href=\"https:\/\/cbie.ca\/fr\/\" target=\"_self\"><img loading=\"lazy\" decoding=\"async\" width=\"750\" height=\"225\" src=\"https:\/\/cbie.ca\/wp-content\/uploads\/2020\/03\/CBIE-fr.png\" class=\"attachment-full\" alt=\"\" title=\"CBIE-fr\" srcset=\"https:\/\/cbie.ca\/wp-content\/uploads\/2020\/03\/CBIE-fr.png 750w, https:\/\/cbie.ca\/wp-content\/uploads\/2020\/03\/CBIE-fr-300x90.png 300w\" sizes=\"auto, (max-width: 750px) 100vw, 750px\" \/><\/a><\/div>[\/vc_column][vc_column width=\u00a0\u00bb1\/2&Prime;]<div class=\"single_image wpb_content_element align-left    \" data-animation=\"none\" data-delay=\"0\"><a href=\"https:\/\/wusc.ca\/fr\/\" target=\"_self\"><img loading=\"lazy\" decoding=\"async\" width=\"750\" height=\"225\" src=\"https:\/\/cbie.ca\/wp-content\/uploads\/2020\/03\/WUSC-Logo-Horizontal-Blue.png\" class=\"attachment-full\" alt=\"\" title=\"WUSC-Logo-Horizontal-Blue\" srcset=\"https:\/\/cbie.ca\/wp-content\/uploads\/2020\/03\/WUSC-Logo-Horizontal-Blue.png 750w, https:\/\/cbie.ca\/wp-content\/uploads\/2020\/03\/WUSC-Logo-Horizontal-Blue-300x90.png 300w\" sizes=\"auto, (max-width: 750px) 100vw, 750px\" \/><\/a><\/div>[\/vc_column][\/vc_row]<\/p>\n<\/div>","protected":false},"excerpt":{"rendered":"<p>[vc_row][vc_column width=\u00a0\u00bb2\/3&Prime;][vc_column_text] Synergies pour l\u2019internationalisation au sein de la Francophonie [\/vc_column_text][\/vc_column][vc_column width=\u00a0\u00bb1\/3&Prime;][\/vc_column][\/vc_row][vc_row][vc_column width=\u00a0\u00bb1\/1&Prime;][\/vc_column][\/vc_row][vc_row][vc_column width=\u00a0\u00bb1\/2&Prime;][vc_column_text] Le Bureau canadien de l\u2019\u00e9ducation internationale (BCEI) et l\u2019Entraide universitaire mondiale du Canada (EUMC) sont fiers [&hellip;]<\/p>\n","protected":false},"author":11,"featured_media":0,"parent":0,"menu_order":0,"comment_status":"closed","ping_status":"closed","template":"","meta":{"_acf_changed":false,"footnotes":""},"class_list":["post-42896","page","type-page","status-publish","hentry"],"acf":[],"yoast_head":"<!-- This site is optimized with the Yoast SEO plugin v27.5 - https:\/\/yoast.com\/product\/yoast-seo-wordpress\/ -->\n<title>Synergies pour l\u2019internationalisation au sein de la Francophonie - CBIE<\/title>\n<meta name=\"robots\" content=\"index, follow, max-snippet:-1, max-image-preview:large, max-video-preview:-1\" \/>\n<link rel=\"canonical\" href=\"https:\/\/cbie.ca\/fr\/synergies-pour-linternationalisation-au-sein-de-la-francophonie\/\" \/>\n<meta property=\"og:locale\" content=\"fr_FR\" \/>\n<meta property=\"og:type\" content=\"article\" \/>\n<meta property=\"og:title\" content=\"Synergies pour l\u2019internationalisation au sein de la Francophonie - CBIE\" \/>\n<meta property=\"og:description\" content=\"[vc_row][vc_column width=\u00a0\u00bb2\/3&Prime;][vc_column_text] Synergies pour l\u2019internationalisation au sein de la Francophonie [\/vc_column_text][\/vc_column][vc_column width=\u00a0\u00bb1\/3&Prime;][\/vc_column][\/vc_row][vc_row][vc_column width=\u00a0\u00bb1\/1&Prime;][\/vc_column][\/vc_row][vc_row][vc_column width=\u00a0\u00bb1\/2&Prime;][vc_column_text] Le Bureau canadien de l\u2019\u00e9ducation internationale (BCEI) et l\u2019Entraide universitaire mondiale du Canada (EUMC) sont fiers [&hellip;]\" \/>\n<meta property=\"og:url\" content=\"https:\/\/cbie.ca\/fr\/synergies-pour-linternationalisation-au-sein-de-la-francophonie\/\" \/>\n<meta property=\"og:site_name\" content=\"CBIE\" \/>\n<meta property=\"og:image\" content=\"https:\/\/cbie.ca\/wp-content\/uploads\/2020\/03\/icon-1.jpg\" \/>\n<meta name=\"twitter:card\" content=\"summary_large_image\" \/>\n<meta name=\"twitter:label1\" content=\"Dur\u00e9e de lecture estim\u00e9e\" \/>\n\t<meta name=\"twitter:data1\" content=\"2 minutes\" \/>\n<script type=\"application\/ld+json\" class=\"yoast-schema-graph\">{\"@context\":\"https:\\\/\\\/schema.org\",\"@graph\":[{\"@type\":\"WebPage\",\"@id\":\"https:\\\/\\\/cbie.ca\\\/fr\\\/synergies-pour-linternationalisation-au-sein-de-la-francophonie\\\/\",\"url\":\"https:\\\/\\\/cbie.ca\\\/fr\\\/synergies-pour-linternationalisation-au-sein-de-la-francophonie\\\/\",\"name\":\"Synergies pour l\u2019internationalisation au sein de la Francophonie - CBIE\",\"isPartOf\":{\"@id\":\"https:\\\/\\\/cbie.ca\\\/#website\"},\"primaryImageOfPage\":{\"@id\":\"https:\\\/\\\/cbie.ca\\\/fr\\\/synergies-pour-linternationalisation-au-sein-de-la-francophonie\\\/#primaryimage\"},\"image\":{\"@id\":\"https:\\\/\\\/cbie.ca\\\/fr\\\/synergies-pour-linternationalisation-au-sein-de-la-francophonie\\\/#primaryimage\"},\"thumbnailUrl\":\"https:\\\/\\\/cbie.ca\\\/wp-content\\\/uploads\\\/2020\\\/03\\\/icon-1.jpg\",\"datePublished\":\"2020-03-18T12:12:27+00:00\",\"breadcrumb\":{\"@id\":\"https:\\\/\\\/cbie.ca\\\/fr\\\/synergies-pour-linternationalisation-au-sein-de-la-francophonie\\\/#breadcrumb\"},\"inLanguage\":\"fr-FR\",\"potentialAction\":[{\"@type\":\"ReadAction\",\"target\":[\"https:\\\/\\\/cbie.ca\\\/fr\\\/synergies-pour-linternationalisation-au-sein-de-la-francophonie\\\/\"]}]},{\"@type\":\"ImageObject\",\"inLanguage\":\"fr-FR\",\"@id\":\"https:\\\/\\\/cbie.ca\\\/fr\\\/synergies-pour-linternationalisation-au-sein-de-la-francophonie\\\/#primaryimage\",\"url\":\"https:\\\/\\\/cbie.ca\\\/wp-content\\\/uploads\\\/2020\\\/03\\\/icon-1.jpg\",\"contentUrl\":\"https:\\\/\\\/cbie.ca\\\/wp-content\\\/uploads\\\/2020\\\/03\\\/icon-1.jpg\"},{\"@type\":\"BreadcrumbList\",\"@id\":\"https:\\\/\\\/cbie.ca\\\/fr\\\/synergies-pour-linternationalisation-au-sein-de-la-francophonie\\\/#breadcrumb\",\"itemListElement\":[{\"@type\":\"ListItem\",\"position\":1,\"name\":\"Home\",\"item\":\"https:\\\/\\\/cbie.ca\\\/fr\\\/\"},{\"@type\":\"ListItem\",\"position\":2,\"name\":\"Synergies pour l\u2019internationalisation au sein de la Francophonie\"}]},{\"@type\":\"WebSite\",\"@id\":\"https:\\\/\\\/cbie.ca\\\/#website\",\"url\":\"https:\\\/\\\/cbie.ca\\\/\",\"name\":\"Canadian Bureau for International Education\",\"description\":\"\",\"potentialAction\":[{\"@type\":\"SearchAction\",\"target\":{\"@type\":\"EntryPoint\",\"urlTemplate\":\"https:\\\/\\\/cbie.ca\\\/?s={search_term_string}\"},\"query-input\":{\"@type\":\"PropertyValueSpecification\",\"valueRequired\":true,\"valueName\":\"search_term_string\"}}],\"inLanguage\":\"fr-FR\"}]}<\/script>\n<!-- \/ Yoast SEO plugin. -->","yoast_head_json":{"title":"Synergies pour l\u2019internationalisation au sein de la Francophonie - CBIE","robots":{"index":"index","follow":"follow","max-snippet":"max-snippet:-1","max-image-preview":"max-image-preview:large","max-video-preview":"max-video-preview:-1"},"canonical":"https:\/\/cbie.ca\/fr\/synergies-pour-linternationalisation-au-sein-de-la-francophonie\/","og_locale":"fr_FR","og_type":"article","og_title":"Synergies pour l\u2019internationalisation au sein de la Francophonie - CBIE","og_description":"[vc_row][vc_column width=\u00a0\u00bb2\/3&Prime;][vc_column_text] Synergies pour l\u2019internationalisation au sein de la Francophonie [\/vc_column_text][\/vc_column][vc_column width=\u00a0\u00bb1\/3&Prime;][\/vc_column][\/vc_row][vc_row][vc_column width=\u00a0\u00bb1\/1&Prime;][\/vc_column][\/vc_row][vc_row][vc_column width=\u00a0\u00bb1\/2&Prime;][vc_column_text] Le Bureau canadien de l\u2019\u00e9ducation internationale (BCEI) et l\u2019Entraide universitaire mondiale du Canada (EUMC) sont fiers [&hellip;]","og_url":"https:\/\/cbie.ca\/fr\/synergies-pour-linternationalisation-au-sein-de-la-francophonie\/","og_site_name":"CBIE","og_image":[{"url":"https:\/\/cbie.ca\/wp-content\/uploads\/2020\/03\/icon-1.jpg","type":"","width":"","height":""}],"twitter_card":"summary_large_image","twitter_misc":{"Dur\u00e9e de lecture estim\u00e9e":"2 minutes"},"schema":{"@context":"https:\/\/schema.org","@graph":[{"@type":"WebPage","@id":"https:\/\/cbie.ca\/fr\/synergies-pour-linternationalisation-au-sein-de-la-francophonie\/","url":"https:\/\/cbie.ca\/fr\/synergies-pour-linternationalisation-au-sein-de-la-francophonie\/","name":"Synergies pour l\u2019internationalisation au sein de la Francophonie - CBIE","isPartOf":{"@id":"https:\/\/cbie.ca\/#website"},"primaryImageOfPage":{"@id":"https:\/\/cbie.ca\/fr\/synergies-pour-linternationalisation-au-sein-de-la-francophonie\/#primaryimage"},"image":{"@id":"https:\/\/cbie.ca\/fr\/synergies-pour-linternationalisation-au-sein-de-la-francophonie\/#primaryimage"},"thumbnailUrl":"https:\/\/cbie.ca\/wp-content\/uploads\/2020\/03\/icon-1.jpg","datePublished":"2020-03-18T12:12:27+00:00","breadcrumb":{"@id":"https:\/\/cbie.ca\/fr\/synergies-pour-linternationalisation-au-sein-de-la-francophonie\/#breadcrumb"},"inLanguage":"fr-FR","potentialAction":[{"@type":"ReadAction","target":["https:\/\/cbie.ca\/fr\/synergies-pour-linternationalisation-au-sein-de-la-francophonie\/"]}]},{"@type":"ImageObject","inLanguage":"fr-FR","@id":"https:\/\/cbie.ca\/fr\/synergies-pour-linternationalisation-au-sein-de-la-francophonie\/#primaryimage","url":"https:\/\/cbie.ca\/wp-content\/uploads\/2020\/03\/icon-1.jpg","contentUrl":"https:\/\/cbie.ca\/wp-content\/uploads\/2020\/03\/icon-1.jpg"},{"@type":"BreadcrumbList","@id":"https:\/\/cbie.ca\/fr\/synergies-pour-linternationalisation-au-sein-de-la-francophonie\/#breadcrumb","itemListElement":[{"@type":"ListItem","position":1,"name":"Home","item":"https:\/\/cbie.ca\/fr\/"},{"@type":"ListItem","position":2,"name":"Synergies pour l\u2019internationalisation au sein de la Francophonie"}]},{"@type":"WebSite","@id":"https:\/\/cbie.ca\/#website","url":"https:\/\/cbie.ca\/","name":"Canadian Bureau for International Education","description":"","potentialAction":[{"@type":"SearchAction","target":{"@type":"EntryPoint","urlTemplate":"https:\/\/cbie.ca\/?s={search_term_string}"},"query-input":{"@type":"PropertyValueSpecification","valueRequired":true,"valueName":"search_term_string"}}],"inLanguage":"fr-FR"}]}},"_links":{"self":[{"href":"https:\/\/cbie.ca\/fr\/wp-json\/wp\/v2\/pages\/42896","targetHints":{"allow":["GET"]}}],"collection":[{"href":"https:\/\/cbie.ca\/fr\/wp-json\/wp\/v2\/pages"}],"about":[{"href":"https:\/\/cbie.ca\/fr\/wp-json\/wp\/v2\/types\/page"}],"author":[{"embeddable":true,"href":"https:\/\/cbie.ca\/fr\/wp-json\/wp\/v2\/users\/11"}],"replies":[{"embeddable":true,"href":"https:\/\/cbie.ca\/fr\/wp-json\/wp\/v2\/comments?post=42896"}],"version-history":[{"count":0,"href":"https:\/\/cbie.ca\/fr\/wp-json\/wp\/v2\/pages\/42896\/revisions"}],"wp:attachment":[{"href":"https:\/\/cbie.ca\/fr\/wp-json\/wp\/v2\/media?parent=42896"}],"curies":[{"name":"wp","href":"https:\/\/api.w.org\/{rel}","templated":true}]}}