{"id":41097,"date":"2019-09-30T13:45:30","date_gmt":"2019-09-30T17:45:30","guid":{"rendered":"https:\/\/cbieca.wpenginepowered.com\/?page_id=41097"},"modified":"2025-06-24T16:18:01","modified_gmt":"2025-06-24T20:18:01","slug":"careers","status":"publish","type":"page","link":"https:\/\/cbie.ca\/fr\/careers\/","title":{"rendered":"Carri\u00e8res"},"content":{"rendered":"<div class=\"wpb-content-wrapper\"><p>[vc_row text_align=\u00a0\u00bbcenter\u00a0\u00bb][vc_column el_class=\u00a0\u00bbfull\u00a0\u00bb column_padding=\u00a0\u00bbpadding-3&Prime; column_center=\u00a0\u00bbtrue\u00a0\u00bb text_align=\u00a0\u00bbcenter\u00a0\u00bb width=\u00a0\u00bb1\/1&Prime;]<div class=\"spacer\" style=\"height: 50px;\"><\/div>[vc_column_text]<\/p>\n<h1 style=\"text-align: center;\">Carri\u00e8res<\/h1>\n<p>[\/vc_column_text]<div class=\"newdivider align-center\" style=\"border-bottom-style: solid; border-color: #ffc529; border-bottom-width: 2px; margin-top: 30px; margin-bottom: 30px; width: 130px; \"><\/div><div class=\"clear\"><\/div>[vc_column_text]<\/p>\n<h5 style=\"text-align: center; color: #1c86a4;\">Le Bureau canadien de l\u2019\u00e9ducation internationale est la plus grande organisation nationale et \u00e0 membres du Canada se consacrant \u00e0 faire du Canada un leader mondial de l\u2019\u00e9ducation internationale, pour assurer la prosp\u00e9rit\u00e9 future du pays et pour donner expression \u00e0 l\u2019engagement durable des Canadiens envers la citoyennet\u00e9 du monde.<\/h5>\n<p>[\/vc_column_text]<div class=\"spacer\" style=\"height: 50px;\"><\/div>[\/vc_column][\/vc_row][vc_row class=\u00a0\u00bbhidden\u00a0\u00bb][vc_column column_padding=\u00a0\u00bbpadding-3&Prime; width=\u00a0\u00bb1\/6&Prime;][\/vc_column][vc_column width=\u00a0\u00bb2\/3&Prime;][vc_column_text]<\/p>\n<h3 style=\"text-align: center;\">Opportunit\u00e9s d&#8217;emploi actuelles<\/h3>\n<p>[\/vc_column_text]<div class=\"newdivider align-center\" style=\"border-bottom-style: solid; border-color: #a7a8aa; border-bottom-width: 2px; margin-top: 30px; margin-bottom: 30px; width: 130px; \"><\/div><div class=\"clear\"><\/div><div class=\"minti_list wpb_content_element color-accent arrow\" style=\"\">\n<ul>\n<li><a href=\"https:\/\/cbie.ca\/wp-content\/uploads\/2025\/05\/25-07-Events-Planner-JP-French.pdf\" target=\"_blank\" rel=\"noopener\">Planificateur.trice d\u2019\u00e9v\u00e9nements<\/a><\/li>\n<\/ul>\n<\/div><div class=\"spacer\" style=\"height: 80px;\"><\/div>[\/vc_column][vc_column width=\u00a0\u00bb1\/6&Prime;][\/vc_column][\/vc_row][vc_row][vc_column column_padding=\u00a0\u00bbpadding-3&Prime; width=\u00a0\u00bb1\/6&Prime;][\/vc_column][vc_column width=\u00a0\u00bb2\/3&Prime;][vc_column_text]<\/p>\n<h3 style=\"text-align: center;\">Opportunit\u00e9s d&#8217;emploi actuelles<\/h3>\n<p>[\/vc_column_text]<div class=\"newdivider align-center\" style=\"border-bottom-style: solid; border-color: #a7a8aa; border-bottom-width: 2px; margin-top: 30px; margin-bottom: 30px; width: 130px; \"><\/div><div class=\"clear\"><\/div><div class=\"minti_list wpb_content_element color-accent arrow\" style=\"\">\n<p style=\"text-align: center;\">Aucune ouverture de poste actuellement<\/p>\n<\/div><div class=\"spacer\" style=\"height: 50px;\"><\/div>[\/vc_column][vc_column width=\u00a0\u00bb1\/6&Prime;][\/vc_column][\/vc_row][vc_row type=\u00a0\u00bbfull_width_section\u00a0\u00bb top_padding=\u00a0\u00bb0&Prime; bottom_padding=\u00a0\u00bb0&Prime; class=\u00a0\u00bbfull-row\u00a0\u00bb][vc_column bg_color=\u00a0\u00bb#01426a\u00a0\u00bb column_padding=\u00a0\u00bbpadding-3&Prime; column_center=\u00a0\u00bbtrue\u00a0\u00bb text_color=\u00a0\u00bblight\u00a0\u00bb width=\u00a0\u00bb1\/2&Prime;][vc_column_text]<\/p>\n<h3 style=\"text-align: center;\">Aidez-nous \u00e0 faire la diff\u00e9rence<\/h3>\n<p>[\/vc_column_text]<div class=\"newdivider align-center\" style=\"border-bottom-style: solid; border-color: #a7a8aa; border-bottom-width: 2px; margin-top: 30px; margin-bottom: 30px; width: 130px; \"><\/div><div class=\"clear\"><\/div>[vc_column_text]Au Bureau canadien de l\u2019\u00e9ducation internationale nous croyons que l\u2019\u00e9ducation a le pouvoir de cr\u00e9er un monde plus durable et plus inclusif. Nous sommes \u00e0 la recherche d\u2019intellectuels et praticiens qui ont un esprit ouvert sur le monde et qui apportent des perspectives et exp\u00e9riences diversifi\u00e9es pour nous aider \u00e0 d\u00e9finir et \u00e0 mettre en \u0153uvre notre ambitieux programme.<\/p>\n<p>Nous promouvons l\u2019\u00e9quit\u00e9, la diversit\u00e9 et l\u2019inclusion et encourageons les candidatures de personnes handicap\u00e9es, des personnes racialis\u00e9es, des personnes autochtones, des personnes de communaut\u00e9s sexuellement diversifi\u00e9es et\/ou des personnes \u00e0 l\u2019identit\u00e9 intersectionnelle.<\/p>\n<p>Avec l\u2019\u00e9quipe du BCEI, vous cr\u00e9erez et assurerez des programmes importants qui auront des retomb\u00e9es positives sur l\u2019\u00e9ducation mondiale. LE BCEI offre\u00a0:<\/p>\n<ul class=\"careerList\">\n<li><img decoding=\"async\" class=\"alignnone size-full wp-image-41247 careerIcon\" src=\"https:\/\/cbie.ca\/wp-content\/uploads\/2019\/10\/open-collab-work-enviro.svg\" alt=\"\" loading=\"lazy\" \/> un milieu de travail ouvert et collaboratif<\/li>\n<li><img decoding=\"async\" class=\"alignnone size-full wp-image-41237 careerIcon\" src=\"https:\/\/cbie.ca\/wp-content\/uploads\/2019\/10\/benefits-package.svg\" alt=\"\" loading=\"lazy\" \/> un forfait complet d\u2019avantages sociaux<\/li>\n<li><img decoding=\"async\" class=\"alignnone size-full wp-image-41241 careerIcon\" src=\"https:\/\/cbie.ca\/wp-content\/uploads\/2019\/10\/competitive-salaries.svg\" alt=\"\" loading=\"lazy\" \/> des salaires comp\u00e9titifs<\/li>\n<li><img decoding=\"async\" class=\"alignnone size-full wp-image-41239 careerIcon\" src=\"https:\/\/cbie.ca\/wp-content\/uploads\/2019\/10\/central-downtown-location.svg\" alt=\"\" loading=\"lazy\" \/> modalit\u00e9s de travail flexibles<\/li>\n<li><img decoding=\"async\" class=\"alignnone size-full wp-image-41249 careerIcon\" src=\"https:\/\/cbie.ca\/wp-content\/uploads\/2019\/10\/vacation.svg\" alt=\"\" loading=\"lazy\" \/> quatre semaines de cong\u00e9s pay\u00e9s d\u00e8s la premi\u00e8re ann\u00e9e<\/li>\n<li><img decoding=\"async\" class=\"alignnone size-full wp-image-41245 careerIcon\" src=\"https:\/\/cbie.ca\/wp-content\/uploads\/2019\/10\/multi-lingual-enviro.svg\" alt=\"\" loading=\"lazy\" \/> un milieu multilingue<\/li>\n<li><img decoding=\"async\" class=\"alignnone size-full wp-image-41243 careerIcon\" src=\"https:\/\/cbie.ca\/wp-content\/uploads\/2019\/10\/continuous-learning.svg\" alt=\"\" loading=\"lazy\" \/> une formation continue<\/li>\n<\/ul>\n<p>[\/vc_column_text][\/vc_column][vc_column bg_image=\u00a0\u00bb36364&Prime; column_center=\u00a0\u00bbtrue\u00a0\u00bb width=\u00a0\u00bb1\/2&Prime;]<div class=\"spacer\" style=\"height: 500px;\"><\/div>[\/vc_column][\/vc_row]<\/p>\n<\/div>","protected":false},"excerpt":{"rendered":"<p>[vc_row text_align=\u00a0\u00bbcenter\u00a0\u00bb][vc_column el_class=\u00a0\u00bbfull\u00a0\u00bb column_padding=\u00a0\u00bbpadding-3&Prime; column_center=\u00a0\u00bbtrue\u00a0\u00bb text_align=\u00a0\u00bbcenter\u00a0\u00bb width=\u00a0\u00bb1\/1&Prime;][vc_column_text] Carri\u00e8res [\/vc_column_text][vc_column_text] Le Bureau canadien de l\u2019\u00e9ducation internationale est la plus grande organisation nationale et \u00e0 membres du Canada se consacrant \u00e0 faire [&hellip;]<\/p>\n","protected":false},"author":2,"featured_media":0,"parent":0,"menu_order":0,"comment_status":"closed","ping_status":"closed","template":"","meta":{"_acf_changed":false,"footnotes":""},"class_list":["post-41097","page","type-page","status-publish","hentry"],"acf":[],"yoast_head":"<!-- This site is optimized with the Yoast SEO plugin v27.3 - https:\/\/yoast.com\/product\/yoast-seo-wordpress\/ -->\n<title>Carri\u00e8res - CBIE<\/title>\n<meta name=\"robots\" content=\"index, follow, max-snippet:-1, max-image-preview:large, max-video-preview:-1\" \/>\n<link rel=\"canonical\" href=\"https:\/\/cbie.ca\/fr\/careers\/\" \/>\n<meta property=\"og:locale\" content=\"fr_FR\" \/>\n<meta property=\"og:type\" content=\"article\" \/>\n<meta property=\"og:title\" content=\"Carri\u00e8res - CBIE\" \/>\n<meta property=\"og:description\" content=\"[vc_row text_align=\u00a0\u00bbcenter\u00a0\u00bb][vc_column el_class=\u00a0\u00bbfull\u00a0\u00bb column_padding=\u00a0\u00bbpadding-3&Prime; column_center=\u00a0\u00bbtrue\u00a0\u00bb text_align=\u00a0\u00bbcenter\u00a0\u00bb width=\u00a0\u00bb1\/1&Prime;][vc_column_text] Carri\u00e8res [\/vc_column_text][vc_column_text] Le Bureau canadien de l\u2019\u00e9ducation internationale est la plus grande organisation nationale et \u00e0 membres du Canada se consacrant \u00e0 faire [&hellip;]\" \/>\n<meta property=\"og:url\" content=\"https:\/\/cbie.ca\/fr\/careers\/\" \/>\n<meta property=\"og:site_name\" content=\"CBIE\" \/>\n<meta property=\"article:modified_time\" content=\"2025-06-24T20:18:01+00:00\" \/>\n<meta property=\"og:image\" content=\"https:\/\/cbie.ca\/wp-content\/uploads\/2024\/01\/CBIE-Announcement-EN.png\" \/>\n\t<meta property=\"og:image:width\" content=\"1600\" \/>\n\t<meta property=\"og:image:height\" content=\"900\" \/>\n\t<meta property=\"og:image:type\" content=\"image\/png\" \/>\n<meta name=\"twitter:card\" content=\"summary_large_image\" \/>\n<meta name=\"twitter:label1\" content=\"Dur\u00e9e de lecture estim\u00e9e\" \/>\n\t<meta name=\"twitter:data1\" content=\"3 minutes\" \/>\n<script type=\"application\/ld+json\" class=\"yoast-schema-graph\">{\"@context\":\"https:\\\/\\\/schema.org\",\"@graph\":[{\"@type\":\"WebPage\",\"@id\":\"https:\\\/\\\/cbie.ca\\\/fr\\\/careers\\\/\",\"url\":\"https:\\\/\\\/cbie.ca\\\/fr\\\/careers\\\/\",\"name\":\"Carri\u00e8res - CBIE\",\"isPartOf\":{\"@id\":\"https:\\\/\\\/cbie.ca\\\/#website\"},\"primaryImageOfPage\":{\"@id\":\"https:\\\/\\\/cbie.ca\\\/fr\\\/careers\\\/#primaryimage\"},\"image\":{\"@id\":\"https:\\\/\\\/cbie.ca\\\/fr\\\/careers\\\/#primaryimage\"},\"thumbnailUrl\":\"https:\\\/\\\/cbie.ca\\\/wp-content\\\/uploads\\\/2019\\\/10\\\/open-collab-work-enviro.svg\",\"datePublished\":\"2019-09-30T17:45:30+00:00\",\"dateModified\":\"2025-06-24T20:18:01+00:00\",\"breadcrumb\":{\"@id\":\"https:\\\/\\\/cbie.ca\\\/fr\\\/careers\\\/#breadcrumb\"},\"inLanguage\":\"fr-FR\",\"potentialAction\":[{\"@type\":\"ReadAction\",\"target\":[\"https:\\\/\\\/cbie.ca\\\/fr\\\/careers\\\/\"]}]},{\"@type\":\"ImageObject\",\"inLanguage\":\"fr-FR\",\"@id\":\"https:\\\/\\\/cbie.ca\\\/fr\\\/careers\\\/#primaryimage\",\"url\":\"https:\\\/\\\/cbie.ca\\\/wp-content\\\/uploads\\\/2019\\\/10\\\/open-collab-work-enviro.svg\",\"contentUrl\":\"https:\\\/\\\/cbie.ca\\\/wp-content\\\/uploads\\\/2019\\\/10\\\/open-collab-work-enviro.svg\"},{\"@type\":\"BreadcrumbList\",\"@id\":\"https:\\\/\\\/cbie.ca\\\/fr\\\/careers\\\/#breadcrumb\",\"itemListElement\":[{\"@type\":\"ListItem\",\"position\":1,\"name\":\"Home\",\"item\":\"https:\\\/\\\/cbie.ca\\\/fr\\\/\"},{\"@type\":\"ListItem\",\"position\":2,\"name\":\"Carri\u00e8res\"}]},{\"@type\":\"WebSite\",\"@id\":\"https:\\\/\\\/cbie.ca\\\/#website\",\"url\":\"https:\\\/\\\/cbie.ca\\\/\",\"name\":\"Canadian Bureau for International Education\",\"description\":\"\",\"potentialAction\":[{\"@type\":\"SearchAction\",\"target\":{\"@type\":\"EntryPoint\",\"urlTemplate\":\"https:\\\/\\\/cbie.ca\\\/?s={search_term_string}\"},\"query-input\":{\"@type\":\"PropertyValueSpecification\",\"valueRequired\":true,\"valueName\":\"search_term_string\"}}],\"inLanguage\":\"fr-FR\"}]}<\/script>\n<!-- \/ Yoast SEO plugin. -->","yoast_head_json":{"title":"Carri\u00e8res - CBIE","robots":{"index":"index","follow":"follow","max-snippet":"max-snippet:-1","max-image-preview":"max-image-preview:large","max-video-preview":"max-video-preview:-1"},"canonical":"https:\/\/cbie.ca\/fr\/careers\/","og_locale":"fr_FR","og_type":"article","og_title":"Carri\u00e8res - CBIE","og_description":"[vc_row text_align=\u00a0\u00bbcenter\u00a0\u00bb][vc_column el_class=\u00a0\u00bbfull\u00a0\u00bb column_padding=\u00a0\u00bbpadding-3&Prime; column_center=\u00a0\u00bbtrue\u00a0\u00bb text_align=\u00a0\u00bbcenter\u00a0\u00bb width=\u00a0\u00bb1\/1&Prime;][vc_column_text] Carri\u00e8res [\/vc_column_text][vc_column_text] Le Bureau canadien de l\u2019\u00e9ducation internationale est la plus grande organisation nationale et \u00e0 membres du Canada se consacrant \u00e0 faire [&hellip;]","og_url":"https:\/\/cbie.ca\/fr\/careers\/","og_site_name":"CBIE","article_modified_time":"2025-06-24T20:18:01+00:00","og_image":[{"width":1600,"height":900,"url":"https:\/\/cbie.ca\/wp-content\/uploads\/2024\/01\/CBIE-Announcement-EN.png","type":"image\/png"}],"twitter_card":"summary_large_image","twitter_misc":{"Dur\u00e9e de lecture estim\u00e9e":"3 minutes"},"schema":{"@context":"https:\/\/schema.org","@graph":[{"@type":"WebPage","@id":"https:\/\/cbie.ca\/fr\/careers\/","url":"https:\/\/cbie.ca\/fr\/careers\/","name":"Carri\u00e8res - CBIE","isPartOf":{"@id":"https:\/\/cbie.ca\/#website"},"primaryImageOfPage":{"@id":"https:\/\/cbie.ca\/fr\/careers\/#primaryimage"},"image":{"@id":"https:\/\/cbie.ca\/fr\/careers\/#primaryimage"},"thumbnailUrl":"https:\/\/cbie.ca\/wp-content\/uploads\/2019\/10\/open-collab-work-enviro.svg","datePublished":"2019-09-30T17:45:30+00:00","dateModified":"2025-06-24T20:18:01+00:00","breadcrumb":{"@id":"https:\/\/cbie.ca\/fr\/careers\/#breadcrumb"},"inLanguage":"fr-FR","potentialAction":[{"@type":"ReadAction","target":["https:\/\/cbie.ca\/fr\/careers\/"]}]},{"@type":"ImageObject","inLanguage":"fr-FR","@id":"https:\/\/cbie.ca\/fr\/careers\/#primaryimage","url":"https:\/\/cbie.ca\/wp-content\/uploads\/2019\/10\/open-collab-work-enviro.svg","contentUrl":"https:\/\/cbie.ca\/wp-content\/uploads\/2019\/10\/open-collab-work-enviro.svg"},{"@type":"BreadcrumbList","@id":"https:\/\/cbie.ca\/fr\/careers\/#breadcrumb","itemListElement":[{"@type":"ListItem","position":1,"name":"Home","item":"https:\/\/cbie.ca\/fr\/"},{"@type":"ListItem","position":2,"name":"Carri\u00e8res"}]},{"@type":"WebSite","@id":"https:\/\/cbie.ca\/#website","url":"https:\/\/cbie.ca\/","name":"Canadian Bureau for International Education","description":"","potentialAction":[{"@type":"SearchAction","target":{"@type":"EntryPoint","urlTemplate":"https:\/\/cbie.ca\/?s={search_term_string}"},"query-input":{"@type":"PropertyValueSpecification","valueRequired":true,"valueName":"search_term_string"}}],"inLanguage":"fr-FR"}]}},"_links":{"self":[{"href":"https:\/\/cbie.ca\/fr\/wp-json\/wp\/v2\/pages\/41097","targetHints":{"allow":["GET"]}}],"collection":[{"href":"https:\/\/cbie.ca\/fr\/wp-json\/wp\/v2\/pages"}],"about":[{"href":"https:\/\/cbie.ca\/fr\/wp-json\/wp\/v2\/types\/page"}],"author":[{"embeddable":true,"href":"https:\/\/cbie.ca\/fr\/wp-json\/wp\/v2\/users\/2"}],"replies":[{"embeddable":true,"href":"https:\/\/cbie.ca\/fr\/wp-json\/wp\/v2\/comments?post=41097"}],"version-history":[{"count":10,"href":"https:\/\/cbie.ca\/fr\/wp-json\/wp\/v2\/pages\/41097\/revisions"}],"predecessor-version":[{"id":118019,"href":"https:\/\/cbie.ca\/fr\/wp-json\/wp\/v2\/pages\/41097\/revisions\/118019"}],"wp:attachment":[{"href":"https:\/\/cbie.ca\/fr\/wp-json\/wp\/v2\/media?parent=41097"}],"curies":[{"name":"wp","href":"https:\/\/api.w.org\/{rel}","templated":true}]}}