{"id":40886,"date":"2019-09-17T15:00:50","date_gmt":"2019-09-17T19:00:50","guid":{"rendered":"https:\/\/cbieca.wpenginepowered.com\/?page_id=40886"},"modified":"2019-09-18T16:42:50","modified_gmt":"2019-09-18T20:42:50","slug":"rejoindre-le-comite-consultatif-sur-limmigration-du-bcei","status":"publish","type":"page","link":"https:\/\/cbie.ca\/fr\/rejoindre-le-comite-consultatif-sur-limmigration-du-bcei\/","title":{"rendered":"Faites partie du comit\u00e9 consultatif du BCEI sur l\u2019immigration!"},"content":{"rendered":"<h3>Faites partie du comit\u00e9 consultatif du BCEI sur l\u2019immigration!<\/h3>\n<p>Il y a une vacance au comit\u00e9 consultatif du BCEI sur l\u2019immigration, et nous cherchons \u00e0 avoir une repr\u00e9sentation des francophones. Si cela vous int\u00e9resse, vous trouverez des d\u00e9tails ci-dessous sur le comit\u00e9 et le processus d\u2019expression d\u2019int\u00e9r\u00eat.<\/p>\n<p>Les personnes int\u00e9ress\u00e9es sont pri\u00e9es de pr\u00e9senter une expression d\u2019int\u00e9r\u00eat (de moins de 500 mots) accompagn\u00e9es de leur C.V. avant le 11 octobre 2019.<\/p>\n<hr \/>\n<p><a href=\"https:\/\/cbie.ca\/who-we-are\/nos-comites\/?lang=fr\"><strong><em>Le BCEI et le comit\u00e9 consultatif sur l\u2019immigration<\/em><\/strong><\/a><\/p>\n<p>En tant que porte-parole national, le BCEI fait progresser l\u2019\u00e9ducation internationale canadienne en cr\u00e9ant et mobilisant expertise, savoir, opportunit\u00e9s et leadership.<\/p>\n<p>L\u2019un des aspects importants de l\u2019\u00e9ducation internationale consiste \u00e0 accueillir les \u00e9tudiants au sens large dans les \u00e9tablissements canadiens d\u2019enseignement. \u00c9tant donn\u00e9 que pour ce faire, il est vital d\u2019avoir en place un cadre de politiques et pratiques propices d\u2019immigration, le comit\u00e9 consultatif du BCEI sur l\u2019immigration a \u00e9t\u00e9 cr\u00e9\u00e9 il y a plus de 20 ans.<\/p>\n<p>Le mandat du comit\u00e9 consultatif du BCEI sur l\u2019immigration est de :<\/p>\n<ul>\n<li>trouver les difficult\u00e9s particuli\u00e8res et\/ou syst\u00e9miques touchant la mobilit\u00e9 vers le Canada et relevant de l\u2019immigration;<\/li>\n<li>valider, par les r\u00e9seaux respectifs et les membres du BCEI, les grandes difficult\u00e9s et occasions \u00e0 saisir concernant les \u00e9tudiants internationaux et l\u2019immigration;<\/li>\n<li>\u00e9tant donn\u00e9 ce qui pr\u00e9c\u00e8de, donner les meilleurs conseils \u00e0 la pr\u00e9sidence et direction du BCEI afin de donner forme aux efforts du BCEI et faire en sorte que des politiques et pratiques propices d\u2019immigration soient adopt\u00e9es.<\/li>\n<\/ul>\n<p>C\u2019est pourquoi le comit\u00e9 consultatif du BCEI sur l\u2019immigration surveille les tendances et d\u00e9veloppements en immigration, sert d\u2019interm\u00e9diaire avec les membres du BCEI, la population \u00e9tudiante et les autres intervenants sur la mobilit\u00e9 vers le Canada et l\u2019immigration pour comprendre ces questions et donne conseil \u00e0 la pr\u00e9sidence sur les grands enjeux, avec des recommandations et solutions concr\u00e8tes.<\/p>\n<p><strong><em>Processus d\u2019expression d\u2019int\u00e9r\u00eat<\/em><\/strong><\/p>\n<p>Les personnes int\u00e9ress\u00e9es sont pri\u00e9es de pr\u00e9senter une expression d\u2019int\u00e9r\u00eat (de moins de 500 mots) accompagn\u00e9es de leur C.V. avant le 11 octobre 2019 \u00e0 Melissa Payne, directrice, services aux membres, recherches et apprentissage \u00e0 <a href=\"mailto:mpayne@cbie.ca\" target=\"_blank\" rel=\"noopener noreferrer\">mpayne@cbie.ca<\/a> .<\/p>\n<p>Toutes les candidatures seront \u00e9tudi\u00e9es selon les crit\u00e8res suivants\u00a0:<\/p>\n<ul>\n<li>Connaissance des enjeux touchant le bien-\u00eatre des \u00e9tudiants internationaux.<\/li>\n<li>Connaissance de la r\u00e9glementation et des proc\u00e9dures d\u2019Immigration, R\u00e9fugi\u00e9s et Citoyennet\u00e9 Canada et plus particuli\u00e8rement de leurs r\u00e9percussions sur les \u00e9tudiants internationaux.<\/li>\n<li>Capacit\u00e9 \u00e0 dialoguer avec ses coll\u00e8gues du Canada pour mieux comprendre la r\u00e9glementation sur l\u2019immigration.<\/li>\n<li>Exp\u00e9rience et capacit\u00e9 \u00e0 susciter le changement par la cr\u00e9ation de politiques, la d\u00e9fense des int\u00e9r\u00eats et les relations avec les pouvoirs publics.<\/li>\n<\/ul>\n<p>&nbsp;<\/p>\n","protected":false},"excerpt":{"rendered":"<p>Faites partie du comit\u00e9 consultatif du BCEI sur l\u2019immigration! Il y a une vacance au comit\u00e9 consultatif du BCEI sur l\u2019immigration, et nous cherchons \u00e0 avoir une repr\u00e9sentation des francophones. [&hellip;]<\/p>\n","protected":false},"author":11,"featured_media":0,"parent":0,"menu_order":0,"comment_status":"closed","ping_status":"closed","template":"","meta":{"_acf_changed":false,"footnotes":""},"class_list":["post-40886","page","type-page","status-publish","hentry"],"acf":[],"yoast_head":"<!-- This site is optimized with the Yoast SEO plugin v27.4 - https:\/\/yoast.com\/product\/yoast-seo-wordpress\/ -->\n<title>Faites partie du comit\u00e9 consultatif du BCEI sur l\u2019immigration! - CBIE<\/title>\n<meta name=\"robots\" content=\"index, follow, max-snippet:-1, max-image-preview:large, max-video-preview:-1\" \/>\n<link rel=\"canonical\" href=\"https:\/\/cbie.ca\/fr\/rejoindre-le-comite-consultatif-sur-limmigration-du-bcei\/\" \/>\n<meta property=\"og:locale\" content=\"fr_FR\" \/>\n<meta property=\"og:type\" content=\"article\" \/>\n<meta property=\"og:title\" content=\"Faites partie du comit\u00e9 consultatif du BCEI sur l\u2019immigration! - CBIE\" \/>\n<meta property=\"og:description\" content=\"Faites partie du comit\u00e9 consultatif du BCEI sur l\u2019immigration! Il y a une vacance au comit\u00e9 consultatif du BCEI sur l\u2019immigration, et nous cherchons \u00e0 avoir une repr\u00e9sentation des francophones. [&hellip;]\" \/>\n<meta property=\"og:url\" content=\"https:\/\/cbie.ca\/fr\/rejoindre-le-comite-consultatif-sur-limmigration-du-bcei\/\" \/>\n<meta property=\"og:site_name\" content=\"CBIE\" \/>\n<meta property=\"article:modified_time\" content=\"2019-09-18T20:42:50+00:00\" \/>\n<meta property=\"og:image\" content=\"https:\/\/cbie.ca\/wp-content\/uploads\/2024\/01\/CBIE-Announcement-EN.png\" \/>\n\t<meta property=\"og:image:width\" content=\"1600\" \/>\n\t<meta property=\"og:image:height\" content=\"900\" \/>\n\t<meta property=\"og:image:type\" content=\"image\/png\" \/>\n<meta name=\"twitter:card\" content=\"summary_large_image\" \/>\n<meta name=\"twitter:label1\" content=\"Dur\u00e9e de lecture estim\u00e9e\" \/>\n\t<meta name=\"twitter:data1\" content=\"2 minutes\" \/>\n<script type=\"application\/ld+json\" class=\"yoast-schema-graph\">{\"@context\":\"https:\\\/\\\/schema.org\",\"@graph\":[{\"@type\":\"WebPage\",\"@id\":\"https:\\\/\\\/cbie.ca\\\/fr\\\/rejoindre-le-comite-consultatif-sur-limmigration-du-bcei\\\/\",\"url\":\"https:\\\/\\\/cbie.ca\\\/fr\\\/rejoindre-le-comite-consultatif-sur-limmigration-du-bcei\\\/\",\"name\":\"Faites partie du comit\u00e9 consultatif du BCEI sur l\u2019immigration! - CBIE\",\"isPartOf\":{\"@id\":\"https:\\\/\\\/cbie.ca\\\/#website\"},\"datePublished\":\"2019-09-17T19:00:50+00:00\",\"dateModified\":\"2019-09-18T20:42:50+00:00\",\"breadcrumb\":{\"@id\":\"https:\\\/\\\/cbie.ca\\\/fr\\\/rejoindre-le-comite-consultatif-sur-limmigration-du-bcei\\\/#breadcrumb\"},\"inLanguage\":\"fr-FR\",\"potentialAction\":[{\"@type\":\"ReadAction\",\"target\":[\"https:\\\/\\\/cbie.ca\\\/fr\\\/rejoindre-le-comite-consultatif-sur-limmigration-du-bcei\\\/\"]}]},{\"@type\":\"BreadcrumbList\",\"@id\":\"https:\\\/\\\/cbie.ca\\\/fr\\\/rejoindre-le-comite-consultatif-sur-limmigration-du-bcei\\\/#breadcrumb\",\"itemListElement\":[{\"@type\":\"ListItem\",\"position\":1,\"name\":\"Home\",\"item\":\"https:\\\/\\\/cbie.ca\\\/fr\\\/\"},{\"@type\":\"ListItem\",\"position\":2,\"name\":\"Faites partie du comit\u00e9 consultatif du BCEI sur l\u2019immigration!\"}]},{\"@type\":\"WebSite\",\"@id\":\"https:\\\/\\\/cbie.ca\\\/#website\",\"url\":\"https:\\\/\\\/cbie.ca\\\/\",\"name\":\"Canadian Bureau for International Education\",\"description\":\"\",\"potentialAction\":[{\"@type\":\"SearchAction\",\"target\":{\"@type\":\"EntryPoint\",\"urlTemplate\":\"https:\\\/\\\/cbie.ca\\\/?s={search_term_string}\"},\"query-input\":{\"@type\":\"PropertyValueSpecification\",\"valueRequired\":true,\"valueName\":\"search_term_string\"}}],\"inLanguage\":\"fr-FR\"}]}<\/script>\n<!-- \/ Yoast SEO plugin. -->","yoast_head_json":{"title":"Faites partie du comit\u00e9 consultatif du BCEI sur l\u2019immigration! - CBIE","robots":{"index":"index","follow":"follow","max-snippet":"max-snippet:-1","max-image-preview":"max-image-preview:large","max-video-preview":"max-video-preview:-1"},"canonical":"https:\/\/cbie.ca\/fr\/rejoindre-le-comite-consultatif-sur-limmigration-du-bcei\/","og_locale":"fr_FR","og_type":"article","og_title":"Faites partie du comit\u00e9 consultatif du BCEI sur l\u2019immigration! - CBIE","og_description":"Faites partie du comit\u00e9 consultatif du BCEI sur l\u2019immigration! Il y a une vacance au comit\u00e9 consultatif du BCEI sur l\u2019immigration, et nous cherchons \u00e0 avoir une repr\u00e9sentation des francophones. [&hellip;]","og_url":"https:\/\/cbie.ca\/fr\/rejoindre-le-comite-consultatif-sur-limmigration-du-bcei\/","og_site_name":"CBIE","article_modified_time":"2019-09-18T20:42:50+00:00","og_image":[{"width":1600,"height":900,"url":"https:\/\/cbie.ca\/wp-content\/uploads\/2024\/01\/CBIE-Announcement-EN.png","type":"image\/png"}],"twitter_card":"summary_large_image","twitter_misc":{"Dur\u00e9e de lecture estim\u00e9e":"2 minutes"},"schema":{"@context":"https:\/\/schema.org","@graph":[{"@type":"WebPage","@id":"https:\/\/cbie.ca\/fr\/rejoindre-le-comite-consultatif-sur-limmigration-du-bcei\/","url":"https:\/\/cbie.ca\/fr\/rejoindre-le-comite-consultatif-sur-limmigration-du-bcei\/","name":"Faites partie du comit\u00e9 consultatif du BCEI sur l\u2019immigration! - CBIE","isPartOf":{"@id":"https:\/\/cbie.ca\/#website"},"datePublished":"2019-09-17T19:00:50+00:00","dateModified":"2019-09-18T20:42:50+00:00","breadcrumb":{"@id":"https:\/\/cbie.ca\/fr\/rejoindre-le-comite-consultatif-sur-limmigration-du-bcei\/#breadcrumb"},"inLanguage":"fr-FR","potentialAction":[{"@type":"ReadAction","target":["https:\/\/cbie.ca\/fr\/rejoindre-le-comite-consultatif-sur-limmigration-du-bcei\/"]}]},{"@type":"BreadcrumbList","@id":"https:\/\/cbie.ca\/fr\/rejoindre-le-comite-consultatif-sur-limmigration-du-bcei\/#breadcrumb","itemListElement":[{"@type":"ListItem","position":1,"name":"Home","item":"https:\/\/cbie.ca\/fr\/"},{"@type":"ListItem","position":2,"name":"Faites partie du comit\u00e9 consultatif du BCEI sur l\u2019immigration!"}]},{"@type":"WebSite","@id":"https:\/\/cbie.ca\/#website","url":"https:\/\/cbie.ca\/","name":"Canadian Bureau for International Education","description":"","potentialAction":[{"@type":"SearchAction","target":{"@type":"EntryPoint","urlTemplate":"https:\/\/cbie.ca\/?s={search_term_string}"},"query-input":{"@type":"PropertyValueSpecification","valueRequired":true,"valueName":"search_term_string"}}],"inLanguage":"fr-FR"}]}},"_links":{"self":[{"href":"https:\/\/cbie.ca\/fr\/wp-json\/wp\/v2\/pages\/40886","targetHints":{"allow":["GET"]}}],"collection":[{"href":"https:\/\/cbie.ca\/fr\/wp-json\/wp\/v2\/pages"}],"about":[{"href":"https:\/\/cbie.ca\/fr\/wp-json\/wp\/v2\/types\/page"}],"author":[{"embeddable":true,"href":"https:\/\/cbie.ca\/fr\/wp-json\/wp\/v2\/users\/11"}],"replies":[{"embeddable":true,"href":"https:\/\/cbie.ca\/fr\/wp-json\/wp\/v2\/comments?post=40886"}],"version-history":[{"count":0,"href":"https:\/\/cbie.ca\/fr\/wp-json\/wp\/v2\/pages\/40886\/revisions"}],"wp:attachment":[{"href":"https:\/\/cbie.ca\/fr\/wp-json\/wp\/v2\/media?parent=40886"}],"curies":[{"name":"wp","href":"https:\/\/api.w.org\/{rel}","templated":true}]}}