{"id":34745,"date":"2018-12-12T10:38:32","date_gmt":"2018-12-12T15:38:32","guid":{"rendered":"https:\/\/cbieca.wpenginepowered.com\/mapping-the-future-of-international-education-in-canada\/"},"modified":"2019-01-11T10:52:12","modified_gmt":"2019-01-11T15:52:12","slug":"cartographie-de-lavenir-de-leducation-internationale-au-canada","status":"publish","type":"page","link":"https:\/\/cbie.ca\/fr\/cartographie-de-lavenir-de-leducation-internationale-au-canada\/","title":{"rendered":"Cartographie de l\u2019avenir de l\u2019\u00e9ducation internationale au Canada"},"content":{"rendered":"<div class=\"wpb-content-wrapper\"><p>[vc_row type=\u00a0\u00bbfull_width_section\u00a0\u00bb equal_height=\u00a0\u00bbyes\u00a0\u00bb][vc_column column_padding=\u00a0\u00bbpadding-3&Prime; width=\u00a0\u00bb1\/2&Prime;][vc_column_text]<\/p>\n<h3>Cartographie de l\u2019avenir de l\u2019\u00e9ducation internationale au Canada<\/h3>\n<p><span lang=\"FR-CA\">Le BCEI s\u2019engage \u00e0 adopter les priorit\u00e9s de ses membres en intervenant aupr\u00e8s du gouvernement du Canada \u00e0 l\u2019\u00e9chelle des politiques et des programmes. Dans l\u2019attente d\u2019une nouvelle strat\u00e9gie f\u00e9d\u00e9rale d\u2019\u00e9ducation internationale, le BCEI invite les contributions \u00e9crites de ses \u00e9tablissements membres pour informer les recommandations que le BCEI fournira au gouvernement au nom du secteur. Le BCEI cherche \u00e0 obtenir les commentaires et r\u00e9flexions de ses membres dans les grands domaines suivants de l\u2019\u00e9ducation internationale\u00a0:<\/span><\/p>\n<ol>\n<li>Am\u00e9lioration de la qualit\u00e9 de l\u2019exp\u00e9rience des \u00e9tudiants internationaux au Canada<\/li>\n<li>Accroissement du nombre d\u2019\u00e9tudiants canadiens faisant des \u00e9tudes \u00e0 l\u2019\u00e9tranger<\/li>\n<li>\u00c9tablissement de partenariats plus diversifi\u00e9s entre les \u00e9tablissements d\u2019enseignement et gouvernements canadiens et internationaux<\/li>\n<li>Remaniement des pratiques et approches dans le secteur pour capturer le plein potentiel du Canada comme leader de l\u2019\u00e9ducation internationale<\/li>\n<\/ol>\n<p><strong><span lang=\"FR-CA\">Veuillez nous faire part de votre contribution d\u2019ici au 18 janvier 2019<\/span><\/strong><span lang=\"FR-CA\">.<\/span>[\/vc_column_text]<div class=\"spacer\" style=\"height: 30px;\"><\/div><a href=\"https:\/\/surveys.cbie.ca\/s3\/Recommendations-for-the-New-IES\" target=\"_blank\" class=\"button color-3 medium \" style=\"border-radius: 2px;\">soumettre des commentaires<\/a>[\/vc_column][vc_column bg_image=\u00a0\u00bb29493&Prime; column_center=\u00a0\u00bbtrue\u00a0\u00bb width=\u00a0\u00bb1\/2&Prime;]<div class=\"spacer\" style=\"height: 500px;\"><\/div>[\/vc_column][\/vc_row]<\/p>\n<\/div>","protected":false},"excerpt":{"rendered":"<p>[vc_row type=\u00a0\u00bbfull_width_section\u00a0\u00bb equal_height=\u00a0\u00bbyes\u00a0\u00bb][vc_column column_padding=\u00a0\u00bbpadding-3&Prime; width=\u00a0\u00bb1\/2&Prime;][vc_column_text] Cartographie de l\u2019avenir de l\u2019\u00e9ducation internationale au Canada Le BCEI s\u2019engage \u00e0 adopter les priorit\u00e9s de ses membres en intervenant aupr\u00e8s du gouvernement du Canada [&hellip;]<\/p>\n","protected":false},"author":2,"featured_media":0,"parent":0,"menu_order":0,"comment_status":"closed","ping_status":"closed","template":"","meta":{"_acf_changed":false,"footnotes":""},"class_list":["post-34745","page","type-page","status-publish","hentry"],"acf":[],"yoast_head":"<!-- This site is optimized with the Yoast SEO plugin v27.5 - https:\/\/yoast.com\/product\/yoast-seo-wordpress\/ -->\n<title>Cartographie de l\u2019avenir de l\u2019\u00e9ducation internationale au Canada - CBIE<\/title>\n<meta name=\"robots\" content=\"index, follow, max-snippet:-1, max-image-preview:large, max-video-preview:-1\" \/>\n<link rel=\"canonical\" href=\"https:\/\/cbie.ca\/fr\/cartographie-de-lavenir-de-leducation-internationale-au-canada\/\" \/>\n<meta property=\"og:locale\" content=\"fr_FR\" \/>\n<meta property=\"og:type\" content=\"article\" \/>\n<meta property=\"og:title\" content=\"Cartographie de l\u2019avenir de l\u2019\u00e9ducation internationale au Canada - CBIE\" \/>\n<meta property=\"og:description\" content=\"[vc_row type=\u00a0\u00bbfull_width_section\u00a0\u00bb equal_height=\u00a0\u00bbyes\u00a0\u00bb][vc_column column_padding=\u00a0\u00bbpadding-3&Prime; width=\u00a0\u00bb1\/2&Prime;][vc_column_text] Cartographie de l\u2019avenir de l\u2019\u00e9ducation internationale au Canada Le BCEI s\u2019engage \u00e0 adopter les priorit\u00e9s de ses membres en intervenant aupr\u00e8s du gouvernement du Canada [&hellip;]\" \/>\n<meta property=\"og:url\" content=\"https:\/\/cbie.ca\/fr\/cartographie-de-lavenir-de-leducation-internationale-au-canada\/\" \/>\n<meta property=\"og:site_name\" content=\"CBIE\" \/>\n<meta property=\"article:modified_time\" content=\"2019-01-11T15:52:12+00:00\" \/>\n<meta property=\"og:image\" content=\"https:\/\/cbie.ca\/wp-content\/uploads\/2024\/01\/CBIE-Announcement-EN.png\" \/>\n\t<meta property=\"og:image:width\" content=\"1600\" \/>\n\t<meta property=\"og:image:height\" content=\"900\" \/>\n\t<meta property=\"og:image:type\" content=\"image\/png\" \/>\n<meta name=\"twitter:card\" content=\"summary_large_image\" \/>\n<meta name=\"twitter:label1\" content=\"Dur\u00e9e de lecture estim\u00e9e\" \/>\n\t<meta name=\"twitter:data1\" content=\"1 minute\" \/>\n<script type=\"application\/ld+json\" class=\"yoast-schema-graph\">{\"@context\":\"https:\\\/\\\/schema.org\",\"@graph\":[{\"@type\":\"WebPage\",\"@id\":\"https:\\\/\\\/cbie.ca\\\/fr\\\/cartographie-de-lavenir-de-leducation-internationale-au-canada\\\/\",\"url\":\"https:\\\/\\\/cbie.ca\\\/fr\\\/cartographie-de-lavenir-de-leducation-internationale-au-canada\\\/\",\"name\":\"Cartographie de l\u2019avenir de l\u2019\u00e9ducation internationale au Canada - CBIE\",\"isPartOf\":{\"@id\":\"https:\\\/\\\/cbie.ca\\\/#website\"},\"datePublished\":\"2018-12-12T15:38:32+00:00\",\"dateModified\":\"2019-01-11T15:52:12+00:00\",\"breadcrumb\":{\"@id\":\"https:\\\/\\\/cbie.ca\\\/fr\\\/cartographie-de-lavenir-de-leducation-internationale-au-canada\\\/#breadcrumb\"},\"inLanguage\":\"fr-FR\",\"potentialAction\":[{\"@type\":\"ReadAction\",\"target\":[\"https:\\\/\\\/cbie.ca\\\/fr\\\/cartographie-de-lavenir-de-leducation-internationale-au-canada\\\/\"]}]},{\"@type\":\"BreadcrumbList\",\"@id\":\"https:\\\/\\\/cbie.ca\\\/fr\\\/cartographie-de-lavenir-de-leducation-internationale-au-canada\\\/#breadcrumb\",\"itemListElement\":[{\"@type\":\"ListItem\",\"position\":1,\"name\":\"Home\",\"item\":\"https:\\\/\\\/cbie.ca\\\/fr\\\/\"},{\"@type\":\"ListItem\",\"position\":2,\"name\":\"Cartographie de l\u2019avenir de l\u2019\u00e9ducation internationale au Canada\"}]},{\"@type\":\"WebSite\",\"@id\":\"https:\\\/\\\/cbie.ca\\\/#website\",\"url\":\"https:\\\/\\\/cbie.ca\\\/\",\"name\":\"Canadian Bureau for International Education\",\"description\":\"\",\"potentialAction\":[{\"@type\":\"SearchAction\",\"target\":{\"@type\":\"EntryPoint\",\"urlTemplate\":\"https:\\\/\\\/cbie.ca\\\/?s={search_term_string}\"},\"query-input\":{\"@type\":\"PropertyValueSpecification\",\"valueRequired\":true,\"valueName\":\"search_term_string\"}}],\"inLanguage\":\"fr-FR\"}]}<\/script>\n<!-- \/ Yoast SEO plugin. -->","yoast_head_json":{"title":"Cartographie de l\u2019avenir de l\u2019\u00e9ducation internationale au Canada - CBIE","robots":{"index":"index","follow":"follow","max-snippet":"max-snippet:-1","max-image-preview":"max-image-preview:large","max-video-preview":"max-video-preview:-1"},"canonical":"https:\/\/cbie.ca\/fr\/cartographie-de-lavenir-de-leducation-internationale-au-canada\/","og_locale":"fr_FR","og_type":"article","og_title":"Cartographie de l\u2019avenir de l\u2019\u00e9ducation internationale au Canada - CBIE","og_description":"[vc_row type=\u00a0\u00bbfull_width_section\u00a0\u00bb equal_height=\u00a0\u00bbyes\u00a0\u00bb][vc_column column_padding=\u00a0\u00bbpadding-3&Prime; width=\u00a0\u00bb1\/2&Prime;][vc_column_text] Cartographie de l\u2019avenir de l\u2019\u00e9ducation internationale au Canada Le BCEI s\u2019engage \u00e0 adopter les priorit\u00e9s de ses membres en intervenant aupr\u00e8s du gouvernement du Canada [&hellip;]","og_url":"https:\/\/cbie.ca\/fr\/cartographie-de-lavenir-de-leducation-internationale-au-canada\/","og_site_name":"CBIE","article_modified_time":"2019-01-11T15:52:12+00:00","og_image":[{"width":1600,"height":900,"url":"https:\/\/cbie.ca\/wp-content\/uploads\/2024\/01\/CBIE-Announcement-EN.png","type":"image\/png"}],"twitter_card":"summary_large_image","twitter_misc":{"Dur\u00e9e de lecture estim\u00e9e":"1 minute"},"schema":{"@context":"https:\/\/schema.org","@graph":[{"@type":"WebPage","@id":"https:\/\/cbie.ca\/fr\/cartographie-de-lavenir-de-leducation-internationale-au-canada\/","url":"https:\/\/cbie.ca\/fr\/cartographie-de-lavenir-de-leducation-internationale-au-canada\/","name":"Cartographie de l\u2019avenir de l\u2019\u00e9ducation internationale au Canada - CBIE","isPartOf":{"@id":"https:\/\/cbie.ca\/#website"},"datePublished":"2018-12-12T15:38:32+00:00","dateModified":"2019-01-11T15:52:12+00:00","breadcrumb":{"@id":"https:\/\/cbie.ca\/fr\/cartographie-de-lavenir-de-leducation-internationale-au-canada\/#breadcrumb"},"inLanguage":"fr-FR","potentialAction":[{"@type":"ReadAction","target":["https:\/\/cbie.ca\/fr\/cartographie-de-lavenir-de-leducation-internationale-au-canada\/"]}]},{"@type":"BreadcrumbList","@id":"https:\/\/cbie.ca\/fr\/cartographie-de-lavenir-de-leducation-internationale-au-canada\/#breadcrumb","itemListElement":[{"@type":"ListItem","position":1,"name":"Home","item":"https:\/\/cbie.ca\/fr\/"},{"@type":"ListItem","position":2,"name":"Cartographie de l\u2019avenir de l\u2019\u00e9ducation internationale au Canada"}]},{"@type":"WebSite","@id":"https:\/\/cbie.ca\/#website","url":"https:\/\/cbie.ca\/","name":"Canadian Bureau for International Education","description":"","potentialAction":[{"@type":"SearchAction","target":{"@type":"EntryPoint","urlTemplate":"https:\/\/cbie.ca\/?s={search_term_string}"},"query-input":{"@type":"PropertyValueSpecification","valueRequired":true,"valueName":"search_term_string"}}],"inLanguage":"fr-FR"}]}},"_links":{"self":[{"href":"https:\/\/cbie.ca\/fr\/wp-json\/wp\/v2\/pages\/34745","targetHints":{"allow":["GET"]}}],"collection":[{"href":"https:\/\/cbie.ca\/fr\/wp-json\/wp\/v2\/pages"}],"about":[{"href":"https:\/\/cbie.ca\/fr\/wp-json\/wp\/v2\/types\/page"}],"author":[{"embeddable":true,"href":"https:\/\/cbie.ca\/fr\/wp-json\/wp\/v2\/users\/2"}],"replies":[{"embeddable":true,"href":"https:\/\/cbie.ca\/fr\/wp-json\/wp\/v2\/comments?post=34745"}],"version-history":[{"count":0,"href":"https:\/\/cbie.ca\/fr\/wp-json\/wp\/v2\/pages\/34745\/revisions"}],"wp:attachment":[{"href":"https:\/\/cbie.ca\/fr\/wp-json\/wp\/v2\/media?parent=34745"}],"curies":[{"name":"wp","href":"https:\/\/api.w.org\/{rel}","templated":true}]}}