{"id":33375,"date":"2018-08-07T15:13:35","date_gmt":"2018-08-07T19:13:35","guid":{"rendered":"https:\/\/cbieca.wpenginepowered.com\/notre-reseau\/intl\/cbie-2018-intl-bursary\/"},"modified":"2026-04-15T11:47:20","modified_gmt":"2026-04-15T15:47:20","slug":"bourse","status":"publish","type":"page","link":"https:\/\/cbie.ca\/fr\/notre-reseau\/intl\/bourse\/","title":{"rendered":"RILD &#8211; Demande de bourse du congr\u00e8s BCEI 2022"},"content":{"rendered":"<div class=\"wpb-content-wrapper\"><p>[vc_row text_align=\u00a0\u00bbcenter\u00a0\u00bb][vc_column column_padding=\u00a0\u00bbpadding-3&Prime; column_center=\u00a0\u00bbtrue\u00a0\u00bb text_align=\u00a0\u00bbcenter\u00a0\u00bb width=\u00a0\u00bb1\/1&Prime;][vc_column_text]<\/p>\n<h3 style=\"text-align: center;\">Bourses du congr\u00e8s du RILD<\/h3>\n<p>[\/vc_column_text]<div class=\"newdivider align-center\" style=\"border-bottom-style: solid; border-color: #a7a8aa; border-bottom-width: 2px; margin-top: 30px; margin-bottom: 30px; width: 130px; \"><\/div><div class=\"clear\"><\/div>[vc_column_text el_class=\u00a0\u00bbhidden\u00a0\u00bb]<\/p>\n<p style=\"text-align: center;\"><strong>Le RILD a le plaisir de remettre dix (10) bourses aux nouveaux.elles leaders et leaders \u00e9mergent.e.s du domaine de l\u2019\u00e9ducation internationale pour assister au congr\u00e8s BCEI2025 \u00e0 Qu\u00e9bec, du 2 au 5 novembre 2025.<\/strong><\/p>\n<p>[\/vc_column_text][vc_column_text el_class=\u00a0\u00bbhidden\u00a0\u00bb]<\/p>\n<p style=\"text-align: center;\"><strong>Le RILD a remis dix (10) bourses aux nouveaux.elles leaders et leaders \u00e9mergent.e.s du domaine de l\u2019\u00e9ducation internationale pour participer au congr\u00e8s BCEI2023 \u00e0 Vancouver, du 26 au 29 novembre 2023.<\/strong><\/p>\n<p>[\/vc_column_text]<a href=\"https:\/\/cbie.member365.ca\/publicFr\/form\/index\/6d1a41d99c7da7526adf9129f5167d0e6b8eceef\/2\" target=\"_blank\" class=\"button color-1 small btn-blue hidden\" style=\"border-radius: 2px;\">Appliquer maintenant<\/a><div class=\"spacer\" style=\"height: 30px;\"><\/div>[vc_column_text el_class=\u00a0\u00bbhidden\u00a0\u00bb]<\/p>\n<p style=\"text-align: center;\"><strong>La date limite de d\u00e9p\u00f4t des candidatures est fix\u00e9e au 22 ao\u00fbt 2025.<\/strong><\/p>\n<p>[\/vc_column_text][vc_column_text el_class=\u00a0\u00bbhidden\u00a0\u00bb]<\/p>\n<p style=\"text-align: center;\"><strong>Nous n&rsquo;acceptons plus de candidatures.<\/strong><\/p>\n<p>[\/vc_column_text][vc_column_text]<\/p>\n<p style=\"text-align: center;\"><strong>Veuillez noter que les bourses de participation au congr\u00e8s sont actuellement suspendues. Nous vous remercions de votre compr\u00e9hension; des mises \u00e0 jour seront communiqu\u00e9es d\u00e8s que de nouveaux renseignements seront disponibles.<\/strong><\/p>\n<p>[\/vc_column_text]<div class=\"newdivider align-center\" style=\"border-bottom-style: solid; border-color: #a7a8aa; border-bottom-width: 2px; margin-top: 30px; margin-bottom: 30px; width: 130px; \"><\/div><div class=\"clear\"><\/div>[\/vc_column][\/vc_row][vc_row type=\u00a0\u00bbfull_width_section\u00a0\u00bb bg_color=\u00a0\u00bb#f1f1f1&Prime; class=\u00a0\u00bbhidden\u00a0\u00bb][vc_column column_padding=\u00a0\u00bbpadding-3&Prime; column_center=\u00a0\u00bbtrue\u00a0\u00bb width=\u00a0\u00bb1\/1&Prime;][vc_column_text]<\/p>\n<p style=\"text-align: center;\">Merci \u00e0 <a href=\"https:\/\/guard.me\/\" target=\"_blank\" rel=\"noopener\">guard.me<\/a> pour leur g\u00e9n\u00e9rosit\u00e9 et pour le soutien qu&rsquo;ils apportent aux nouveaux.elles professionnel.le.s de l&rsquo;\u00e9ducation internationale.<\/p>\n<p>[\/vc_column_text]<div class=\"spacer\" style=\"height: 30px;\"><\/div><div class=\"single_image wpb_content_element align-center    \" data-animation=\"none\" data-delay=\"0\"><a href=\"https:\/\/guard.me\/\" target=\"_blank\"><img loading=\"lazy\" decoding=\"async\" width=\"300\" height=\"93\" src=\"https:\/\/cbie.ca\/wp-content\/uploads\/2023\/12\/guard-me-25-300x93.png\" class=\"attachment-medium\" alt=\"Guard.Me International Insurance 25\" title=\"guard-me-25\" srcset=\"https:\/\/cbie.ca\/wp-content\/uploads\/2023\/12\/guard-me-25-300x93.png 300w, https:\/\/cbie.ca\/wp-content\/uploads\/2023\/12\/guard-me-25.png 500w\" sizes=\"auto, (max-width: 300px) 100vw, 300px\" \/><\/a><\/div>[\/vc_column][\/vc_row][vc_row type=\u00a0\u00bbfull_width_section\u00a0\u00bb bg_color=\u00a0\u00bb#01416a\u00a0\u00bb text_color=\u00a0\u00bbcustom\u00a0\u00bb custom_text_color=\u00a0\u00bb#ffffff\u00a0\u00bb][vc_column column_padding=\u00a0\u00bbpadding-3&Prime; column_center=\u00a0\u00bbtrue\u00a0\u00bb text_color=\u00a0\u00bbcustom\u00a0\u00bb custom_text_color=\u00a0\u00bb#ffffff\u00a0\u00bb width=\u00a0\u00bb1\/2&Prime;][vc_column_text]<\/p>\n<h5 style=\"text-transform: capitalise;\">Crit\u00e8res d\u2019admissibilit\u00e9<\/h5>\n<p>[\/vc_column_text]<div class=\"spacer\" style=\"height: 30px;\"><\/div><div class=\"minti_list wpb_content_element color-accent arrow\" style=\"\">\n<ul>\n<li>\u00catre employ\u00e9 d\u2019un <a href=\"https:\/\/cbie.ca\/notre-reseau\/membres-et-associes\/?lang=fr\" target=\"_blank\" rel=\"noopener noreferrer\">\u00e9tablissement membre du BCEI<\/a><\/li>\n<li>Avoir quatre (4) ans ou moins d\u2019exp\u00e9rience professionnelle dans le secteur de l\u2019\u00e9ducation internationale<\/li>\n<li>Avoir le soutien de l\u2019\u00e9tablissement pour y participer<\/li>\n<li>Assister aux fonctions requises, aux s\u00e9ances du congr\u00e8s et \u00e0 participer \u00e0 la photo de groupe<\/li>\n<li>Ne doit pas avoir particip\u00e9 au congr\u00e8s annuel du BCEI auparavant<\/li>\n<li>Ne doit pas avoir re\u00e7u de bourse pour le congr\u00e8s annuel du BCEI auparavant<\/li>\n<\/ul>\n<\/div><div class=\"spacer\" style=\"height: 30px;\"><\/div>[vc_column_text]<\/p>\n<h5>Postulez votre candidature<\/h5>\n<p>[\/vc_column_text]<div class=\"spacer\" style=\"height: 30px;\"><\/div><div class=\"minti_list wpb_content_element color-accent arrow\" style=\"\">Avant de commencer, veuiller avoir les documents suivants \u00e0 port\u00e9e de main :<\/p>\n<ul>\n<li>Une d\u00e9claration d\u2019int\u00e9r\u00eat de 300 mots<\/li>\n<li>Un C.V. \u00e0 jour<\/li>\n<li>Une lettre de soutien de votre superviseur &#8211; t\u00e9l\u00e9charger un mod\u00e8le <a href=\"https:\/\/cbie.ca\/wp-content\/uploads\/2023\/06\/Lettre-de-support-pour-bourses-1.docx\" target=\"_blank\" rel=\"noopener\">ici<\/a><\/li>\n<\/ul>\n<\/div><div class=\"spacer\" style=\"height: 30px;\"><\/div>[vc_column_text]Nous encourageons les membres du RILD qui r\u00e9pondent aux crit\u00e8res d&rsquo;admissibilit\u00e9 ci-dessus \u00e0 soumettre leur candidature avant la date limite.[\/vc_column_text][\/vc_column][vc_column bg_image=\u00a0\u00bb32571&Prime; width=\u00a0\u00bb1\/2&Prime;]<div class=\"spacer\" style=\"height: 500px;\"><\/div>[\/vc_column][\/vc_row][vc_row type=\u00a0\u00bbfull_width_section\u00a0\u00bb bg_color=\u00a0\u00bb#00263e\u00a0\u00bb text_color=\u00a0\u00bbcustom\u00a0\u00bb custom_text_color=\u00a0\u00bb#ffffff\u00a0\u00bb][vc_column bg_image=\u00a0\u00bb23685&Prime; column_center=\u00a0\u00bbtrue\u00a0\u00bb text_color=\u00a0\u00bblight\u00a0\u00bb width=\u00a0\u00bb1\/2&Prime;]<div class=\"spacer\" style=\"height: 500px;\"><\/div>[\/vc_column][vc_column column_padding=\u00a0\u00bbpadding-3&Prime; text_color=\u00a0\u00bblight\u00a0\u00bb width=\u00a0\u00bb1\/2&Prime;][vc_column_text]Les bourses seront accord\u00e9es au m\u00e9rite selon les dossiers de candidature pr\u00e9sent\u00e9s, s\u2019ils s\u2019inscrivent dans la <a href=\"https:\/\/cbie.ca\/notre-reseau\/intl\/?lang=fr\" target=\"_blank\" rel=\"noopener noreferrer\">mission du R\u00e9seau international des leaders de demain<\/a>. Afin de respecter l\u2019\u00e9chelle nationale du mandat du BCEI, tout sera fait pour garantir une repr\u00e9sentation \u00e9gale de tous les niveaux d\u2019instruction (primaire, secondaire, conseils et commissions scolaires, c\u00e9geps, coll\u00e8ges et universit\u00e9s), la diversit\u00e9 g\u00e9ographique et la repr\u00e9sentation linguistique des deux langues officielles du Canada.<\/p>\n<p><strong>Veuillez noter <\/strong>: Si vous vous inscrivez au <a href=\"https:\/\/2025.cbieconference.ca\/fr\/\" target=\"_blank\" rel=\"noopener\">BCEI2025<\/a>\u00a0avant de recevoir une bourse, le BCEI vous accordera un remboursement complet.<\/p>\n<h5>Qui r\u00e9vise les candidatures ?<\/h5>\n<p>Le groupe de travail du RILD a mont\u00e9 un sous-comit\u00e9 de s\u00e9lection des boursiers du congr\u00e8s. Les membres de ce sous-comit\u00e9 ne sont pas admissibles \u00e0 poser leur candidature sans d\u2019abord se r\u00e9cuser du sous-comit\u00e9.<\/p>\n<h5>Questions?<\/h5>\n<p>Si vous \u00e9prouvez des difficult\u00e9s pendant ce processus, prenez contact directement avec Sophie Jodouin (Gestionnaire, participation communautaire, BCEI) \u00e0 <a href=\"mailto:sjodouin@cbie.ca\" target=\"_blank\" rel=\"noopener\">sjodouin@cbie.ca<\/a>.[\/vc_column_text]<div class=\"spacer\" style=\"height: 30px;\"><\/div>[\/vc_column][\/vc_row][vc_row bg_color=\u00a0\u00bb#f2f2f2&Prime; top_padding=\u00a0\u00bb40&Prime; bottom_padding=\u00a0\u00bb50&Prime; class=\u00a0\u00bbhidden\u00a0\u00bb][vc_column width=\u00a0\u00bb1\/1&Prime;][vc_column_text]<\/p>\n<h3 id=\"2017\" style=\"text-align: center;\">Rencontrez le sous-comit\u00e9 des bourses 2023!<\/h3>\n<p>[\/vc_column_text][vc_empty_space height=\u00a0\u00bb35&Prime;][vc_row_inner][vc_column_inner width=\u00a0\u00bb1\/3&Prime;][vc_column_text]<\/p>\n<h5 style=\"text-align: center; margin-bottom: 0;\">Jitender Sharma<\/h5>\n<p style=\"text-align: center;\">Simon Fraser University<\/p>\n<p>[\/vc_column_text][\/vc_column_inner][vc_column_inner width=\u00a0\u00bb1\/3&Prime;][vc_column_text]<\/p>\n<h5 style=\"text-align: center; margin-bottom: 0;\">Thomas Johansen<\/h5>\n<p style=\"text-align: center;\">Thompson Rivers University<\/p>\n<p>[\/vc_column_text][\/vc_column_inner][vc_column_inner width=\u00a0\u00bb1\/3&Prime;][vc_column_text]<\/p>\n<h5 style=\"text-align: center; margin-bottom: 0;\">Jintu Anne Thomson<\/h5>\n<p style=\"text-align: center;\">Lakehead University<\/p>\n<p>[\/vc_column_text][\/vc_column_inner][\/vc_row_inner][vc_empty_space height=\u00a0\u00bb25&Prime;][vc_row_inner][vc_column_inner width=\u00a0\u00bb1\/3&Prime;][vc_column_text]<\/p>\n<h5 style=\"text-align: center; margin-bottom: 0;\">Nate Taylor<\/h5>\n<p style=\"text-align: center;\">St. Francis Xavier University<\/p>\n<p>[\/vc_column_text][\/vc_column_inner][vc_column_inner width=\u00a0\u00bb1\/3&Prime;][vc_column_text]<\/p>\n<h5 style=\"text-align: center; margin-bottom: 0;\">Phuong Anh Pham<\/h5>\n<p style=\"text-align: center;\">Seneca College<\/p>\n<p>[\/vc_column_text][\/vc_column_inner][vc_column_inner width=\u00a0\u00bb1\/3&Prime;][vc_column_text]<\/p>\n<h5 style=\"text-align: center; margin-bottom: 0;\">Prerna Bedi<\/h5>\n<p style=\"text-align: center;\">Langara College<\/p>\n<p>[\/vc_column_text][\/vc_column_inner][\/vc_row_inner][\/vc_column][\/vc_row]<\/p>\n<\/div>","protected":false},"excerpt":{"rendered":"<p>[vc_row text_align=\u00a0\u00bbcenter\u00a0\u00bb][vc_column column_padding=\u00a0\u00bbpadding-3&Prime; column_center=\u00a0\u00bbtrue\u00a0\u00bb text_align=\u00a0\u00bbcenter\u00a0\u00bb width=\u00a0\u00bb1\/1&Prime;][vc_column_text] Bourses du congr\u00e8s du RILD [\/vc_column_text][vc_column_text el_class=\u00a0\u00bbhidden\u00a0\u00bb] Le RILD a le plaisir de remettre dix (10) bourses aux nouveaux.elles leaders et leaders \u00e9mergent.e.s du [&hellip;]<\/p>\n","protected":false},"author":2,"featured_media":0,"parent":17131,"menu_order":0,"comment_status":"closed","ping_status":"closed","template":"","meta":{"_acf_changed":false,"footnotes":""},"class_list":["post-33375","page","type-page","status-publish","hentry"],"acf":[],"yoast_head":"<!-- This site is optimized with the Yoast SEO plugin v27.4 - https:\/\/yoast.com\/product\/yoast-seo-wordpress\/ -->\n<title>RILD - Demande de bourse du congr\u00e8s BCEI 2022 - CBIE<\/title>\n<meta name=\"robots\" content=\"index, follow, max-snippet:-1, max-image-preview:large, max-video-preview:-1\" \/>\n<link rel=\"canonical\" href=\"https:\/\/cbie.ca\/fr\/notre-reseau\/intl\/bourse\/\" \/>\n<meta property=\"og:locale\" content=\"fr_FR\" \/>\n<meta property=\"og:type\" content=\"article\" \/>\n<meta property=\"og:title\" content=\"RILD - Demande de bourse du congr\u00e8s BCEI 2022 - CBIE\" \/>\n<meta property=\"og:description\" content=\"[vc_row text_align=\u00a0\u00bbcenter\u00a0\u00bb][vc_column column_padding=\u00a0\u00bbpadding-3&Prime; column_center=\u00a0\u00bbtrue\u00a0\u00bb text_align=\u00a0\u00bbcenter\u00a0\u00bb width=\u00a0\u00bb1\/1&Prime;][vc_column_text] Bourses du congr\u00e8s du RILD [\/vc_column_text][vc_column_text el_class=\u00a0\u00bbhidden\u00a0\u00bb] Le RILD a le plaisir de remettre dix (10) bourses aux nouveaux.elles leaders et leaders \u00e9mergent.e.s du [&hellip;]\" \/>\n<meta property=\"og:url\" content=\"https:\/\/cbie.ca\/fr\/notre-reseau\/intl\/bourse\/\" \/>\n<meta property=\"og:site_name\" content=\"CBIE\" \/>\n<meta property=\"article:modified_time\" content=\"2026-04-15T15:47:20+00:00\" \/>\n<meta property=\"og:image\" content=\"https:\/\/cbie.ca\/wp-content\/uploads\/2024\/01\/CBIE-Announcement-EN.png\" \/>\n\t<meta property=\"og:image:width\" content=\"1600\" \/>\n\t<meta property=\"og:image:height\" content=\"900\" \/>\n\t<meta property=\"og:image:type\" content=\"image\/png\" \/>\n<meta name=\"twitter:card\" content=\"summary_large_image\" \/>\n<meta name=\"twitter:label1\" content=\"Dur\u00e9e de lecture estim\u00e9e\" \/>\n\t<meta name=\"twitter:data1\" content=\"4 minutes\" \/>\n<script type=\"application\/ld+json\" class=\"yoast-schema-graph\">{\"@context\":\"https:\\\/\\\/schema.org\",\"@graph\":[{\"@type\":\"WebPage\",\"@id\":\"https:\\\/\\\/cbie.ca\\\/fr\\\/notre-reseau\\\/intl\\\/bourse\\\/\",\"url\":\"https:\\\/\\\/cbie.ca\\\/fr\\\/notre-reseau\\\/intl\\\/bourse\\\/\",\"name\":\"RILD - Demande de bourse du congr\u00e8s BCEI 2022 - CBIE\",\"isPartOf\":{\"@id\":\"https:\\\/\\\/cbie.ca\\\/#website\"},\"datePublished\":\"2018-08-07T19:13:35+00:00\",\"dateModified\":\"2026-04-15T15:47:20+00:00\",\"breadcrumb\":{\"@id\":\"https:\\\/\\\/cbie.ca\\\/fr\\\/notre-reseau\\\/intl\\\/bourse\\\/#breadcrumb\"},\"inLanguage\":\"fr-FR\",\"potentialAction\":[{\"@type\":\"ReadAction\",\"target\":[\"https:\\\/\\\/cbie.ca\\\/fr\\\/notre-reseau\\\/intl\\\/bourse\\\/\"]}]},{\"@type\":\"BreadcrumbList\",\"@id\":\"https:\\\/\\\/cbie.ca\\\/fr\\\/notre-reseau\\\/intl\\\/bourse\\\/#breadcrumb\",\"itemListElement\":[{\"@type\":\"ListItem\",\"position\":1,\"name\":\"Home\",\"item\":\"https:\\\/\\\/cbie.ca\\\/fr\\\/\"},{\"@type\":\"ListItem\",\"position\":2,\"name\":\"Notre R\u00e9seau\",\"item\":\"https:\\\/\\\/cbie.ca\\\/fr\\\/notre-reseau\\\/\"},{\"@type\":\"ListItem\",\"position\":3,\"name\":\"R\u00e9seau international des leaders de demain\",\"item\":\"https:\\\/\\\/cbie.ca\\\/fr\\\/notre-reseau\\\/intl\\\/\"},{\"@type\":\"ListItem\",\"position\":4,\"name\":\"RILD &#8211; Demande de bourse du congr\u00e8s BCEI 2022\"}]},{\"@type\":\"WebSite\",\"@id\":\"https:\\\/\\\/cbie.ca\\\/#website\",\"url\":\"https:\\\/\\\/cbie.ca\\\/\",\"name\":\"Canadian Bureau for International Education\",\"description\":\"\",\"potentialAction\":[{\"@type\":\"SearchAction\",\"target\":{\"@type\":\"EntryPoint\",\"urlTemplate\":\"https:\\\/\\\/cbie.ca\\\/?s={search_term_string}\"},\"query-input\":{\"@type\":\"PropertyValueSpecification\",\"valueRequired\":true,\"valueName\":\"search_term_string\"}}],\"inLanguage\":\"fr-FR\"}]}<\/script>\n<!-- \/ Yoast SEO plugin. -->","yoast_head_json":{"title":"RILD - Demande de bourse du congr\u00e8s BCEI 2022 - CBIE","robots":{"index":"index","follow":"follow","max-snippet":"max-snippet:-1","max-image-preview":"max-image-preview:large","max-video-preview":"max-video-preview:-1"},"canonical":"https:\/\/cbie.ca\/fr\/notre-reseau\/intl\/bourse\/","og_locale":"fr_FR","og_type":"article","og_title":"RILD - Demande de bourse du congr\u00e8s BCEI 2022 - CBIE","og_description":"[vc_row text_align=\u00a0\u00bbcenter\u00a0\u00bb][vc_column column_padding=\u00a0\u00bbpadding-3&Prime; column_center=\u00a0\u00bbtrue\u00a0\u00bb text_align=\u00a0\u00bbcenter\u00a0\u00bb width=\u00a0\u00bb1\/1&Prime;][vc_column_text] Bourses du congr\u00e8s du RILD [\/vc_column_text][vc_column_text el_class=\u00a0\u00bbhidden\u00a0\u00bb] Le RILD a le plaisir de remettre dix (10) bourses aux nouveaux.elles leaders et leaders \u00e9mergent.e.s du [&hellip;]","og_url":"https:\/\/cbie.ca\/fr\/notre-reseau\/intl\/bourse\/","og_site_name":"CBIE","article_modified_time":"2026-04-15T15:47:20+00:00","og_image":[{"width":1600,"height":900,"url":"https:\/\/cbie.ca\/wp-content\/uploads\/2024\/01\/CBIE-Announcement-EN.png","type":"image\/png"}],"twitter_card":"summary_large_image","twitter_misc":{"Dur\u00e9e de lecture estim\u00e9e":"4 minutes"},"schema":{"@context":"https:\/\/schema.org","@graph":[{"@type":"WebPage","@id":"https:\/\/cbie.ca\/fr\/notre-reseau\/intl\/bourse\/","url":"https:\/\/cbie.ca\/fr\/notre-reseau\/intl\/bourse\/","name":"RILD - Demande de bourse du congr\u00e8s BCEI 2022 - CBIE","isPartOf":{"@id":"https:\/\/cbie.ca\/#website"},"datePublished":"2018-08-07T19:13:35+00:00","dateModified":"2026-04-15T15:47:20+00:00","breadcrumb":{"@id":"https:\/\/cbie.ca\/fr\/notre-reseau\/intl\/bourse\/#breadcrumb"},"inLanguage":"fr-FR","potentialAction":[{"@type":"ReadAction","target":["https:\/\/cbie.ca\/fr\/notre-reseau\/intl\/bourse\/"]}]},{"@type":"BreadcrumbList","@id":"https:\/\/cbie.ca\/fr\/notre-reseau\/intl\/bourse\/#breadcrumb","itemListElement":[{"@type":"ListItem","position":1,"name":"Home","item":"https:\/\/cbie.ca\/fr\/"},{"@type":"ListItem","position":2,"name":"Notre R\u00e9seau","item":"https:\/\/cbie.ca\/fr\/notre-reseau\/"},{"@type":"ListItem","position":3,"name":"R\u00e9seau international des leaders de demain","item":"https:\/\/cbie.ca\/fr\/notre-reseau\/intl\/"},{"@type":"ListItem","position":4,"name":"RILD &#8211; Demande de bourse du congr\u00e8s BCEI 2022"}]},{"@type":"WebSite","@id":"https:\/\/cbie.ca\/#website","url":"https:\/\/cbie.ca\/","name":"Canadian Bureau for International Education","description":"","potentialAction":[{"@type":"SearchAction","target":{"@type":"EntryPoint","urlTemplate":"https:\/\/cbie.ca\/?s={search_term_string}"},"query-input":{"@type":"PropertyValueSpecification","valueRequired":true,"valueName":"search_term_string"}}],"inLanguage":"fr-FR"}]}},"_links":{"self":[{"href":"https:\/\/cbie.ca\/fr\/wp-json\/wp\/v2\/pages\/33375","targetHints":{"allow":["GET"]}}],"collection":[{"href":"https:\/\/cbie.ca\/fr\/wp-json\/wp\/v2\/pages"}],"about":[{"href":"https:\/\/cbie.ca\/fr\/wp-json\/wp\/v2\/types\/page"}],"author":[{"embeddable":true,"href":"https:\/\/cbie.ca\/fr\/wp-json\/wp\/v2\/users\/2"}],"replies":[{"embeddable":true,"href":"https:\/\/cbie.ca\/fr\/wp-json\/wp\/v2\/comments?post=33375"}],"version-history":[{"count":6,"href":"https:\/\/cbie.ca\/fr\/wp-json\/wp\/v2\/pages\/33375\/revisions"}],"predecessor-version":[{"id":120868,"href":"https:\/\/cbie.ca\/fr\/wp-json\/wp\/v2\/pages\/33375\/revisions\/120868"}],"up":[{"embeddable":true,"href":"https:\/\/cbie.ca\/fr\/wp-json\/wp\/v2\/pages\/17131"}],"wp:attachment":[{"href":"https:\/\/cbie.ca\/fr\/wp-json\/wp\/v2\/media?parent=33375"}],"curies":[{"name":"wp","href":"https:\/\/api.w.org\/{rel}","templated":true}]}}