{"id":32627,"date":"2018-06-13T11:06:59","date_gmt":"2018-06-13T15:06:59","guid":{"rendered":"https:\/\/cbieca.wpenginepowered.com\/?page_id=32627"},"modified":"2018-06-27T10:58:40","modified_gmt":"2018-06-27T14:58:40","slug":"permis-de-travail-et-etudiants-internationaux-permis-de-travail-cooperatif-pour-conjoints-et-postdiplome","status":"publish","type":"page","link":"https:\/\/cbie.ca\/fr\/permis-de-travail-et-etudiants-internationaux-permis-de-travail-cooperatif-pour-conjoints-et-postdiplome\/","title":{"rendered":"Permis de travail et \u00e9tudiants internationaux : permis de travail coop\u00e9ratif, pour conjoints et postdipl\u00f4me"},"content":{"rendered":"<div class=\"wpb-content-wrapper\"><p>[vc_row type=\u00a0\u00bbfull_width_section\u00a0\u00bb][vc_column column_padding=\u00a0\u00bbpadding-3&Prime; column_center=\u00a0\u00bbtrue\u00a0\u00bb text_align=\u00a0\u00bbcenter\u00a0\u00bb width=\u00a0\u00bb1\/1&Prime;][vc_column_text]<\/p>\n<h3 id=\"register\" style=\"text-align: center;\">Permis de travail et \u00e9tudiants internationaux : permis de travail coop\u00e9ratif, pour conjoints et postdipl\u00f4me<\/h3>\n<p>[\/vc_column_text]<div class=\"newdivider align-center\" style=\"border-bottom-style: solid; border-color: #a7a8aa; border-bottom-width: 2px; margin-top: 30px; margin-bottom: 30px; width: 130px; \"><\/div><div class=\"clear\"><\/div>[vc_column_text]<\/p>\n<p style=\"text-align: center; font-size: 25px; line-height: 1.2em; color: #1c86a4 !important;\">27 juin de 13 h \u00e0 14 h 30 HAE | $ 110 membres | $ 135 non-membres<\/p>\n<p style=\"text-align: center;\"><strong><em>Ce webinaire a \u00e9t\u00e9 approuv\u00e9 pour 1,5 heure de FPC<br \/>\n<\/em><\/strong><\/p>\n<p style=\"text-align: center;\"><strong><em>Ce webinaire sera pr\u00e9sent\u00e9 en anglais seulement <\/em><\/strong><\/p>\n<p style=\"text-align: center;\"><strong><em>\u00a0<\/em><\/strong><\/p>\n<p>[\/vc_column_text][\/vc_column][\/vc_row][vc_row type=\u00a0\u00bbfull_width_section\u00a0\u00bb text_color=\u00a0\u00bblight\u00a0\u00bb][vc_column bg_color=\u00a0\u00bb#01416a\u00a0\u00bb column_padding=\u00a0\u00bbpadding-3&Prime; column_center=\u00a0\u00bbtrue\u00a0\u00bb text_color=\u00a0\u00bblight\u00a0\u00bb width=\u00a0\u00bb1\/2&Prime;][vc_column_text]Travailler au Canada est une opportunit\u00e9 fantastique pour les \u00e9tudiants internationaux comme pour leurs conjoints. Travailler peut les aider \u00e0 atteindre leurs objectifs d\u2019immigration, ou concr\u00e9tiser leurs ambitions professionnelles. Il est donc imp\u00e9ratif que les \u00e9tudiants comprennent les situations o\u00f9 un permis de travail s\u00e9par\u00e9 est n\u00e9cessaire, s\u2019ils y sont admissibles, et comment ils peuvent faire une demande. Il est aussi tout autant crucial qu\u2019ils comprennent comment ils peuvent aider leur conjoint\/partenaire \u00e0 faire une demande de permis de travail.<\/p>\n<p>Ce webinaire pr\u00e9sentera les permis de travail coop\u00e9ratif, les permis de travail pour les conjoints et le permis de travail postdipl\u00f4me. Les animateurs expliqueront les exigences d\u2019admissibilit\u00e9 et proposeront des approches que les conseillers aux \u00e9tudiants internationaux peuvent adopter pour aider leurs \u00e9tudiants \u00e0 comprendre comment, quand et s\u2019ils peuvent faire une demande pour ces programmes de permis de travail. Les animateurs passeront en revue les sc\u00e9narios les plus courants rencontr\u00e9s par les conseillers aux \u00e9tudiants internationaux, discuteront des difficult\u00e9s associ\u00e9es \u00e0 ces types de demandes et de la fa\u00e7on dont les conseillers peuvent aider les \u00e9tudiants, et leurs conjoints\/partenaires, \u00e0 s\u2019y retrouver.<\/p>\n<p>Apr\u00e8s avoir suivi ce webinaire, les participants pourront\u00a0:[\/vc_column_text]<div class=\"spacer\" style=\"height: 20px;\"><\/div><div class=\"minti_list wpb_content_element color-accent plus\" style=\"\">\n<ul>\n<li>Competently explain to students the eligibility requirements of each of the above named work permits<\/li>\n<li>Navigate complex scenarios in which students may have jeopardized their eligibility to obtain a work permit<\/li>\n<li>Support international student\u2019s spouses in obtaining a work permit<\/li>\n<\/ul>\n<\/div>[\/vc_column][vc_column bg_image=\u00a0\u00bb32571&Prime; column_center=\u00a0\u00bbtrue\u00a0\u00bb width=\u00a0\u00bb1\/2&Prime;]<div class=\"spacer\" style=\"height: 500px;\"><\/div>[\/vc_column][\/vc_row]<\/p>\n<\/div>","protected":false},"excerpt":{"rendered":"<p>[vc_row type=\u00a0\u00bbfull_width_section\u00a0\u00bb][vc_column column_padding=\u00a0\u00bbpadding-3&Prime; column_center=\u00a0\u00bbtrue\u00a0\u00bb text_align=\u00a0\u00bbcenter\u00a0\u00bb width=\u00a0\u00bb1\/1&Prime;][vc_column_text] Permis de travail et \u00e9tudiants internationaux : permis de travail coop\u00e9ratif, pour conjoints et postdipl\u00f4me [\/vc_column_text][vc_column_text] 27 juin de 13 h \u00e0 14 h [&hellip;]<\/p>\n","protected":false},"author":2,"featured_media":0,"parent":0,"menu_order":0,"comment_status":"closed","ping_status":"closed","template":"","meta":{"_acf_changed":false,"footnotes":""},"class_list":["post-32627","page","type-page","status-publish","hentry"],"acf":[],"yoast_head":"<!-- This site is optimized with the Yoast SEO plugin v27.4 - https:\/\/yoast.com\/product\/yoast-seo-wordpress\/ -->\n<title>Permis de travail et \u00e9tudiants internationaux : permis de travail coop\u00e9ratif, pour conjoints et postdipl\u00f4me - CBIE<\/title>\n<meta name=\"robots\" content=\"index, follow, max-snippet:-1, max-image-preview:large, max-video-preview:-1\" \/>\n<link rel=\"canonical\" href=\"https:\/\/cbie.ca\/work-permits-and-international-students-co-ops-spouses-and-post-graduation\/\" \/>\n<meta property=\"og:locale\" content=\"fr_FR\" \/>\n<meta property=\"og:type\" content=\"article\" \/>\n<meta property=\"og:title\" content=\"Permis de travail et \u00e9tudiants internationaux : permis de travail coop\u00e9ratif, pour conjoints et postdipl\u00f4me - CBIE\" \/>\n<meta property=\"og:description\" content=\"[vc_row type=\u00a0\u00bbfull_width_section\u00a0\u00bb][vc_column column_padding=\u00a0\u00bbpadding-3&Prime; column_center=\u00a0\u00bbtrue\u00a0\u00bb text_align=\u00a0\u00bbcenter\u00a0\u00bb width=\u00a0\u00bb1\/1&Prime;][vc_column_text] Permis de travail et \u00e9tudiants internationaux : permis de travail coop\u00e9ratif, pour conjoints et postdipl\u00f4me [\/vc_column_text][vc_column_text] 27 juin de 13 h \u00e0 14 h [&hellip;]\" \/>\n<meta property=\"og:url\" content=\"https:\/\/cbie.ca\/work-permits-and-international-students-co-ops-spouses-and-post-graduation\/\" \/>\n<meta property=\"og:site_name\" content=\"CBIE\" \/>\n<meta property=\"article:modified_time\" content=\"2018-06-27T14:58:40+00:00\" \/>\n<meta property=\"og:image\" content=\"https:\/\/cbie.ca\/wp-content\/uploads\/2024\/01\/CBIE-Announcement-EN.png\" \/>\n\t<meta property=\"og:image:width\" content=\"1600\" \/>\n\t<meta property=\"og:image:height\" content=\"900\" \/>\n\t<meta property=\"og:image:type\" content=\"image\/png\" \/>\n<meta name=\"twitter:card\" content=\"summary_large_image\" \/>\n<meta name=\"twitter:label1\" content=\"Dur\u00e9e de lecture estim\u00e9e\" \/>\n\t<meta name=\"twitter:data1\" content=\"2 minutes\" \/>\n<script type=\"application\/ld+json\" class=\"yoast-schema-graph\">{\"@context\":\"https:\\\/\\\/schema.org\",\"@graph\":[{\"@type\":\"WebPage\",\"@id\":\"https:\\\/\\\/cbie.ca\\\/work-permits-and-international-students-co-ops-spouses-and-post-graduation\\\/\",\"url\":\"https:\\\/\\\/cbie.ca\\\/work-permits-and-international-students-co-ops-spouses-and-post-graduation\\\/\",\"name\":\"Permis de travail et \u00e9tudiants internationaux : permis de travail coop\u00e9ratif, pour conjoints et postdipl\u00f4me - CBIE\",\"isPartOf\":{\"@id\":\"https:\\\/\\\/cbie.ca\\\/#website\"},\"datePublished\":\"2018-06-13T15:06:59+00:00\",\"dateModified\":\"2018-06-27T14:58:40+00:00\",\"breadcrumb\":{\"@id\":\"https:\\\/\\\/cbie.ca\\\/work-permits-and-international-students-co-ops-spouses-and-post-graduation\\\/#breadcrumb\"},\"inLanguage\":\"fr-FR\",\"potentialAction\":[{\"@type\":\"ReadAction\",\"target\":[\"https:\\\/\\\/cbie.ca\\\/work-permits-and-international-students-co-ops-spouses-and-post-graduation\\\/\"]}]},{\"@type\":\"BreadcrumbList\",\"@id\":\"https:\\\/\\\/cbie.ca\\\/work-permits-and-international-students-co-ops-spouses-and-post-graduation\\\/#breadcrumb\",\"itemListElement\":[{\"@type\":\"ListItem\",\"position\":1,\"name\":\"Home\",\"item\":\"https:\\\/\\\/cbie.ca\\\/fr\\\/\"},{\"@type\":\"ListItem\",\"position\":2,\"name\":\"Permis de travail et \u00e9tudiants internationaux : permis de travail coop\u00e9ratif, pour conjoints et postdipl\u00f4me\"}]},{\"@type\":\"WebSite\",\"@id\":\"https:\\\/\\\/cbie.ca\\\/#website\",\"url\":\"https:\\\/\\\/cbie.ca\\\/\",\"name\":\"Canadian Bureau for International Education\",\"description\":\"\",\"potentialAction\":[{\"@type\":\"SearchAction\",\"target\":{\"@type\":\"EntryPoint\",\"urlTemplate\":\"https:\\\/\\\/cbie.ca\\\/?s={search_term_string}\"},\"query-input\":{\"@type\":\"PropertyValueSpecification\",\"valueRequired\":true,\"valueName\":\"search_term_string\"}}],\"inLanguage\":\"fr-FR\"}]}<\/script>\n<!-- \/ Yoast SEO plugin. -->","yoast_head_json":{"title":"Permis de travail et \u00e9tudiants internationaux : permis de travail coop\u00e9ratif, pour conjoints et postdipl\u00f4me - CBIE","robots":{"index":"index","follow":"follow","max-snippet":"max-snippet:-1","max-image-preview":"max-image-preview:large","max-video-preview":"max-video-preview:-1"},"canonical":"https:\/\/cbie.ca\/work-permits-and-international-students-co-ops-spouses-and-post-graduation\/","og_locale":"fr_FR","og_type":"article","og_title":"Permis de travail et \u00e9tudiants internationaux : permis de travail coop\u00e9ratif, pour conjoints et postdipl\u00f4me - CBIE","og_description":"[vc_row type=\u00a0\u00bbfull_width_section\u00a0\u00bb][vc_column column_padding=\u00a0\u00bbpadding-3&Prime; column_center=\u00a0\u00bbtrue\u00a0\u00bb text_align=\u00a0\u00bbcenter\u00a0\u00bb width=\u00a0\u00bb1\/1&Prime;][vc_column_text] Permis de travail et \u00e9tudiants internationaux : permis de travail coop\u00e9ratif, pour conjoints et postdipl\u00f4me [\/vc_column_text][vc_column_text] 27 juin de 13 h \u00e0 14 h [&hellip;]","og_url":"https:\/\/cbie.ca\/work-permits-and-international-students-co-ops-spouses-and-post-graduation\/","og_site_name":"CBIE","article_modified_time":"2018-06-27T14:58:40+00:00","og_image":[{"width":1600,"height":900,"url":"https:\/\/cbie.ca\/wp-content\/uploads\/2024\/01\/CBIE-Announcement-EN.png","type":"image\/png"}],"twitter_card":"summary_large_image","twitter_misc":{"Dur\u00e9e de lecture estim\u00e9e":"2 minutes"},"schema":{"@context":"https:\/\/schema.org","@graph":[{"@type":"WebPage","@id":"https:\/\/cbie.ca\/work-permits-and-international-students-co-ops-spouses-and-post-graduation\/","url":"https:\/\/cbie.ca\/work-permits-and-international-students-co-ops-spouses-and-post-graduation\/","name":"Permis de travail et \u00e9tudiants internationaux : permis de travail coop\u00e9ratif, pour conjoints et postdipl\u00f4me - CBIE","isPartOf":{"@id":"https:\/\/cbie.ca\/#website"},"datePublished":"2018-06-13T15:06:59+00:00","dateModified":"2018-06-27T14:58:40+00:00","breadcrumb":{"@id":"https:\/\/cbie.ca\/work-permits-and-international-students-co-ops-spouses-and-post-graduation\/#breadcrumb"},"inLanguage":"fr-FR","potentialAction":[{"@type":"ReadAction","target":["https:\/\/cbie.ca\/work-permits-and-international-students-co-ops-spouses-and-post-graduation\/"]}]},{"@type":"BreadcrumbList","@id":"https:\/\/cbie.ca\/work-permits-and-international-students-co-ops-spouses-and-post-graduation\/#breadcrumb","itemListElement":[{"@type":"ListItem","position":1,"name":"Home","item":"https:\/\/cbie.ca\/fr\/"},{"@type":"ListItem","position":2,"name":"Permis de travail et \u00e9tudiants internationaux : permis de travail coop\u00e9ratif, pour conjoints et postdipl\u00f4me"}]},{"@type":"WebSite","@id":"https:\/\/cbie.ca\/#website","url":"https:\/\/cbie.ca\/","name":"Canadian Bureau for International Education","description":"","potentialAction":[{"@type":"SearchAction","target":{"@type":"EntryPoint","urlTemplate":"https:\/\/cbie.ca\/?s={search_term_string}"},"query-input":{"@type":"PropertyValueSpecification","valueRequired":true,"valueName":"search_term_string"}}],"inLanguage":"fr-FR"}]}},"_links":{"self":[{"href":"https:\/\/cbie.ca\/fr\/wp-json\/wp\/v2\/pages\/32627","targetHints":{"allow":["GET"]}}],"collection":[{"href":"https:\/\/cbie.ca\/fr\/wp-json\/wp\/v2\/pages"}],"about":[{"href":"https:\/\/cbie.ca\/fr\/wp-json\/wp\/v2\/types\/page"}],"author":[{"embeddable":true,"href":"https:\/\/cbie.ca\/fr\/wp-json\/wp\/v2\/users\/2"}],"replies":[{"embeddable":true,"href":"https:\/\/cbie.ca\/fr\/wp-json\/wp\/v2\/comments?post=32627"}],"version-history":[{"count":0,"href":"https:\/\/cbie.ca\/fr\/wp-json\/wp\/v2\/pages\/32627\/revisions"}],"wp:attachment":[{"href":"https:\/\/cbie.ca\/fr\/wp-json\/wp\/v2\/media?parent=32627"}],"curies":[{"name":"wp","href":"https:\/\/api.w.org\/{rel}","templated":true}]}}