{"id":30428,"date":"2017-11-27T15:21:05","date_gmt":"2017-11-27T20:21:05","guid":{"rendered":"https:\/\/cbieca.wpenginepowered.com\/?page_id=30428"},"modified":"2017-11-27T15:22:20","modified_gmt":"2017-11-27T20:22:20","slug":"programme-de-bourses-de-laiea","status":"publish","type":"page","link":"https:\/\/cbie.ca\/fr\/notre-travail\/programmes-actuels\/programme-de-bourses-de-laiea\/","title":{"rendered":"Programme de bourses de l\u2019AIEA"},"content":{"rendered":"<div class=\"wpb-content-wrapper\"><p>[vc_row type=\u00a0\u00bbfull_width_section\u00a0\u00bb][vc_column bg_color=\u00a0\u00bb#00263e\u00a0\u00bb column_padding=\u00a0\u00bbpadding-3&Prime; text_color=\u00a0\u00bblight\u00a0\u00bb text_align=\u00a0\u00bbcenter\u00a0\u00bb width=\u00a0\u00bb1\/3&Prime;][vc_column_text]<\/p>\n<h1>Programme de bourses de l\u2019AIEA<\/h1>\n<p>[\/vc_column_text]<div class=\"spacer\" style=\"height: 40px;\"><\/div>[vc_column_text]<\/p>\n<h3>\u00c0 propos de la bourse<\/h3>\n<p>[\/vc_column_text]<div class=\"newdivider align-center\" style=\"border-bottom-style: solid; border-color: #ffc72c; border-bottom-width: 2px; margin-top: 30px; margin-bottom: 30px; width: 130px; \"><\/div><div class=\"clear\"><\/div>[vc_column_text]Le BCEI administre le programme de visite scientifique et de boursiers de l\u2019Agence internationale d\u2019\u00e9nergie atomique (AIEA) \u2013 une agence des Nations Unies. Depuis 1987, ce programme a accueilli plus de 1\u00a0000 boursiers au Canada de pays en voie de d\u00e9veloppement pour faire des \u00e9tudes ou se former dans des domaines pertinents aux priorit\u00e9s de d\u00e9veloppement dans leur pays d\u2019origine.[\/vc_column_text][\/vc_column][vc_column bg_color=\u00a0\u00bb#01426a\u00a0\u00bb column_padding=\u00a0\u00bbpadding-3&Prime; column_center=\u00a0\u00bbtrue\u00a0\u00bb text_color=\u00a0\u00bblight\u00a0\u00bb width=\u00a0\u00bb2\/3&Prime;]<div class=\"video-embed  wpb_content_element\"><iframe loading=\"lazy\" title=\"Fellow Mr Benjamin J. B. Nyarko, Head of the Ghana Atomic Energy Commission\" width=\"1161\" height=\"653\" src=\"https:\/\/www.youtube.com\/embed\/-yjoSY5g1KI?feature=oembed\" frameborder=\"0\" allow=\"accelerometer; autoplay; clipboard-write; encrypted-media; gyroscope; picture-in-picture; web-share\" referrerpolicy=\"strict-origin-when-cross-origin\" allowfullscreen><\/iframe><\/div>[\/vc_column][\/vc_row][vc_row type=\u00a0\u00bbfull_width_section\u00a0\u00bb text_align=\u00a0\u00bbcenter\u00a0\u00bb][vc_column column_padding=\u00a0\u00bbpadding-3&Prime; column_center=\u00a0\u00bbtrue\u00a0\u00bb text_align=\u00a0\u00bbcenter\u00a0\u00bb width=\u00a0\u00bb1\/1&Prime;][vc_column_text]<\/p>\n<h3 style=\"text-align: center;\">Fonctionnement<\/h3>\n<p>[\/vc_column_text]<div class=\"newdivider align-center\" style=\"border-bottom-style: solid; border-color: #ffc72c; border-bottom-width: 2px; margin-top: 30px; margin-bottom: 0; width: 130px; \"><\/div><div class=\"clear\"><\/div>[\/vc_column][\/vc_row][vc_row type=\u00a0\u00bbfull_width_section\u00a0\u00bb bg_color=\u00a0\u00bb#f2f2f2&Prime; text_align=\u00a0\u00bbcenter\u00a0\u00bb][vc_column bg_color=\u00a0\u00bb#e1e1e1&Prime; column_padding=\u00a0\u00bbpadding-3&Prime; width=\u00a0\u00bb1\/4&Prime;]<div class=\"iconbox  wpb_content_element iconbox-style-3 icon-color-accent color-dark\"><i class=\"fa fa-flask boxicon\" style=\"\"><\/i><h3><\/h3><p>\n<p style=\"text-align: center;\"><strong>L\u2019AIEA met en place ses visites scientifiques et de boursiers au Canada par l\u2019interm\u00e9diaire du BCEI, qui travaille avec des \u00e9tablissements d\u2019accueil nomm\u00e9s pour que les programmes et co\u00fbts restent dans les consignes recommand\u00e9es de l\u2019AIEA.<\/strong><\/p>\n<p>&nbsp;<\/p>\n<\/p><\/div>[\/vc_column][vc_column bg_color=\u00a0\u00bb#f1f1f1&Prime; column_padding=\u00a0\u00bbpadding-3&Prime; width=\u00a0\u00bb1\/4&Prime;]<div class=\"iconbox  wpb_content_element iconbox-style-3 icon-color-accent color-dark\"><i class=\"fa  fa-credit-card boxicon\" style=\"\"><\/i><h3><\/h3><p>\n<p style=\"text-align: center;\"><strong>Le BCEI verse des allocations et paye les frais de scolarit\u00e9 et de formation, et donnent aux boursiers et scientifiques invit\u00e9s des documents d\u2019aide aux visas et propose des services en cas d\u2019urgence.<\/strong><\/p>\n<\/p><\/div>[\/vc_column][vc_column bg_color=\u00a0\u00bb#e1e1e1&Prime; column_padding=\u00a0\u00bbpadding-3&Prime; width=\u00a0\u00bb1\/4&Prime;]<div class=\"iconbox  wpb_content_element iconbox-style-3 icon-color-accent color-dark\"><i class=\"fa fa-globe boxicon\" style=\"\"><\/i><h3><\/h3><p>\n<p style=\"text-align: center;\"><strong>Les boursiers et scientifiques invit\u00e9s d\u2019\u00c9tats membres de l\u2019AIEA en voie de d\u00e9veloppement qui ont re\u00e7u une formation au Canada par l\u2019AIEA sont les bienvenus dans les \u00e9tablissements canadiens.<\/strong><\/p>\n<p>&nbsp;<\/p>\n<p>&nbsp;<\/p>\n<\/p><\/div>[\/vc_column][vc_column column_padding=\u00a0\u00bbpadding-3&Prime; width=\u00a0\u00bb1\/4&Prime;]<div class=\"iconbox  wpb_content_element iconbox-style-3 icon-color-accent color-dark\"><i class=\"fa fa-university boxicon\" style=\"\"><\/i><h3><\/h3><p>\n<p style=\"text-align: center;\"><strong>Les boursiers et scientifiques invit\u00e9s se forment dans certains domaines afin de b\u00e2tir, renforcer et maintenir les capacit\u00e9s de l\u2019utilisation en tout s\u00e9curit\u00e9 et paix de la technologie nucl\u00e9aire. Ce renforcement des capacit\u00e9s contribue au d\u00e9veloppement socio-\u00e9conomique durable selon les priorit\u00e9s de d\u00e9veloppement des pays des participants. \u00c0 leur retour, les invit\u00e9s et boursiers contribuent \u00e0 l\u2019atteinte de ces priorit\u00e9s par l\u2019application et le renforcement en continu des capacit\u00e9s.<\/strong><\/p>\n<\/p><\/div>[\/vc_column][\/vc_row][vc_row type=\u00a0\u00bbfull_width_section\u00a0\u00bb bg_color=\u00a0\u00bb00263E\u00a0\u00bb text_align=\u00a0\u00bbcenter\u00a0\u00bb][vc_column bg_color=\u00a0\u00bb#00263e\u00a0\u00bb column_padding=\u00a0\u00bbpadding-3&Prime; text_color=\u00a0\u00bblight\u00a0\u00bb text_align=\u00a0\u00bbcenter\u00a0\u00bb width=\u00a0\u00bb1\/1&Prime;][vc_column_text]<strong>Pour en savoir plus, consultez<\/strong><strong>\u00a0<\/strong><a href=\"https:\/\/www.iaea.org\/about\/employment\/fellowships\" target=\"_blank\" rel=\"noopener noreferrer\"><strong>bourses de l\u2019AEIA<\/strong><\/a>[\/vc_column_text][\/vc_column][\/vc_row]<\/p>\n<\/div>","protected":false},"excerpt":{"rendered":"<p>[vc_row type=\u00a0\u00bbfull_width_section\u00a0\u00bb][vc_column bg_color=\u00a0\u00bb#00263e\u00a0\u00bb column_padding=\u00a0\u00bbpadding-3&Prime; text_color=\u00a0\u00bblight\u00a0\u00bb text_align=\u00a0\u00bbcenter\u00a0\u00bb width=\u00a0\u00bb1\/3&Prime;][vc_column_text] Programme de bourses de l\u2019AIEA [\/vc_column_text][vc_column_text] \u00c0 propos de la bourse [\/vc_column_text][vc_column_text]Le BCEI administre le programme de visite scientifique et de boursiers de [&hellip;]<\/p>\n","protected":false},"author":2,"featured_media":0,"parent":17122,"menu_order":0,"comment_status":"closed","ping_status":"closed","template":"","meta":{"_acf_changed":false,"footnotes":""},"class_list":["post-30428","page","type-page","status-publish","hentry"],"acf":[],"yoast_head":"<!-- This site is optimized with the Yoast SEO plugin v27.3 - https:\/\/yoast.com\/product\/yoast-seo-wordpress\/ -->\n<title>Programme de bourses de l\u2019AIEA - CBIE<\/title>\n<meta name=\"robots\" content=\"index, follow, max-snippet:-1, max-image-preview:large, max-video-preview:-1\" \/>\n<link rel=\"canonical\" href=\"https:\/\/cbie.ca\/fr\/notre-travail\/programmes-actuels\/programme-de-bourses-de-laiea\/\" \/>\n<meta property=\"og:locale\" content=\"fr_FR\" \/>\n<meta property=\"og:type\" content=\"article\" \/>\n<meta property=\"og:title\" content=\"Programme de bourses de l\u2019AIEA - CBIE\" \/>\n<meta property=\"og:description\" content=\"[vc_row type=\u00a0\u00bbfull_width_section\u00a0\u00bb][vc_column bg_color=\u00a0\u00bb#00263e\u00a0\u00bb column_padding=\u00a0\u00bbpadding-3&Prime; text_color=\u00a0\u00bblight\u00a0\u00bb text_align=\u00a0\u00bbcenter\u00a0\u00bb width=\u00a0\u00bb1\/3&Prime;][vc_column_text] Programme de bourses de l\u2019AIEA [\/vc_column_text][vc_column_text] \u00c0 propos de la bourse [\/vc_column_text][vc_column_text]Le BCEI administre le programme de visite scientifique et de boursiers de [&hellip;]\" \/>\n<meta property=\"og:url\" content=\"https:\/\/cbie.ca\/fr\/notre-travail\/programmes-actuels\/programme-de-bourses-de-laiea\/\" \/>\n<meta property=\"og:site_name\" content=\"CBIE\" \/>\n<meta property=\"article:modified_time\" content=\"2017-11-27T20:22:20+00:00\" \/>\n<meta property=\"og:image\" content=\"https:\/\/cbie.ca\/wp-content\/uploads\/2024\/01\/CBIE-Announcement-EN.png\" \/>\n\t<meta property=\"og:image:width\" content=\"1600\" \/>\n\t<meta property=\"og:image:height\" content=\"900\" \/>\n\t<meta property=\"og:image:type\" content=\"image\/png\" \/>\n<meta name=\"twitter:card\" content=\"summary_large_image\" \/>\n<meta name=\"twitter:label1\" content=\"Dur\u00e9e de lecture estim\u00e9e\" \/>\n\t<meta name=\"twitter:data1\" content=\"3 minutes\" \/>\n<script type=\"application\/ld+json\" class=\"yoast-schema-graph\">{\"@context\":\"https:\\\/\\\/schema.org\",\"@graph\":[{\"@type\":\"WebPage\",\"@id\":\"https:\\\/\\\/cbie.ca\\\/fr\\\/notre-travail\\\/programmes-actuels\\\/programme-de-bourses-de-laiea\\\/\",\"url\":\"https:\\\/\\\/cbie.ca\\\/fr\\\/notre-travail\\\/programmes-actuels\\\/programme-de-bourses-de-laiea\\\/\",\"name\":\"Programme de bourses de l\u2019AIEA - CBIE\",\"isPartOf\":{\"@id\":\"https:\\\/\\\/cbie.ca\\\/#website\"},\"datePublished\":\"2017-11-27T20:21:05+00:00\",\"dateModified\":\"2017-11-27T20:22:20+00:00\",\"breadcrumb\":{\"@id\":\"https:\\\/\\\/cbie.ca\\\/fr\\\/notre-travail\\\/programmes-actuels\\\/programme-de-bourses-de-laiea\\\/#breadcrumb\"},\"inLanguage\":\"fr-FR\",\"potentialAction\":[{\"@type\":\"ReadAction\",\"target\":[\"https:\\\/\\\/cbie.ca\\\/fr\\\/notre-travail\\\/programmes-actuels\\\/programme-de-bourses-de-laiea\\\/\"]}]},{\"@type\":\"BreadcrumbList\",\"@id\":\"https:\\\/\\\/cbie.ca\\\/fr\\\/notre-travail\\\/programmes-actuels\\\/programme-de-bourses-de-laiea\\\/#breadcrumb\",\"itemListElement\":[{\"@type\":\"ListItem\",\"position\":1,\"name\":\"Home\",\"item\":\"https:\\\/\\\/cbie.ca\\\/fr\\\/\"},{\"@type\":\"ListItem\",\"position\":2,\"name\":\"Activit\u00e9s internationales\",\"item\":\"https:\\\/\\\/cbie.ca\\\/what-we-do\\\/\"},{\"@type\":\"ListItem\",\"position\":3,\"name\":\"Programmes actuels\",\"item\":\"https:\\\/\\\/cbie.ca\\\/fr\\\/notre-travail\\\/programmes-actuels\\\/\"},{\"@type\":\"ListItem\",\"position\":4,\"name\":\"Programme de bourses de l\u2019AIEA\"}]},{\"@type\":\"WebSite\",\"@id\":\"https:\\\/\\\/cbie.ca\\\/#website\",\"url\":\"https:\\\/\\\/cbie.ca\\\/\",\"name\":\"Canadian Bureau for International Education\",\"description\":\"\",\"potentialAction\":[{\"@type\":\"SearchAction\",\"target\":{\"@type\":\"EntryPoint\",\"urlTemplate\":\"https:\\\/\\\/cbie.ca\\\/?s={search_term_string}\"},\"query-input\":{\"@type\":\"PropertyValueSpecification\",\"valueRequired\":true,\"valueName\":\"search_term_string\"}}],\"inLanguage\":\"fr-FR\"}]}<\/script>\n<!-- \/ Yoast SEO plugin. -->","yoast_head_json":{"title":"Programme de bourses de l\u2019AIEA - CBIE","robots":{"index":"index","follow":"follow","max-snippet":"max-snippet:-1","max-image-preview":"max-image-preview:large","max-video-preview":"max-video-preview:-1"},"canonical":"https:\/\/cbie.ca\/fr\/notre-travail\/programmes-actuels\/programme-de-bourses-de-laiea\/","og_locale":"fr_FR","og_type":"article","og_title":"Programme de bourses de l\u2019AIEA - CBIE","og_description":"[vc_row type=\u00a0\u00bbfull_width_section\u00a0\u00bb][vc_column bg_color=\u00a0\u00bb#00263e\u00a0\u00bb column_padding=\u00a0\u00bbpadding-3&Prime; text_color=\u00a0\u00bblight\u00a0\u00bb text_align=\u00a0\u00bbcenter\u00a0\u00bb width=\u00a0\u00bb1\/3&Prime;][vc_column_text] Programme de bourses de l\u2019AIEA [\/vc_column_text][vc_column_text] \u00c0 propos de la bourse [\/vc_column_text][vc_column_text]Le BCEI administre le programme de visite scientifique et de boursiers de [&hellip;]","og_url":"https:\/\/cbie.ca\/fr\/notre-travail\/programmes-actuels\/programme-de-bourses-de-laiea\/","og_site_name":"CBIE","article_modified_time":"2017-11-27T20:22:20+00:00","og_image":[{"width":1600,"height":900,"url":"https:\/\/cbie.ca\/wp-content\/uploads\/2024\/01\/CBIE-Announcement-EN.png","type":"image\/png"}],"twitter_card":"summary_large_image","twitter_misc":{"Dur\u00e9e de lecture estim\u00e9e":"3 minutes"},"schema":{"@context":"https:\/\/schema.org","@graph":[{"@type":"WebPage","@id":"https:\/\/cbie.ca\/fr\/notre-travail\/programmes-actuels\/programme-de-bourses-de-laiea\/","url":"https:\/\/cbie.ca\/fr\/notre-travail\/programmes-actuels\/programme-de-bourses-de-laiea\/","name":"Programme de bourses de l\u2019AIEA - CBIE","isPartOf":{"@id":"https:\/\/cbie.ca\/#website"},"datePublished":"2017-11-27T20:21:05+00:00","dateModified":"2017-11-27T20:22:20+00:00","breadcrumb":{"@id":"https:\/\/cbie.ca\/fr\/notre-travail\/programmes-actuels\/programme-de-bourses-de-laiea\/#breadcrumb"},"inLanguage":"fr-FR","potentialAction":[{"@type":"ReadAction","target":["https:\/\/cbie.ca\/fr\/notre-travail\/programmes-actuels\/programme-de-bourses-de-laiea\/"]}]},{"@type":"BreadcrumbList","@id":"https:\/\/cbie.ca\/fr\/notre-travail\/programmes-actuels\/programme-de-bourses-de-laiea\/#breadcrumb","itemListElement":[{"@type":"ListItem","position":1,"name":"Home","item":"https:\/\/cbie.ca\/fr\/"},{"@type":"ListItem","position":2,"name":"Activit\u00e9s internationales","item":"https:\/\/cbie.ca\/what-we-do\/"},{"@type":"ListItem","position":3,"name":"Programmes actuels","item":"https:\/\/cbie.ca\/fr\/notre-travail\/programmes-actuels\/"},{"@type":"ListItem","position":4,"name":"Programme de bourses de l\u2019AIEA"}]},{"@type":"WebSite","@id":"https:\/\/cbie.ca\/#website","url":"https:\/\/cbie.ca\/","name":"Canadian Bureau for International Education","description":"","potentialAction":[{"@type":"SearchAction","target":{"@type":"EntryPoint","urlTemplate":"https:\/\/cbie.ca\/?s={search_term_string}"},"query-input":{"@type":"PropertyValueSpecification","valueRequired":true,"valueName":"search_term_string"}}],"inLanguage":"fr-FR"}]}},"_links":{"self":[{"href":"https:\/\/cbie.ca\/fr\/wp-json\/wp\/v2\/pages\/30428","targetHints":{"allow":["GET"]}}],"collection":[{"href":"https:\/\/cbie.ca\/fr\/wp-json\/wp\/v2\/pages"}],"about":[{"href":"https:\/\/cbie.ca\/fr\/wp-json\/wp\/v2\/types\/page"}],"author":[{"embeddable":true,"href":"https:\/\/cbie.ca\/fr\/wp-json\/wp\/v2\/users\/2"}],"replies":[{"embeddable":true,"href":"https:\/\/cbie.ca\/fr\/wp-json\/wp\/v2\/comments?post=30428"}],"version-history":[{"count":0,"href":"https:\/\/cbie.ca\/fr\/wp-json\/wp\/v2\/pages\/30428\/revisions"}],"up":[{"embeddable":true,"href":"https:\/\/cbie.ca\/fr\/wp-json\/wp\/v2\/pages\/17122"}],"wp:attachment":[{"href":"https:\/\/cbie.ca\/fr\/wp-json\/wp\/v2\/media?parent=30428"}],"curies":[{"name":"wp","href":"https:\/\/api.w.org\/{rel}","templated":true}]}}