{"id":29709,"date":"2017-10-25T10:58:12","date_gmt":"2017-10-25T14:58:12","guid":{"rendered":"https:\/\/cbieca.wpenginepowered.com\/?page_id=29709"},"modified":"2022-06-08T17:05:15","modified_gmt":"2022-06-08T21:05:15","slug":"leap","status":"publish","type":"page","link":"https:\/\/cbie.ca\/fr\/notre-travail\/programmes-actuels\/leap\/","title":{"rendered":"PROGRAMME DE R\u00c9USSITE \u00c9CONOMIQUE POUR LES FEMMES DE JORDANIE"},"content":{"rendered":"<div class=\"wpb-content-wrapper\"><p>[vc_row type=\u00a0\u00bbfull_width_section\u00a0\u00bb bg_color=\u00a0\u00bb#ffc72c\u00a0\u00bb][vc_column width=\u00a0\u00bb1\/1&Prime;]<div class=\"spacer\" style=\"height: 2px;\"><\/div>[\/vc_column][\/vc_row][vc_row type=\u00a0\u00bbfull_width_section\u00a0\u00bb text_color=\u00a0\u00bblight\u00a0\u00bb][vc_column bg_color=\u00a0\u00bb#01426a\u00a0\u00bb column_padding=\u00a0\u00bbpadding-3&Prime; text_color=\u00a0\u00bblight\u00a0\u00bb width=\u00a0\u00bb1\/2&Prime;][vc_column_text]<\/p>\n<h3>Le programme<\/h3>\n<p>Le programme LEAP de r\u00e9ussite \u00e9conomique pour les femmes de Jordanie facilite l\u2019autonomisation \u00e9conomique des femmes gr\u00e2ce \u00e0 des programmes cherchant \u00e0 abaisser le taux de ch\u00f4mage trop \u00e9lev\u00e9 chez les Jordaniennes et \u00e0 am\u00e9liorer l&rsquo;environnement et la culture favorables \u00e0 l&rsquo;entreprenariat et \u00e0 la participation des femmes sur le march\u00e9 du travail.<\/p>\n<p>Ce programme est financ\u00e9 par Affaires mondiales Canada (AMC) et g\u00e9r\u00e9 par le Bureau canadien de l\u2019\u00e9ducation internationale (BCEI) en tant qu\u2019agence d\u2019ex\u00e9cution canadienne, en partenariat avec\u00a0la <a href=\"http:\/\/www.ryerson.ca\/index.html\/\" target=\"_blank\" rel=\"noopener\">Ryerson University<\/a>\u00a0et\u00a0<a href=\"http:\/\/injaz.org.jo\/\" target=\"_blank\" rel=\"noopener noreferrer\">INJAZ<\/a>.[\/vc_column_text][\/vc_column][vc_column bg_color=\u00a0\u00bb#01426a\u00a0\u00bb bg_image=\u00a0\u00bb31660&Prime; column_center=\u00a0\u00bbtrue\u00a0\u00bb text_color=\u00a0\u00bblight\u00a0\u00bb width=\u00a0\u00bb1\/2&Prime;]<div class=\"spacer\" style=\"height: 500px;\"><\/div>[\/vc_column][\/vc_row][vc_row type=\u00a0\u00bbfull_width_section\u00a0\u00bb bg_color=\u00a0\u00bb#01426a\u00a0\u00bb text_color=\u00a0\u00bblight\u00a0\u00bb][vc_column bg_color=\u00a0\u00bb#01426a\u00a0\u00bb bg_image=\u00a0\u00bb29650&Prime; text_color=\u00a0\u00bblight\u00a0\u00bb width=\u00a0\u00bb1\/2&Prime;]<div class=\"spacer\" style=\"height: 500px;\"><\/div>[\/vc_column][vc_column bg_color=\u00a0\u00bb#00263e\u00a0\u00bb column_padding=\u00a0\u00bbpadding-3&Prime; column_center=\u00a0\u00bbtrue\u00a0\u00bb text_color=\u00a0\u00bblight\u00a0\u00bb width=\u00a0\u00bb1\/2&Prime;][vc_column_text]<\/p>\n<h5 style=\"color: #ffc72c !important;\">L\u2019objectif du programme est d\u2019accro\u00eetre l\u2019autonomisation des femmes pour une croissance \u00e9conomique durable.<\/h5>\n<p>Les r\u00e9sultats interm\u00e9diaires du programme comprennent :[\/vc_column_text]<div class=\"spacer\" style=\"height: 15px;\"><\/div><div class=\"minti_list wpb_content_element color-accent plus show_separator\" style=\"padding-left: 40px;\">\n<ul>\n<li>Une plus grande productivit\u00e9 et davantage d\u2019opportunit\u00e9s d\u2019emploi g\u00e9n\u00e9r\u00e9es par les femmes chefs d\u2019entreprise<\/li>\n<li>La reduction des obstacles sexosp\u00e9cifiques \u00e0 l&rsquo;entreprenariat f\u00e9minin et \u00e0 l&rsquo;entr\u00e9e et au maintien des femmes sur le march\u00e9 du travail<\/li>\n<\/ul>\n<\/div><div class=\"spacer\" style=\"height: 30px;\"><\/div>[vc_column_text]Le programme a trois grandes composantes d\u2019activit\u00e9s\u00a0:[\/vc_column_text]<div class=\"spacer\" style=\"height: 15px;\"><\/div><div class=\"minti_list wpb_content_element color-accent plus show_separator\" style=\"padding-left: 40px;\">\n<ul>\n<li>\u00c9tablissement et exploitation d\u2019un incubateur d\u2019entreprise se concentrant sur les \u00e9quipes dirig\u00e9es par les femmes;<\/li>\n<li>Cr\u00e9ation, enrichissement et mise en oeuvre d\u2019un cursus et d\u2019initiatives sur la cr\u00e9ation d\u2019entreprise par les femmes dans les \u00e9coles et universit\u00e9s de Jordanie;<\/li>\n<li>Une campagne de renforcement des capacit\u00e9s des parties prenantes.<\/li>\n<\/ul>\n<\/div><div class=\"spacer\" style=\"height: 30px;\"><\/div>[vc_column_text]Les trois composantes du programme sont interd\u00e9pendantes et se renforcent mutuellement, puisqu\u2019elles visent \u00e0 encourager un milieu culturel et institutionnel soutenant les femmes chefs d\u2019entreprise. Ce programme guide les participants de l\u2019\u00e9cole secondaire au syst\u00e8me universitaire, jusqu\u2019\u00e0 leur incubation d\u2019entreprise en d\u00e9marrage et p\u00e9riode d\u2019acc\u00e9l\u00e9ration pour terminer dans le monde des affaires.[\/vc_column_text][\/vc_column][\/vc_row][vc_row type=\u00a0\u00bbfull_width_section\u00a0\u00bb bg_color=\u00a0\u00bb#ffc72c\u00a0\u00bb][vc_column width=\u00a0\u00bb1\/1&Prime;]<div class=\"spacer\" style=\"height: 2px;\"><\/div>[\/vc_column][\/vc_row][vc_row type=\u00a0\u00bbfull_width_section\u00a0\u00bb text_color=\u00a0\u00bblight\u00a0\u00bb][vc_column bg_color=\u00a0\u00bb#01426a\u00a0\u00bb column_padding=\u00a0\u00bbpadding-3&Prime; text_color=\u00a0\u00bblight\u00a0\u00bb width=\u00a0\u00bb1\/2&Prime;][vc_column_text]<\/p>\n<h3>Dans le blogue<\/h3>\n<p>[\/vc_column_text]<div class=\"spacer\" style=\"height: 30px;\"><\/div><div class=\"blog-shortcode blog-page blog-large\"><div class=\"blog-wrap\"><div id=\"post-37693\" class=\"post-wrap clearfix post-37693 post type-post status-publish format-standard has-post-thumbnail hentry category-blogue category-leap-fr category-sans-frontieres\">\n    \n    <div class=\"post-time\">\n        <span class=\"month\">Mar<\/span>\n        <span class=\"day\">06<\/span>\n    <\/div>\n\n    <article>\n        \n                                <div class=\"entry-image\">\n                                    <a href=\"https:\/\/cbie.ca\/fr\/questions-reponses-avec-des-jordaniennes-chef-dentreprise\/\" title=\"Permalink to Questions\/r\u00e9ponses avec des Jordaniennes chef d\u2019entreprise\" rel=\"bookmark\">\n                        <img loading=\"lazy\" decoding=\"async\" width=\"1000\" height=\"563\" src=\"https:\/\/cbie.ca\/wp-content\/uploads\/2019\/03\/LEAP-IWD2019-1000x563.jpg\" class=\"attachment-blog size-blog wp-post-image\" alt=\"Jordanian women entrepreneurs\" srcset=\"https:\/\/cbie.ca\/wp-content\/uploads\/2019\/03\/LEAP-IWD2019-1000x563.jpg 1000w, https:\/\/cbie.ca\/wp-content\/uploads\/2019\/03\/LEAP-IWD2019-300x168.jpg 300w, https:\/\/cbie.ca\/wp-content\/uploads\/2019\/03\/LEAP-IWD2019-768x431.jpg 768w\" sizes=\"auto, (max-width: 1000px) 100vw, 1000px\" \/>                    <\/a>\n                            <\/div>\n                            \n        <div class=\"entry-wrap\">\n\n            <div class=\"entry-title\">\n                                    <h2><a href=\"https:\/\/cbie.ca\/fr\/questions-reponses-avec-des-jordaniennes-chef-dentreprise\/\" title=\"Permalink to Questions\/r\u00e9ponses avec des Jordaniennes chef d\u2019entreprise\" rel=\"bookmark\">Questions\/r\u00e9ponses avec des Jordaniennes chef d\u2019entreprise<\/a><\/h2>\n                            <\/div>\n\n            \n            <div class=\"entry-content\">\n                                    [vc_row][vc_column][vc_column_text]Gr\u00e2ce au projet LEAP, le BCEI et ses partenaires, la Ryerson University et INJAZ, travaillent \u00e0 soutenir l\u2019autonomisation \u00e9conomique des Jordaniennes. L\u2019un des aspects de notre projet concerne la cr\u00e9ation et l\u2019exploitation d\u2019un programme d\u2019incubation exclusivement pour les entreprises en d\u00e9marrage dirig\u00e9es par des femmes, h\u00e9berg\u00e9 dans l\u2019espace d\u2019incubation mySTARTUP... <a class=\"read-more-link\" href=\"https:\/\/cbie.ca\/fr\/questions-reponses-avec-des-jordaniennes-chef-dentreprise\/\">Lire la suite  &rarr;<\/a>                            <\/div>\n            \n                        <div class=\"entry-meta\">\n                <ul>\n\t\t\n\t\t<li class=\"meta-date\">6 mars 2019<\/li>\n\t\t\t\t<li class=\"meta-author\"><a href=\"https:\/\/cbie.ca\/fr\/author\/mpayne\/\" title=\"View all posts by Melissa Payne\">Melissa Payne<\/a><\/li>\n\t\t\t\t\t\t\t<li class=\"meta-category\"><a href=\"https:\/\/cbie.ca\/fr\/category\/blogue\/\" rel=\"category tag\">Blogue<\/a>, <a href=\"https:\/\/cbie.ca\/fr\/category\/blogue\/sans-frontieres\/leap-fr\/\" rel=\"category tag\">LEAP<\/a>, <a href=\"https:\/\/cbie.ca\/fr\/category\/blogue\/sans-frontieres\/\" rel=\"category tag\">Sans fronti\u00e8res<\/a><\/li>\n\t\t\t\t\t<\/ul>\n            <\/div>\n            \n        <\/div>\n\n    <\/article><!-- #post -->\n\n<\/div><\/div><\/div>[\/vc_column][vc_column bg_color=\u00a0\u00bb#01426a\u00a0\u00bb bg_image=\u00a0\u00bb31647&Prime; column_center=\u00a0\u00bbtrue\u00a0\u00bb text_color=\u00a0\u00bblight\u00a0\u00bb width=\u00a0\u00bb1\/2&Prime;]<div class=\"spacer\" style=\"height: 500px;\"><\/div>[\/vc_column][\/vc_row][vc_row type=\u00a0\u00bbfull_width_section\u00a0\u00bb bg_color=\u00a0\u00bb#ffc72c\u00a0\u00bb][vc_column width=\u00a0\u00bb1\/1&Prime;]<div class=\"spacer\" style=\"height: 2px;\"><\/div>[\/vc_column][\/vc_row][vc_row type=\u00a0\u00bbfull_width_section\u00a0\u00bb text_color=\u00a0\u00bbcustom\u00a0\u00bb custom_text_color=\u00a0\u00bb#ffffff\u00a0\u00bb][vc_column bg_color=\u00a0\u00bb#007096&Prime; column_padding=\u00a0\u00bbpadding-3&Prime; text_color=\u00a0\u00bbcustom\u00a0\u00bb custom_text_color=\u00a0\u00bb#ffffff\u00a0\u00bb width=\u00a0\u00bb1\/2&Prime;][vc_column_text]<\/p>\n<h5>Contact :<\/h5>\n<p>220, avenue Laurier Ouest, bureau 1550, Ottawa, Ontario K1P 5Z9<br \/>\nT\u00e9l\u00e9phone +1+613-237-4820 | T\u00e9l\u00e9copieur +1+613-237-1073[\/vc_column_text]<div class=\"spacer\" style=\"height: 15px;\"><\/div><a href=\"http:\/\/AChristensen@cbie.ca\" target=\"_blank\" class=\"button yellow medium \" style=\"border-radius: 2px;\">COURRIEL<\/a><div class=\"spacer\" style=\"height: 30px;\"><\/div>[vc_column_text]<\/p>\n<h5>Merci \u00e0 nos partenaires de consortium :<\/h5>\n<p>[\/vc_column_text]<div class=\"spacer\" style=\"height: 15px;\"><\/div><div class=\"single_image wpb_content_element align-left  image_box_border  \" data-animation=\"none\" data-delay=\"0\"><img decoding=\"async\" class=\"\" src=\"https:\/\/cbie.ca\/wp-content\/uploads\/2017\/10\/LEAP-partners-500x157.jpg\" width=\"500\" height=\"157\" alt=\"LEAP-partners\" title=\"LEAP-partners\" loading=\"lazy\" \/><\/div><div class=\"spacer\" style=\"height: 30px;\"><\/div>[vc_column_text]<em>Financ\u00e9 par :<br \/>\n<\/em>[\/vc_column_text]<div class=\"spacer\" style=\"height: 15px;\"><\/div><div class=\"single_image wpb_content_element align-left    \" data-animation=\"none\" data-delay=\"0\"><img decoding=\"async\" class=\"\" src=\"https:\/\/cbie.ca\/wp-content\/uploads\/2017\/05\/GAC-1.png\" width=\"400\" height=\"42\" alt=\"GAC\" title=\"GAC\" loading=\"lazy\" srcset=\"https:\/\/cbie.ca\/wp-content\/uploads\/2017\/05\/GAC-1.png 400w, https:\/\/cbie.ca\/wp-content\/uploads\/2017\/05\/GAC-1-300x32.png 300w\" sizes=\"auto, (max-width: 400px) 100vw, 400px\" \/><\/div>[\/vc_column][vc_column bg_color=\u00a0\u00bb#01426a\u00a0\u00bb bg_image=\u00a0\u00bb29676&Prime; column_center=\u00a0\u00bbtrue\u00a0\u00bb text_color=\u00a0\u00bblight\u00a0\u00bb width=\u00a0\u00bb1\/2&Prime;]<div class=\"spacer\" style=\"height: 500px;\"><\/div>[\/vc_column][\/vc_row]<\/p>\n<\/div>","protected":false},"excerpt":{"rendered":"<p>[vc_row type=\u00a0\u00bbfull_width_section\u00a0\u00bb bg_color=\u00a0\u00bb#ffc72c\u00a0\u00bb][vc_column width=\u00a0\u00bb1\/1&Prime;][\/vc_column][\/vc_row][vc_row type=\u00a0\u00bbfull_width_section\u00a0\u00bb text_color=\u00a0\u00bblight\u00a0\u00bb][vc_column bg_color=\u00a0\u00bb#01426a\u00a0\u00bb column_padding=\u00a0\u00bbpadding-3&Prime; text_color=\u00a0\u00bblight\u00a0\u00bb width=\u00a0\u00bb1\/2&Prime;][vc_column_text] Le programme Le programme LEAP de r\u00e9ussite \u00e9conomique pour les femmes de Jordanie facilite l\u2019autonomisation \u00e9conomique des femmes gr\u00e2ce \u00e0 [&hellip;]<\/p>\n","protected":false},"author":2,"featured_media":0,"parent":17122,"menu_order":0,"comment_status":"closed","ping_status":"closed","template":"","meta":{"_acf_changed":false,"footnotes":""},"class_list":["post-29709","page","type-page","status-publish","hentry"],"acf":[],"yoast_head":"<!-- This site is optimized with the Yoast SEO plugin v27.5 - https:\/\/yoast.com\/product\/yoast-seo-wordpress\/ -->\n<title>PROGRAMME DE R\u00c9USSITE \u00c9CONOMIQUE POUR LES FEMMES DE JORDANIE - CBIE<\/title>\n<meta name=\"robots\" content=\"index, follow, max-snippet:-1, max-image-preview:large, max-video-preview:-1\" \/>\n<link rel=\"canonical\" href=\"https:\/\/cbie.ca\/fr\/notre-travail\/programmes-actuels\/leap\/\" \/>\n<meta property=\"og:locale\" content=\"fr_FR\" \/>\n<meta property=\"og:type\" content=\"article\" \/>\n<meta property=\"og:title\" content=\"PROGRAMME DE R\u00c9USSITE \u00c9CONOMIQUE POUR LES FEMMES DE JORDANIE - CBIE\" \/>\n<meta property=\"og:description\" content=\"[vc_row type=\u00a0\u00bbfull_width_section\u00a0\u00bb bg_color=\u00a0\u00bb#ffc72c\u00a0\u00bb][vc_column width=\u00a0\u00bb1\/1&Prime;][\/vc_column][\/vc_row][vc_row type=\u00a0\u00bbfull_width_section\u00a0\u00bb text_color=\u00a0\u00bblight\u00a0\u00bb][vc_column bg_color=\u00a0\u00bb#01426a\u00a0\u00bb column_padding=\u00a0\u00bbpadding-3&Prime; text_color=\u00a0\u00bblight\u00a0\u00bb width=\u00a0\u00bb1\/2&Prime;][vc_column_text] Le programme Le programme LEAP de r\u00e9ussite \u00e9conomique pour les femmes de Jordanie facilite l\u2019autonomisation \u00e9conomique des femmes gr\u00e2ce \u00e0 [&hellip;]\" \/>\n<meta property=\"og:url\" content=\"https:\/\/cbie.ca\/fr\/notre-travail\/programmes-actuels\/leap\/\" \/>\n<meta property=\"og:site_name\" content=\"CBIE\" \/>\n<meta property=\"article:modified_time\" content=\"2022-06-08T21:05:15+00:00\" \/>\n<meta property=\"og:image\" content=\"https:\/\/cbie.ca\/wp-content\/uploads\/2024\/01\/CBIE-Announcement-EN.png\" \/>\n\t<meta property=\"og:image:width\" content=\"1600\" \/>\n\t<meta property=\"og:image:height\" content=\"900\" \/>\n\t<meta property=\"og:image:type\" content=\"image\/png\" \/>\n<meta name=\"twitter:card\" content=\"summary_large_image\" \/>\n<meta name=\"twitter:label1\" content=\"Dur\u00e9e de lecture estim\u00e9e\" \/>\n\t<meta name=\"twitter:data1\" content=\"4 minutes\" \/>\n<script type=\"application\/ld+json\" class=\"yoast-schema-graph\">{\"@context\":\"https:\\\/\\\/schema.org\",\"@graph\":[{\"@type\":\"WebPage\",\"@id\":\"https:\\\/\\\/cbie.ca\\\/fr\\\/notre-travail\\\/programmes-actuels\\\/leap\\\/\",\"url\":\"https:\\\/\\\/cbie.ca\\\/fr\\\/notre-travail\\\/programmes-actuels\\\/leap\\\/\",\"name\":\"PROGRAMME DE R\u00c9USSITE \u00c9CONOMIQUE POUR LES FEMMES DE JORDANIE - CBIE\",\"isPartOf\":{\"@id\":\"https:\\\/\\\/cbie.ca\\\/#website\"},\"datePublished\":\"2017-10-25T14:58:12+00:00\",\"dateModified\":\"2022-06-08T21:05:15+00:00\",\"breadcrumb\":{\"@id\":\"https:\\\/\\\/cbie.ca\\\/fr\\\/notre-travail\\\/programmes-actuels\\\/leap\\\/#breadcrumb\"},\"inLanguage\":\"fr-FR\",\"potentialAction\":[{\"@type\":\"ReadAction\",\"target\":[\"https:\\\/\\\/cbie.ca\\\/fr\\\/notre-travail\\\/programmes-actuels\\\/leap\\\/\"]}]},{\"@type\":\"BreadcrumbList\",\"@id\":\"https:\\\/\\\/cbie.ca\\\/fr\\\/notre-travail\\\/programmes-actuels\\\/leap\\\/#breadcrumb\",\"itemListElement\":[{\"@type\":\"ListItem\",\"position\":1,\"name\":\"Home\",\"item\":\"https:\\\/\\\/cbie.ca\\\/fr\\\/\"},{\"@type\":\"ListItem\",\"position\":2,\"name\":\"Activit\u00e9s internationales\",\"item\":\"https:\\\/\\\/cbie.ca\\\/what-we-do\\\/\"},{\"@type\":\"ListItem\",\"position\":3,\"name\":\"Programmes actuels\",\"item\":\"https:\\\/\\\/cbie.ca\\\/fr\\\/notre-travail\\\/programmes-actuels\\\/\"},{\"@type\":\"ListItem\",\"position\":4,\"name\":\"PROGRAMME DE R\u00c9USSITE \u00c9CONOMIQUE POUR LES FEMMES DE JORDANIE\"}]},{\"@type\":\"WebSite\",\"@id\":\"https:\\\/\\\/cbie.ca\\\/#website\",\"url\":\"https:\\\/\\\/cbie.ca\\\/\",\"name\":\"Canadian Bureau for International Education\",\"description\":\"\",\"potentialAction\":[{\"@type\":\"SearchAction\",\"target\":{\"@type\":\"EntryPoint\",\"urlTemplate\":\"https:\\\/\\\/cbie.ca\\\/?s={search_term_string}\"},\"query-input\":{\"@type\":\"PropertyValueSpecification\",\"valueRequired\":true,\"valueName\":\"search_term_string\"}}],\"inLanguage\":\"fr-FR\"}]}<\/script>\n<!-- \/ Yoast SEO plugin. -->","yoast_head_json":{"title":"PROGRAMME DE R\u00c9USSITE \u00c9CONOMIQUE POUR LES FEMMES DE JORDANIE - CBIE","robots":{"index":"index","follow":"follow","max-snippet":"max-snippet:-1","max-image-preview":"max-image-preview:large","max-video-preview":"max-video-preview:-1"},"canonical":"https:\/\/cbie.ca\/fr\/notre-travail\/programmes-actuels\/leap\/","og_locale":"fr_FR","og_type":"article","og_title":"PROGRAMME DE R\u00c9USSITE \u00c9CONOMIQUE POUR LES FEMMES DE JORDANIE - CBIE","og_description":"[vc_row type=\u00a0\u00bbfull_width_section\u00a0\u00bb bg_color=\u00a0\u00bb#ffc72c\u00a0\u00bb][vc_column width=\u00a0\u00bb1\/1&Prime;][\/vc_column][\/vc_row][vc_row type=\u00a0\u00bbfull_width_section\u00a0\u00bb text_color=\u00a0\u00bblight\u00a0\u00bb][vc_column bg_color=\u00a0\u00bb#01426a\u00a0\u00bb column_padding=\u00a0\u00bbpadding-3&Prime; text_color=\u00a0\u00bblight\u00a0\u00bb width=\u00a0\u00bb1\/2&Prime;][vc_column_text] Le programme Le programme LEAP de r\u00e9ussite \u00e9conomique pour les femmes de Jordanie facilite l\u2019autonomisation \u00e9conomique des femmes gr\u00e2ce \u00e0 [&hellip;]","og_url":"https:\/\/cbie.ca\/fr\/notre-travail\/programmes-actuels\/leap\/","og_site_name":"CBIE","article_modified_time":"2022-06-08T21:05:15+00:00","og_image":[{"width":1600,"height":900,"url":"https:\/\/cbie.ca\/wp-content\/uploads\/2024\/01\/CBIE-Announcement-EN.png","type":"image\/png"}],"twitter_card":"summary_large_image","twitter_misc":{"Dur\u00e9e de lecture estim\u00e9e":"4 minutes"},"schema":{"@context":"https:\/\/schema.org","@graph":[{"@type":"WebPage","@id":"https:\/\/cbie.ca\/fr\/notre-travail\/programmes-actuels\/leap\/","url":"https:\/\/cbie.ca\/fr\/notre-travail\/programmes-actuels\/leap\/","name":"PROGRAMME DE R\u00c9USSITE \u00c9CONOMIQUE POUR LES FEMMES DE JORDANIE - CBIE","isPartOf":{"@id":"https:\/\/cbie.ca\/#website"},"datePublished":"2017-10-25T14:58:12+00:00","dateModified":"2022-06-08T21:05:15+00:00","breadcrumb":{"@id":"https:\/\/cbie.ca\/fr\/notre-travail\/programmes-actuels\/leap\/#breadcrumb"},"inLanguage":"fr-FR","potentialAction":[{"@type":"ReadAction","target":["https:\/\/cbie.ca\/fr\/notre-travail\/programmes-actuels\/leap\/"]}]},{"@type":"BreadcrumbList","@id":"https:\/\/cbie.ca\/fr\/notre-travail\/programmes-actuels\/leap\/#breadcrumb","itemListElement":[{"@type":"ListItem","position":1,"name":"Home","item":"https:\/\/cbie.ca\/fr\/"},{"@type":"ListItem","position":2,"name":"Activit\u00e9s internationales","item":"https:\/\/cbie.ca\/what-we-do\/"},{"@type":"ListItem","position":3,"name":"Programmes actuels","item":"https:\/\/cbie.ca\/fr\/notre-travail\/programmes-actuels\/"},{"@type":"ListItem","position":4,"name":"PROGRAMME DE R\u00c9USSITE \u00c9CONOMIQUE POUR LES FEMMES DE JORDANIE"}]},{"@type":"WebSite","@id":"https:\/\/cbie.ca\/#website","url":"https:\/\/cbie.ca\/","name":"Canadian Bureau for International Education","description":"","potentialAction":[{"@type":"SearchAction","target":{"@type":"EntryPoint","urlTemplate":"https:\/\/cbie.ca\/?s={search_term_string}"},"query-input":{"@type":"PropertyValueSpecification","valueRequired":true,"valueName":"search_term_string"}}],"inLanguage":"fr-FR"}]}},"_links":{"self":[{"href":"https:\/\/cbie.ca\/fr\/wp-json\/wp\/v2\/pages\/29709","targetHints":{"allow":["GET"]}}],"collection":[{"href":"https:\/\/cbie.ca\/fr\/wp-json\/wp\/v2\/pages"}],"about":[{"href":"https:\/\/cbie.ca\/fr\/wp-json\/wp\/v2\/types\/page"}],"author":[{"embeddable":true,"href":"https:\/\/cbie.ca\/fr\/wp-json\/wp\/v2\/users\/2"}],"replies":[{"embeddable":true,"href":"https:\/\/cbie.ca\/fr\/wp-json\/wp\/v2\/comments?post=29709"}],"version-history":[{"count":0,"href":"https:\/\/cbie.ca\/fr\/wp-json\/wp\/v2\/pages\/29709\/revisions"}],"up":[{"embeddable":true,"href":"https:\/\/cbie.ca\/fr\/wp-json\/wp\/v2\/pages\/17122"}],"wp:attachment":[{"href":"https:\/\/cbie.ca\/fr\/wp-json\/wp\/v2\/media?parent=29709"}],"curies":[{"name":"wp","href":"https:\/\/api.w.org\/{rel}","templated":true}]}}