{"id":24508,"date":"2016-12-07T14:29:40","date_gmt":"2016-12-07T19:29:40","guid":{"rendered":"https:\/\/cbieca.wpenginepowered.com\/?page_id=24508&#038;lang=fr"},"modified":"2019-03-05T10:37:42","modified_gmt":"2019-03-05T15:37:42","slug":"etudes-a-letranger","status":"publish","type":"page","link":"https:\/\/cbie.ca\/fr\/notre-reseau\/centre-etudiant\/etudes-a-letranger\/","title":{"rendered":"\u00c9tudes \u00e0 l\u2019\u00e9tranger"},"content":{"rendered":"<div class=\"wpb-content-wrapper\"><p>[vc_row bg_image=\u00a0\u00bb35610&Prime;][vc_column column_padding=\u00a0\u00bbpadding-3&Prime; text_align=\u00a0\u00bbcenter\u00a0\u00bb width=\u00a0\u00bb1\/1&Prime;]<div class=\"spacer\" style=\"height: 40px;\"><\/div>[vc_column_text]<\/p>\n<h1 style=\"text-align: center; color: #ffffff; text-transform: uppercase;\"><strong>\u00e9tudes \u00e0 l\u2019\u00e9tranger<\/strong><\/h1>\n<p>[\/vc_column_text]<div class=\"spacer\" style=\"height: 40px;\"><\/div><a href=\"https:\/\/cbie.ca\/fr\/notre-reseau\/centre-etudiant\/\" target=\"_self\" class=\"button color-7 large \" style=\"border-radius: 2px;\"> Centre \u00c9tudiant<\/a><a href=\"https:\/\/cbie.ca\/fr\/notre-reseau\/centre-etudiant\/etudes-a-letranger\/\" target=\"_self\" class=\"button color-3 large \" style=\"border-radius: 2px;\">\u00e9tudes \u00e0 l\u2019\u00e9tranger<\/a><a href=\"https:\/\/cbie.ca\/fr\/notre-reseau\/centre-etudiant\/etudes-au-canada\/\" target=\"_self\" class=\"button color-7 large \" style=\"border-radius: 2px;\">\u00c9tudes au Canada<\/a>[\/vc_column][\/vc_row][vc_row type=\u00a0\u00bbfull_width_section\u00a0\u00bb text_align=\u00a0\u00bbcenter\u00a0\u00bb][vc_column column_padding=\u00a0\u00bbpadding-3&Prime; column_center=\u00a0\u00bbtrue\u00a0\u00bb text_align=\u00a0\u00bbcenter\u00a0\u00bb width=\u00a0\u00bb1\/1&Prime;][vc_column_text]<\/p>\n<h5 style=\"text-align: center; color: #006e96;\">Le Bureau canadien de l&rsquo;\u00e9ducation internationale (BCEI) g\u00e8re et administre les bourses parrain\u00e9es au Canada et parrain\u00e9es dans d&rsquo;autres pays, au nom de minist\u00e8res canadiens, de partenaires en \u00e9ducation et de gouvernements \u00e9trangers.<\/h5>\n<p>[\/vc_column_text]<div class=\"spacer\" style=\"height: 40px;\"><\/div><a href=\"https:\/\/cbie.ca\/fr\/notre-reseau\/centre-etudiant\/\" target=\"_self\" class=\"button color-1 small btn-blue\" style=\"border-radius: 2px;\"> Bourses en vedette<\/a>[\/vc_column][\/vc_row][vc_row type=\u00a0\u00bbfull_width_section\u00a0\u00bb bg_color=\u00a0\u00bb#00263e\u00a0\u00bb][vc_column bg_color=\u00a0\u00bb#e1e1e1&Prime; column_padding=\u00a0\u00bbpadding-3&Prime; column_center=\u00a0\u00bbtrue\u00a0\u00bb width=\u00a0\u00bb1\/2&Prime;][vc_column_text]<\/p>\n<h6 style=\"color: #01426a;\">Avez-vous \u00e9tudi\u00e9 \u00e0 l\u2019\u00e9tranger ?<\/h6>\n<p>[\/vc_column_text]<div class=\"spacer\" style=\"height: 20px;\"><\/div>[vc_column_text]<strong><span lang=\"EN-CA\">Faites partie de la <a href=\"https:\/\/www.linkedin.com\/groups\/8600497\" target=\"_blank\" rel=\"noopener noreferrer\">Communaut\u00e9 canadienne des anciens \u00e9tudiants \u00e0 l\u2019\u00e9tranger (CCAEE)<\/a><\/span><\/strong>[\/vc_column_text]<div class=\"spacer\" style=\"height: 30px;\"><\/div><a href=\"https:\/\/www.linkedin.com\/groups\/8600497\" target=\"_blank\" class=\"button color-2 medium \" style=\"border-radius: 2px;\">En savoir plus<\/a>[\/vc_column][vc_column bg_color=\u00a0\u00bb#f1f1f1&Prime; column_padding=\u00a0\u00bbpadding-3&Prime; width=\u00a0\u00bb1\/2&Prime;][vc_column_text]<\/p>\n<h6 style=\"color: #01426a;\">Bourses en vedette<\/h6>\n<p>[\/vc_column_text]<div class=\"spacer\" style=\"height: 20px;\"><\/div>[vc_column_text]<strong>Le Bureau canadien de l\u2019\u00e9ducation internationale (BCEI) g\u00e8re et administre les bourses parrain\u00e9es au Canada et parrain\u00e9es dans d\u2019autres pays, au nom de minist\u00e8res canadiens, de partenaires en \u00e9ducation et de gouvernements \u00e9trangers.<\/strong>[\/vc_column_text]<div class=\"spacer\" style=\"height: 30px;\"><\/div><a href=\"https:\/\/cbie.ca\/fr\/notre-reseau\/centre-etudiant\/\" target=\"_self\" class=\"button color-2 medium \" style=\"border-radius: 2px;\">Bourses en vedette<\/a>[\/vc_column][\/vc_row][vc_row type=\u00a0\u00bbfull_width_section\u00a0\u00bb text_align=\u00a0\u00bbcenter\u00a0\u00bb][vc_column column_padding=\u00a0\u00bbpadding-3&Prime; column_center=\u00a0\u00bbtrue\u00a0\u00bb width=\u00a0\u00bb1\/1&Prime;][vc_column_text]<\/p>\n<h3 style=\"text-align: center;\">Faits et chiffres<\/h3>\n<h5 style=\"text-align: center;\">Pour qu\u2019#Apprendre\u00e0l\u00e9tranger ne soit plus un r\u00eave pour une masse critique d\u2019\u00e9tudiants canadiens, il faut insuffler un changement de culture.<\/h5>\n<p>[\/vc_column_text][\/vc_column][\/vc_row][vc_row type=\u00a0\u00bbfull_width_section\u00a0\u00bb text_color=\u00a0\u00bblight\u00a0\u00bb text_align=\u00a0\u00bbcenter\u00a0\u00bb equal_height=\u00a0\u00bbyes\u00a0\u00bb][vc_column bg_image=\u00a0\u00bb24464&Prime; column_center=\u00a0\u00bbtrue\u00a0\u00bb width=\u00a0\u00bb1\/4&Prime;]<div class=\"spacer\" style=\"height: 302px;\"><\/div>[\/vc_column][vc_column bg_color=\u00a0\u00bb#01426a\u00a0\u00bb column_padding=\u00a0\u00bbpadding-3&Prime; width=\u00a0\u00bb1\/4&Prime;][vc_column_text]<\/p>\n<p style=\"text-align: center;\"><strong>Les dirigeants politiques et commerciaux du Canada peuvent rev\u00eatir un r\u00f4le tout \u00e0 fait particulier au moment de promouvoir le fait d\u2019#Apprendre\u00e0l\u00e9tranger avec les \u00e9tablissements<\/strong><\/p>\n<p>[\/vc_column_text][\/vc_column][vc_column bg_color=\u00a0\u00bb#ffc72c\u00a0\u00bb bg_image=\u00a0\u00bb24877&Prime; width=\u00a0\u00bb1\/4&Prime;][\/vc_column][vc_column bg_color=\u00a0\u00bb#0199b1&Prime; column_padding=\u00a0\u00bbpadding-3&Prime; width=\u00a0\u00bb1\/4&Prime;][vc_column_text]<\/p>\n<p style=\"text-align: center;\"><strong>9 Canadiens sur 10 ayant \u00e9t\u00e9 \u00e0 l\u2019\u00e9tranger disent que leur exp\u00e9rience a contribu\u00e9 \u00e0 leurs r\u00e9ussites professionnelles<\/strong><\/p>\n<p>[\/vc_column_text][\/vc_column][\/vc_row][vc_row type=\u00a0\u00bbfull_width_section\u00a0\u00bb text_color=\u00a0\u00bblight\u00a0\u00bb text_align=\u00a0\u00bbcenter\u00a0\u00bb equal_height=\u00a0\u00bbyes\u00a0\u00bb][vc_column bg_color=\u00a0\u00bb#007096&Prime; column_padding=\u00a0\u00bbpadding-3&Prime; width=\u00a0\u00bb1\/4&Prime;][vc_column_text]<\/p>\n<p style=\"text-align: center;\"><strong>85 % des Canadiens qui sont all\u00e9s \u00e0 l\u2019\u00e9tranger conviennent que leur exp\u00e9rience les a fait se d\u00e9couvrir et mieux se conna\u00eetre<\/strong><\/p>\n<p>[\/vc_column_text][\/vc_column][vc_column bg_image=\u00a0\u00bb24470&Prime; column_center=\u00a0\u00bbtrue\u00a0\u00bb width=\u00a0\u00bb1\/4&Prime;]<div class=\"spacer\" style=\"height: 302px;\"><\/div>[\/vc_column][vc_column bg_color=\u00a0\u00bb#00263d\u00a0\u00bb column_padding=\u00a0\u00bbpadding-3&Prime; width=\u00a0\u00bb1\/4&Prime;][vc_column_text]<\/p>\n<p style=\"text-align: center;\"><strong>Le Canada peut se tourner vers les programmes d\u2019\u00e9tudes \u00e0 l\u2019\u00e9tranger de par le monde pour former la citoyennet\u00e9 du monde parmi les jeunes leaders <\/strong><\/p>\n<p>[\/vc_column_text][\/vc_column][vc_column bg_image=\u00a0\u00bb24571&Prime; column_center=\u00a0\u00bbtrue\u00a0\u00bb width=\u00a0\u00bb1\/4&Prime;]<div class=\"spacer\" style=\"height: 150px;\"><\/div>[\/vc_column][\/vc_row][vc_row bg_color=\u00a0\u00bb#f2f2f2&Prime; text_align=\u00a0\u00bbcenter\u00a0\u00bb][vc_column column_center=\u00a0\u00bbtrue\u00a0\u00bb width=\u00a0\u00bb1\/1&Prime;]<div class=\"spacer\" style=\"height: 50px;\"><\/div>[vc_column_text]<\/p>\n<h3 style=\"text-align: center;\">En savoir plus<\/h3>\n<p>[\/vc_column_text][\/vc_column][\/vc_row][vc_row bg_color=\u00a0\u00bb#f2f2f2&Prime; text_align=\u00a0\u00bbcenter\u00a0\u00bb][vc_column column_padding=\u00a0\u00bbpadding-3&Prime; text_align=\u00a0\u00bbcenter\u00a0\u00bb width=\u00a0\u00bb1\/3&Prime;]<div class=\"single_image wpb_content_element align-center  image_box_border image_greyscale \" data-animation=\"none\" data-delay=\"0\"><a href=\"https:\/\/cbie.ca\/fr\/5-facons-de-surmonter-les-obstacles-vous-empechant-dapprendrealetranger\/\" target=\"_self\"><img decoding=\"async\" class=\"\" src=\"https:\/\/cbie.ca\/wp-content\/uploads\/2018\/07\/Depositphotos_48462687_m-2015-302x302.jpg\" width=\"302\" height=\"302\" alt=\"Depositphotos_48462687_m-2015\" title=\"Depositphotos_48462687_m-2015\" loading=\"lazy\" \/><\/a><\/div><div class=\"spacer\" style=\"height: 20px;\"><\/div>[vc_column_text]<\/p>\n<h5 style=\"text-align: center;\">5 fa\u00e7ons de surmonter les obstacles vous emp\u00eachant d\u2019#Apprendre\u00e0l\u00e9tranger<\/h5>\n<p>[\/vc_column_text]<div class=\"spacer\" style=\"height: 20px;\"><\/div><a href=\"https:\/\/cbie.ca\/fr\/5-facons-de-surmonter-les-obstacles-vous-empechant-dapprendrealetranger\/\" target=\"_self\" class=\"button color-3 medium \" style=\"border-radius: ;\">En savoir plus<\/a>[\/vc_column][vc_column column_padding=\u00a0\u00bbpadding-3&Prime; width=\u00a0\u00bb1\/3&Prime;]<div class=\"single_image wpb_content_element align-center  image_box_border image_greyscale \" data-animation=\"none\" data-delay=\"0\"><a href=\"https:\/\/cbie.ca\/wp-content\/uploads\/2017\/02\/SpecialFeature_-EducationAbroad-FR.pdf\" target=\"_blank\"><img decoding=\"async\" class=\"\" src=\"https:\/\/cbie.ca\/wp-content\/uploads\/2016\/12\/feature-FR.jpg\" width=\"302\" height=\"302\" alt=\"feature-FR\" title=\"feature-FR\" loading=\"lazy\" srcset=\"https:\/\/cbie.ca\/wp-content\/uploads\/2016\/12\/feature-FR.jpg 302w, https:\/\/cbie.ca\/wp-content\/uploads\/2016\/12\/feature-FR-150x150.jpg 150w, https:\/\/cbie.ca\/wp-content\/uploads\/2016\/12\/feature-FR-300x300.jpg 300w, https:\/\/cbie.ca\/wp-content\/uploads\/2016\/12\/feature-FR-80x80.jpg 80w\" sizes=\"auto, (max-width: 302px) 100vw, 302px\" \/><\/a><\/div><div class=\"spacer\" style=\"height: 20px;\"><\/div>[vc_column_text]<\/p>\n<h5 style=\"text-align: center;\">Dossier sp\u00e9cial sur les \u00e9tudes \u00e0 l\u2019\u00e9tranger<\/h5>\n<p>[\/vc_column_text]<div class=\"spacer\" style=\"height: 20px;\"><\/div><a href=\"https:\/\/cbie.ca\/wp-content\/uploads\/2017\/02\/SpecialFeature_-EducationAbroad-FR.pdf\" target=\"_blank\" class=\"button color-3 medium \" style=\"border-radius: ;\">En savoir plus<\/a>[\/vc_column][vc_column column_padding=\u00a0\u00bbpadding-3&Prime; width=\u00a0\u00bb1\/3&Prime;]<div class=\"single_image wpb_content_element align-center  image_box_border image_greyscale \" data-animation=\"none\" data-delay=\"0\"><a href=\"https:\/\/cbie.ca\/wp-content\/uploads\/2016\/11\/Infographic-Study-Abroad_FR.pdf\" target=\"_blank\"><img decoding=\"async\" class=\"\" src=\"https:\/\/cbie.ca\/wp-content\/uploads\/2016\/12\/infographic-FR.jpg\" width=\"302\" height=\"302\" alt=\"infographic-FR\" title=\"infographic-FR\" loading=\"lazy\" srcset=\"https:\/\/cbie.ca\/wp-content\/uploads\/2016\/12\/infographic-FR.jpg 302w, https:\/\/cbie.ca\/wp-content\/uploads\/2016\/12\/infographic-FR-150x150.jpg 150w, https:\/\/cbie.ca\/wp-content\/uploads\/2016\/12\/infographic-FR-300x300.jpg 300w, https:\/\/cbie.ca\/wp-content\/uploads\/2016\/12\/infographic-FR-80x80.jpg 80w\" sizes=\"auto, (max-width: 302px) 100vw, 302px\" \/><\/a><\/div><div class=\"spacer\" style=\"height: 20px;\"><\/div>[vc_column_text]<\/p>\n<h5 style=\"text-align: center;\">Infographique sur #Apprendre\u00e0l\u00e9tranger<\/h5>\n<p>[\/vc_column_text]<div class=\"spacer\" style=\"height: 20px;\"><\/div><a href=\"https:\/\/cbie.ca\/wp-content\/uploads\/2016\/11\/Infographic-Study-Abroad_FR.pdf\" target=\"_blank\" class=\"button color-3 medium \" style=\"border-radius: ;\">En savoir plus<\/a>[\/vc_column][\/vc_row]<\/p>\n<\/div>","protected":false},"excerpt":{"rendered":"<p>[vc_row bg_image=\u00a0\u00bb35610&Prime;][vc_column column_padding=\u00a0\u00bbpadding-3&Prime; text_align=\u00a0\u00bbcenter\u00a0\u00bb width=\u00a0\u00bb1\/1&Prime;][vc_column_text] \u00e9tudes \u00e0 l\u2019\u00e9tranger [\/vc_column_text][\/vc_column][\/vc_row][vc_row type=\u00a0\u00bbfull_width_section\u00a0\u00bb text_align=\u00a0\u00bbcenter\u00a0\u00bb][vc_column column_padding=\u00a0\u00bbpadding-3&Prime; column_center=\u00a0\u00bbtrue\u00a0\u00bb text_align=\u00a0\u00bbcenter\u00a0\u00bb width=\u00a0\u00bb1\/1&Prime;][vc_column_text] Le Bureau canadien de l&rsquo;\u00e9ducation internationale (BCEI) g\u00e8re et administre les bourses parrain\u00e9es au Canada [&hellip;]<\/p>\n","protected":false},"author":2,"featured_media":34985,"parent":24104,"menu_order":0,"comment_status":"closed","ping_status":"closed","template":"","meta":{"_acf_changed":false,"footnotes":""},"class_list":["post-24508","page","type-page","status-publish","has-post-thumbnail","hentry"],"acf":[],"yoast_head":"<!-- This site is optimized with the Yoast SEO plugin v27.4 - https:\/\/yoast.com\/product\/yoast-seo-wordpress\/ -->\n<title>\u00c9tudes \u00e0 l\u2019\u00e9tranger - CBIE<\/title>\n<meta name=\"robots\" content=\"index, follow, max-snippet:-1, max-image-preview:large, max-video-preview:-1\" \/>\n<link rel=\"canonical\" href=\"https:\/\/cbie.ca\/fr\/notre-reseau\/centre-etudiant\/etudes-a-letranger\/\" \/>\n<meta property=\"og:locale\" content=\"fr_FR\" \/>\n<meta property=\"og:type\" content=\"article\" \/>\n<meta property=\"og:title\" content=\"\u00c9tudes \u00e0 l\u2019\u00e9tranger - CBIE\" \/>\n<meta property=\"og:description\" content=\"[vc_row bg_image=\u00a0\u00bb35610&Prime;][vc_column column_padding=\u00a0\u00bbpadding-3&Prime; text_align=\u00a0\u00bbcenter\u00a0\u00bb width=\u00a0\u00bb1\/1&Prime;][vc_column_text] \u00e9tudes \u00e0 l\u2019\u00e9tranger [\/vc_column_text][\/vc_column][\/vc_row][vc_row type=\u00a0\u00bbfull_width_section\u00a0\u00bb text_align=\u00a0\u00bbcenter\u00a0\u00bb][vc_column column_padding=\u00a0\u00bbpadding-3&Prime; column_center=\u00a0\u00bbtrue\u00a0\u00bb text_align=\u00a0\u00bbcenter\u00a0\u00bb width=\u00a0\u00bb1\/1&Prime;][vc_column_text] Le Bureau canadien de l&rsquo;\u00e9ducation internationale (BCEI) g\u00e8re et administre les bourses parrain\u00e9es au Canada [&hellip;]\" \/>\n<meta property=\"og:url\" content=\"https:\/\/cbie.ca\/fr\/notre-reseau\/centre-etudiant\/etudes-a-letranger\/\" \/>\n<meta property=\"og:site_name\" content=\"CBIE\" \/>\n<meta property=\"article:modified_time\" content=\"2019-03-05T15:37:42+00:00\" \/>\n<meta property=\"og:image\" content=\"https:\/\/cbie.ca\/wp-content\/uploads\/2018\/07\/Campus.jpg\" \/>\n\t<meta property=\"og:image:width\" content=\"1000\" \/>\n\t<meta property=\"og:image:height\" content=\"667\" \/>\n\t<meta property=\"og:image:type\" content=\"image\/jpeg\" \/>\n<meta name=\"twitter:card\" content=\"summary_large_image\" \/>\n<meta name=\"twitter:label1\" content=\"Dur\u00e9e de lecture estim\u00e9e\" \/>\n\t<meta name=\"twitter:data1\" content=\"5 minutes\" \/>\n<script type=\"application\/ld+json\" class=\"yoast-schema-graph\">{\"@context\":\"https:\\\/\\\/schema.org\",\"@graph\":[{\"@type\":\"WebPage\",\"@id\":\"https:\\\/\\\/cbie.ca\\\/fr\\\/notre-reseau\\\/centre-etudiant\\\/etudes-a-letranger\\\/\",\"url\":\"https:\\\/\\\/cbie.ca\\\/fr\\\/notre-reseau\\\/centre-etudiant\\\/etudes-a-letranger\\\/\",\"name\":\"\u00c9tudes \u00e0 l\u2019\u00e9tranger - CBIE\",\"isPartOf\":{\"@id\":\"https:\\\/\\\/cbie.ca\\\/#website\"},\"primaryImageOfPage\":{\"@id\":\"https:\\\/\\\/cbie.ca\\\/fr\\\/notre-reseau\\\/centre-etudiant\\\/etudes-a-letranger\\\/#primaryimage\"},\"image\":{\"@id\":\"https:\\\/\\\/cbie.ca\\\/fr\\\/notre-reseau\\\/centre-etudiant\\\/etudes-a-letranger\\\/#primaryimage\"},\"thumbnailUrl\":\"https:\\\/\\\/cbie.ca\\\/wp-content\\\/uploads\\\/2018\\\/07\\\/Campus.jpg\",\"datePublished\":\"2016-12-07T19:29:40+00:00\",\"dateModified\":\"2019-03-05T15:37:42+00:00\",\"breadcrumb\":{\"@id\":\"https:\\\/\\\/cbie.ca\\\/fr\\\/notre-reseau\\\/centre-etudiant\\\/etudes-a-letranger\\\/#breadcrumb\"},\"inLanguage\":\"fr-FR\",\"potentialAction\":[{\"@type\":\"ReadAction\",\"target\":[\"https:\\\/\\\/cbie.ca\\\/fr\\\/notre-reseau\\\/centre-etudiant\\\/etudes-a-letranger\\\/\"]}]},{\"@type\":\"ImageObject\",\"inLanguage\":\"fr-FR\",\"@id\":\"https:\\\/\\\/cbie.ca\\\/fr\\\/notre-reseau\\\/centre-etudiant\\\/etudes-a-letranger\\\/#primaryimage\",\"url\":\"https:\\\/\\\/cbie.ca\\\/wp-content\\\/uploads\\\/2018\\\/07\\\/Campus.jpg\",\"contentUrl\":\"https:\\\/\\\/cbie.ca\\\/wp-content\\\/uploads\\\/2018\\\/07\\\/Campus.jpg\",\"width\":1000,\"height\":667},{\"@type\":\"BreadcrumbList\",\"@id\":\"https:\\\/\\\/cbie.ca\\\/fr\\\/notre-reseau\\\/centre-etudiant\\\/etudes-a-letranger\\\/#breadcrumb\",\"itemListElement\":[{\"@type\":\"ListItem\",\"position\":1,\"name\":\"Home\",\"item\":\"https:\\\/\\\/cbie.ca\\\/fr\\\/\"},{\"@type\":\"ListItem\",\"position\":2,\"name\":\"Notre R\u00e9seau\",\"item\":\"https:\\\/\\\/cbie.ca\\\/fr\\\/notre-reseau\\\/\"},{\"@type\":\"ListItem\",\"position\":3,\"name\":\"Centre \u00c9tudiant\",\"item\":\"https:\\\/\\\/cbie.ca\\\/fr\\\/notre-reseau\\\/centre-etudiant\\\/\"},{\"@type\":\"ListItem\",\"position\":4,\"name\":\"\u00c9tudes \u00e0 l\u2019\u00e9tranger\"}]},{\"@type\":\"WebSite\",\"@id\":\"https:\\\/\\\/cbie.ca\\\/#website\",\"url\":\"https:\\\/\\\/cbie.ca\\\/\",\"name\":\"Canadian Bureau for International Education\",\"description\":\"\",\"potentialAction\":[{\"@type\":\"SearchAction\",\"target\":{\"@type\":\"EntryPoint\",\"urlTemplate\":\"https:\\\/\\\/cbie.ca\\\/?s={search_term_string}\"},\"query-input\":{\"@type\":\"PropertyValueSpecification\",\"valueRequired\":true,\"valueName\":\"search_term_string\"}}],\"inLanguage\":\"fr-FR\"}]}<\/script>\n<!-- \/ Yoast SEO plugin. -->","yoast_head_json":{"title":"\u00c9tudes \u00e0 l\u2019\u00e9tranger - CBIE","robots":{"index":"index","follow":"follow","max-snippet":"max-snippet:-1","max-image-preview":"max-image-preview:large","max-video-preview":"max-video-preview:-1"},"canonical":"https:\/\/cbie.ca\/fr\/notre-reseau\/centre-etudiant\/etudes-a-letranger\/","og_locale":"fr_FR","og_type":"article","og_title":"\u00c9tudes \u00e0 l\u2019\u00e9tranger - CBIE","og_description":"[vc_row bg_image=\u00a0\u00bb35610&Prime;][vc_column column_padding=\u00a0\u00bbpadding-3&Prime; text_align=\u00a0\u00bbcenter\u00a0\u00bb width=\u00a0\u00bb1\/1&Prime;][vc_column_text] \u00e9tudes \u00e0 l\u2019\u00e9tranger [\/vc_column_text][\/vc_column][\/vc_row][vc_row type=\u00a0\u00bbfull_width_section\u00a0\u00bb text_align=\u00a0\u00bbcenter\u00a0\u00bb][vc_column column_padding=\u00a0\u00bbpadding-3&Prime; column_center=\u00a0\u00bbtrue\u00a0\u00bb text_align=\u00a0\u00bbcenter\u00a0\u00bb width=\u00a0\u00bb1\/1&Prime;][vc_column_text] Le Bureau canadien de l&rsquo;\u00e9ducation internationale (BCEI) g\u00e8re et administre les bourses parrain\u00e9es au Canada [&hellip;]","og_url":"https:\/\/cbie.ca\/fr\/notre-reseau\/centre-etudiant\/etudes-a-letranger\/","og_site_name":"CBIE","article_modified_time":"2019-03-05T15:37:42+00:00","og_image":[{"width":1000,"height":667,"url":"https:\/\/cbie.ca\/wp-content\/uploads\/2018\/07\/Campus.jpg","type":"image\/jpeg"}],"twitter_card":"summary_large_image","twitter_misc":{"Dur\u00e9e de lecture estim\u00e9e":"5 minutes"},"schema":{"@context":"https:\/\/schema.org","@graph":[{"@type":"WebPage","@id":"https:\/\/cbie.ca\/fr\/notre-reseau\/centre-etudiant\/etudes-a-letranger\/","url":"https:\/\/cbie.ca\/fr\/notre-reseau\/centre-etudiant\/etudes-a-letranger\/","name":"\u00c9tudes \u00e0 l\u2019\u00e9tranger - CBIE","isPartOf":{"@id":"https:\/\/cbie.ca\/#website"},"primaryImageOfPage":{"@id":"https:\/\/cbie.ca\/fr\/notre-reseau\/centre-etudiant\/etudes-a-letranger\/#primaryimage"},"image":{"@id":"https:\/\/cbie.ca\/fr\/notre-reseau\/centre-etudiant\/etudes-a-letranger\/#primaryimage"},"thumbnailUrl":"https:\/\/cbie.ca\/wp-content\/uploads\/2018\/07\/Campus.jpg","datePublished":"2016-12-07T19:29:40+00:00","dateModified":"2019-03-05T15:37:42+00:00","breadcrumb":{"@id":"https:\/\/cbie.ca\/fr\/notre-reseau\/centre-etudiant\/etudes-a-letranger\/#breadcrumb"},"inLanguage":"fr-FR","potentialAction":[{"@type":"ReadAction","target":["https:\/\/cbie.ca\/fr\/notre-reseau\/centre-etudiant\/etudes-a-letranger\/"]}]},{"@type":"ImageObject","inLanguage":"fr-FR","@id":"https:\/\/cbie.ca\/fr\/notre-reseau\/centre-etudiant\/etudes-a-letranger\/#primaryimage","url":"https:\/\/cbie.ca\/wp-content\/uploads\/2018\/07\/Campus.jpg","contentUrl":"https:\/\/cbie.ca\/wp-content\/uploads\/2018\/07\/Campus.jpg","width":1000,"height":667},{"@type":"BreadcrumbList","@id":"https:\/\/cbie.ca\/fr\/notre-reseau\/centre-etudiant\/etudes-a-letranger\/#breadcrumb","itemListElement":[{"@type":"ListItem","position":1,"name":"Home","item":"https:\/\/cbie.ca\/fr\/"},{"@type":"ListItem","position":2,"name":"Notre R\u00e9seau","item":"https:\/\/cbie.ca\/fr\/notre-reseau\/"},{"@type":"ListItem","position":3,"name":"Centre \u00c9tudiant","item":"https:\/\/cbie.ca\/fr\/notre-reseau\/centre-etudiant\/"},{"@type":"ListItem","position":4,"name":"\u00c9tudes \u00e0 l\u2019\u00e9tranger"}]},{"@type":"WebSite","@id":"https:\/\/cbie.ca\/#website","url":"https:\/\/cbie.ca\/","name":"Canadian Bureau for International Education","description":"","potentialAction":[{"@type":"SearchAction","target":{"@type":"EntryPoint","urlTemplate":"https:\/\/cbie.ca\/?s={search_term_string}"},"query-input":{"@type":"PropertyValueSpecification","valueRequired":true,"valueName":"search_term_string"}}],"inLanguage":"fr-FR"}]}},"_links":{"self":[{"href":"https:\/\/cbie.ca\/fr\/wp-json\/wp\/v2\/pages\/24508","targetHints":{"allow":["GET"]}}],"collection":[{"href":"https:\/\/cbie.ca\/fr\/wp-json\/wp\/v2\/pages"}],"about":[{"href":"https:\/\/cbie.ca\/fr\/wp-json\/wp\/v2\/types\/page"}],"author":[{"embeddable":true,"href":"https:\/\/cbie.ca\/fr\/wp-json\/wp\/v2\/users\/2"}],"replies":[{"embeddable":true,"href":"https:\/\/cbie.ca\/fr\/wp-json\/wp\/v2\/comments?post=24508"}],"version-history":[{"count":0,"href":"https:\/\/cbie.ca\/fr\/wp-json\/wp\/v2\/pages\/24508\/revisions"}],"up":[{"embeddable":true,"href":"https:\/\/cbie.ca\/fr\/wp-json\/wp\/v2\/pages\/24104"}],"wp:featuredmedia":[{"embeddable":true,"href":"https:\/\/cbie.ca\/fr\/wp-json\/wp\/v2\/media\/34985"}],"wp:attachment":[{"href":"https:\/\/cbie.ca\/fr\/wp-json\/wp\/v2\/media?parent=24508"}],"curies":[{"name":"wp","href":"https:\/\/api.w.org\/{rel}","templated":true}]}}