{"id":24134,"date":"2016-11-25T14:22:50","date_gmt":"2016-11-25T19:22:50","guid":{"rendered":"https:\/\/cbieca.wpenginepowered.com\/?page_id=24134&#038;lang=fr"},"modified":"2019-02-27T15:12:12","modified_gmt":"2019-02-27T20:12:12","slug":"etudes-au-canada","status":"publish","type":"page","link":"https:\/\/cbie.ca\/fr\/notre-reseau\/centre-etudiant\/etudes-au-canada\/","title":{"rendered":"\u00c9tudes au Canada"},"content":{"rendered":"<div class=\"wpb-content-wrapper\"><p>[vc_row bg_image=\u00a0\u00bb35610&Prime;][vc_column column_padding=\u00a0\u00bbpadding-3&Prime; text_align=\u00a0\u00bbcenter\u00a0\u00bb width=\u00a0\u00bb1\/1&Prime;]<div class=\"spacer\" style=\"height: 40px;\"><\/div>[vc_column_text]<\/p>\n<h1 style=\"text-align: center; color: #ffffff; text-transform: uppercase;\"><strong>\u00c9tudes au Canada<\/strong><\/h1>\n<p>[\/vc_column_text]<div class=\"spacer\" style=\"height: 40px;\"><\/div><a href=\"https:\/\/cbie.ca\/fr\/notre-reseau\/centre-etudiant\/\" target=\"_self\" class=\"button color-7 large \" style=\"border-radius: 2px;\"> Centre \u00c9tudiant<\/a><a href=\"https:\/\/cbie.ca\/fr\/notre-reseau\/centre-etudiant\/etudes-a-letranger\/\" target=\"_self\" class=\"button color-7 large \" style=\"border-radius: 2px;\">\u00e9tudes \u00e0 l\u2019\u00e9tranger<\/a><a href=\"https:\/\/cbie.ca\/fr\/notre-reseau\/centre-etudiant\/etudes-au-canada\/\" target=\"_self\" class=\"button color-3 large \" style=\"border-radius: 2px;\">\u00c9tudes au Canada<\/a>[\/vc_column][\/vc_row][vc_row type=\u00a0\u00bbfull_width_section\u00a0\u00bb text_align=\u00a0\u00bbcenter\u00a0\u00bb][vc_column column_padding=\u00a0\u00bbpadding-3&Prime; column_center=\u00a0\u00bbtrue\u00a0\u00bb text_align=\u00a0\u00bbcenter\u00a0\u00bb width=\u00a0\u00bb1\/1&Prime;][vc_column_text]<\/p>\n<h3 style=\"text-align: center;\">Les 10 grandes raisons de faire des \u00e9tudes au Canada<\/h3>\n<p>[\/vc_column_text]<div class=\"newdivider align-center\" style=\"border-bottom-style: solid; border-color: #a7a8aa; border-bottom-width: 2px; margin-top: 30px; margin-bottom: 30px; width: 130px; \"><\/div><div class=\"clear\"><\/div>[vc_column_text]<\/p>\n<h2 class=\"h5styleh2\" style=\"text-align: center; color: #006e96;\">Dans le cadre du sondage des \u00e9tudiants internationaux du BCEI, les \u00e9tudiants internationaux nous ont parl\u00e9 des raisons pour lesquels ils ont choisi le Canada.<\/h2>\n<p>[\/vc_column_text][\/vc_column][\/vc_row][vc_row type=\u00a0\u00bbfull_width_section\u00a0\u00bb bg_color=\u00a0\u00bb#01416a\u00a0\u00bb text_color=\u00a0\u00bblight\u00a0\u00bb][vc_column column_padding=\u00a0\u00bbpadding-3&Prime; column_center=\u00a0\u00bbtrue\u00a0\u00bb text_color=\u00a0\u00bblight\u00a0\u00bb width=\u00a0\u00bb1\/2&Prime;][vc_column_text]<\/p>\n<h5>10. Nature et quatre saisons diff\u00e9rentes<\/h5>\n<p>Le Canada a de grandes villes, mais pr\u00e9serve aussi une quantit\u00e9 impressionnante de terre inhabit\u00e9e et a de nombreux parcs provinciaux et nationaux. Le Canada \u00e9tant un grand pays entour\u00e9 de trois oc\u00e9ans (Pacifique, Atlantique, Arctique), la diversit\u00e9 du paysage d\u2019un bout \u00e0 l\u2019autre du pays et de province en province est \u00e9vidente. Le Canada a aussi quatre saisons diff\u00e9rentes et les temp\u00e9ratures varient beaucoup pendant l\u2019ann\u00e9e. En hiver, certaines villes ne voient presque jamais de neige tandis que d\u2019autres en voient beaucoup. En \u00e9t\u00e9, les temp\u00e9ratures peuvent d\u00e9passer les 30\u00a0degr\u00e9s Celsius. Avec une telle diversit\u00e9, tout le monde y trouve son compte, y compris des loisirs en int\u00e9rieur et en ext\u00e9rieur \u00e0 peu ou pas de frais.<\/p>\n<h5>9. Excellent syst\u00e8me de sant\u00e9<\/h5>\n<p>Comparativement \u00e0 d\u2019autres pays, l\u2019assurance m\u00e9dicale au Canada n\u2019est pas tr\u00e8s ch\u00e8re et les services assur\u00e9s par les h\u00f4pitaux canadiens font partie des plus avanc\u00e9s et accessibles du monde.[\/vc_column_text][\/vc_column][vc_column bg_image=\u00a0\u00bb24131&Prime; column_center=\u00a0\u00bbtrue\u00a0\u00bb width=\u00a0\u00bb1\/2&Prime;][\/vc_column][\/vc_row][vc_row type=\u00a0\u00bbfull_width_section\u00a0\u00bb bg_color=\u00a0\u00bb#00263e\u00a0\u00bb text_color=\u00a0\u00bblight\u00a0\u00bb][vc_column bg_image=\u00a0\u00bb24122&Prime; column_center=\u00a0\u00bbtrue\u00a0\u00bb text_color=\u00a0\u00bblight\u00a0\u00bb width=\u00a0\u00bb1\/2&Prime;][\/vc_column][vc_column column_padding=\u00a0\u00bbpadding-3&Prime; width=\u00a0\u00bb1\/2&Prime;][vc_column_text]<\/p>\n<h5>8. Syst\u00e8me d\u2019\u00e9ducation du Canada<\/h5>\n<p>Les universit\u00e9s canadiennes maintiennent des normes \u00e9lev\u00e9es d\u2019excellence scolaire et apparaissent r\u00e9guli\u00e8rement dans les classements des meilleurs \u00e9tablissements mondiaux. De plus, les frais de scolarit\u00e9 canadiens font partie des plus faibles parmi les pays anglophones.<\/p>\n<h5>7. Dipl\u00f4mes reconnus \u00e0 l\u2019international<\/h5>\n<p>Chaque ann\u00e9e des centaines de milliers d\u2019\u00e9tudiants internationaux font des \u00e9tudes dans des coll\u00e8ges et universit\u00e9s canadiens. Leurs dipl\u00f4mes sont reconnus dans le monde comme \u00e9quivalents \u00e0 ceux obtenus aux \u00c9tats-Unis ou dans les pays du Commonwealth. Le Canada a un grand nombre de types d\u2019\u00e9tablissements de qualit\u00e9 pour les dipl\u00f4mes de disciplines techniques et professionnelles.<\/p>\n<h5>6. Apprends ou am\u00e9liore une langue \u00e9trang\u00e8re !<\/h5>\n<p>Depuis plus d\u2019un si\u00e8cle, les deux langues officielles du Canada (l\u2019anglais et le fran\u00e7ais) sont enseign\u00e9es comme langues \u00e9trang\u00e8res, c\u2019est pourquoi nous sommes chefs de file dans le monde en formation linguistique. Les \u00e9tudiants internationaux d\u00e9cident souvent de suivre des cours de langues avant de commencer leur programme scolaire.[\/vc_column_text][\/vc_column][\/vc_row][vc_row type=\u00a0\u00bbfull_width_section\u00a0\u00bb bg_color=\u00a0\u00bb#01416a\u00a0\u00bb text_color=\u00a0\u00bblight\u00a0\u00bb][vc_column column_padding=\u00a0\u00bbpadding-3&Prime; column_center=\u00a0\u00bbtrue\u00a0\u00bb text_color=\u00a0\u00bblight\u00a0\u00bb width=\u00a0\u00bb1\/2&Prime;][vc_column_text]<\/p>\n<h5>5. Le Canada est un pays paisible, politiquement stable et o\u00f9 l\u2019on est en s\u00e9curit\u00e9<\/h5>\n<p>Le Canada est un pays d\u00e9mocratique ayant des lois qui prot\u00e8gent les droits de ses citoyens. Notre pays est aussi laiss\u00e9 relativement tranquille par les catastrophes naturelles.<\/p>\n<h5>4. Pays multiculturel<\/h5>\n<p>Ces 150\u00a0derni\u00e8res ann\u00e9es, le Canada a accueilli 15\u00a0millions d\u2019immigrants. Le Canada est aussi le pays de plus d\u2019un million d\u2019Autochtones, dont des communaut\u00e9s des Premi\u00e8res nations, m\u00e9tisses et inuites. Le Canada a une politique nationale de multiculturalisme et fait en sorte de pr\u00e9server et respecter les us et coutumes de ses habitants.<\/p>\n<h5>3. Possibilit\u00e9 de travailler au Canada \u00e0 la fin des \u00e9tudes<\/h5>\n<p>Les \u00e9tudiants internationaux qui ont un dipl\u00f4me d\u2019une universit\u00e9 ou d\u2019un coll\u00e8ge au Canada ont la possibilit\u00e9 de travailler au Canada pendant une dur\u00e9e maximale d\u2019un an apr\u00e8s r\u00e9ception de leur dipl\u00f4me. Les \u00e9tudiants internationaux peuvent travailler sur le campus sans permis de travail. Des projets en cours devraient autoriser les \u00e9tudiants internationaux \u00e0 travailler aussi hors campus.[\/vc_column_text][\/vc_column][vc_column bg_image=\u00a0\u00bb24123&Prime; width=\u00a0\u00bb1\/2&Prime;][\/vc_column][\/vc_row][vc_row type=\u00a0\u00bbfull_width_section\u00a0\u00bb bg_color=\u00a0\u00bb#00263e\u00a0\u00bb text_color=\u00a0\u00bblight\u00a0\u00bb][vc_column bg_image=\u00a0\u00bb24132&Prime; column_center=\u00a0\u00bbtrue\u00a0\u00bb text_color=\u00a0\u00bblight\u00a0\u00bb width=\u00a0\u00bb1\/2&Prime;][\/vc_column][vc_column column_padding=\u00a0\u00bbpadding-3&Prime; width=\u00a0\u00bb1\/2&Prime;][vc_column_text]<\/p>\n<h5>2. Les Nations unies ont class\u00e9 le Canada comme l\u2019un des meilleurs endroits du monde o\u00f9 vivre !<\/h5>\n<p>Ce classement repose sur les r\u00e9ussites du Canada en mati\u00e8re de scolarit\u00e9, d\u2019esp\u00e9rance de vie, de revenu national et de qualit\u00e9 de vie g\u00e9n\u00e9rale. Il prend aussi en compte l\u2019abondance du Canada en eau douce, sa densit\u00e9 de population, l\u2019incidence des crimes violents et son syst\u00e8me de sant\u00e9.<\/p>\n<h5>1. On vous attend !<\/h5>\n<p>Les Canadiens voient les diff\u00e9rences d\u2019un bon \u0153il et les respectent. Nos \u00e9tablissements d\u2019enseignement encouragent les nouveaux \u00e9tudiants de l\u2019\u00e9tranger et s\u2019efforcent d\u2019enrichir leurs effectifs d\u2019\u00e9tudiants internationaux. Une chose est s\u00fbre\u00a0: tu ne pourras jamais oublier ton s\u00e9jour au Canada ! Qu\u2019est-ce que tu attends?[\/vc_column_text][\/vc_column][\/vc_row]<\/p>\n<\/div>","protected":false},"excerpt":{"rendered":"<p>[vc_row bg_image=\u00a0\u00bb35610&Prime;][vc_column column_padding=\u00a0\u00bbpadding-3&Prime; text_align=\u00a0\u00bbcenter\u00a0\u00bb width=\u00a0\u00bb1\/1&Prime;][vc_column_text] \u00c9tudes au Canada [\/vc_column_text][\/vc_column][\/vc_row][vc_row type=\u00a0\u00bbfull_width_section\u00a0\u00bb text_align=\u00a0\u00bbcenter\u00a0\u00bb][vc_column column_padding=\u00a0\u00bbpadding-3&Prime; column_center=\u00a0\u00bbtrue\u00a0\u00bb text_align=\u00a0\u00bbcenter\u00a0\u00bb width=\u00a0\u00bb1\/1&Prime;][vc_column_text] Les 10 grandes raisons de faire des \u00e9tudes au Canada [\/vc_column_text][vc_column_text] Dans le cadre du [&hellip;]<\/p>\n","protected":false},"author":2,"featured_media":0,"parent":24104,"menu_order":0,"comment_status":"closed","ping_status":"closed","template":"","meta":{"_acf_changed":false,"footnotes":""},"class_list":["post-24134","page","type-page","status-publish","hentry"],"acf":[],"yoast_head":"<!-- This site is optimized with the Yoast SEO plugin v27.3 - https:\/\/yoast.com\/product\/yoast-seo-wordpress\/ -->\n<title>\u00c9tudes au Canada - CBIE<\/title>\n<meta name=\"robots\" content=\"index, follow, max-snippet:-1, max-image-preview:large, max-video-preview:-1\" \/>\n<link rel=\"canonical\" href=\"https:\/\/cbie.ca\/fr\/notre-reseau\/centre-etudiant\/etudes-au-canada\/\" \/>\n<meta property=\"og:locale\" content=\"fr_FR\" \/>\n<meta property=\"og:type\" content=\"article\" \/>\n<meta property=\"og:title\" content=\"\u00c9tudes au Canada - CBIE\" \/>\n<meta property=\"og:description\" content=\"[vc_row bg_image=\u00a0\u00bb35610&Prime;][vc_column column_padding=\u00a0\u00bbpadding-3&Prime; text_align=\u00a0\u00bbcenter\u00a0\u00bb width=\u00a0\u00bb1\/1&Prime;][vc_column_text] \u00c9tudes au Canada [\/vc_column_text][\/vc_column][\/vc_row][vc_row type=\u00a0\u00bbfull_width_section\u00a0\u00bb text_align=\u00a0\u00bbcenter\u00a0\u00bb][vc_column column_padding=\u00a0\u00bbpadding-3&Prime; column_center=\u00a0\u00bbtrue\u00a0\u00bb text_align=\u00a0\u00bbcenter\u00a0\u00bb width=\u00a0\u00bb1\/1&Prime;][vc_column_text] Les 10 grandes raisons de faire des \u00e9tudes au Canada [\/vc_column_text][vc_column_text] Dans le cadre du [&hellip;]\" \/>\n<meta property=\"og:url\" content=\"https:\/\/cbie.ca\/fr\/notre-reseau\/centre-etudiant\/etudes-au-canada\/\" \/>\n<meta property=\"og:site_name\" content=\"CBIE\" \/>\n<meta property=\"article:modified_time\" content=\"2019-02-27T20:12:12+00:00\" \/>\n<meta property=\"og:image\" content=\"https:\/\/cbie.ca\/wp-content\/uploads\/2024\/01\/CBIE-Announcement-EN.png\" \/>\n\t<meta property=\"og:image:width\" content=\"1600\" \/>\n\t<meta property=\"og:image:height\" content=\"900\" \/>\n\t<meta property=\"og:image:type\" content=\"image\/png\" \/>\n<meta name=\"twitter:card\" content=\"summary_large_image\" \/>\n<meta name=\"twitter:label1\" content=\"Dur\u00e9e de lecture estim\u00e9e\" \/>\n\t<meta name=\"twitter:data1\" content=\"5 minutes\" \/>\n<script type=\"application\/ld+json\" class=\"yoast-schema-graph\">{\"@context\":\"https:\\\/\\\/schema.org\",\"@graph\":[{\"@type\":\"WebPage\",\"@id\":\"https:\\\/\\\/cbie.ca\\\/fr\\\/notre-reseau\\\/centre-etudiant\\\/etudes-au-canada\\\/\",\"url\":\"https:\\\/\\\/cbie.ca\\\/fr\\\/notre-reseau\\\/centre-etudiant\\\/etudes-au-canada\\\/\",\"name\":\"\u00c9tudes au Canada - CBIE\",\"isPartOf\":{\"@id\":\"https:\\\/\\\/cbie.ca\\\/#website\"},\"datePublished\":\"2016-11-25T19:22:50+00:00\",\"dateModified\":\"2019-02-27T20:12:12+00:00\",\"breadcrumb\":{\"@id\":\"https:\\\/\\\/cbie.ca\\\/fr\\\/notre-reseau\\\/centre-etudiant\\\/etudes-au-canada\\\/#breadcrumb\"},\"inLanguage\":\"fr-FR\",\"potentialAction\":[{\"@type\":\"ReadAction\",\"target\":[\"https:\\\/\\\/cbie.ca\\\/fr\\\/notre-reseau\\\/centre-etudiant\\\/etudes-au-canada\\\/\"]}]},{\"@type\":\"BreadcrumbList\",\"@id\":\"https:\\\/\\\/cbie.ca\\\/fr\\\/notre-reseau\\\/centre-etudiant\\\/etudes-au-canada\\\/#breadcrumb\",\"itemListElement\":[{\"@type\":\"ListItem\",\"position\":1,\"name\":\"Home\",\"item\":\"https:\\\/\\\/cbie.ca\\\/fr\\\/\"},{\"@type\":\"ListItem\",\"position\":2,\"name\":\"Notre R\u00e9seau\",\"item\":\"https:\\\/\\\/cbie.ca\\\/fr\\\/notre-reseau\\\/\"},{\"@type\":\"ListItem\",\"position\":3,\"name\":\"Centre \u00c9tudiant\",\"item\":\"https:\\\/\\\/cbie.ca\\\/fr\\\/notre-reseau\\\/centre-etudiant\\\/\"},{\"@type\":\"ListItem\",\"position\":4,\"name\":\"\u00c9tudes au Canada\"}]},{\"@type\":\"WebSite\",\"@id\":\"https:\\\/\\\/cbie.ca\\\/#website\",\"url\":\"https:\\\/\\\/cbie.ca\\\/\",\"name\":\"Canadian Bureau for International Education\",\"description\":\"\",\"potentialAction\":[{\"@type\":\"SearchAction\",\"target\":{\"@type\":\"EntryPoint\",\"urlTemplate\":\"https:\\\/\\\/cbie.ca\\\/?s={search_term_string}\"},\"query-input\":{\"@type\":\"PropertyValueSpecification\",\"valueRequired\":true,\"valueName\":\"search_term_string\"}}],\"inLanguage\":\"fr-FR\"}]}<\/script>\n<!-- \/ Yoast SEO plugin. -->","yoast_head_json":{"title":"\u00c9tudes au Canada - CBIE","robots":{"index":"index","follow":"follow","max-snippet":"max-snippet:-1","max-image-preview":"max-image-preview:large","max-video-preview":"max-video-preview:-1"},"canonical":"https:\/\/cbie.ca\/fr\/notre-reseau\/centre-etudiant\/etudes-au-canada\/","og_locale":"fr_FR","og_type":"article","og_title":"\u00c9tudes au Canada - CBIE","og_description":"[vc_row bg_image=\u00a0\u00bb35610&Prime;][vc_column column_padding=\u00a0\u00bbpadding-3&Prime; text_align=\u00a0\u00bbcenter\u00a0\u00bb width=\u00a0\u00bb1\/1&Prime;][vc_column_text] \u00c9tudes au Canada [\/vc_column_text][\/vc_column][\/vc_row][vc_row type=\u00a0\u00bbfull_width_section\u00a0\u00bb text_align=\u00a0\u00bbcenter\u00a0\u00bb][vc_column column_padding=\u00a0\u00bbpadding-3&Prime; column_center=\u00a0\u00bbtrue\u00a0\u00bb text_align=\u00a0\u00bbcenter\u00a0\u00bb width=\u00a0\u00bb1\/1&Prime;][vc_column_text] Les 10 grandes raisons de faire des \u00e9tudes au Canada [\/vc_column_text][vc_column_text] Dans le cadre du [&hellip;]","og_url":"https:\/\/cbie.ca\/fr\/notre-reseau\/centre-etudiant\/etudes-au-canada\/","og_site_name":"CBIE","article_modified_time":"2019-02-27T20:12:12+00:00","og_image":[{"width":1600,"height":900,"url":"https:\/\/cbie.ca\/wp-content\/uploads\/2024\/01\/CBIE-Announcement-EN.png","type":"image\/png"}],"twitter_card":"summary_large_image","twitter_misc":{"Dur\u00e9e de lecture estim\u00e9e":"5 minutes"},"schema":{"@context":"https:\/\/schema.org","@graph":[{"@type":"WebPage","@id":"https:\/\/cbie.ca\/fr\/notre-reseau\/centre-etudiant\/etudes-au-canada\/","url":"https:\/\/cbie.ca\/fr\/notre-reseau\/centre-etudiant\/etudes-au-canada\/","name":"\u00c9tudes au Canada - CBIE","isPartOf":{"@id":"https:\/\/cbie.ca\/#website"},"datePublished":"2016-11-25T19:22:50+00:00","dateModified":"2019-02-27T20:12:12+00:00","breadcrumb":{"@id":"https:\/\/cbie.ca\/fr\/notre-reseau\/centre-etudiant\/etudes-au-canada\/#breadcrumb"},"inLanguage":"fr-FR","potentialAction":[{"@type":"ReadAction","target":["https:\/\/cbie.ca\/fr\/notre-reseau\/centre-etudiant\/etudes-au-canada\/"]}]},{"@type":"BreadcrumbList","@id":"https:\/\/cbie.ca\/fr\/notre-reseau\/centre-etudiant\/etudes-au-canada\/#breadcrumb","itemListElement":[{"@type":"ListItem","position":1,"name":"Home","item":"https:\/\/cbie.ca\/fr\/"},{"@type":"ListItem","position":2,"name":"Notre R\u00e9seau","item":"https:\/\/cbie.ca\/fr\/notre-reseau\/"},{"@type":"ListItem","position":3,"name":"Centre \u00c9tudiant","item":"https:\/\/cbie.ca\/fr\/notre-reseau\/centre-etudiant\/"},{"@type":"ListItem","position":4,"name":"\u00c9tudes au Canada"}]},{"@type":"WebSite","@id":"https:\/\/cbie.ca\/#website","url":"https:\/\/cbie.ca\/","name":"Canadian Bureau for International Education","description":"","potentialAction":[{"@type":"SearchAction","target":{"@type":"EntryPoint","urlTemplate":"https:\/\/cbie.ca\/?s={search_term_string}"},"query-input":{"@type":"PropertyValueSpecification","valueRequired":true,"valueName":"search_term_string"}}],"inLanguage":"fr-FR"}]}},"_links":{"self":[{"href":"https:\/\/cbie.ca\/fr\/wp-json\/wp\/v2\/pages\/24134","targetHints":{"allow":["GET"]}}],"collection":[{"href":"https:\/\/cbie.ca\/fr\/wp-json\/wp\/v2\/pages"}],"about":[{"href":"https:\/\/cbie.ca\/fr\/wp-json\/wp\/v2\/types\/page"}],"author":[{"embeddable":true,"href":"https:\/\/cbie.ca\/fr\/wp-json\/wp\/v2\/users\/2"}],"replies":[{"embeddable":true,"href":"https:\/\/cbie.ca\/fr\/wp-json\/wp\/v2\/comments?post=24134"}],"version-history":[{"count":0,"href":"https:\/\/cbie.ca\/fr\/wp-json\/wp\/v2\/pages\/24134\/revisions"}],"up":[{"embeddable":true,"href":"https:\/\/cbie.ca\/fr\/wp-json\/wp\/v2\/pages\/24104"}],"wp:attachment":[{"href":"https:\/\/cbie.ca\/fr\/wp-json\/wp\/v2\/media?parent=24134"}],"curies":[{"name":"wp","href":"https:\/\/api.w.org\/{rel}","templated":true}]}}