{"id":24104,"date":"2016-11-25T10:52:57","date_gmt":"2016-11-25T15:52:57","guid":{"rendered":"https:\/\/cbieca.wpenginepowered.com\/?page_id=24104&#038;lang=fr"},"modified":"2025-11-06T14:30:54","modified_gmt":"2025-11-06T19:30:54","slug":"centre-etudiant","status":"publish","type":"page","link":"https:\/\/cbie.ca\/fr\/notre-reseau\/centre-etudiant\/","title":{"rendered":"Centre \u00c9tudiant"},"content":{"rendered":"<div class=\"wpb-content-wrapper\"><p>[vc_row bg_image=\u00a0\u00bb35610&Prime;][vc_column column_padding=\u00a0\u00bbpadding-3&Prime; text_align=\u00a0\u00bbcenter\u00a0\u00bb width=\u00a0\u00bb1\/1&Prime;]<div class=\"spacer\" style=\"height: 40px;\"><\/div>[vc_column_text]<\/p>\n<h1 style=\"text-align: center; color: #ffffff; text-transform: uppercase;\"><strong>Centre \u00c9tudiant<\/strong><\/h1>\n<p>[\/vc_column_text]<div class=\"spacer\" style=\"height: 40px;\"><\/div><a href=\"https:\/\/cbie.ca\/fr\/notre-reseau\/centre-etudiant\/\" target=\"_self\" class=\"button color-3 large \" style=\"border-radius: 2px;\"> Centre \u00c9tudiant<\/a><a href=\"https:\/\/cbie.ca\/fr\/notre-reseau\/centre-etudiant\/etudes-a-letranger\/\" target=\"_self\" class=\"button color-7 large \" style=\"border-radius: 2px;\">\u00e9tudes \u00e0 l\u2019\u00e9tranger<\/a><a href=\"https:\/\/cbie.ca\/fr\/notre-reseau\/centre-etudiant\/etudes-au-canada\/\" target=\"_self\" class=\"button color-7 large \" style=\"border-radius: 2px;\">\u00c9tudes au Canada<\/a>[\/vc_column][\/vc_row][vc_row type=\u00a0\u00bbfull_width_section\u00a0\u00bb bg_color=\u00a0\u00bb#ffffff\u00a0\u00bb text_align=\u00a0\u00bbcenter\u00a0\u00bb top_padding=\u00a0\u00bb40&Prime;][vc_column width=\u00a0\u00bb1\/1&Prime;][vc_column_text]<\/p>\n<h3 style=\"text-align: center;\">Bourses en vedette<\/h3>\n<p>[\/vc_column_text]<div class=\"newdivider align-center\" style=\"border-bottom-style: solid; border-color: #a7a8aa; border-bottom-width: 2px; margin-top: 40px; margin-bottom: 0; width: 130px; \"><\/div><div class=\"clear\"><\/div>[\/vc_column][\/vc_row][vc_row type=\u00a0\u00bbfull_width_section\u00a0\u00bb bg_color=\u00a0\u00bb#ffffff\u00a0\u00bb][vc_column column_padding=\u00a0\u00bbpadding-3&Prime; width=\u00a0\u00bb1\/4&Prime;][\/vc_column][vc_column bg_color=\u00a0\u00bb#ffffff\u00a0\u00bb column_padding=\u00a0\u00bbpadding-3&Prime; width=\u00a0\u00bb1\/2&Prime;][vc_column_text]<\/p>\n<h3 class=\"styleh3\" style=\"text-align: center;\">Postulez d\u00e8s aujourd\u2019hui: Programme d\u2019\u00e9changes universitaires Canada-Chine<\/h3>\n<p>Le Programme d\u2019\u00e9changes universitaires Canada-Chine (PEUCC) de 2026 est d\u00e9sormais ouvert aux candidatures! Les \u00e9tudiants, professeurs, chercheurs et professionnels en milieu de carri\u00e8re et qui sont citoyens canadiens peuvent poser leur candidature. Cette bourse prestigieuse offre une chance unique de poursuivre des \u00e9tudes postsecondaires, de la recherche et une formation en langue chinoise dans des \u00e9tablissements d\u2019enseignement de renom en Chine.<\/p>\n<p>Depuis sa cr\u00e9ation en 1973, le PEUCC est une initiative phare d\u2019Affaires mondiales Canada et du minist\u00e8re de l\u2019\u00c9ducation de la R\u00e9publique populaire de Chine. Au fil des ann\u00e9es, il a jou\u00e9 un r\u00f4le essentiel dans le renforcement de la compr\u00e9hension mutuelle l\u2019\u00e9tablissement de partenariats acad\u00e9miques et professionnels solides entre les deux nations, ainsi que dans la formation d\u2019une g\u00e9n\u00e9ration de leaders canadiens poss\u00e9dant une expertise li\u00e9e \u00e0 la Chine.<\/p>\n<p>Ce programme offre des opportunit\u00e9s excitantes pour les participants suivants :<\/p>\n<ul>\n<li>\u00c9tudiants :\n<ul>\n<li>\u00c9tudiants ne cherchant pas \u00e0 obtenir un dipl\u00f4me<\/li>\n<li>\u00c9tudiants voulant l\u2019obtention d&rsquo;un dipl\u00f4me d&rsquo;\u00e9tudes sup\u00e9rieures<\/li>\n<\/ul>\n<\/li>\n<li>Enseignants \/ chercheurs<\/li>\n<li>Professionnels en milieu de carri\u00e8re<\/li>\n<\/ul>\n<p>Les modifications r\u00e9cemment apport\u00e9es au programme ont \u00e9largi les crit\u00e8res d&rsquo;admissibilit\u00e9 et cr\u00e9\u00e9 de nouvelles options de participation.<\/p>\n<p>Pour plus d\u2019informations, consultez les lignes directrices relatives aux candidatures : <a href=\"https:\/\/www.educanada.ca\/scholarships-bourses\/can\/ccsep-peucc.aspx?lang=fra&amp;utm_source=cbie-student-center&amp;utm_medium=email&amp;utm_term=&amp;utm_content=ccsep-2026-peucc&amp;utm_campaign=gac-amc-organic-scholarships-26-27_1125_fr\" target=\"_blank\" rel=\"noopener\">Programme d\u2019\u00e9changes universitaires Canada-Chine<\/a>.<\/p>\n<p>La date limite de d\u00e9p\u00f4t des candidatures est fix\u00e9e au <strong>12 janvier 2026, \u00e0 23 h 59 HNE<\/strong>. D\u00e9posez votre candidature d\u00e8s aujourd\u2019hui pour commencer votre aventure en Chine!<\/p>\n<p>Toute demande de renseignements concernant ce programme doit \u00eatre adress\u00e9e \u00e0 <a href=\"mailto:scholarships-info-bourses@international.gc.ca\">scholarships-info-bourses@international.gc.ca<\/a> ou au 613-237-4820.<\/p>\n<p>Nous vous encourageons \u00e9galement \u00e0 visiter la page web de <a href=\"https:\/\/www.educanada.ca\/scholarships-bourses\/news-nouvelles\/index.aspx?lang=fra\" target=\"_blank\" rel=\"noopener\">Bourses<\/a> et suivre \u00c9duCanada sur <a href=\"https:\/\/www.facebook.com\/EduCanada.Officiel\/\" target=\"_blank\" rel=\"noopener\">Facebook<\/a>, <a href=\"https:\/\/www.instagram.com\/educanadaofficiel\/\" target=\"_blank\" rel=\"noopener\">Instagram<\/a>, et <a href=\"https:\/\/www.linkedin.com\/company\/educanada\" target=\"_blank\" rel=\"noopener\">LinkedIn<\/a> pour des nouvelles et des mises \u00e0 jour sur le Programme de bourses internationales d\u2019Affaires mondiales Canada.<\/p>\n<p>Le <a href=\"https:\/\/cbie.ca\/fr\/\">Bureau canadien de l&rsquo;\u00e9ducation internationale<\/a> administre ce programme au nom d&rsquo;Affaires mondiales Canada.[\/vc_column_text][\/vc_column][vc_column width=\u00a0\u00bb1\/4&Prime;][\/vc_column][\/vc_row][vc_row][vc_column column_padding=\u00a0\u00bbcustom-padding\u00a0\u00bb width=\u00a0\u00bb1\/1&Prime;]<div class=\"newdivider align-center\" style=\"border-bottom-style: solid; border-color: #a7a8aa; border-bottom-width: 2px; margin-top: 0; margin-bottom: 0; width: 130px; \"><\/div><div class=\"clear\"><\/div>[\/vc_column][\/vc_row][vc_row type=\u00a0\u00bbfull_width_section\u00a0\u00bb bg_color=\u00a0\u00bb#ffffff\u00a0\u00bb][vc_column column_padding=\u00a0\u00bbpadding-3&Prime; width=\u00a0\u00bb1\/4&Prime;][\/vc_column][vc_column bg_color=\u00a0\u00bb#ffffff\u00a0\u00bb column_padding=\u00a0\u00bbpadding-3&Prime; width=\u00a0\u00bb1\/2&Prime;][vc_column_text]<\/p>\n<h3 class=\"styleh3\" style=\"text-align: center;\">Les concours d\u2019\u00e9change \u00e0 court terme d\u2019Affaires mondiales Canada sont maintenant ouverts!<\/h3>\n<p>Affaires mondiales Canada offre des bourses d&rsquo;\u00e9change de courte dur\u00e9e au Canada pour les \u00e9tudiants dans le cadre des Programmes d&rsquo;\u00e9changes \u00e0 court terme de 2025-2026. Les programmes d&rsquo;\u00e9changes de courte dur\u00e9e ont toujours pour objectif commun de promouvoir les partenariats, la mobilit\u00e9 des \u00e9tudiants et les collaborations en mati\u00e8re de recherche entre les \u00e9tablissements postsecondaires canadiens et internationaux.<\/p>\n<ul>\n<li><a href=\"https:\/\/www.educanada.ca\/scholarships-bourses\/can\/institutions\/elap-pfla.aspx?lang=fra&amp;utm_source=student-center&amp;utm_medium=cbie-web&amp;utm_term=&amp;utm_content=pfla-2025-26&amp;utm_campaign=gac-amc-organic-scholarships-cbie-24-25_125_fr\" target=\"_blank\" rel=\"noopener\">Programme des futurs leaders dans les Am\u00e9riques<\/a><\/li>\n<li><a href=\"https:\/\/www.educanada.ca\/scholarships-bourses\/can\/institutions\/study-in-canada-sep-etudes-au-canada-pct.aspx?lang=fra&amp;utm_source=student-center&amp;utm_medium=cbie-web&amp;utm_term=&amp;utm_content=bec-2025-26&amp;utm_campaign=gac-amc-organic-scholarships-cbie-24-25_125_fr\" target=\"_blank\" rel=\"noopener\">Programme de Bourses d\u2019\u00e9tudes au Canada<\/a><\/li>\n<\/ul>\n<p>Les candidats int\u00e9ress\u00e9s doivent examiner les lignes directrices de chaque programme et contacter le bureau international de leur \u00e9tablissement d\u2019origine afin d\u2019obtenir des renseignements sur les partenariats et les accords d\u2019\u00e9change d\u2019\u00e9tudiants avec les \u00e9tablissements canadiens. Les \u00e9tablissements d\u2019origine fourniront ensuite la documentation des candidats admissibles \u00e0 leurs partenaires au Canada. Les \u00e9tablissements postsecondaires canadiens doivent soumettre les demandes de bourses au nom des \u00e9tudiants des pays \/ territoires admissibles d&rsquo;ici le <strong>18 mars 2025<\/strong>.<\/p>\n<p>Toutes les demandes de renseignements concernant ce programme doivent \u00eatre adress\u00e9es \u00e0 <a href=\"mailto:scholarships-info-Bourses@international.gc.ca\">scholarships-info-Bourses@international.gc.ca<\/a> ou 613-237-4820.<\/p>\n<p>Le <a href=\"https:\/\/cbie.ca\/fr\/\">Bureau canadien de l&rsquo;\u00e9ducation internationale<\/a> administre ce programme au nom d&rsquo;Affaires mondiales Canada.[\/vc_column_text][\/vc_column][vc_column width=\u00a0\u00bb1\/4&Prime;][\/vc_column][\/vc_row][vc_row][vc_column column_padding=\u00a0\u00bbcustom-padding\u00a0\u00bb width=\u00a0\u00bb1\/1&Prime;]<div class=\"newdivider align-center\" style=\"border-bottom-style: solid; border-color: #a7a8aa; border-bottom-width: 2px; margin-top: 0; margin-bottom: 0; width: 130px; \"><\/div><div class=\"clear\"><\/div>[\/vc_column][\/vc_row][vc_row type=\u00a0\u00bbfull_width_section\u00a0\u00bb bg_color=\u00a0\u00bb#ffffff\u00a0\u00bb][vc_column column_padding=\u00a0\u00bbpadding-3&Prime; width=\u00a0\u00bb1\/4&Prime;][\/vc_column][vc_column bg_color=\u00a0\u00bb#ffffff\u00a0\u00bb column_padding=\u00a0\u00bbpadding-3&Prime; width=\u00a0\u00bb1\/2&Prime;][vc_column_text]<\/p>\n<h3 class=\"styleh3\" style=\"text-align: center;\">Possibilit\u00e9s de bourses pour les Canadiens des \u00c9tats membres de l&rsquo;O\u00c9A<\/h3>\n<p>L&rsquo;Organisation des \u00c9tats am\u00e9ricains (O\u00c9A) a lanc\u00e9 son <strong>Programme de bourses d&rsquo;\u00e9tudes sup\u00e9rieures 2025<\/strong>. Une bourse (d&rsquo;une valeur maximale de 10 000 USD par an pendant un maximum de deux ans) sera attribu\u00e9e \u00e0 un citoyen ou \u00e0 un r\u00e9sident permanent du Canada pour \u00e9tudier ou mener des recherches, au niveau de la ma\u00eetrise ou du doctorat, menant \u00e0 un dipl\u00f4me d&rsquo;une universit\u00e9 d&rsquo;un <a href=\"https:\/\/www.oas.org\/fr\/etats_membres\/default.asp\" target=\"_blank\" rel=\"noopener\">\u00c9tat membre de l&rsquo;O\u00c9A<\/a>. La bourse est valable pour des \u00e9tudes commen\u00e7ant entre janvier et d\u00e9cembre 2025. Pour plus de d\u00e9tails sur le programme et pour soumettre une demande avant la date limite du 13 mars 2025, visitez : <a href=\"https:\/\/www.educanada.ca\/scholarships-bourses\/can\/oas-oea.aspx?lang=fra&amp;utm_source=student-center&amp;utm_medium=cbie-web&amp;utm_term=&amp;utm_content=oea-2025-promo&amp;utm_campaign=gac-amc-organic-scholarships-cbie-24-25_125_fr\" target=\"_blank\" rel=\"noopener\">Programme de bourses acad\u00e9miques de l&rsquo;O\u00c9A<\/a>.<\/p>\n<p>Toutes les demandes de renseignements concernant ce programme doivent \u00eatre adress\u00e9es \u00e0 <a href=\"mailto:scholarships-info-bourses@international.gc.ca\">scholarships-info-bourses@international.gc.ca<\/a> ou 613-237-4820.<\/p>\n<p>Inscrivez-vous au <a href=\"http:\/\/www.scholarships-bourses.gc.ca\/scholarships-bourses\/news-nouvelles\/subscribe-abonnement.aspx?lang=fra\" target=\"_blank\" rel=\"noopener\">fil de nouvelles RSS sur les Bourses internationales<\/a> afin d\u2019\u00eatre inform\u00e9 des dates de lancement de concours et d\u2019autres nouvelles concernant le Programme de bourses internationales d\u2019Affaires mondiales Canada.<\/p>\n<p>N\u2019h\u00e9sitez pas \u00e0 diffuser cette information \u00e0 travers vos r\u00e9seaux.<\/p>\n<p>Le <a href=\"https:\/\/cbie.ca\/fr\/\" target=\"_blank\" rel=\"noopener\">Bureau canadien de l&rsquo;\u00e9ducation internationale<\/a> administre ce programme au nom d&rsquo;Affaires mondiales Canada.[\/vc_column_text][\/vc_column][vc_column width=\u00a0\u00bb1\/4&Prime;][\/vc_column][\/vc_row][vc_row type=\u00a0\u00bbfull_width_section\u00a0\u00bb bg_color=\u00a0\u00bb#f5f5f5&Prime; text_align=\u00a0\u00bbcenter\u00a0\u00bb][vc_column column_padding=\u00a0\u00bbpadding-3&Prime; column_center=\u00a0\u00bbtrue\u00a0\u00bb width=\u00a0\u00bb3\/5&Prime;][vc_column_text]<\/p>\n<h3 style=\"text-align: center;\">Autres ressources sur les bourses :<\/h3>\n<p>[\/vc_column_text]<div class=\"newdivider align-center\" style=\"border-bottom-style: solid; border-color: #a7a8aa; border-bottom-width: 2px; margin-top: 30px; margin-bottom: 30px; width: 130px; \"><\/div><div class=\"clear\"><\/div><div class=\"minti_list wpb_content_element color-accent plus show_separator\" style=\"padding-left: 40px;\">\n<ul>\n<li style=\"text-align: left;\"><a href=\"http:\/\/www.scholarships-bourses.gc.ca\/scholarships-bourses\/can\/csp_nzl-pbc_nzl.aspx?lang=fra\">Programmes propos\u00e9s par le gouvernement du Canada<\/a><\/li>\n<li style=\"text-align: left;\"><a href=\"http:\/\/www.nserc-crsng.gc.ca\/\">Conseil de recherches en sciences naturelles et en g\u00e9nie<\/a><\/li>\n<li style=\"text-align: left;\"><a href=\"http:\/\/www.sshrc-crsh.gc.ca\/\">Conseil de recherches en sciences humaines<\/a><\/li>\n<li style=\"text-align: left;\"><a href=\"http:\/\/www.cihr-irsc.gc.ca\/\">Instituts de recherche<\/a><\/li>\n<li style=\"text-align: left;\"><a href=\"http:\/\/www.edu.gov.on.ca\/fre\/relsites\/oth_prov.html\">Minist\u00e8res de l&rsquo;\u00c9ducation par Province<\/a><\/li>\n<li style=\"text-align: left;\"><a href=\"http:\/\/www.trudeaufoundation.ca\/fr\">Fondation Trudeau<\/a><\/li>\n<li style=\"text-align: left;\"><a href=\"http:\/\/www.univcan.ca\/\">Universit\u00e9s Canada<\/a><\/li>\n<li style=\"text-align: left;\"><a href=\"https:\/\/www.collegesinstitutes.ca\/fr\/\">Coll\u00e8ges et Instituts Canada<\/a><\/li>\n<\/ul>\n<\/div>[\/vc_column][vc_column column_padding=\u00a0\u00bbpadding-3&Prime; column_center=\u00a0\u00bbtrue\u00a0\u00bb text_align=\u00a0\u00bbcenter\u00a0\u00bb width=\u00a0\u00bb2\/5&Prime;]<div class=\"single_image wpb_content_element align-center    \" data-animation=\"none\" data-delay=\"0\"><img loading=\"lazy\" decoding=\"async\" width=\"1000\" height=\"667\" src=\"https:\/\/cbie.ca\/wp-content\/uploads\/2018\/07\/Campus.jpg\" class=\"attachment-full\" alt=\"\" title=\"Campus\" srcset=\"https:\/\/cbie.ca\/wp-content\/uploads\/2018\/07\/Campus.jpg 1000w, https:\/\/cbie.ca\/wp-content\/uploads\/2018\/07\/Campus-300x200.jpg 300w, https:\/\/cbie.ca\/wp-content\/uploads\/2018\/07\/Campus-768x512.jpg 768w, https:\/\/cbie.ca\/wp-content\/uploads\/2018\/07\/Campus-600x400.jpg 600w\" sizes=\"auto, (max-width: 1000px) 100vw, 1000px\" \/><\/div>[\/vc_column][\/vc_row]<\/p>\n<\/div>","protected":false},"excerpt":{"rendered":"<p>[vc_row bg_image=\u00a0\u00bb35610&Prime;][vc_column column_padding=\u00a0\u00bbpadding-3&Prime; text_align=\u00a0\u00bbcenter\u00a0\u00bb width=\u00a0\u00bb1\/1&Prime;][vc_column_text] Centre \u00c9tudiant [\/vc_column_text][\/vc_column][\/vc_row][vc_row type=\u00a0\u00bbfull_width_section\u00a0\u00bb bg_color=\u00a0\u00bb#ffffff\u00a0\u00bb text_align=\u00a0\u00bbcenter\u00a0\u00bb top_padding=\u00a0\u00bb40&Prime;][vc_column width=\u00a0\u00bb1\/1&Prime;][vc_column_text] Bourses en vedette [\/vc_column_text][\/vc_column][\/vc_row][vc_row type=\u00a0\u00bbfull_width_section\u00a0\u00bb bg_color=\u00a0\u00bb#ffffff\u00a0\u00bb][vc_column column_padding=\u00a0\u00bbpadding-3&Prime; width=\u00a0\u00bb1\/4&Prime;][\/vc_column][vc_column bg_color=\u00a0\u00bb#ffffff\u00a0\u00bb column_padding=\u00a0\u00bbpadding-3&Prime; width=\u00a0\u00bb1\/2&Prime;][vc_column_text] Postulez d\u00e8s aujourd\u2019hui: Programme d\u2019\u00e9changes universitaires [&hellip;]<\/p>\n","protected":false},"author":2,"featured_media":0,"parent":17119,"menu_order":0,"comment_status":"closed","ping_status":"closed","template":"","meta":{"_acf_changed":false,"footnotes":""},"class_list":["post-24104","page","type-page","status-publish","hentry"],"acf":[],"yoast_head":"<!-- This site is optimized with the Yoast SEO plugin v27.5 - https:\/\/yoast.com\/product\/yoast-seo-wordpress\/ -->\n<title>Centre \u00c9tudiant - CBIE<\/title>\n<meta name=\"robots\" content=\"index, follow, max-snippet:-1, max-image-preview:large, max-video-preview:-1\" \/>\n<link rel=\"canonical\" href=\"https:\/\/cbie.ca\/fr\/notre-reseau\/centre-etudiant\/\" \/>\n<meta property=\"og:locale\" content=\"fr_FR\" \/>\n<meta property=\"og:type\" content=\"article\" \/>\n<meta property=\"og:title\" content=\"Centre \u00c9tudiant - CBIE\" \/>\n<meta property=\"og:description\" content=\"[vc_row bg_image=\u00a0\u00bb35610&Prime;][vc_column column_padding=\u00a0\u00bbpadding-3&Prime; text_align=\u00a0\u00bbcenter\u00a0\u00bb width=\u00a0\u00bb1\/1&Prime;][vc_column_text] Centre \u00c9tudiant [\/vc_column_text][\/vc_column][\/vc_row][vc_row type=\u00a0\u00bbfull_width_section\u00a0\u00bb bg_color=\u00a0\u00bb#ffffff\u00a0\u00bb text_align=\u00a0\u00bbcenter\u00a0\u00bb top_padding=\u00a0\u00bb40&Prime;][vc_column width=\u00a0\u00bb1\/1&Prime;][vc_column_text] Bourses en vedette [\/vc_column_text][\/vc_column][\/vc_row][vc_row type=\u00a0\u00bbfull_width_section\u00a0\u00bb bg_color=\u00a0\u00bb#ffffff\u00a0\u00bb][vc_column column_padding=\u00a0\u00bbpadding-3&Prime; width=\u00a0\u00bb1\/4&Prime;][\/vc_column][vc_column bg_color=\u00a0\u00bb#ffffff\u00a0\u00bb column_padding=\u00a0\u00bbpadding-3&Prime; width=\u00a0\u00bb1\/2&Prime;][vc_column_text] Postulez d\u00e8s aujourd\u2019hui: Programme d\u2019\u00e9changes universitaires [&hellip;]\" \/>\n<meta property=\"og:url\" content=\"https:\/\/cbie.ca\/fr\/notre-reseau\/centre-etudiant\/\" \/>\n<meta property=\"og:site_name\" content=\"CBIE\" \/>\n<meta property=\"article:modified_time\" content=\"2025-11-06T19:30:54+00:00\" \/>\n<meta property=\"og:image\" content=\"https:\/\/cbie.ca\/wp-content\/uploads\/2024\/01\/CBIE-Announcement-EN.png\" \/>\n\t<meta property=\"og:image:width\" content=\"1600\" \/>\n\t<meta property=\"og:image:height\" content=\"900\" \/>\n\t<meta property=\"og:image:type\" content=\"image\/png\" \/>\n<meta name=\"twitter:card\" content=\"summary_large_image\" \/>\n<meta name=\"twitter:label1\" content=\"Dur\u00e9e de lecture estim\u00e9e\" \/>\n\t<meta name=\"twitter:data1\" content=\"4 minutes\" \/>\n<script type=\"application\/ld+json\" class=\"yoast-schema-graph\">{\"@context\":\"https:\\\/\\\/schema.org\",\"@graph\":[{\"@type\":\"WebPage\",\"@id\":\"https:\\\/\\\/cbie.ca\\\/fr\\\/notre-reseau\\\/centre-etudiant\\\/\",\"url\":\"https:\\\/\\\/cbie.ca\\\/fr\\\/notre-reseau\\\/centre-etudiant\\\/\",\"name\":\"Centre \u00c9tudiant - CBIE\",\"isPartOf\":{\"@id\":\"https:\\\/\\\/cbie.ca\\\/#website\"},\"datePublished\":\"2016-11-25T15:52:57+00:00\",\"dateModified\":\"2025-11-06T19:30:54+00:00\",\"breadcrumb\":{\"@id\":\"https:\\\/\\\/cbie.ca\\\/fr\\\/notre-reseau\\\/centre-etudiant\\\/#breadcrumb\"},\"inLanguage\":\"fr-FR\",\"potentialAction\":[{\"@type\":\"ReadAction\",\"target\":[\"https:\\\/\\\/cbie.ca\\\/fr\\\/notre-reseau\\\/centre-etudiant\\\/\"]}]},{\"@type\":\"BreadcrumbList\",\"@id\":\"https:\\\/\\\/cbie.ca\\\/fr\\\/notre-reseau\\\/centre-etudiant\\\/#breadcrumb\",\"itemListElement\":[{\"@type\":\"ListItem\",\"position\":1,\"name\":\"Home\",\"item\":\"https:\\\/\\\/cbie.ca\\\/fr\\\/\"},{\"@type\":\"ListItem\",\"position\":2,\"name\":\"Notre R\u00e9seau\",\"item\":\"https:\\\/\\\/cbie.ca\\\/fr\\\/notre-reseau\\\/\"},{\"@type\":\"ListItem\",\"position\":3,\"name\":\"Centre \u00c9tudiant\"}]},{\"@type\":\"WebSite\",\"@id\":\"https:\\\/\\\/cbie.ca\\\/#website\",\"url\":\"https:\\\/\\\/cbie.ca\\\/\",\"name\":\"Canadian Bureau for International Education\",\"description\":\"\",\"potentialAction\":[{\"@type\":\"SearchAction\",\"target\":{\"@type\":\"EntryPoint\",\"urlTemplate\":\"https:\\\/\\\/cbie.ca\\\/?s={search_term_string}\"},\"query-input\":{\"@type\":\"PropertyValueSpecification\",\"valueRequired\":true,\"valueName\":\"search_term_string\"}}],\"inLanguage\":\"fr-FR\"}]}<\/script>\n<!-- \/ Yoast SEO plugin. -->","yoast_head_json":{"title":"Centre \u00c9tudiant - CBIE","robots":{"index":"index","follow":"follow","max-snippet":"max-snippet:-1","max-image-preview":"max-image-preview:large","max-video-preview":"max-video-preview:-1"},"canonical":"https:\/\/cbie.ca\/fr\/notre-reseau\/centre-etudiant\/","og_locale":"fr_FR","og_type":"article","og_title":"Centre \u00c9tudiant - CBIE","og_description":"[vc_row bg_image=\u00a0\u00bb35610&Prime;][vc_column column_padding=\u00a0\u00bbpadding-3&Prime; text_align=\u00a0\u00bbcenter\u00a0\u00bb width=\u00a0\u00bb1\/1&Prime;][vc_column_text] Centre \u00c9tudiant [\/vc_column_text][\/vc_column][\/vc_row][vc_row type=\u00a0\u00bbfull_width_section\u00a0\u00bb bg_color=\u00a0\u00bb#ffffff\u00a0\u00bb text_align=\u00a0\u00bbcenter\u00a0\u00bb top_padding=\u00a0\u00bb40&Prime;][vc_column width=\u00a0\u00bb1\/1&Prime;][vc_column_text] Bourses en vedette [\/vc_column_text][\/vc_column][\/vc_row][vc_row type=\u00a0\u00bbfull_width_section\u00a0\u00bb bg_color=\u00a0\u00bb#ffffff\u00a0\u00bb][vc_column column_padding=\u00a0\u00bbpadding-3&Prime; width=\u00a0\u00bb1\/4&Prime;][\/vc_column][vc_column bg_color=\u00a0\u00bb#ffffff\u00a0\u00bb column_padding=\u00a0\u00bbpadding-3&Prime; width=\u00a0\u00bb1\/2&Prime;][vc_column_text] Postulez d\u00e8s aujourd\u2019hui: Programme d\u2019\u00e9changes universitaires [&hellip;]","og_url":"https:\/\/cbie.ca\/fr\/notre-reseau\/centre-etudiant\/","og_site_name":"CBIE","article_modified_time":"2025-11-06T19:30:54+00:00","og_image":[{"width":1600,"height":900,"url":"https:\/\/cbie.ca\/wp-content\/uploads\/2024\/01\/CBIE-Announcement-EN.png","type":"image\/png"}],"twitter_card":"summary_large_image","twitter_misc":{"Dur\u00e9e de lecture estim\u00e9e":"4 minutes"},"schema":{"@context":"https:\/\/schema.org","@graph":[{"@type":"WebPage","@id":"https:\/\/cbie.ca\/fr\/notre-reseau\/centre-etudiant\/","url":"https:\/\/cbie.ca\/fr\/notre-reseau\/centre-etudiant\/","name":"Centre \u00c9tudiant - CBIE","isPartOf":{"@id":"https:\/\/cbie.ca\/#website"},"datePublished":"2016-11-25T15:52:57+00:00","dateModified":"2025-11-06T19:30:54+00:00","breadcrumb":{"@id":"https:\/\/cbie.ca\/fr\/notre-reseau\/centre-etudiant\/#breadcrumb"},"inLanguage":"fr-FR","potentialAction":[{"@type":"ReadAction","target":["https:\/\/cbie.ca\/fr\/notre-reseau\/centre-etudiant\/"]}]},{"@type":"BreadcrumbList","@id":"https:\/\/cbie.ca\/fr\/notre-reseau\/centre-etudiant\/#breadcrumb","itemListElement":[{"@type":"ListItem","position":1,"name":"Home","item":"https:\/\/cbie.ca\/fr\/"},{"@type":"ListItem","position":2,"name":"Notre R\u00e9seau","item":"https:\/\/cbie.ca\/fr\/notre-reseau\/"},{"@type":"ListItem","position":3,"name":"Centre \u00c9tudiant"}]},{"@type":"WebSite","@id":"https:\/\/cbie.ca\/#website","url":"https:\/\/cbie.ca\/","name":"Canadian Bureau for International Education","description":"","potentialAction":[{"@type":"SearchAction","target":{"@type":"EntryPoint","urlTemplate":"https:\/\/cbie.ca\/?s={search_term_string}"},"query-input":{"@type":"PropertyValueSpecification","valueRequired":true,"valueName":"search_term_string"}}],"inLanguage":"fr-FR"}]}},"_links":{"self":[{"href":"https:\/\/cbie.ca\/fr\/wp-json\/wp\/v2\/pages\/24104","targetHints":{"allow":["GET"]}}],"collection":[{"href":"https:\/\/cbie.ca\/fr\/wp-json\/wp\/v2\/pages"}],"about":[{"href":"https:\/\/cbie.ca\/fr\/wp-json\/wp\/v2\/types\/page"}],"author":[{"embeddable":true,"href":"https:\/\/cbie.ca\/fr\/wp-json\/wp\/v2\/users\/2"}],"replies":[{"embeddable":true,"href":"https:\/\/cbie.ca\/fr\/wp-json\/wp\/v2\/comments?post=24104"}],"version-history":[{"count":4,"href":"https:\/\/cbie.ca\/fr\/wp-json\/wp\/v2\/pages\/24104\/revisions"}],"predecessor-version":[{"id":119323,"href":"https:\/\/cbie.ca\/fr\/wp-json\/wp\/v2\/pages\/24104\/revisions\/119323"}],"up":[{"embeddable":true,"href":"https:\/\/cbie.ca\/fr\/wp-json\/wp\/v2\/pages\/17119"}],"wp:attachment":[{"href":"https:\/\/cbie.ca\/fr\/wp-json\/wp\/v2\/media?parent=24104"}],"curies":[{"name":"wp","href":"https:\/\/api.w.org\/{rel}","templated":true}]}}