{"id":21638,"date":"2016-07-14T17:12:05","date_gmt":"2016-07-14T21:12:05","guid":{"rendered":"https:\/\/cbieca.wpenginepowered.com\/?page_id=21638&#038;lang=fr"},"modified":"2025-03-21T15:27:10","modified_gmt":"2025-03-21T19:27:10","slug":"faits-et-chiffres","status":"publish","type":"page","link":"https:\/\/cbie.ca\/fr\/media\/faits-et-chiffres\/","title":{"rendered":"Faits et chiffres"},"content":{"rendered":"<div class=\"wpb-content-wrapper\"><p>[vc_row type=\u00a0\u00bbfull_width_section\u00a0\u00bb text_align=\u00a0\u00bbcenter\u00a0\u00bb][vc_column column_padding=\u00a0\u00bbpadding-3&Prime; width=\u00a0\u00bb1\/1&Prime;][vc_column_text]<\/p>\n<h1 style=\"text-align: center; color: #01426a;\">Faits et chiffres<\/h1>\n<p>[\/vc_column_text]<div class=\"newdivider align-center\" style=\"border-bottom-style: solid; border-color: #ffc72c; border-bottom-width: 2px; margin-top: 30px; margin-bottom: 30px; width: 130px; \"><\/div><div class=\"clear\"><\/div>[vc_column_text]<\/p>\n<h5 style=\"text-align: center;\">R\u00e9sultats et potentiel du Canada en mati\u00e8re d\u0309\u00e9ducation internationale<\/h5>\n<p>[\/vc_column_text]<div class=\"spacer\" style=\"height: 40px;\"><\/div><a href=\"https:\/\/cbie.ca\/fr\/media\/faits-et-chiffres\/etudiants-internationaux\/\" target=\"_self\" class=\"button color-1 small btn-blue\" style=\"border-radius: 2px;\">Les \u00e9tudiants internationaux au Canada<\/a><a href=\"https:\/\/cbie.ca\/fr\/media\/faits-et-chiffres\/etudiants-canadiens\/\" target=\"_self\" class=\"button color-1 small btn-blue\" style=\"border-radius: 2px;\">Les \u00e9tudiants canadiens \u00e0 l&rsquo;\u00e9tranger<\/a>[\/vc_column][\/vc_row]<\/p>\n<\/div>","protected":false},"excerpt":{"rendered":"<p>[vc_row type=\u00a0\u00bbfull_width_section\u00a0\u00bb text_align=\u00a0\u00bbcenter\u00a0\u00bb][vc_column column_padding=\u00a0\u00bbpadding-3&Prime; width=\u00a0\u00bb1\/1&Prime;][vc_column_text] Faits et chiffres [\/vc_column_text][vc_column_text] R\u00e9sultats et potentiel du Canada en mati\u00e8re d\u0309\u00e9ducation internationale [\/vc_column_text][\/vc_column][\/vc_row]<\/p>\n","protected":false},"author":63,"featured_media":0,"parent":18012,"menu_order":0,"comment_status":"closed","ping_status":"closed","template":"","meta":{"_acf_changed":false,"footnotes":""},"class_list":["post-21638","page","type-page","status-publish","hentry"],"acf":[],"yoast_head":"<!-- This site is optimized with the Yoast SEO plugin v27.3 - https:\/\/yoast.com\/product\/yoast-seo-wordpress\/ -->\n<title>Faits et chiffres - CBIE<\/title>\n<meta name=\"robots\" content=\"index, follow, max-snippet:-1, max-image-preview:large, max-video-preview:-1\" \/>\n<link rel=\"canonical\" href=\"https:\/\/cbie.ca\/fr\/media\/faits-et-chiffres\/\" \/>\n<meta property=\"og:locale\" content=\"fr_FR\" \/>\n<meta property=\"og:type\" content=\"article\" \/>\n<meta property=\"og:title\" content=\"Faits et chiffres - CBIE\" \/>\n<meta property=\"og:description\" content=\"[vc_row type=\u00a0\u00bbfull_width_section\u00a0\u00bb text_align=\u00a0\u00bbcenter\u00a0\u00bb][vc_column column_padding=\u00a0\u00bbpadding-3&Prime; width=\u00a0\u00bb1\/1&Prime;][vc_column_text] Faits et chiffres [\/vc_column_text][vc_column_text] R\u00e9sultats et potentiel du Canada en mati\u00e8re d\u0309\u00e9ducation internationale [\/vc_column_text][\/vc_column][\/vc_row]\" \/>\n<meta property=\"og:url\" content=\"https:\/\/cbie.ca\/fr\/media\/faits-et-chiffres\/\" \/>\n<meta property=\"og:site_name\" content=\"CBIE\" \/>\n<meta property=\"article:modified_time\" content=\"2025-03-21T19:27:10+00:00\" \/>\n<meta property=\"og:image\" content=\"https:\/\/cbie.ca\/wp-content\/uploads\/2024\/01\/CBIE-Announcement-EN.png\" \/>\n\t<meta property=\"og:image:width\" content=\"1600\" \/>\n\t<meta property=\"og:image:height\" content=\"900\" \/>\n\t<meta property=\"og:image:type\" content=\"image\/png\" \/>\n<meta name=\"twitter:card\" content=\"summary_large_image\" \/>\n<meta name=\"twitter:label1\" content=\"Dur\u00e9e de lecture estim\u00e9e\" \/>\n\t<meta name=\"twitter:data1\" content=\"1 minute\" \/>\n<script type=\"application\/ld+json\" class=\"yoast-schema-graph\">{\"@context\":\"https:\\\/\\\/schema.org\",\"@graph\":[{\"@type\":\"WebPage\",\"@id\":\"https:\\\/\\\/cbie.ca\\\/fr\\\/media\\\/faits-et-chiffres\\\/\",\"url\":\"https:\\\/\\\/cbie.ca\\\/fr\\\/media\\\/faits-et-chiffres\\\/\",\"name\":\"Faits et chiffres - CBIE\",\"isPartOf\":{\"@id\":\"https:\\\/\\\/cbie.ca\\\/#website\"},\"datePublished\":\"2016-07-14T21:12:05+00:00\",\"dateModified\":\"2025-03-21T19:27:10+00:00\",\"breadcrumb\":{\"@id\":\"https:\\\/\\\/cbie.ca\\\/fr\\\/media\\\/faits-et-chiffres\\\/#breadcrumb\"},\"inLanguage\":\"fr-FR\",\"potentialAction\":[{\"@type\":\"ReadAction\",\"target\":[\"https:\\\/\\\/cbie.ca\\\/fr\\\/media\\\/faits-et-chiffres\\\/\"]}]},{\"@type\":\"BreadcrumbList\",\"@id\":\"https:\\\/\\\/cbie.ca\\\/fr\\\/media\\\/faits-et-chiffres\\\/#breadcrumb\",\"itemListElement\":[{\"@type\":\"ListItem\",\"position\":1,\"name\":\"Home\",\"item\":\"https:\\\/\\\/cbie.ca\\\/fr\\\/\"},{\"@type\":\"ListItem\",\"position\":2,\"name\":\"M\u00e9dia\",\"item\":\"https:\\\/\\\/cbie.ca\\\/media\\\/\"},{\"@type\":\"ListItem\",\"position\":3,\"name\":\"Faits et chiffres\"}]},{\"@type\":\"WebSite\",\"@id\":\"https:\\\/\\\/cbie.ca\\\/#website\",\"url\":\"https:\\\/\\\/cbie.ca\\\/\",\"name\":\"Canadian Bureau for International Education\",\"description\":\"\",\"potentialAction\":[{\"@type\":\"SearchAction\",\"target\":{\"@type\":\"EntryPoint\",\"urlTemplate\":\"https:\\\/\\\/cbie.ca\\\/?s={search_term_string}\"},\"query-input\":{\"@type\":\"PropertyValueSpecification\",\"valueRequired\":true,\"valueName\":\"search_term_string\"}}],\"inLanguage\":\"fr-FR\"}]}<\/script>\n<!-- \/ Yoast SEO plugin. -->","yoast_head_json":{"title":"Faits et chiffres - CBIE","robots":{"index":"index","follow":"follow","max-snippet":"max-snippet:-1","max-image-preview":"max-image-preview:large","max-video-preview":"max-video-preview:-1"},"canonical":"https:\/\/cbie.ca\/fr\/media\/faits-et-chiffres\/","og_locale":"fr_FR","og_type":"article","og_title":"Faits et chiffres - CBIE","og_description":"[vc_row type=\u00a0\u00bbfull_width_section\u00a0\u00bb text_align=\u00a0\u00bbcenter\u00a0\u00bb][vc_column column_padding=\u00a0\u00bbpadding-3&Prime; width=\u00a0\u00bb1\/1&Prime;][vc_column_text] Faits et chiffres [\/vc_column_text][vc_column_text] R\u00e9sultats et potentiel du Canada en mati\u00e8re d\u0309\u00e9ducation internationale [\/vc_column_text][\/vc_column][\/vc_row]","og_url":"https:\/\/cbie.ca\/fr\/media\/faits-et-chiffres\/","og_site_name":"CBIE","article_modified_time":"2025-03-21T19:27:10+00:00","og_image":[{"width":1600,"height":900,"url":"https:\/\/cbie.ca\/wp-content\/uploads\/2024\/01\/CBIE-Announcement-EN.png","type":"image\/png"}],"twitter_card":"summary_large_image","twitter_misc":{"Dur\u00e9e de lecture estim\u00e9e":"1 minute"},"schema":{"@context":"https:\/\/schema.org","@graph":[{"@type":"WebPage","@id":"https:\/\/cbie.ca\/fr\/media\/faits-et-chiffres\/","url":"https:\/\/cbie.ca\/fr\/media\/faits-et-chiffres\/","name":"Faits et chiffres - CBIE","isPartOf":{"@id":"https:\/\/cbie.ca\/#website"},"datePublished":"2016-07-14T21:12:05+00:00","dateModified":"2025-03-21T19:27:10+00:00","breadcrumb":{"@id":"https:\/\/cbie.ca\/fr\/media\/faits-et-chiffres\/#breadcrumb"},"inLanguage":"fr-FR","potentialAction":[{"@type":"ReadAction","target":["https:\/\/cbie.ca\/fr\/media\/faits-et-chiffres\/"]}]},{"@type":"BreadcrumbList","@id":"https:\/\/cbie.ca\/fr\/media\/faits-et-chiffres\/#breadcrumb","itemListElement":[{"@type":"ListItem","position":1,"name":"Home","item":"https:\/\/cbie.ca\/fr\/"},{"@type":"ListItem","position":2,"name":"M\u00e9dia","item":"https:\/\/cbie.ca\/media\/"},{"@type":"ListItem","position":3,"name":"Faits et chiffres"}]},{"@type":"WebSite","@id":"https:\/\/cbie.ca\/#website","url":"https:\/\/cbie.ca\/","name":"Canadian Bureau for International Education","description":"","potentialAction":[{"@type":"SearchAction","target":{"@type":"EntryPoint","urlTemplate":"https:\/\/cbie.ca\/?s={search_term_string}"},"query-input":{"@type":"PropertyValueSpecification","valueRequired":true,"valueName":"search_term_string"}}],"inLanguage":"fr-FR"}]}},"_links":{"self":[{"href":"https:\/\/cbie.ca\/fr\/wp-json\/wp\/v2\/pages\/21638","targetHints":{"allow":["GET"]}}],"collection":[{"href":"https:\/\/cbie.ca\/fr\/wp-json\/wp\/v2\/pages"}],"about":[{"href":"https:\/\/cbie.ca\/fr\/wp-json\/wp\/v2\/types\/page"}],"author":[{"embeddable":true,"href":"https:\/\/cbie.ca\/fr\/wp-json\/wp\/v2\/users\/63"}],"replies":[{"embeddable":true,"href":"https:\/\/cbie.ca\/fr\/wp-json\/wp\/v2\/comments?post=21638"}],"version-history":[{"count":2,"href":"https:\/\/cbie.ca\/fr\/wp-json\/wp\/v2\/pages\/21638\/revisions"}],"predecessor-version":[{"id":117430,"href":"https:\/\/cbie.ca\/fr\/wp-json\/wp\/v2\/pages\/21638\/revisions\/117430"}],"up":[{"embeddable":true,"href":"https:\/\/cbie.ca\/fr\/wp-json\/wp\/v2\/pages\/18012"}],"wp:attachment":[{"href":"https:\/\/cbie.ca\/fr\/wp-json\/wp\/v2\/media?parent=21638"}],"curies":[{"name":"wp","href":"https:\/\/api.w.org\/{rel}","templated":true}]}}