{"id":20276,"date":"2016-06-10T14:12:39","date_gmt":"2016-06-10T14:12:39","guid":{"rendered":"https:\/\/cbieca.wpenginepowered.com\/?page_id=20276&#038;lang=fr"},"modified":"2019-08-15T11:33:44","modified_gmt":"2019-08-15T15:33:44","slug":"lexique-du-canada-sur-les-etudes-a-letranger","status":"publish","type":"page","link":"https:\/\/cbie.ca\/fr\/who-we-are\/institutional-resources\/lexique-du-canada-sur-les-etudes-a-letranger\/","title":{"rendered":"Lexique du Canada sur les \u00e9tudes \u00e0 l\u2019\u00e9tranger"},"content":{"rendered":"<div class=\"wpb-content-wrapper\"><p>[vc_row type=\u00a0\u00bbfull_width_section\u00a0\u00bb text_color=\u00a0\u00bblight\u00a0\u00bb text_align=\u00a0\u00bbcenter\u00a0\u00bb][vc_column el_class=\u00a0\u00bbfull\u00a0\u00bb bg_color=\u00a0\u00bb#00273d\u00a0\u00bb column_padding=\u00a0\u00bbpadding-3&Prime; column_center=\u00a0\u00bbtrue\u00a0\u00bb text_color=\u00a0\u00bblight\u00a0\u00bb text_align=\u00a0\u00bbcenter\u00a0\u00bb width=\u00a0\u00bb1\/1&Prime;][vc_column_text]<\/p>\n<p style=\"text-align: center;\">Le lexique du Canada sur les \u00e9tudes \u00e0 l\u2019\u00e9tranger comprend des termes et des d\u00e9finitions utilis\u00e9es par les \u00e9tablissements d\u2019enseignement et les pouvoirs publics afin de cr\u00e9er des programmes de mobilit\u00e9 internationale et de suivre la participation de leurs \u00e9tudiants \u00e0 ces programmes.. Leur adoption et leur utilisation par le secteur de l\u2019\u00e9ducation au Canada favoriseront l\u2019uniformit\u00e9 des statistiques et am\u00e9lioreront la compr\u00e9hension des types d\u2019activit\u00e9s de formation \u00e0 l\u2019\u00e9tranger que les \u00e9tudiants canadiens entreprennent.<\/p>\n<p>[\/vc_column_text][\/vc_column][\/vc_row][vc_row][vc_column width=\u00a0\u00bb1\/2&Prime;]<div class=\"spacer\" style=\"height: 40px;\"><\/div>[vc_column_text]<\/p>\n<h5>Projets communautaires \u00e0 l\u2019\u00e9tranger<\/h5>\n<p>Activit\u00e9 cr\u00e9dit\u00e9e ou non-cr\u00e9dit\u00e9e \u00e0 l&rsquo;\u00e9tranger qui implique des partenaires communautaires ou des organisations qui travaillent directement avec des \u00e9tudiants sur des projets d&rsquo;int\u00e9r\u00eats communautaires.<\/p>\n<h5>Cotutelle<\/h5>\n<p>Programme d&rsquo;\u00e9tudes sup\u00e9rieures impliquant la direction conjointe de la th\u00e8se d&rsquo;un \u00e9tudiant par des professeurs en provenance des \u00e9tablissements d&rsquo;origine et d&rsquo;accueil. Si l&rsquo;\u00e9tudiant r\u00e9pond aux exigences de dipl\u00f4me des deux \u00e9tablissements, deux dipl\u00f4mes individuels peuvent \u00eatre accord\u00e9s \u00e0 l&rsquo;\u00e9tudiant, un de chaque \u00e9tablissement. Les modalit\u00e9s pour une cotutelle sont faites sur une base individuelle pour chaque \u00e9tudiant.<\/p>\n<h5>Double dipl\u00f4me<\/h5>\n<p>Accord institutionnel utilis\u00e9 pour d\u00e9velopper les exigences d\u2019un dipl\u00f4me satisfaisant aux exigences acad\u00e9miques des \u00e9tablissements d\u2019accueil et d\u2019origine permettant \u00e0 l&rsquo;\u00e9tudiant de recevoir deux dipl\u00f4mes, soit un de chaque \u00e9tablissement.<\/p>\n<h5>\u00c9ducation \u00e0 l\u2019\u00e9tranger<\/h5>\n<p>\u00c9ducation qui se produit \u00e0 l&rsquo;ext\u00e9rieur de l&rsquo;universit\u00e9 d&rsquo;origine du participant. En plus des \u00e9tudes \u00e0 l&rsquo;\u00e9tranger, d\u2019autres exemples d\u2019exp\u00e9riences internationales sont le travail, le b\u00e9n\u00e9volat, les stages non cr\u00e9dit\u00e9s et le voyage dirig\u00e9, en autant que ces programmes sont dirig\u00e9s de fa\u00e7on significative par des objectifs d&rsquo;apprentissage.(Remarque: adapt\u00e9 du Glossary of Education Abroad, Forum on Education Abroad 2011.)<\/p>\n<h5>\u00c9ducation exp\u00e9rientielle<\/h5>\n<p>Activit\u00e9s \u00e9ducatives qui impliquent l&rsquo;apprentissage \u00e0 l&rsquo;ext\u00e9rieur de la salle de classe, qui peut ou non impliquer des d\u00e9placements \u00e0 l&rsquo;\u00e9tranger.<\/p>\n<h5>Programme dirig\u00e9 par un professeur<\/h5>\n<p>Activit\u00e9 de formation \u00e0 l&rsquo;\u00e9tranger impliquant un groupe d&rsquo;\u00e9tudiants sous la supervision d&rsquo;un professeur d&rsquo;\u00e9tablissement d\u2019origine.<\/p>\n<h5>\u00c9cole de terrain<\/h5>\n<p>Exp\u00e9rience structur\u00e9e d\u2019apprentissage en groupe qui se d\u00e9roule \u00e0 l&rsquo;ext\u00e9rieur de la salle de classe dans un endroit qui agit comme un \u00abport d\u2019attache\u00bb pour les \u00e9tudes. Des centres d\u2019apprentissage traitant de th\u00e8mes qui b\u00e9n\u00e9ficient de ressources (culturelles, environnementales ou acad\u00e9miques) disponibles \u00e0 ou pr\u00e8s de l&#8217;emplacement de l&rsquo;\u00e9cole de terrain.<\/p>\n<h5>\u00c9tude ou voyage sur le terrain<\/h5>\n<p>Semblable \u00e0 une \u00e9cole de terrain mais habituellement de plus courte dur\u00e9e et non confin\u00e9 \u00e0 une seule destination.<\/p>\n<h5>Programme de famille d&rsquo;accueil<\/h5>\n<p>Type de logement visant \u00e0 accro\u00eetre les comp\u00e9tences culturelles et linguistiques des participants qui vivent au domicile d&rsquo;un r\u00e9sident local, souvent une famille.<\/p>\n<h5>Formation libre \u00e0 l\u2019\u00e9tranger<\/h5>\n<p>Activit\u00e9 de formation \u00e0 l&rsquo;\u00e9tranger initi\u00e9e et organis\u00e9e par l&rsquo;\u00e9tudiant dans le cadre de laquelle l&rsquo;\u00e9tablissement d&rsquo;origine peut \u00eatre appel\u00e9 \u00e0 reconna\u00eetre des cr\u00e9dits soit par un cours de formation libre ou une \u00e9quivalence de cr\u00e9dits.<\/p>\n<h5>Apprentissage interculturel<\/h5>\n<p>Apprentissage dans son pays d\u2019origine ou \u00e0 l&rsquo;\u00e9tranger, qui implique l&rsquo;exposition \u00e0 d\u2019autres cultures et une meilleure compr\u00e9hension des cultures autres que celle de l&rsquo;\u00e9tudiant.<\/p>\n<h5>\u00c9ducation internationale<\/h5>\n<p>1) Activit\u00e9s d\u2019apprentissage (scolaires, parascolaires ou extrascolaires) qui se concentrent sur d&rsquo;autres pays ou cultures. 2) Toute activit\u00e9 \u00e9ducative (menant \u00e0 un dipl\u00f4me ou \u00e0 court terme) qui a lieu \u00e0 l\u2019ext\u00e9rieur du pays d&rsquo;origine de l&rsquo;\u00e9tudiant.<\/p>\n<h5>Internationalisme<\/h5>\n<p>Philosophie qui favorise l\u2019importance d&rsquo;int\u00e9grer une perspective internationale dans tous les aspects de l&rsquo;enseignement et de l&rsquo;apprentissage.<\/p>\n<h5>Internationalisation<\/h5>\n<p>Efforts soutenus pour trouver des activit\u00e9s qui favorisent l\u2019int\u00e9gration d\u2019une perspective internationale dans tous les aspects de l&rsquo;enseignement et de l&rsquo;apprentissage.[\/vc_column_text]<div class=\"spacer\" style=\"height: 50px;\"><\/div>[\/vc_column][vc_column width=\u00a0\u00bb1\/2&Prime;]<div class=\"spacer\" style=\"height: 40px;\"><\/div>[vc_column_text]<\/p>\n<h5>Internationalisation du campus ou chez soi<\/h5>\n<p>Activit\u00e9s qui favorisent une perspective internationale dans les activit\u00e9s scolaires, parascolaires ou extrascolaires et qui ne n\u00e9cessitent pas de voyage \u00e9tudiant \u00e0 l\u2019ext\u00e9rieur du pays de l&rsquo;\u00e9tablissement d&rsquo;origine.<\/p>\n<h5>Internationalisation du curriculum<\/h5>\n<p>Activit\u00e9s d\u2019enseignement et d\u2019apprentissage qui favorisent une perspective internationale au sein des cours et des programmes d&rsquo;\u00e9tudes.<\/p>\n<h5>Stage \u00e0 l\u2019\u00e9tranger<\/h5>\n<p>Stage \u00e0 l&rsquo;\u00e9tranger, g\u00e9n\u00e9ralement dans un poste quasi-professionnel, o\u00f9 le principal objectif est l&rsquo;\u00e9ducation. Les stages peuvent \u00eatre cr\u00e9dit\u00e9s ou non cr\u00e9dit\u00e9s et r\u00e9mun\u00e9r\u00e9s ou non r\u00e9mun\u00e9r\u00e9s.<\/p>\n<h5>Dipl\u00f4me conjoint<\/h5>\n<p>Accord institutionnel \u00e9tabli par des \u00e9tablissements de pays diff\u00e9rents pour d\u00e9finir un dipl\u00f4me qui satisfait aux exigences acad\u00e9miques des \u00e9tablissements d\u2019accueil et d\u2019origine et permet \u00e0 l&rsquo;\u00e9tudiant de recevoir un seul dipl\u00f4me, soit de l\u2019universit\u00e9 d\u2019attache ou de l\u2019universit\u00e9 d\u2019accueil.<\/p>\n<h5>Lettre d\u2019autorisation<\/h5>\n<p>M\u00e9canisme qui permet aux \u00e9tudiants de transf\u00e9rer temporairement \u00e0 un autre \u00e9tablissement et d\u2019obtenir des cr\u00e9dits de cours qui sont transf\u00e9rables \u00e0 leur \u00e9tablissement d&rsquo;origine. Les frais de scolarit\u00e9 sont vers\u00e9s \u00e0 l&rsquo;\u00e9tablissement d&rsquo;accueil.<\/p>\n<h5>Campus d\u00e9localis\u00e9 \u00e0 l\u2019\u00e9tranger<\/h5>\n<p>Campus d&rsquo;un \u00e9tablissement d&rsquo;enseignement \u00e9tabli dans un pays autre que celui de l&#8217;emplacement principal de l&rsquo;\u00e9tablissement. Les offres de formation des campus d\u00e9localis\u00e9 ciblent g\u00e9n\u00e9ralement les \u00e9tudiants locaux.<\/p>\n<h5>Recherche \u00e0 l\u2019\u00e9tranger<\/h5>\n<p>Projet de recherche cr\u00e9dit\u00e9 effectu\u00e9 par un \u00e9tudiant (g\u00e9n\u00e9ralement au niveau des \u00e9tudes sup\u00e9rieures) dans un pays autre que celui de l&rsquo;\u00e9tablissement d&rsquo;origine.<\/p>\n<h5>Semestre \u00e0 l\u2019\u00e9tranger<\/h5>\n<p>1) Programme de groupe d\u2019une dur\u00e9e de 3-4 mois (un semestre) \u00e0 l&rsquo;\u00e9tranger comprenant un programme d&rsquo;\u00e9tudes pr\u00e9\u00e9tabli offert par un \u00e9tablissement permettant \u00e0 l&rsquo;\u00e9tudiant d\u2019obtenir des cr\u00e9dits de l\u2019\u00e9tablissement d\u2019origine. 2) Tout programme d&rsquo;\u00e9tudes \u00e0 l&rsquo;\u00e9tranger dont la dur\u00e9e est d&rsquo;un semestre.<\/p>\n<h5>Apprentissage par le service communautaire<\/h5>\n<p>Situation d&rsquo;apprentissage exp\u00e9rientiel \u00e0 l&rsquo;\u00e9tranger, cr\u00e9dit\u00e9e ou non cr\u00e9dit\u00e9e, selon laquelle les activit\u00e9s \u00e9tudiantes visent \u00e0 am\u00e9liorer une probl\u00e9matique communautaire.<\/p>\n<h5>Programme d&rsquo;\u00e9change \u00e9tudiant<\/h5>\n<p>Programme d&rsquo;\u00e9tudes dans le cadre duquel les \u00e9tablissements partenaires \u00e9tablissent une entente r\u00e9ciproque qui permet aux \u00e9tudiants de payer les frais de scolarit\u00e9 \u00e0 leur \u00e9tablissement d&rsquo;origine et de s&rsquo;inscrire et d\u2019\u00e9tudier \u00e0 l&rsquo;institution d&rsquo;accueil partenaire tout en obtenant une reconnaissance de cr\u00e9dits \u00e0 leur \u00e9tablissement d&rsquo;origine. La dur\u00e9e typique (normale) d\u2019un \u00e9change es un semestre ou deux.<\/p>\n<h5>\u00c9tude \u00e0 l&rsquo;\u00e9tranger<\/h5>\n<p>Terme g\u00e9n\u00e9rique faisant r\u00e9f\u00e9rence \u00e0 toute activit\u00e9 d&rsquo;apprentissage cr\u00e9dit\u00e9e \u00e0 l&rsquo;\u00e9tranger, y compris les \u00e9tudes menant \u00e0 un dipl\u00f4me, les programmes d\u2019\u00e9changes et de lettre d\u2019autorisation ainsi que l\u2019apprentissage exp\u00e9rientiel ou l\u2019apprentissage par le service \u00e0 l&rsquo;\u00e9tranger en vue d\u2019obtenir des cr\u00e9dits.<\/p>\n<h5>Voyage d&rsquo;\u00e9tude \u00e0 l&rsquo;\u00e9tranger<\/h5>\n<p>Programme cr\u00e9dit\u00e9 de courte dur\u00e9e qui permet aux \u00e9tudiants de se rendre \u00e0 divers endroits, souvent dans le but de comparer divers aspects d&rsquo;un sujet ou d\u2019une discipline.<\/p>\n<h5>B\u00e9n\u00e9volat \u00e0 l&rsquo;\u00e9tranger<\/h5>\n<p>Stage \u00e9tudiant non r\u00e9mun\u00e9r\u00e9 \u00e0 l&rsquo;\u00e9tranger qui peut, \u00eatre organis\u00e9 par un organisme tiers. Faire du b\u00e9n\u00e9volat \u00e0 l&rsquo;\u00e9tranger diff\u00e8re de l\u2019apprentissage par le service ou l&rsquo;apprentissage exp\u00e9rientiel \u00e0 l&rsquo;\u00e9tranger puisque l&rsquo;objectif principal n&rsquo;est pas n\u00e9cessairement sur l&rsquo;apprentissage (la formation) des \u00e9tudiants.[\/vc_column_text]<div class=\"spacer\" style=\"height: 50px;\"><\/div>[\/vc_column][\/vc_row][vc_row][vc_column width=\u00a0\u00bb1\/1&Prime;][vc_column_text]<\/p>\n<hr \/>\n<p><strong>Le BCEI souhaite remercier le Comit\u00e9 consultatif sur l&rsquo;\u00e9ducation \u00e0 l&rsquo;\u00e9tranger pour son travail d&rsquo;\u00e9laboration et de validation de ce Lexique.<\/strong><\/p>\n<p>Le Comit\u00e9 consultatif sur l&rsquo;\u00e9ducation \u00e0 l&rsquo;\u00e9tranger comprenait:<\/p>\n<ul>\n<li>Lynne Mitchel, Universit\u00e9 de Guelph (pr\u00e9sident)<\/li>\n<li>Beth Alaska, Universit\u00e9 York<\/li>\n<li>Rebecca Fitzgerald, Coll\u00e8ge Humber<\/li>\n<li>Lucille Landry, Universit\u00e9 de Moncton<\/li>\n<li>Andrew Lang, Universit\u00e9 Concordia<\/li>\n<li>Meghan McKnnie, Universit\u00e9 MacEwan<\/li>\n<li>Kathy Scheepers, Conseil scolaire du district d&rsquo;Ottawa-Carleton<\/li>\n<li>Marie-Claude Tremblay, Universit\u00e9 Laval<\/li>\n<\/ul>\n<p>[\/vc_column_text]<div class=\"spacer\" style=\"height: 50px;\"><\/div>[\/vc_column][\/vc_row]<\/p>\n<\/div>","protected":false},"excerpt":{"rendered":"<p>[vc_row type=\u00a0\u00bbfull_width_section\u00a0\u00bb text_color=\u00a0\u00bblight\u00a0\u00bb text_align=\u00a0\u00bbcenter\u00a0\u00bb][vc_column el_class=\u00a0\u00bbfull\u00a0\u00bb bg_color=\u00a0\u00bb#00273d\u00a0\u00bb column_padding=\u00a0\u00bbpadding-3&Prime; column_center=\u00a0\u00bbtrue\u00a0\u00bb text_color=\u00a0\u00bblight\u00a0\u00bb text_align=\u00a0\u00bbcenter\u00a0\u00bb width=\u00a0\u00bb1\/1&Prime;][vc_column_text] Le lexique du Canada sur les \u00e9tudes \u00e0 l\u2019\u00e9tranger comprend des termes et des d\u00e9finitions utilis\u00e9es par les \u00e9tablissements [&hellip;]<\/p>\n","protected":false},"author":2,"featured_media":0,"parent":21480,"menu_order":0,"comment_status":"closed","ping_status":"closed","template":"","meta":{"_acf_changed":false,"footnotes":""},"class_list":["post-20276","page","type-page","status-publish","hentry"],"acf":[],"yoast_head":"<!-- This site is optimized with the Yoast SEO plugin v27.3 - https:\/\/yoast.com\/product\/yoast-seo-wordpress\/ -->\n<title>Lexique du Canada sur les \u00e9tudes \u00e0 l\u2019\u00e9tranger - CBIE<\/title>\n<meta name=\"robots\" content=\"index, follow, max-snippet:-1, max-image-preview:large, max-video-preview:-1\" \/>\n<link rel=\"canonical\" href=\"https:\/\/cbie.ca\/fr\/who-we-are\/institutional-resources\/lexique-du-canada-sur-les-etudes-a-letranger\/\" \/>\n<meta property=\"og:locale\" content=\"fr_FR\" \/>\n<meta property=\"og:type\" content=\"article\" \/>\n<meta property=\"og:title\" content=\"Lexique du Canada sur les \u00e9tudes \u00e0 l\u2019\u00e9tranger - CBIE\" \/>\n<meta property=\"og:description\" content=\"[vc_row type=\u00a0\u00bbfull_width_section\u00a0\u00bb text_color=\u00a0\u00bblight\u00a0\u00bb text_align=\u00a0\u00bbcenter\u00a0\u00bb][vc_column el_class=\u00a0\u00bbfull\u00a0\u00bb bg_color=\u00a0\u00bb#00273d\u00a0\u00bb column_padding=\u00a0\u00bbpadding-3&Prime; column_center=\u00a0\u00bbtrue\u00a0\u00bb text_color=\u00a0\u00bblight\u00a0\u00bb text_align=\u00a0\u00bbcenter\u00a0\u00bb width=\u00a0\u00bb1\/1&Prime;][vc_column_text] Le lexique du Canada sur les \u00e9tudes \u00e0 l\u2019\u00e9tranger comprend des termes et des d\u00e9finitions utilis\u00e9es par les \u00e9tablissements [&hellip;]\" \/>\n<meta property=\"og:url\" content=\"https:\/\/cbie.ca\/fr\/who-we-are\/institutional-resources\/lexique-du-canada-sur-les-etudes-a-letranger\/\" \/>\n<meta property=\"og:site_name\" content=\"CBIE\" \/>\n<meta property=\"article:modified_time\" content=\"2019-08-15T15:33:44+00:00\" \/>\n<meta property=\"og:image\" content=\"https:\/\/cbie.ca\/wp-content\/uploads\/2024\/01\/CBIE-Announcement-EN.png\" \/>\n\t<meta property=\"og:image:width\" content=\"1600\" \/>\n\t<meta property=\"og:image:height\" content=\"900\" \/>\n\t<meta property=\"og:image:type\" content=\"image\/png\" \/>\n<meta name=\"twitter:card\" content=\"summary_large_image\" \/>\n<meta name=\"twitter:label1\" content=\"Dur\u00e9e de lecture estim\u00e9e\" \/>\n\t<meta name=\"twitter:data1\" content=\"7 minutes\" \/>\n<script type=\"application\/ld+json\" class=\"yoast-schema-graph\">{\"@context\":\"https:\\\/\\\/schema.org\",\"@graph\":[{\"@type\":\"WebPage\",\"@id\":\"https:\\\/\\\/cbie.ca\\\/fr\\\/who-we-are\\\/institutional-resources\\\/lexique-du-canada-sur-les-etudes-a-letranger\\\/\",\"url\":\"https:\\\/\\\/cbie.ca\\\/fr\\\/who-we-are\\\/institutional-resources\\\/lexique-du-canada-sur-les-etudes-a-letranger\\\/\",\"name\":\"Lexique du Canada sur les \u00e9tudes \u00e0 l\u2019\u00e9tranger - CBIE\",\"isPartOf\":{\"@id\":\"https:\\\/\\\/cbie.ca\\\/#website\"},\"datePublished\":\"2016-06-10T14:12:39+00:00\",\"dateModified\":\"2019-08-15T15:33:44+00:00\",\"breadcrumb\":{\"@id\":\"https:\\\/\\\/cbie.ca\\\/fr\\\/who-we-are\\\/institutional-resources\\\/lexique-du-canada-sur-les-etudes-a-letranger\\\/#breadcrumb\"},\"inLanguage\":\"fr-FR\",\"potentialAction\":[{\"@type\":\"ReadAction\",\"target\":[\"https:\\\/\\\/cbie.ca\\\/fr\\\/who-we-are\\\/institutional-resources\\\/lexique-du-canada-sur-les-etudes-a-letranger\\\/\"]}]},{\"@type\":\"BreadcrumbList\",\"@id\":\"https:\\\/\\\/cbie.ca\\\/fr\\\/who-we-are\\\/institutional-resources\\\/lexique-du-canada-sur-les-etudes-a-letranger\\\/#breadcrumb\",\"itemListElement\":[{\"@type\":\"ListItem\",\"position\":1,\"name\":\"Home\",\"item\":\"https:\\\/\\\/cbie.ca\\\/fr\\\/\"},{\"@type\":\"ListItem\",\"position\":2,\"name\":\"Qui sommes-nous?\",\"item\":\"https:\\\/\\\/cbie.ca\\\/fr\\\/who-we-are\\\/\"},{\"@type\":\"ListItem\",\"position\":3,\"name\":\"Ressources pour les \u00e9tablissements\",\"item\":\"https:\\\/\\\/cbie.ca\\\/fr\\\/who-we-are\\\/institutional-resources\\\/\"},{\"@type\":\"ListItem\",\"position\":4,\"name\":\"Lexique du Canada sur les \u00e9tudes \u00e0 l\u2019\u00e9tranger\"}]},{\"@type\":\"WebSite\",\"@id\":\"https:\\\/\\\/cbie.ca\\\/#website\",\"url\":\"https:\\\/\\\/cbie.ca\\\/\",\"name\":\"Canadian Bureau for International Education\",\"description\":\"\",\"potentialAction\":[{\"@type\":\"SearchAction\",\"target\":{\"@type\":\"EntryPoint\",\"urlTemplate\":\"https:\\\/\\\/cbie.ca\\\/?s={search_term_string}\"},\"query-input\":{\"@type\":\"PropertyValueSpecification\",\"valueRequired\":true,\"valueName\":\"search_term_string\"}}],\"inLanguage\":\"fr-FR\"}]}<\/script>\n<!-- \/ Yoast SEO plugin. -->","yoast_head_json":{"title":"Lexique du Canada sur les \u00e9tudes \u00e0 l\u2019\u00e9tranger - CBIE","robots":{"index":"index","follow":"follow","max-snippet":"max-snippet:-1","max-image-preview":"max-image-preview:large","max-video-preview":"max-video-preview:-1"},"canonical":"https:\/\/cbie.ca\/fr\/who-we-are\/institutional-resources\/lexique-du-canada-sur-les-etudes-a-letranger\/","og_locale":"fr_FR","og_type":"article","og_title":"Lexique du Canada sur les \u00e9tudes \u00e0 l\u2019\u00e9tranger - CBIE","og_description":"[vc_row type=\u00a0\u00bbfull_width_section\u00a0\u00bb text_color=\u00a0\u00bblight\u00a0\u00bb text_align=\u00a0\u00bbcenter\u00a0\u00bb][vc_column el_class=\u00a0\u00bbfull\u00a0\u00bb bg_color=\u00a0\u00bb#00273d\u00a0\u00bb column_padding=\u00a0\u00bbpadding-3&Prime; column_center=\u00a0\u00bbtrue\u00a0\u00bb text_color=\u00a0\u00bblight\u00a0\u00bb text_align=\u00a0\u00bbcenter\u00a0\u00bb width=\u00a0\u00bb1\/1&Prime;][vc_column_text] Le lexique du Canada sur les \u00e9tudes \u00e0 l\u2019\u00e9tranger comprend des termes et des d\u00e9finitions utilis\u00e9es par les \u00e9tablissements [&hellip;]","og_url":"https:\/\/cbie.ca\/fr\/who-we-are\/institutional-resources\/lexique-du-canada-sur-les-etudes-a-letranger\/","og_site_name":"CBIE","article_modified_time":"2019-08-15T15:33:44+00:00","og_image":[{"width":1600,"height":900,"url":"https:\/\/cbie.ca\/wp-content\/uploads\/2024\/01\/CBIE-Announcement-EN.png","type":"image\/png"}],"twitter_card":"summary_large_image","twitter_misc":{"Dur\u00e9e de lecture estim\u00e9e":"7 minutes"},"schema":{"@context":"https:\/\/schema.org","@graph":[{"@type":"WebPage","@id":"https:\/\/cbie.ca\/fr\/who-we-are\/institutional-resources\/lexique-du-canada-sur-les-etudes-a-letranger\/","url":"https:\/\/cbie.ca\/fr\/who-we-are\/institutional-resources\/lexique-du-canada-sur-les-etudes-a-letranger\/","name":"Lexique du Canada sur les \u00e9tudes \u00e0 l\u2019\u00e9tranger - CBIE","isPartOf":{"@id":"https:\/\/cbie.ca\/#website"},"datePublished":"2016-06-10T14:12:39+00:00","dateModified":"2019-08-15T15:33:44+00:00","breadcrumb":{"@id":"https:\/\/cbie.ca\/fr\/who-we-are\/institutional-resources\/lexique-du-canada-sur-les-etudes-a-letranger\/#breadcrumb"},"inLanguage":"fr-FR","potentialAction":[{"@type":"ReadAction","target":["https:\/\/cbie.ca\/fr\/who-we-are\/institutional-resources\/lexique-du-canada-sur-les-etudes-a-letranger\/"]}]},{"@type":"BreadcrumbList","@id":"https:\/\/cbie.ca\/fr\/who-we-are\/institutional-resources\/lexique-du-canada-sur-les-etudes-a-letranger\/#breadcrumb","itemListElement":[{"@type":"ListItem","position":1,"name":"Home","item":"https:\/\/cbie.ca\/fr\/"},{"@type":"ListItem","position":2,"name":"Qui sommes-nous?","item":"https:\/\/cbie.ca\/fr\/who-we-are\/"},{"@type":"ListItem","position":3,"name":"Ressources pour les \u00e9tablissements","item":"https:\/\/cbie.ca\/fr\/who-we-are\/institutional-resources\/"},{"@type":"ListItem","position":4,"name":"Lexique du Canada sur les \u00e9tudes \u00e0 l\u2019\u00e9tranger"}]},{"@type":"WebSite","@id":"https:\/\/cbie.ca\/#website","url":"https:\/\/cbie.ca\/","name":"Canadian Bureau for International Education","description":"","potentialAction":[{"@type":"SearchAction","target":{"@type":"EntryPoint","urlTemplate":"https:\/\/cbie.ca\/?s={search_term_string}"},"query-input":{"@type":"PropertyValueSpecification","valueRequired":true,"valueName":"search_term_string"}}],"inLanguage":"fr-FR"}]}},"_links":{"self":[{"href":"https:\/\/cbie.ca\/fr\/wp-json\/wp\/v2\/pages\/20276","targetHints":{"allow":["GET"]}}],"collection":[{"href":"https:\/\/cbie.ca\/fr\/wp-json\/wp\/v2\/pages"}],"about":[{"href":"https:\/\/cbie.ca\/fr\/wp-json\/wp\/v2\/types\/page"}],"author":[{"embeddable":true,"href":"https:\/\/cbie.ca\/fr\/wp-json\/wp\/v2\/users\/2"}],"replies":[{"embeddable":true,"href":"https:\/\/cbie.ca\/fr\/wp-json\/wp\/v2\/comments?post=20276"}],"version-history":[{"count":0,"href":"https:\/\/cbie.ca\/fr\/wp-json\/wp\/v2\/pages\/20276\/revisions"}],"up":[{"embeddable":true,"href":"https:\/\/cbie.ca\/fr\/wp-json\/wp\/v2\/pages\/21480"}],"wp:attachment":[{"href":"https:\/\/cbie.ca\/fr\/wp-json\/wp\/v2\/media?parent=20276"}],"curies":[{"name":"wp","href":"https:\/\/api.w.org\/{rel}","templated":true}]}}