{"id":19948,"date":"2016-06-06T19:37:12","date_gmt":"2016-06-06T19:37:12","guid":{"rendered":"http:\/\/198.12.153.159\/~cbie\/?page_id=19948&#038;lang=fr"},"modified":"2016-06-06T19:41:06","modified_gmt":"2016-06-06T19:41:06","slug":"principes-dinternationalisation-pour-les-etablissements-denseignement-canadiens","status":"publish","type":"page","link":"https:\/\/cbie.ca\/fr\/notre-reseau\/principes-dinternationalisation-pour-les-etablissements-denseignement-canadiens\/","title":{"rendered":"Principes d\u2019internationalisation pour les \u00e9tablissements d\u2019enseignement canadiens"},"content":{"rendered":"<div class=\"wpb-content-wrapper\"><p>[vc_row][vc_column]<div class=\"spacer\" style=\"height: 40px;\"><\/div>[vc_column_text]L\u2019internationalisation de l\u2019\u00e9ducation peut se d\u00e9finir comme le processus d\u2019int\u00e9gration de dimensions et perspectives internationales, interculturelles et mondiales au but, aux fonctions et \u00e0 la prestation de l\u2019\u00e9ducation. Elle fa\u00e7onne les valeurs de l\u2019\u00e9tablissement, influence les relations externes et les partenariats et a des r\u00e9percussions sur toute l\u2019entreprise p\u00e9dagogique (veuillez consulter le site Web du BCEI pour des plus amples renseignements sur les d\u00e9finitions de l\u2019internationalisation.<\/p>\n<p>En outre, l\u2019internationalisation vise \u00e0 former les \u00e9tudiants \u00e0 \u00eatre des citoyens du monde, notamment \u00e0 leur donner les attributs d\u2019ouverture et de compr\u00e9hension d\u2019autres fa\u00e7ons de voir le monde, de compr\u00e9hension de personnes d\u2019origine et d\u2019exp\u00e9rience diff\u00e9rentes, de capacit\u00e9 \u00e0 donner de la valeur \u00e0 la diversit\u00e9, et de respect des peuples et du savoir autochtones.<\/p>\n<p>\u00c9tant donn\u00e9 l\u2019imp\u00e9ratif de l\u2019\u00e9ducation internationale au vingt et uni\u00e8me si\u00e8cle, R\u00e9seau des leaders en internationalisation, organis\u00e9 par le BCEI, pense qu\u2019une d\u00e9claration de principes est n\u00e9cessaire en temps de mondialisation et de mobilit\u00e9 internationale sans pr\u00e9c\u00e9dent, o\u00f9 la croissance de l\u2019\u00e9ducation internationale est motiv\u00e9e par un m\u00e9lange de facteurs culturels, p\u00e9dagogiques, \u00e9conomiques et philanthropiques.<\/p>\n<p>Le R\u00e9seau pense aussi que cette d\u00e9claration de principes favorisera l\u2019excellence dans la politique et la pratique de l\u2019internationalisation des \u00e9tablissements canadiens. Bien que ces principes puissent s\u2019appliquer \u00e0 tous les \u00e9tablissements d\u2019enseignement, on reconna\u00eet qu\u2019ils s\u2019appliqueront diff\u00e9remment selon la mission acad\u00e9mique de chaque \u00e9tablissement.<\/p>\n<p>Lire la d\u00e9claration int\u00e9grale ici\u00a0:<b> <\/b><a href=\"\/wp-content\/uploads\/2016\/06\/Internationalization-Principles-for-Canadian-Institutions-FR.pdf\" target=\"_blank\"><b>Principes d\u2019internationalisation pour les \u00e9tablissements d\u2019enseignement canadiens<\/b><\/a>[\/vc_column_text]<div class=\"spacer\" style=\"height: 50px;\"><\/div>[\/vc_column][\/vc_row][vc_row][vc_column text_align=\u00a0\u00bbright\u00a0\u00bb width=\u00a0\u00bb1\/2&Prime;]<a href=\"https:\/\/mp.cbie.ca\/mpower\/membership\/newmember-register.action?request_locale=fr\" target=\"_blank\" class=\"button color-1 medium btn-blue\" style=\"border-radius: 2px;\">Devenez membre<\/a>[\/vc_column][vc_column width=\u00a0\u00bb1\/2&Prime;]<a href=\"\/notre-reseau\/membres-et-associes?lang=fr\" target=\"_blank\" class=\"button color-1 medium btn-blue\" style=\"border-radius: 2px;\">Nos membres<\/a>[\/vc_column][\/vc_row][vc_row][vc_column text_align=\u00a0\u00bbright\u00a0\u00bb width=\u00a0\u00bb1\/1&Prime;]<div class=\"spacer\" style=\"height: 50px;\"><\/div>[\/vc_column][\/vc_row]<\/p>\n<\/div>","protected":false},"excerpt":{"rendered":"<p>[vc_row][vc_column][vc_column_text]L\u2019internationalisation de l\u2019\u00e9ducation peut se d\u00e9finir comme le processus d\u2019int\u00e9gration de dimensions et perspectives internationales, interculturelles et mondiales au but, aux fonctions et \u00e0 la prestation de l\u2019\u00e9ducation. Elle fa\u00e7onne [&hellip;]<\/p>\n","protected":false},"author":2,"featured_media":0,"parent":17119,"menu_order":0,"comment_status":"closed","ping_status":"closed","template":"","meta":{"_acf_changed":false,"footnotes":""},"class_list":["post-19948","page","type-page","status-publish","hentry"],"acf":[],"yoast_head":"<!-- This site is optimized with the Yoast SEO plugin v27.3 - https:\/\/yoast.com\/product\/yoast-seo-wordpress\/ -->\n<title>Principes d\u2019internationalisation pour les \u00e9tablissements d\u2019enseignement canadiens - CBIE<\/title>\n<meta name=\"robots\" content=\"index, follow, max-snippet:-1, max-image-preview:large, max-video-preview:-1\" \/>\n<link rel=\"canonical\" href=\"https:\/\/cbie.ca\/fr\/notre-reseau\/principes-dinternationalisation-pour-les-etablissements-denseignement-canadiens\/\" \/>\n<meta property=\"og:locale\" content=\"fr_FR\" \/>\n<meta property=\"og:type\" content=\"article\" \/>\n<meta property=\"og:title\" content=\"Principes d\u2019internationalisation pour les \u00e9tablissements d\u2019enseignement canadiens - CBIE\" \/>\n<meta property=\"og:description\" content=\"[vc_row][vc_column][vc_column_text]L\u2019internationalisation de l\u2019\u00e9ducation peut se d\u00e9finir comme le processus d\u2019int\u00e9gration de dimensions et perspectives internationales, interculturelles et mondiales au but, aux fonctions et \u00e0 la prestation de l\u2019\u00e9ducation. Elle fa\u00e7onne [&hellip;]\" \/>\n<meta property=\"og:url\" content=\"https:\/\/cbie.ca\/fr\/notre-reseau\/principes-dinternationalisation-pour-les-etablissements-denseignement-canadiens\/\" \/>\n<meta property=\"og:site_name\" content=\"CBIE\" \/>\n<meta property=\"article:modified_time\" content=\"2016-06-06T19:41:06+00:00\" \/>\n<meta property=\"og:image\" content=\"https:\/\/cbie.ca\/wp-content\/uploads\/2024\/01\/CBIE-Announcement-EN.png\" \/>\n\t<meta property=\"og:image:width\" content=\"1600\" \/>\n\t<meta property=\"og:image:height\" content=\"900\" \/>\n\t<meta property=\"og:image:type\" content=\"image\/png\" \/>\n<meta name=\"twitter:card\" content=\"summary_large_image\" \/>\n<meta name=\"twitter:label1\" content=\"Dur\u00e9e de lecture estim\u00e9e\" \/>\n\t<meta name=\"twitter:data1\" content=\"2 minutes\" \/>\n<script type=\"application\/ld+json\" class=\"yoast-schema-graph\">{\"@context\":\"https:\\\/\\\/schema.org\",\"@graph\":[{\"@type\":\"WebPage\",\"@id\":\"https:\\\/\\\/cbie.ca\\\/fr\\\/notre-reseau\\\/principes-dinternationalisation-pour-les-etablissements-denseignement-canadiens\\\/\",\"url\":\"https:\\\/\\\/cbie.ca\\\/fr\\\/notre-reseau\\\/principes-dinternationalisation-pour-les-etablissements-denseignement-canadiens\\\/\",\"name\":\"Principes d\u2019internationalisation pour les \u00e9tablissements d\u2019enseignement canadiens - CBIE\",\"isPartOf\":{\"@id\":\"https:\\\/\\\/cbie.ca\\\/#website\"},\"datePublished\":\"2016-06-06T19:37:12+00:00\",\"dateModified\":\"2016-06-06T19:41:06+00:00\",\"breadcrumb\":{\"@id\":\"https:\\\/\\\/cbie.ca\\\/fr\\\/notre-reseau\\\/principes-dinternationalisation-pour-les-etablissements-denseignement-canadiens\\\/#breadcrumb\"},\"inLanguage\":\"fr-FR\",\"potentialAction\":[{\"@type\":\"ReadAction\",\"target\":[\"https:\\\/\\\/cbie.ca\\\/fr\\\/notre-reseau\\\/principes-dinternationalisation-pour-les-etablissements-denseignement-canadiens\\\/\"]}]},{\"@type\":\"BreadcrumbList\",\"@id\":\"https:\\\/\\\/cbie.ca\\\/fr\\\/notre-reseau\\\/principes-dinternationalisation-pour-les-etablissements-denseignement-canadiens\\\/#breadcrumb\",\"itemListElement\":[{\"@type\":\"ListItem\",\"position\":1,\"name\":\"Home\",\"item\":\"https:\\\/\\\/cbie.ca\\\/fr\\\/\"},{\"@type\":\"ListItem\",\"position\":2,\"name\":\"Notre R\u00e9seau\",\"item\":\"https:\\\/\\\/cbie.ca\\\/fr\\\/notre-reseau\\\/\"},{\"@type\":\"ListItem\",\"position\":3,\"name\":\"Principes d\u2019internationalisation pour les \u00e9tablissements d\u2019enseignement canadiens\"}]},{\"@type\":\"WebSite\",\"@id\":\"https:\\\/\\\/cbie.ca\\\/#website\",\"url\":\"https:\\\/\\\/cbie.ca\\\/\",\"name\":\"Canadian Bureau for International Education\",\"description\":\"\",\"potentialAction\":[{\"@type\":\"SearchAction\",\"target\":{\"@type\":\"EntryPoint\",\"urlTemplate\":\"https:\\\/\\\/cbie.ca\\\/?s={search_term_string}\"},\"query-input\":{\"@type\":\"PropertyValueSpecification\",\"valueRequired\":true,\"valueName\":\"search_term_string\"}}],\"inLanguage\":\"fr-FR\"}]}<\/script>\n<!-- \/ Yoast SEO plugin. -->","yoast_head_json":{"title":"Principes d\u2019internationalisation pour les \u00e9tablissements d\u2019enseignement canadiens - CBIE","robots":{"index":"index","follow":"follow","max-snippet":"max-snippet:-1","max-image-preview":"max-image-preview:large","max-video-preview":"max-video-preview:-1"},"canonical":"https:\/\/cbie.ca\/fr\/notre-reseau\/principes-dinternationalisation-pour-les-etablissements-denseignement-canadiens\/","og_locale":"fr_FR","og_type":"article","og_title":"Principes d\u2019internationalisation pour les \u00e9tablissements d\u2019enseignement canadiens - CBIE","og_description":"[vc_row][vc_column][vc_column_text]L\u2019internationalisation de l\u2019\u00e9ducation peut se d\u00e9finir comme le processus d\u2019int\u00e9gration de dimensions et perspectives internationales, interculturelles et mondiales au but, aux fonctions et \u00e0 la prestation de l\u2019\u00e9ducation. Elle fa\u00e7onne [&hellip;]","og_url":"https:\/\/cbie.ca\/fr\/notre-reseau\/principes-dinternationalisation-pour-les-etablissements-denseignement-canadiens\/","og_site_name":"CBIE","article_modified_time":"2016-06-06T19:41:06+00:00","og_image":[{"width":1600,"height":900,"url":"https:\/\/cbie.ca\/wp-content\/uploads\/2024\/01\/CBIE-Announcement-EN.png","type":"image\/png"}],"twitter_card":"summary_large_image","twitter_misc":{"Dur\u00e9e de lecture estim\u00e9e":"2 minutes"},"schema":{"@context":"https:\/\/schema.org","@graph":[{"@type":"WebPage","@id":"https:\/\/cbie.ca\/fr\/notre-reseau\/principes-dinternationalisation-pour-les-etablissements-denseignement-canadiens\/","url":"https:\/\/cbie.ca\/fr\/notre-reseau\/principes-dinternationalisation-pour-les-etablissements-denseignement-canadiens\/","name":"Principes d\u2019internationalisation pour les \u00e9tablissements d\u2019enseignement canadiens - CBIE","isPartOf":{"@id":"https:\/\/cbie.ca\/#website"},"datePublished":"2016-06-06T19:37:12+00:00","dateModified":"2016-06-06T19:41:06+00:00","breadcrumb":{"@id":"https:\/\/cbie.ca\/fr\/notre-reseau\/principes-dinternationalisation-pour-les-etablissements-denseignement-canadiens\/#breadcrumb"},"inLanguage":"fr-FR","potentialAction":[{"@type":"ReadAction","target":["https:\/\/cbie.ca\/fr\/notre-reseau\/principes-dinternationalisation-pour-les-etablissements-denseignement-canadiens\/"]}]},{"@type":"BreadcrumbList","@id":"https:\/\/cbie.ca\/fr\/notre-reseau\/principes-dinternationalisation-pour-les-etablissements-denseignement-canadiens\/#breadcrumb","itemListElement":[{"@type":"ListItem","position":1,"name":"Home","item":"https:\/\/cbie.ca\/fr\/"},{"@type":"ListItem","position":2,"name":"Notre R\u00e9seau","item":"https:\/\/cbie.ca\/fr\/notre-reseau\/"},{"@type":"ListItem","position":3,"name":"Principes d\u2019internationalisation pour les \u00e9tablissements d\u2019enseignement canadiens"}]},{"@type":"WebSite","@id":"https:\/\/cbie.ca\/#website","url":"https:\/\/cbie.ca\/","name":"Canadian Bureau for International Education","description":"","potentialAction":[{"@type":"SearchAction","target":{"@type":"EntryPoint","urlTemplate":"https:\/\/cbie.ca\/?s={search_term_string}"},"query-input":{"@type":"PropertyValueSpecification","valueRequired":true,"valueName":"search_term_string"}}],"inLanguage":"fr-FR"}]}},"_links":{"self":[{"href":"https:\/\/cbie.ca\/fr\/wp-json\/wp\/v2\/pages\/19948","targetHints":{"allow":["GET"]}}],"collection":[{"href":"https:\/\/cbie.ca\/fr\/wp-json\/wp\/v2\/pages"}],"about":[{"href":"https:\/\/cbie.ca\/fr\/wp-json\/wp\/v2\/types\/page"}],"author":[{"embeddable":true,"href":"https:\/\/cbie.ca\/fr\/wp-json\/wp\/v2\/users\/2"}],"replies":[{"embeddable":true,"href":"https:\/\/cbie.ca\/fr\/wp-json\/wp\/v2\/comments?post=19948"}],"version-history":[{"count":0,"href":"https:\/\/cbie.ca\/fr\/wp-json\/wp\/v2\/pages\/19948\/revisions"}],"up":[{"embeddable":true,"href":"https:\/\/cbie.ca\/fr\/wp-json\/wp\/v2\/pages\/17119"}],"wp:attachment":[{"href":"https:\/\/cbie.ca\/fr\/wp-json\/wp\/v2\/media?parent=19948"}],"curies":[{"name":"wp","href":"https:\/\/api.w.org\/{rel}","templated":true}]}}