{"id":19353,"date":"2016-05-27T18:34:23","date_gmt":"2016-05-27T22:34:23","guid":{"rendered":"http:\/\/198.12.153.159\/~cbie\/?page_id=19353&#038;lang=fr"},"modified":"2024-01-15T13:39:18","modified_gmt":"2024-01-15T18:39:18","slug":"conditions-generales-de-vente","status":"publish","type":"page","link":"https:\/\/cbie.ca\/fr\/conditions-generales-de-vente\/","title":{"rendered":"Conditions g\u00e9n\u00e9rales de vente"},"content":{"rendered":"<div class=\"wpb-content-wrapper\"><p>[vc_row][vc_column width=\u00a0\u00bb1\/1&Prime;]<div class=\"spacer\" style=\"height: 50px;\"><\/div>[vc_column_text]<\/p>\n<h3>1. Introduction<\/h3>\n<p>Sauf indication contraire mentionn\u00e9e sur le site Web du Bureau canadien de l\u2019\u00e9ducation internationale (BCEI) (www.cbie-bcei.ca), les conditions suivantes s\u2019appliquent \u00e0 tout achat d\u2019un droit d\u2019\u2019adh\u00e9sion au BCEI, d\u2019une activit\u00e9 ou d\u2019une publication de l\u2019organisme. Ces conditions peuvent \u00eatre compl\u00e9t\u00e9es ou modifi\u00e9es par des conditions propres \u00e0 un service ou produit particulier du BCEI.<\/p>\n<h3>2. Transactions li\u00e9es aux droits d\u2019adh\u00e9sion<\/h3>\n<p><strong>a. Taxe de vente<\/strong><\/p>\n<p>Les droits d\u2019adh\u00e9sion incluent toute taxe applicable.<\/p>\n<p><strong>b. Remboursement et annulation<\/strong><\/p>\n<p>L\u2019achat de droits d\u2019adh\u00e9sion est une vente finale et non-remboursable.<\/p>\n<h3>3.Transactions li\u00e9es \u00e0 des activit\u00e9s ou \u00e9v\u00e9nements<\/h3>\n<p><strong>a. Taxe de vente<\/strong><\/p>\n<p>Tous les prix indiqu\u00e9s sont assujettis \u00e0 la taxe de vente harmonis\u00e9e et \u00e0 la taxe de vente du gouvernement de la province o\u00f9 se d\u00e9roulera l\u2019activit\u00e9.<\/p>\n<p>S\u2019il s\u2019agit d\u2019une activit\u00e9 en ligne (par ex. un webinaire), le prix sera assujetti \u00e0 la taxe de vente harmonis\u00e9e et \u00e0 la taxe de vente du gouvernement de la province o\u00f9 r\u00e9side le membre. Si le membre ne r\u00e9side pas au Canada, seule la taxe de vente harmonis\u00e9e s\u2019appliquera.<\/p>\n<p><strong>b.Remboursement et annulation<\/strong><\/p>\n<p>Chaque activit\u00e9 est dot\u00e9e de sa propre politique de remboursement et d\u2019annulation fond\u00e9e sur les dates et les droits de l\u2019activit\u00e9 en particulier. Pour plus de d\u00e9tails, veuillez consulter les pages Web d\u2019une activit\u00e9 particuli\u00e8re sur le site Web du BCEI (www.cbie-bcei.ca).<\/p>\n<h3>4. Transactions li\u00e9es aux publications<\/h3>\n<p><strong>a.Taxe de vente<\/strong><\/p>\n<p>Le prix de toutes les publications du BCEI est assujetti \u00e0 la taxe de vente harmonis\u00e9e de la province de l\u2019Ontario (13 %).<\/p>\n<p><strong>b.Remboursement et annulation<\/strong><\/p>\n<p>La vente de toute publication est finale et non-remboursable.<\/p>\n<h3>5. Paiements<\/h3>\n<p>Les paiements peuvent se faire par carte de cr\u00e9dit (MasterCard ou Visa), ch\u00e8que ou mandat de poste. Il est obligatoire de se servir du formulaire d\u2019achat fourni sur le site Web de BCEI (www.cbie-bcei.ca) pour l\u2019achat d\u2019un produit ou service en particulier. Le produit ou service sera fourni qu\u2019\u00e0 la r\u00e9ception du montant total.<\/p>\n<h3>6.Pour plus d\u2019information<\/h3>\n<p>Pour tout autre renseignement sur les conditions de ventes du BCEI, veuillez communiquer avec nous par t\u00e9l\u00e9phone (1-613-237-4820) ou par courriel (<a href=\"mailto:communication@cbie.ca\">communication@cbie.ca<\/a>), en mentionnant \u00ab Conditions de vente du BCEI \u00bb sur la ligne Objet de votre courriel.[\/vc_column_text]<div class=\"spacer\" style=\"height: 40px;\"><\/div>[\/vc_column][\/vc_row]<\/p>\n<\/div>","protected":false},"excerpt":{"rendered":"<p>[vc_row][vc_column width=\u00a0\u00bb1\/1&Prime;][vc_column_text] 1. Introduction Sauf indication contraire mentionn\u00e9e sur le site Web du Bureau canadien de l\u2019\u00e9ducation internationale (BCEI) (www.cbie-bcei.ca), les conditions suivantes s\u2019appliquent \u00e0 tout achat d\u2019un droit d\u2019\u2019adh\u00e9sion [&hellip;]<\/p>\n","protected":false},"author":63,"featured_media":0,"parent":0,"menu_order":0,"comment_status":"closed","ping_status":"closed","template":"","meta":{"_acf_changed":false,"footnotes":""},"class_list":["post-19353","page","type-page","status-publish","hentry"],"acf":[],"yoast_head":"<!-- This site is optimized with the Yoast SEO plugin v27.3 - https:\/\/yoast.com\/product\/yoast-seo-wordpress\/ -->\n<title>Conditions g\u00e9n\u00e9rales de vente - CBIE<\/title>\n<meta name=\"robots\" content=\"index, follow, max-snippet:-1, max-image-preview:large, max-video-preview:-1\" \/>\n<link rel=\"canonical\" href=\"https:\/\/cbie.ca\/fr\/conditions-generales-de-vente\/\" \/>\n<meta property=\"og:locale\" content=\"fr_FR\" \/>\n<meta property=\"og:type\" content=\"article\" \/>\n<meta property=\"og:title\" content=\"Conditions g\u00e9n\u00e9rales de vente - CBIE\" \/>\n<meta property=\"og:description\" content=\"[vc_row][vc_column width=\u00a0\u00bb1\/1&Prime;][vc_column_text] 1. Introduction Sauf indication contraire mentionn\u00e9e sur le site Web du Bureau canadien de l\u2019\u00e9ducation internationale (BCEI) (www.cbie-bcei.ca), les conditions suivantes s\u2019appliquent \u00e0 tout achat d\u2019un droit d\u2019\u2019adh\u00e9sion [&hellip;]\" \/>\n<meta property=\"og:url\" content=\"https:\/\/cbie.ca\/fr\/conditions-generales-de-vente\/\" \/>\n<meta property=\"og:site_name\" content=\"CBIE\" \/>\n<meta property=\"article:modified_time\" content=\"2024-01-15T18:39:18+00:00\" \/>\n<meta property=\"og:image\" content=\"https:\/\/cbie.ca\/wp-content\/uploads\/2024\/01\/CBIE-Announcement-EN.png\" \/>\n\t<meta property=\"og:image:width\" content=\"1600\" \/>\n\t<meta property=\"og:image:height\" content=\"900\" \/>\n\t<meta property=\"og:image:type\" content=\"image\/png\" \/>\n<meta name=\"twitter:card\" content=\"summary_large_image\" \/>\n<meta name=\"twitter:label1\" content=\"Dur\u00e9e de lecture estim\u00e9e\" \/>\n\t<meta name=\"twitter:data1\" content=\"2 minutes\" \/>\n<script type=\"application\/ld+json\" class=\"yoast-schema-graph\">{\"@context\":\"https:\\\/\\\/schema.org\",\"@graph\":[{\"@type\":\"WebPage\",\"@id\":\"https:\\\/\\\/cbie.ca\\\/fr\\\/conditions-generales-de-vente\\\/\",\"url\":\"https:\\\/\\\/cbie.ca\\\/fr\\\/conditions-generales-de-vente\\\/\",\"name\":\"Conditions g\u00e9n\u00e9rales de vente - CBIE\",\"isPartOf\":{\"@id\":\"https:\\\/\\\/cbie.ca\\\/#website\"},\"datePublished\":\"2016-05-27T22:34:23+00:00\",\"dateModified\":\"2024-01-15T18:39:18+00:00\",\"breadcrumb\":{\"@id\":\"https:\\\/\\\/cbie.ca\\\/fr\\\/conditions-generales-de-vente\\\/#breadcrumb\"},\"inLanguage\":\"fr-FR\",\"potentialAction\":[{\"@type\":\"ReadAction\",\"target\":[\"https:\\\/\\\/cbie.ca\\\/fr\\\/conditions-generales-de-vente\\\/\"]}]},{\"@type\":\"BreadcrumbList\",\"@id\":\"https:\\\/\\\/cbie.ca\\\/fr\\\/conditions-generales-de-vente\\\/#breadcrumb\",\"itemListElement\":[{\"@type\":\"ListItem\",\"position\":1,\"name\":\"Home\",\"item\":\"https:\\\/\\\/cbie.ca\\\/fr\\\/\"},{\"@type\":\"ListItem\",\"position\":2,\"name\":\"Conditions g\u00e9n\u00e9rales de vente\"}]},{\"@type\":\"WebSite\",\"@id\":\"https:\\\/\\\/cbie.ca\\\/#website\",\"url\":\"https:\\\/\\\/cbie.ca\\\/\",\"name\":\"Canadian Bureau for International Education\",\"description\":\"\",\"potentialAction\":[{\"@type\":\"SearchAction\",\"target\":{\"@type\":\"EntryPoint\",\"urlTemplate\":\"https:\\\/\\\/cbie.ca\\\/?s={search_term_string}\"},\"query-input\":{\"@type\":\"PropertyValueSpecification\",\"valueRequired\":true,\"valueName\":\"search_term_string\"}}],\"inLanguage\":\"fr-FR\"}]}<\/script>\n<!-- \/ Yoast SEO plugin. -->","yoast_head_json":{"title":"Conditions g\u00e9n\u00e9rales de vente - CBIE","robots":{"index":"index","follow":"follow","max-snippet":"max-snippet:-1","max-image-preview":"max-image-preview:large","max-video-preview":"max-video-preview:-1"},"canonical":"https:\/\/cbie.ca\/fr\/conditions-generales-de-vente\/","og_locale":"fr_FR","og_type":"article","og_title":"Conditions g\u00e9n\u00e9rales de vente - CBIE","og_description":"[vc_row][vc_column width=\u00a0\u00bb1\/1&Prime;][vc_column_text] 1. Introduction Sauf indication contraire mentionn\u00e9e sur le site Web du Bureau canadien de l\u2019\u00e9ducation internationale (BCEI) (www.cbie-bcei.ca), les conditions suivantes s\u2019appliquent \u00e0 tout achat d\u2019un droit d\u2019\u2019adh\u00e9sion [&hellip;]","og_url":"https:\/\/cbie.ca\/fr\/conditions-generales-de-vente\/","og_site_name":"CBIE","article_modified_time":"2024-01-15T18:39:18+00:00","og_image":[{"width":1600,"height":900,"url":"https:\/\/cbie.ca\/wp-content\/uploads\/2024\/01\/CBIE-Announcement-EN.png","type":"image\/png"}],"twitter_card":"summary_large_image","twitter_misc":{"Dur\u00e9e de lecture estim\u00e9e":"2 minutes"},"schema":{"@context":"https:\/\/schema.org","@graph":[{"@type":"WebPage","@id":"https:\/\/cbie.ca\/fr\/conditions-generales-de-vente\/","url":"https:\/\/cbie.ca\/fr\/conditions-generales-de-vente\/","name":"Conditions g\u00e9n\u00e9rales de vente - CBIE","isPartOf":{"@id":"https:\/\/cbie.ca\/#website"},"datePublished":"2016-05-27T22:34:23+00:00","dateModified":"2024-01-15T18:39:18+00:00","breadcrumb":{"@id":"https:\/\/cbie.ca\/fr\/conditions-generales-de-vente\/#breadcrumb"},"inLanguage":"fr-FR","potentialAction":[{"@type":"ReadAction","target":["https:\/\/cbie.ca\/fr\/conditions-generales-de-vente\/"]}]},{"@type":"BreadcrumbList","@id":"https:\/\/cbie.ca\/fr\/conditions-generales-de-vente\/#breadcrumb","itemListElement":[{"@type":"ListItem","position":1,"name":"Home","item":"https:\/\/cbie.ca\/fr\/"},{"@type":"ListItem","position":2,"name":"Conditions g\u00e9n\u00e9rales de vente"}]},{"@type":"WebSite","@id":"https:\/\/cbie.ca\/#website","url":"https:\/\/cbie.ca\/","name":"Canadian Bureau for International Education","description":"","potentialAction":[{"@type":"SearchAction","target":{"@type":"EntryPoint","urlTemplate":"https:\/\/cbie.ca\/?s={search_term_string}"},"query-input":{"@type":"PropertyValueSpecification","valueRequired":true,"valueName":"search_term_string"}}],"inLanguage":"fr-FR"}]}},"_links":{"self":[{"href":"https:\/\/cbie.ca\/fr\/wp-json\/wp\/v2\/pages\/19353","targetHints":{"allow":["GET"]}}],"collection":[{"href":"https:\/\/cbie.ca\/fr\/wp-json\/wp\/v2\/pages"}],"about":[{"href":"https:\/\/cbie.ca\/fr\/wp-json\/wp\/v2\/types\/page"}],"author":[{"embeddable":true,"href":"https:\/\/cbie.ca\/fr\/wp-json\/wp\/v2\/users\/63"}],"replies":[{"embeddable":true,"href":"https:\/\/cbie.ca\/fr\/wp-json\/wp\/v2\/comments?post=19353"}],"version-history":[{"count":0,"href":"https:\/\/cbie.ca\/fr\/wp-json\/wp\/v2\/pages\/19353\/revisions"}],"wp:attachment":[{"href":"https:\/\/cbie.ca\/fr\/wp-json\/wp\/v2\/media?parent=19353"}],"curies":[{"name":"wp","href":"https:\/\/api.w.org\/{rel}","templated":true}]}}