{"id":19328,"date":"2016-05-27T18:06:31","date_gmt":"2016-05-27T18:06:31","guid":{"rendered":"http:\/\/198.12.153.159\/~cbie\/?page_id=19328&#038;lang=fr"},"modified":"2016-06-02T02:20:26","modified_gmt":"2016-06-02T02:20:26","slug":"desistement","status":"publish","type":"page","link":"https:\/\/cbie.ca\/fr\/desistement\/","title":{"rendered":"D\u00e9sistement"},"content":{"rendered":"<div class=\"wpb-content-wrapper\"><p>[vc_row][vc_column width=\u00a0\u00bb1\/1&Prime;]<div class=\"spacer\" style=\"height: 50px;\"><\/div>[vc_column_text]<a href=\"http:\/\/www.cbie-bcei.ca\/\">www.cbie-bcei.ca<\/a> (le Site) n\u2019offre aucune garantie et aucun autre type d\u2019assurance quant au fonctionnement, \u00e0 la qualit\u00e9 et \u00e0 la fonctionnalit\u00e9 du Site. L\u2019acc\u00e8s au Site pourra \u00eatre interrompu, restreint ou retard\u00e9 pour quelque raison que ce soit.<\/p>\n<p><a href=\"http:\/\/www.cbie-bcei.ca\/\">www.cbie-bcei.ca<\/a>\u00a0n\u2019offre aucune garantie et aucun autre type d\u2019assurance quant au contenu apparaissant sur le Site, \u00e0 sa pr\u00e9cision, \u00e0 son exhaustivit\u00e9, \u00e0 son intemporalit\u00e9 ou \u00e0 son ad\u00e9quation \u00e0 toute autre fin.<\/p>\n<p>Dans toute la mesure pr\u00e9vue par la loi, <a href=\"http:\/\/www.cbie-bcei.ca\/\">www.cbie-bcei.ca<\/a>\u00a0d\u00e9cline toute responsabilit\u00e9 en cas de dommages et pertes (notamment, sans restriction, les pertes financi\u00e8res, les dommages pour perte en cas de projets d\u2019affaires, les pertes de profits et autres pertes collat\u00e9rales) survenant en contrat, acte d\u00e9lictuel ou autre des suites de l\u2019utilisation ou de l\u2019incapacit\u00e9 \u00e0 utiliser le Site ou tout autre \u00e9l\u00e9ment apparaissant sur <a href=\"http:\/\/www.cbie-bcei.ca\/\">www.cbie-bcei.ca<\/a>, ou de toute action ou d\u00e9cision prise \u00e0 la suite de l\u2019utilisation de cbie.ca ou de tout \u00e9l\u00e9ment de lui. <a href=\"http:\/\/www.cbie-bcei.ca\/\">www.cbie-bcei.ca<\/a>\u00a0contient des liens pointant vers des sites externes. <a href=\"http:\/\/www.cbie-bcei.ca\/\">www.cbie-bcei.ca<\/a>\u00a0n\u2019est pas responsable du contenu de ces sites et n\u2019a aucun contr\u00f4le sur lui. Les renseignements contenus dans <a href=\"http:\/\/www.cbie-bcei.ca\/\">www.cbie-bcei.ca<\/a>, ou accessibles via hyperlien \u00e0 partir de <a href=\"http:\/\/www.cbie-bcei.ca\/\">www.cbie-bcei.ca<\/a>est mis \u00e0 disposition sans responsabilit\u00e9 de la part de <a href=\"http:\/\/www.cbie-bcei.ca\/\">www.cbie-bcei.ca<\/a>. <a href=\"http:\/\/www.cbie-bcei.ca\/\">www.cbie-bcei.ca<\/a>\u00a0d\u00e9cline toute responsabilit\u00e9 (y compris de n\u00e9gligence) relative \u00e0 l\u2019information accessible sur <a href=\"http:\/\/www.cbie-bcei.ca\/\">www.cbie-bcei.ca<\/a> ou \u00e0 partir du Site.[\/vc_column_text]<div class=\"spacer\" style=\"height: 40px;\"><\/div>[\/vc_column][\/vc_row]<\/p>\n<\/div>","protected":false},"excerpt":{"rendered":"<p>[vc_row][vc_column width=\u00a0\u00bb1\/1&Prime;][vc_column_text]www.cbie-bcei.ca (le Site) n\u2019offre aucune garantie et aucun autre type d\u2019assurance quant au fonctionnement, \u00e0 la qualit\u00e9 et \u00e0 la fonctionnalit\u00e9 du Site. L\u2019acc\u00e8s au Site pourra \u00eatre interrompu, [&hellip;]<\/p>\n","protected":false},"author":63,"featured_media":0,"parent":0,"menu_order":0,"comment_status":"closed","ping_status":"closed","template":"","meta":{"_acf_changed":false,"footnotes":""},"class_list":["post-19328","page","type-page","status-publish","hentry"],"acf":[],"yoast_head":"<!-- This site is optimized with the Yoast SEO plugin v27.4 - https:\/\/yoast.com\/product\/yoast-seo-wordpress\/ -->\n<title>D\u00e9sistement - CBIE<\/title>\n<meta name=\"robots\" content=\"index, follow, max-snippet:-1, max-image-preview:large, max-video-preview:-1\" \/>\n<link rel=\"canonical\" href=\"https:\/\/cbie.ca\/fr\/desistement\/\" \/>\n<meta property=\"og:locale\" content=\"fr_FR\" \/>\n<meta property=\"og:type\" content=\"article\" \/>\n<meta property=\"og:title\" content=\"D\u00e9sistement - CBIE\" \/>\n<meta property=\"og:description\" content=\"[vc_row][vc_column width=\u00a0\u00bb1\/1&Prime;][vc_column_text]www.cbie-bcei.ca (le Site) n\u2019offre aucune garantie et aucun autre type d\u2019assurance quant au fonctionnement, \u00e0 la qualit\u00e9 et \u00e0 la fonctionnalit\u00e9 du Site. L\u2019acc\u00e8s au Site pourra \u00eatre interrompu, [&hellip;]\" \/>\n<meta property=\"og:url\" content=\"https:\/\/cbie.ca\/fr\/desistement\/\" \/>\n<meta property=\"og:site_name\" content=\"CBIE\" \/>\n<meta property=\"article:modified_time\" content=\"2016-06-02T02:20:26+00:00\" \/>\n<meta property=\"og:image\" content=\"https:\/\/cbie.ca\/wp-content\/uploads\/2024\/01\/CBIE-Announcement-EN.png\" \/>\n\t<meta property=\"og:image:width\" content=\"1600\" \/>\n\t<meta property=\"og:image:height\" content=\"900\" \/>\n\t<meta property=\"og:image:type\" content=\"image\/png\" \/>\n<meta name=\"twitter:card\" content=\"summary_large_image\" \/>\n<meta name=\"twitter:label1\" content=\"Dur\u00e9e de lecture estim\u00e9e\" \/>\n\t<meta name=\"twitter:data1\" content=\"1 minute\" \/>\n<script type=\"application\/ld+json\" class=\"yoast-schema-graph\">{\"@context\":\"https:\\\/\\\/schema.org\",\"@graph\":[{\"@type\":\"WebPage\",\"@id\":\"https:\\\/\\\/cbie.ca\\\/fr\\\/desistement\\\/\",\"url\":\"https:\\\/\\\/cbie.ca\\\/fr\\\/desistement\\\/\",\"name\":\"D\u00e9sistement - CBIE\",\"isPartOf\":{\"@id\":\"https:\\\/\\\/cbie.ca\\\/#website\"},\"datePublished\":\"2016-05-27T18:06:31+00:00\",\"dateModified\":\"2016-06-02T02:20:26+00:00\",\"breadcrumb\":{\"@id\":\"https:\\\/\\\/cbie.ca\\\/fr\\\/desistement\\\/#breadcrumb\"},\"inLanguage\":\"fr-FR\",\"potentialAction\":[{\"@type\":\"ReadAction\",\"target\":[\"https:\\\/\\\/cbie.ca\\\/fr\\\/desistement\\\/\"]}]},{\"@type\":\"BreadcrumbList\",\"@id\":\"https:\\\/\\\/cbie.ca\\\/fr\\\/desistement\\\/#breadcrumb\",\"itemListElement\":[{\"@type\":\"ListItem\",\"position\":1,\"name\":\"Home\",\"item\":\"https:\\\/\\\/cbie.ca\\\/fr\\\/\"},{\"@type\":\"ListItem\",\"position\":2,\"name\":\"D\u00e9sistement\"}]},{\"@type\":\"WebSite\",\"@id\":\"https:\\\/\\\/cbie.ca\\\/#website\",\"url\":\"https:\\\/\\\/cbie.ca\\\/\",\"name\":\"Canadian Bureau for International Education\",\"description\":\"\",\"potentialAction\":[{\"@type\":\"SearchAction\",\"target\":{\"@type\":\"EntryPoint\",\"urlTemplate\":\"https:\\\/\\\/cbie.ca\\\/?s={search_term_string}\"},\"query-input\":{\"@type\":\"PropertyValueSpecification\",\"valueRequired\":true,\"valueName\":\"search_term_string\"}}],\"inLanguage\":\"fr-FR\"}]}<\/script>\n<!-- \/ Yoast SEO plugin. -->","yoast_head_json":{"title":"D\u00e9sistement - CBIE","robots":{"index":"index","follow":"follow","max-snippet":"max-snippet:-1","max-image-preview":"max-image-preview:large","max-video-preview":"max-video-preview:-1"},"canonical":"https:\/\/cbie.ca\/fr\/desistement\/","og_locale":"fr_FR","og_type":"article","og_title":"D\u00e9sistement - CBIE","og_description":"[vc_row][vc_column width=\u00a0\u00bb1\/1&Prime;][vc_column_text]www.cbie-bcei.ca (le Site) n\u2019offre aucune garantie et aucun autre type d\u2019assurance quant au fonctionnement, \u00e0 la qualit\u00e9 et \u00e0 la fonctionnalit\u00e9 du Site. L\u2019acc\u00e8s au Site pourra \u00eatre interrompu, [&hellip;]","og_url":"https:\/\/cbie.ca\/fr\/desistement\/","og_site_name":"CBIE","article_modified_time":"2016-06-02T02:20:26+00:00","og_image":[{"width":1600,"height":900,"url":"https:\/\/cbie.ca\/wp-content\/uploads\/2024\/01\/CBIE-Announcement-EN.png","type":"image\/png"}],"twitter_card":"summary_large_image","twitter_misc":{"Dur\u00e9e de lecture estim\u00e9e":"1 minute"},"schema":{"@context":"https:\/\/schema.org","@graph":[{"@type":"WebPage","@id":"https:\/\/cbie.ca\/fr\/desistement\/","url":"https:\/\/cbie.ca\/fr\/desistement\/","name":"D\u00e9sistement - CBIE","isPartOf":{"@id":"https:\/\/cbie.ca\/#website"},"datePublished":"2016-05-27T18:06:31+00:00","dateModified":"2016-06-02T02:20:26+00:00","breadcrumb":{"@id":"https:\/\/cbie.ca\/fr\/desistement\/#breadcrumb"},"inLanguage":"fr-FR","potentialAction":[{"@type":"ReadAction","target":["https:\/\/cbie.ca\/fr\/desistement\/"]}]},{"@type":"BreadcrumbList","@id":"https:\/\/cbie.ca\/fr\/desistement\/#breadcrumb","itemListElement":[{"@type":"ListItem","position":1,"name":"Home","item":"https:\/\/cbie.ca\/fr\/"},{"@type":"ListItem","position":2,"name":"D\u00e9sistement"}]},{"@type":"WebSite","@id":"https:\/\/cbie.ca\/#website","url":"https:\/\/cbie.ca\/","name":"Canadian Bureau for International Education","description":"","potentialAction":[{"@type":"SearchAction","target":{"@type":"EntryPoint","urlTemplate":"https:\/\/cbie.ca\/?s={search_term_string}"},"query-input":{"@type":"PropertyValueSpecification","valueRequired":true,"valueName":"search_term_string"}}],"inLanguage":"fr-FR"}]}},"_links":{"self":[{"href":"https:\/\/cbie.ca\/fr\/wp-json\/wp\/v2\/pages\/19328","targetHints":{"allow":["GET"]}}],"collection":[{"href":"https:\/\/cbie.ca\/fr\/wp-json\/wp\/v2\/pages"}],"about":[{"href":"https:\/\/cbie.ca\/fr\/wp-json\/wp\/v2\/types\/page"}],"author":[{"embeddable":true,"href":"https:\/\/cbie.ca\/fr\/wp-json\/wp\/v2\/users\/63"}],"replies":[{"embeddable":true,"href":"https:\/\/cbie.ca\/fr\/wp-json\/wp\/v2\/comments?post=19328"}],"version-history":[{"count":0,"href":"https:\/\/cbie.ca\/fr\/wp-json\/wp\/v2\/pages\/19328\/revisions"}],"wp:attachment":[{"href":"https:\/\/cbie.ca\/fr\/wp-json\/wp\/v2\/media?parent=19328"}],"curies":[{"name":"wp","href":"https:\/\/api.w.org\/{rel}","templated":true}]}}