{"id":19006,"date":"2016-04-20T18:19:52","date_gmt":"2016-04-20T22:19:52","guid":{"rendered":"http:\/\/198.12.153.159\/~cbie\/notre-travail\/formation-continue\/professional-learning-communities\/intl\/mentorship-program\/?lang=fr"},"modified":"2026-04-23T16:33:32","modified_gmt":"2026-04-23T20:33:32","slug":"mentorship-program","status":"publish","type":"page","link":"https:\/\/cbie.ca\/fr\/notre-reseau\/intl\/mentorship-program\/","title":{"rendered":"Programme de mentorat"},"content":{"rendered":"<div class=\"wpb-content-wrapper\"><p>[vc_row type=\u00a0\u00bbfull_width_section\u00a0\u00bb text_align=\u00a0\u00bbcenter\u00a0\u00bb][vc_column column_padding=\u00a0\u00bbpadding-3&Prime; column_center=\u00a0\u00bbtrue\u00a0\u00bb text_align=\u00a0\u00bbcenter\u00a0\u00bb width=\u00a0\u00bb1\/1&Prime;][vc_column_text]<\/p>\n<h1 style=\"text-align: center;\">Programme de mentorat du RILD<\/h1>\n<p>[\/vc_column_text]<div class=\"newdivider align-center\" style=\"border-bottom-style: solid; border-color: #1c86a4; border-bottom-width: 2px; margin-top: 30px; margin-bottom: 30px; width: 130px; \"><\/div><div class=\"clear\"><\/div>[vc_column_text]<\/p>\n<h5 style=\"text-align: center;\">Renforcer le leadership, les liens et la communaut\u00e9 au sein du secteur canadien de l\u2019\u00e9ducation internationale.<\/h5>\n<p>[\/vc_column_text]<div class=\"divider divider1\" style='margin:30px 0 60px 0 !important;'><\/div>[vc_column_text]<\/p>\n<p style=\"text-align: center;\"><strong>Le programme de mentorat acceptera les candidatures en 2027.<\/strong><\/p>\n<p>[\/vc_column_text]<div class=\"spacer\" style=\"height: 40px;\"><\/div>[vc_column_text]<\/p>\n<h4 style=\"text-align: center;\">\u00c0 propos<\/h4>\n<div>\n<div style=\"text-align: center;\">Le programme de mentorat du R\u00e9seau international des leaders de demain (RILD) r\u00e9unit de nouveaux.elles professionnel.le.s et des leaders exp\u00e9riment\u00e9.e.s de partout au pays. Au cours de ce programme de huit mois, les participant.e.s tissent des liens professionnels enrichissants, approfondissent leur compr\u00e9hension de l\u2019\u00e9ducation internationale au Canada et rejoignent un r\u00e9seau national de soutien favorisant l\u2019apprentissage partag\u00e9, la r\u00e9flexion sur les enjeux du secteur et l\u2019\u00e9panouissement professionnel.<\/div>\n<\/div>\n<p>[\/vc_column_text][vc_row_inner el_class=\u00a0\u00bbhidden\u00a0\u00bb][vc_column_inner]<div class=\"spacer\" style=\"height: 40px;\"><\/div>[vc_column_text]<\/p>\n<h5 style=\"text-align: center;\"><strong>La date limite de d\u00e9p\u00f4t des candidatures est fix\u00e9e au 10 avril 2026.<\/strong><\/h5>\n<p><em>Nous demandons aux participant.e.s de s&rsquo;inscrire en utilisant leur adresse courriel institutionnelle.<\/em>[\/vc_column_text]<div class=\"spacer\" style=\"height: 40px;\"><\/div><a href=\"https:\/\/enpointmentorship.com\/c\/cbie-intl-mentorship\" target=\"_blank\" class=\"button color-1 small btn-blue\" style=\"border-radius: 2px;\">POSTULER Maintenant<\/a>[\/vc_column_inner][\/vc_row_inner][\/vc_column][\/vc_row][vc_row type=\u00a0\u00bbfull_width_section\u00a0\u00bb bg_color=\u00a0\u00bb#01416a\u00a0\u00bb text_color=\u00a0\u00bbcustom\u00a0\u00bb custom_text_color=\u00a0\u00bb#ffffff\u00a0\u00bb][vc_column column_padding=\u00a0\u00bbpadding-3&Prime; column_center=\u00a0\u00bbtrue\u00a0\u00bb text_color=\u00a0\u00bbcustom\u00a0\u00bb custom_text_color=\u00a0\u00bb#ffffff\u00a0\u00bb width=\u00a0\u00bb1\/2&Prime;][vc_column_text]<\/p>\n<h5>Crit\u00e8res d\u2019admissibilit\u00e9 :<\/h5>\n<ul>\n<li>Les prot\u00e9g\u00e9.e.s et les mentor.e.s doivent \u00eatre employ\u00e9.e.s par un <a href=\"https:\/\/cbie.ca\/fr\/notre-reseau\/membres-et-associes\/\" target=\"_blank\" rel=\"noopener\">\u00e9tablissement membre du BCEI<\/a>.<\/li>\n<li>Les mentor.e.s sont des leaders d\u2019exp\u00e9rience qui \u00e9voluent dans l\u2019\u00e9ducation internationale depuis plus de 5 ans.<\/li>\n<li>Les prot\u00e9g\u00e9.e.s sont des leaders \u00e9mergent.e.s qui sont en \u00e9ducation internationale depuis moins de 5 ans.<\/li>\n<\/ul>\n<h5>Structure et obligations du programme apr\u00e8s l\u2019admission :<\/h5>\n<ul>\n<li>Les mentor.e.s et les prot\u00e9g\u00e9.e.s se rencontrent une fois par mois, pour un engagement total d\u2019environ 2 \u00e0 3 heures par mois.<\/li>\n<li>Les mentor.e.s doivent participer activement en soutenant leur prot\u00e9g\u00e9.e dans ses objectifs professionnels et personnels de avril \u00e0 novembre.<\/li>\n<li>Les prot\u00e9g\u00e9.e.s doivent exprimer leurs objectifs pour l&rsquo;ann\u00e9e, leurs attentes \u00e0 l\u2019\u00e9gard du programme de mentorat et les th\u00e8mes qu\u2019ils souhaitent aborder avec leur mentor.e.<\/li>\n<li>Les mentor.e.s et les prot\u00e9g\u00e9.e.s doivent r\u00e9pondre \u00e0 un court sondage \u00e0 mi-chemin.<\/li>\n<li>Les mentor.e.s et les prot\u00e9g\u00e9.e.s doivent remplir le questionnaire d\u2019\u00e9valuation du programme \u00e0 la fin de leur engagement.<\/li>\n<\/ul>\n<p>[\/vc_column_text][\/vc_column][vc_column bg_image=\u00a0\u00bb15958&Prime; width=\u00a0\u00bb1\/2&Prime;]<div class=\"spacer\" style=\"height: 500px;\"><\/div>[\/vc_column][\/vc_row][vc_row type=\u00a0\u00bbfull_width_section\u00a0\u00bb bg_color=\u00a0\u00bb#00263e\u00a0\u00bb text_color=\u00a0\u00bbcustom\u00a0\u00bb custom_text_color=\u00a0\u00bb#ffffff\u00a0\u00bb][vc_column bg_image=\u00a0\u00bb30489&Prime; column_center=\u00a0\u00bbtrue\u00a0\u00bb text_color=\u00a0\u00bbcustom\u00a0\u00bb custom_text_color=\u00a0\u00bb#ffffff\u00a0\u00bb width=\u00a0\u00bb1\/2&Prime;]<div class=\"spacer\" style=\"height: 500px;\"><\/div>[\/vc_column][vc_column column_padding=\u00a0\u00bbpadding-3&Prime; width=\u00a0\u00bb1\/2&Prime;][vc_column_text]<\/p>\n<h5>S\u00e9lection et mise en paire\u00a0:<\/h5>\n<ul>\n<li>Repr\u00e9sentation nationale (la repr\u00e9sentation g\u00e9ographique, linguistique et d\u2019exp\u00e9rience du secteur auront la priorit\u00e9 au moment de la s\u00e9lection des participant.e.s au programme)<\/li>\n<li>La mise en paire se fera en fonction des r\u00e9ponses dans les candidatures de mentor.e.s et de prot\u00e9g\u00e9.e.s<\/li>\n<\/ul>\n<h5>Nous serons ravis de r\u00e9pondre \u00e0 vos questions sur le processus de candidature.<\/h5>\n<p>Pour toute question, veuillez communiquer avec Sophie Jodouin \u00e0 l\u2019adresse\u202f: <a href=\"mailto:sjodouin@cbie.ca\" target=\"_blank\" rel=\"noopener\">sjodouin@cbie.ca<\/a>.[\/vc_column_text][\/vc_column][\/vc_row][vc_row type=\u00a0\u00bbfull_width_section\u00a0\u00bb bg_color=\u00a0\u00bb#f2f2f2&Prime; class=\u00a0\u00bbhidden\u00a0\u00bb][vc_column column_padding=\u00a0\u00bbpadding-3&Prime; column_center=\u00a0\u00bbtrue\u00a0\u00bb width=\u00a0\u00bb1\/1&Prime;][vc_column_text]<\/p>\n<h3 id=\"2017\" style=\"text-align: center;\">Rencontrez le sous-comit\u00e9 de mentorat de 2024 !<\/h3>\n<p>[\/vc_column_text]<div class=\"newdivider align-center\" style=\"border-bottom-style: solid; border-color: #a7a8aa; border-bottom-width: 2px; margin-top: 30px; margin-bottom: 30px; width: 130px; \"><\/div><div class=\"clear\"><\/div>[vc_row_inner][vc_column_inner][vc_column_text]<\/p>\n<p style=\"text-align: center;\">Eloise Rolland-Carmichael, Loyalist College (co-responsable)<br \/>\nAR Mistry, Okanagan College (co-responsable)<br \/>\nBrandi Toplak, University of British Columbia &#8211; Okanagan Campus<br \/>\nKhue Lam, University of Guelph<br \/>\nMonika Klein-Marshall, Conestoga College<br \/>\nZahid Sheikh, Thompson Rivers University<\/p>\n<p>[\/vc_column_text]<div class=\"spacer\" style=\"height: 40px;\"><\/div>[\/vc_column_inner][\/vc_row_inner][\/vc_column][\/vc_row][vc_row type=\u00a0\u00bbfull_width_section\u00a0\u00bb bg_color=\u00a0\u00bb#f2f2f2&Prime;][vc_column column_padding=\u00a0\u00bbpadding-3&Prime; column_center=\u00a0\u00bbtrue\u00a0\u00bb width=\u00a0\u00bb1\/1&Prime;][vc_column_text]<\/p>\n<h3 id=\"2017\" style=\"text-align: center;\">Merci \u00e0 nos mentors de 2026 du RILD !<\/h3>\n<p>[\/vc_column_text]<div class=\"newdivider align-center\" style=\"border-bottom-style: solid; border-color: #a7a8aa; border-bottom-width: 2px; margin-top: 30px; margin-bottom: 30px; width: 130px; \"><\/div><div class=\"clear\"><\/div><div class=\"spacer\" style=\"height: 20px;\"><\/div>[vc_row_inner][vc_column_inner width=\u00a0\u00bb1\/3&Prime;][vc_column_text]<\/p>\n<p style=\"text-align: center;\">Andy Xia \u2014 University of Toronto<br \/>\nAnkita Goyal \u2014 Northeastern University<br \/>\nAnna Brady \u2014 University of Toronto<br \/>\nAnna Done Choudhury \u2014 Northeastern University<br \/>\nAnna Kurach \u2014 The University of Western Ontario<br \/>\nCarmencita Duna \u2014 University of Victoria<br \/>\nCecilia Rose \u2014 University of Victoria<br \/>\nDarren Finlay \u2014 Toronto Metropolitan University<br \/>\nDavid Begg \u2014 Brock University<br \/>\nDavid Zhou \u2014 Yorkville University<br \/>\nDr. Shabeer Amirali \u2014 University of Guelph<br \/>\nEcho Gu \u2014 Northeastern University<br \/>\nEric Jardin \u2014 University of Waterloo<br \/>\nErika Loney \u2014 University of Toronto<\/p>\n<p>[\/vc_column_text]<div class=\"spacer\" style=\"height: 40px;\"><\/div>[\/vc_column_inner][vc_column_inner width=\u00a0\u00bb1\/3&Prime;][vc_column_text]<\/p>\n<p style=\"text-align: center;\">Fabiana Tepedino \u2014 Western University<br \/>\nJacqueline Veres \u2014 University of Guelph<br \/>\nJie Jiang \u2014 University of New Brunswick<br \/>\nJohannita Mills\u2011Beale \u2014 Coast Mountain College<br \/>\nKateryna Gnatkova \u2014 Northeastern University<br \/>\nKeir McIsaac \u2014 Memorial University of Newfoundland<br \/>\nKennis Fung \u2014 The University of Manitoba<br \/>\nKimberly Deonanan \u2014 Mohawk College<br \/>\nLauren Cullen \u2014 Saint Mary\u2019s University<br \/>\nLovish Kaushal \u2014 Keyano College<br \/>\nMadhulika Potukuchi \u2014 University of Guelph<br \/>\nMartin Bader \u2014 McGill University, School of Continuing Studies<br \/>\nMonika Sharma \u2014 Douglas College<br \/>\nNancy Pitman \u2014 Mohawk College<br \/>\nNicole Miller \u2014 Memorial University of Newfoundland<\/p>\n<p>[\/vc_column_text]<div class=\"spacer\" style=\"height: 40px;\"><\/div>[\/vc_column_inner][vc_column_inner width=\u00a0\u00bb1\/3&Prime;][vc_column_text]<\/p>\n<p style=\"text-align: center;\">Preetee Gopee \u2014 Centennial College<br \/>\nPugaleni Iynkaran \u2014 University of Guelph<br \/>\nRinky Pathak \u2014 New Brunswick Community College (NBCC)<br \/>\nRita Chen \u2014 Seneca Polytechnic<br \/>\nRobert Perrier \u2014 Lakehead University<br \/>\nRomina Chencheva \u2014 University of Ottawa<br \/>\nSara Lewis \u2014 Mohawk College of Applied Arts and Technology<br \/>\nTaseera Lwanga \u2014 University of Lethbridge<br \/>\nTayyaba Malik \u2014 International College of Manitoba<br \/>\nTeresa Brooks \u2014 Langara College<br \/>\nTomi Orojinmi \u2014 Western University<br \/>\nTony Mei \u2014 Northern Lights College<br \/>\nYufei Zheng \u2014 McMaster University<\/p>\n<p>[\/vc_column_text]<div class=\"spacer\" style=\"height: 40px;\"><\/div>[\/vc_column_inner][\/vc_row_inner][\/vc_column][\/vc_row]<\/p>\n<\/div>","protected":false},"excerpt":{"rendered":"<p>[vc_row type=\u00a0\u00bbfull_width_section\u00a0\u00bb text_align=\u00a0\u00bbcenter\u00a0\u00bb][vc_column column_padding=\u00a0\u00bbpadding-3&Prime; column_center=\u00a0\u00bbtrue\u00a0\u00bb text_align=\u00a0\u00bbcenter\u00a0\u00bb width=\u00a0\u00bb1\/1&Prime;][vc_column_text] Programme de mentorat du RILD [\/vc_column_text][vc_column_text] Renforcer le leadership, les liens et la communaut\u00e9 au sein du secteur canadien de l\u2019\u00e9ducation internationale. [\/vc_column_text][vc_column_text] [&hellip;]<\/p>\n","protected":false},"author":63,"featured_media":0,"parent":17131,"menu_order":0,"comment_status":"closed","ping_status":"closed","template":"","meta":{"_acf_changed":false,"footnotes":""},"class_list":["post-19006","page","type-page","status-publish","hentry"],"acf":[],"yoast_head":"<!-- This site is optimized with the Yoast SEO plugin v27.5 - https:\/\/yoast.com\/product\/yoast-seo-wordpress\/ -->\n<title>Programme de mentorat - CBIE<\/title>\n<meta name=\"robots\" content=\"index, follow, max-snippet:-1, max-image-preview:large, max-video-preview:-1\" \/>\n<link rel=\"canonical\" href=\"https:\/\/cbie.ca\/fr\/notre-reseau\/intl\/mentorship-program\/\" \/>\n<meta property=\"og:locale\" content=\"fr_FR\" \/>\n<meta property=\"og:type\" content=\"article\" \/>\n<meta property=\"og:title\" content=\"Programme de mentorat - CBIE\" \/>\n<meta property=\"og:description\" content=\"[vc_row type=\u00a0\u00bbfull_width_section\u00a0\u00bb text_align=\u00a0\u00bbcenter\u00a0\u00bb][vc_column column_padding=\u00a0\u00bbpadding-3&Prime; column_center=\u00a0\u00bbtrue\u00a0\u00bb text_align=\u00a0\u00bbcenter\u00a0\u00bb width=\u00a0\u00bb1\/1&Prime;][vc_column_text] Programme de mentorat du RILD [\/vc_column_text][vc_column_text] Renforcer le leadership, les liens et la communaut\u00e9 au sein du secteur canadien de l\u2019\u00e9ducation internationale. [\/vc_column_text][vc_column_text] [&hellip;]\" \/>\n<meta property=\"og:url\" content=\"https:\/\/cbie.ca\/fr\/notre-reseau\/intl\/mentorship-program\/\" \/>\n<meta property=\"og:site_name\" content=\"CBIE\" \/>\n<meta property=\"article:modified_time\" content=\"2026-04-23T20:33:32+00:00\" \/>\n<meta property=\"og:image\" content=\"https:\/\/cbie.ca\/wp-content\/uploads\/2024\/01\/CBIE-Announcement-EN.png\" \/>\n\t<meta property=\"og:image:width\" content=\"1600\" \/>\n\t<meta property=\"og:image:height\" content=\"900\" \/>\n\t<meta property=\"og:image:type\" content=\"image\/png\" \/>\n<meta name=\"twitter:card\" content=\"summary_large_image\" \/>\n<meta name=\"twitter:label1\" content=\"Dur\u00e9e de lecture estim\u00e9e\" \/>\n\t<meta name=\"twitter:data1\" content=\"4 minutes\" \/>\n<script type=\"application\/ld+json\" class=\"yoast-schema-graph\">{\"@context\":\"https:\\\/\\\/schema.org\",\"@graph\":[{\"@type\":\"WebPage\",\"@id\":\"https:\\\/\\\/cbie.ca\\\/fr\\\/notre-reseau\\\/intl\\\/mentorship-program\\\/\",\"url\":\"https:\\\/\\\/cbie.ca\\\/fr\\\/notre-reseau\\\/intl\\\/mentorship-program\\\/\",\"name\":\"Programme de mentorat - CBIE\",\"isPartOf\":{\"@id\":\"https:\\\/\\\/cbie.ca\\\/#website\"},\"datePublished\":\"2016-04-20T22:19:52+00:00\",\"dateModified\":\"2026-04-23T20:33:32+00:00\",\"breadcrumb\":{\"@id\":\"https:\\\/\\\/cbie.ca\\\/fr\\\/notre-reseau\\\/intl\\\/mentorship-program\\\/#breadcrumb\"},\"inLanguage\":\"fr-FR\",\"potentialAction\":[{\"@type\":\"ReadAction\",\"target\":[\"https:\\\/\\\/cbie.ca\\\/fr\\\/notre-reseau\\\/intl\\\/mentorship-program\\\/\"]}]},{\"@type\":\"BreadcrumbList\",\"@id\":\"https:\\\/\\\/cbie.ca\\\/fr\\\/notre-reseau\\\/intl\\\/mentorship-program\\\/#breadcrumb\",\"itemListElement\":[{\"@type\":\"ListItem\",\"position\":1,\"name\":\"Home\",\"item\":\"https:\\\/\\\/cbie.ca\\\/fr\\\/\"},{\"@type\":\"ListItem\",\"position\":2,\"name\":\"Notre R\u00e9seau\",\"item\":\"https:\\\/\\\/cbie.ca\\\/fr\\\/notre-reseau\\\/\"},{\"@type\":\"ListItem\",\"position\":3,\"name\":\"R\u00e9seau international des leaders de demain\",\"item\":\"https:\\\/\\\/cbie.ca\\\/fr\\\/notre-reseau\\\/intl\\\/\"},{\"@type\":\"ListItem\",\"position\":4,\"name\":\"Programme de mentorat\"}]},{\"@type\":\"WebSite\",\"@id\":\"https:\\\/\\\/cbie.ca\\\/#website\",\"url\":\"https:\\\/\\\/cbie.ca\\\/\",\"name\":\"Canadian Bureau for International Education\",\"description\":\"\",\"potentialAction\":[{\"@type\":\"SearchAction\",\"target\":{\"@type\":\"EntryPoint\",\"urlTemplate\":\"https:\\\/\\\/cbie.ca\\\/?s={search_term_string}\"},\"query-input\":{\"@type\":\"PropertyValueSpecification\",\"valueRequired\":true,\"valueName\":\"search_term_string\"}}],\"inLanguage\":\"fr-FR\"}]}<\/script>\n<!-- \/ Yoast SEO plugin. -->","yoast_head_json":{"title":"Programme de mentorat - CBIE","robots":{"index":"index","follow":"follow","max-snippet":"max-snippet:-1","max-image-preview":"max-image-preview:large","max-video-preview":"max-video-preview:-1"},"canonical":"https:\/\/cbie.ca\/fr\/notre-reseau\/intl\/mentorship-program\/","og_locale":"fr_FR","og_type":"article","og_title":"Programme de mentorat - CBIE","og_description":"[vc_row type=\u00a0\u00bbfull_width_section\u00a0\u00bb text_align=\u00a0\u00bbcenter\u00a0\u00bb][vc_column column_padding=\u00a0\u00bbpadding-3&Prime; column_center=\u00a0\u00bbtrue\u00a0\u00bb text_align=\u00a0\u00bbcenter\u00a0\u00bb width=\u00a0\u00bb1\/1&Prime;][vc_column_text] Programme de mentorat du RILD [\/vc_column_text][vc_column_text] Renforcer le leadership, les liens et la communaut\u00e9 au sein du secteur canadien de l\u2019\u00e9ducation internationale. [\/vc_column_text][vc_column_text] [&hellip;]","og_url":"https:\/\/cbie.ca\/fr\/notre-reseau\/intl\/mentorship-program\/","og_site_name":"CBIE","article_modified_time":"2026-04-23T20:33:32+00:00","og_image":[{"width":1600,"height":900,"url":"https:\/\/cbie.ca\/wp-content\/uploads\/2024\/01\/CBIE-Announcement-EN.png","type":"image\/png"}],"twitter_card":"summary_large_image","twitter_misc":{"Dur\u00e9e de lecture estim\u00e9e":"4 minutes"},"schema":{"@context":"https:\/\/schema.org","@graph":[{"@type":"WebPage","@id":"https:\/\/cbie.ca\/fr\/notre-reseau\/intl\/mentorship-program\/","url":"https:\/\/cbie.ca\/fr\/notre-reseau\/intl\/mentorship-program\/","name":"Programme de mentorat - CBIE","isPartOf":{"@id":"https:\/\/cbie.ca\/#website"},"datePublished":"2016-04-20T22:19:52+00:00","dateModified":"2026-04-23T20:33:32+00:00","breadcrumb":{"@id":"https:\/\/cbie.ca\/fr\/notre-reseau\/intl\/mentorship-program\/#breadcrumb"},"inLanguage":"fr-FR","potentialAction":[{"@type":"ReadAction","target":["https:\/\/cbie.ca\/fr\/notre-reseau\/intl\/mentorship-program\/"]}]},{"@type":"BreadcrumbList","@id":"https:\/\/cbie.ca\/fr\/notre-reseau\/intl\/mentorship-program\/#breadcrumb","itemListElement":[{"@type":"ListItem","position":1,"name":"Home","item":"https:\/\/cbie.ca\/fr\/"},{"@type":"ListItem","position":2,"name":"Notre R\u00e9seau","item":"https:\/\/cbie.ca\/fr\/notre-reseau\/"},{"@type":"ListItem","position":3,"name":"R\u00e9seau international des leaders de demain","item":"https:\/\/cbie.ca\/fr\/notre-reseau\/intl\/"},{"@type":"ListItem","position":4,"name":"Programme de mentorat"}]},{"@type":"WebSite","@id":"https:\/\/cbie.ca\/#website","url":"https:\/\/cbie.ca\/","name":"Canadian Bureau for International Education","description":"","potentialAction":[{"@type":"SearchAction","target":{"@type":"EntryPoint","urlTemplate":"https:\/\/cbie.ca\/?s={search_term_string}"},"query-input":{"@type":"PropertyValueSpecification","valueRequired":true,"valueName":"search_term_string"}}],"inLanguage":"fr-FR"}]}},"_links":{"self":[{"href":"https:\/\/cbie.ca\/fr\/wp-json\/wp\/v2\/pages\/19006","targetHints":{"allow":["GET"]}}],"collection":[{"href":"https:\/\/cbie.ca\/fr\/wp-json\/wp\/v2\/pages"}],"about":[{"href":"https:\/\/cbie.ca\/fr\/wp-json\/wp\/v2\/types\/page"}],"author":[{"embeddable":true,"href":"https:\/\/cbie.ca\/fr\/wp-json\/wp\/v2\/users\/63"}],"replies":[{"embeddable":true,"href":"https:\/\/cbie.ca\/fr\/wp-json\/wp\/v2\/comments?post=19006"}],"version-history":[{"count":10,"href":"https:\/\/cbie.ca\/fr\/wp-json\/wp\/v2\/pages\/19006\/revisions"}],"predecessor-version":[{"id":120903,"href":"https:\/\/cbie.ca\/fr\/wp-json\/wp\/v2\/pages\/19006\/revisions\/120903"}],"up":[{"embeddable":true,"href":"https:\/\/cbie.ca\/fr\/wp-json\/wp\/v2\/pages\/17131"}],"wp:attachment":[{"href":"https:\/\/cbie.ca\/fr\/wp-json\/wp\/v2\/media?parent=19006"}],"curies":[{"name":"wp","href":"https:\/\/api.w.org\/{rel}","templated":true}]}}