{"id":18329,"date":"2016-04-12T19:58:54","date_gmt":"2016-04-12T19:58:54","guid":{"rendered":"http:\/\/198.12.153.159\/~cbie\/policy-statements\/?lang=fr"},"modified":"2023-08-28T15:51:40","modified_gmt":"2023-08-28T19:51:40","slug":"policy-statements","status":"publish","type":"page","link":"https:\/\/cbie.ca\/fr\/media\/policy-statements\/","title":{"rendered":"\u00c9nonc\u00e9s de politique et soumissions"},"content":{"rendered":"<div class=\"wpb-content-wrapper\"><p>[vc_row type=\u00a0\u00bbfull_width_section\u00a0\u00bb text_color=\u00a0\u00bblight\u00a0\u00bb text_align=\u00a0\u00bbcenter\u00a0\u00bb][vc_column el_class=\u00a0\u00bbfull\u00a0\u00bb bg_color=\u00a0\u00bb#00273d\u00a0\u00bb column_padding=\u00a0\u00bbpadding-3&Prime; column_center=\u00a0\u00bbtrue\u00a0\u00bb text_color=\u00a0\u00bblight\u00a0\u00bb text_align=\u00a0\u00bbcenter\u00a0\u00bb width=\u00a0\u00bb1\/1&Prime;][vc_column_text]<\/p>\n<p style=\"text-align: center;\">Les documents de politique et directives du BCEI essayent de donner un point de vue et de faire l\u2019analyse, en mettant l\u2019accent sur les solutions, sur les enjeux \u00e9mergents de l\u2019\u00e9ducation internationale. Ils s\u2019adressent \u00e0 nos membres et aux repr\u00e9sentants du gouvernement, qu\u2019ils soient au Canada ou \u00e0 l\u2019\u00e9tranger. Ces documents sont parfois des collaborations avec nos membres ou d\u2019autres organismes, ou des contributions \u00e0 des publications par des membres du BCEI sur la politique publique en mati\u00e8re d\u2019\u00e9ducation internationale.<\/p>\n<p>[\/vc_column_text][\/vc_column][\/vc_row][vc_row][vc_column width=\u00a0\u00bb1\/1&Prime;]<div class=\"spacer\" style=\"height: 40px;\"><\/div>[vc_column_text]<\/p>\n<h5>M\u00e9moire de consultation du BCEI sur la strat\u00e9gie canadienne en mati\u00e8re d&rsquo;\u00e9ducation internationale pour 2024-2029<\/h5>\n<ul>\n<li><a href=\"https:\/\/cbie.ca\/wp-content\/uploads\/2023\/08\/Memoire-de-consultation-du-BCEI-sur-la-strategie-canadienne-en-matiere-deducation-internationale-pour-2024-2029.pdf\">M\u00e9moire de consultation du BCEI sur la strat\u00e9gie canadienne en mati\u00e8re d&rsquo;\u00e9ducation internationale pour 2024-2029<\/a><\/li>\n<\/ul>\n<hr \/>\n<h5>Soumission du BCEI \u00e0 IRCC &#8211; M\u00e9moire de consultation sur un syst\u00e8me d&rsquo;immigration pour l&rsquo;avenir du Canada, avril 2023<\/h5>\n<ul>\n<li><a href=\"https:\/\/cbie.ca\/wp-content\/uploads\/2023\/05\/Soumission-du-BCEI-a-IRCC-Memoire-de-consultation-sur-un-systeme-dimmigration-pour-lavenir-du-Canada.pdf\" target=\"_blank\" rel=\"noopener\">M\u00e9moire de consultation sur Un syst\u00e8me d&rsquo;immigration pour l&rsquo;avenir du Canada<\/a><\/li>\n<\/ul>\n<hr \/>\n<h5>Comit\u00e9 consultatif sur l\u2019immigration du BCEI Note d\u2019information, janvier 2021<\/h5>\n<ul>\n<li><a href=\"\/wp-content\/uploads\/2021\/01\/CBIE-IAC-PGWP-Briefing-Note-Summary.FRE_REV.pdf\" target=\"_blank\" rel=\"noopener noreferrer\">PPTPD et COVID-19 &#8211; d\u2019information sommaire<\/a><\/li>\n<li><a href=\"https:\/\/cbie.ca\/wp-content\/uploads\/2021\/01\/Briefing-Note-PGWP-Program-Full-Briefing-Note.FRE_REV.pdf\">PPTPD et COVID-19 &#8211; informations compl\u00e8tes<\/a><\/li>\n<\/ul>\n<hr \/>\n<h5>Comit\u00e9 consultatif sur l\u2019immigration du BCEI Note d\u2019information, l&rsquo;automne 2020<\/h5>\n<ul>\n<li><a href=\"\/wp-content\/uploads\/2020\/12\/Co-op-Work-Permit-Processing-Times-DRAFT.FRE_REV.pdf\" target=\"_blank\" rel=\"noopener noreferrer\">D\u00e9lais de traitement du permis de travail coop<\/a><\/li>\n<\/ul>\n<hr \/>\n<h5>Mises \u00e0 jour de l\u2019automne du Comit\u00e9 consultatif sur l\u2019immigration<\/h5>\n<ul>\n<li><a href=\"\/wp-content\/uploads\/2020\/01\/iac-fall2019-update-EF.pdf\" target=\"_blank\" rel=\"noopener noreferrer\">Lisez les mises \u00e0 jour<\/a><\/li>\n<\/ul>\n<hr \/>\n<h5>Comit\u00e9 consultatif sur l\u2019immigration du BCEI Note d\u2019information, octobre 2019<\/h5>\n<ul>\n<li><a href=\"https:\/\/cbie.ca\/wp-content\/uploads\/2020\/01\/CBIE-IAC-Briefing-Note-Post-Graduation-Work-Permit-Program-Updates-FR.pdf\" target=\"_blank\" rel=\"noopener noreferrer\">Mises \u00e0 jour au Programme de permis de travail postdipl\u00f4me<\/a><\/li>\n<\/ul>\n<hr \/>\n<h5>Comit\u00e9 consultatif sur l\u2019immigration du BCEI Note d\u2019information, octobre 2019<\/h5>\n<ul>\n<li><a href=\"https:\/\/cbie.ca\/wp-content\/uploads\/2020\/01\/CBIE-Immigration-Advisory-Brief-Oct-2019.pdf\" target=\"_blank\" rel=\"noopener noreferrer\">Permis de travail en tant que participant \u00e0 un programme coop\u00e9ratif \u2013 Exp\u00e9rience de travail obligatoire<\/a><\/li>\n<\/ul>\n<hr \/>\n<h5>Comit\u00e9 consultatif du BCEI sur l\u2019immigration, Compte-rendu, juin 2019<\/h5>\n<ul>\n<li><a href=\"https:\/\/cbie.ca\/wp-content\/uploads\/2019\/06\/CBIE-IAC-Briefing-Note-June-2019.pdf\" target=\"_blank\" rel=\"noopener noreferrer\">\u00c9valuation des conditions du permis d\u2019\u00e9tudes<\/a><\/li>\n<\/ul>\n<hr \/>\n<h5>Comit\u00e9 consultatif du BCEI sur l\u2019immigration Notes d&rsquo;information, mai 2019<\/h5>\n<ul>\n<li><a href=\"https:\/\/cbie.ca\/wp-content\/uploads\/2019\/05\/Rapport-Projet-de-loi-C-97.pdf\" target=\"_blank\" rel=\"noopener noreferrer\">Projet de loi C-97 \u2013 Repr\u00e9sentation ou conseil en mati\u00e8re d\u2019immigration et de citoyennet\u00e9<\/a><\/li>\n<\/ul>\n<hr \/>\n<h5>Cartographie de l\u2019avenir de l\u2019\u00e9ducation internationale au Canada<br \/>\n<em>Dans l\u2019attente d\u2019une nouvelle strat\u00e9gie f\u00e9d\u00e9rale d\u2019\u00e9ducation internationale, le BCEI invite les contributions \u00e9crites\u00a0 pour informer les recommandations que le BCEI fournira au gouvernement au nom du secteur.<\/em><\/h5>\n<ul>\n<li><a href=\"https:\/\/cbie.ca\/cartographie-de-lavenir-de-leducation-internationale-au-canada\/?lang=fr\">Soumettre des commentaires<\/a><\/li>\n<\/ul>\n<hr \/>\n<h5>Soutenir nos leaders mondiaux pour dynamiser la comp\u00e9titivit\u00e9 du Canada<br \/>\n<em>Les arguments en faveur des \u00e9tudes \u00e0 l\u2019\u00e9tranger pour les jeunes Canadiens<\/em><\/h5>\n<ul>\n<li><a href=\"https:\/\/cbie.ca\/wp-content\/uploads\/2018\/08\/CBIE-FINA-brief-2018-FR.pdf\" target=\"_blank\" rel=\"noopener noreferrer\">Proposition au comit\u00e9 permanent sur les finances de la Chambre des communes pour les consultations pr\u00e9budg\u00e9taires de 2019<\/a><br \/>\nLe 3 ao\u00fbt 2018<\/li>\n<\/ul>\n<hr \/>\n<h5>Comit\u00e9 consultatif du BCEI sur l\u2019immigration Notes d&rsquo;information, ao\u00fbt 2017<\/h5>\n<ul>\n<li><a href=\"https:\/\/cbie.ca\/wp-content\/uploads\/2018\/01\/2017-08-CBIE-IAC_BN_PGWP-fr.pdf\" target=\"_blank\" rel=\"noopener noreferrer\">Exigences d\u2019admissibilit\u00e9 au permis de travail postdipl\u00f4me<\/a><\/li>\n<\/ul>\n<hr \/>\n<h5>Ouvrir les fronti\u00e8res du savoir: Une solution au d\u00e9fi de l\u2019engagement mondial du Canada<\/h5>\n<ul>\n<li><a href=\"https:\/\/cbie.ca\/wp-content\/uploads\/2017\/08\/FINA-Pre-Budget-Consultations_fr.pdf\" target=\"_blank\" rel=\"noopener noreferrer\">M\u00e9moire pr\u00e9sent\u00e9 au Comit\u00e9 permanent des finances de la Chambre des communes pour les consultations pr\u00e9budg\u00e9taires en vue du budget de 2018<br \/>\n<\/a>le 3 ao\u00fbt 2017<\/li>\n<\/ul>\n<hr \/>\n<h5>Comit\u00e9 consultatif du BCEI sur l\u2019immigration Notes d&rsquo;information<\/h5>\n<ul>\n<li><a href=\"https:\/\/cbie.ca\/wp-content\/uploads\/2017\/06\/IACBriefingNotes.pdf\" target=\"_blank\" rel=\"noopener noreferrer\">Grands enjeux et difficult\u00e9s d\u2019immigration pour les \u00e9tudiants internationaux<\/a><\/li>\n<\/ul>\n<hr \/>\n<h5>Proposition du BCEI \u00e0 la Conversation nationale du gouvernement du Canada sur l\u2019immigration en ao\u00fbt 2016<\/h5>\n<p>Lisez la <a href=\"https:\/\/cbie.ca\/wp-content\/uploads\/2016\/04\/BCEI_Proposition-sur-limmigration.pdf\">proposition du BCEI<\/a>\u00a0qui porte sur quatre points\u00a0:<\/p>\n<ul>\n<li>Renforcer notre tissu canadien<\/li>\n<li>D\u00e9bloquer les besoins diversifi\u00e9s du Canada<\/li>\n<li>Moderniser notre syst\u00e8me d\u2019immigration<\/li>\n<li>Agir comme leader de la migration et de l\u2019immigration dans le monde<\/li>\n<\/ul>\n<hr \/>\n<h5>Proposition du BCEI au Comit\u00e9 permanent des finances de la Chambre des communes, consultations pr\u00e9budg\u00e9taires, ao\u00fbt 2016<\/h5>\n<p>Lisez la\u00a0<a href=\"https:\/\/cbie.ca\/wp-content\/uploads\/2016\/04\/FINABrief2016_FR.pdf\" target=\"_blank\" rel=\"noopener noreferrer\">proposition du BCEI<\/a> qui demande un grand investissement dans le domaine suivant\u00a0:<\/p>\n<ul>\n<li>Les \u00e9tudes \u00e0 l\u2019\u00e9tranger pour les \u00e9tudiants canadiens, le \u00ab\u00a0d\u00e9fi de l\u2019engagement mondial du Canada\u00a0\u00bb pour faire des progr\u00e8s raisonnables vers l\u2019objectif de 50\u00a0000\u00a0bourses par an d\u2019ici \u00e0 2022<\/li>\n<\/ul>\n<hr \/>\n<h5>Proposition du BCEI \u00e0 Affaires mondiales Canada sur l\u2019examen de la politique d\u2019aide internationale du Canada, juillet 2016<\/h5>\n<p><span lang=\"FR-CA\" style=\"color: black;\">Consultez la <\/span><span lang=\"FR-CA\"><a href=\"https:\/\/cbie.ca\/wp-content\/uploads\/2017\/01\/AffairesMondiales-examen-de-laide-internationale.pdf\" target=\"_blank\" rel=\"noopener noreferrer\">proposition du BCEI<\/a><span style=\"color: black;\"> qui avance quatre recommandations concr\u00e8tes correspondant aux commentaires qu\u2019il a re\u00e7us de ses membres, ainsi qu\u2019\u00e0 sa propre exp\u00e9rience de grand partenaire de d\u00e9veloppement pour le gouvernement du Canada.<\/span><\/span>[\/vc_column_text]<div class=\"spacer\" style=\"height: 50px;\"><\/div>[\/vc_column][\/vc_row]<\/p>\n<\/div>","protected":false},"excerpt":{"rendered":"<p>[vc_row type=\u00a0\u00bbfull_width_section\u00a0\u00bb text_color=\u00a0\u00bblight\u00a0\u00bb text_align=\u00a0\u00bbcenter\u00a0\u00bb][vc_column el_class=\u00a0\u00bbfull\u00a0\u00bb bg_color=\u00a0\u00bb#00273d\u00a0\u00bb column_padding=\u00a0\u00bbpadding-3&Prime; column_center=\u00a0\u00bbtrue\u00a0\u00bb text_color=\u00a0\u00bblight\u00a0\u00bb text_align=\u00a0\u00bbcenter\u00a0\u00bb width=\u00a0\u00bb1\/1&Prime;][vc_column_text] Les documents de politique et directives du BCEI essayent de donner un point de vue et de faire l\u2019analyse, [&hellip;]<\/p>\n","protected":false},"author":63,"featured_media":0,"parent":18012,"menu_order":0,"comment_status":"closed","ping_status":"closed","template":"","meta":{"_acf_changed":false,"footnotes":""},"class_list":["post-18329","page","type-page","status-publish","hentry"],"acf":[],"yoast_head":"<!-- This site is optimized with the Yoast SEO plugin v27.4 - https:\/\/yoast.com\/product\/yoast-seo-wordpress\/ -->\n<title>\u00c9nonc\u00e9s de politique et soumissions - CBIE<\/title>\n<meta name=\"robots\" content=\"index, follow, max-snippet:-1, max-image-preview:large, max-video-preview:-1\" \/>\n<link rel=\"canonical\" href=\"https:\/\/cbie.ca\/media\/policy-statements\/\" \/>\n<meta property=\"og:locale\" content=\"fr_FR\" \/>\n<meta property=\"og:type\" content=\"article\" \/>\n<meta property=\"og:title\" content=\"\u00c9nonc\u00e9s de politique et soumissions - CBIE\" \/>\n<meta property=\"og:description\" content=\"[vc_row type=\u00a0\u00bbfull_width_section\u00a0\u00bb text_color=\u00a0\u00bblight\u00a0\u00bb text_align=\u00a0\u00bbcenter\u00a0\u00bb][vc_column el_class=\u00a0\u00bbfull\u00a0\u00bb bg_color=\u00a0\u00bb#00273d\u00a0\u00bb column_padding=\u00a0\u00bbpadding-3&Prime; column_center=\u00a0\u00bbtrue\u00a0\u00bb text_color=\u00a0\u00bblight\u00a0\u00bb text_align=\u00a0\u00bbcenter\u00a0\u00bb width=\u00a0\u00bb1\/1&Prime;][vc_column_text] Les documents de politique et directives du BCEI essayent de donner un point de vue et de faire l\u2019analyse, [&hellip;]\" \/>\n<meta property=\"og:url\" content=\"https:\/\/cbie.ca\/media\/policy-statements\/\" \/>\n<meta property=\"og:site_name\" content=\"CBIE\" \/>\n<meta property=\"article:modified_time\" content=\"2023-08-28T19:51:40+00:00\" \/>\n<meta property=\"og:image\" content=\"https:\/\/cbie.ca\/wp-content\/uploads\/2024\/01\/CBIE-Announcement-EN.png\" \/>\n\t<meta property=\"og:image:width\" content=\"1600\" \/>\n\t<meta property=\"og:image:height\" content=\"900\" \/>\n\t<meta property=\"og:image:type\" content=\"image\/png\" \/>\n<meta name=\"twitter:card\" content=\"summary_large_image\" \/>\n<meta name=\"twitter:label1\" content=\"Dur\u00e9e de lecture estim\u00e9e\" \/>\n\t<meta name=\"twitter:data1\" content=\"3 minutes\" \/>\n<script type=\"application\/ld+json\" class=\"yoast-schema-graph\">{\"@context\":\"https:\\\/\\\/schema.org\",\"@graph\":[{\"@type\":\"WebPage\",\"@id\":\"https:\\\/\\\/cbie.ca\\\/media\\\/policy-statements\\\/\",\"url\":\"https:\\\/\\\/cbie.ca\\\/media\\\/policy-statements\\\/\",\"name\":\"\u00c9nonc\u00e9s de politique et soumissions - CBIE\",\"isPartOf\":{\"@id\":\"https:\\\/\\\/cbie.ca\\\/#website\"},\"datePublished\":\"2016-04-12T19:58:54+00:00\",\"dateModified\":\"2023-08-28T19:51:40+00:00\",\"breadcrumb\":{\"@id\":\"https:\\\/\\\/cbie.ca\\\/media\\\/policy-statements\\\/#breadcrumb\"},\"inLanguage\":\"fr-FR\",\"potentialAction\":[{\"@type\":\"ReadAction\",\"target\":[\"https:\\\/\\\/cbie.ca\\\/media\\\/policy-statements\\\/\"]}]},{\"@type\":\"BreadcrumbList\",\"@id\":\"https:\\\/\\\/cbie.ca\\\/media\\\/policy-statements\\\/#breadcrumb\",\"itemListElement\":[{\"@type\":\"ListItem\",\"position\":1,\"name\":\"Home\",\"item\":\"https:\\\/\\\/cbie.ca\\\/fr\\\/\"},{\"@type\":\"ListItem\",\"position\":2,\"name\":\"M\u00e9dia\",\"item\":\"https:\\\/\\\/cbie.ca\\\/media\\\/\"},{\"@type\":\"ListItem\",\"position\":3,\"name\":\"\u00c9nonc\u00e9s de politique et soumissions\"}]},{\"@type\":\"WebSite\",\"@id\":\"https:\\\/\\\/cbie.ca\\\/#website\",\"url\":\"https:\\\/\\\/cbie.ca\\\/\",\"name\":\"Canadian Bureau for International Education\",\"description\":\"\",\"potentialAction\":[{\"@type\":\"SearchAction\",\"target\":{\"@type\":\"EntryPoint\",\"urlTemplate\":\"https:\\\/\\\/cbie.ca\\\/?s={search_term_string}\"},\"query-input\":{\"@type\":\"PropertyValueSpecification\",\"valueRequired\":true,\"valueName\":\"search_term_string\"}}],\"inLanguage\":\"fr-FR\"}]}<\/script>\n<!-- \/ Yoast SEO plugin. -->","yoast_head_json":{"title":"\u00c9nonc\u00e9s de politique et soumissions - CBIE","robots":{"index":"index","follow":"follow","max-snippet":"max-snippet:-1","max-image-preview":"max-image-preview:large","max-video-preview":"max-video-preview:-1"},"canonical":"https:\/\/cbie.ca\/media\/policy-statements\/","og_locale":"fr_FR","og_type":"article","og_title":"\u00c9nonc\u00e9s de politique et soumissions - CBIE","og_description":"[vc_row type=\u00a0\u00bbfull_width_section\u00a0\u00bb text_color=\u00a0\u00bblight\u00a0\u00bb text_align=\u00a0\u00bbcenter\u00a0\u00bb][vc_column el_class=\u00a0\u00bbfull\u00a0\u00bb bg_color=\u00a0\u00bb#00273d\u00a0\u00bb column_padding=\u00a0\u00bbpadding-3&Prime; column_center=\u00a0\u00bbtrue\u00a0\u00bb text_color=\u00a0\u00bblight\u00a0\u00bb text_align=\u00a0\u00bbcenter\u00a0\u00bb width=\u00a0\u00bb1\/1&Prime;][vc_column_text] Les documents de politique et directives du BCEI essayent de donner un point de vue et de faire l\u2019analyse, [&hellip;]","og_url":"https:\/\/cbie.ca\/media\/policy-statements\/","og_site_name":"CBIE","article_modified_time":"2023-08-28T19:51:40+00:00","og_image":[{"width":1600,"height":900,"url":"https:\/\/cbie.ca\/wp-content\/uploads\/2024\/01\/CBIE-Announcement-EN.png","type":"image\/png"}],"twitter_card":"summary_large_image","twitter_misc":{"Dur\u00e9e de lecture estim\u00e9e":"3 minutes"},"schema":{"@context":"https:\/\/schema.org","@graph":[{"@type":"WebPage","@id":"https:\/\/cbie.ca\/media\/policy-statements\/","url":"https:\/\/cbie.ca\/media\/policy-statements\/","name":"\u00c9nonc\u00e9s de politique et soumissions - CBIE","isPartOf":{"@id":"https:\/\/cbie.ca\/#website"},"datePublished":"2016-04-12T19:58:54+00:00","dateModified":"2023-08-28T19:51:40+00:00","breadcrumb":{"@id":"https:\/\/cbie.ca\/media\/policy-statements\/#breadcrumb"},"inLanguage":"fr-FR","potentialAction":[{"@type":"ReadAction","target":["https:\/\/cbie.ca\/media\/policy-statements\/"]}]},{"@type":"BreadcrumbList","@id":"https:\/\/cbie.ca\/media\/policy-statements\/#breadcrumb","itemListElement":[{"@type":"ListItem","position":1,"name":"Home","item":"https:\/\/cbie.ca\/fr\/"},{"@type":"ListItem","position":2,"name":"M\u00e9dia","item":"https:\/\/cbie.ca\/media\/"},{"@type":"ListItem","position":3,"name":"\u00c9nonc\u00e9s de politique et soumissions"}]},{"@type":"WebSite","@id":"https:\/\/cbie.ca\/#website","url":"https:\/\/cbie.ca\/","name":"Canadian Bureau for International Education","description":"","potentialAction":[{"@type":"SearchAction","target":{"@type":"EntryPoint","urlTemplate":"https:\/\/cbie.ca\/?s={search_term_string}"},"query-input":{"@type":"PropertyValueSpecification","valueRequired":true,"valueName":"search_term_string"}}],"inLanguage":"fr-FR"}]}},"_links":{"self":[{"href":"https:\/\/cbie.ca\/fr\/wp-json\/wp\/v2\/pages\/18329","targetHints":{"allow":["GET"]}}],"collection":[{"href":"https:\/\/cbie.ca\/fr\/wp-json\/wp\/v2\/pages"}],"about":[{"href":"https:\/\/cbie.ca\/fr\/wp-json\/wp\/v2\/types\/page"}],"author":[{"embeddable":true,"href":"https:\/\/cbie.ca\/fr\/wp-json\/wp\/v2\/users\/63"}],"replies":[{"embeddable":true,"href":"https:\/\/cbie.ca\/fr\/wp-json\/wp\/v2\/comments?post=18329"}],"version-history":[{"count":0,"href":"https:\/\/cbie.ca\/fr\/wp-json\/wp\/v2\/pages\/18329\/revisions"}],"up":[{"embeddable":true,"href":"https:\/\/cbie.ca\/fr\/wp-json\/wp\/v2\/pages\/18012"}],"wp:attachment":[{"href":"https:\/\/cbie.ca\/fr\/wp-json\/wp\/v2\/media?parent=18329"}],"curies":[{"name":"wp","href":"https:\/\/api.w.org\/{rel}","templated":true}]}}