{"id":18012,"date":"2016-04-12T19:57:32","date_gmt":"2016-04-12T19:57:32","guid":{"rendered":"http:\/\/198.12.153.159\/~cbie\/media\/?lang=fr"},"modified":"2023-10-31T14:38:47","modified_gmt":"2023-10-31T18:38:47","slug":"media","status":"publish","type":"page","link":"https:\/\/cbie.ca\/fr\/media\/","title":{"rendered":"M\u00e9dia"},"content":{"rendered":"<div class=\"wpb-content-wrapper\"><p>[vc_row bg_color=\u00a0\u00bb#01416a\u00a0\u00bb text_align=\u00a0\u00bbcenter\u00a0\u00bb][vc_column column_padding=\u00a0\u00bbpadding-3&Prime; column_center=\u00a0\u00bbtrue\u00a0\u00bb text_color=\u00a0\u00bblight\u00a0\u00bb text_align=\u00a0\u00bbcenter\u00a0\u00bb width=\u00a0\u00bb1\/1&Prime;][vc_column_text]<\/p>\n<h1><span style=\"color: #ffffff;\">Actualit\u00e9s<\/span><\/h1>\n<p>[\/vc_column_text]<div class=\"newdivider align-center\" style=\"border-bottom-style: solid; border-color: #ffffff; border-bottom-width: 2px; margin-top: 30px; margin-bottom: 30px; width: 130px; \"><\/div><div class=\"clear\"><\/div>[vc_column_text]<\/p>\n<h5><a href=\"https:\/\/cbie.ca\/fr\/souscrire\/\" rel=\"noopener noreferrer\">Inscrivez-vous<\/a> pour recevoir nos nouvelles, activit\u00e9s et annonces sp\u00e9ciales<\/h5>\n<p>[\/vc_column_text]<div class=\"spacer\" style=\"height: 50px;\"><\/div><div class=\"blog-shortcode blog-page blog-medium\"><div class=\"blog-wrap\"><article id=\"post-120794\" class=\"clearfix post-120794 post type-post status-publish format-standard has-post-thumbnail hentry category-press-releases-fr\">\n    \n        <div class=\"entry-image\">\n        <a href=\"https:\/\/cbie.ca\/fr\/adi-cci-juillet-2026-2028\/\" title=\"Permalink to Appel de d\u00e9claration d\u2019int\u00e9r\u00eat : Comit\u00e9 consultatif sur l\u2019immigration (CCI) du BCEI, mandat de deux ans, juillet 2026 \u00e0 juillet 2028\" rel=\"bookmark\">\n            <img loading=\"lazy\" decoding=\"async\" width=\"600\" height=\"400\" src=\"https:\/\/cbie.ca\/wp-content\/uploads\/2024\/01\/CBIE-Announcement-FR-600x400.png\" class=\"attachment-portfolio size-portfolio wp-post-image\" alt=\"\" \/>        <\/a>\n    <\/div>\n        \n    <div class=\"entry-wrap\">\n\n        <div class=\"entry-title\">\n        \t<h2><a href=\"https:\/\/cbie.ca\/fr\/adi-cci-juillet-2026-2028\/\" title=\"Permalink to Appel de d\u00e9claration d\u2019int\u00e9r\u00eat : Comit\u00e9 consultatif sur l\u2019immigration (CCI) du BCEI, mandat de deux ans, juillet 2026 \u00e0 juillet 2028\" rel=\"bookmark\">Appel de d\u00e9claration d\u2019int\u00e9r\u00eat : Comit\u00e9 consultatif sur l\u2019immigration (CCI) du BCEI, mandat de deux ans, juillet 2026 \u00e0 juillet 2028<\/a><\/h2>\n        <\/div>\n\n        <div class=\"entry-content\">\n        \tLe Comit\u00e9 consultatif sur l\u2019immigration (CCI) du BCEI est un groupe b\u00e9n\u00e9vole qui r\u00e9unit des praticien.ne.s de l\u2019\u00e9ducation internationale provenant des diff\u00e9rents sous-secteurs de l\u2019\u00e9ducation et de toutes les r\u00e9gions... <a class=\"read-more-link\" href=\"https:\/\/cbie.ca\/fr\/adi-cci-juillet-2026-2028\/\">Lire la suite  &rarr;<\/a>        <\/div>\n\n        <div class=\"entry-meta\">\n            <ul>\n\t\t\n\t\t<li class=\"meta-date\">8 avril 2026<\/li>\n\t\t\t\t<li class=\"meta-author\"><a href=\"https:\/\/cbie.ca\/fr\/author\/cbie-2-2-2-2-2-2\/\" title=\"View all posts by CBIE-BCEI\">CBIE-BCEI<\/a><\/li>\n\t\t\t\t\t\t\t<li class=\"meta-category\"><a href=\"https:\/\/cbie.ca\/fr\/category\/press-releases-fr\/\" rel=\"category tag\">Communiqu\u00e9<\/a><\/li>\n\t\t\t\t\t<\/ul>\n        <\/div>\n\n    <\/div>\n\n<\/article><!-- #post -->\n\n<div class=\"clear\"><\/div><\/div><\/div><div class=\"spacer\" style=\"height: 20px;\"><\/div>[vc_column_text]<\/p>\n<p class=\"skys-btn-center-p\"><a class=\"button color-1 medium btn-blue skys-btn\" href=\"https:\/\/cbie.ca\/fr\/media\/communique\/?lang=fr\" rel=\"noopener noreferrer\">VIEW MORE<\/a><\/p>\n<p>[\/vc_column_text][\/vc_column][\/vc_row][vc_row type=\u00a0\u00bbfull_width_section\u00a0\u00bb bg_color=\u00a0\u00bb#f1f1f1&Prime; text_align=\u00a0\u00bbcenter\u00a0\u00bb class=\u00a0\u00bbhidden\u00a0\u00bb][vc_column bg_color=\u00a0\u00bb#01416a\u00a0\u00bb column_padding=\u00a0\u00bbpadding-3&Prime; column_center=\u00a0\u00bbtrue\u00a0\u00bb text_color=\u00a0\u00bblight\u00a0\u00bb text_align=\u00a0\u00bbcenter\u00a0\u00bb width=\u00a0\u00bb1\/2&Prime;][vc_column_text]<\/p>\n<h1><span style=\"color: #ffffff;\">Actualit\u00e9s<\/span><\/h1>\n<p>[\/vc_column_text]<div class=\"newdivider align-center\" style=\"border-bottom-style: solid; border-color: #ffffff; border-bottom-width: 2px; margin-top: 30px; margin-bottom: 30px; width: 130px; \"><\/div><div class=\"clear\"><\/div>[vc_column_text]<\/p>\n<h5><a href=\"https:\/\/app.cbie.ca\/myaccount\/subscribe.aspx?l=2\" target=\"_blank\" rel=\"noopener noreferrer\">Inscrivez-vous<\/a> pour recevoir nos nouvelles, activit\u00e9s et annonces sp\u00e9ciales<\/h5>\n<p>[\/vc_column_text]<div class=\"spacer\" style=\"height: 50px;\"><\/div><div class=\"blog-shortcode blog-page blog-medium\"><div class=\"blog-wrap\"><article id=\"post-120794\" class=\"clearfix post-120794 post type-post status-publish format-standard has-post-thumbnail hentry category-press-releases-fr\">\n    \n        <div class=\"entry-image\">\n        <a href=\"https:\/\/cbie.ca\/fr\/adi-cci-juillet-2026-2028\/\" title=\"Permalink to Appel de d\u00e9claration d\u2019int\u00e9r\u00eat : Comit\u00e9 consultatif sur l\u2019immigration (CCI) du BCEI, mandat de deux ans, juillet 2026 \u00e0 juillet 2028\" rel=\"bookmark\">\n            <img loading=\"lazy\" decoding=\"async\" width=\"600\" height=\"400\" src=\"https:\/\/cbie.ca\/wp-content\/uploads\/2024\/01\/CBIE-Announcement-FR-600x400.png\" class=\"attachment-portfolio size-portfolio wp-post-image\" alt=\"\" \/>        <\/a>\n    <\/div>\n        \n    <div class=\"entry-wrap\">\n\n        <div class=\"entry-title\">\n        \t<h2><a href=\"https:\/\/cbie.ca\/fr\/adi-cci-juillet-2026-2028\/\" title=\"Permalink to Appel de d\u00e9claration d\u2019int\u00e9r\u00eat : Comit\u00e9 consultatif sur l\u2019immigration (CCI) du BCEI, mandat de deux ans, juillet 2026 \u00e0 juillet 2028\" rel=\"bookmark\">Appel de d\u00e9claration d\u2019int\u00e9r\u00eat : Comit\u00e9 consultatif sur l\u2019immigration (CCI) du BCEI, mandat de deux ans, juillet 2026 \u00e0 juillet 2028<\/a><\/h2>\n        <\/div>\n\n        <div class=\"entry-content\">\n        \tLe Comit\u00e9 consultatif sur l\u2019immigration (CCI) du BCEI est un groupe b\u00e9n\u00e9vole qui r\u00e9unit des praticien.ne.s de l\u2019\u00e9ducation internationale provenant des diff\u00e9rents sous-secteurs de l\u2019\u00e9ducation et de toutes les r\u00e9gions... <a class=\"read-more-link\" href=\"https:\/\/cbie.ca\/fr\/adi-cci-juillet-2026-2028\/\">Lire la suite  &rarr;<\/a>        <\/div>\n\n        <div class=\"entry-meta\">\n            <ul>\n\t\t\n\t\t<li class=\"meta-date\">8 avril 2026<\/li>\n\t\t\t\t<li class=\"meta-author\"><a href=\"https:\/\/cbie.ca\/fr\/author\/cbie-2-2-2-2-2-2\/\" title=\"View all posts by CBIE-BCEI\">CBIE-BCEI<\/a><\/li>\n\t\t\t\t\t\t\t<li class=\"meta-category\"><a href=\"https:\/\/cbie.ca\/fr\/category\/press-releases-fr\/\" rel=\"category tag\">Communiqu\u00e9<\/a><\/li>\n\t\t\t\t\t<\/ul>\n        <\/div>\n\n    <\/div>\n\n<\/article><!-- #post -->\n\n<div class=\"clear\"><\/div><\/div><\/div><div class=\"spacer\" style=\"height: 20px;\"><\/div>[vc_column_text]<\/p>\n<p class=\"skys-btn-center-p\"><a class=\"button color-1 medium btn-blue skys-btn\" href=\"https:\/\/cbie.ca\/fr\/media\/communique\/?lang=fr\" rel=\"noopener noreferrer\">VIEW MORE<\/a><\/p>\n<p>[\/vc_column_text][\/vc_column][vc_column bg_color=\u00a0\u00bb#013352&Prime; column_padding=\u00a0\u00bbpadding-3&Prime; text_color=\u00a0\u00bblight\u00a0\u00bb width=\u00a0\u00bb1\/2&Prime;][vc_column_text]<\/p>\n<h1><span style=\"color: #ffffff;\">Dans le blogue<\/span><\/h1>\n<p>[\/vc_column_text]<div class=\"newdivider align-center\" style=\"border-bottom-style: solid; border-color: #ffffff; border-bottom-width: 2px; margin-top: 30px; margin-bottom: 30px; width: 130px; \"><\/div><div class=\"clear\"><\/div>[vc_column_text]<\/p>\n<h5 style=\"color: #ffffff;\">Lisez les exp\u00e9riences des professionnels de l\u2019EI, nos membres et \u00e9tudiants internationaux<\/h5>\n<p>[\/vc_column_text]<div class=\"spacer\" style=\"height: 50px;\"><\/div><div class=\"blog-shortcode blog-page blog-medium\"><div class=\"blog-wrap\"><article id=\"post-46260\" class=\"clearfix post-46260 post type-post status-publish format-standard has-post-thumbnail hentry category-blogue\">\n    \n        <div class=\"entry-image\">\n        <a href=\"https:\/\/cbie.ca\/fr\/academic-freedom-in-canada-arising-issues-from-the-shift-to-remote-learning\/\" title=\"Permalink to Libert\u00e9 universitaire au Canada\u00a0: Enjeux du passage \u00e0 l\u2019apprentissage \u00e0 distance\" rel=\"bookmark\">\n            <img loading=\"lazy\" decoding=\"async\" width=\"600\" height=\"400\" src=\"https:\/\/cbie.ca\/wp-content\/uploads\/2021\/01\/Black-and-Red-Business-People-LinkedIn-Post-Header-1.jpg\" class=\"attachment-portfolio size-portfolio wp-post-image\" alt=\"\" \/>        <\/a>\n    <\/div>\n        \n    <div class=\"entry-wrap\">\n\n        <div class=\"entry-title\">\n        \t<h2><a href=\"https:\/\/cbie.ca\/fr\/academic-freedom-in-canada-arising-issues-from-the-shift-to-remote-learning\/\" title=\"Permalink to Libert\u00e9 universitaire au Canada\u00a0: Enjeux du passage \u00e0 l\u2019apprentissage \u00e0 distance\" rel=\"bookmark\">Libert\u00e9 universitaire au Canada\u00a0: Enjeux du passage \u00e0 l\u2019apprentissage \u00e0 distance<\/a><\/h2>\n        <\/div>\n\n        <div class=\"entry-content\">\n        \tpar Sonja Knutson La responsabilit\u00e9 incombant aux universit\u00e9s canadiennes d\u2019appuyer la libert\u00e9 universitaire ne s\u2019est peut-\u00eatre jamais fait ressentir aussi fortement qu\u2019\u00e0 l\u2019\u00e9poque actuelle de la pand\u00e9mie de COVID-19. Le... <a class=\"read-more-link\" href=\"https:\/\/cbie.ca\/fr\/academic-freedom-in-canada-arising-issues-from-the-shift-to-remote-learning\/\">Lire la suite  &rarr;<\/a>        <\/div>\n\n        <div class=\"entry-meta\">\n            <ul>\n\t\t\n\t\t<li class=\"meta-date\">18 janvier 2021<\/li>\n\t\t\t\t<li class=\"meta-author\"><a href=\"https:\/\/cbie.ca\/fr\/author\/mpayne\/\" title=\"View all posts by Melissa Payne\">Melissa Payne<\/a><\/li>\n\t\t\t\t\t\t\t<li class=\"meta-category\"><a href=\"https:\/\/cbie.ca\/fr\/category\/blogue\/\" rel=\"category tag\">Blogue<\/a><\/li>\n\t\t\t\t\t<\/ul>\n        <\/div>\n\n    <\/div>\n\n<\/article><!-- #post -->\n\n<div class=\"clear\"><\/div><\/div><\/div><div class=\"spacer\" style=\"height: 20px;\"><\/div>[vc_column_text]<\/p>\n<p class=\"skys-btn-center-p\"><a class=\"button color-1 medium btn-blue skys-btn\" href=\"https:\/\/cbie.ca\/fr\/blog\/?lang=fr\" rel=\"noopener noreferrer\">VIEW MORE<\/a><\/p>\n<p>[\/vc_column_text][\/vc_column][\/vc_row][vc_row type=\u00a0\u00bbfull_width_section\u00a0\u00bb bg_color=\u00a0\u00bb#f1f1f1&Prime; text_align=\u00a0\u00bbcenter\u00a0\u00bb class=\u00a0\u00bbhidden\u00a0\u00bb][vc_column bg_color=\u00a0\u00bb#00263e\u00a0\u00bb column_padding=\u00a0\u00bbpadding-2&Prime; column_center=\u00a0\u00bbtrue\u00a0\u00bb text_color=\u00a0\u00bblight\u00a0\u00bb text_align=\u00a0\u00bbcenter\u00a0\u00bb width=\u00a0\u00bb1\/1&Prime;][vc_column_text]<\/p>\n<p style=\"text-align: center;\"><strong>Vous souhaitez contribuer au blogue du BCEI? Pour tout savoir, envoyez un courriel \u00e0 <a href=\"mailto:communication@cbie.ca\" target=\"_blank\" rel=\"noopener\">communication@cbie.ca<\/a>.<\/strong><\/p>\n<p>[\/vc_column_text][\/vc_column][\/vc_row][vc_row type=\u00a0\u00bbfull_width_section\u00a0\u00bb text_align=\u00a0\u00bbcenter\u00a0\u00bb][vc_column column_padding=\u00a0\u00bbpadding-3&Prime; column_center=\u00a0\u00bbtrue\u00a0\u00bb text_align=\u00a0\u00bbcenter\u00a0\u00bb width=\u00a0\u00bb1\/1&Prime;][vc_column_text]<\/p>\n<h1 style=\"text-align: center;\">Le BCEI dans la presse<\/h1>\n<p>[\/vc_column_text]<div class=\"newdivider align-center\" style=\"border-bottom-style: solid; border-color: #a7a8aa; border-bottom-width: 2px; margin-top: 30px; margin-bottom: 30px; width: 130px; \"><\/div><div class=\"clear\"><\/div>[vc_column_text]<\/p>\n<h2 class=\"h5styleh2\" style=\"text-align: center; color: #0099b2;\">Pour les demandes des m\u00e9dias : <a href=\"mailto:communication@cbie.ca\" target=\"_blank\" rel=\"noopener\">communication@cbie.ca <\/a><\/h2>\n<p>[\/vc_column_text][\/vc_column][\/vc_row][vc_row type=\u00a0\u00bbfull_width_section\u00a0\u00bb class=\u00a0\u00bbnews\u00a0\u00bb][vc_column el_class=\u00a0\u00bbnews-left\u00a0\u00bb column_padding=\u00a0\u00bbpadding-1&Prime; width=\u00a0\u00bb1\/1&Prime;][vc_raw_html el_id=\u00a0\u00bbin-the-news\u00a0\u00bb]JTVCbmV3c19jcHRfaXRlbXMlNUQ=[\/vc_raw_html][\/vc_column][\/vc_row][vc_row type=\u00a0\u00bbfull_width_section\u00a0\u00bb bg_color=\u00a0\u00bb#013352&Prime; text_align=\u00a0\u00bbcenter\u00a0\u00bb class=\u00a0\u00bbhidden\u00a0\u00bb][vc_column bg_color=\u00a0\u00bb#01416a\u00a0\u00bb column_padding=\u00a0\u00bbpadding-3&Prime; text_color=\u00a0\u00bblight\u00a0\u00bb text_align=\u00a0\u00bbcenter\u00a0\u00bb width=\u00a0\u00bb1\/2&Prime;][vc_column_text]<\/p>\n<h1><span style=\"color: #ffffff;\">Vid\u00e9o en vedette<\/span><\/h1>\n<p>[\/vc_column_text]<div class=\"newdivider align-center\" style=\"border-bottom-style: solid; border-color: #ffffff; border-bottom-width: 2px; margin-top: 30px; margin-bottom: 30px; width: 130px; \"><\/div><div class=\"clear\"><\/div>[vc_column_text]<\/p>\n<h5 style=\"color: #ffffff;\">Notre congr\u00e8s annuel est LE lieu de rencontre des professionnels de l\u2019\u00e9ducation internationale au Canada et ailleurs dans le monde.<\/h5>\n<p>[\/vc_column_text]<div class=\"spacer\" style=\"height: 50px;\"><\/div><div class=\"video-embed  wpb_content_element\"><iframe loading=\"lazy\" title=\"Congr\u00e8s annuel du BCEI\" width=\"1161\" height=\"653\" src=\"https:\/\/www.youtube.com\/embed\/48nKqmmBdhA?feature=oembed\" frameborder=\"0\" allow=\"accelerometer; autoplay; clipboard-write; encrypted-media; gyroscope; picture-in-picture; web-share\" referrerpolicy=\"strict-origin-when-cross-origin\" allowfullscreen><\/iframe><\/div><div class=\"spacer\" style=\"height: 50px;\"><\/div>[vc_column_text]<\/p>\n<p class=\"skys-btn-center-p\"><a class=\"button color-1 medium btn-blue skys-btn\" href=\"https:\/\/www.youtube.com\/channel\/UC1IMNjCNDU-3uZ6WEpNXTMA\" target=\"_blank\" rel=\"noopener noreferrer\">PLUS DE VID\u00c9OS<\/a><\/p>\n<p>[\/vc_column_text][\/vc_column][vc_column bg_color=\u00a0\u00bb#013352&Prime; column_padding=\u00a0\u00bbpadding-3&Prime; text_color=\u00a0\u00bblight\u00a0\u00bb width=\u00a0\u00bb1\/2&Prime;][vc_column_text]<\/p>\n<h1><span style=\"color: #ffffff;\">Programmes en cours<\/span><\/h1>\n<p>[\/vc_column_text]<div class=\"newdivider align-center\" style=\"border-bottom-style: solid; border-color: #ffffff; border-bottom-width: 2px; margin-top: 30px; margin-bottom: 30px; width: 130px; \"><\/div><div class=\"clear\"><\/div>[vc_column_text]<\/p>\n<h5 style=\"color: #ffffff;\">D\u00e9couvrez le secteur de l\u2019\u00e9ducation internationale du Canada<\/h5>\n<p>[\/vc_column_text]<div class=\"spacer\" style=\"height: 50px;\"><\/div>[vc_row_inner][vc_column_inner width=\u00a0\u00bb1\/2&Prime;]<div class=\"single_image wpb_content_element align-center  image_box_border image_greyscale \" data-animation=\"none\" data-delay=\"0\"><a href=\"https:\/\/cbie.ca\/wp-content\/uploads\/2018\/08\/Student_Voice_Report-FRE.pdf\" target=\"_blank\"><img loading=\"lazy\" decoding=\"async\" width=\"2550\" height=\"3300\" src=\"https:\/\/cbie.ca\/wp-content\/uploads\/2018\/09\/9-FR-1.jpg\" class=\"attachment-full\" alt=\"\" title=\"9-FR\" srcset=\"https:\/\/cbie.ca\/wp-content\/uploads\/2018\/09\/9-FR-1.jpg 2550w, https:\/\/cbie.ca\/wp-content\/uploads\/2018\/09\/9-FR-1-232x300.jpg 232w, https:\/\/cbie.ca\/wp-content\/uploads\/2018\/09\/9-FR-1-768x994.jpg 768w, https:\/\/cbie.ca\/wp-content\/uploads\/2018\/09\/9-FR-1-791x1024.jpg 791w\" sizes=\"auto, (max-width: 2550px) 100vw, 2550px\" \/><\/a><\/div>[\/vc_column_inner][vc_column_inner width=\u00a0\u00bb1\/2&Prime;][vc_column_text]<\/p>\n<h5 style=\"text-align: left;\"><span style=\"color: #ffc529;\">La voix des \u00e9tudiants : r\u00e9sultats nationaux du Sondage des \u00e9tudiants internationaux du BCEI de 2018<\/span><\/h5>\n<p style=\"text-align: left;\">Le Sondage des \u00e9tudiants internationaux du BCEI fournit des donn\u00e9es nationales uniques qui offrent un aper\u00e7u important et global de l\u2019exp\u00e9rience des \u00e9tudiants internationaux dans des \u00e9tablissements canadiens d\u2019enseignement postsecondaire, de la p\u00e9riode pr\u00e9c\u00e9dant leur arriv\u00e9e au Canada \u00e0 leur exp\u00e9rience scolaire et la p\u00e9riode apr\u00e8s la fin de leurs \u00e9tudes.<\/p>\n<p>[\/vc_column_text]<div class=\"spacer\" style=\"height: 30px;\"><\/div>[vc_column_text]<\/p>\n<p class=\"skys-btn-center-p\"><a class=\"button color-1 medium btn-blue skys-btn\" href=\"https:\/\/cbie.ca\/fr\/notre-travail\/recherche\/research-archives\/?lang=fr\" target=\"_blank\" rel=\"noopener noreferrer\">AUTRES PUBLICATIONS<\/a><\/p>\n<p>[\/vc_column_text][\/vc_column_inner][\/vc_row_inner][\/vc_column][\/vc_row]<\/p>\n<\/div>","protected":false},"excerpt":{"rendered":"<p>[vc_row bg_color=\u00a0\u00bb#01416a\u00a0\u00bb text_align=\u00a0\u00bbcenter\u00a0\u00bb][vc_column column_padding=\u00a0\u00bbpadding-3&Prime; column_center=\u00a0\u00bbtrue\u00a0\u00bb text_color=\u00a0\u00bblight\u00a0\u00bb text_align=\u00a0\u00bbcenter\u00a0\u00bb width=\u00a0\u00bb1\/1&Prime;][vc_column_text] Actualit\u00e9s [\/vc_column_text][vc_column_text] Inscrivez-vous pour recevoir nos nouvelles, activit\u00e9s et annonces sp\u00e9ciales [\/vc_column_text][vc_column_text] VIEW MORE [\/vc_column_text][\/vc_column][\/vc_row][vc_row type=\u00a0\u00bbfull_width_section\u00a0\u00bb bg_color=\u00a0\u00bb#f1f1f1&Prime; text_align=\u00a0\u00bbcenter\u00a0\u00bb class=\u00a0\u00bbhidden\u00a0\u00bb][vc_column bg_color=\u00a0\u00bb#01416a\u00a0\u00bb column_padding=\u00a0\u00bbpadding-3&Prime; column_center=\u00a0\u00bbtrue\u00a0\u00bb [&hellip;]<\/p>\n","protected":false},"author":63,"featured_media":0,"parent":0,"menu_order":0,"comment_status":"closed","ping_status":"closed","template":"","meta":{"_acf_changed":false,"footnotes":""},"class_list":["post-18012","page","type-page","status-publish","hentry"],"acf":[],"yoast_head":"<!-- This site is optimized with the Yoast SEO plugin v27.3 - https:\/\/yoast.com\/product\/yoast-seo-wordpress\/ -->\n<title>M\u00e9dia - CBIE<\/title>\n<meta name=\"robots\" content=\"index, follow, max-snippet:-1, max-image-preview:large, max-video-preview:-1\" \/>\n<link rel=\"canonical\" href=\"https:\/\/cbie.ca\/media\/\" \/>\n<meta property=\"og:locale\" content=\"fr_FR\" \/>\n<meta property=\"og:type\" content=\"article\" \/>\n<meta property=\"og:title\" content=\"M\u00e9dia - CBIE\" \/>\n<meta property=\"og:description\" content=\"[vc_row bg_color=\u00a0\u00bb#01416a\u00a0\u00bb text_align=\u00a0\u00bbcenter\u00a0\u00bb][vc_column column_padding=\u00a0\u00bbpadding-3&Prime; column_center=\u00a0\u00bbtrue\u00a0\u00bb text_color=\u00a0\u00bblight\u00a0\u00bb text_align=\u00a0\u00bbcenter\u00a0\u00bb width=\u00a0\u00bb1\/1&Prime;][vc_column_text] Actualit\u00e9s [\/vc_column_text][vc_column_text] Inscrivez-vous pour recevoir nos nouvelles, activit\u00e9s et annonces sp\u00e9ciales [\/vc_column_text][vc_column_text] VIEW MORE [\/vc_column_text][\/vc_column][\/vc_row][vc_row type=\u00a0\u00bbfull_width_section\u00a0\u00bb bg_color=\u00a0\u00bb#f1f1f1&Prime; text_align=\u00a0\u00bbcenter\u00a0\u00bb class=\u00a0\u00bbhidden\u00a0\u00bb][vc_column bg_color=\u00a0\u00bb#01416a\u00a0\u00bb column_padding=\u00a0\u00bbpadding-3&Prime; column_center=\u00a0\u00bbtrue\u00a0\u00bb [&hellip;]\" \/>\n<meta property=\"og:url\" content=\"https:\/\/cbie.ca\/media\/\" \/>\n<meta property=\"og:site_name\" content=\"CBIE\" \/>\n<meta property=\"article:modified_time\" content=\"2023-10-31T18:38:47+00:00\" \/>\n<meta property=\"og:image\" content=\"https:\/\/cbie.ca\/wp-content\/uploads\/2024\/01\/CBIE-Announcement-EN.png\" \/>\n\t<meta property=\"og:image:width\" content=\"1600\" \/>\n\t<meta property=\"og:image:height\" content=\"900\" \/>\n\t<meta property=\"og:image:type\" content=\"image\/png\" \/>\n<meta name=\"twitter:card\" content=\"summary_large_image\" \/>\n<meta name=\"twitter:label1\" content=\"Dur\u00e9e de lecture estim\u00e9e\" \/>\n\t<meta name=\"twitter:data1\" content=\"2 minutes\" \/>\n<script type=\"application\/ld+json\" class=\"yoast-schema-graph\">{\"@context\":\"https:\\\/\\\/schema.org\",\"@graph\":[{\"@type\":\"WebPage\",\"@id\":\"https:\\\/\\\/cbie.ca\\\/media\\\/\",\"url\":\"https:\\\/\\\/cbie.ca\\\/media\\\/\",\"name\":\"M\u00e9dia - CBIE\",\"isPartOf\":{\"@id\":\"https:\\\/\\\/cbie.ca\\\/#website\"},\"datePublished\":\"2016-04-12T19:57:32+00:00\",\"dateModified\":\"2023-10-31T18:38:47+00:00\",\"breadcrumb\":{\"@id\":\"https:\\\/\\\/cbie.ca\\\/media\\\/#breadcrumb\"},\"inLanguage\":\"fr-FR\",\"potentialAction\":[{\"@type\":\"ReadAction\",\"target\":[\"https:\\\/\\\/cbie.ca\\\/media\\\/\"]}]},{\"@type\":\"BreadcrumbList\",\"@id\":\"https:\\\/\\\/cbie.ca\\\/media\\\/#breadcrumb\",\"itemListElement\":[{\"@type\":\"ListItem\",\"position\":1,\"name\":\"Home\",\"item\":\"https:\\\/\\\/cbie.ca\\\/fr\\\/\"},{\"@type\":\"ListItem\",\"position\":2,\"name\":\"M\u00e9dia\"}]},{\"@type\":\"WebSite\",\"@id\":\"https:\\\/\\\/cbie.ca\\\/#website\",\"url\":\"https:\\\/\\\/cbie.ca\\\/\",\"name\":\"Canadian Bureau for International Education\",\"description\":\"\",\"potentialAction\":[{\"@type\":\"SearchAction\",\"target\":{\"@type\":\"EntryPoint\",\"urlTemplate\":\"https:\\\/\\\/cbie.ca\\\/?s={search_term_string}\"},\"query-input\":{\"@type\":\"PropertyValueSpecification\",\"valueRequired\":true,\"valueName\":\"search_term_string\"}}],\"inLanguage\":\"fr-FR\"}]}<\/script>\n<!-- \/ Yoast SEO plugin. -->","yoast_head_json":{"title":"M\u00e9dia - CBIE","robots":{"index":"index","follow":"follow","max-snippet":"max-snippet:-1","max-image-preview":"max-image-preview:large","max-video-preview":"max-video-preview:-1"},"canonical":"https:\/\/cbie.ca\/media\/","og_locale":"fr_FR","og_type":"article","og_title":"M\u00e9dia - CBIE","og_description":"[vc_row bg_color=\u00a0\u00bb#01416a\u00a0\u00bb text_align=\u00a0\u00bbcenter\u00a0\u00bb][vc_column column_padding=\u00a0\u00bbpadding-3&Prime; column_center=\u00a0\u00bbtrue\u00a0\u00bb text_color=\u00a0\u00bblight\u00a0\u00bb text_align=\u00a0\u00bbcenter\u00a0\u00bb width=\u00a0\u00bb1\/1&Prime;][vc_column_text] Actualit\u00e9s [\/vc_column_text][vc_column_text] Inscrivez-vous pour recevoir nos nouvelles, activit\u00e9s et annonces sp\u00e9ciales [\/vc_column_text][vc_column_text] VIEW MORE [\/vc_column_text][\/vc_column][\/vc_row][vc_row type=\u00a0\u00bbfull_width_section\u00a0\u00bb bg_color=\u00a0\u00bb#f1f1f1&Prime; text_align=\u00a0\u00bbcenter\u00a0\u00bb class=\u00a0\u00bbhidden\u00a0\u00bb][vc_column bg_color=\u00a0\u00bb#01416a\u00a0\u00bb column_padding=\u00a0\u00bbpadding-3&Prime; column_center=\u00a0\u00bbtrue\u00a0\u00bb [&hellip;]","og_url":"https:\/\/cbie.ca\/media\/","og_site_name":"CBIE","article_modified_time":"2023-10-31T18:38:47+00:00","og_image":[{"width":1600,"height":900,"url":"https:\/\/cbie.ca\/wp-content\/uploads\/2024\/01\/CBIE-Announcement-EN.png","type":"image\/png"}],"twitter_card":"summary_large_image","twitter_misc":{"Dur\u00e9e de lecture estim\u00e9e":"2 minutes"},"schema":{"@context":"https:\/\/schema.org","@graph":[{"@type":"WebPage","@id":"https:\/\/cbie.ca\/media\/","url":"https:\/\/cbie.ca\/media\/","name":"M\u00e9dia - CBIE","isPartOf":{"@id":"https:\/\/cbie.ca\/#website"},"datePublished":"2016-04-12T19:57:32+00:00","dateModified":"2023-10-31T18:38:47+00:00","breadcrumb":{"@id":"https:\/\/cbie.ca\/media\/#breadcrumb"},"inLanguage":"fr-FR","potentialAction":[{"@type":"ReadAction","target":["https:\/\/cbie.ca\/media\/"]}]},{"@type":"BreadcrumbList","@id":"https:\/\/cbie.ca\/media\/#breadcrumb","itemListElement":[{"@type":"ListItem","position":1,"name":"Home","item":"https:\/\/cbie.ca\/fr\/"},{"@type":"ListItem","position":2,"name":"M\u00e9dia"}]},{"@type":"WebSite","@id":"https:\/\/cbie.ca\/#website","url":"https:\/\/cbie.ca\/","name":"Canadian Bureau for International Education","description":"","potentialAction":[{"@type":"SearchAction","target":{"@type":"EntryPoint","urlTemplate":"https:\/\/cbie.ca\/?s={search_term_string}"},"query-input":{"@type":"PropertyValueSpecification","valueRequired":true,"valueName":"search_term_string"}}],"inLanguage":"fr-FR"}]}},"_links":{"self":[{"href":"https:\/\/cbie.ca\/fr\/wp-json\/wp\/v2\/pages\/18012","targetHints":{"allow":["GET"]}}],"collection":[{"href":"https:\/\/cbie.ca\/fr\/wp-json\/wp\/v2\/pages"}],"about":[{"href":"https:\/\/cbie.ca\/fr\/wp-json\/wp\/v2\/types\/page"}],"author":[{"embeddable":true,"href":"https:\/\/cbie.ca\/fr\/wp-json\/wp\/v2\/users\/63"}],"replies":[{"embeddable":true,"href":"https:\/\/cbie.ca\/fr\/wp-json\/wp\/v2\/comments?post=18012"}],"version-history":[{"count":0,"href":"https:\/\/cbie.ca\/fr\/wp-json\/wp\/v2\/pages\/18012\/revisions"}],"wp:attachment":[{"href":"https:\/\/cbie.ca\/fr\/wp-json\/wp\/v2\/media?parent=18012"}],"curies":[{"name":"wp","href":"https:\/\/api.w.org\/{rel}","templated":true}]}}