{"id":17969,"date":"2016-05-13T15:01:37","date_gmt":"2016-05-13T15:01:37","guid":{"rendered":"http:\/\/198.12.153.159\/~cbie\/?page_id=17969&#038;lang=fr"},"modified":"2025-09-05T10:35:38","modified_gmt":"2025-09-05T14:35:38","slug":"politique-sur-la-protection-des-renseignements-personnels","status":"publish","type":"page","link":"https:\/\/cbie.ca\/fr\/politique-sur-la-protection-des-renseignements-personnels\/","title":{"rendered":"Politique sur la protection des renseignements personnels"},"content":{"rendered":"<div class=\"wpb-content-wrapper\"><p>[vc_row][vc_column width=\u00a0\u00bb1\/1&Prime;]<div class=\"spacer\" style=\"height: 40px;\"><\/div>[vc_column_text]<\/p>\n<h3>Introduction<\/h3>\n<p>Le Bureau canadien de l\u2019\u00e9ducation internationale (le \u00ab BCEI \u00bb) reconna\u00eet \u00e0 quel point il est important d\u2019assurer le caract\u00e8re confidentiel des renseignements personnels que nous obtenons dans le cadre de nos activit\u00e9s.\u00a0 Nous avons \u00e9labor\u00e9s cette politique afin de vous faire part de notre engagement d\u2019assurer l\u2019exactitude et le caract\u00e8re confidentiel des renseignements personnels en notre possession.<\/p>\n<h3>En quoi consistent les renseignements personnels ?<\/h3>\n<p>Par \u00ab renseignements personnels \u00bb, nous entendons tout renseignement enregistr\u00e9 sous une forme quelconque relativement \u00e0 une personne identifi\u00e9e ou \u00e0 une personne dont l\u2019identit\u00e9 peut \u00eatre sous-entendue ou d\u00e9termin\u00e9e d\u2019apr\u00e8s ce renseignement, \u00e0 l\u2019exclusion des renseignements touchant les contacts d\u2019affaires (comme le nom, le titre et l\u2019adresse commerciale).<\/p>\n<h3>Pourquoi le BCEI recueille et utilise les renseignements personnels ?<\/h3>\n<p>Le BCEI recueille, utilise et fournit des renseignements personnels uniquement dans des circonstances raisonnables et dans le seul but de fournir des services ou de l\u2019information \u00e0 nos membres, \u00e9tudiants, \u00e9tablissements d\u2019enseignement, nos organismes partenaires et le public.<\/p>\n<p>Le BCEI peut utiliser les renseignements personnels obtenus pour les raisons suivantes :<\/p>\n<p>(a) \u00a0\u00a0 \u00a0Communiquer avec vous;<br \/>\n(b) \u00a0\u00a0 \u00a0Vous offrir nos services;<br \/>\n(c) \u00a0\u00a0 \u00a0Administrer des services au nom de nos organismes partenaires;<br \/>\n(d) \u00a0\u00a0 \u00a0Vous fournir des renseignements sur nos divers services;<br \/>\n(e) \u00a0\u00a0 \u00a0Faciliter le r\u00e9seautage des membres du BCEI et de nos partenaires.<\/p>\n<p>Les renseignements personnels que nous exigeons vont d\u00e9pendre des services que vous demandez ou recevez.<\/p>\n<p>Nous ne vendons, n\u2019\u00e9changeons ni ne divulguons, moyennant contrepartie, aucun renseignement personnel que nous avons obtenu.<\/p>\n<p>Le BCEI offre l\u2019acc\u00e8s \u00e0 son site Internet public ainsi qu\u2019un acc\u00e8s limit\u00e9 aux sites destin\u00e9s aux utilisateurs inscrits. Lors de votre utilisation de ces sites, le BCEI peut recueillir directement certains de vos renseignements par l\u2019entremise de courriels ou par la soumission \u00e9lectronique.<\/p>\n<p>Nos serveurs peuvent aussi recueillir des renseignements g\u00e9n\u00e9raux \u00e0 propos des individus qui visitent nos sites Web, tels que les noms de domaines et le temps des visites. Nos serveurs peuvent aussi recueillir des renseignements agr\u00e9g\u00e9s concernant les pages de nos sites qui sont visit\u00e9es ainsi que les renseignements qui peuvent \u00eatre fournis volontairement par les visiteurs par l\u2019entremise de sondages \u00e9lectronique ou lors de l\u2019abonnement \u00e0 nos bulletins de nouvelles. Ces renseignements sont utilis\u00e9s \u00e0 l\u2019interne, sous forme agr\u00e9g\u00e9e seulement, afin d\u2019offrir un meilleur service \u00e0 nos visiteurs en nous aidant \u00e0 :<\/p>\n<p>(a)\u00a0\u00a0 \u00a0G\u00e9rer nos sites Web;<br \/>\n(b)\u00a0\u00a0 \u00a0Diagnostiquer les probl\u00e8mes techniques; et<br \/>\n(c)\u00a0\u00a0 \u00a0Am\u00e9liorer le contenu de nos sites Web.<\/p>\n<p>Lors de l\u2019usage de l\u2019Internet vous apprendrez \u00e0 conna\u00eetre une technologie connue sous le nom de \u00ab t\u00e9moins \u00bb (cookies). Les t\u00e9moins sont des fichiers ou des \u00e9l\u00e9ments d\u2019information pouvant \u00eatre enregistr\u00e9s sur le disque dur d\u2019un ordinateur, lorsqu\u2019une personne visite un site Web. La plupart des fureteurs sont con\u00e7us pour accepter les t\u00e9moins. Si vous ne d\u00e9sirez pas accepter de t\u00e9moins, vous pouvez configurer votre ordinateur de fa\u00e7on qu\u2019il les refuse ou vous avise de leur pr\u00e9sence. Les \u00ab t\u00e9moins provisoires \u00bb sont des \u00e9l\u00e9ments d\u2019information temporaires qui sont effac\u00e9s lorsque l\u2019utilisateur ferme sa fen\u00eatre de furetage ou \u00e9teint son ordinateur. Les t\u00e9moins provisoires sont utilis\u00e9s pour am\u00e9liorer la navigation sur les sites Web et pour recueillir des renseignements statistiques agr\u00e9g\u00e9s. Le site Web du BCEI utilise de t\u00e9moins provisoires.<\/p>\n<p>Les \u00ab t\u00e9moins persistants \u00bb sont des \u00e9l\u00e9ments d\u2019information plus permanents qui sont plac\u00e9s sur le disque dur de l\u2019ordinateur d\u2019un visiteur et qui y restent jusqu\u2019\u00e0 ce qu\u2019ils soient supprim\u00e9s. Les t\u00e9moins persistants m\u00e9morisent des renseignements dans l\u2019ordinateur d\u2019un visiteur pour plusieurs raisons, telles que pour r\u00e9cup\u00e9rer certains renseignements ant\u00e9rieurement fournis (par exemple, les mots de passe), aider \u00e0 d\u00e9terminer les\u00a0 parties du site Web que les visiteurs appr\u00e9cient le plus et personnaliser le site Web selon les pr\u00e9f\u00e9rences des visiteurs. Le site Web du BCEI utilise des t\u00e9moins persistants pour la s\u00e9lection de langue.<\/p>\n<p>Nous ne partageons avec aucune tierce partie, les renseignements obtenus par l\u2019entremise de t\u00e9moins.<\/p>\n<h3>Quand le BCEI peut divulguer vos renseignements personnels ?<\/h3>\n<p>Dans certaines circonstances, le BCEI peut avoir besoin de divulguer vos renseignements personnels aux individus ou organismes qui sont nos conseillers ou nos fournisseurs de services.<\/p>\n<p>Lorsque le BCEI divulgue des renseignements personnels \u00e0 des organisations qui dispensent des services en son nom, nous exigerons que ces fournisseurs de services n\u2019utilisent ces renseignements que dans le seul but de fournir des services au BCEI, aux participants \u00e0 nos programmes, \u00e0 nos membres ou \u00e0 la personne en cause et qu\u2019ils aient en place les mesures n\u00e9cessaires pour la protection de ces renseignements personnels.<\/p>\n<p>Veuillez noter qu\u2019il existe des situations o\u00f9 l\u2019utilisation et\/ou la divulgation des renseignements personnels sont justifi\u00e9es ou autoris\u00e9es et o\u00f9 le BCEI est l\u00e9galement tenue de divulguer des renseignements sans consentement. De telles circonstances peuvent comprendre les suivantes :<\/p>\n<p>a)\u00a0\u00a0 \u00a0lorsque cela est requis par la loi ou par ordonnance ou exigence d\u2019un tribunal, d\u2019un organisme administratif ou d\u2019un autre tribunal gouvernemental;<br \/>\nb)\u00a0\u00a0 \u00a0lorsque le BCEI croit, avec motifs valables, qu\u2019il est n\u00e9cessaire de prot\u00e9ger les droits, la vie priv\u00e9e, la s\u00e9curit\u00e9 ou la propri\u00e9t\u00e9 d\u2019une personne ou d\u2019un groupe identifiable;<br \/>\nc)\u00a0\u00a0 \u00a0lorsqu\u2019il est n\u00e9cessaire d\u2019\u00e9tablir ou de percevoir des sommes payables au BCEI;<br \/>\nd)\u00a0\u00a0 \u00a0lorsqu\u2019il est n\u00e9cessaire de permettre au BCEI d\u2019introduire les recours \u00e0 sa disposition ou de restreindre les dommages qu\u2019il pourrait subir; ou<br \/>\ne)\u00a0\u00a0 \u00a0lorsque les renseignements sont publics.<\/p>\n<p>Si nous sommes contraints ou autoris\u00e9s \u00e0 divulguer des renseignements sans consentement, nous ne divulguerons que les renseignements exig\u00e9s.<\/p>\n<h3>Consentement<\/h3>\n<p>Sauf dans les cas autoris\u00e9s par la loi, nous ne recueillerons aucun renseignement personnel sans obtenir au pr\u00e9alable le consentement de la personne concern\u00e9e pour la collecte, l\u2019utilisation et la diffusion de ce renseignement. Toutefois, nous pouvons demander un consentement pour utiliser et divulguer des renseignements personnels apr\u00e8s qu\u2019ils ont \u00e9t\u00e9 recueillis, lorsque nous d\u00e9sirons utiliser ces renseignements dans un but non identifi\u00e9 aux pr\u00e9sentes ou ant\u00e9rieurement, ou pour lequel la personne en cause n\u2019a accord\u00e9 aucun consentement pr\u00e9alable.<\/p>\n<p><strong>En fournissant vos renseignements personnels au BCEI, vous donnez votre consentement \u00e0 ce que vos renseignements personnels soient recueillis, utilis\u00e9s et divulgu\u00e9s conform\u00e9ment \u00e0 la pr\u00e9sente politique.<\/strong><\/p>\n<p>Notez cependant que dans certains cas, certains de nos services ne peuvent \u00eatre offerts que si vous fournissez des renseignements personnels au BCEI. Par cons\u00e9quent, si vous d\u00e9cidez de ne pas nous fournir les renseignements personnels n\u00e9cessaires, il est possible que nous ne soyons pas en mesure de vous offrir les services demand\u00e9s.<\/p>\n<h3>Protection des renseignements personnels<\/h3>\n<p>Le BCEI maintient en place des dispositifs de s\u00e9curit\u00e9 sur le plan physique, technique et proc\u00e9dural afin de prot\u00e9ger vos renseignements personnels.<\/p>\n<h3>Acc\u00e8s \u00e0 vos renseignements personnels<\/h3>\n<p>Vous pouvez demandez l\u2019acc\u00e8s \u00e0 vos renseignements personnels qui sont en notre possession. Si vous avez des questions concernant : i) l\u2019acc\u00e8s \u00e0 vos renseignements personnels, ii) notre collecte, utilisation, gestion ou divulgation des renseignements personnels, ou iii) la pr\u00e9sente politique, veuillez nous contacter par e-mail au <a href=\"mailto:communication@cbie.ca\">communication@cbie.ca<\/a>. Veuillez utiliser le sujet de courriel : \u00ab Politique sur la protection de renseignements personnels du BCEI \u00bb.[\/vc_column_text][\/vc_column][\/vc_row][vc_row][vc_column width=\u00a0\u00bb1\/1&Prime;]<div class=\"spacer\" style=\"height: 40px;\"><\/div>[\/vc_column][\/vc_row]<\/p>\n<\/div>","protected":false},"excerpt":{"rendered":"<p>[vc_row][vc_column width=\u00a0\u00bb1\/1&Prime;][vc_column_text] Introduction Le Bureau canadien de l\u2019\u00e9ducation internationale (le \u00ab BCEI \u00bb) reconna\u00eet \u00e0 quel point il est important d\u2019assurer le caract\u00e8re confidentiel des renseignements personnels que nous obtenons [&hellip;]<\/p>\n","protected":false},"author":63,"featured_media":0,"parent":0,"menu_order":0,"comment_status":"closed","ping_status":"closed","template":"","meta":{"_acf_changed":false,"footnotes":""},"class_list":["post-17969","page","type-page","status-publish","hentry"],"acf":[],"yoast_head":"<!-- This site is optimized with the Yoast SEO plugin v27.3 - https:\/\/yoast.com\/product\/yoast-seo-wordpress\/ -->\n<title>Politique sur la protection des renseignements personnels - CBIE<\/title>\n<meta name=\"robots\" content=\"index, follow, max-snippet:-1, max-image-preview:large, max-video-preview:-1\" \/>\n<link rel=\"canonical\" href=\"https:\/\/cbie.ca\/fr\/politique-sur-la-protection-des-renseignements-personnels\/\" \/>\n<meta property=\"og:locale\" content=\"fr_FR\" \/>\n<meta property=\"og:type\" content=\"article\" \/>\n<meta property=\"og:title\" content=\"Politique sur la protection des renseignements personnels - CBIE\" \/>\n<meta property=\"og:description\" content=\"[vc_row][vc_column width=\u00a0\u00bb1\/1&Prime;][vc_column_text] Introduction Le Bureau canadien de l\u2019\u00e9ducation internationale (le \u00ab BCEI \u00bb) reconna\u00eet \u00e0 quel point il est important d\u2019assurer le caract\u00e8re confidentiel des renseignements personnels que nous obtenons [&hellip;]\" \/>\n<meta property=\"og:url\" content=\"https:\/\/cbie.ca\/fr\/politique-sur-la-protection-des-renseignements-personnels\/\" \/>\n<meta property=\"og:site_name\" content=\"CBIE\" \/>\n<meta property=\"article:modified_time\" content=\"2025-09-05T14:35:38+00:00\" \/>\n<meta property=\"og:image\" content=\"https:\/\/cbie.ca\/wp-content\/uploads\/2024\/01\/CBIE-Announcement-EN.png\" \/>\n\t<meta property=\"og:image:width\" content=\"1600\" \/>\n\t<meta property=\"og:image:height\" content=\"900\" \/>\n\t<meta property=\"og:image:type\" content=\"image\/png\" \/>\n<meta name=\"twitter:card\" content=\"summary_large_image\" \/>\n<meta name=\"twitter:label1\" content=\"Dur\u00e9e de lecture estim\u00e9e\" \/>\n\t<meta name=\"twitter:data1\" content=\"5 minutes\" \/>\n<script type=\"application\/ld+json\" class=\"yoast-schema-graph\">{\"@context\":\"https:\\\/\\\/schema.org\",\"@graph\":[{\"@type\":\"WebPage\",\"@id\":\"https:\\\/\\\/cbie.ca\\\/fr\\\/politique-sur-la-protection-des-renseignements-personnels\\\/\",\"url\":\"https:\\\/\\\/cbie.ca\\\/fr\\\/politique-sur-la-protection-des-renseignements-personnels\\\/\",\"name\":\"Politique sur la protection des renseignements personnels - CBIE\",\"isPartOf\":{\"@id\":\"https:\\\/\\\/cbie.ca\\\/#website\"},\"datePublished\":\"2016-05-13T15:01:37+00:00\",\"dateModified\":\"2025-09-05T14:35:38+00:00\",\"breadcrumb\":{\"@id\":\"https:\\\/\\\/cbie.ca\\\/fr\\\/politique-sur-la-protection-des-renseignements-personnels\\\/#breadcrumb\"},\"inLanguage\":\"fr-FR\",\"potentialAction\":[{\"@type\":\"ReadAction\",\"target\":[\"https:\\\/\\\/cbie.ca\\\/fr\\\/politique-sur-la-protection-des-renseignements-personnels\\\/\"]}]},{\"@type\":\"BreadcrumbList\",\"@id\":\"https:\\\/\\\/cbie.ca\\\/fr\\\/politique-sur-la-protection-des-renseignements-personnels\\\/#breadcrumb\",\"itemListElement\":[{\"@type\":\"ListItem\",\"position\":1,\"name\":\"Home\",\"item\":\"https:\\\/\\\/cbie.ca\\\/fr\\\/\"},{\"@type\":\"ListItem\",\"position\":2,\"name\":\"Politique sur la protection des renseignements personnels\"}]},{\"@type\":\"WebSite\",\"@id\":\"https:\\\/\\\/cbie.ca\\\/#website\",\"url\":\"https:\\\/\\\/cbie.ca\\\/\",\"name\":\"Canadian Bureau for International Education\",\"description\":\"\",\"potentialAction\":[{\"@type\":\"SearchAction\",\"target\":{\"@type\":\"EntryPoint\",\"urlTemplate\":\"https:\\\/\\\/cbie.ca\\\/?s={search_term_string}\"},\"query-input\":{\"@type\":\"PropertyValueSpecification\",\"valueRequired\":true,\"valueName\":\"search_term_string\"}}],\"inLanguage\":\"fr-FR\"}]}<\/script>\n<!-- \/ Yoast SEO plugin. -->","yoast_head_json":{"title":"Politique sur la protection des renseignements personnels - CBIE","robots":{"index":"index","follow":"follow","max-snippet":"max-snippet:-1","max-image-preview":"max-image-preview:large","max-video-preview":"max-video-preview:-1"},"canonical":"https:\/\/cbie.ca\/fr\/politique-sur-la-protection-des-renseignements-personnels\/","og_locale":"fr_FR","og_type":"article","og_title":"Politique sur la protection des renseignements personnels - CBIE","og_description":"[vc_row][vc_column width=\u00a0\u00bb1\/1&Prime;][vc_column_text] Introduction Le Bureau canadien de l\u2019\u00e9ducation internationale (le \u00ab BCEI \u00bb) reconna\u00eet \u00e0 quel point il est important d\u2019assurer le caract\u00e8re confidentiel des renseignements personnels que nous obtenons [&hellip;]","og_url":"https:\/\/cbie.ca\/fr\/politique-sur-la-protection-des-renseignements-personnels\/","og_site_name":"CBIE","article_modified_time":"2025-09-05T14:35:38+00:00","og_image":[{"width":1600,"height":900,"url":"https:\/\/cbie.ca\/wp-content\/uploads\/2024\/01\/CBIE-Announcement-EN.png","type":"image\/png"}],"twitter_card":"summary_large_image","twitter_misc":{"Dur\u00e9e de lecture estim\u00e9e":"5 minutes"},"schema":{"@context":"https:\/\/schema.org","@graph":[{"@type":"WebPage","@id":"https:\/\/cbie.ca\/fr\/politique-sur-la-protection-des-renseignements-personnels\/","url":"https:\/\/cbie.ca\/fr\/politique-sur-la-protection-des-renseignements-personnels\/","name":"Politique sur la protection des renseignements personnels - CBIE","isPartOf":{"@id":"https:\/\/cbie.ca\/#website"},"datePublished":"2016-05-13T15:01:37+00:00","dateModified":"2025-09-05T14:35:38+00:00","breadcrumb":{"@id":"https:\/\/cbie.ca\/fr\/politique-sur-la-protection-des-renseignements-personnels\/#breadcrumb"},"inLanguage":"fr-FR","potentialAction":[{"@type":"ReadAction","target":["https:\/\/cbie.ca\/fr\/politique-sur-la-protection-des-renseignements-personnels\/"]}]},{"@type":"BreadcrumbList","@id":"https:\/\/cbie.ca\/fr\/politique-sur-la-protection-des-renseignements-personnels\/#breadcrumb","itemListElement":[{"@type":"ListItem","position":1,"name":"Home","item":"https:\/\/cbie.ca\/fr\/"},{"@type":"ListItem","position":2,"name":"Politique sur la protection des renseignements personnels"}]},{"@type":"WebSite","@id":"https:\/\/cbie.ca\/#website","url":"https:\/\/cbie.ca\/","name":"Canadian Bureau for International Education","description":"","potentialAction":[{"@type":"SearchAction","target":{"@type":"EntryPoint","urlTemplate":"https:\/\/cbie.ca\/?s={search_term_string}"},"query-input":{"@type":"PropertyValueSpecification","valueRequired":true,"valueName":"search_term_string"}}],"inLanguage":"fr-FR"}]}},"_links":{"self":[{"href":"https:\/\/cbie.ca\/fr\/wp-json\/wp\/v2\/pages\/17969","targetHints":{"allow":["GET"]}}],"collection":[{"href":"https:\/\/cbie.ca\/fr\/wp-json\/wp\/v2\/pages"}],"about":[{"href":"https:\/\/cbie.ca\/fr\/wp-json\/wp\/v2\/types\/page"}],"author":[{"embeddable":true,"href":"https:\/\/cbie.ca\/fr\/wp-json\/wp\/v2\/users\/63"}],"replies":[{"embeddable":true,"href":"https:\/\/cbie.ca\/fr\/wp-json\/wp\/v2\/comments?post=17969"}],"version-history":[{"count":1,"href":"https:\/\/cbie.ca\/fr\/wp-json\/wp\/v2\/pages\/17969\/revisions"}],"predecessor-version":[{"id":118633,"href":"https:\/\/cbie.ca\/fr\/wp-json\/wp\/v2\/pages\/17969\/revisions\/118633"}],"wp:attachment":[{"href":"https:\/\/cbie.ca\/fr\/wp-json\/wp\/v2\/media?parent=17969"}],"curies":[{"name":"wp","href":"https:\/\/api.w.org\/{rel}","templated":true}]}}