{"id":17336,"date":"2016-05-05T15:26:02","date_gmt":"2016-05-05T15:26:02","guid":{"rendered":"http:\/\/198.12.153.159\/~cbie\/?page_id=17336&#038;lang=fr"},"modified":"2016-05-30T18:20:25","modified_gmt":"2016-05-30T18:20:25","slug":"developpement-international","status":"publish","type":"page","link":"https:\/\/cbie.ca\/fr\/notre-travail\/developpement-international\/","title":{"rendered":"D\u00e9veloppement international"},"content":{"rendered":"<div class=\"wpb-content-wrapper\"><p>[vc_row type=\u00a0\u00bbfull_width_section\u00a0\u00bb text_color=\u00a0\u00bblight\u00a0\u00bb text_align=\u00a0\u00bbcenter\u00a0\u00bb][vc_column bg_color=\u00a0\u00bb#01416a\u00a0\u00bb column_padding=\u00a0\u00bbpadding-3&Prime; column_center=\u00a0\u00bbtrue\u00a0\u00bb text_color=\u00a0\u00bblight\u00a0\u00bb text_align=\u00a0\u00bbcenter\u00a0\u00bb width=\u00a0\u00bb1\/1&Prime; el_class=\u00a0\u00bbfull\u00a0\u00bb]<div class=\"spacer\" style=\"height: 50px;\"><\/div>[vc_column_text]<\/p>\n<h1 style=\"text-align: center;\"><span style=\"color: #ffc529;\">D\u00e9veloppement international<\/span><\/h1>\n<p>[\/vc_column_text]<div class=\"newdivider align-center\" style=\"border-bottom-style: solid; border-color: #1c86a4; border-bottom-width: 2px; margin-top: 30px; margin-bottom: 30px; width: 130px; \"><\/div><div class=\"clear\"><\/div>[vc_column_text]<\/p>\n<h5 style=\"text-align: center;\">Le BCEI a une longue exp\u00e9rience et expertise de la cr\u00e9ation, de la prestation, de la mise en \u0153uvre et de l\u2019\u00e9valuation de programmes de formation technique et de renforcement des capacit\u00e9s dans diff\u00e9rents secteurs, y compris la gouvernance, le d\u00e9veloppement de la soci\u00e9t\u00e9 civile, la r\u00e9forme p\u00e9dagogique et la formation pour l\u2019emploi.<\/h5>\n<p>[\/vc_column_text]<div class=\"spacer\" style=\"height: 25px;\"><\/div>[\/vc_column][\/vc_row][vc_row type=\u00a0\u00bbfull_width_section\u00a0\u00bb][vc_column bg_color=\u00a0\u00bb#00273d\u00a0\u00bb column_center=\u00a0\u00bbtrue\u00a0\u00bb text_color=\u00a0\u00bblight\u00a0\u00bb text_align=\u00a0\u00bbcenter\u00a0\u00bb]<div class=\"spacer\" style=\"height: 25px;\"><\/div>[vc_row_inner][vc_column_inner width=\u00a0\u00bb1\/6&Prime;][\/vc_column_inner][vc_column_inner width=\u00a0\u00bb2\/3&Prime;][vc_column_text]Depuis ces 45 derni\u00e8res ann\u00e9es, le BCEI conseille des minist\u00e8res \u00e9trangers au niveau strat\u00e9gique et de planification, cr\u00e9e des programmes o\u00f9 les directeurs d\u2019\u00e9coles et les enseignants sont les piliers du changement, aide \u00e0 long terme et de fa\u00e7on syst\u00e9mique \u00e0 moderniser ou r\u00e9former les syst\u00e8mes et renforce les capacit\u00e9s des organisations de la soci\u00e9t\u00e9 civile.<\/p>\n<p>Le BCEI fait appel \u00e0 ses nombreux membres, couvrant la totalit\u00e9 du secteur canadien de l\u2019\u00e9ducation, pour assurer ces services. Nous avons aussi \u00e0 notre disposition plus de 400\u00a0sp\u00e9cialistes du secteur et des partenariats de longue date avec des autorit\u00e9s canadiennes municipales, provinciales et f\u00e9d\u00e9rales, des ONG canadiennes, des groupes de r\u00e9flexion, des fonctionnaires en poste et \u00e0 la retraite, des experts du monde scolaire, des facult\u00e9s d\u2019administration publique et diff\u00e9rentes associations professionnelles.[\/vc_column_text][\/vc_column_inner][vc_column_inner width=\u00a0\u00bb1\/6&Prime;][\/vc_column_inner][\/vc_row_inner]<div class=\"single_image wpb_content_element align-center    \" data-animation=\"none\" data-delay=\"0\"><img decoding=\"async\" class=\"\" src=\"https:\/\/cbie.ca\/wp-content\/uploads\/2016\/04\/bg-globe-700x250.png\" width=\"700\" height=\"250\" alt=\"bg-globe\" title=\"bg-globe\" loading=\"lazy\" \/><\/div>[\/vc_column][\/vc_row][vc_row][vc_column width=\u00a0\u00bb1\/1&Prime;]<div class=\"spacer\" style=\"height: 50px;\"><\/div>[vc_column_text]<\/p>\n<h1 style=\"text-align: center;\">Notre exp\u00e9rience<\/h1>\n<p>[\/vc_column_text]<div class=\"newdivider align-center\" style=\"border-bottom-style: solid; border-color: #a7a8aa; border-bottom-width: 2px; margin-top: 30px; margin-bottom: 30px; width: 130px; \"><\/div><div class=\"clear\"><\/div>[\/vc_column][\/vc_row][vc_row text_align=\u00a0\u00bbcenter\u00a0\u00bb][vc_column text_align=\u00a0\u00bbcenter\u00a0\u00bb width=\u00a0\u00bb1\/1&Prime;]<div class=\"minti_list wpb_content_element color-accent checkbox show_separator\" style=\"padding-left: 40px;\">\n<ul>\n<li><a href=\"https:\/\/cbie.ca\/fr\/notre-travail\/programmes-actuels\/projet-daide-juridique-accessible-et-de-qualite-en-ukraine\/?lang=fr\">Acc\u00e8s \u00e0 de l\u2019aide juridique de qualit\u00e9 \u2013 Ukraine<\/a><\/li>\n<li>M\u00e9canisme de soutien \u00e0 la mise en \u0153uvre de la r\u00e9forme politique \u2013 Ukraine<\/li>\n<li>Programme de formation du minist\u00e8re vietnamien des Affaires \u00e9trang\u00e8res<\/li>\n<li>R\u00e9forme de la gestion des ressources humaines de la fonction publique d\u2019Ukraine<\/li>\n<li>Projet d\u2019options politiques\u00a0: sous-projet<\/li>\n<li>R\u00e9seau de connaissances en politique publique \u2013 G\u00e9orgie, Arm\u00e9nie, Azerba\u00efdjan<\/li>\n<li>D\u00e9veloppement \u00e9conomique communautaire \u2013 Ukraine<\/li>\n<li>Conseil politique pour la r\u00e9forme \u2013 Ukraine<\/li>\n<li>Projet sur les droits et responsabilit\u00e9s du citoyen \u2013 Pakistan<\/li>\n<li>Racines communautaire de la soci\u00e9t\u00e9 civile \u2013 Ukraine<\/li>\n<li>Gestion du changement \u2013 pays baltes<\/li>\n<li>D\u00e9veloppement des ressources humaines \u2013 FSU et PECO<\/li>\n<li>Programme de formation complet de la fonction publique en Am\u00e9rique centrale \u2013 Am\u00e9rique centrale<\/li>\n<li>Programme de formation des formateurs techniques \u2013 Ouzb\u00e9kistan<\/li>\n<li>Programme de bourses de formation et d\u2019\u00e9ducation canadiennes en Afrique \u2013 \u00c9thiopie, Ghana, Mali et S\u00e9n\u00e9gal<\/li>\n<li>Projet d\u2019\u00e9tablissement de coop\u00e9ration technique &#8211; Tha\u00eflande<\/li>\n<\/ul>\n<\/div><div class=\"spacer\" style=\"height: 50px;\"><\/div>[\/vc_column][\/vc_row][vc_row type=\u00a0\u00bbfull_width_section\u00a0\u00bb bg_image=\u00a0\u00bb15471&Prime; parallax_bg=\u00a0\u00bbtrue\u00a0\u00bb stellar_class=\u00a0\u00bbfixed\u00a0\u00bb text_color=\u00a0\u00bblight\u00a0\u00bb][vc_column column_padding=\u00a0\u00bbpadding-3&Prime; column_center=\u00a0\u00bbtrue\u00a0\u00bb text_color=\u00a0\u00bblight\u00a0\u00bb text_align=\u00a0\u00bbcenter\u00a0\u00bb width=\u00a0\u00bb1\/1&Prime;]<div class=\"spacer\" style=\"height: 100px;\"><\/div><div class=\"single_image wpb_content_element align-center    \" data-animation=\"none\" data-delay=\"0\"><img decoding=\"async\" class=\"\" src=\"https:\/\/cbie.ca\/wp-content\/uploads\/2013\/01\/icon-testimonials-100x100.png\" width=\"100\" height=\"100\" alt=\"icon-testimonials\" title=\"icon-testimonials\" loading=\"lazy\" \/><\/div><div class=\"spacer\" style=\"height: 20px;\"><\/div>[vc_column_text]<\/p>\n<h1 style=\"text-align: center; color: #ffffff;\">T\u00e9moignages<\/h1>\n<p>[\/vc_column_text]<div class=\"newdivider align-center\" style=\"border-bottom-style: solid; border-color: #ffffff; border-bottom-width: 2px; margin-top: 30px; margin-bottom: 30px; width: 130px; \"><\/div><div class=\"clear\"><\/div><div class=\"testimonial-slider-wrap wpb_content_element\"><div class=\"testimonial-slide\">Ayant travaill\u00e9 avec d\u2019innombrables donateurs et organisations internationales, j\u2019appr\u00e9cie la valeur ajout\u00e9e que le BCEI apporte aux partenariats : n\u2019imposant pas de solutions \u00e9trang\u00e8res au profit du renforcement des capacit\u00e9s internes pour que nous r\u00e9solvions nos difficult\u00e9s nous-m\u00eames.<span>&#45; Ihor Shumylo, ancien ministre adjoint de l\u2019\u00c9conomie en Ukraine<\/span><\/div><div class=\"testimonial-slide\">Le BCEI a eu la capacit\u00e9 de r\u00e9action n\u00e9cessaire pour r\u00e9soudre les grandes difficult\u00e9s politiques, sociales et \u00e9conomiques, moderniser notre administration publique et avoir de r\u00e9elles r\u00e9percussions sur la vie quotidienne des citoyens g\u00e9orgiens.<span>&#45; Temuri Yakobashvili, ancien premier ministre adjoint, ancien ambassadeur de G\u00e9orgie aux \u00c9tats-Unis (Washington) et cofondateur et pr\u00e9sident du conseil d\u2019administration de la fondation g\u00e9orgienne pour les \u00e9tudes strat\u00e9giques et internationales<\/span><\/div><\/div><div class=\"spacer\" style=\"height: 100px;\"><\/div>[\/vc_column][\/vc_row]<\/p>\n<\/div>","protected":false},"excerpt":{"rendered":"<p>[vc_row type=\u00a0\u00bbfull_width_section\u00a0\u00bb text_color=\u00a0\u00bblight\u00a0\u00bb text_align=\u00a0\u00bbcenter\u00a0\u00bb][vc_column bg_color=\u00a0\u00bb#01416a\u00a0\u00bb column_padding=\u00a0\u00bbpadding-3&Prime; column_center=\u00a0\u00bbtrue\u00a0\u00bb text_color=\u00a0\u00bblight\u00a0\u00bb text_align=\u00a0\u00bbcenter\u00a0\u00bb width=\u00a0\u00bb1\/1&Prime; el_class=\u00a0\u00bbfull\u00a0\u00bb][vc_column_text] D\u00e9veloppement international [\/vc_column_text][vc_column_text] Le BCEI a une longue exp\u00e9rience et expertise de la cr\u00e9ation, de la prestation, de la [&hellip;]<\/p>\n","protected":false},"author":63,"featured_media":0,"parent":17116,"menu_order":0,"comment_status":"closed","ping_status":"closed","template":"","meta":{"_acf_changed":false,"footnotes":""},"class_list":["post-17336","page","type-page","status-publish","hentry"],"acf":[],"yoast_head":"<!-- This site is optimized with the Yoast SEO plugin v27.3 - https:\/\/yoast.com\/product\/yoast-seo-wordpress\/ -->\n<title>D\u00e9veloppement international - CBIE<\/title>\n<meta name=\"robots\" content=\"index, follow, max-snippet:-1, max-image-preview:large, max-video-preview:-1\" \/>\n<link rel=\"canonical\" href=\"https:\/\/cbie.ca\/what-we-do\/international-development\/\" \/>\n<meta property=\"og:locale\" content=\"fr_FR\" \/>\n<meta property=\"og:type\" content=\"article\" \/>\n<meta property=\"og:title\" content=\"D\u00e9veloppement international - CBIE\" \/>\n<meta property=\"og:description\" content=\"[vc_row type=\u00a0\u00bbfull_width_section\u00a0\u00bb text_color=\u00a0\u00bblight\u00a0\u00bb text_align=\u00a0\u00bbcenter\u00a0\u00bb][vc_column bg_color=\u00a0\u00bb#01416a\u00a0\u00bb column_padding=\u00a0\u00bbpadding-3&Prime; column_center=\u00a0\u00bbtrue\u00a0\u00bb text_color=\u00a0\u00bblight\u00a0\u00bb text_align=\u00a0\u00bbcenter\u00a0\u00bb width=\u00a0\u00bb1\/1&Prime; el_class=\u00a0\u00bbfull\u00a0\u00bb][vc_column_text] D\u00e9veloppement international [\/vc_column_text][vc_column_text] Le BCEI a une longue exp\u00e9rience et expertise de la cr\u00e9ation, de la prestation, de la [&hellip;]\" \/>\n<meta property=\"og:url\" content=\"https:\/\/cbie.ca\/what-we-do\/international-development\/\" \/>\n<meta property=\"og:site_name\" content=\"CBIE\" \/>\n<meta property=\"article:modified_time\" content=\"2016-05-30T18:20:25+00:00\" \/>\n<meta property=\"og:image\" content=\"https:\/\/cbie.ca\/wp-content\/uploads\/2024\/01\/CBIE-Announcement-EN.png\" \/>\n\t<meta property=\"og:image:width\" content=\"1600\" \/>\n\t<meta property=\"og:image:height\" content=\"900\" \/>\n\t<meta property=\"og:image:type\" content=\"image\/png\" \/>\n<meta name=\"twitter:card\" content=\"summary_large_image\" \/>\n<meta name=\"twitter:label1\" content=\"Dur\u00e9e de lecture estim\u00e9e\" \/>\n\t<meta name=\"twitter:data1\" content=\"4 minutes\" \/>\n<script type=\"application\/ld+json\" class=\"yoast-schema-graph\">{\"@context\":\"https:\\\/\\\/schema.org\",\"@graph\":[{\"@type\":\"WebPage\",\"@id\":\"https:\\\/\\\/cbie.ca\\\/what-we-do\\\/international-development\\\/\",\"url\":\"https:\\\/\\\/cbie.ca\\\/what-we-do\\\/international-development\\\/\",\"name\":\"D\u00e9veloppement international - CBIE\",\"isPartOf\":{\"@id\":\"https:\\\/\\\/cbie.ca\\\/#website\"},\"datePublished\":\"2016-05-05T15:26:02+00:00\",\"dateModified\":\"2016-05-30T18:20:25+00:00\",\"breadcrumb\":{\"@id\":\"https:\\\/\\\/cbie.ca\\\/what-we-do\\\/international-development\\\/#breadcrumb\"},\"inLanguage\":\"fr-FR\",\"potentialAction\":[{\"@type\":\"ReadAction\",\"target\":[\"https:\\\/\\\/cbie.ca\\\/what-we-do\\\/international-development\\\/\"]}]},{\"@type\":\"BreadcrumbList\",\"@id\":\"https:\\\/\\\/cbie.ca\\\/what-we-do\\\/international-development\\\/#breadcrumb\",\"itemListElement\":[{\"@type\":\"ListItem\",\"position\":1,\"name\":\"Home\",\"item\":\"https:\\\/\\\/cbie.ca\\\/fr\\\/\"},{\"@type\":\"ListItem\",\"position\":2,\"name\":\"Activit\u00e9s internationales\",\"item\":\"https:\\\/\\\/cbie.ca\\\/what-we-do\\\/\"},{\"@type\":\"ListItem\",\"position\":3,\"name\":\"D\u00e9veloppement international\"}]},{\"@type\":\"WebSite\",\"@id\":\"https:\\\/\\\/cbie.ca\\\/#website\",\"url\":\"https:\\\/\\\/cbie.ca\\\/\",\"name\":\"Canadian Bureau for International Education\",\"description\":\"\",\"potentialAction\":[{\"@type\":\"SearchAction\",\"target\":{\"@type\":\"EntryPoint\",\"urlTemplate\":\"https:\\\/\\\/cbie.ca\\\/?s={search_term_string}\"},\"query-input\":{\"@type\":\"PropertyValueSpecification\",\"valueRequired\":true,\"valueName\":\"search_term_string\"}}],\"inLanguage\":\"fr-FR\"}]}<\/script>\n<!-- \/ Yoast SEO plugin. -->","yoast_head_json":{"title":"D\u00e9veloppement international - CBIE","robots":{"index":"index","follow":"follow","max-snippet":"max-snippet:-1","max-image-preview":"max-image-preview:large","max-video-preview":"max-video-preview:-1"},"canonical":"https:\/\/cbie.ca\/what-we-do\/international-development\/","og_locale":"fr_FR","og_type":"article","og_title":"D\u00e9veloppement international - CBIE","og_description":"[vc_row type=\u00a0\u00bbfull_width_section\u00a0\u00bb text_color=\u00a0\u00bblight\u00a0\u00bb text_align=\u00a0\u00bbcenter\u00a0\u00bb][vc_column bg_color=\u00a0\u00bb#01416a\u00a0\u00bb column_padding=\u00a0\u00bbpadding-3&Prime; column_center=\u00a0\u00bbtrue\u00a0\u00bb text_color=\u00a0\u00bblight\u00a0\u00bb text_align=\u00a0\u00bbcenter\u00a0\u00bb width=\u00a0\u00bb1\/1&Prime; el_class=\u00a0\u00bbfull\u00a0\u00bb][vc_column_text] D\u00e9veloppement international [\/vc_column_text][vc_column_text] Le BCEI a une longue exp\u00e9rience et expertise de la cr\u00e9ation, de la prestation, de la [&hellip;]","og_url":"https:\/\/cbie.ca\/what-we-do\/international-development\/","og_site_name":"CBIE","article_modified_time":"2016-05-30T18:20:25+00:00","og_image":[{"width":1600,"height":900,"url":"https:\/\/cbie.ca\/wp-content\/uploads\/2024\/01\/CBIE-Announcement-EN.png","type":"image\/png"}],"twitter_card":"summary_large_image","twitter_misc":{"Dur\u00e9e de lecture estim\u00e9e":"4 minutes"},"schema":{"@context":"https:\/\/schema.org","@graph":[{"@type":"WebPage","@id":"https:\/\/cbie.ca\/what-we-do\/international-development\/","url":"https:\/\/cbie.ca\/what-we-do\/international-development\/","name":"D\u00e9veloppement international - CBIE","isPartOf":{"@id":"https:\/\/cbie.ca\/#website"},"datePublished":"2016-05-05T15:26:02+00:00","dateModified":"2016-05-30T18:20:25+00:00","breadcrumb":{"@id":"https:\/\/cbie.ca\/what-we-do\/international-development\/#breadcrumb"},"inLanguage":"fr-FR","potentialAction":[{"@type":"ReadAction","target":["https:\/\/cbie.ca\/what-we-do\/international-development\/"]}]},{"@type":"BreadcrumbList","@id":"https:\/\/cbie.ca\/what-we-do\/international-development\/#breadcrumb","itemListElement":[{"@type":"ListItem","position":1,"name":"Home","item":"https:\/\/cbie.ca\/fr\/"},{"@type":"ListItem","position":2,"name":"Activit\u00e9s internationales","item":"https:\/\/cbie.ca\/what-we-do\/"},{"@type":"ListItem","position":3,"name":"D\u00e9veloppement international"}]},{"@type":"WebSite","@id":"https:\/\/cbie.ca\/#website","url":"https:\/\/cbie.ca\/","name":"Canadian Bureau for International Education","description":"","potentialAction":[{"@type":"SearchAction","target":{"@type":"EntryPoint","urlTemplate":"https:\/\/cbie.ca\/?s={search_term_string}"},"query-input":{"@type":"PropertyValueSpecification","valueRequired":true,"valueName":"search_term_string"}}],"inLanguage":"fr-FR"}]}},"_links":{"self":[{"href":"https:\/\/cbie.ca\/fr\/wp-json\/wp\/v2\/pages\/17336","targetHints":{"allow":["GET"]}}],"collection":[{"href":"https:\/\/cbie.ca\/fr\/wp-json\/wp\/v2\/pages"}],"about":[{"href":"https:\/\/cbie.ca\/fr\/wp-json\/wp\/v2\/types\/page"}],"author":[{"embeddable":true,"href":"https:\/\/cbie.ca\/fr\/wp-json\/wp\/v2\/users\/63"}],"replies":[{"embeddable":true,"href":"https:\/\/cbie.ca\/fr\/wp-json\/wp\/v2\/comments?post=17336"}],"version-history":[{"count":0,"href":"https:\/\/cbie.ca\/fr\/wp-json\/wp\/v2\/pages\/17336\/revisions"}],"up":[{"embeddable":true,"href":"https:\/\/cbie.ca\/fr\/wp-json\/wp\/v2\/pages\/17116"}],"wp:attachment":[{"href":"https:\/\/cbie.ca\/fr\/wp-json\/wp\/v2\/media?parent=17336"}],"curies":[{"name":"wp","href":"https:\/\/api.w.org\/{rel}","templated":true}]}}