{"id":17230,"date":"2016-04-12T19:48:22","date_gmt":"2016-04-12T23:48:22","guid":{"rendered":"http:\/\/198.12.153.159\/~cbie\/?page_id=17230&#038;lang=fr"},"modified":"2022-03-15T13:16:02","modified_gmt":"2022-03-15T17:16:02","slug":"professional-learning-communities","status":"publish","type":"page","link":"https:\/\/cbie.ca\/fr\/notre-reseau\/professional-learning-communities\/","title":{"rendered":"Communaut\u00e9s d\u2019apprentissage professionnel"},"content":{"rendered":"<div class=\"wpb-content-wrapper\"><p>[vc_row bg_color=\u00a0\u00bb#01426a\u00a0\u00bb text_color=\u00a0\u00bblight\u00a0\u00bb text_align=\u00a0\u00bbcenter\u00a0\u00bb][vc_column el_class=\u00a0\u00bbfull\u00a0\u00bb bg_color=\u00a0\u00bb#01416a\u00a0\u00bb column_padding=\u00a0\u00bbpadding-3&Prime; column_center=\u00a0\u00bbtrue\u00a0\u00bb text_color=\u00a0\u00bblight\u00a0\u00bb text_align=\u00a0\u00bbcenter\u00a0\u00bb width=\u00a0\u00bb1\/1&Prime;]<div class=\"spacer\" style=\"height: 50px;\"><\/div>[vc_column_text]<\/p>\n<h1 style=\"text-align: center;\"><span style=\"color: #ffc529;\">Communaut\u00e9s d\u2019apprentissage professionnel<\/span><\/h1>\n<p>[\/vc_column_text]<div class=\"newdivider align-center\" style=\"border-bottom-style: solid; border-color: #1c86a4; border-bottom-width: 2px; margin-top: 30px; margin-bottom: 30px; width: 130px; \"><\/div><div class=\"clear\"><\/div>[vc_column_text]<\/p>\n<h2 style=\"text-align: center; font-size: 1.5rem;\">Les communaut\u00e9s d\u2019apprentissage professionnel rassemblent les personnes qui s\u2019int\u00e9ressent aux m\u00eames choses en \u00e9ducation internationale pour enrichir leur connaissance du secteur en \u00e9changeant des donn\u00e9es, en discutant de diff\u00e9rents enjeux et en informant les politiques et proc\u00e9dures du BCEI.<\/h2>\n<p>[\/vc_column_text]<div class=\"spacer\" style=\"height: 50px;\"><\/div><a href=\"https:\/\/community.cbie.ca\/fr\/login\/\" target=\"_blank\" class=\"button color-2 large plc-hub-link-btn\" style=\"border-radius: 2px;\">Connectez-vous au Hub du BCEI pour joindre un CAP<\/a>[\/vc_column][\/vc_row][vc_row type=\u00a0\u00bbfull_width_section\u00a0\u00bb bg_color=\u00a0\u00bb#ffffff\u00a0\u00bb][vc_column el_class=\u00a0\u00bbfull\u00a0\u00bb column_padding=\u00a0\u00bbpadding-3&Prime; column_center=\u00a0\u00bbtrue\u00a0\u00bb width=\u00a0\u00bb1\/2&Prime;][vc_column_text]<\/p>\n<h5>SACE (Student Advising\/Conseiller aux \u00e9tudiants)<\/h5>\n<p>Ce groupe s\u2019adresse aux conseillers aux \u00e9tudiants et autres personnes qui travaillent directement avec les \u00e9tudiants sur le campus pour proposer diff\u00e9rents services\u00a0: soutien avant l\u2019arriv\u00e9e et logement, services acad\u00e9miques, planification de carri\u00e8re et conseils en immigration; coordination d\u2019activit\u00e9s sociales et culturelles, etc.[\/vc_column_text]<div class=\"spacer\" style=\"height: 0px;\"><\/div><a href=\"mailto:%20AHajjar@cbie.ca&#038;subject=Demande%20d&#039;adh\u00e9sion%20\u00e0%20SACE\" target=\"_blank\" class=\"button color-2 medium hidden\" style=\"border-radius: 2px;\">Demande d&rsquo;adh\u00e9sion<\/a><div class=\"spacer\" style=\"height: 30px;\"><\/div><div class=\"newdivider align-left\" style=\"border-bottom-style: solid; border-color: #ffc72c; border-bottom-width: 2px; margin-top: 0px; margin-bottom: 30px; width: 130px; \"><\/div><div class=\"clear\"><\/div>[vc_column_text]<\/p>\n<h5>MOBILE (\u00e9tudes \u00e0 l\u2019\u00e9tranger)<\/h5>\n<p>La communaut\u00e9 \u00c9tudes \u00e0 l\u2019\u00e9tranger est propos\u00e9e de diff\u00e9rentes fa\u00e7ons. Ce groupe s\u2019adresse aux personnes qui travaillent en mobilit\u00e9 sortante.[\/vc_column_text]<div class=\"spacer\" style=\"height: 0px;\"><\/div><a href=\"mailto:%20AHajjar@cbie.ca&#038;subject=Demande%20d&#039;adh\u00e9sion%20\u00e0%20la%20communaut\u00e9%20MOBILE\" target=\"_blank\" class=\"button color-2 medium hidden\" style=\"border-radius: 2px;\">Demande d&rsquo;adh\u00e9sion<\/a><div class=\"spacer\" style=\"height: 30px;\"><\/div><div class=\"newdivider align-left\" style=\"border-bottom-style: solid; border-color: #ffc72c; border-bottom-width: 2px; margin-top: 0px; margin-bottom: 30px; width: 130px; \"><\/div><div class=\"clear\"><\/div>[vc_column_text]<\/p>\n<h5>RI (relations internationales)<\/h5>\n<p>Cette communaut\u00e9 cr\u00e9e un espace o\u00f9 les agents de relations internationales et d\u2019autres personnes qui se concentrent sur les projets et partenariats internationaux, peuvent se parler de leurs exp\u00e9riences, \u00e9changer et avoir acc\u00e8s \u00e0 de l\u2019information sur les pratiques d\u2019excellence, se faire des contacts dans la communaut\u00e9 g\u00e9n\u00e9rale des relations internationales et travailler ensemble pour se faire les porte-paroles de la collaboration internationale avec un int\u00e9r\u00eat particulier sur la collaboration internationale en recherche.[\/vc_column_text]<div class=\"spacer\" style=\"height: 30px;\"><\/div><a href=\"https:\/\/cbie.ca\/fr\/notre-reseau\/professional-learning-communities\/ir-plc\/\" target=\"_self\" class=\"button color-2 medium \" style=\"border-radius: 2px;\">En savoir plus sur le CAP-RI<\/a><div class=\"spacer\" style=\"height: 30px;\"><\/div>[\/vc_column][vc_column bg_image=\u00a0\u00bb39099&Prime; width=\u00a0\u00bb1\/2&Prime;]<div class=\"spacer\" style=\"height: 500px;\"><\/div>[\/vc_column][\/vc_row]<\/p>\n<\/div>","protected":false},"excerpt":{"rendered":"<p>[vc_row bg_color=\u00a0\u00bb#01426a\u00a0\u00bb text_color=\u00a0\u00bblight\u00a0\u00bb text_align=\u00a0\u00bbcenter\u00a0\u00bb][vc_column el_class=\u00a0\u00bbfull\u00a0\u00bb bg_color=\u00a0\u00bb#01416a\u00a0\u00bb column_padding=\u00a0\u00bbpadding-3&Prime; column_center=\u00a0\u00bbtrue\u00a0\u00bb text_color=\u00a0\u00bblight\u00a0\u00bb text_align=\u00a0\u00bbcenter\u00a0\u00bb width=\u00a0\u00bb1\/1&Prime;][vc_column_text] Communaut\u00e9s d\u2019apprentissage professionnel [\/vc_column_text][vc_column_text] Les communaut\u00e9s d\u2019apprentissage professionnel rassemblent les personnes qui s\u2019int\u00e9ressent aux m\u00eames choses en \u00e9ducation internationale [&hellip;]<\/p>\n","protected":false},"author":63,"featured_media":0,"parent":17119,"menu_order":0,"comment_status":"closed","ping_status":"closed","template":"","meta":{"_acf_changed":false,"footnotes":""},"class_list":["post-17230","page","type-page","status-publish","hentry"],"acf":[],"yoast_head":"<!-- This site is optimized with the Yoast SEO plugin v27.4 - https:\/\/yoast.com\/product\/yoast-seo-wordpress\/ -->\n<title>Communaut\u00e9s d\u2019apprentissage professionnel - CBIE<\/title>\n<meta name=\"robots\" content=\"index, follow, max-snippet:-1, max-image-preview:large, max-video-preview:-1\" \/>\n<link rel=\"canonical\" href=\"https:\/\/cbie.ca\/fr\/notre-reseau\/professional-learning-communities\/\" \/>\n<meta property=\"og:locale\" content=\"fr_FR\" \/>\n<meta property=\"og:type\" content=\"article\" \/>\n<meta property=\"og:title\" content=\"Communaut\u00e9s d\u2019apprentissage professionnel - CBIE\" \/>\n<meta property=\"og:description\" content=\"[vc_row bg_color=\u00a0\u00bb#01426a\u00a0\u00bb text_color=\u00a0\u00bblight\u00a0\u00bb text_align=\u00a0\u00bbcenter\u00a0\u00bb][vc_column el_class=\u00a0\u00bbfull\u00a0\u00bb bg_color=\u00a0\u00bb#01416a\u00a0\u00bb column_padding=\u00a0\u00bbpadding-3&Prime; column_center=\u00a0\u00bbtrue\u00a0\u00bb text_color=\u00a0\u00bblight\u00a0\u00bb text_align=\u00a0\u00bbcenter\u00a0\u00bb width=\u00a0\u00bb1\/1&Prime;][vc_column_text] Communaut\u00e9s d\u2019apprentissage professionnel [\/vc_column_text][vc_column_text] Les communaut\u00e9s d\u2019apprentissage professionnel rassemblent les personnes qui s\u2019int\u00e9ressent aux m\u00eames choses en \u00e9ducation internationale [&hellip;]\" \/>\n<meta property=\"og:url\" content=\"https:\/\/cbie.ca\/fr\/notre-reseau\/professional-learning-communities\/\" \/>\n<meta property=\"og:site_name\" content=\"CBIE\" \/>\n<meta property=\"article:modified_time\" content=\"2022-03-15T17:16:02+00:00\" \/>\n<meta property=\"og:image\" content=\"https:\/\/cbie.ca\/wp-content\/uploads\/2024\/01\/CBIE-Announcement-EN.png\" \/>\n\t<meta property=\"og:image:width\" content=\"1600\" \/>\n\t<meta property=\"og:image:height\" content=\"900\" \/>\n\t<meta property=\"og:image:type\" content=\"image\/png\" \/>\n<meta name=\"twitter:card\" content=\"summary_large_image\" \/>\n<meta name=\"twitter:label1\" content=\"Dur\u00e9e de lecture estim\u00e9e\" \/>\n\t<meta name=\"twitter:data1\" content=\"2 minutes\" \/>\n<script type=\"application\/ld+json\" class=\"yoast-schema-graph\">{\"@context\":\"https:\\\/\\\/schema.org\",\"@graph\":[{\"@type\":\"WebPage\",\"@id\":\"https:\\\/\\\/cbie.ca\\\/fr\\\/notre-reseau\\\/professional-learning-communities\\\/\",\"url\":\"https:\\\/\\\/cbie.ca\\\/fr\\\/notre-reseau\\\/professional-learning-communities\\\/\",\"name\":\"Communaut\u00e9s d\u2019apprentissage professionnel - CBIE\",\"isPartOf\":{\"@id\":\"https:\\\/\\\/cbie.ca\\\/#website\"},\"datePublished\":\"2016-04-12T23:48:22+00:00\",\"dateModified\":\"2022-03-15T17:16:02+00:00\",\"breadcrumb\":{\"@id\":\"https:\\\/\\\/cbie.ca\\\/fr\\\/notre-reseau\\\/professional-learning-communities\\\/#breadcrumb\"},\"inLanguage\":\"fr-FR\",\"potentialAction\":[{\"@type\":\"ReadAction\",\"target\":[\"https:\\\/\\\/cbie.ca\\\/fr\\\/notre-reseau\\\/professional-learning-communities\\\/\"]}]},{\"@type\":\"BreadcrumbList\",\"@id\":\"https:\\\/\\\/cbie.ca\\\/fr\\\/notre-reseau\\\/professional-learning-communities\\\/#breadcrumb\",\"itemListElement\":[{\"@type\":\"ListItem\",\"position\":1,\"name\":\"Home\",\"item\":\"https:\\\/\\\/cbie.ca\\\/fr\\\/\"},{\"@type\":\"ListItem\",\"position\":2,\"name\":\"Notre R\u00e9seau\",\"item\":\"https:\\\/\\\/cbie.ca\\\/fr\\\/notre-reseau\\\/\"},{\"@type\":\"ListItem\",\"position\":3,\"name\":\"Communaut\u00e9s d\u2019apprentissage professionnel\"}]},{\"@type\":\"WebSite\",\"@id\":\"https:\\\/\\\/cbie.ca\\\/#website\",\"url\":\"https:\\\/\\\/cbie.ca\\\/\",\"name\":\"Canadian Bureau for International Education\",\"description\":\"\",\"potentialAction\":[{\"@type\":\"SearchAction\",\"target\":{\"@type\":\"EntryPoint\",\"urlTemplate\":\"https:\\\/\\\/cbie.ca\\\/?s={search_term_string}\"},\"query-input\":{\"@type\":\"PropertyValueSpecification\",\"valueRequired\":true,\"valueName\":\"search_term_string\"}}],\"inLanguage\":\"fr-FR\"}]}<\/script>\n<!-- \/ Yoast SEO plugin. -->","yoast_head_json":{"title":"Communaut\u00e9s d\u2019apprentissage professionnel - CBIE","robots":{"index":"index","follow":"follow","max-snippet":"max-snippet:-1","max-image-preview":"max-image-preview:large","max-video-preview":"max-video-preview:-1"},"canonical":"https:\/\/cbie.ca\/fr\/notre-reseau\/professional-learning-communities\/","og_locale":"fr_FR","og_type":"article","og_title":"Communaut\u00e9s d\u2019apprentissage professionnel - CBIE","og_description":"[vc_row bg_color=\u00a0\u00bb#01426a\u00a0\u00bb text_color=\u00a0\u00bblight\u00a0\u00bb text_align=\u00a0\u00bbcenter\u00a0\u00bb][vc_column el_class=\u00a0\u00bbfull\u00a0\u00bb bg_color=\u00a0\u00bb#01416a\u00a0\u00bb column_padding=\u00a0\u00bbpadding-3&Prime; column_center=\u00a0\u00bbtrue\u00a0\u00bb text_color=\u00a0\u00bblight\u00a0\u00bb text_align=\u00a0\u00bbcenter\u00a0\u00bb width=\u00a0\u00bb1\/1&Prime;][vc_column_text] Communaut\u00e9s d\u2019apprentissage professionnel [\/vc_column_text][vc_column_text] Les communaut\u00e9s d\u2019apprentissage professionnel rassemblent les personnes qui s\u2019int\u00e9ressent aux m\u00eames choses en \u00e9ducation internationale [&hellip;]","og_url":"https:\/\/cbie.ca\/fr\/notre-reseau\/professional-learning-communities\/","og_site_name":"CBIE","article_modified_time":"2022-03-15T17:16:02+00:00","og_image":[{"width":1600,"height":900,"url":"https:\/\/cbie.ca\/wp-content\/uploads\/2024\/01\/CBIE-Announcement-EN.png","type":"image\/png"}],"twitter_card":"summary_large_image","twitter_misc":{"Dur\u00e9e de lecture estim\u00e9e":"2 minutes"},"schema":{"@context":"https:\/\/schema.org","@graph":[{"@type":"WebPage","@id":"https:\/\/cbie.ca\/fr\/notre-reseau\/professional-learning-communities\/","url":"https:\/\/cbie.ca\/fr\/notre-reseau\/professional-learning-communities\/","name":"Communaut\u00e9s d\u2019apprentissage professionnel - CBIE","isPartOf":{"@id":"https:\/\/cbie.ca\/#website"},"datePublished":"2016-04-12T23:48:22+00:00","dateModified":"2022-03-15T17:16:02+00:00","breadcrumb":{"@id":"https:\/\/cbie.ca\/fr\/notre-reseau\/professional-learning-communities\/#breadcrumb"},"inLanguage":"fr-FR","potentialAction":[{"@type":"ReadAction","target":["https:\/\/cbie.ca\/fr\/notre-reseau\/professional-learning-communities\/"]}]},{"@type":"BreadcrumbList","@id":"https:\/\/cbie.ca\/fr\/notre-reseau\/professional-learning-communities\/#breadcrumb","itemListElement":[{"@type":"ListItem","position":1,"name":"Home","item":"https:\/\/cbie.ca\/fr\/"},{"@type":"ListItem","position":2,"name":"Notre R\u00e9seau","item":"https:\/\/cbie.ca\/fr\/notre-reseau\/"},{"@type":"ListItem","position":3,"name":"Communaut\u00e9s d\u2019apprentissage professionnel"}]},{"@type":"WebSite","@id":"https:\/\/cbie.ca\/#website","url":"https:\/\/cbie.ca\/","name":"Canadian Bureau for International Education","description":"","potentialAction":[{"@type":"SearchAction","target":{"@type":"EntryPoint","urlTemplate":"https:\/\/cbie.ca\/?s={search_term_string}"},"query-input":{"@type":"PropertyValueSpecification","valueRequired":true,"valueName":"search_term_string"}}],"inLanguage":"fr-FR"}]}},"_links":{"self":[{"href":"https:\/\/cbie.ca\/fr\/wp-json\/wp\/v2\/pages\/17230","targetHints":{"allow":["GET"]}}],"collection":[{"href":"https:\/\/cbie.ca\/fr\/wp-json\/wp\/v2\/pages"}],"about":[{"href":"https:\/\/cbie.ca\/fr\/wp-json\/wp\/v2\/types\/page"}],"author":[{"embeddable":true,"href":"https:\/\/cbie.ca\/fr\/wp-json\/wp\/v2\/users\/63"}],"replies":[{"embeddable":true,"href":"https:\/\/cbie.ca\/fr\/wp-json\/wp\/v2\/comments?post=17230"}],"version-history":[{"count":0,"href":"https:\/\/cbie.ca\/fr\/wp-json\/wp\/v2\/pages\/17230\/revisions"}],"up":[{"embeddable":true,"href":"https:\/\/cbie.ca\/fr\/wp-json\/wp\/v2\/pages\/17119"}],"wp:attachment":[{"href":"https:\/\/cbie.ca\/fr\/wp-json\/wp\/v2\/media?parent=17230"}],"curies":[{"name":"wp","href":"https:\/\/api.w.org\/{rel}","templated":true}]}}