{"id":17131,"date":"2016-04-27T17:06:09","date_gmt":"2016-04-27T21:06:09","guid":{"rendered":"http:\/\/198.12.153.159\/~cbie\/?page_id=17131&#038;lang=fr"},"modified":"2026-03-31T12:53:03","modified_gmt":"2026-03-31T16:53:03","slug":"intl","status":"publish","type":"page","link":"https:\/\/cbie.ca\/fr\/notre-reseau\/intl\/","title":{"rendered":"R\u00e9seau international des leaders de demain"},"content":{"rendered":"<div class=\"wpb-content-wrapper\"><p>[vc_row bg_image=\u00a0\u00bb110732&Prime; parallax_bg=\u00a0\u00bbtrue\u00a0\u00bb bg_color=\u00a0\u00bb#01426a\u00a0\u00bb text_color=\u00a0\u00bblight\u00a0\u00bb text_align=\u00a0\u00bbcenter\u00a0\u00bb top_padding=\u00a0\u00bb40&Prime; bottom_padding=\u00a0\u00bb40&Prime; row_id=\u00a0\u00bbhero-banner\u00a0\u00bb][vc_column column_padding=\u00a0\u00bbcustom-padding\u00a0\u00bb column_custompadding=\u00a0\u00bb8% 0px\u00a0\u00bb text_color=\u00a0\u00bblight\u00a0\u00bb text_align=\u00a0\u00bbcenter\u00a0\u00bb width=\u00a0\u00bb1\/1&Prime;][vc_column_text]<\/p>\n<h1>R\u00e9seau international des leaders de demain<\/h1>\n<p>[\/vc_column_text]<div class=\"newdivider align-center\" style=\"border-bottom-style: solid; border-color: #1c86a4; border-bottom-width: 2px; margin-top: 30px; margin-bottom: 30px; width: 130px; \"><\/div><div class=\"clear\"><\/div>[vc_column_text]<\/p>\n<h5>Le R\u00e9seau a pour mission de procurer un espace o\u00f9 les nouveaux professionnels et leaders \u00e9mergents peuvent cultiver un r\u00e9seau professionnel et s\u2019impliquer dans la communaut\u00e9 de l\u2019\u00e9ducation internationale canadienne<\/h5>\n<p>[\/vc_column_text]<div class=\"spacer\" style=\"height: 50px;\"><\/div>[vc_btn title=\u00a0\u00bbCONNECTEZ-VOUS AU CARREFOUR COMMUNAUTAIRE POUR REJOINDRE LE RILD\u00a0\u00bb style=\u00a0\u00bboutline-custom\u00a0\u00bb outline_custom_color=\u00a0\u00bb#ffffff\u00a0\u00bb outline_custom_hover_background=\u00a0\u00bb#ffffff\u00a0\u00bb outline_custom_hover_text=\u00a0\u00bb#0099b2&Prime; shape=\u00a0\u00bbsquare\u00a0\u00bb css=\u00a0\u00bb\u00a0\u00bb link=\u00a0\u00bburl:https%3A%2F%2Fcommunity.cbie.ca%2Ffr%2Flogin%2F|title:Community%20hub|target:_blank\u00a0\u00bb el_class=\u00a0\u00bbhub-link-btn\u00a0\u00bb el_id=\u00a0\u00bbtxt-white\u00a0\u00bb][\/vc_column][\/vc_row][vc_row text_align=\u00a0\u00bbcenter\u00a0\u00bb][vc_column width=\u00a0\u00bb1\/1&Prime;]<div class=\"spacer\" style=\"height: 70px;\"><\/div>[vc_column_text]<\/p>\n<h3 style=\"text-align: center;\">\u00c0 propos<\/h3>\n<p><span style=\"font-weight: 400;\">Le R\u00e9seau international des leaders de demain (RILD) soutient le d\u00e9veloppement de nouveaux.elles professionnel.le.s et de leaders \u00e9mergent.e.s dans le secteur canadien de l&rsquo;\u00e9ducation internationale en offrant un lieu de discussion, de d\u00e9bat, de r\u00e9seautage et la possibilit\u00e9 d&rsquo;apprendre de leaders \u00e9tablis et exp\u00e9riment\u00e9s. Le RILD se concentre sur des sujets et un contenu visant \u00e0 d\u00e9velopper la prochaine g\u00e9n\u00e9ration de leaders de l&rsquo;\u00e9ducation internationale.<\/span>[\/vc_column_text]<div class=\"spacer\" style=\"height: 40px;\"><\/div><a href=\"https:\/\/cbie.ca\/fr\/notre-reseau\/intl\/rild-rapport-annuel-2025\/\" target=\"_self\" class=\"button color-3 small btn-blue white-words\" style=\"border-radius: 2px;\">Consulter le rapport annuel 2025 de la CAP-RILD<\/a><div class=\"spacer\" style=\"height: 40px;\"><\/div>[vc_row_inner][vc_column_inner width=\u00a0\u00bb1\/5&Prime;][\/vc_column_inner][vc_column_inner width=\u00a0\u00bb1\/5&Prime;][\/vc_column_inner][vc_column_inner width=\u00a0\u00bb1\/5&Prime;]<a href=\"https:\/\/cbie.ca\/fr\/notre-reseau\/intl\/rild-rapport-annuel-2024\/\" target=\"_self\" class=\"button color-3 large \" style=\"border-radius: 2px;\">2024<\/a>[\/vc_column_inner][vc_column_inner width=\u00a0\u00bb1\/5&Prime;][\/vc_column_inner][vc_column_inner width=\u00a0\u00bb1\/5&Prime;][\/vc_column_inner][\/vc_row_inner]<div class=\"spacer\" style=\"height: 70px;\"><\/div>[\/vc_column][\/vc_row][vc_row bg_color=\u00a0\u00bb#f2f2f2&Prime; text_align=\u00a0\u00bbcenter\u00a0\u00bb top_padding=\u00a0\u00bb40&Prime;][vc_column column_padding=\u00a0\u00bbpadding-3&Prime; width=\u00a0\u00bb1\/1&Prime;][vc_column_text]<\/p>\n<h3 id=\"corner\" style=\"text-align: center;\">Le coin des nouveaux.elles professionnel.le.s<\/h3>\n<p>[\/vc_column_text]<div class=\"newdivider align-center\" style=\"border-bottom-style: solid; border-color: #ffc72c; border-bottom-width: 2px; margin-top: 30px; margin-bottom: 30px; width: 130px; \"><\/div><div class=\"clear\"><\/div>[vc_row_inner][vc_column_inner][vc_column_text]Acc\u00e9dez \u00e0 des ressources cl\u00e9s pour rester \u00e0 jour sur les nouvelles, \u00e9v\u00e9nements et recherches en \u00e9ducation internationale, tout en enrichissant votre expertise gr\u00e2ce \u00e0 la terminologie et aux acronymes essentiels du secteur.[\/vc_column_text][\/vc_column_inner][\/vc_row_inner][vc_row_inner][vc_column_inner width=\u00a0\u00bb1\/6&Prime;][\/vc_column_inner][vc_column_inner width=\u00a0\u00bb2\/3&Prime;]<div class=\"spacer\" style=\"height: 20px;\"><\/div><a href=\"https:\/\/cbie.ca\/fr\/new-professionals-corner\/\" target=\"_blank\" class=\"button color-2 medium \" style=\"border-radius: 2px;\">En savoir plus<\/a>[\/vc_column_inner][vc_column_inner width=\u00a0\u00bb1\/6&Prime;][\/vc_column_inner][\/vc_row_inner][vc_row_inner el_class=\u00a0\u00bbhidden\u00a0\u00bb][vc_column_inner el_class=\u00a0\u00bbintl-social-icon-section\u00a0\u00bb]<div class=\"spacer\" style=\"height: 20px;\"><\/div>[vc_icon icon_fontawesome=\u00a0\u00bbfab fa-twitter\u00a0\u00bb color=\u00a0\u00bbcustom\u00a0\u00bb background_style=\u00a0\u00bbrounded\u00a0\u00bb background_color=\u00a0\u00bbcustom\u00a0\u00bb css=\u00a0\u00bb.vc_custom_1670344713226{padding-top: 10px !important;padding-right: 10px !important;padding-bottom: 10px !important;padding-left: 10px !important;}\u00a0\u00bb custom_background_color=\u00a0\u00bb#d8d8d8&Prime; custom_color=\u00a0\u00bb#f2f2f2&Prime; link=\u00a0\u00bburl:https%3A%2F%2Ftwitter.com%2Fcbie_intl|target:_blank\u00a0\u00bb][vc_icon icon_fontawesome=\u00a0\u00bbfab fa-linkedin-in\u00a0\u00bb color=\u00a0\u00bbcustom\u00a0\u00bb background_style=\u00a0\u00bbrounded\u00a0\u00bb background_color=\u00a0\u00bbcustom\u00a0\u00bb css=\u00a0\u00bb.vc_custom_1670358327062{padding-top: 10px !important;padding-right: 10px !important;padding-bottom: 10px !important;padding-left: 10px !important;}\u00a0\u00bb custom_background_color=\u00a0\u00bb#d8d8d8&Prime; custom_color=\u00a0\u00bb#f2f2f2&Prime; link=\u00a0\u00bburl:https%3A%2F%2Fwww.linkedin.com%2Fgroups%2F8108404%2F|target:_blank\u00a0\u00bb][\/vc_column_inner][\/vc_row_inner][\/vc_column][\/vc_row][vc_row bg_color=\u00a0\u00bb#ffffff\u00a0\u00bb top_padding=\u00a0\u00bb70&Prime;][vc_column width=\u00a0\u00bb1\/1&Prime;][vc_column_text]<\/p>\n<h3 style=\"text-align: center;\">Leadership du RILD<\/h3>\n<p>[\/vc_column_text]<div class=\"newdivider align-center\" style=\"border-bottom-style: solid; border-color: #ffc72c; border-bottom-width: 2px; margin-top: 30px; margin-bottom: 30px; width: 150px; \"><\/div><div class=\"clear\"><\/div>[\/vc_column][\/vc_row][vc_row bottom_padding=\u00a0\u00bb40&Prime;][vc_column width=\u00a0\u00bb1\/2&Prime;][vc_row_inner el_class=\u00a0\u00bbsteermem\u00a0\u00bb][vc_column_inner width=\u00a0\u00bb1\/4&Prime;][vc_single_image image=\u00a0\u00bb116492&Prime; img_size=\u00a0\u00bb\u00a0\u00bb alignment=\u00a0\u00bbcenter\u00a0\u00bb style=\u00a0\u00bbvc_box_shadow\u00a0\u00bb css_animation=\u00a0\u00bbnone\u00a0\u00bb css=\u00a0\u00bb\u00a0\u00bb][\/vc_column_inner][vc_column_inner width=\u00a0\u00bb3\/4&Prime;][vc_column_text]<\/p>\n<h4 style=\"font-size: 110%;\"><strong>Mahima Ohri<\/strong><br \/>\n<span style=\"font-size: 70%;\">Coordinatrice du recrutement international et de l&rsquo;inscription<br \/>\nRed Deer Polytechnic<br \/>\nPr\u00e9sidente<\/span><\/h4>\n<p>[\/vc_column_text][\/vc_column_inner][\/vc_row_inner][\/vc_column][vc_column width=\u00a0\u00bb1\/2&Prime;][vc_row_inner el_class=\u00a0\u00bbsteermem\u00a0\u00bb][vc_column_inner width=\u00a0\u00bb1\/4&Prime;][vc_single_image image=\u00a0\u00bb116478&Prime; img_size=\u00a0\u00bb\u00a0\u00bb alignment=\u00a0\u00bbcenter\u00a0\u00bb style=\u00a0\u00bbvc_box_shadow\u00a0\u00bb css_animation=\u00a0\u00bbnone\u00a0\u00bb css=\u00a0\u00bb\u00a0\u00bb][\/vc_column_inner][vc_column_inner width=\u00a0\u00bb3\/4&Prime;][vc_column_text]<\/p>\n<h4 style=\"font-size: 110%;\"><strong>Ayesha Amin<\/strong><br \/>\n<span style=\"font-size: 70%;\">Apprentissage et engagement au niveau mondial<br \/>\nUniversity of Toronto<\/span><\/h4>\n<p>[\/vc_column_text][\/vc_column_inner][\/vc_row_inner][\/vc_column][\/vc_row][vc_row bottom_padding=\u00a0\u00bb40&Prime;][vc_column width=\u00a0\u00bb1\/2&Prime;][vc_row_inner el_class=\u00a0\u00bbsteermem\u00a0\u00bb][vc_column_inner width=\u00a0\u00bb1\/4&Prime;][vc_single_image image=\u00a0\u00bb119990&Prime; img_size=\u00a0\u00bb\u00a0\u00bb alignment=\u00a0\u00bbcenter\u00a0\u00bb style=\u00a0\u00bbvc_box_shadow\u00a0\u00bb css_animation=\u00a0\u00bbnone\u00a0\u00bb css=\u00a0\u00bb\u00a0\u00bb][\/vc_column_inner][vc_column_inner width=\u00a0\u00bb3\/4&Prime;][vc_column_text]<\/p>\n<h4 style=\"font-size: 110%;\"><strong>Andrea MacRae<\/strong><br \/>\n<span style=\"font-size: 70%;\">Conseill\u00e8re aux \u00e9tudiants internationaux<br \/>\nSouthern Alberta Institute of Technology<\/span><\/h4>\n<p>[\/vc_column_text][\/vc_column_inner][\/vc_row_inner][\/vc_column][vc_column width=\u00a0\u00bb1\/2&Prime;][vc_row_inner el_class=\u00a0\u00bbsteermem\u00a0\u00bb][vc_column_inner width=\u00a0\u00bb1\/4&Prime;][vc_single_image image=\u00a0\u00bb116482&Prime; img_size=\u00a0\u00bb\u00a0\u00bb alignment=\u00a0\u00bbcenter\u00a0\u00bb style=\u00a0\u00bbvc_box_shadow\u00a0\u00bb css_animation=\u00a0\u00bbnone\u00a0\u00bb css=\u00a0\u00bb\u00a0\u00bb][\/vc_column_inner][vc_column_inner width=\u00a0\u00bb3\/4&Prime;][vc_column_text]<\/p>\n<h4 style=\"font-size: 110%;\"><strong>Carla Simon<\/strong><br \/>\n<span style=\"font-size: 70%;\">Chef d&rsquo;\u00e9quipe aux admissions et au recrutement<br \/>\nUniversit\u00e9 de Montr\u00e9al<\/span><\/h4>\n<p>[\/vc_column_text][\/vc_column_inner][\/vc_row_inner][\/vc_column][\/vc_row][vc_row bottom_padding=\u00a0\u00bb40&Prime;][vc_column width=\u00a0\u00bb1\/2&Prime;][vc_row_inner el_class=\u00a0\u00bbsteermem\u00a0\u00bb][vc_column_inner width=\u00a0\u00bb1\/4&Prime;][vc_single_image image=\u00a0\u00bb116476&Prime; img_size=\u00a0\u00bb\u00a0\u00bb alignment=\u00a0\u00bbcenter\u00a0\u00bb style=\u00a0\u00bbvc_box_shadow\u00a0\u00bb css_animation=\u00a0\u00bbnone\u00a0\u00bb css=\u00a0\u00bb\u00a0\u00bb][\/vc_column_inner][vc_column_inner width=\u00a0\u00bb3\/4&Prime;][vc_column_text]<\/p>\n<h4 style=\"font-size: 110%;\"><strong>Andrea Santos<\/strong><br \/>\n<span style=\"font-size: 70%;\">Conseill\u00e8re en apprentissage global<br \/>\nUniversity of Calgary<\/span><\/h4>\n<p>[\/vc_column_text][\/vc_column_inner][\/vc_row_inner][\/vc_column][vc_column width=\u00a0\u00bb1\/2&Prime;][vc_row_inner el_class=\u00a0\u00bbsteermem\u00a0\u00bb][vc_column_inner width=\u00a0\u00bb1\/4&Prime;][vc_single_image image=\u00a0\u00bb120729&Prime; img_size=\u00a0\u00bb\u00a0\u00bb alignment=\u00a0\u00bbcenter\u00a0\u00bb style=\u00a0\u00bbvc_box_shadow\u00a0\u00bb css_animation=\u00a0\u00bbnone\u00a0\u00bb css=\u00a0\u00bb\u00a0\u00bb][\/vc_column_inner][vc_column_inner width=\u00a0\u00bb3\/4&Prime;][vc_column_text]<\/p>\n<h4 style=\"font-size: 110%;\"><strong>Cecilia Rose<\/strong><br \/>\n<span style=\"font-size: 70%;\">Conseill\u00e8re de la communaut\u00e9 internationale<br \/>\nUniversity of Victoria<\/span><\/h4>\n<p>[\/vc_column_text][\/vc_column_inner][\/vc_row_inner][\/vc_column][\/vc_row][vc_row bottom_padding=\u00a0\u00bb70&Prime;][vc_column width=\u00a0\u00bb1\/2&Prime;][\/vc_column][vc_column width=\u00a0\u00bb1\/2&Prime;][\/vc_column][\/vc_row][vc_row type=\u00a0\u00bbfull_width_section\u00a0\u00bb bg_color=\u00a0\u00bb#f2f2f2&Prime;][vc_column el_class=\u00a0\u00bbgo-right\u00a0\u00bb bg_image=\u00a0\u00bb76636&Prime; width=\u00a0\u00bb1\/2&Prime;]<div class=\"spacer\" style=\"height: 500px;\"><\/div>[\/vc_column][vc_column column_padding=\u00a0\u00bbpadding-3&Prime; column_center=\u00a0\u00bbtrue\u00a0\u00bb text_align=\u00a0\u00bbcenter\u00a0\u00bb width=\u00a0\u00bb1\/2&Prime;][vc_column_text]<\/p>\n<h3 style=\"text-align: center;\">Mentorat<\/h3>\n<p>[\/vc_column_text]<div class=\"newdivider align-center\" style=\"border-bottom-style: solid; border-color: #ffc72c; border-bottom-width: 2px; margin-top: 30px; margin-bottom: 30px; width: 130px; \"><\/div><div class=\"clear\"><\/div>[vc_column_text]<\/p>\n<p style=\"text-align: center;\">Le mentorat est le programme phare du RILD. L&rsquo;objectif du programme consiste au jumelage entre des leaders \u00e9mergent.e.s et exp\u00e9riment\u00e9.e.s d&rsquo;un oc\u00e9an \u00e0 l&rsquo;autre. Les mentors et les prot\u00e9g\u00e9s discutent r\u00e9guli\u00e8rement sur une p\u00e9riode de 8 mois et re\u00e7oivent le soutien et les conseils de l&rsquo;\u00e9quipe de mentorat du RILD. Mentors et prot\u00e9g\u00e9s conviennent que le programme est gratifiant et agr\u00e9able.<\/p>\n<p>[\/vc_column_text]<div class=\"spacer\" style=\"height: 30px;\"><\/div><a href=\"https:\/\/cbie.ca\/fr\/notre-reseau\/intl\/mentorship-program\/\" target=\"_self\" class=\"button yellow medium \" style=\"border-radius: 2px;\">En savoir plus<\/a>[\/vc_column][\/vc_row][vc_row type=\u00a0\u00bbfull_width_section\u00a0\u00bb bg_color=\u00a0\u00bb#f2f2f2&Prime;][vc_column bg_image=\u00a0\u00bb76689&Prime; width=\u00a0\u00bb1\/2&Prime;]<div class=\"spacer\" style=\"height: 500px;\"><\/div>[\/vc_column][vc_column el_class=\u00a0\u00bbfull\u00a0\u00bb column_padding=\u00a0\u00bbpadding-3&Prime; column_center=\u00a0\u00bbtrue\u00a0\u00bb text_align=\u00a0\u00bbcenter\u00a0\u00bb width=\u00a0\u00bb1\/2&Prime;][vc_column_text]<\/p>\n<h3 style=\"text-align: center;\">Bourse du congr\u00e8s du BCEI<\/h3>\n<p>[\/vc_column_text]<div class=\"newdivider align-center\" style=\"border-bottom-style: solid; border-color: #ffc72c; border-bottom-width: 2px; margin-top: 30px; margin-bottom: 30px; width: 130px; \"><\/div><div class=\"clear\"><\/div>[vc_column_text]<\/p>\n<p style=\"text-align: center;\">Le r\u00e9seau international des leaders de demain est heureux d\u2019offrir des bourses d\u2019\u00e9tudes au congr\u00e8s du BCEI. Ces bourses couvrent 100% du total des inscriptions \u00e0 la conf\u00e9rence et sont attribu\u00e9es aux nouveaux leaders et aux leaders \u00e9mergents dans le domaine de l&rsquo;\u00e9ducation internationale.<\/p>\n<p>[\/vc_column_text]<div class=\"spacer\" style=\"height: 30px;\"><\/div><a href=\"https:\/\/cbie.ca\/fr\/notre-reseau\/intl\/bourse\/\" target=\"_self\" class=\"button yellow medium \" style=\"border-radius: 2px;\">En savoir plus<\/a>[\/vc_column][\/vc_row]<\/p>\n<\/div>","protected":false},"excerpt":{"rendered":"<p>[vc_row bg_image=\u00a0\u00bb110732&Prime; parallax_bg=\u00a0\u00bbtrue\u00a0\u00bb bg_color=\u00a0\u00bb#01426a\u00a0\u00bb text_color=\u00a0\u00bblight\u00a0\u00bb text_align=\u00a0\u00bbcenter\u00a0\u00bb top_padding=\u00a0\u00bb40&Prime; bottom_padding=\u00a0\u00bb40&Prime; row_id=\u00a0\u00bbhero-banner\u00a0\u00bb][vc_column column_padding=\u00a0\u00bbcustom-padding\u00a0\u00bb column_custompadding=\u00a0\u00bb8% 0px\u00a0\u00bb text_color=\u00a0\u00bblight\u00a0\u00bb text_align=\u00a0\u00bbcenter\u00a0\u00bb width=\u00a0\u00bb1\/1&Prime;][vc_column_text] R\u00e9seau international des leaders de demain [\/vc_column_text][vc_column_text] Le R\u00e9seau a pour mission de procurer un [&hellip;]<\/p>\n","protected":false},"author":63,"featured_media":0,"parent":17119,"menu_order":0,"comment_status":"closed","ping_status":"closed","template":"","meta":{"_acf_changed":false,"footnotes":""},"class_list":["post-17131","page","type-page","status-publish","hentry"],"acf":[],"yoast_head":"<!-- This site is optimized with the Yoast SEO plugin v26.8 - https:\/\/yoast.com\/product\/yoast-seo-wordpress\/ -->\n<title>R\u00e9seau international des leaders de demain - CBIE<\/title>\n<meta name=\"robots\" content=\"index, follow, max-snippet:-1, max-image-preview:large, max-video-preview:-1\" \/>\n<link rel=\"canonical\" href=\"https:\/\/cbie.ca\/fr\/notre-reseau\/intl\/\" \/>\n<meta property=\"og:locale\" content=\"fr_FR\" \/>\n<meta property=\"og:type\" content=\"article\" \/>\n<meta property=\"og:title\" content=\"R\u00e9seau international des leaders de demain - CBIE\" \/>\n<meta property=\"og:description\" content=\"[vc_row bg_image=\u00a0\u00bb110732&Prime; parallax_bg=\u00a0\u00bbtrue\u00a0\u00bb bg_color=\u00a0\u00bb#01426a\u00a0\u00bb text_color=\u00a0\u00bblight\u00a0\u00bb text_align=\u00a0\u00bbcenter\u00a0\u00bb top_padding=\u00a0\u00bb40&Prime; bottom_padding=\u00a0\u00bb40&Prime; row_id=\u00a0\u00bbhero-banner\u00a0\u00bb][vc_column column_padding=\u00a0\u00bbcustom-padding\u00a0\u00bb column_custompadding=\u00a0\u00bb8% 0px\u00a0\u00bb text_color=\u00a0\u00bblight\u00a0\u00bb text_align=\u00a0\u00bbcenter\u00a0\u00bb width=\u00a0\u00bb1\/1&Prime;][vc_column_text] R\u00e9seau international des leaders de demain [\/vc_column_text][vc_column_text] Le R\u00e9seau a pour mission de procurer un [&hellip;]\" \/>\n<meta property=\"og:url\" content=\"https:\/\/cbie.ca\/fr\/notre-reseau\/intl\/\" \/>\n<meta property=\"og:site_name\" content=\"CBIE\" \/>\n<meta property=\"article:modified_time\" content=\"2026-03-31T16:53:03+00:00\" \/>\n<meta property=\"og:image\" content=\"https:\/\/cbie.ca\/wp-content\/uploads\/2024\/01\/CBIE-Announcement-EN.png\" \/>\n\t<meta property=\"og:image:width\" content=\"1600\" \/>\n\t<meta property=\"og:image:height\" content=\"900\" \/>\n\t<meta property=\"og:image:type\" content=\"image\/png\" \/>\n<meta name=\"twitter:card\" content=\"summary_large_image\" \/>\n<meta name=\"twitter:label1\" content=\"Dur\u00e9e de lecture estim\u00e9e\" \/>\n\t<meta name=\"twitter:data1\" content=\"5 minutes\" \/>\n<script type=\"application\/ld+json\" class=\"yoast-schema-graph\">{\"@context\":\"https:\/\/schema.org\",\"@graph\":[{\"@type\":\"WebPage\",\"@id\":\"https:\/\/cbie.ca\/fr\/notre-reseau\/intl\/\",\"url\":\"https:\/\/cbie.ca\/fr\/notre-reseau\/intl\/\",\"name\":\"R\u00e9seau international des leaders de demain - CBIE\",\"isPartOf\":{\"@id\":\"https:\/\/cbie.ca\/#website\"},\"datePublished\":\"2016-04-27T21:06:09+00:00\",\"dateModified\":\"2026-03-31T16:53:03+00:00\",\"breadcrumb\":{\"@id\":\"https:\/\/cbie.ca\/fr\/notre-reseau\/intl\/#breadcrumb\"},\"inLanguage\":\"fr-FR\",\"potentialAction\":[{\"@type\":\"ReadAction\",\"target\":[\"https:\/\/cbie.ca\/fr\/notre-reseau\/intl\/\"]}]},{\"@type\":\"BreadcrumbList\",\"@id\":\"https:\/\/cbie.ca\/fr\/notre-reseau\/intl\/#breadcrumb\",\"itemListElement\":[{\"@type\":\"ListItem\",\"position\":1,\"name\":\"Home\",\"item\":\"https:\/\/cbie.ca\/fr\/\"},{\"@type\":\"ListItem\",\"position\":2,\"name\":\"Notre R\u00e9seau\",\"item\":\"https:\/\/cbie.ca\/fr\/notre-reseau\/\"},{\"@type\":\"ListItem\",\"position\":3,\"name\":\"R\u00e9seau international des leaders de demain\"}]},{\"@type\":\"WebSite\",\"@id\":\"https:\/\/cbie.ca\/#website\",\"url\":\"https:\/\/cbie.ca\/\",\"name\":\"Canadian Bureau for International Education\",\"description\":\"\",\"potentialAction\":[{\"@type\":\"SearchAction\",\"target\":{\"@type\":\"EntryPoint\",\"urlTemplate\":\"https:\/\/cbie.ca\/?s={search_term_string}\"},\"query-input\":{\"@type\":\"PropertyValueSpecification\",\"valueRequired\":true,\"valueName\":\"search_term_string\"}}],\"inLanguage\":\"fr-FR\"}]}<\/script>\n<!-- \/ Yoast SEO plugin. -->","yoast_head_json":{"title":"R\u00e9seau international des leaders de demain - CBIE","robots":{"index":"index","follow":"follow","max-snippet":"max-snippet:-1","max-image-preview":"max-image-preview:large","max-video-preview":"max-video-preview:-1"},"canonical":"https:\/\/cbie.ca\/fr\/notre-reseau\/intl\/","og_locale":"fr_FR","og_type":"article","og_title":"R\u00e9seau international des leaders de demain - CBIE","og_description":"[vc_row bg_image=\u00a0\u00bb110732&Prime; parallax_bg=\u00a0\u00bbtrue\u00a0\u00bb bg_color=\u00a0\u00bb#01426a\u00a0\u00bb text_color=\u00a0\u00bblight\u00a0\u00bb text_align=\u00a0\u00bbcenter\u00a0\u00bb top_padding=\u00a0\u00bb40&Prime; bottom_padding=\u00a0\u00bb40&Prime; row_id=\u00a0\u00bbhero-banner\u00a0\u00bb][vc_column column_padding=\u00a0\u00bbcustom-padding\u00a0\u00bb column_custompadding=\u00a0\u00bb8% 0px\u00a0\u00bb text_color=\u00a0\u00bblight\u00a0\u00bb text_align=\u00a0\u00bbcenter\u00a0\u00bb width=\u00a0\u00bb1\/1&Prime;][vc_column_text] R\u00e9seau international des leaders de demain [\/vc_column_text][vc_column_text] Le R\u00e9seau a pour mission de procurer un [&hellip;]","og_url":"https:\/\/cbie.ca\/fr\/notre-reseau\/intl\/","og_site_name":"CBIE","article_modified_time":"2026-03-31T16:53:03+00:00","og_image":[{"width":1600,"height":900,"url":"https:\/\/cbie.ca\/wp-content\/uploads\/2024\/01\/CBIE-Announcement-EN.png","type":"image\/png"}],"twitter_card":"summary_large_image","twitter_misc":{"Dur\u00e9e de lecture estim\u00e9e":"5 minutes"},"schema":{"@context":"https:\/\/schema.org","@graph":[{"@type":"WebPage","@id":"https:\/\/cbie.ca\/fr\/notre-reseau\/intl\/","url":"https:\/\/cbie.ca\/fr\/notre-reseau\/intl\/","name":"R\u00e9seau international des leaders de demain - CBIE","isPartOf":{"@id":"https:\/\/cbie.ca\/#website"},"datePublished":"2016-04-27T21:06:09+00:00","dateModified":"2026-03-31T16:53:03+00:00","breadcrumb":{"@id":"https:\/\/cbie.ca\/fr\/notre-reseau\/intl\/#breadcrumb"},"inLanguage":"fr-FR","potentialAction":[{"@type":"ReadAction","target":["https:\/\/cbie.ca\/fr\/notre-reseau\/intl\/"]}]},{"@type":"BreadcrumbList","@id":"https:\/\/cbie.ca\/fr\/notre-reseau\/intl\/#breadcrumb","itemListElement":[{"@type":"ListItem","position":1,"name":"Home","item":"https:\/\/cbie.ca\/fr\/"},{"@type":"ListItem","position":2,"name":"Notre R\u00e9seau","item":"https:\/\/cbie.ca\/fr\/notre-reseau\/"},{"@type":"ListItem","position":3,"name":"R\u00e9seau international des leaders de demain"}]},{"@type":"WebSite","@id":"https:\/\/cbie.ca\/#website","url":"https:\/\/cbie.ca\/","name":"Canadian Bureau for International Education","description":"","potentialAction":[{"@type":"SearchAction","target":{"@type":"EntryPoint","urlTemplate":"https:\/\/cbie.ca\/?s={search_term_string}"},"query-input":{"@type":"PropertyValueSpecification","valueRequired":true,"valueName":"search_term_string"}}],"inLanguage":"fr-FR"}]}},"_links":{"self":[{"href":"https:\/\/cbie.ca\/fr\/wp-json\/wp\/v2\/pages\/17131","targetHints":{"allow":["GET"]}}],"collection":[{"href":"https:\/\/cbie.ca\/fr\/wp-json\/wp\/v2\/pages"}],"about":[{"href":"https:\/\/cbie.ca\/fr\/wp-json\/wp\/v2\/types\/page"}],"author":[{"embeddable":true,"href":"https:\/\/cbie.ca\/fr\/wp-json\/wp\/v2\/users\/63"}],"replies":[{"embeddable":true,"href":"https:\/\/cbie.ca\/fr\/wp-json\/wp\/v2\/comments?post=17131"}],"version-history":[{"count":10,"href":"https:\/\/cbie.ca\/fr\/wp-json\/wp\/v2\/pages\/17131\/revisions"}],"predecessor-version":[{"id":120736,"href":"https:\/\/cbie.ca\/fr\/wp-json\/wp\/v2\/pages\/17131\/revisions\/120736"}],"up":[{"embeddable":true,"href":"https:\/\/cbie.ca\/fr\/wp-json\/wp\/v2\/pages\/17119"}],"wp:attachment":[{"href":"https:\/\/cbie.ca\/fr\/wp-json\/wp\/v2\/media?parent=17131"}],"curies":[{"name":"wp","href":"https:\/\/api.w.org\/{rel}","templated":true}]}}