{"id":17122,"date":"2016-04-12T19:44:08","date_gmt":"2016-04-12T23:44:08","guid":{"rendered":"http:\/\/198.12.153.159\/~cbie\/?page_id=17122&#038;lang=fr"},"modified":"2026-02-26T12:06:58","modified_gmt":"2026-02-26T17:06:58","slug":"programmes-actuels","status":"publish","type":"page","link":"https:\/\/cbie.ca\/fr\/notre-travail\/programmes-actuels\/","title":{"rendered":"Programmes actuels"},"content":{"rendered":"<div class=\"wpb-content-wrapper\"><p>[vc_row type=\u00a0\u00bbfull_width_section\u00a0\u00bb text_color=\u00a0\u00bblight\u00a0\u00bb text_align=\u00a0\u00bbcenter\u00a0\u00bb][vc_column el_class=\u00a0\u00bbfull\u00a0\u00bb bg_color=\u00a0\u00bb#01416a\u00a0\u00bb column_padding=\u00a0\u00bbpadding-3&Prime; column_center=\u00a0\u00bbtrue\u00a0\u00bb text_color=\u00a0\u00bblight\u00a0\u00bb text_align=\u00a0\u00bbcenter\u00a0\u00bb width=\u00a0\u00bb1\/1&Prime;]<div class=\"spacer\" style=\"height: 50px;\"><\/div>[vc_column_text]<\/p>\n<h1 style=\"text-align: center;\"><span style=\"color: #ffc529;\">Programmes actuels<\/span><\/h1>\n<p>[\/vc_column_text]<div class=\"newdivider align-center\" style=\"border-bottom-style: solid; border-color: #1c86a4; border-bottom-width: 2px; margin-top: 30px; margin-bottom: 30px; width: 130px; \"><\/div><div class=\"clear\"><\/div>[vc_column_text]<\/p>\n<h2 style=\"text-align: center; font-size: 1.5rem;\">Le BCEI g\u00e8re actuellement les bourses, programmes et projets internationaux suivants.<\/h2>\n<p>[\/vc_column_text]<div class=\"spacer\" style=\"height: 50px;\"><\/div>[\/vc_column][\/vc_row][vc_row type=\u00a0\u00bbfull_width_section\u00a0\u00bb bg_color=\u00a0\u00bb#00263e\u00a0\u00bb text_color=\u00a0\u00bblight\u00a0\u00bb text_align=\u00a0\u00bbcenter\u00a0\u00bb][vc_column column_padding=\u00a0\u00bbpadding-3&Prime; column_center=\u00a0\u00bbtrue\u00a0\u00bb text_align=\u00a0\u00bbcenter\u00a0\u00bb width=\u00a0\u00bb1\/2&Prime;][vc_column_text]<\/p>\n<h3>Programme de bourses internationales d\u2019Affaires mondiales Canada<\/h3>\n<p>[\/vc_column_text]<div class=\"newdivider align-center\" style=\"border-bottom-style: solid; border-color: #0099b2; border-bottom-width: 2px; margin-top: 30px; margin-bottom: 30px; width: 130px; \"><\/div><div class=\"clear\"><\/div>[vc_column_text]Le programme de bourses d&rsquo;\u00e9tudes internationales d&rsquo;Affaires mondiales Canada offre des bourses aux \u00e9tudiants et chercheurs internationaux pour \u00e9tudier au Canada et aux \u00e9tudiants, chercheurs et professionnels canadiens pour \u00e9tudier \u00e0 l&rsquo;\u00e9tranger.[\/vc_column_text]<div class=\"spacer\" style=\"height: 25px;\"><\/div><a href=\"https:\/\/cbie.ca\/fr\/notre-travail\/programmes-actuels\/pbi-amc\/\" target=\"_self\" class=\"button color-7 medium \" style=\"border-radius: ;\">En savoir plus<\/a>[\/vc_column][vc_column bg_image=\u00a0\u00bb67764&Prime; column_center=\u00a0\u00bbtrue\u00a0\u00bb text_color=\u00a0\u00bblight\u00a0\u00bb text_align=\u00a0\u00bbcenter\u00a0\u00bb width=\u00a0\u00bb1\/2&Prime;]<div class=\"spacer\" style=\"height: 500px;\"><\/div>[\/vc_column][\/vc_row][vc_row type=\u00a0\u00bbfull_width_section\u00a0\u00bb bg_color=\u00a0\u00bb#01426a\u00a0\u00bb text_color=\u00a0\u00bblight\u00a0\u00bb][vc_column bg_image=\u00a0\u00bb30730&Prime; column_center=\u00a0\u00bbtrue\u00a0\u00bb width=\u00a0\u00bb1\/2&Prime;]<div class=\"spacer\" style=\"height: 500px;\"><\/div>[\/vc_column][vc_column column_padding=\u00a0\u00bbpadding-3&Prime; column_center=\u00a0\u00bbtrue\u00a0\u00bb text_color=\u00a0\u00bblight\u00a0\u00bb text_align=\u00a0\u00bbcenter\u00a0\u00bb width=\u00a0\u00bb1\/2&Prime;][vc_column_text]<\/p>\n<h3>Programme de bourses de l\u2019AIEA<\/h3>\n<p>[\/vc_column_text]<div class=\"newdivider align-center\" style=\"border-bottom-style: solid; border-color: #0099b2; border-bottom-width: 2px; margin-top: 30px; margin-bottom: 30px; width: 130px; \"><\/div><div class=\"clear\"><\/div>[vc_column_text]<\/p>\n<div class=\"wpb_text_column wpb_content_element \">\n<div class=\"wpb_wrapper\">\n<p>Le BCEI administre le programme de visite scientifique et de boursiers de l\u2019Agence internationale d\u2019\u00e9nergie atomique (AIEA) \u2013 une agence des Nations Unies. Depuis 1987, ce programme a accueilli plus de 1\u00a0000 boursiers au Canada de pays en voie de d\u00e9veloppement pour faire des \u00e9tudes ou se former dans des domaines pertinents aux priorit\u00e9s de d\u00e9veloppement dans leur pays d\u2019origine.<\/p>\n<\/div>\n<\/div>\n<p>[\/vc_column_text]<div class=\"spacer\" style=\"height: 25px;\"><\/div><a href=\"\/notre-travail\/programmes-actuels\/programme-de-bourses-de-laiea\/?lang=fr\" target=\"_self\" class=\"button color-7 medium \" style=\"border-radius: ;\">En savoir plus<\/a>[\/vc_column][\/vc_row][vc_row type=\u00a0\u00bbfull_width_section\u00a0\u00bb bg_color=\u00a0\u00bb#00263e\u00a0\u00bb text_color=\u00a0\u00bblight\u00a0\u00bb class=\u00a0\u00bbhidden\u00a0\u00bb][vc_column column_padding=\u00a0\u00bbpadding-3&Prime; column_center=\u00a0\u00bbtrue\u00a0\u00bb text_color=\u00a0\u00bblight\u00a0\u00bb text_align=\u00a0\u00bbcenter\u00a0\u00bb width=\u00a0\u00bb1\/2&Prime;][vc_column_text]<\/p>\n<h3>Programme de r\u00e9ussite \u00e9conomique pour les femmes de Jordanie<\/h3>\n<p>[\/vc_column_text]<div class=\"newdivider align-center\" style=\"border-bottom-style: solid; border-color: #0099b2; border-bottom-width: 2px; margin-top: 30px; margin-bottom: 30px; width: 130px; \"><\/div><div class=\"clear\"><\/div>[vc_column_text]Le programme LEAP de r\u00e9ussite \u00e9conomique pour les femmes de Jordanie facilite l\u2019autonomisation \u00e9conomique des femmes gr\u00e2ce \u00e0 des programmes cherchant \u00e0 abaisser le taux de ch\u00f4mage trop \u00e9lev\u00e9 chez les Jordaniennes et \u00e0 am\u00e9liorer l\u2019environnement et la culture favorables \u00e0 l\u2019entreprenariat et \u00e0 la participation des femmes sur le march\u00e9 du travail.<\/p>\n<p>Ce programme est financ\u00e9 par Affaires mondiales Canada (AMC) et g\u00e9r\u00e9 par le Bureau canadien de l\u2019\u00e9ducation internationale (BCEI) en tant qu\u2019agence d\u2019ex\u00e9cution canadienne, en partenariat avec\u00a0la <a href=\"https:\/\/www.torontomu.ca\/\" target=\"_blank\" rel=\"noopener noreferrer\">Toronto Metropolitan University<\/a>\u00a0et\u00a0<a href=\"http:\/\/injaz.org.jo\/\" target=\"_blank\" rel=\"noopener noreferrer\">INJAZ<\/a>.[\/vc_column_text]<div class=\"spacer\" style=\"height: 25px;\"><\/div><a href=\"\/notre-travail\/programmes-actuels\/leap\/?lang=fr\" target=\"_self\" class=\"button color-7 medium \" style=\"border-radius: ;\">En savoir plus<\/a>[\/vc_column][vc_column bg_image=\u00a0\u00bb29645&Prime; column_center=\u00a0\u00bbtrue\u00a0\u00bb width=\u00a0\u00bb1\/2&Prime;]<div class=\"spacer\" style=\"height: 500px;\"><\/div>[\/vc_column][\/vc_row][vc_row type=\u00a0\u00bbfull_width_section\u00a0\u00bb bg_color=\u00a0\u00bb#01426a\u00a0\u00bb text_color=\u00a0\u00bblight\u00a0\u00bb class=\u00a0\u00bbhidden\u00a0\u00bb][vc_column bg_image=\u00a0\u00bb23273&Prime; column_center=\u00a0\u00bbtrue\u00a0\u00bb width=\u00a0\u00bb1\/2&Prime;]<div class=\"spacer\" style=\"height: 500px;\"><\/div>[\/vc_column][vc_column column_padding=\u00a0\u00bbpadding-3&Prime; column_center=\u00a0\u00bbtrue\u00a0\u00bb text_color=\u00a0\u00bblight\u00a0\u00bb text_align=\u00a0\u00bbcenter\u00a0\u00bb width=\u00a0\u00bb1\/2&Prime;][vc_column_text]<\/p>\n<h3>Programme de bourses Libye-Am\u00e9rique du Nord<\/h3>\n<p>[\/vc_column_text]<div class=\"newdivider align-center\" style=\"border-bottom-style: solid; border-color: #0099b2; border-bottom-width: 2px; margin-top: 30px; margin-bottom: 30px; width: 130px; \"><\/div><div class=\"clear\"><\/div>[vc_column_text]<\/p>\n<p>Le programme de bourses Libye-Am\u00e9rique du Nord est une collaboration entre le minist\u00e8re libyen de l\u2019Enseignement sup\u00e9rieur et de la Recherche scientifique, le Bureau canadien de l\u2019\u00e9ducation internationale, les \u00e9tudiants libyens et les \u00e9tablissements d\u2019accueil au Canada et aux \u00c9tats-Unis.<\/p>\n<p>L\u2019objectif du programme de bourses est de financer les \u00e9tudes des \u00e9tudiants libyens en deuxi\u00e8me et troisi\u00e8me cycle en Am\u00e9rique du Nord, leur permettant d\u2019atteindre leurs objectifs scolaires tout en r\u00e9pondant aux besoins des \u00e9tablissements publics de Libye, de son monde acad\u00e9mique et de sa soci\u00e9t\u00e9 dans l\u2019ensemble. Il y a environ 2 000 boursiers libyens aux \u00c9tats-Unis et plus de 1 000 au Canada.[\/vc_column_text]<div class=\"spacer\" style=\"height: 25px;\"><\/div><a href=\"https:\/\/cbie.ca\/notre-travail\/programmes-actuels\/programme-de-bourses-libye-amerique-du-nord\/?lang=fr\" target=\"_self\" class=\"button color-7 medium \" style=\"border-radius: ;\">En savoir plus<\/a>[\/vc_column][\/vc_row]<\/p>\n<\/div>","protected":false},"excerpt":{"rendered":"<p>[vc_row type=\u00a0\u00bbfull_width_section\u00a0\u00bb text_color=\u00a0\u00bblight\u00a0\u00bb text_align=\u00a0\u00bbcenter\u00a0\u00bb][vc_column el_class=\u00a0\u00bbfull\u00a0\u00bb bg_color=\u00a0\u00bb#01416a\u00a0\u00bb column_padding=\u00a0\u00bbpadding-3&Prime; column_center=\u00a0\u00bbtrue\u00a0\u00bb text_color=\u00a0\u00bblight\u00a0\u00bb text_align=\u00a0\u00bbcenter\u00a0\u00bb width=\u00a0\u00bb1\/1&Prime;][vc_column_text] Programmes actuels [\/vc_column_text][vc_column_text] Le BCEI g\u00e8re actuellement les bourses, programmes et projets internationaux suivants. [\/vc_column_text][\/vc_column][\/vc_row][vc_row type=\u00a0\u00bbfull_width_section\u00a0\u00bb bg_color=\u00a0\u00bb#00263e\u00a0\u00bb text_color=\u00a0\u00bblight\u00a0\u00bb text_align=\u00a0\u00bbcenter\u00a0\u00bb][vc_column [&hellip;]<\/p>\n","protected":false},"author":63,"featured_media":0,"parent":17116,"menu_order":0,"comment_status":"closed","ping_status":"closed","template":"","meta":{"_acf_changed":false,"footnotes":""},"class_list":["post-17122","page","type-page","status-publish","hentry"],"acf":[],"yoast_head":"<!-- This site is optimized with the Yoast SEO plugin v27.4 - https:\/\/yoast.com\/product\/yoast-seo-wordpress\/ -->\n<title>Programmes actuels - CBIE<\/title>\n<meta name=\"robots\" content=\"index, follow, max-snippet:-1, max-image-preview:large, max-video-preview:-1\" \/>\n<link rel=\"canonical\" href=\"https:\/\/cbie.ca\/fr\/notre-travail\/programmes-actuels\/\" \/>\n<meta property=\"og:locale\" content=\"fr_FR\" \/>\n<meta property=\"og:type\" content=\"article\" \/>\n<meta property=\"og:title\" content=\"Programmes actuels - CBIE\" \/>\n<meta property=\"og:description\" content=\"[vc_row type=\u00a0\u00bbfull_width_section\u00a0\u00bb text_color=\u00a0\u00bblight\u00a0\u00bb text_align=\u00a0\u00bbcenter\u00a0\u00bb][vc_column el_class=\u00a0\u00bbfull\u00a0\u00bb bg_color=\u00a0\u00bb#01416a\u00a0\u00bb column_padding=\u00a0\u00bbpadding-3&Prime; column_center=\u00a0\u00bbtrue\u00a0\u00bb text_color=\u00a0\u00bblight\u00a0\u00bb text_align=\u00a0\u00bbcenter\u00a0\u00bb width=\u00a0\u00bb1\/1&Prime;][vc_column_text] Programmes actuels [\/vc_column_text][vc_column_text] Le BCEI g\u00e8re actuellement les bourses, programmes et projets internationaux suivants. [\/vc_column_text][\/vc_column][\/vc_row][vc_row type=\u00a0\u00bbfull_width_section\u00a0\u00bb bg_color=\u00a0\u00bb#00263e\u00a0\u00bb text_color=\u00a0\u00bblight\u00a0\u00bb text_align=\u00a0\u00bbcenter\u00a0\u00bb][vc_column [&hellip;]\" \/>\n<meta property=\"og:url\" content=\"https:\/\/cbie.ca\/fr\/notre-travail\/programmes-actuels\/\" \/>\n<meta property=\"og:site_name\" content=\"CBIE\" \/>\n<meta property=\"article:modified_time\" content=\"2026-02-26T17:06:58+00:00\" \/>\n<meta property=\"og:image\" content=\"https:\/\/cbie.ca\/wp-content\/uploads\/2024\/01\/CBIE-Announcement-EN.png\" \/>\n\t<meta property=\"og:image:width\" content=\"1600\" \/>\n\t<meta property=\"og:image:height\" content=\"900\" \/>\n\t<meta property=\"og:image:type\" content=\"image\/png\" \/>\n<meta name=\"twitter:card\" content=\"summary_large_image\" \/>\n<meta name=\"twitter:label1\" content=\"Dur\u00e9e de lecture estim\u00e9e\" \/>\n\t<meta name=\"twitter:data1\" content=\"4 minutes\" \/>\n<script type=\"application\/ld+json\" class=\"yoast-schema-graph\">{\"@context\":\"https:\\\/\\\/schema.org\",\"@graph\":[{\"@type\":\"WebPage\",\"@id\":\"https:\\\/\\\/cbie.ca\\\/fr\\\/notre-travail\\\/programmes-actuels\\\/\",\"url\":\"https:\\\/\\\/cbie.ca\\\/fr\\\/notre-travail\\\/programmes-actuels\\\/\",\"name\":\"Programmes actuels - CBIE\",\"isPartOf\":{\"@id\":\"https:\\\/\\\/cbie.ca\\\/#website\"},\"datePublished\":\"2016-04-12T23:44:08+00:00\",\"dateModified\":\"2026-02-26T17:06:58+00:00\",\"breadcrumb\":{\"@id\":\"https:\\\/\\\/cbie.ca\\\/fr\\\/notre-travail\\\/programmes-actuels\\\/#breadcrumb\"},\"inLanguage\":\"fr-FR\",\"potentialAction\":[{\"@type\":\"ReadAction\",\"target\":[\"https:\\\/\\\/cbie.ca\\\/fr\\\/notre-travail\\\/programmes-actuels\\\/\"]}]},{\"@type\":\"BreadcrumbList\",\"@id\":\"https:\\\/\\\/cbie.ca\\\/fr\\\/notre-travail\\\/programmes-actuels\\\/#breadcrumb\",\"itemListElement\":[{\"@type\":\"ListItem\",\"position\":1,\"name\":\"Home\",\"item\":\"https:\\\/\\\/cbie.ca\\\/fr\\\/\"},{\"@type\":\"ListItem\",\"position\":2,\"name\":\"Activit\u00e9s internationales\",\"item\":\"https:\\\/\\\/cbie.ca\\\/what-we-do\\\/\"},{\"@type\":\"ListItem\",\"position\":3,\"name\":\"Programmes actuels\"}]},{\"@type\":\"WebSite\",\"@id\":\"https:\\\/\\\/cbie.ca\\\/#website\",\"url\":\"https:\\\/\\\/cbie.ca\\\/\",\"name\":\"Canadian Bureau for International Education\",\"description\":\"\",\"potentialAction\":[{\"@type\":\"SearchAction\",\"target\":{\"@type\":\"EntryPoint\",\"urlTemplate\":\"https:\\\/\\\/cbie.ca\\\/?s={search_term_string}\"},\"query-input\":{\"@type\":\"PropertyValueSpecification\",\"valueRequired\":true,\"valueName\":\"search_term_string\"}}],\"inLanguage\":\"fr-FR\"}]}<\/script>\n<!-- \/ Yoast SEO plugin. -->","yoast_head_json":{"title":"Programmes actuels - CBIE","robots":{"index":"index","follow":"follow","max-snippet":"max-snippet:-1","max-image-preview":"max-image-preview:large","max-video-preview":"max-video-preview:-1"},"canonical":"https:\/\/cbie.ca\/fr\/notre-travail\/programmes-actuels\/","og_locale":"fr_FR","og_type":"article","og_title":"Programmes actuels - CBIE","og_description":"[vc_row type=\u00a0\u00bbfull_width_section\u00a0\u00bb text_color=\u00a0\u00bblight\u00a0\u00bb text_align=\u00a0\u00bbcenter\u00a0\u00bb][vc_column el_class=\u00a0\u00bbfull\u00a0\u00bb bg_color=\u00a0\u00bb#01416a\u00a0\u00bb column_padding=\u00a0\u00bbpadding-3&Prime; column_center=\u00a0\u00bbtrue\u00a0\u00bb text_color=\u00a0\u00bblight\u00a0\u00bb text_align=\u00a0\u00bbcenter\u00a0\u00bb width=\u00a0\u00bb1\/1&Prime;][vc_column_text] Programmes actuels [\/vc_column_text][vc_column_text] Le BCEI g\u00e8re actuellement les bourses, programmes et projets internationaux suivants. [\/vc_column_text][\/vc_column][\/vc_row][vc_row type=\u00a0\u00bbfull_width_section\u00a0\u00bb bg_color=\u00a0\u00bb#00263e\u00a0\u00bb text_color=\u00a0\u00bblight\u00a0\u00bb text_align=\u00a0\u00bbcenter\u00a0\u00bb][vc_column [&hellip;]","og_url":"https:\/\/cbie.ca\/fr\/notre-travail\/programmes-actuels\/","og_site_name":"CBIE","article_modified_time":"2026-02-26T17:06:58+00:00","og_image":[{"width":1600,"height":900,"url":"https:\/\/cbie.ca\/wp-content\/uploads\/2024\/01\/CBIE-Announcement-EN.png","type":"image\/png"}],"twitter_card":"summary_large_image","twitter_misc":{"Dur\u00e9e de lecture estim\u00e9e":"4 minutes"},"schema":{"@context":"https:\/\/schema.org","@graph":[{"@type":"WebPage","@id":"https:\/\/cbie.ca\/fr\/notre-travail\/programmes-actuels\/","url":"https:\/\/cbie.ca\/fr\/notre-travail\/programmes-actuels\/","name":"Programmes actuels - CBIE","isPartOf":{"@id":"https:\/\/cbie.ca\/#website"},"datePublished":"2016-04-12T23:44:08+00:00","dateModified":"2026-02-26T17:06:58+00:00","breadcrumb":{"@id":"https:\/\/cbie.ca\/fr\/notre-travail\/programmes-actuels\/#breadcrumb"},"inLanguage":"fr-FR","potentialAction":[{"@type":"ReadAction","target":["https:\/\/cbie.ca\/fr\/notre-travail\/programmes-actuels\/"]}]},{"@type":"BreadcrumbList","@id":"https:\/\/cbie.ca\/fr\/notre-travail\/programmes-actuels\/#breadcrumb","itemListElement":[{"@type":"ListItem","position":1,"name":"Home","item":"https:\/\/cbie.ca\/fr\/"},{"@type":"ListItem","position":2,"name":"Activit\u00e9s internationales","item":"https:\/\/cbie.ca\/what-we-do\/"},{"@type":"ListItem","position":3,"name":"Programmes actuels"}]},{"@type":"WebSite","@id":"https:\/\/cbie.ca\/#website","url":"https:\/\/cbie.ca\/","name":"Canadian Bureau for International Education","description":"","potentialAction":[{"@type":"SearchAction","target":{"@type":"EntryPoint","urlTemplate":"https:\/\/cbie.ca\/?s={search_term_string}"},"query-input":{"@type":"PropertyValueSpecification","valueRequired":true,"valueName":"search_term_string"}}],"inLanguage":"fr-FR"}]}},"_links":{"self":[{"href":"https:\/\/cbie.ca\/fr\/wp-json\/wp\/v2\/pages\/17122","targetHints":{"allow":["GET"]}}],"collection":[{"href":"https:\/\/cbie.ca\/fr\/wp-json\/wp\/v2\/pages"}],"about":[{"href":"https:\/\/cbie.ca\/fr\/wp-json\/wp\/v2\/types\/page"}],"author":[{"embeddable":true,"href":"https:\/\/cbie.ca\/fr\/wp-json\/wp\/v2\/users\/63"}],"replies":[{"embeddable":true,"href":"https:\/\/cbie.ca\/fr\/wp-json\/wp\/v2\/comments?post=17122"}],"version-history":[{"count":2,"href":"https:\/\/cbie.ca\/fr\/wp-json\/wp\/v2\/pages\/17122\/revisions"}],"predecessor-version":[{"id":120344,"href":"https:\/\/cbie.ca\/fr\/wp-json\/wp\/v2\/pages\/17122\/revisions\/120344"}],"up":[{"embeddable":true,"href":"https:\/\/cbie.ca\/fr\/wp-json\/wp\/v2\/pages\/17116"}],"wp:attachment":[{"href":"https:\/\/cbie.ca\/fr\/wp-json\/wp\/v2\/media?parent=17122"}],"curies":[{"name":"wp","href":"https:\/\/api.w.org\/{rel}","templated":true}]}}