{"id":17119,"date":"2016-04-12T19:54:13","date_gmt":"2016-04-12T23:54:13","guid":{"rendered":"http:\/\/198.12.153.159\/~cbie\/?page_id=17119&#038;lang=fr"},"modified":"2026-03-31T12:09:19","modified_gmt":"2026-03-31T16:09:19","slug":"notre-reseau","status":"publish","type":"page","link":"https:\/\/cbie.ca\/fr\/notre-reseau\/","title":{"rendered":"Notre R\u00e9seau"},"content":{"rendered":"<div class=\"wpb-content-wrapper\"><p>[vc_row bg_image=\u00a0\u00bb110733&Prime; parallax_bg=\u00a0\u00bbtrue\u00a0\u00bb bg_color=\u00a0\u00bb#01426a\u00a0\u00bb text_color=\u00a0\u00bblight\u00a0\u00bb text_align=\u00a0\u00bbcenter\u00a0\u00bb top_padding=\u00a0\u00bb40&Prime; bottom_padding=\u00a0\u00bb40&Prime; row_id=\u00a0\u00bbhero-banner\u00a0\u00bb][vc_column column_padding=\u00a0\u00bbcustom-padding\u00a0\u00bb column_custompadding=\u00a0\u00bb10% 0px\u00a0\u00bb text_color=\u00a0\u00bblight\u00a0\u00bb text_align=\u00a0\u00bbcenter\u00a0\u00bb width=\u00a0\u00bb1\/1&Prime;][vc_column_text]<\/p>\n<h1>Liens avec la communaut\u00e9<\/h1>\n<p>[\/vc_column_text]<div class=\"newdivider align-center\" style=\"border-bottom-style: solid; border-color: #1c86a4; border-bottom-width: 2px; margin-top: 30px; margin-bottom: 30px; width: 130px; \"><\/div><div class=\"clear\"><\/div>[vc_column_text]<\/p>\n<h5>La coop\u00e9ration et l&rsquo;engagement sont des \u00e9l\u00e9ments fondamentaux des principes op\u00e9rationnels du BCEI. Pour faciliter la collaboration entre ses membres, le BCEI a cr\u00e9\u00e9 des espaces permettant \u00e0 sa communaut\u00e9 d&rsquo;\u00e9changer des id\u00e9es, de partager des pratiques exemplaires et de faire avancer les efforts d&rsquo;internationalisation au sein des \u00e9tablissements canadiens.<\/h5>\n<p>[\/vc_column_text][\/vc_column][\/vc_row][vc_row top_padding=\u00a0\u00bb20&Prime;][vc_column column_padding=\u00a0\u00bbpadding-3&Prime; width=\u00a0\u00bb1\/3&Prime;]<div class=\"counter clearfix wpb_content_element\"><div class=\"counter-number\" style=\"color: #007096 !important;\">2486<\/div><span class=\"counter-title\">praticien.ne.s engag\u00e9.e.s dans le carrefour communautaire<\/span><\/div>[\/vc_column][vc_column column_padding=\u00a0\u00bbpadding-3&Prime; width=\u00a0\u00bb1\/3&Prime;]<div class=\"counter clearfix wpb_content_element\"><div class=\"counter-number\" style=\"color: #007096 !important;\">165<\/div><span class=\"counter-title\">\u00e9tablissements membres \u00e0 travers le Canada<\/span><\/div>[\/vc_column][vc_column column_padding=\u00a0\u00bbpadding-3&Prime; width=\u00a0\u00bb1\/3&Prime;]<div class=\"counter clearfix wpb_content_element\"><div class=\"counter-number\" style=\"color: #007096 !important;\">29<\/div><span class=\"counter-title\">\u00e9v\u00e9nements organis\u00e9s par les communaut\u00e9s d&#039;apprentissage professionnelles<\/span><\/div>[\/vc_column][\/vc_row][vc_row top_padding=\u00a0\u00bb70&Prime; bottom_padding=\u00a0\u00bb30&Prime; class=\u00a0\u00bbmission-odd-section\u00a0\u00bb][vc_column el_class=\u00a0\u00bbmission-odd-text-section\u00a0\u00bb bg_color=\u00a0\u00bb#f4f4f4&Prime; column_padding=\u00a0\u00bbpadding-4&Prime; column_center=\u00a0\u00bbtrue\u00a0\u00bb width=\u00a0\u00bb2\/3&Prime;][vc_column_text]<\/p>\n<h5>Communaut\u00e9s d\u2019apprentissage professionnelles<\/h5>\n<p>Les communaut\u00e9s d\u2019apprentissage professionnelles rassemblent les personnes qui s\u2019int\u00e9ressent aux m\u00eames choses en \u00e9ducation internationale pour enrichir leur connaissance du secteur en \u00e9changeant des donn\u00e9es, en discutant de diff\u00e9rents enjeux et en informant les politiques et proc\u00e9dures du BCEI. Les CAP <a href=\"https:\/\/cbie.ca\/fr\/notre-reseau\/professional-learning-communities\/ea-plc\/\" target=\"_blank\" rel=\"noopener\">\u00e9tudes \u00e0 l&rsquo;\u00e9tranger (CAP-EE)<\/a>, <a href=\"https:\/\/cbie.ca\/fr\/espace-francophone-cap\/\" target=\"_blank\" rel=\"noopener\">espace francophone (CAP-EF)<\/a>, <a href=\"https:\/\/cbie.ca\/fr\/?page_id=118704\" target=\"_blank\" rel=\"noopener\">marketing, recrutement et admissions (CAP-MRA)<\/a>, <a href=\"https:\/\/cbie.ca\/fr\/notre-reseau\/professional-learning-communities\/ir-plc\/\" target=\"_blank\" rel=\"noopener\">relations internationales (CAP-RI)<\/a> et <a href=\"https:\/\/cbie.ca\/fr\/notre-reseau\/professional-learning-communities\/cap-sace\/\" target=\"_blank\" rel=\"noopener\">SACE<\/a> sont ouvertes aux personnes au sein des \u00e9tablissements membres du BCEI.[\/vc_column_text]<div class=\"spacer\" style=\"height: 40px;\"><\/div><a href=\"https:\/\/community.cbie.ca\/fr\/login\/\" target=\"_blank\" class=\"button color-2 medium \" style=\"border-radius: 2px;\">Connectez-vous maintenant<\/a>[\/vc_column][vc_column el_class=\u00a0\u00bbmission-odd-img-section\u00a0\u00bb bg_image=\u00a0\u00bb57133&Prime; column_center=\u00a0\u00bbtrue\u00a0\u00bb width=\u00a0\u00bb1\/3&Prime;][\/vc_column][\/vc_row][vc_row top_padding=\u00a0\u00bb30&Prime; bottom_padding=\u00a0\u00bb30&Prime;][vc_column el_class=\u00a0\u00bb.mission-even-img-section\u00a0\u00bb bg_image=\u00a0\u00bb57135&Prime; column_center=\u00a0\u00bbtrue\u00a0\u00bb width=\u00a0\u00bb1\/3&Prime;][\/vc_column][vc_column bg_color=\u00a0\u00bb#f4f4f4&Prime; column_padding=\u00a0\u00bbpadding-4&Prime; column_center=\u00a0\u00bbtrue\u00a0\u00bb width=\u00a0\u00bb2\/3&Prime;][vc_column_text]<\/p>\n<h5>R\u00e9seau international des leaders de demain<\/h5>\n<p>Le R\u00e9seau a pour mission de procurer un espace o\u00f9 les nouveaux.elles professionnel.le.s et leaders \u00e9mergent.e.s peuvent cultiver un r\u00e9seau professionnel et s\u2019impliquer dans la communaut\u00e9 de l\u2019\u00e9ducation internationale canadienne.[\/vc_column_text]<div class=\"spacer\" style=\"height: 40px;\"><\/div><a href=\"https:\/\/cbie.ca\/fr\/notre-reseau\/intl\/\" target=\"_self\" class=\"button color-2 medium \" style=\"border-radius: 2px;\">En savoir plus<\/a>[\/vc_column][\/vc_row][vc_row top_padding=\u00a0\u00bb30&Prime; bottom_padding=\u00a0\u00bb30&Prime; class=\u00a0\u00bbmission-odd-section\u00a0\u00bb][vc_column el_class=\u00a0\u00bbmission-odd-text-section\u00a0\u00bb bg_color=\u00a0\u00bb#f4f4f4&Prime; column_padding=\u00a0\u00bbpadding-4&Prime; column_center=\u00a0\u00bbtrue\u00a0\u00bb width=\u00a0\u00bb2\/3&Prime;][vc_column_text]<\/p>\n<h5>Carrefour du BCEI<\/h5>\n<p>Exclusif aux membres du BCEI, le Carrefour aide notre communaut\u00e9 \u00e0 partager les meilleures pratiques et \u00e0 cr\u00e9er des ressources pour renforcir le secteur de l&rsquo;\u00e9ducation internationale au Canada. Cr\u00e9ez votre compte et commencez \u00e0 r\u00e9seauter dans des forums publics comme les communaut\u00e9s d&rsquo;apprentissage professionnelles (CAP) ou en priv\u00e9 en utilisant le syst\u00e8me de messagerie. Recevez les derni\u00e8res nouvelles, les offres d&#8217;emploi, les \u00e9v\u00e9nements et bien plus encore ![\/vc_column_text]<div class=\"spacer\" style=\"height: 40px;\"><\/div><a href=\"https:\/\/community.cbie.ca\/fr\/login\/\" target=\"_blank\" class=\"button color-2 medium \" style=\"border-radius: 2px;\">Connectez-vous maintenant<\/a>[\/vc_column][vc_column el_class=\u00a0\u00bbmission-odd-img-section\u00a0\u00bb bg_image=\u00a0\u00bb57127&Prime; column_center=\u00a0\u00bbtrue\u00a0\u00bb width=\u00a0\u00bb1\/3&Prime;][\/vc_column][\/vc_row][vc_row top_padding=\u00a0\u00bb30&Prime; bottom_padding=\u00a0\u00bb70&Prime;][vc_column el_class=\u00a0\u00bb.mission-even-img-section\u00a0\u00bb bg_image=\u00a0\u00bb78294&Prime; column_center=\u00a0\u00bbtrue\u00a0\u00bb width=\u00a0\u00bb1\/3&Prime;][\/vc_column][vc_column bg_color=\u00a0\u00bb#f4f4f4&Prime; column_padding=\u00a0\u00bbpadding-4&Prime; column_center=\u00a0\u00bbtrue\u00a0\u00bb width=\u00a0\u00bb2\/3&Prime;][vc_column_text]<\/p>\n<h5>Colloques r\u00e9gionaux<\/h5>\n<p>Les colloques r\u00e9gionaux du BCEI offrent aux praticien.ne.s de l&rsquo;\u00e9ducation internationale des possibilit\u00e9s de d\u00e9veloppement professionnel et de r\u00e9seautage, ainsi que l&rsquo;occasion d&rsquo;aborder et de discuter de questions r\u00e9gionales et provinciales. Ces \u00e9v\u00e9nements ont lieu chaque ann\u00e9e au printemps \u00e0 travers le Canada.[\/vc_column_text]<div class=\"spacer\" style=\"height: 40px;\"><\/div><a href=\"https:\/\/cbie.ca\/fr\/upcoming-events\/colloques-regionaux\/\" target=\"_blank\" class=\"button color-2 medium \" style=\"border-radius: 2px;\">En savoir plus<\/a>[\/vc_column][\/vc_row]<\/p>\n<\/div>","protected":false},"excerpt":{"rendered":"<p>[vc_row bg_image=\u00a0\u00bb110733&Prime; parallax_bg=\u00a0\u00bbtrue\u00a0\u00bb bg_color=\u00a0\u00bb#01426a\u00a0\u00bb text_color=\u00a0\u00bblight\u00a0\u00bb text_align=\u00a0\u00bbcenter\u00a0\u00bb top_padding=\u00a0\u00bb40&Prime; bottom_padding=\u00a0\u00bb40&Prime; row_id=\u00a0\u00bbhero-banner\u00a0\u00bb][vc_column column_padding=\u00a0\u00bbcustom-padding\u00a0\u00bb column_custompadding=\u00a0\u00bb10% 0px\u00a0\u00bb text_color=\u00a0\u00bblight\u00a0\u00bb text_align=\u00a0\u00bbcenter\u00a0\u00bb width=\u00a0\u00bb1\/1&Prime;][vc_column_text] Liens avec la communaut\u00e9 [\/vc_column_text][vc_column_text] La coop\u00e9ration et l&rsquo;engagement sont des \u00e9l\u00e9ments fondamentaux des principes [&hellip;]<\/p>\n","protected":false},"author":63,"featured_media":0,"parent":0,"menu_order":0,"comment_status":"closed","ping_status":"closed","template":"","meta":{"_acf_changed":false,"footnotes":""},"class_list":["post-17119","page","type-page","status-publish","hentry"],"acf":[],"yoast_head":"<!-- This site is optimized with the Yoast SEO plugin v26.8 - https:\/\/yoast.com\/product\/yoast-seo-wordpress\/ -->\n<title>Notre R\u00e9seau - CBIE<\/title>\n<meta name=\"robots\" content=\"index, follow, max-snippet:-1, max-image-preview:large, max-video-preview:-1\" \/>\n<link rel=\"canonical\" href=\"https:\/\/cbie.ca\/fr\/notre-reseau\/\" \/>\n<meta property=\"og:locale\" content=\"fr_FR\" \/>\n<meta property=\"og:type\" content=\"article\" \/>\n<meta property=\"og:title\" content=\"Notre R\u00e9seau - CBIE\" \/>\n<meta property=\"og:description\" content=\"[vc_row bg_image=\u00a0\u00bb110733&Prime; parallax_bg=\u00a0\u00bbtrue\u00a0\u00bb bg_color=\u00a0\u00bb#01426a\u00a0\u00bb text_color=\u00a0\u00bblight\u00a0\u00bb text_align=\u00a0\u00bbcenter\u00a0\u00bb top_padding=\u00a0\u00bb40&Prime; bottom_padding=\u00a0\u00bb40&Prime; row_id=\u00a0\u00bbhero-banner\u00a0\u00bb][vc_column column_padding=\u00a0\u00bbcustom-padding\u00a0\u00bb column_custompadding=\u00a0\u00bb10% 0px\u00a0\u00bb text_color=\u00a0\u00bblight\u00a0\u00bb text_align=\u00a0\u00bbcenter\u00a0\u00bb width=\u00a0\u00bb1\/1&Prime;][vc_column_text] Liens avec la communaut\u00e9 [\/vc_column_text][vc_column_text] La coop\u00e9ration et l&rsquo;engagement sont des \u00e9l\u00e9ments fondamentaux des principes [&hellip;]\" \/>\n<meta property=\"og:url\" content=\"https:\/\/cbie.ca\/fr\/notre-reseau\/\" \/>\n<meta property=\"og:site_name\" content=\"CBIE\" \/>\n<meta property=\"article:modified_time\" content=\"2026-03-31T16:09:19+00:00\" \/>\n<meta property=\"og:image\" content=\"https:\/\/cbie.ca\/wp-content\/uploads\/2024\/01\/CBIE-Announcement-EN.png\" \/>\n\t<meta property=\"og:image:width\" content=\"1600\" \/>\n\t<meta property=\"og:image:height\" content=\"900\" \/>\n\t<meta property=\"og:image:type\" content=\"image\/png\" \/>\n<meta name=\"twitter:card\" content=\"summary_large_image\" \/>\n<meta name=\"twitter:label1\" content=\"Dur\u00e9e de lecture estim\u00e9e\" \/>\n\t<meta name=\"twitter:data1\" content=\"3 minutes\" \/>\n<script type=\"application\/ld+json\" class=\"yoast-schema-graph\">{\"@context\":\"https:\/\/schema.org\",\"@graph\":[{\"@type\":\"WebPage\",\"@id\":\"https:\/\/cbie.ca\/fr\/notre-reseau\/\",\"url\":\"https:\/\/cbie.ca\/fr\/notre-reseau\/\",\"name\":\"Notre R\u00e9seau - CBIE\",\"isPartOf\":{\"@id\":\"https:\/\/cbie.ca\/#website\"},\"datePublished\":\"2016-04-12T23:54:13+00:00\",\"dateModified\":\"2026-03-31T16:09:19+00:00\",\"breadcrumb\":{\"@id\":\"https:\/\/cbie.ca\/fr\/notre-reseau\/#breadcrumb\"},\"inLanguage\":\"fr-FR\",\"potentialAction\":[{\"@type\":\"ReadAction\",\"target\":[\"https:\/\/cbie.ca\/fr\/notre-reseau\/\"]}]},{\"@type\":\"BreadcrumbList\",\"@id\":\"https:\/\/cbie.ca\/fr\/notre-reseau\/#breadcrumb\",\"itemListElement\":[{\"@type\":\"ListItem\",\"position\":1,\"name\":\"Home\",\"item\":\"https:\/\/cbie.ca\/fr\/\"},{\"@type\":\"ListItem\",\"position\":2,\"name\":\"Notre R\u00e9seau\"}]},{\"@type\":\"WebSite\",\"@id\":\"https:\/\/cbie.ca\/#website\",\"url\":\"https:\/\/cbie.ca\/\",\"name\":\"Canadian Bureau for International Education\",\"description\":\"\",\"potentialAction\":[{\"@type\":\"SearchAction\",\"target\":{\"@type\":\"EntryPoint\",\"urlTemplate\":\"https:\/\/cbie.ca\/?s={search_term_string}\"},\"query-input\":{\"@type\":\"PropertyValueSpecification\",\"valueRequired\":true,\"valueName\":\"search_term_string\"}}],\"inLanguage\":\"fr-FR\"}]}<\/script>\n<!-- \/ Yoast SEO plugin. -->","yoast_head_json":{"title":"Notre R\u00e9seau - CBIE","robots":{"index":"index","follow":"follow","max-snippet":"max-snippet:-1","max-image-preview":"max-image-preview:large","max-video-preview":"max-video-preview:-1"},"canonical":"https:\/\/cbie.ca\/fr\/notre-reseau\/","og_locale":"fr_FR","og_type":"article","og_title":"Notre R\u00e9seau - CBIE","og_description":"[vc_row bg_image=\u00a0\u00bb110733&Prime; parallax_bg=\u00a0\u00bbtrue\u00a0\u00bb bg_color=\u00a0\u00bb#01426a\u00a0\u00bb text_color=\u00a0\u00bblight\u00a0\u00bb text_align=\u00a0\u00bbcenter\u00a0\u00bb top_padding=\u00a0\u00bb40&Prime; bottom_padding=\u00a0\u00bb40&Prime; row_id=\u00a0\u00bbhero-banner\u00a0\u00bb][vc_column column_padding=\u00a0\u00bbcustom-padding\u00a0\u00bb column_custompadding=\u00a0\u00bb10% 0px\u00a0\u00bb text_color=\u00a0\u00bblight\u00a0\u00bb text_align=\u00a0\u00bbcenter\u00a0\u00bb width=\u00a0\u00bb1\/1&Prime;][vc_column_text] Liens avec la communaut\u00e9 [\/vc_column_text][vc_column_text] La coop\u00e9ration et l&rsquo;engagement sont des \u00e9l\u00e9ments fondamentaux des principes [&hellip;]","og_url":"https:\/\/cbie.ca\/fr\/notre-reseau\/","og_site_name":"CBIE","article_modified_time":"2026-03-31T16:09:19+00:00","og_image":[{"width":1600,"height":900,"url":"https:\/\/cbie.ca\/wp-content\/uploads\/2024\/01\/CBIE-Announcement-EN.png","type":"image\/png"}],"twitter_card":"summary_large_image","twitter_misc":{"Dur\u00e9e de lecture estim\u00e9e":"3 minutes"},"schema":{"@context":"https:\/\/schema.org","@graph":[{"@type":"WebPage","@id":"https:\/\/cbie.ca\/fr\/notre-reseau\/","url":"https:\/\/cbie.ca\/fr\/notre-reseau\/","name":"Notre R\u00e9seau - CBIE","isPartOf":{"@id":"https:\/\/cbie.ca\/#website"},"datePublished":"2016-04-12T23:54:13+00:00","dateModified":"2026-03-31T16:09:19+00:00","breadcrumb":{"@id":"https:\/\/cbie.ca\/fr\/notre-reseau\/#breadcrumb"},"inLanguage":"fr-FR","potentialAction":[{"@type":"ReadAction","target":["https:\/\/cbie.ca\/fr\/notre-reseau\/"]}]},{"@type":"BreadcrumbList","@id":"https:\/\/cbie.ca\/fr\/notre-reseau\/#breadcrumb","itemListElement":[{"@type":"ListItem","position":1,"name":"Home","item":"https:\/\/cbie.ca\/fr\/"},{"@type":"ListItem","position":2,"name":"Notre R\u00e9seau"}]},{"@type":"WebSite","@id":"https:\/\/cbie.ca\/#website","url":"https:\/\/cbie.ca\/","name":"Canadian Bureau for International Education","description":"","potentialAction":[{"@type":"SearchAction","target":{"@type":"EntryPoint","urlTemplate":"https:\/\/cbie.ca\/?s={search_term_string}"},"query-input":{"@type":"PropertyValueSpecification","valueRequired":true,"valueName":"search_term_string"}}],"inLanguage":"fr-FR"}]}},"_links":{"self":[{"href":"https:\/\/cbie.ca\/fr\/wp-json\/wp\/v2\/pages\/17119","targetHints":{"allow":["GET"]}}],"collection":[{"href":"https:\/\/cbie.ca\/fr\/wp-json\/wp\/v2\/pages"}],"about":[{"href":"https:\/\/cbie.ca\/fr\/wp-json\/wp\/v2\/types\/page"}],"author":[{"embeddable":true,"href":"https:\/\/cbie.ca\/fr\/wp-json\/wp\/v2\/users\/63"}],"replies":[{"embeddable":true,"href":"https:\/\/cbie.ca\/fr\/wp-json\/wp\/v2\/comments?post=17119"}],"version-history":[{"count":4,"href":"https:\/\/cbie.ca\/fr\/wp-json\/wp\/v2\/pages\/17119\/revisions"}],"predecessor-version":[{"id":120734,"href":"https:\/\/cbie.ca\/fr\/wp-json\/wp\/v2\/pages\/17119\/revisions\/120734"}],"wp:attachment":[{"href":"https:\/\/cbie.ca\/fr\/wp-json\/wp\/v2\/media?parent=17119"}],"curies":[{"name":"wp","href":"https:\/\/api.w.org\/{rel}","templated":true}]}}