{"id":17092,"date":"2016-05-02T14:29:34","date_gmt":"2016-05-02T14:29:34","guid":{"rendered":"http:\/\/198.12.153.159\/~cbie\/?page_id=17092&#038;lang=fr"},"modified":"2020-12-15T16:07:25","modified_gmt":"2020-12-15T21:07:25","slug":"notre-mission-notre-vision-et-nos-valeurs","status":"publish","type":"page","link":"https:\/\/cbie.ca\/fr\/who-we-are\/notre-mission-notre-vision-et-nos-valeurs\/","title":{"rendered":"Notre mission, notre vision et nos valeurs"},"content":{"rendered":"<div class=\"wpb-content-wrapper\"><p>[vc_row type=\u00a0\u00bbfull_width_section\u00a0\u00bb text_color=\u00a0\u00bblight\u00a0\u00bb text_align=\u00a0\u00bbcenter\u00a0\u00bb][vc_column el_class=\u00a0\u00bbfull\u00a0\u00bb bg_color=\u00a0\u00bb#01416a\u00a0\u00bb column_padding=\u00a0\u00bbpadding-3&Prime; column_center=\u00a0\u00bbtrue\u00a0\u00bb text_color=\u00a0\u00bblight\u00a0\u00bb text_align=\u00a0\u00bbcenter\u00a0\u00bb width=\u00a0\u00bb1\/1&Prime;]<div class=\"spacer\" style=\"height: 50px;\"><\/div>[vc_column_text]<\/p>\n<h1 style=\"text-align: center;\"><span style=\"color: #ffc529;\">Mission<br \/>\n<\/span><\/h1>\n<p>[\/vc_column_text]<div class=\"newdivider align-center\" style=\"border-bottom-style: solid; border-color: #1c86a4; border-bottom-width: 2px; margin-top: 30px; margin-bottom: 30px; width: 130px; \"><\/div><div class=\"clear\"><\/div>[vc_column_text]<\/p>\n<h2 style=\"text-align: center; font-size: 1.5rem;\">En tant que porte-parole national, le BCEI fait progresser l\u2019\u00e9ducation internationale canadienne en cr\u00e9ant et mobilisant expertise, savoir, opportunit\u00e9s et leadership.<\/h2>\n<p>[\/vc_column_text]<div class=\"spacer\" style=\"height: 50px;\"><\/div>[\/vc_column][\/vc_row][vc_row][vc_column][vc_column_text]<br \/>\n<!--HEAD BANNER \/ TITLE END--><\/p>\n<p>[\/vc_column_text][\/vc_column][\/vc_row][vc_row type=\u00a0\u00bbfull_width_section\u00a0\u00bb][vc_column width=\u00a0\u00bb1\/1&Prime;]<div class=\"spacer\" style=\"height: 50px;\"><\/div>[vc_column_text]<\/p>\n<h1 style=\"text-align: center;\">Vision<\/h1>\n<p>[\/vc_column_text]<div class=\"newdivider align-center\" style=\"border-bottom-style: solid; border-color: #a7a8aa; border-bottom-width: 2px; margin-top: 30px; margin-bottom: 30px; width: 130px; \"><\/div><div class=\"clear\"><\/div>[vc_column_text]<\/p>\n<h2 class=\"h5styleh2\" style=\"text-align: center; color: #006e96;\">Chef de file de l\u2019\u00e9ducation internationale, le BCEI est reconnu pour ses actions bas\u00e9es sur l\u2019\u00e9quit\u00e9, la qualit\u00e9, l\u2019inclusion et le partenariat.<\/h2>\n<p>[\/vc_column_text]<div class=\"spacer\" style=\"height: 50px;\"><\/div>[\/vc_column][\/vc_row][vc_row type=\u00a0\u00bbfull_width_section\u00a0\u00bb bg_color=\u00a0\u00bb#01416a\u00a0\u00bb text_color=\u00a0\u00bblight\u00a0\u00bb][vc_column bg_color=\u00a0\u00bb#01416a\u00a0\u00bb column_padding=\u00a0\u00bbpadding-3&Prime; column_center=\u00a0\u00bbtrue\u00a0\u00bb width=\u00a0\u00bb1\/2&Prime;][vc_column_text]<\/p>\n<h4>Valeurs<\/h4>\n<ul>\n<li><strong>Inclination mondiale<\/strong> : \u00e9tablir efficacement des relations avec des cultures, des communaut\u00e9s et des id\u00e9es diff\u00e9rentes<\/li>\n<li><strong>Pratique durable <\/strong>: rechercher une d\u00e9marche \u00e9quilibr\u00e9e et compl\u00e8te \u00e0 long terme en mati\u00e8re d\u2019\u00e9ducation internationale<\/li>\n<li><strong>Action novatrice <\/strong>: trouver des r\u00e9ponses cr\u00e9atives aux besoins et int\u00e9r\u00eats<\/li>\n<li><strong>Esprit d\u2019entreprise <\/strong>: chercher activement des possibilit\u00e9s et appliquer des principes commerciaux \u00e9prouv\u00e9s<\/li>\n<li><strong>Mobilisation reposant sur des renseignements fiables <\/strong>: \u00e9tablir le contact pour sensibiliser les parties int\u00e9ress\u00e9es externes et les encourager \u00e0 soutenir l\u2019\u00e9ducation internationale<\/li>\n<\/ul>\n<h5><span style=\"color: #ffc529;\">Principes op\u00e9rationnels<\/span><\/h5>\n<ul>\n<li><strong>Participation\u00a0<\/strong>: solliciter en amont la participation des \u00e9tablissements membres aux activit\u00e9s<\/li>\n<li><strong>Transparence <\/strong>: communiquer efficacement avec les \u00e9tablissements membres, surtout en ce qui concerne les possibilit\u00e9s qui s\u2019offrent \u00e0 eux<\/li>\n<li><strong>Efficacit\u00e9 <\/strong>: ajouter de la valeur \u00e0 la mission dans chaque activit\u00e9 et maximiser les ressources humaines et financi\u00e8res \u00e0 cette fin<\/li>\n<li><strong>Esprit d\u2019initiative <\/strong>: \u00eatre cr\u00e9atif et souple<\/li>\n<li><strong>Coop\u00e9ration <\/strong>: s\u2019efforcer de travailler avec les \u00e9tablissements membres et partenaires<\/li>\n<\/ul>\n<p>[\/vc_column_text]<div class=\"spacer\" style=\"height: 50px;\"><\/div>[\/vc_column][vc_column bg_image=\u00a0\u00bb18109&Prime; width=\u00a0\u00bb1\/2&Prime;]<div class=\"spacer\" style=\"height: 500px;\"><\/div>[\/vc_column][\/vc_row][vc_row top_padding=\u00a0\u00bb50&Prime;][vc_column width=\u00a0\u00bb1\/6&Prime;][\/vc_column][vc_column width=\u00a0\u00bb2\/3&Prime;][vc_column_text]<\/p>\n<h4 style=\"text-align: center;\">Engagement envers l&rsquo;\u00e9quit\u00e9, la diversit\u00e9 et l&rsquo;inclusion<\/h4>\n<p>Le Bureau canadien de l\u2019\u00e9ducation internationale (BCEI) a \u00e0 c\u0153ur l\u2019\u00e9quit\u00e9, la diversit\u00e9, l\u2019inclusion, l\u2019indig\u00e9nisme, ainsi que la lutte contre le racisme, et l\u2019intersectionnalit\u00e9. En tant que chef de file mondial en \u00e9ducation internationale, le BCEI reconna\u00eet qu\u2019il est de sa responsabilit\u00e9 de s\u2019engager activement dans l\u2019apprentissage, les programmes, les activit\u00e9s, les politiques et la d\u00e9fense des droits, afin de promouvoir la justice et ces valeurs. L\u2019\u00e9ducation internationale a une incidence majeure sur le monde. Nous devons nous assurer que cette incidence est inclusive, positive et durable. Notre engagement fait partie d\u2019un processus d\u2019apprentissage continu. Nous mettons en \u0153uvre un cadre pratique et it\u00e9ratif pour construire un BCEI inclusif en engageant le dialogue avec l\u2019ensemble des membres des communaut\u00e9s.[\/vc_column_text][\/vc_column][vc_column width=\u00a0\u00bb1\/6&Prime;][\/vc_column][\/vc_row][vc_row text_align=\u00a0\u00bbcenter\u00a0\u00bb top_padding=\u00a0\u00bb40&Prime; bottom_padding=\u00a0\u00bb50&Prime;][vc_column width=\u00a0\u00bb1\/4&Prime;][\/vc_column][vc_column width=\u00a0\u00bb1\/2&Prime;]<a href=\"https:\/\/cbie.ca\/wp-content\/uploads\/2019\/11\/BCEI_PS_2020-2025.pdf\" target=\"_blank\" class=\"button button-appear color-2 full \" style=\"border-radius: 2px;\"><span>Consultez le Plan strat\u00e9gique 2020-2025 du BCEI<i class='fa fa-arrow-right'><\/i><\/span><\/a>[\/vc_column][vc_column width=\u00a0\u00bb1\/4&Prime;][\/vc_column][\/vc_row][vc_row text_align=\u00a0\u00bbcenter\u00a0\u00bb top_padding=\u00a0\u00bb40&Prime; bottom_padding=\u00a0\u00bb50&Prime;][vc_column width=\u00a0\u00bb1\/4&Prime;][\/vc_column][vc_column width=\u00a0\u00bb1\/2&Prime;]<a href=\"https:\/\/cbie.ca\/wp-content\/uploads\/2020\/12\/SEA-Code-of-Conduct-FR-CBIE.pdf\" target=\"_blank\" class=\"button button-appear color-2 full \" style=\"border-radius: 2px;\"><span>Consultez le Code de conduite visant \u00e0 pr\u00e9venir et \u00e0 combattre l\u2019exploitation et les abus sexuels <i class='fa fa-arrow-right'><\/i><\/span><\/a>[\/vc_column][vc_column width=\u00a0\u00bb1\/4&Prime;][\/vc_column][\/vc_row]<\/p>\n<\/div>","protected":false},"excerpt":{"rendered":"<p>[vc_row type=\u00a0\u00bbfull_width_section\u00a0\u00bb text_color=\u00a0\u00bblight\u00a0\u00bb text_align=\u00a0\u00bbcenter\u00a0\u00bb][vc_column el_class=\u00a0\u00bbfull\u00a0\u00bb bg_color=\u00a0\u00bb#01416a\u00a0\u00bb column_padding=\u00a0\u00bbpadding-3&Prime; column_center=\u00a0\u00bbtrue\u00a0\u00bb text_color=\u00a0\u00bblight\u00a0\u00bb text_align=\u00a0\u00bbcenter\u00a0\u00bb width=\u00a0\u00bb1\/1&Prime;][vc_column_text] Mission [\/vc_column_text][vc_column_text] En tant que porte-parole national, le BCEI fait progresser l\u2019\u00e9ducation internationale canadienne en cr\u00e9ant et mobilisant expertise, [&hellip;]<\/p>\n","protected":false},"author":63,"featured_media":0,"parent":17085,"menu_order":0,"comment_status":"closed","ping_status":"closed","template":"","meta":{"_acf_changed":false,"footnotes":""},"class_list":["post-17092","page","type-page","status-publish","hentry"],"acf":[],"yoast_head":"<!-- This site is optimized with the Yoast SEO plugin v27.4 - https:\/\/yoast.com\/product\/yoast-seo-wordpress\/ -->\n<title>Notre mission, notre vision et nos valeurs - CBIE<\/title>\n<meta name=\"robots\" content=\"index, follow, max-snippet:-1, max-image-preview:large, max-video-preview:-1\" \/>\n<link rel=\"canonical\" href=\"https:\/\/cbie.ca\/who-we-are\/mission-vision-values\/\" \/>\n<meta property=\"og:locale\" content=\"fr_FR\" \/>\n<meta property=\"og:type\" content=\"article\" \/>\n<meta property=\"og:title\" content=\"Notre mission, notre vision et nos valeurs - CBIE\" \/>\n<meta property=\"og:description\" content=\"[vc_row type=\u00a0\u00bbfull_width_section\u00a0\u00bb text_color=\u00a0\u00bblight\u00a0\u00bb text_align=\u00a0\u00bbcenter\u00a0\u00bb][vc_column el_class=\u00a0\u00bbfull\u00a0\u00bb bg_color=\u00a0\u00bb#01416a\u00a0\u00bb column_padding=\u00a0\u00bbpadding-3&Prime; column_center=\u00a0\u00bbtrue\u00a0\u00bb text_color=\u00a0\u00bblight\u00a0\u00bb text_align=\u00a0\u00bbcenter\u00a0\u00bb width=\u00a0\u00bb1\/1&Prime;][vc_column_text] Mission [\/vc_column_text][vc_column_text] En tant que porte-parole national, le BCEI fait progresser l\u2019\u00e9ducation internationale canadienne en cr\u00e9ant et mobilisant expertise, [&hellip;]\" \/>\n<meta property=\"og:url\" content=\"https:\/\/cbie.ca\/who-we-are\/mission-vision-values\/\" \/>\n<meta property=\"og:site_name\" content=\"CBIE\" \/>\n<meta property=\"article:modified_time\" content=\"2020-12-15T21:07:25+00:00\" \/>\n<meta property=\"og:image\" content=\"https:\/\/cbie.ca\/wp-content\/uploads\/2024\/01\/CBIE-Announcement-EN.png\" \/>\n\t<meta property=\"og:image:width\" content=\"1600\" \/>\n\t<meta property=\"og:image:height\" content=\"900\" \/>\n\t<meta property=\"og:image:type\" content=\"image\/png\" \/>\n<meta name=\"twitter:card\" content=\"summary_large_image\" \/>\n<meta name=\"twitter:label1\" content=\"Dur\u00e9e de lecture estim\u00e9e\" \/>\n\t<meta name=\"twitter:data1\" content=\"3 minutes\" \/>\n<script type=\"application\/ld+json\" class=\"yoast-schema-graph\">{\"@context\":\"https:\\\/\\\/schema.org\",\"@graph\":[{\"@type\":\"WebPage\",\"@id\":\"https:\\\/\\\/cbie.ca\\\/who-we-are\\\/mission-vision-values\\\/\",\"url\":\"https:\\\/\\\/cbie.ca\\\/who-we-are\\\/mission-vision-values\\\/\",\"name\":\"Notre mission, notre vision et nos valeurs - CBIE\",\"isPartOf\":{\"@id\":\"https:\\\/\\\/cbie.ca\\\/#website\"},\"datePublished\":\"2016-05-02T14:29:34+00:00\",\"dateModified\":\"2020-12-15T21:07:25+00:00\",\"breadcrumb\":{\"@id\":\"https:\\\/\\\/cbie.ca\\\/who-we-are\\\/mission-vision-values\\\/#breadcrumb\"},\"inLanguage\":\"fr-FR\",\"potentialAction\":[{\"@type\":\"ReadAction\",\"target\":[\"https:\\\/\\\/cbie.ca\\\/who-we-are\\\/mission-vision-values\\\/\"]}]},{\"@type\":\"BreadcrumbList\",\"@id\":\"https:\\\/\\\/cbie.ca\\\/who-we-are\\\/mission-vision-values\\\/#breadcrumb\",\"itemListElement\":[{\"@type\":\"ListItem\",\"position\":1,\"name\":\"Home\",\"item\":\"https:\\\/\\\/cbie.ca\\\/fr\\\/\"},{\"@type\":\"ListItem\",\"position\":2,\"name\":\"Qui sommes-nous?\",\"item\":\"https:\\\/\\\/cbie.ca\\\/fr\\\/who-we-are\\\/\"},{\"@type\":\"ListItem\",\"position\":3,\"name\":\"Notre mission, notre vision et nos valeurs\"}]},{\"@type\":\"WebSite\",\"@id\":\"https:\\\/\\\/cbie.ca\\\/#website\",\"url\":\"https:\\\/\\\/cbie.ca\\\/\",\"name\":\"Canadian Bureau for International Education\",\"description\":\"\",\"potentialAction\":[{\"@type\":\"SearchAction\",\"target\":{\"@type\":\"EntryPoint\",\"urlTemplate\":\"https:\\\/\\\/cbie.ca\\\/?s={search_term_string}\"},\"query-input\":{\"@type\":\"PropertyValueSpecification\",\"valueRequired\":true,\"valueName\":\"search_term_string\"}}],\"inLanguage\":\"fr-FR\"}]}<\/script>\n<!-- \/ Yoast SEO plugin. -->","yoast_head_json":{"title":"Notre mission, notre vision et nos valeurs - CBIE","robots":{"index":"index","follow":"follow","max-snippet":"max-snippet:-1","max-image-preview":"max-image-preview:large","max-video-preview":"max-video-preview:-1"},"canonical":"https:\/\/cbie.ca\/who-we-are\/mission-vision-values\/","og_locale":"fr_FR","og_type":"article","og_title":"Notre mission, notre vision et nos valeurs - CBIE","og_description":"[vc_row type=\u00a0\u00bbfull_width_section\u00a0\u00bb text_color=\u00a0\u00bblight\u00a0\u00bb text_align=\u00a0\u00bbcenter\u00a0\u00bb][vc_column el_class=\u00a0\u00bbfull\u00a0\u00bb bg_color=\u00a0\u00bb#01416a\u00a0\u00bb column_padding=\u00a0\u00bbpadding-3&Prime; column_center=\u00a0\u00bbtrue\u00a0\u00bb text_color=\u00a0\u00bblight\u00a0\u00bb text_align=\u00a0\u00bbcenter\u00a0\u00bb width=\u00a0\u00bb1\/1&Prime;][vc_column_text] Mission [\/vc_column_text][vc_column_text] En tant que porte-parole national, le BCEI fait progresser l\u2019\u00e9ducation internationale canadienne en cr\u00e9ant et mobilisant expertise, [&hellip;]","og_url":"https:\/\/cbie.ca\/who-we-are\/mission-vision-values\/","og_site_name":"CBIE","article_modified_time":"2020-12-15T21:07:25+00:00","og_image":[{"width":1600,"height":900,"url":"https:\/\/cbie.ca\/wp-content\/uploads\/2024\/01\/CBIE-Announcement-EN.png","type":"image\/png"}],"twitter_card":"summary_large_image","twitter_misc":{"Dur\u00e9e de lecture estim\u00e9e":"3 minutes"},"schema":{"@context":"https:\/\/schema.org","@graph":[{"@type":"WebPage","@id":"https:\/\/cbie.ca\/who-we-are\/mission-vision-values\/","url":"https:\/\/cbie.ca\/who-we-are\/mission-vision-values\/","name":"Notre mission, notre vision et nos valeurs - CBIE","isPartOf":{"@id":"https:\/\/cbie.ca\/#website"},"datePublished":"2016-05-02T14:29:34+00:00","dateModified":"2020-12-15T21:07:25+00:00","breadcrumb":{"@id":"https:\/\/cbie.ca\/who-we-are\/mission-vision-values\/#breadcrumb"},"inLanguage":"fr-FR","potentialAction":[{"@type":"ReadAction","target":["https:\/\/cbie.ca\/who-we-are\/mission-vision-values\/"]}]},{"@type":"BreadcrumbList","@id":"https:\/\/cbie.ca\/who-we-are\/mission-vision-values\/#breadcrumb","itemListElement":[{"@type":"ListItem","position":1,"name":"Home","item":"https:\/\/cbie.ca\/fr\/"},{"@type":"ListItem","position":2,"name":"Qui sommes-nous?","item":"https:\/\/cbie.ca\/fr\/who-we-are\/"},{"@type":"ListItem","position":3,"name":"Notre mission, notre vision et nos valeurs"}]},{"@type":"WebSite","@id":"https:\/\/cbie.ca\/#website","url":"https:\/\/cbie.ca\/","name":"Canadian Bureau for International Education","description":"","potentialAction":[{"@type":"SearchAction","target":{"@type":"EntryPoint","urlTemplate":"https:\/\/cbie.ca\/?s={search_term_string}"},"query-input":{"@type":"PropertyValueSpecification","valueRequired":true,"valueName":"search_term_string"}}],"inLanguage":"fr-FR"}]}},"_links":{"self":[{"href":"https:\/\/cbie.ca\/fr\/wp-json\/wp\/v2\/pages\/17092","targetHints":{"allow":["GET"]}}],"collection":[{"href":"https:\/\/cbie.ca\/fr\/wp-json\/wp\/v2\/pages"}],"about":[{"href":"https:\/\/cbie.ca\/fr\/wp-json\/wp\/v2\/types\/page"}],"author":[{"embeddable":true,"href":"https:\/\/cbie.ca\/fr\/wp-json\/wp\/v2\/users\/63"}],"replies":[{"embeddable":true,"href":"https:\/\/cbie.ca\/fr\/wp-json\/wp\/v2\/comments?post=17092"}],"version-history":[{"count":0,"href":"https:\/\/cbie.ca\/fr\/wp-json\/wp\/v2\/pages\/17092\/revisions"}],"up":[{"embeddable":true,"href":"https:\/\/cbie.ca\/fr\/wp-json\/wp\/v2\/pages\/17085"}],"wp:attachment":[{"href":"https:\/\/cbie.ca\/fr\/wp-json\/wp\/v2\/media?parent=17092"}],"curies":[{"name":"wp","href":"https:\/\/api.w.org\/{rel}","templated":true}]}}