{"id":17085,"date":"2016-05-02T14:19:09","date_gmt":"2016-05-02T14:19:09","guid":{"rendered":"http:\/\/198.12.153.159\/~cbie\/?page_id=17085&#038;lang=fr"},"modified":"2019-03-19T14:14:44","modified_gmt":"2019-03-19T18:14:44","slug":"who-we-are","status":"publish","type":"page","link":"https:\/\/cbie.ca\/fr\/who-we-are\/","title":{"rendered":"Qui sommes-nous?"},"content":{"rendered":"<div class=\"wpb-content-wrapper\"><p>[vc_row text_align=\u00a0\u00bbcenter\u00a0\u00bb][vc_column el_class=\u00a0\u00bbfull\u00a0\u00bb column_padding=\u00a0\u00bbpadding-3&Prime; column_center=\u00a0\u00bbtrue\u00a0\u00bb text_align=\u00a0\u00bbcenter\u00a0\u00bb width=\u00a0\u00bb1\/1&Prime;][vc_column_text]<\/p>\n<h1 style=\"text-align: center;\">Qui sommes-nous?<\/h1>\n<p>[\/vc_column_text]<div class=\"newdivider align-center\" style=\"border-bottom-style: solid; border-color: #ffc529; border-bottom-width: 2px; margin-top: 30px; margin-bottom: 30px; width: 130px; \"><\/div><div class=\"clear\"><\/div>[vc_column_text]<\/p>\n<h2 class=\"h5styleh2\" style=\"text-align: center; color: #1c86a4;\">Le BCEI a \u00e9t\u00e9 constitu\u00e9 en soci\u00e9t\u00e9 en 1966, mais l\u2019organisation a d\u2019abord \u00e9t\u00e9 cr\u00e9\u00e9e dans les ann\u00e9es 1940 sous le nom des Friendly Relations with Overseas Students .<\/h2>\n<p>[\/vc_column_text]<div class=\"spacer\" style=\"height: 30px;\"><\/div><a href=\"https:\/\/cbie.ca\/timeline\/?lang=fr\" target=\"_self\" class=\"button color-1 small btn-blue\" style=\"border-radius: 2px;\">Historique du BCEI<\/a>[\/vc_column][\/vc_row][vc_row type=\u00a0\u00bbfull_width_section\u00a0\u00bb bg_color=\u00a0\u00bb#01416a\u00a0\u00bb text_color=\u00a0\u00bblight\u00a0\u00bb][vc_column bg_color=\u00a0\u00bb#01416a\u00a0\u00bb column_padding=\u00a0\u00bbpadding-3&Prime; column_center=\u00a0\u00bbtrue\u00a0\u00bb text_color=\u00a0\u00bblight\u00a0\u00bb width=\u00a0\u00bb1\/2&Prime;][vc_column_text]<\/p>\n<h3>Notre mission, notre vision et nos valeurs<\/h3>\n<h5>En tant que porte-parole national, le BCEI fait progresser l\u2019\u00e9ducation internationale canadienne en cr\u00e9ant et mobilisant expertise, savoir, opportunit\u00e9s et leadership.<\/h5>\n<p>Chef de file de l\u2019\u00e9ducation internationale, le BCEI est reconnu pour ses actions bas\u00e9es sur l\u2019\u00e9quit\u00e9, la qualit\u00e9, l\u2019inclusion et le partenariat.<\/p>\n<p>[\/vc_column_text]<div class=\"spacer\" style=\"height: 30px;\"><\/div><a href=\"https:\/\/cbie.ca\/who-we-are\/notre-mission-notre-vision-et-nos-valeurs\/?lang=fr\" target=\"_self\" class=\"button color-8 medium \" style=\"border-radius: 2px;\">En savoir plus<\/a>[\/vc_column][vc_column bg_image=\u00a0\u00bb18109&Prime; width=\u00a0\u00bb1\/2&Prime;]<div class=\"spacer\" style=\"height: 600px;\"><\/div>[\/vc_column][\/vc_row][vc_row type=\u00a0\u00bbfull_width_section\u00a0\u00bb bg_color=\u00a0\u00bb#00263e\u00a0\u00bb text_color=\u00a0\u00bblight\u00a0\u00bb][vc_column column_padding=\u00a0\u00bbpadding-3&Prime; text_align=\u00a0\u00bbcenter\u00a0\u00bb width=\u00a0\u00bb1\/1&Prime;][vc_column_text]<\/p>\n<h5>Notre conseil d\u2019administration<\/h5>\n<p>Le Bureau canadien de l\u2019\u00e9ducation internationale se compose de trois dirigeants du conseil d\u2019administration nomm\u00e9s et de douze administrateurs \u00e9lus venant de tout le Canada et de tout le secteur de l\u2019\u00e9ducation.[\/vc_column_text]<div class=\"spacer\" style=\"height: 30px;\"><\/div><a href=\"https:\/\/cbie.ca\/who-we-are\/notre-conseil-dadministration\/?lang=fr\" target=\"_self\" class=\"button color-8 medium \" style=\"border-radius: 2px;\">En savoir plus<\/a><div class=\"spacer\" style=\"height: 50px;\"><\/div>[vc_column_text]<\/p>\n<h5>Notre direction<\/h5>\n<p>[\/vc_column_text]<div class=\"spacer\" style=\"height: 30px;\"><\/div><a href=\"https:\/\/cbie.ca\/who-we-are\/notre-direction\/?lang=fr\" target=\"_self\" class=\"button color-8 medium \" style=\"border-radius: 2px;\">En savoir plus<\/a>[\/vc_column][\/vc_row][vc_row type=\u00a0\u00bbfull_width_section\u00a0\u00bb text_align=\u00a0\u00bbcenter\u00a0\u00bb][vc_column el_class=\u00a0\u00bbfull\u00a0\u00bb column_padding=\u00a0\u00bbpadding-3&Prime; column_center=\u00a0\u00bbtrue\u00a0\u00bb text_align=\u00a0\u00bbcenter\u00a0\u00bb width=\u00a0\u00bb1\/1&Prime;]<div class=\"spacer\" style=\"height: 50px;\"><\/div>[vc_column_text]<\/p>\n<h1 style=\"text-align: center;\">Nos r\u00e9sultats parlent d\u2019eux-m\u00eames<\/h1>\n<p>[\/vc_column_text]<div class=\"newdivider align-center\" style=\"border-bottom-style: solid; border-color: #a7a8aa; border-bottom-width: 2px; margin-top: 30px; margin-bottom: 30px; width: 130px; \"><\/div><div class=\"clear\"><\/div>[vc_column_text]<\/p>\n<h2 class=\"h5styleh2\" style=\"text-align: center; color: #006e96;\">Ces 50 derni\u00e8res ann\u00e9es, le BCEI a g\u00e9r\u00e9 plus de 100 projets internationaux d\u2019une valeur de plus de 2,5 milliards de dollars et faisant intervenir plus de 60 pays et 17 langues.<\/h2>\n<p>[\/vc_column_text]<div class=\"spacer\" style=\"height: 50px;\"><\/div>[\/vc_column][\/vc_row][vc_row type=\u00a0\u00bbfull_width_section\u00a0\u00bb text_color=\u00a0\u00bblight\u00a0\u00bb text_align=\u00a0\u00bbcenter\u00a0\u00bb][vc_column bg_color=\u00a0\u00bb#0099b2&Prime; column_padding=\u00a0\u00bbpadding-3&Prime; column_center=\u00a0\u00bbtrue\u00a0\u00bb text_color=\u00a0\u00bblight\u00a0\u00bb text_align=\u00a0\u00bbcenter\u00a0\u00bb width=\u00a0\u00bb1\/4&Prime;][vc_column_text]<\/p>\n<h3 style=\"text-align: center; margin-bottom: 5px;\">&gt; 150<\/h3>\n<h4 style=\"text-align: center; margin-bottom: 15px;\">membres<\/h4>\n<p>[\/vc_column_text][vc_column_text]<\/p>\n<p style=\"text-align: center;\">Nos membres pancanadiens couvrent tout le secteur de l\u2019\u00e9ducation : universit\u00e9s, coll\u00e8ges, instituts, polytechniques, c\u00e9geps, conseils et commissions scolaires et \u00e9coles de langues.<\/p>\n<p>[\/vc_column_text][\/vc_column][vc_column bg_color=\u00a0\u00bb#007096&Prime; column_padding=\u00a0\u00bbpadding-3&Prime; column_center=\u00a0\u00bbtrue\u00a0\u00bb text_color=\u00a0\u00bblight\u00a0\u00bb text_align=\u00a0\u00bbcenter\u00a0\u00bb width=\u00a0\u00bb1\/4&Prime;][vc_column_text]<\/p>\n<h3 style=\"text-align: center; margin-bottom: 5px;\">2 $<\/h3>\n<h4 style=\"text-align: center; margin-bottom: 15px;\">milliards de dollars<\/h4>\n<p>[\/vc_column_text][vc_column_text]<\/p>\n<p style=\"text-align: center;\">Ces 30 derni\u00e8res ann\u00e9es, le BCEI a g\u00e9r\u00e9 plus de 100 programmes d\u2019une valeur de plus de 2 milliards de dollars.<\/p>\n<p>[\/vc_column_text][\/vc_column][vc_column bg_color=\u00a0\u00bb#0099b2&Prime; column_padding=\u00a0\u00bbpadding-3&Prime; column_center=\u00a0\u00bbtrue\u00a0\u00bb text_color=\u00a0\u00bblight\u00a0\u00bb text_align=\u00a0\u00bbcenter\u00a0\u00bb width=\u00a0\u00bb1\/4&Prime;][vc_column_text]<\/p>\n<h3 style=\"text-align: center; margin-bottom: 5px;\">50<\/h3>\n<h4 style=\"text-align: center; margin-bottom: 15px;\">ans<\/h4>\n<p>[\/vc_column_text][vc_column_text]<\/p>\n<p style=\"text-align: center;\">Depuis 1966, le BCEI fait la promotion de l\u2019\u00e9ducation internationale avec ses partenaires au Canada et \u00e0 l\u2019\u00e9tranger.<\/p>\n<p>[\/vc_column_text][\/vc_column][vc_column bg_color=\u00a0\u00bb#007096&Prime; column_padding=\u00a0\u00bbpadding-3&Prime; column_center=\u00a0\u00bbtrue\u00a0\u00bb text_color=\u00a0\u00bblight\u00a0\u00bb text_align=\u00a0\u00bbcenter\u00a0\u00bb width=\u00a0\u00bb1\/4&Prime;][vc_column_text]<\/p>\n<h3 style=\"text-align: center; margin-bottom: 5px;\">35 000<\/h3>\n<h4 style=\"text-align: center; margin-bottom: 15px;\">personnes<\/h4>\n<p>[\/vc_column_text][vc_column_text]<\/p>\n<div class=\"wpb_text_column wpb_content_element \">\n<div class=\"wpb_wrapper\">\n<p style=\"text-align: center;\">Le BCEI a mobilis\u00e9 plus de 35\u00a0000\u00a0\u00e9tudiants et stagiaires pour des programmes p\u00e9dagogiques au Canada et \u00e0 l\u2019\u00e9tranger.<\/p>\n<\/div>\n<\/div>\n<p>[\/vc_column_text][\/vc_column][\/vc_row]<\/p>\n<\/div>","protected":false},"excerpt":{"rendered":"<p>[vc_row text_align=\u00a0\u00bbcenter\u00a0\u00bb][vc_column el_class=\u00a0\u00bbfull\u00a0\u00bb column_padding=\u00a0\u00bbpadding-3&Prime; column_center=\u00a0\u00bbtrue\u00a0\u00bb text_align=\u00a0\u00bbcenter\u00a0\u00bb width=\u00a0\u00bb1\/1&Prime;][vc_column_text] Qui sommes-nous? [\/vc_column_text][vc_column_text] Le BCEI a \u00e9t\u00e9 constitu\u00e9 en soci\u00e9t\u00e9 en 1966, mais l\u2019organisation a d\u2019abord \u00e9t\u00e9 cr\u00e9\u00e9e dans les ann\u00e9es 1940 sous [&hellip;]<\/p>\n","protected":false},"author":63,"featured_media":0,"parent":0,"menu_order":0,"comment_status":"closed","ping_status":"closed","template":"","meta":{"_acf_changed":false,"footnotes":""},"class_list":["post-17085","page","type-page","status-publish","hentry"],"acf":[],"yoast_head":"<!-- This site is optimized with the Yoast SEO plugin v27.4 - https:\/\/yoast.com\/product\/yoast-seo-wordpress\/ -->\n<title>Qui sommes-nous? - CBIE<\/title>\n<meta name=\"robots\" content=\"index, follow, max-snippet:-1, max-image-preview:large, max-video-preview:-1\" \/>\n<link rel=\"canonical\" href=\"https:\/\/cbie.ca\/fr\/who-we-are\/\" \/>\n<meta property=\"og:locale\" content=\"fr_FR\" \/>\n<meta property=\"og:type\" content=\"article\" \/>\n<meta property=\"og:title\" content=\"Qui sommes-nous? - CBIE\" \/>\n<meta property=\"og:description\" content=\"[vc_row text_align=\u00a0\u00bbcenter\u00a0\u00bb][vc_column el_class=\u00a0\u00bbfull\u00a0\u00bb column_padding=\u00a0\u00bbpadding-3&Prime; column_center=\u00a0\u00bbtrue\u00a0\u00bb text_align=\u00a0\u00bbcenter\u00a0\u00bb width=\u00a0\u00bb1\/1&Prime;][vc_column_text] Qui sommes-nous? [\/vc_column_text][vc_column_text] Le BCEI a \u00e9t\u00e9 constitu\u00e9 en soci\u00e9t\u00e9 en 1966, mais l\u2019organisation a d\u2019abord \u00e9t\u00e9 cr\u00e9\u00e9e dans les ann\u00e9es 1940 sous [&hellip;]\" \/>\n<meta property=\"og:url\" content=\"https:\/\/cbie.ca\/fr\/who-we-are\/\" \/>\n<meta property=\"og:site_name\" content=\"CBIE\" \/>\n<meta property=\"article:modified_time\" content=\"2019-03-19T18:14:44+00:00\" \/>\n<meta property=\"og:image\" content=\"https:\/\/cbie.ca\/wp-content\/uploads\/2024\/01\/CBIE-Announcement-EN.png\" \/>\n\t<meta property=\"og:image:width\" content=\"1600\" \/>\n\t<meta property=\"og:image:height\" content=\"900\" \/>\n\t<meta property=\"og:image:type\" content=\"image\/png\" \/>\n<meta name=\"twitter:card\" content=\"summary_large_image\" \/>\n<meta name=\"twitter:label1\" content=\"Dur\u00e9e de lecture estim\u00e9e\" \/>\n\t<meta name=\"twitter:data1\" content=\"3 minutes\" \/>\n<script type=\"application\/ld+json\" class=\"yoast-schema-graph\">{\"@context\":\"https:\\\/\\\/schema.org\",\"@graph\":[{\"@type\":\"WebPage\",\"@id\":\"https:\\\/\\\/cbie.ca\\\/fr\\\/who-we-are\\\/\",\"url\":\"https:\\\/\\\/cbie.ca\\\/fr\\\/who-we-are\\\/\",\"name\":\"Qui sommes-nous? - CBIE\",\"isPartOf\":{\"@id\":\"https:\\\/\\\/cbie.ca\\\/#website\"},\"datePublished\":\"2016-05-02T14:19:09+00:00\",\"dateModified\":\"2019-03-19T18:14:44+00:00\",\"breadcrumb\":{\"@id\":\"https:\\\/\\\/cbie.ca\\\/fr\\\/who-we-are\\\/#breadcrumb\"},\"inLanguage\":\"fr-FR\",\"potentialAction\":[{\"@type\":\"ReadAction\",\"target\":[\"https:\\\/\\\/cbie.ca\\\/fr\\\/who-we-are\\\/\"]}]},{\"@type\":\"BreadcrumbList\",\"@id\":\"https:\\\/\\\/cbie.ca\\\/fr\\\/who-we-are\\\/#breadcrumb\",\"itemListElement\":[{\"@type\":\"ListItem\",\"position\":1,\"name\":\"Home\",\"item\":\"https:\\\/\\\/cbie.ca\\\/fr\\\/\"},{\"@type\":\"ListItem\",\"position\":2,\"name\":\"Qui sommes-nous?\"}]},{\"@type\":\"WebSite\",\"@id\":\"https:\\\/\\\/cbie.ca\\\/#website\",\"url\":\"https:\\\/\\\/cbie.ca\\\/\",\"name\":\"Canadian Bureau for International Education\",\"description\":\"\",\"potentialAction\":[{\"@type\":\"SearchAction\",\"target\":{\"@type\":\"EntryPoint\",\"urlTemplate\":\"https:\\\/\\\/cbie.ca\\\/?s={search_term_string}\"},\"query-input\":{\"@type\":\"PropertyValueSpecification\",\"valueRequired\":true,\"valueName\":\"search_term_string\"}}],\"inLanguage\":\"fr-FR\"}]}<\/script>\n<!-- \/ Yoast SEO plugin. -->","yoast_head_json":{"title":"Qui sommes-nous? - CBIE","robots":{"index":"index","follow":"follow","max-snippet":"max-snippet:-1","max-image-preview":"max-image-preview:large","max-video-preview":"max-video-preview:-1"},"canonical":"https:\/\/cbie.ca\/fr\/who-we-are\/","og_locale":"fr_FR","og_type":"article","og_title":"Qui sommes-nous? - CBIE","og_description":"[vc_row text_align=\u00a0\u00bbcenter\u00a0\u00bb][vc_column el_class=\u00a0\u00bbfull\u00a0\u00bb column_padding=\u00a0\u00bbpadding-3&Prime; column_center=\u00a0\u00bbtrue\u00a0\u00bb text_align=\u00a0\u00bbcenter\u00a0\u00bb width=\u00a0\u00bb1\/1&Prime;][vc_column_text] Qui sommes-nous? [\/vc_column_text][vc_column_text] Le BCEI a \u00e9t\u00e9 constitu\u00e9 en soci\u00e9t\u00e9 en 1966, mais l\u2019organisation a d\u2019abord \u00e9t\u00e9 cr\u00e9\u00e9e dans les ann\u00e9es 1940 sous [&hellip;]","og_url":"https:\/\/cbie.ca\/fr\/who-we-are\/","og_site_name":"CBIE","article_modified_time":"2019-03-19T18:14:44+00:00","og_image":[{"width":1600,"height":900,"url":"https:\/\/cbie.ca\/wp-content\/uploads\/2024\/01\/CBIE-Announcement-EN.png","type":"image\/png"}],"twitter_card":"summary_large_image","twitter_misc":{"Dur\u00e9e de lecture estim\u00e9e":"3 minutes"},"schema":{"@context":"https:\/\/schema.org","@graph":[{"@type":"WebPage","@id":"https:\/\/cbie.ca\/fr\/who-we-are\/","url":"https:\/\/cbie.ca\/fr\/who-we-are\/","name":"Qui sommes-nous? - CBIE","isPartOf":{"@id":"https:\/\/cbie.ca\/#website"},"datePublished":"2016-05-02T14:19:09+00:00","dateModified":"2019-03-19T18:14:44+00:00","breadcrumb":{"@id":"https:\/\/cbie.ca\/fr\/who-we-are\/#breadcrumb"},"inLanguage":"fr-FR","potentialAction":[{"@type":"ReadAction","target":["https:\/\/cbie.ca\/fr\/who-we-are\/"]}]},{"@type":"BreadcrumbList","@id":"https:\/\/cbie.ca\/fr\/who-we-are\/#breadcrumb","itemListElement":[{"@type":"ListItem","position":1,"name":"Home","item":"https:\/\/cbie.ca\/fr\/"},{"@type":"ListItem","position":2,"name":"Qui sommes-nous?"}]},{"@type":"WebSite","@id":"https:\/\/cbie.ca\/#website","url":"https:\/\/cbie.ca\/","name":"Canadian Bureau for International Education","description":"","potentialAction":[{"@type":"SearchAction","target":{"@type":"EntryPoint","urlTemplate":"https:\/\/cbie.ca\/?s={search_term_string}"},"query-input":{"@type":"PropertyValueSpecification","valueRequired":true,"valueName":"search_term_string"}}],"inLanguage":"fr-FR"}]}},"_links":{"self":[{"href":"https:\/\/cbie.ca\/fr\/wp-json\/wp\/v2\/pages\/17085","targetHints":{"allow":["GET"]}}],"collection":[{"href":"https:\/\/cbie.ca\/fr\/wp-json\/wp\/v2\/pages"}],"about":[{"href":"https:\/\/cbie.ca\/fr\/wp-json\/wp\/v2\/types\/page"}],"author":[{"embeddable":true,"href":"https:\/\/cbie.ca\/fr\/wp-json\/wp\/v2\/users\/63"}],"replies":[{"embeddable":true,"href":"https:\/\/cbie.ca\/fr\/wp-json\/wp\/v2\/comments?post=17085"}],"version-history":[{"count":0,"href":"https:\/\/cbie.ca\/fr\/wp-json\/wp\/v2\/pages\/17085\/revisions"}],"wp:attachment":[{"href":"https:\/\/cbie.ca\/fr\/wp-json\/wp\/v2\/media?parent=17085"}],"curies":[{"name":"wp","href":"https:\/\/api.w.org\/{rel}","templated":true}]}}