{"id":119482,"date":"2025-11-24T13:26:45","date_gmt":"2025-11-24T18:26:45","guid":{"rendered":"https:\/\/cbie.ca\/?page_id=119482"},"modified":"2026-03-09T12:55:08","modified_gmt":"2026-03-09T16:55:08","slug":"colloques-regionaux","status":"publish","type":"page","link":"https:\/\/cbie.ca\/fr\/upcoming-events\/colloques-regionaux\/","title":{"rendered":"Colloques r\u00e9gionaux"},"content":{"rendered":"<div class=\"wpb-content-wrapper\"><p>[vc_row bg_image=\u00a0\u00bb119463&Prime; parallax_bg=\u00a0\u00bbtrue\u00a0\u00bb bg_color=\u00a0\u00bb#01426a\u00a0\u00bb text_color=\u00a0\u00bblight\u00a0\u00bb text_align=\u00a0\u00bbcenter\u00a0\u00bb top_padding=\u00a0\u00bb40&Prime; bottom_padding=\u00a0\u00bb40&Prime; row_id=\u00a0\u00bbhero-banner\u00a0\u00bb][vc_column column_padding=\u00a0\u00bbcustom-padding\u00a0\u00bb column_custompadding=\u00a0\u00bb10% 0px\u00a0\u00bb text_color=\u00a0\u00bblight\u00a0\u00bb text_align=\u00a0\u00bbcenter\u00a0\u00bb width=\u00a0\u00bb1\/1&Prime;][vc_column_text]<\/p>\n<h1>Colloques r\u00e9gionaux<\/h1>\n<p>[\/vc_column_text]<div class=\"newdivider align-center\" style=\"border-bottom-style: solid; border-color: #1c86a4; border-bottom-width: 2px; margin-top: 30px; margin-bottom: 30px; width: 130px; \"><\/div><div class=\"clear\"><\/div>[vc_column_text]<\/p>\n<h5>Chaque ann\u00e9e, le BCEI, en partenariat avec des \u00e9tablissements membres, organise des colloques qui offrent aux praticien.ne.s de l\u2019\u00e9ducation internationale un espace de rencontre pour discuter de sujets d\u2019actualit\u00e9 qui ont un impact au niveau r\u00e9gional.<\/h5>\n<p>[\/vc_column_text][\/vc_column][\/vc_row][vc_row top_padding=\u00a0\u00bb70&Prime;][vc_column width=\u00a0\u00bb1\/4&Prime;]<div class=\"counter clearfix wpb_content_element\"><div class=\"counter-number\" style=\"color: #007096 !important;\">589<\/div><span class=\"counter-title\">Participant.e.s<\/span><\/div>[\/vc_column][vc_column width=\u00a0\u00bb1\/4&Prime;]<div class=\"counter clearfix wpb_content_element\"><div class=\"counter-number\" style=\"color: #007096 !important;\">202<\/div><span class=\"counter-title\">\u00c9tablissements<\/span><\/div>[\/vc_column][vc_column width=\u00a0\u00bb1\/4&Prime;]<div class=\"counter clearfix wpb_content_element\"><div class=\"counter-number\" style=\"color: #007096 !important;\">10<\/div><span class=\"counter-title\">Provinces<\/span><\/div>[\/vc_column][vc_column width=\u00a0\u00bb1\/4&Prime;]<div class=\"counter clearfix wpb_content_element\"><div class=\"counter-number\" style=\"color: #007096 !important;\">67<\/div><span class=\"counter-title\">S\u00e9ances<\/span><\/div>[\/vc_column][\/vc_row][vc_row top_padding=\u00a0\u00bb70&Prime;][vc_column width=\u00a0\u00bb1\/1&Prime;][vc_column_text]<\/p>\n<p style=\"text-align: center;\">Les participant.e.s se r\u00e9unissent pour partager des donn\u00e9es de r\u00e9f\u00e9rence, les attentes de leur \u00e9tablissement, les nouvelles tendances et r\u00e9alit\u00e9s et d\u2019autres renseignements d\u2019int\u00e9r\u00eat. Organis\u00e9s par un comit\u00e9, ces \u00e9v\u00e9nements offrent aux praticien.ne.s de l&rsquo;\u00e9ducation internationale un apprentissage entre pairs, du d\u00e9veloppement professionnel, des opportunit\u00e9s de r\u00e9seautage et l&rsquo;occasion d&rsquo;aborder et de discuter des questions r\u00e9gionales et provinciales.<\/p>\n<p>[\/vc_column_text][\/vc_column][\/vc_row][vc_row top_padding=\u00a0\u00bb70&Prime; bottom_padding=\u00a0\u00bb40&Prime; class=\u00a0\u00bbregion-section\u00a0\u00bb][vc_column bg_color=\u00a0\u00bb#F4F4F4&Prime; column_padding=\u00a0\u00bbpadding-5&Prime; text_align=\u00a0\u00bbcenter\u00a0\u00bb width=\u00a0\u00bb1\/3&Prime;]<div class=\"single_image wpb_content_element align-center  image_box_circle  \" data-animation=\"none\" data-delay=\"0\"><img decoding=\"async\" class=\"\" src=\"https:\/\/cbie.ca\/wp-content\/uploads\/2025\/11\/BC-Symposium-Vancouver-banner-500x500.jpg\" width=\"500\" height=\"500\" alt=\"BC-Symposium-Vancouver-banner\" title=\"BC-Symposium-Vancouver-banner\" loading=\"lazy\" srcset=\"https:\/\/cbie.ca\/wp-content\/uploads\/2025\/11\/BC-Symposium-Vancouver-banner-500x500.jpg 500w, https:\/\/cbie.ca\/wp-content\/uploads\/2025\/11\/BC-Symposium-Vancouver-banner-150x150.jpg 150w, https:\/\/cbie.ca\/wp-content\/uploads\/2025\/11\/BC-Symposium-Vancouver-banner-80x80.jpg 80w\" sizes=\"auto, (max-width: 500px) 100vw, 500px\" \/><\/div><div class=\"spacer\" style=\"height: 30px;\"><\/div>[vc_column_text]<\/p>\n<h5>Symposium en Colombie-Britannique<\/h5>\n<p>18 et 19 f\u00e9vrier 2026<br \/>\n<a href=\"https:\/\/bccie.bc.ca\/\" target=\"_blank\" rel=\"noopener\">BC Council for International Education<\/a> | Vancouver, Colombie-Britannique[\/vc_column_text]<div class=\"spacer\" style=\"height: 30px;\"><\/div><a href=\"https:\/\/www.bccieevents.ca\/symposium26\" target=\"_blank\" class=\"button color-2 medium hidden\" style=\"border-radius: 2px;\">En savoir plus<\/a><a href=\"#\" target=\"_blank\" class=\"button color-2 medium hidden\" style=\"border-radius: 2px;\">Register now<\/a><a href=\"#\" target=\"_blank\" class=\"button color-2 medium hidden\" style=\"border-radius: 2px;\">Recap of the event<\/a>[\/vc_column][vc_column bg_color=\u00a0\u00bb#F4F4F4&Prime; column_padding=\u00a0\u00bbpadding-5&Prime; text_align=\u00a0\u00bbcenter\u00a0\u00bb width=\u00a0\u00bb1\/3&Prime;]<div class=\"single_image wpb_content_element align-center  image_box_circle  \" data-animation=\"none\" data-delay=\"0\"><img decoding=\"async\" class=\"\" src=\"https:\/\/cbie.ca\/wp-content\/uploads\/2026\/01\/PavilionD-QueRM2026-500x500.jpg\" width=\"500\" height=\"500\" alt=\"PavilionD-QueRM2026\" title=\"PavilionD-QueRM2026\" loading=\"lazy\" srcset=\"https:\/\/cbie.ca\/wp-content\/uploads\/2026\/01\/PavilionD-QueRM2026-500x500.jpg 500w, https:\/\/cbie.ca\/wp-content\/uploads\/2026\/01\/PavilionD-QueRM2026-150x150.jpg 150w, https:\/\/cbie.ca\/wp-content\/uploads\/2026\/01\/PavilionD-QueRM2026-80x80.jpg 80w, https:\/\/cbie.ca\/wp-content\/uploads\/2026\/01\/PavilionD-QueRM2026-1000x1000.jpg 1000w\" sizes=\"auto, (max-width: 500px) 100vw, 500px\" \/><\/div><div class=\"spacer\" style=\"height: 30px;\"><\/div>[vc_column_text]<\/p>\n<h5>Colloque r\u00e9gional de la Francophonie<\/h5>\n<p>6 et 7 mai 2026<br \/>\n<a href=\"https:\/\/www.etsmtl.ca\/\" target=\"_blank\" rel=\"noopener\">\u00c9cole de technologie sup\u00e9rieure<\/a> | Montr\u00e9al, Qu\u00e9bec[\/vc_column_text]<div class=\"spacer\" style=\"height: 80px;\"><\/div><a href=\"https:\/\/cbie.ca\/upcoming-events\/regional-meetings\/quebec-overview\/\" target=\"_blank\" class=\"button color-2 medium \" style=\"border-radius: 2px;\">En savoir plus<\/a><a href=\"#\" target=\"_blank\" class=\"button color-2 medium hidden\" style=\"border-radius: 2px;\">Register now<\/a><a href=\"#\" target=\"_blank\" class=\"button color-2 medium hidden\" style=\"border-radius: 2px;\">Recap of the event<\/a>[\/vc_column][vc_column bg_color=\u00a0\u00bb#F4F4F4&Prime; column_padding=\u00a0\u00bbpadding-5&Prime; text_align=\u00a0\u00bbcenter\u00a0\u00bb width=\u00a0\u00bb1\/3&Prime;]<div class=\"single_image wpb_content_element align-center  image_box_circle  \" data-animation=\"none\" data-delay=\"0\"><img decoding=\"async\" class=\"\" src=\"https:\/\/cbie.ca\/wp-content\/uploads\/2026\/01\/MRU-East-Gate-AlbertaRM2026-500x500.jpg\" width=\"500\" height=\"500\" alt=\"MRU-East-Gate-AlbertaRM2026\" title=\"MRU-East-Gate-AlbertaRM2026\" loading=\"lazy\" srcset=\"https:\/\/cbie.ca\/wp-content\/uploads\/2026\/01\/MRU-East-Gate-AlbertaRM2026-500x500.jpg 500w, https:\/\/cbie.ca\/wp-content\/uploads\/2026\/01\/MRU-East-Gate-AlbertaRM2026-150x150.jpg 150w, https:\/\/cbie.ca\/wp-content\/uploads\/2026\/01\/MRU-East-Gate-AlbertaRM2026-80x80.jpg 80w, https:\/\/cbie.ca\/wp-content\/uploads\/2026\/01\/MRU-East-Gate-AlbertaRM2026-1000x1000.jpg 1000w\" sizes=\"auto, (max-width: 500px) 100vw, 500px\" \/><\/div><div class=\"spacer\" style=\"height: 30px;\"><\/div>[vc_column_text]<\/p>\n<h5>Colloque r\u00e9gional de l&rsquo;Alberta<\/h5>\n<p>11 et 12 mai 2026<br \/>\n<a href=\"https:\/\/albertainternational.ca\/\" target=\"_blank\" rel=\"noopener\">Alberta Bureau for International Education<\/a> | Calgary, Alberta[\/vc_column_text]<div class=\"spacer\" style=\"height: 65px;\"><\/div><a href=\"https:\/\/cbie.ca\/upcoming-events\/regional-meetings\/western-overview\/\" target=\"_blank\" class=\"button color-2 medium \" style=\"border-radius: 2px;\">En savoir plus<\/a><a href=\"#\" target=\"_self\" class=\"button color-2 medium hidden\" style=\"border-radius: 2px;\">Learn More<\/a><a href=\"#\" target=\"_blank\" class=\"button color-2 medium hidden\" style=\"border-radius: 2px;\">Recap of the event<\/a>[\/vc_column][\/vc_row][vc_row bottom_padding=\u00a0\u00bb50&Prime; class=\u00a0\u00bbregion-section\u00a0\u00bb][vc_column bg_color=\u00a0\u00bb#F4F4F4&Prime; column_padding=\u00a0\u00bbpadding-5&Prime; text_align=\u00a0\u00bbcenter\u00a0\u00bb width=\u00a0\u00bb1\/3&Prime;]<div class=\"single_image wpb_content_element align-center  image_box_circle  \" data-animation=\"none\" data-delay=\"0\"><img decoding=\"async\" class=\"\" src=\"https:\/\/cbie.ca\/wp-content\/uploads\/2025\/12\/usb-RM-manitoba-banner.jpg\" width=\"500\" height=\"500\" alt=\"usb-RM-manitoba-banner\" title=\"usb-RM-manitoba-banner\" loading=\"lazy\" srcset=\"https:\/\/cbie.ca\/wp-content\/uploads\/2025\/12\/usb-RM-manitoba-banner.jpg 500w, https:\/\/cbie.ca\/wp-content\/uploads\/2025\/12\/usb-RM-manitoba-banner-300x300.jpg 300w, https:\/\/cbie.ca\/wp-content\/uploads\/2025\/12\/usb-RM-manitoba-banner-150x150.jpg 150w, https:\/\/cbie.ca\/wp-content\/uploads\/2025\/12\/usb-RM-manitoba-banner-80x80.jpg 80w\" sizes=\"auto, (max-width: 500px) 100vw, 500px\" \/><\/div><div class=\"spacer\" style=\"height: 30px;\"><\/div>[vc_column_text]<\/p>\n<h5>Conf\u00e9rence annuelle du MCIE<\/h5>\n<p>14 mai 2026<br \/>\n<a href=\"https:\/\/mcie.ca\/\" target=\"_blank\" rel=\"noopener\">Manitoba Council for International Education<\/a> | Winnipeg, Manitoba[\/vc_column_text]<div class=\"spacer\" style=\"height: 30px;\"><\/div><a href=\"https:\/\/mcie.ca\/mcie-annual-conference-2026-redefining-growth\/\" target=\"_self\" class=\"button color-2 medium \" style=\"border-radius: 2px;\">En savoir plus<\/a><a href=\"#\" target=\"_blank\" class=\"button color-2 medium hidden\" style=\"border-radius: 2px;\">Register now<\/a><a href=\"#\" target=\"_blank\" class=\"button color-2 medium hidden\" style=\"border-radius: 2px;\">Recap of the event<\/a>[\/vc_column][vc_column bg_color=\u00a0\u00bb#F4F4F4&Prime; column_padding=\u00a0\u00bbpadding-5&Prime; text_align=\u00a0\u00bbcenter\u00a0\u00bb width=\u00a0\u00bb1\/3&Prime;]<div class=\"single_image wpb_content_element align-center  image_box_circle  \" data-animation=\"none\" data-delay=\"0\"><img decoding=\"async\" class=\"\" src=\"https:\/\/cbie.ca\/wp-content\/uploads\/2026\/01\/dal-AtlRM2026-500x500.jpg\" width=\"500\" height=\"500\" alt=\"Atlantic-RM-Halifax-banner\" title=\"Atlantic-RM-Halifax-banner\" loading=\"lazy\" \/><\/div><div class=\"spacer\" style=\"height: 30px;\"><\/div>[vc_column_text]<\/p>\n<h5>Colloque r\u00e9gional de l\u2019Atlantique<\/h5>\n<p>2 et 3 juin 2026<br \/>\n<a href=\"https:\/\/www.dal.ca\/\" target=\"_blank\" rel=\"noopener\">Dalhousie University<\/a> | Halifax, Nouvelle-\u00c9cosse[\/vc_column_text]<div class=\"spacer\" style=\"height: 55px;\"><\/div><a href=\"https:\/\/cbie.ca\/upcoming-events\/regional-meetings\/atlantic-overview\/\" target=\"_blank\" class=\"button color-2 medium \" style=\"border-radius: 2px;\">En savoir plus<\/a><a href=\"#\" target=\"_blank\" class=\"button color-2 medium hidden\" style=\"border-radius: 2px;\">Register now<\/a><a href=\"#\" target=\"_blank\" class=\"button color-2 medium hidden\" style=\"border-radius: 2px;\">Recap of the event<\/a>[\/vc_column][vc_column bg_color=\u00a0\u00bb#F4F4F4&Prime; column_padding=\u00a0\u00bbpadding-5&Prime; text_align=\u00a0\u00bbcenter\u00a0\u00bb width=\u00a0\u00bb1\/3&Prime;]<div class=\"single_image wpb_content_element align-center  image_box_circle  \" data-animation=\"none\" data-delay=\"0\"><img decoding=\"async\" class=\"\" src=\"https:\/\/cbie.ca\/wp-content\/uploads\/2026\/01\/University-Toronto-OntRM2026-500x500.jpg\" width=\"500\" height=\"500\" alt=\"University-Toronto-OntRM2026\" title=\"University-Toronto-OntRM2026\" loading=\"lazy\" srcset=\"https:\/\/cbie.ca\/wp-content\/uploads\/2026\/01\/University-Toronto-OntRM2026-500x500.jpg 500w, https:\/\/cbie.ca\/wp-content\/uploads\/2026\/01\/University-Toronto-OntRM2026-150x150.jpg 150w, https:\/\/cbie.ca\/wp-content\/uploads\/2026\/01\/University-Toronto-OntRM2026-80x80.jpg 80w, https:\/\/cbie.ca\/wp-content\/uploads\/2026\/01\/University-Toronto-OntRM2026-1000x1000.jpg 1000w\" sizes=\"auto, (max-width: 500px) 100vw, 500px\" \/><\/div><div class=\"spacer\" style=\"height: 30px;\"><\/div>[vc_column_text]<\/p>\n<h5>Colloque r\u00e9gional de l\u2019Ontario<\/h5>\n<p>16 et 17 juin 2026<br \/>\n<a href=\"https:\/\/www.utoronto.ca\/\" target=\"_blank\" rel=\"noopener\">University of Toronto<\/a> | Toronto, Ontario[\/vc_column_text]<div class=\"spacer\" style=\"height: 55px;\"><\/div><a href=\"https:\/\/cbie.ca\/upcoming-events\/regional-meetings\/ontario-overview\/\" target=\"_blank\" class=\"button color-2 medium \" style=\"border-radius: 2px;\">En savoir plus<\/a><a href=\"#\" target=\"_blank\" class=\"button color-2 medium hidden\" style=\"border-radius: 2px;\">Register now<\/a><a href=\"#\" target=\"_blank\" class=\"button color-2 medium hidden\" style=\"border-radius: 2px;\">Recap of the event<\/a>[\/vc_column][\/vc_row][vc_row][vc_column width=\u00a0\u00bb1\/1&Prime;][vc_column_text]<\/p>\n<p style=\"text-align: center;\"><strong>Pour obtenir plus de d\u00e9tails sur la possibilit\u00e9 d&rsquo;\u00eatre h\u00f4te d&rsquo;un colloque r\u00e9gional, contactez Sophie Jodouin \u00e0 l&rsquo;adresse suivante : <a href=\"mailto:sjodouin@cbie.ca\" target=\"_blank\" rel=\"noopener\">sjodouin@cbie.ca<\/a>.<\/strong><\/p>\n<p>[\/vc_column_text]<div class=\"spacer\" style=\"height: 30px;\"><\/div>[\/vc_column][\/vc_row]<\/p>\n<\/div>","protected":false},"excerpt":{"rendered":"<p>[vc_row bg_image=\u00a0\u00bb119463&Prime; parallax_bg=\u00a0\u00bbtrue\u00a0\u00bb bg_color=\u00a0\u00bb#01426a\u00a0\u00bb text_color=\u00a0\u00bblight\u00a0\u00bb text_align=\u00a0\u00bbcenter\u00a0\u00bb top_padding=\u00a0\u00bb40&Prime; bottom_padding=\u00a0\u00bb40&Prime; row_id=\u00a0\u00bbhero-banner\u00a0\u00bb][vc_column column_padding=\u00a0\u00bbcustom-padding\u00a0\u00bb column_custompadding=\u00a0\u00bb10% 0px\u00a0\u00bb text_color=\u00a0\u00bblight\u00a0\u00bb text_align=\u00a0\u00bbcenter\u00a0\u00bb width=\u00a0\u00bb1\/1&Prime;][vc_column_text] Colloques r\u00e9gionaux [\/vc_column_text][vc_column_text] Chaque ann\u00e9e, le BCEI, en partenariat avec des \u00e9tablissements membres, organise des [&hellip;]<\/p>\n","protected":false},"author":2,"featured_media":0,"parent":18419,"menu_order":0,"comment_status":"closed","ping_status":"closed","template":"","meta":{"_acf_changed":false,"footnotes":""},"class_list":["post-119482","page","type-page","status-publish","hentry"],"acf":[],"yoast_head":"<!-- This site is optimized with the Yoast SEO plugin v27.3 - https:\/\/yoast.com\/product\/yoast-seo-wordpress\/ -->\n<title>Colloques r\u00e9gionaux - CBIE<\/title>\n<meta name=\"robots\" content=\"index, follow, max-snippet:-1, max-image-preview:large, max-video-preview:-1\" \/>\n<link rel=\"canonical\" href=\"https:\/\/cbie.ca\/fr\/upcoming-events\/colloques-regionaux\/\" \/>\n<meta property=\"og:locale\" content=\"fr_FR\" \/>\n<meta property=\"og:type\" content=\"article\" \/>\n<meta property=\"og:title\" content=\"Colloques r\u00e9gionaux - CBIE\" \/>\n<meta property=\"og:description\" content=\"[vc_row bg_image=\u00a0\u00bb119463&Prime; parallax_bg=\u00a0\u00bbtrue\u00a0\u00bb bg_color=\u00a0\u00bb#01426a\u00a0\u00bb text_color=\u00a0\u00bblight\u00a0\u00bb text_align=\u00a0\u00bbcenter\u00a0\u00bb top_padding=\u00a0\u00bb40&Prime; bottom_padding=\u00a0\u00bb40&Prime; row_id=\u00a0\u00bbhero-banner\u00a0\u00bb][vc_column column_padding=\u00a0\u00bbcustom-padding\u00a0\u00bb column_custompadding=\u00a0\u00bb10% 0px\u00a0\u00bb text_color=\u00a0\u00bblight\u00a0\u00bb text_align=\u00a0\u00bbcenter\u00a0\u00bb width=\u00a0\u00bb1\/1&Prime;][vc_column_text] Colloques r\u00e9gionaux [\/vc_column_text][vc_column_text] Chaque ann\u00e9e, le BCEI, en partenariat avec des \u00e9tablissements membres, organise des [&hellip;]\" \/>\n<meta property=\"og:url\" content=\"https:\/\/cbie.ca\/fr\/upcoming-events\/colloques-regionaux\/\" \/>\n<meta property=\"og:site_name\" content=\"CBIE\" \/>\n<meta property=\"article:modified_time\" content=\"2026-03-09T16:55:08+00:00\" \/>\n<meta property=\"og:image\" content=\"https:\/\/cbie.ca\/wp-content\/uploads\/2024\/01\/CBIE-Announcement-EN.png\" \/>\n\t<meta property=\"og:image:width\" content=\"1600\" \/>\n\t<meta property=\"og:image:height\" content=\"900\" \/>\n\t<meta property=\"og:image:type\" content=\"image\/png\" \/>\n<meta name=\"twitter:card\" content=\"summary_large_image\" \/>\n<meta name=\"twitter:label1\" content=\"Dur\u00e9e de lecture estim\u00e9e\" \/>\n\t<meta name=\"twitter:data1\" content=\"4 minutes\" \/>\n<script type=\"application\/ld+json\" class=\"yoast-schema-graph\">{\"@context\":\"https:\\\/\\\/schema.org\",\"@graph\":[{\"@type\":\"WebPage\",\"@id\":\"https:\\\/\\\/cbie.ca\\\/fr\\\/upcoming-events\\\/colloques-regionaux\\\/\",\"url\":\"https:\\\/\\\/cbie.ca\\\/fr\\\/upcoming-events\\\/colloques-regionaux\\\/\",\"name\":\"Colloques r\u00e9gionaux - CBIE\",\"isPartOf\":{\"@id\":\"https:\\\/\\\/cbie.ca\\\/#website\"},\"datePublished\":\"2025-11-24T18:26:45+00:00\",\"dateModified\":\"2026-03-09T16:55:08+00:00\",\"breadcrumb\":{\"@id\":\"https:\\\/\\\/cbie.ca\\\/fr\\\/upcoming-events\\\/colloques-regionaux\\\/#breadcrumb\"},\"inLanguage\":\"fr-FR\",\"potentialAction\":[{\"@type\":\"ReadAction\",\"target\":[\"https:\\\/\\\/cbie.ca\\\/fr\\\/upcoming-events\\\/colloques-regionaux\\\/\"]}]},{\"@type\":\"BreadcrumbList\",\"@id\":\"https:\\\/\\\/cbie.ca\\\/fr\\\/upcoming-events\\\/colloques-regionaux\\\/#breadcrumb\",\"itemListElement\":[{\"@type\":\"ListItem\",\"position\":1,\"name\":\"Home\",\"item\":\"https:\\\/\\\/cbie.ca\\\/fr\\\/\"},{\"@type\":\"ListItem\",\"position\":2,\"name\":\"\u00c9v\u00e9nements\",\"item\":\"https:\\\/\\\/cbie.ca\\\/upcoming-events\\\/\"},{\"@type\":\"ListItem\",\"position\":3,\"name\":\"Colloques r\u00e9gionaux\"}]},{\"@type\":\"WebSite\",\"@id\":\"https:\\\/\\\/cbie.ca\\\/#website\",\"url\":\"https:\\\/\\\/cbie.ca\\\/\",\"name\":\"Canadian Bureau for International Education\",\"description\":\"\",\"potentialAction\":[{\"@type\":\"SearchAction\",\"target\":{\"@type\":\"EntryPoint\",\"urlTemplate\":\"https:\\\/\\\/cbie.ca\\\/?s={search_term_string}\"},\"query-input\":{\"@type\":\"PropertyValueSpecification\",\"valueRequired\":true,\"valueName\":\"search_term_string\"}}],\"inLanguage\":\"fr-FR\"}]}<\/script>\n<!-- \/ Yoast SEO plugin. -->","yoast_head_json":{"title":"Colloques r\u00e9gionaux - CBIE","robots":{"index":"index","follow":"follow","max-snippet":"max-snippet:-1","max-image-preview":"max-image-preview:large","max-video-preview":"max-video-preview:-1"},"canonical":"https:\/\/cbie.ca\/fr\/upcoming-events\/colloques-regionaux\/","og_locale":"fr_FR","og_type":"article","og_title":"Colloques r\u00e9gionaux - CBIE","og_description":"[vc_row bg_image=\u00a0\u00bb119463&Prime; parallax_bg=\u00a0\u00bbtrue\u00a0\u00bb bg_color=\u00a0\u00bb#01426a\u00a0\u00bb text_color=\u00a0\u00bblight\u00a0\u00bb text_align=\u00a0\u00bbcenter\u00a0\u00bb top_padding=\u00a0\u00bb40&Prime; bottom_padding=\u00a0\u00bb40&Prime; row_id=\u00a0\u00bbhero-banner\u00a0\u00bb][vc_column column_padding=\u00a0\u00bbcustom-padding\u00a0\u00bb column_custompadding=\u00a0\u00bb10% 0px\u00a0\u00bb text_color=\u00a0\u00bblight\u00a0\u00bb text_align=\u00a0\u00bbcenter\u00a0\u00bb width=\u00a0\u00bb1\/1&Prime;][vc_column_text] Colloques r\u00e9gionaux [\/vc_column_text][vc_column_text] Chaque ann\u00e9e, le BCEI, en partenariat avec des \u00e9tablissements membres, organise des [&hellip;]","og_url":"https:\/\/cbie.ca\/fr\/upcoming-events\/colloques-regionaux\/","og_site_name":"CBIE","article_modified_time":"2026-03-09T16:55:08+00:00","og_image":[{"width":1600,"height":900,"url":"https:\/\/cbie.ca\/wp-content\/uploads\/2024\/01\/CBIE-Announcement-EN.png","type":"image\/png"}],"twitter_card":"summary_large_image","twitter_misc":{"Dur\u00e9e de lecture estim\u00e9e":"4 minutes"},"schema":{"@context":"https:\/\/schema.org","@graph":[{"@type":"WebPage","@id":"https:\/\/cbie.ca\/fr\/upcoming-events\/colloques-regionaux\/","url":"https:\/\/cbie.ca\/fr\/upcoming-events\/colloques-regionaux\/","name":"Colloques r\u00e9gionaux - CBIE","isPartOf":{"@id":"https:\/\/cbie.ca\/#website"},"datePublished":"2025-11-24T18:26:45+00:00","dateModified":"2026-03-09T16:55:08+00:00","breadcrumb":{"@id":"https:\/\/cbie.ca\/fr\/upcoming-events\/colloques-regionaux\/#breadcrumb"},"inLanguage":"fr-FR","potentialAction":[{"@type":"ReadAction","target":["https:\/\/cbie.ca\/fr\/upcoming-events\/colloques-regionaux\/"]}]},{"@type":"BreadcrumbList","@id":"https:\/\/cbie.ca\/fr\/upcoming-events\/colloques-regionaux\/#breadcrumb","itemListElement":[{"@type":"ListItem","position":1,"name":"Home","item":"https:\/\/cbie.ca\/fr\/"},{"@type":"ListItem","position":2,"name":"\u00c9v\u00e9nements","item":"https:\/\/cbie.ca\/upcoming-events\/"},{"@type":"ListItem","position":3,"name":"Colloques r\u00e9gionaux"}]},{"@type":"WebSite","@id":"https:\/\/cbie.ca\/#website","url":"https:\/\/cbie.ca\/","name":"Canadian Bureau for International Education","description":"","potentialAction":[{"@type":"SearchAction","target":{"@type":"EntryPoint","urlTemplate":"https:\/\/cbie.ca\/?s={search_term_string}"},"query-input":{"@type":"PropertyValueSpecification","valueRequired":true,"valueName":"search_term_string"}}],"inLanguage":"fr-FR"}]}},"_links":{"self":[{"href":"https:\/\/cbie.ca\/fr\/wp-json\/wp\/v2\/pages\/119482","targetHints":{"allow":["GET"]}}],"collection":[{"href":"https:\/\/cbie.ca\/fr\/wp-json\/wp\/v2\/pages"}],"about":[{"href":"https:\/\/cbie.ca\/fr\/wp-json\/wp\/v2\/types\/page"}],"author":[{"embeddable":true,"href":"https:\/\/cbie.ca\/fr\/wp-json\/wp\/v2\/users\/2"}],"replies":[{"embeddable":true,"href":"https:\/\/cbie.ca\/fr\/wp-json\/wp\/v2\/comments?post=119482"}],"version-history":[{"count":10,"href":"https:\/\/cbie.ca\/fr\/wp-json\/wp\/v2\/pages\/119482\/revisions"}],"predecessor-version":[{"id":120511,"href":"https:\/\/cbie.ca\/fr\/wp-json\/wp\/v2\/pages\/119482\/revisions\/120511"}],"up":[{"embeddable":true,"href":"https:\/\/cbie.ca\/fr\/wp-json\/wp\/v2\/pages\/18419"}],"wp:attachment":[{"href":"https:\/\/cbie.ca\/fr\/wp-json\/wp\/v2\/media?parent=119482"}],"curies":[{"name":"wp","href":"https:\/\/api.w.org\/{rel}","templated":true}]}}