{"id":118169,"date":"2025-12-11T12:57:50","date_gmt":"2025-12-11T17:57:50","guid":{"rendered":"https:\/\/cbie.ca\/?page_id=118169"},"modified":"2025-12-11T12:57:50","modified_gmt":"2025-12-11T17:57:50","slug":"new-professionals-corner","status":"publish","type":"page","link":"https:\/\/cbie.ca\/fr\/new-professionals-corner\/","title":{"rendered":"New Professionals Corner"},"content":{"rendered":"<div class=\"wpb-content-wrapper\"><p>[vc_row bg_image=\u00a0\u00bb118078&Prime; parallax_bg=\u00a0\u00bbtrue\u00a0\u00bb bg_color=\u00a0\u00bb#01426a\u00a0\u00bb text_color=\u00a0\u00bblight\u00a0\u00bb text_align=\u00a0\u00bbcenter\u00a0\u00bb top_padding=\u00a0\u00bb40&Prime; bottom_padding=\u00a0\u00bb40&Prime; row_id=\u00a0\u00bbhero-banner\u00a0\u00bb][vc_column column_padding=\u00a0\u00bbcustom-padding\u00a0\u00bb column_custompadding=\u00a0\u00bb12% 0px\u00a0\u00bb text_color=\u00a0\u00bblight\u00a0\u00bb text_align=\u00a0\u00bbcenter\u00a0\u00bb width=\u00a0\u00bb1\/1&Prime;][vc_column_text]<\/p>\n<h1>Coin des nouveaux.elles professionel.le.s<\/h1>\n<p>[\/vc_column_text]<div class=\"newdivider align-center\" style=\"border-bottom-style: solid; border-color: #1c86a4; border-bottom-width: 2px; margin-top: 30px; margin-bottom: 30px; width: 130px; \"><\/div><div class=\"clear\"><\/div>[vc_column_text]<\/p>\n<h5>Le BCEI a cr\u00e9\u00e9 une liste de ressources et d&rsquo;informations cl\u00e9s pour guider les nouveaux.elles practien.ne.s dans le secteur de l&rsquo;\u00e9ducation internationale.<\/h5>\n<p>[\/vc_column_text][\/vc_column][\/vc_row][vc_row bg_color=\u00a0\u00bb#F4F4F4&Prime; top_padding=\u00a0\u00bb70&Prime; bottom_padding=\u00a0\u00bb70&Prime;][vc_column width=\u00a0\u00bb1\/1&Prime;][vc_column_text]<\/p>\n<h3 style=\"text-align: left;\">Qu\u2019est-ce que l\u2019\u00e9ducation internationale?<\/h3>\n<p><span data-contrast=\"auto\">L\u2019internationalisation<\/span><span data-contrast=\"auto\"> d\u00e9signe l\u2019ensemble des d\u00e9marches entreprises pour int\u00e9grer une perspective internationale dans toutes les dimensions de l\u2019enseignement et de l\u2019apprentissage. Le Bureau canadien de l\u2019\u00e9ducation internationale (BCEI) d\u00e9finit l\u2019\u00e9ducation internationale globale comme comprenant la mobilit\u00e9 entrante, la mobilit\u00e9 sortante ainsi que l\u2019internationalisation \u00e0 domicile. Cela englobe des activit\u00e9s d\u2019apprentissage \u2013 qu\u2019elles soient curriculaires, co-curriculaires ou parascolaires \u2013 ax\u00e9es sur d\u2019autres pays ou cultures, ainsi que toute activit\u00e9 \u00e9ducative (programme complet ou s\u00e9jour de courte dur\u00e9e) se d\u00e9roulant \u00e0 l\u2019\u00e9tranger.<\/span><span data-ccp-props=\"{&quot;134233117&quot;:false,&quot;134233118&quot;:false,&quot;335559738&quot;:240,&quot;335559739&quot;:240}\">\u00a0<\/span><\/p>\n<p><span data-contrast=\"auto\">On peut ainsi distinguer deux axes principaux. Le premier met l\u2019accent sur une approche globale de l\u2019\u00e9ducation visant \u00e0 pr\u00e9parer les \u00e9tudiant.e.s \u00e0 devenir des citoyen.ne.s engag\u00e9.e.s dans un monde interconnect\u00e9. Le second repose sur des \u00e9changes transnationaux impliquant des \u00e9tudiant.e.s, des chercheur.euse.s ou du personnel qui partent \u00e0 l\u2019\u00e9tranger pour \u00e9tudier, travailler ou faire du b\u00e9n\u00e9volat dans le cadre d\u2019un programme. Ces deux dimensions visent \u00e0 d\u00e9velopper des comp\u00e9tences globales, c\u2019est-\u00e0-dire des aptitudes qui encouragent la pens\u00e9e critique, la capacit\u00e9 \u00e0 comprendre et \u00e0 expliquer des faits, des id\u00e9es ou des opinions, le travail collaboratif et le dialogue ouvert.<\/span><span data-ccp-props=\"{&quot;134233117&quot;:false,&quot;134233118&quot;:false,&quot;335559738&quot;:240,&quot;335559739&quot;:240}\"> Pour plus d&rsquo;informations, consultez les <a href=\"https:\/\/cbie.ca\/fr\/notre-reseau\/principes-dinternationalisation-pour-les-etablissements-denseignement-canadiens\/\" target=\"_blank\" rel=\"noopener\">Principes d\u2019internationalisation pour les \u00e9tablissements d\u2019enseignement canadiens du BCEI.<\/a><br \/>\n<\/span>[\/vc_column_text][\/vc_column][\/vc_row][vc_row bg_color=\u00a0\u00bb#00000000&Prime; top_padding=\u00a0\u00bb70&Prime; bottom_padding=\u00a0\u00bb30&Prime;][vc_column width=\u00a0\u00bb1\/1&Prime;][vc_column_text]<\/p>\n<h3 style=\"text-align: left;\">Le BCEI soutient les nouveaux.elles praticien.ne.s<\/h3>\n<p><span data-teams=\"true\"><span class=\"TextRun SCXW31997074 BCX0\" lang=\"FR-FR\" xml:lang=\"FR-FR\" data-contrast=\"auto\"><span class=\"NormalTextRun SCXW31997074 BCX0\">Le Bureau canadien de l\u2019\u00e9ducation internationale (BCEI) est la voix nationale de l\u2019avancement de l\u2019\u00e9ducation internationale au Canada. On rassemble des \u00e9tablissements de tous les niveaux \u2013 \u00e9coles primaires et secondaires, \u00e9coles de langues, coll\u00e8ges, c\u00e9geps et universit\u00e9s \u2013 partout au pays.<\/span><\/span> <\/span><\/p>\n<p><span data-teams=\"true\"><span class=\"EOP SCXW31997074 BCX0\" data-ccp-props=\"{&quot;134233117&quot;:false,&quot;134233118&quot;:false,&quot;335559738&quot;:240,&quot;335559739&quot;:240}\">Le BCEI s\u2019engage <span class=\"NormalTextRun SCXW123259107 BCX0\">\u00e0 accompagner les <\/span><span class=\"NormalTextRun SpellingErrorV2Themed SCXW123259107 BCX0\">nouveaux.elles<\/span> <span class=\"NormalTextRun SpellingErrorV2Themed SCXW123259107 BCX0\">professionnel.le.s<\/span><span class=\"NormalTextRun SCXW123259107 BCX0\"> dans leur parcours, en<\/span> offrant des occasions de perfectionnement, que ce soit par la formation, la recherche, l\u2019engagement communautaire ou les partenariats internationaux. Du programme PEIEI aux activit\u00e9s de r\u00e9seautage et de plaidoyer, nous vous aidons \u00e0 d\u00e9velopper votre expertise, \u00e0 \u00e9largir votre r\u00e9seau et contribuer \u00e0 l\u2019\u00e9volution de l\u2019\u00e9ducation internationale.<\/span><\/span><\/p>\n<ul>\n<li><a href=\"https:\/\/cbie.ca\/fr\/notre-reseau\/\" target=\"_blank\" rel=\"noopener\"><b><span data-contrast=\"auto\">Participation communautaire<\/span><\/b><\/a><span data-contrast=\"auto\"> :\u00a0 \u00c9changez avec vos pairs, partagez des pratiques exemplaires et renforcez les efforts d\u2019internationalisation de votre \u00e9tablissement.<\/span><\/li>\n<li><b><span data-contrast=\"auto\"><a href=\"https:\/\/cbie.ca\/fr\/pro-ei\/\" target=\"_blank\" rel=\"noopener\">Formation Pro-EI<\/a> : <\/span><\/b><span data-contrast=\"auto\">Approfondissez votre compr\u00e9hension de l\u2019\u00e9ducation internationale et de l\u2019engagement mondial.<\/span><\/li>\n<li><a href=\"https:\/\/cbie.ca\/fr\/peiei\/\" target=\"_blank\" rel=\"noopener\"><b><span data-contrast=\"auto\">PEIEI<\/span><\/b><\/a><span data-contrast=\"auto\"> : D\u00e9veloppez vos comp\u00e9tences en conseils en immigration et pr\u00e9parez-vous pour l\u2019examen d\u2019acc\u00e8s \u00e0 la pratique (EAP) de CRIEE.<\/span><\/li>\n<li><a href=\"https:\/\/cbie.ca\/fr\/fpc\/\" target=\"_blank\" rel=\"noopener\"><b><span data-contrast=\"auto\">Formation professionelle continue<\/span><\/b><\/a><span data-contrast=\"auto\"> : Acc\u00e9dez \u00e0 des formations pour les CRIC et les CRIEE afin de rester \u00e0 jour et en conformit\u00e9.<\/span><\/li>\n<li><b><span data-contrast=\"auto\"><a href=\"https:\/\/cbie.ca\/fr\/notre-travail\/recherche\/research-archives\/\" target=\"_blank\" rel=\"noopener\">Recherche et plaidoyer<\/a> : <\/span><\/b><span data-contrast=\"auto\">Tirez parti de donn\u00e9es et d\u2019analyses pour enrichir votre pratique et participer aux discussions sur les politiques publiques.<\/span><\/li>\n<li><b><span data-contrast=\"auto\"><a href=\"https:\/\/cbie.ca\/events\/\" target=\"_blank\" rel=\"noopener\">\u00c9v\u00e9nements et congr\u00e8s<\/a> : <\/span><\/b><span data-contrast=\"auto\">Participez \u00e0 notre congr\u00e8s annuel et \u00e0 nos colloques r\u00e9gionaux pour r\u00e9seauter et \u00e9changer avec des pairs et des leaders du secteur.<\/span><\/li>\n<li><b><span data-contrast=\"auto\"><a href=\"https:\/\/cbie.ca\/fr\/notre-travail\/programmes-actuels\/\" target=\"_blank\" rel=\"noopener\">Bourses et programmes<\/a> : <\/span><\/b><span data-contrast=\"auto\">D\u00e9couvrez des bourses et des programmes qui d\u00e9veloppent les comp\u00e9tences, renforcent les capacit\u00e9s et ouvrent la voie \u00e0 de nouvelles opportunit\u00e9s.<\/span><\/li>\n<li><b><span data-contrast=\"auto\"><a href=\"https:\/\/cbie.ca\/fr\/who-we-are\/partenariats\/\" target=\"_blank\" rel=\"noopener\">Partenariats mondiaux<\/a> : <\/span><\/b><span data-contrast=\"auto\">Tissez des liens avec des \u00e9tablissements canadiens et internationaux pour \u00e9largir votre r\u00e9seau mondial.<br \/>\n<\/span><\/li>\n<\/ul>\n<p>[\/vc_column_text][vc_empty_space height=\u00a0\u00bb30px\u00a0\u00bb][\/vc_column][\/vc_row][vc_row bg_color=\u00a0\u00bb#00000000&Prime; text_align=\u00a0\u00bbcenter\u00a0\u00bb bottom_padding=\u00a0\u00bb70&Prime; class=\u00a0\u00bbhidden\u00a0\u00bb][vc_column width=\u00a0\u00bb1\/1&Prime;][vc_row_inner][vc_column_inner]<a href=\"https:\/\/cbie.ca\/who-we-are\/mission-vision-values\/\" target=\"_self\" class=\"button color-3 full \" style=\"border-radius: 2px;\">Learn More<\/a>[\/vc_column_inner][\/vc_row_inner][\/vc_column][\/vc_row][vc_row bottom_padding=\u00a0\u00bb70&Prime; class=\u00a0\u00bbpartnership-section\u00a0\u00bb][vc_column el_class=\u00a0\u00bbthree-clm-section\u00a0\u00bb bg_color=\u00a0\u00bb#f4f4f4&Prime; column_padding=\u00a0\u00bbpadding-3&Prime; text_align=\u00a0\u00bbcenter\u00a0\u00bb width=\u00a0\u00bb1\/3&Prime;][vc_column_text]<\/p>\n<h4>Restez inform\u00e9<\/h4>\n<p>Ressources cl\u00e9s pour rester au courant des derniers \u00e9v\u00e9nements, actualit\u00e9s et recherches dans le secteur afin de d\u00e9velopper votre expertise professionnelle.[\/vc_column_text][vc_empty_space height=\u00a0\u00bb30px\u00a0\u00bb]<a href=\"https:\/\/cbie.ca\/key-resources\/\" target=\"_blank\" class=\"button color-2 medium \" style=\"border-radius: 2px;\">En savoir plus<\/a>[\/vc_column][vc_column el_class=\u00a0\u00bbthree-clm-section\u00a0\u00bb bg_color=\u00a0\u00bb#F4F4F4&Prime; column_padding=\u00a0\u00bbpadding-3&Prime; text_align=\u00a0\u00bbcenter\u00a0\u00bb width=\u00a0\u00bb1\/3&Prime;][vc_column_text]<\/p>\n<h4>Lexique<\/h4>\n<p>Comprendre le vocabulaire et les d\u00e9finitions cl\u00e9s couramment utilis\u00e9s dans le secteur de l&rsquo;\u00e9ducation internationale.[\/vc_column_text][vc_empty_space height=\u00a0\u00bb30px\u00a0\u00bb]<a href=\"https:\/\/cbie.ca\/fr\/who-we-are\/institutional-resources\/lexique-du-canada-sur-les-etudes-a-letranger\/\" target=\"_blank\" class=\"button color-2 medium \" style=\"border-radius: 2px;\">En savoir plus<\/a>[\/vc_column][vc_column el_class=\u00a0\u00bbthree-clm-section\u00a0\u00bb bg_color=\u00a0\u00bb#F4F4F4F4&Prime; column_padding=\u00a0\u00bbpadding-3&Prime; text_align=\u00a0\u00bbcenter\u00a0\u00bb width=\u00a0\u00bb1\/3&Prime;][vc_column_text]<\/p>\n<h4>Apprenez les acronymes<\/h4>\n<p>Familiarisez-vous avec les principaux acronymes et termes couramment utilis\u00e9s dans le secteur de l&rsquo;\u00e9ducation internationale.[\/vc_column_text][vc_empty_space height=\u00a0\u00bb30px\u00a0\u00bb]<a href=\"https:\/\/cbie.ca\/acronyms\/\" target=\"_blank\" class=\"button color-2 medium \" style=\"border-radius: 2px;\">En savoir plus<\/a>[\/vc_column][\/vc_row]<\/p>\n<\/div>","protected":false},"excerpt":{"rendered":"<p>[vc_row bg_image=\u00a0\u00bb118078&Prime; parallax_bg=\u00a0\u00bbtrue\u00a0\u00bb bg_color=\u00a0\u00bb#01426a\u00a0\u00bb text_color=\u00a0\u00bblight\u00a0\u00bb text_align=\u00a0\u00bbcenter\u00a0\u00bb top_padding=\u00a0\u00bb40&Prime; bottom_padding=\u00a0\u00bb40&Prime; row_id=\u00a0\u00bbhero-banner\u00a0\u00bb][vc_column column_padding=\u00a0\u00bbcustom-padding\u00a0\u00bb column_custompadding=\u00a0\u00bb12% 0px\u00a0\u00bb text_color=\u00a0\u00bblight\u00a0\u00bb text_align=\u00a0\u00bbcenter\u00a0\u00bb width=\u00a0\u00bb1\/1&Prime;][vc_column_text] Coin des nouveaux.elles professionel.le.s [\/vc_column_text][vc_column_text] Le BCEI a cr\u00e9\u00e9 une liste de ressources et d&rsquo;informations [&hellip;]<\/p>\n","protected":false},"author":2,"featured_media":0,"parent":0,"menu_order":0,"comment_status":"closed","ping_status":"closed","template":"","meta":{"_acf_changed":false,"footnotes":""},"class_list":["post-118169","page","type-page","status-publish","hentry"],"acf":[],"yoast_head":"<!-- This site is optimized with the Yoast SEO plugin v27.5 - https:\/\/yoast.com\/product\/yoast-seo-wordpress\/ -->\n<title>New Professionals Corner - CBIE<\/title>\n<meta name=\"robots\" content=\"index, follow, max-snippet:-1, max-image-preview:large, max-video-preview:-1\" \/>\n<link rel=\"canonical\" href=\"https:\/\/cbie.ca\/fr\/new-professionals-corner\/\" \/>\n<meta property=\"og:locale\" content=\"fr_FR\" \/>\n<meta property=\"og:type\" content=\"article\" \/>\n<meta property=\"og:title\" content=\"New Professionals Corner - CBIE\" \/>\n<meta property=\"og:description\" content=\"[vc_row bg_image=\u00a0\u00bb118078&Prime; parallax_bg=\u00a0\u00bbtrue\u00a0\u00bb bg_color=\u00a0\u00bb#01426a\u00a0\u00bb text_color=\u00a0\u00bblight\u00a0\u00bb text_align=\u00a0\u00bbcenter\u00a0\u00bb top_padding=\u00a0\u00bb40&Prime; bottom_padding=\u00a0\u00bb40&Prime; row_id=\u00a0\u00bbhero-banner\u00a0\u00bb][vc_column column_padding=\u00a0\u00bbcustom-padding\u00a0\u00bb column_custompadding=\u00a0\u00bb12% 0px\u00a0\u00bb text_color=\u00a0\u00bblight\u00a0\u00bb text_align=\u00a0\u00bbcenter\u00a0\u00bb width=\u00a0\u00bb1\/1&Prime;][vc_column_text] Coin des nouveaux.elles professionel.le.s [\/vc_column_text][vc_column_text] Le BCEI a cr\u00e9\u00e9 une liste de ressources et d&rsquo;informations [&hellip;]\" \/>\n<meta property=\"og:url\" content=\"https:\/\/cbie.ca\/fr\/new-professionals-corner\/\" \/>\n<meta property=\"og:site_name\" content=\"CBIE\" \/>\n<meta property=\"og:image\" content=\"https:\/\/cbie.ca\/wp-content\/uploads\/2024\/01\/CBIE-Announcement-EN.png\" \/>\n\t<meta property=\"og:image:width\" content=\"1600\" \/>\n\t<meta property=\"og:image:height\" content=\"900\" \/>\n\t<meta property=\"og:image:type\" content=\"image\/png\" \/>\n<meta name=\"twitter:card\" content=\"summary_large_image\" \/>\n<meta name=\"twitter:label1\" content=\"Dur\u00e9e de lecture estim\u00e9e\" \/>\n\t<meta name=\"twitter:data1\" content=\"3 minutes\" \/>\n<script type=\"application\/ld+json\" class=\"yoast-schema-graph\">{\"@context\":\"https:\\\/\\\/schema.org\",\"@graph\":[{\"@type\":\"WebPage\",\"@id\":\"https:\\\/\\\/cbie.ca\\\/fr\\\/new-professionals-corner\\\/\",\"url\":\"https:\\\/\\\/cbie.ca\\\/fr\\\/new-professionals-corner\\\/\",\"name\":\"New Professionals Corner - CBIE\",\"isPartOf\":{\"@id\":\"https:\\\/\\\/cbie.ca\\\/#website\"},\"datePublished\":\"2025-12-11T17:57:50+00:00\",\"breadcrumb\":{\"@id\":\"https:\\\/\\\/cbie.ca\\\/fr\\\/new-professionals-corner\\\/#breadcrumb\"},\"inLanguage\":\"fr-FR\",\"potentialAction\":[{\"@type\":\"ReadAction\",\"target\":[\"https:\\\/\\\/cbie.ca\\\/fr\\\/new-professionals-corner\\\/\"]}]},{\"@type\":\"BreadcrumbList\",\"@id\":\"https:\\\/\\\/cbie.ca\\\/fr\\\/new-professionals-corner\\\/#breadcrumb\",\"itemListElement\":[{\"@type\":\"ListItem\",\"position\":1,\"name\":\"Home\",\"item\":\"https:\\\/\\\/cbie.ca\\\/fr\\\/\"},{\"@type\":\"ListItem\",\"position\":2,\"name\":\"New Professionals Corner\"}]},{\"@type\":\"WebSite\",\"@id\":\"https:\\\/\\\/cbie.ca\\\/#website\",\"url\":\"https:\\\/\\\/cbie.ca\\\/\",\"name\":\"Canadian Bureau for International Education\",\"description\":\"\",\"potentialAction\":[{\"@type\":\"SearchAction\",\"target\":{\"@type\":\"EntryPoint\",\"urlTemplate\":\"https:\\\/\\\/cbie.ca\\\/?s={search_term_string}\"},\"query-input\":{\"@type\":\"PropertyValueSpecification\",\"valueRequired\":true,\"valueName\":\"search_term_string\"}}],\"inLanguage\":\"fr-FR\"}]}<\/script>\n<!-- \/ Yoast SEO plugin. -->","yoast_head_json":{"title":"New Professionals Corner - CBIE","robots":{"index":"index","follow":"follow","max-snippet":"max-snippet:-1","max-image-preview":"max-image-preview:large","max-video-preview":"max-video-preview:-1"},"canonical":"https:\/\/cbie.ca\/fr\/new-professionals-corner\/","og_locale":"fr_FR","og_type":"article","og_title":"New Professionals Corner - CBIE","og_description":"[vc_row bg_image=\u00a0\u00bb118078&Prime; parallax_bg=\u00a0\u00bbtrue\u00a0\u00bb bg_color=\u00a0\u00bb#01426a\u00a0\u00bb text_color=\u00a0\u00bblight\u00a0\u00bb text_align=\u00a0\u00bbcenter\u00a0\u00bb top_padding=\u00a0\u00bb40&Prime; bottom_padding=\u00a0\u00bb40&Prime; row_id=\u00a0\u00bbhero-banner\u00a0\u00bb][vc_column column_padding=\u00a0\u00bbcustom-padding\u00a0\u00bb column_custompadding=\u00a0\u00bb12% 0px\u00a0\u00bb text_color=\u00a0\u00bblight\u00a0\u00bb text_align=\u00a0\u00bbcenter\u00a0\u00bb width=\u00a0\u00bb1\/1&Prime;][vc_column_text] Coin des nouveaux.elles professionel.le.s [\/vc_column_text][vc_column_text] Le BCEI a cr\u00e9\u00e9 une liste de ressources et d&rsquo;informations [&hellip;]","og_url":"https:\/\/cbie.ca\/fr\/new-professionals-corner\/","og_site_name":"CBIE","og_image":[{"width":1600,"height":900,"url":"https:\/\/cbie.ca\/wp-content\/uploads\/2024\/01\/CBIE-Announcement-EN.png","type":"image\/png"}],"twitter_card":"summary_large_image","twitter_misc":{"Dur\u00e9e de lecture estim\u00e9e":"3 minutes"},"schema":{"@context":"https:\/\/schema.org","@graph":[{"@type":"WebPage","@id":"https:\/\/cbie.ca\/fr\/new-professionals-corner\/","url":"https:\/\/cbie.ca\/fr\/new-professionals-corner\/","name":"New Professionals Corner - CBIE","isPartOf":{"@id":"https:\/\/cbie.ca\/#website"},"datePublished":"2025-12-11T17:57:50+00:00","breadcrumb":{"@id":"https:\/\/cbie.ca\/fr\/new-professionals-corner\/#breadcrumb"},"inLanguage":"fr-FR","potentialAction":[{"@type":"ReadAction","target":["https:\/\/cbie.ca\/fr\/new-professionals-corner\/"]}]},{"@type":"BreadcrumbList","@id":"https:\/\/cbie.ca\/fr\/new-professionals-corner\/#breadcrumb","itemListElement":[{"@type":"ListItem","position":1,"name":"Home","item":"https:\/\/cbie.ca\/fr\/"},{"@type":"ListItem","position":2,"name":"New Professionals Corner"}]},{"@type":"WebSite","@id":"https:\/\/cbie.ca\/#website","url":"https:\/\/cbie.ca\/","name":"Canadian Bureau for International Education","description":"","potentialAction":[{"@type":"SearchAction","target":{"@type":"EntryPoint","urlTemplate":"https:\/\/cbie.ca\/?s={search_term_string}"},"query-input":{"@type":"PropertyValueSpecification","valueRequired":true,"valueName":"search_term_string"}}],"inLanguage":"fr-FR"}]}},"_links":{"self":[{"href":"https:\/\/cbie.ca\/fr\/wp-json\/wp\/v2\/pages\/118169","targetHints":{"allow":["GET"]}}],"collection":[{"href":"https:\/\/cbie.ca\/fr\/wp-json\/wp\/v2\/pages"}],"about":[{"href":"https:\/\/cbie.ca\/fr\/wp-json\/wp\/v2\/types\/page"}],"author":[{"embeddable":true,"href":"https:\/\/cbie.ca\/fr\/wp-json\/wp\/v2\/users\/2"}],"replies":[{"embeddable":true,"href":"https:\/\/cbie.ca\/fr\/wp-json\/wp\/v2\/comments?post=118169"}],"version-history":[{"count":5,"href":"https:\/\/cbie.ca\/fr\/wp-json\/wp\/v2\/pages\/118169\/revisions"}],"predecessor-version":[{"id":118362,"href":"https:\/\/cbie.ca\/fr\/wp-json\/wp\/v2\/pages\/118169\/revisions\/118362"}],"wp:attachment":[{"href":"https:\/\/cbie.ca\/fr\/wp-json\/wp\/v2\/media?parent=118169"}],"curies":[{"name":"wp","href":"https:\/\/api.w.org\/{rel}","templated":true}]}}