{"id":117217,"date":"2025-02-28T16:13:03","date_gmt":"2025-02-28T21:13:03","guid":{"rendered":"https:\/\/cbie.ca\/participant-consent-form-new\/"},"modified":"2025-10-01T16:08:25","modified_gmt":"2025-10-01T20:08:25","slug":"formulaire-de-consentement","status":"publish","type":"page","link":"https:\/\/cbie.ca\/fr\/sondage\/cadre-de-reference\/formulaire-de-consentement\/","title":{"rendered":"Formulaire de consentement pour les participant.e.s"},"content":{"rendered":"<div class=\"wpb-content-wrapper\"><p>[vc_row bg_image=\u00a0\u00bb110754&Prime; parallax_bg=\u00a0\u00bbtrue\u00a0\u00bb bg_color=\u00a0\u00bb#01426a\u00a0\u00bb text_color=\u00a0\u00bblight\u00a0\u00bb text_align=\u00a0\u00bbcenter\u00a0\u00bb top_padding=\u00a0\u00bb90&Prime; bottom_padding=\u00a0\u00bb90&Prime; row_id=\u00a0\u00bbhero-banner\u00a0\u00bb][vc_column column_padding=\u00a0\u00bbcustom-padding\u00a0\u00bb column_custompadding=\u00a0\u00bb7% 0px\u00a0\u00bb text_color=\u00a0\u00bblight\u00a0\u00bb text_align=\u00a0\u00bbcenter\u00a0\u00bb width=\u00a0\u00bb1\/1&Prime;][vc_column_text]<\/p>\n<h1>Sondage des \u00e9tudiant.e.s internationaux.ales 2025<\/h1>\n<p>[\/vc_column_text]<div class=\"newdivider align-center\" style=\"border-bottom-style: solid; border-color: #1c86a4; border-bottom-width: 2px; margin-top: 30px; margin-bottom: 30px; width: 130px; \"><\/div><div class=\"clear\"><\/div>[vc_column_text]<\/p>\n<h3 class=\"white\">Information concernant le consentement \u00e9clair\u00e9<\/h3>\n<p>[\/vc_column_text][\/vc_column][\/vc_row][vc_row text_align=\u00a0\u00bbcenter\u00a0\u00bb top_padding=\u00a0\u00bb70&Prime; bottom_padding=\u00a0\u00bb20&Prime; row_id=\u00a0\u00bbsurvey-btn-row\u00a0\u00bb][vc_column width=\u00a0\u00bb1\/1&Prime;][vc_column_text]<a href=\"https:\/\/cbie.ca\/fr\/sondage\/\" target=\"_self\" class=\"button color-2 medium\" style=\"border-radius: 0px;\">Aper\u00e7u<\/a>\n        <a href=\"https:\/\/cbie.ca\/fr\/sondage\/deroulement-du-sondage\/\" target=\"_self\" class=\"button color-2 medium \" style=\"border-radius: 0px;\">D\u00e9roulement<\/a>\n        <a href=\"https:\/\/cbie.ca\/fr\/sondage\/cadre-de-reference\/\" target=\"_self\" class=\"button color-2 medium \" style=\"border-radius: 0px;\">Cadre de r\u00e9f\u00e9rence<\/a>\n        <a href=\"https:\/\/cbie.ca\/fr\/sondage\/inscrivez-votre-etablissement\/\" target=\"_self\" class=\"button color-2 medium \" style=\"border-radius: 0px;\">Inscrivez votre \u00e9tablissement<\/a>\n        <a href=\"https:\/\/cbie.ca\/fr\/sondage\/faq-du-sondage\/\" target=\"_self\" class=\"button color-2 medium \" style=\"border-radius: 0px;\">FAQ<\/a>\n        <a href=\"https:\/\/cbie.ca\/fr\/sondage\/rapport-du-sondage\/\" target=\"_self\" class=\"button color-2 medium \" style=\"border-radius: 0px;\">Rapport du sondage<\/a>\n        <a href=\"https:\/\/cbie.ca\/fr\/sondage\/trousse\/\" target=\"_self\" class=\"button color-2 medium \" style=\"border-radius: 0px;\">Trousse de communication pour \u00e9tudiant.e.s<\/a>\n        <a href=\"https:\/\/cbie.ca\/fr\/sondage\/trousse-communication-diplomes\/\" target=\"_self\" class=\"button color-2 medium \" style=\"border-radius: 0px;\">Trousse de communication pour dipl\u00f4m\u00e9.e.s<\/a>[\/vc_column_text][\/vc_column][\/vc_row][vc_row bottom_padding=\u00a0\u00bb50&Prime;][vc_column column_padding=\u00a0\u00bbpadding-3&Prime; width=\u00a0\u00bb1\/1&Prime;][vc_column_text]<\/p>\n<div class=\"wpb_text_column wpb_content_element \">\n<div class=\"wpb_wrapper\">\n<p>Merci d\u2019avoir accept\u00e9 de r\u00e9pondre au <a href=\"\/?page_id=117207\" data-cke-saved-href=\"https:\/\/cbie.ca\/fr\/sondage\/\">Sondage des \u00e9tudiants\/dipl\u00f4m\u00e9s internationaux 2025<\/a>\u00a0du Bureau canadien de l\u2019\u00e9ducation internationale (BCEI). Avant de poursuivre, nous devons obtenir votre consentement \u00e9clair\u00e9. Veuillez lire les modalit\u00e9s ci-dessous, qui sont \u00e9galement\u202fdisponibles sur notre\u00a0<a href=\"\/?page_id=117217\" data-cke-saved-href=\"https:\/\/cbie.ca\/fr\/sondage\/cadre-de-reference\/formulaire-de-consentement\/\">site web<\/a>.\u202f\u202fSi vous avez des questions sur ce projet de recherche, le sondage, les proc\u00e9dures ou vos droits en tant que participant, vous pouvez contacter l\u2019\u00e9quipe de recherche du BCEI \u00e0 l\u2019adresse courriel suivante\u202f:\u00a0<a href=\"mailto:research-recherche@cbie.ca\" data-cke-saved-href=\"mailto:research-recherche@cbie.ca\">research-recherche@cbie.ca<\/a>.<\/p>\n<p><u><b>\u00c0 propos du BCEI:<\/b><\/u><br \/>\nEn tant que porte-parole national, le BCEI fait progresser l\u2019\u00e9ducation internationale canadienne en cr\u00e9ant et mobilisant de l\u2019expertise, du savoir, des opportunit\u00e9s et du leadership. Chef de file de l\u2019\u00e9ducation internationale, le BCEI est reconnu pour ses actions bas\u00e9es sur l\u2019\u00e9quit\u00e9, la qualit\u00e9, l\u2019inclusion et le partenariat.<\/p>\n<p><u><b>But du sondage:<\/b><\/u><br \/>\nLe sondage soutient de plus en plus la capacit\u00e9 du secteur de l\u2019\u00e9ducation internationale \u00e0 \u00e9laborer des pratiques \u00e9clair\u00e9es et novatrices gr\u00e2ce \u00e0 une meilleure compr\u00e9hension des histoires, des motivations et des perceptions des \u00e9tudiants\/dipl\u00f4m\u00e9s\u00a0internationaux\u00a0qui choisissent d\u2019\u00e9tudier au Canada.\u00a0Vos r\u00e9ponses aideront le secteur \u00e0 mieux comprendre l&rsquo;exp\u00e9rience des \u00e9tudiants\/dipl\u00f4m\u00e9s\u00a0internationaux\u00a0 au Canada et \u00e9claireront les changements de politique, la conception des programmes\u00a0ainsi que la d\u00e9fense de leurs int\u00e9r\u00eats aupr\u00e8s des partenaires institutionnels et gouvernementaux. Veuillez noter qu\u2019une fois publi\u00e9, le rapport national du\u00a0sondage\u202fsera\u00a0disponible dans les\u00a0<a href=\"\/?page_id=38252\" target=\"_blank\" rel=\"noreferrer noopener\" data-cke-saved-href=\"https:\/\/cbie.ca\/fr\/notre-travail\/recherche\/research-archives\/\">archives de recherche<\/a>\u00a0du BCEI.<\/p>\n<p><u><strong>R\u00e9pondant.e.s du sondage:<\/strong><\/u><\/p>\n<ul>\n<li>Aux \u00e9tudiants\u00a0internationaux, \u00e2g\u00e9s de seize ans ou plus, inscrits.es (\u00e0 temps plein ou \u00e0 temps partiel) dans des \u00e9tablissements d\u2019enseignement postsecondaire qui poursuivent un programme en vue d\u2019obtenir un dipl\u00f4me et\/ou un certificat au Canada. Cela comprend les \u00e9tudiants internationaux\u00a0qui font des \u00e9tudes au Canada avec un permis d\u2019\u00e9tudes, un visa de visiteur ou qui font de la recherche avec un permis de travail.<\/li>\n<li>L&rsquo;\u00e9chantillon du sondage comprend \u00e9galement les dipl\u00f4m\u00e9s\u00a0internationaux qui ont termin\u00e9 leurs \u00e9tudes dans un \u00e9tablissement d&rsquo;enseignement postsecondaire canadien.<\/li>\n<li>Les \u00e9tudiants\u00a0internationaux\u00a0de moins de 16 ans ne peuvent pas compl\u00e9ter cette enqu\u00eate due \u00e0 la l\u00e9gislation canadienne concernant l&rsquo;\u00e2ge de la majorit\u00e9 et le consentement.<\/li>\n<li>Les \u00e9tudiants\u00a0en \u00e9change international, qui ne cherchent pas \u00e0 obtenir un dipl\u00f4me ou un certificat, ne sont pas cens\u00e9s faire partie de cet \u00e9chantillon.<\/li>\n<\/ul>\n<p><u><b>Compl\u00e9ter le sondage:<\/b><\/u><\/p>\n<ul>\n<li>Le sondage vise \u00e0 mieux comprendre les exp\u00e9riences d\u2019\u00e9tude des \u00e9tudiants\/dipl\u00f4m\u00e9s\u00a0internationaux\u00a0au Canada. Les modalit\u00e9s d\u00e9taill\u00e9es de cette initiative nationale sont disponibles sur le\u00a0<a href=\"\/?page_id=117217\" data-cke-saved-href=\"https:\/\/cbie.ca\/fr\/sondage\/cadre-de-reference\/formulaire-de-consentement\/\">site web<\/a>\u00a0du BCEI.<\/li>\n<li>Il existe un faible risque que les participants\u00a0\u00e9prouvent des sentiments n\u00e9gatifs s\u2019ils ont v\u00e9cu des exp\u00e9riences difficiles<\/li>\n<li>Il vous faudra environ 20-30 minutes pour r\u00e9pondre au sondage.<\/li>\n<li>On vous posera un certain nombre de questions sur votre exp\u00e9rience en tant qu\u2019\u00e9tudiant \u00e9tranger sur le campus et dans la communaut\u00e9 \u00e9largie.<\/li>\n<li>La participation \u00e0 ce sondage est volontaire.\u00a0Le refus de participer ou l\u2019arr\u00eat de participation en cours n\u2019entra\u00eenera aucune cons\u00e9quence ou perte de b\u00e9n\u00e9fices.<\/li>\n<li>Les questionnaires incomplets ne sont pas inclus dans l&rsquo;ensemble des donn\u00e9es finales et ne sont donc pas compris dans le tirage au sort.<\/li>\n<li>Vous avez le droit de refuser de r\u00e9pondre \u00e0 une ou plusieurs questions en s\u00e9lectionnant l\u2019option \u00ab\u202fJe pr\u00e9f\u00e8re ne pas r\u00e9pondre\u202f\u00bb.<\/li>\n<li>Vous pouvez sauvegarder votre progression, quitter et retourner \u00e0 tout moment jusqu\u2019\u00e0 la date de fermeture du sondage (26 novembre 2025).\u202f Voir l\u2019option situ\u00e9e dans le coin sup\u00e9rieur droit de votre\u202f\u00e9cran.<\/li>\n<li>Si \u00e0 un moment quelconque durant le sondage, vous ressentez de l\u2019inconfort, sachez que des ressources sont disponibles aupr\u00e8s de l\u2019<a href=\"https:\/\/cmha.ca\/fr\/\" data-cke-saved-href=\"https:\/\/cmha.ca\/fr\/\">Association canadienne pour la sant\u00e9 mentale<\/a>\u00a0ou des services de sant\u00e9 mentale offerts par votre \u00e9tablissement.<\/li>\n<\/ul>\n<p><u><b>Confidentialit\u00e9:<\/b><\/u><\/p>\n<ul>\n<li>Les donn\u00e9es des participants\u00a0sont strictement confidentielles.<\/li>\n<li>Votre adresse \u00e9lectronique est collect\u00e9e seulement afin de valider votre affiliation institutionnelle, afin que nous puissions supprimer vos donn\u00e9es si vous en faites la requ\u00eate et afin de vous contacter si vous gagnez un prix. Nous ne collectons pas d\u2019information sur votre adresse IP. Toutes les donn\u00e9es collect\u00e9es sont anonymis\u00e9es pour les fins d\u2019analyse et de r\u00e9tention. Les institutions partenaires ont acc\u00e8s seulement aux donn\u00e9es anonymis\u00e9es.<\/li>\n<li>Le BCEI utilise son compte professionnel Alchemer pour recueillir les donn\u00e9es des participants.es au sondage. Alchemer est conforme \u00e0 la politique canadienne sur la confidentialit\u00e9 des donn\u00e9es (toutes les donn\u00e9es r\u00e9sident sur des serveurs canadiens) et aux normes d&rsquo;accessibilit\u00e9 (W3C).<\/li>\n<li>Les donn\u00e9es seront conserv\u00e9es par le BCEI pendant 25 ans et seront utilis\u00e9es dans des \u00e9tudes longitudinales. Une fois que la p\u00e9riode de r\u00e9tention est termin\u00e9e, l\u2019\u00e9quipe de recherche du CBIE supprime les donn\u00e9es de ses serveurs (SharePoint\/Microsoft, Alchemer). Il y a une p\u00e9riode de r\u00e9tention de 14 jours entre le moment auquel nous supprimons les donn\u00e9es et le moment auquel les donn\u00e9es sont d\u00e9truites par Microsoft et Alchemer.<\/li>\n<\/ul>\n<p><u><b>Retrait du sondage:<\/b><\/u><\/p>\n<ul>\n<li>Vous pouvez vous retirer du sondage \u00e0 tout moment en fermant votre navigateur.<\/li>\n<li>Vous pouvez\u202fdemander la suppression de vos donn\u00e9es avant le 30 novembre 2025 en\u202fenvoyant votre demande \u00e0\u00a0<a href=\"mailto:research-recherche@cbie.ca\" data-cke-saved-href=\"mailto:research-recherche@cbie.ca\">research-recherche@cbie.ca<\/a>.<\/li>\n<li>Veuillez noter que les questionnaires incomplets seront automatiquement supprim\u00e9s et les donn\u00e9es effac\u00e9es.<\/li>\n<\/ul>\n<p><u><b>Tirage au sort et prix:<\/b><\/u><\/p>\n<ul>\n<li>\u00c0 la fin du questionnaire, vous aurez le choix de participer au tirage au sort pour gagner 1 000 dollars.\u202fIl y a trois prix de 1 000 dollars (cartes cadeaux Visa). Les gagnants seront s\u00e9lectionn\u00e9s au hasard parmi les \u00e9tudiants\u202fqui auront r\u00e9pondu au questionnaire. Les chances de gagner d\u00e9pendront\u202fdu nombre d\u2019\u00e9tudiants\u00a0ayant r\u00e9pondu au sondage.\u00a0Pour l\u2019\u00e9dition 2023 du sondage, les chances \u00e9taient d\u2019environ 1 sur 10 000.<\/li>\n<li>Si votre courriel est\u202fparmi les trois gagnants\u00a0s\u00e9lectionn\u00e9s, le BCEI vous contactera au\u202fcours du mois de d\u00e9cembre\u202f2025.<\/li>\n<li>Veuillez vous assurer que le courriel que vous nous fournissez est valide et que vous\u202fv\u00e9rifiez r\u00e9guli\u00e8rement votre bo\u00eete de r\u00e9ception (ainsi que vos\u202fcourriels ind\u00e9sirables)\u202fentre le 8 et le 18 d\u00e9cembre\u202f2025 pour voir si vous avez re\u00e7u un courriel de la part de\u00a0<a href=\"mailto:research-recherche@cbie.ca\" data-cke-saved-href=\"mailto:research-recherche@cbie.ca\">research-recherche@cbie.ca<\/a>.<\/li>\n<li>Les trois gagnants\u00a0doivent r\u00e9clamer leur prix dans les 14 jours suivant l\u2019envoi du courriel de\u202fnotification et valider leur identit\u00e9.<\/li>\n<li>Les adresses \u00e9lectroniques ne sont pas associ\u00e9es aux donn\u00e9es fournies dans le\u202fquestionnaire.<\/li>\n<li>Le repr\u00e9sentant institutionnel sera mis en copie afin de valider la l\u00e9gitimit\u00e9 de la communication du BCEI et de s\u2019assurer que le courriel n\u2019est pas trait\u00e9 comme du courrier ind\u00e9sirable.<\/li>\n<\/ul>\n<p><u><b>Approbation d\u00e9ontologique:<\/b><\/u><br \/>\nCe projet de recherche a \u00e9t\u00e9 v\u00e9rifi\u00e9 et a re\u00e7u une approbation d\u00e9ontologique par le <a href=\"https:\/\/www.communityresearchethics.com\/\" data-cke-saved-href=\"https:\/\/www.communityresearchethics.com\/\">Comit\u00e9 d&rsquo;\u00e9thique de la recherche communautaire (CREO)<\/a>. Si vous croyez ne pas avoir \u00e9t\u00e9 trait\u00e9.e \u00e9quitablement et conform\u00e9ment aux descriptions indiqu\u00e9es dans nos informations, ou qu\u2019il y a eu violation de vos droits en tant que participant.e au cours de ce projet, vous pouvez communiquer avec le pr\u00e9sident du Comit\u00e9 d\u2019\u00e9thique de la recherche communautaire \u00e0 l\u2019adresse suivante : Centre for Community Based Research | \u00c0 l\u2019attention de: Community Research Ethics Office | c\/o Conrad Grebel University College | 140 Westmount Road North, Waterloo ON N2L3G5 ou par courriel \u00e0 creoadmin@communityresearchethics.com.<\/p>\n<\/div>\n<\/div>\n<p>[\/vc_column_text][\/vc_column][\/vc_row]<\/p>\n<\/div>","protected":false},"excerpt":{"rendered":"<p>[vc_row bg_image=\u00a0\u00bb110754&Prime; parallax_bg=\u00a0\u00bbtrue\u00a0\u00bb bg_color=\u00a0\u00bb#01426a\u00a0\u00bb text_color=\u00a0\u00bblight\u00a0\u00bb text_align=\u00a0\u00bbcenter\u00a0\u00bb top_padding=\u00a0\u00bb90&Prime; bottom_padding=\u00a0\u00bb90&Prime; row_id=\u00a0\u00bbhero-banner\u00a0\u00bb][vc_column column_padding=\u00a0\u00bbcustom-padding\u00a0\u00bb column_custompadding=\u00a0\u00bb7% 0px\u00a0\u00bb text_color=\u00a0\u00bblight\u00a0\u00bb text_align=\u00a0\u00bbcenter\u00a0\u00bb width=\u00a0\u00bb1\/1&Prime;][vc_column_text] Sondage des \u00e9tudiant.e.s internationaux.ales 2025 [\/vc_column_text][vc_column_text] Information concernant le consentement \u00e9clair\u00e9 [\/vc_column_text][\/vc_column][\/vc_row][vc_row text_align=\u00a0\u00bbcenter\u00a0\u00bb top_padding=\u00a0\u00bb70&Prime; bottom_padding=\u00a0\u00bb20&Prime; [&hellip;]<\/p>\n","protected":false},"author":2,"featured_media":0,"parent":117214,"menu_order":0,"comment_status":"closed","ping_status":"closed","template":"","meta":{"_acf_changed":false,"footnotes":""},"class_list":["post-117217","page","type-page","status-publish","hentry"],"acf":[],"yoast_head":"<!-- This site is optimized with the Yoast SEO plugin v26.8 - https:\/\/yoast.com\/product\/yoast-seo-wordpress\/ -->\n<title>Formulaire de consentement pour les participant.e.s - CBIE<\/title>\n<meta name=\"robots\" content=\"index, follow, max-snippet:-1, max-image-preview:large, max-video-preview:-1\" \/>\n<link rel=\"canonical\" href=\"https:\/\/cbie.ca\/fr\/sondage\/cadre-de-reference\/formulaire-de-consentement\/\" \/>\n<meta property=\"og:locale\" content=\"fr_FR\" \/>\n<meta property=\"og:type\" content=\"article\" \/>\n<meta property=\"og:title\" content=\"Formulaire de consentement pour les participant.e.s - CBIE\" \/>\n<meta property=\"og:description\" content=\"[vc_row bg_image=\u00a0\u00bb110754&Prime; parallax_bg=\u00a0\u00bbtrue\u00a0\u00bb bg_color=\u00a0\u00bb#01426a\u00a0\u00bb text_color=\u00a0\u00bblight\u00a0\u00bb text_align=\u00a0\u00bbcenter\u00a0\u00bb top_padding=\u00a0\u00bb90&Prime; bottom_padding=\u00a0\u00bb90&Prime; row_id=\u00a0\u00bbhero-banner\u00a0\u00bb][vc_column column_padding=\u00a0\u00bbcustom-padding\u00a0\u00bb column_custompadding=\u00a0\u00bb7% 0px\u00a0\u00bb text_color=\u00a0\u00bblight\u00a0\u00bb text_align=\u00a0\u00bbcenter\u00a0\u00bb width=\u00a0\u00bb1\/1&Prime;][vc_column_text] Sondage des \u00e9tudiant.e.s internationaux.ales 2025 [\/vc_column_text][vc_column_text] Information concernant le consentement \u00e9clair\u00e9 [\/vc_column_text][\/vc_column][\/vc_row][vc_row text_align=\u00a0\u00bbcenter\u00a0\u00bb top_padding=\u00a0\u00bb70&Prime; bottom_padding=\u00a0\u00bb20&Prime; [&hellip;]\" \/>\n<meta property=\"og:url\" content=\"https:\/\/cbie.ca\/fr\/sondage\/cadre-de-reference\/formulaire-de-consentement\/\" \/>\n<meta property=\"og:site_name\" content=\"CBIE\" \/>\n<meta property=\"article:modified_time\" content=\"2025-10-01T20:08:25+00:00\" \/>\n<meta property=\"og:image\" content=\"https:\/\/cbie.ca\/wp-content\/uploads\/2024\/01\/CBIE-Announcement-EN.png\" \/>\n\t<meta property=\"og:image:width\" content=\"1600\" \/>\n\t<meta property=\"og:image:height\" content=\"900\" \/>\n\t<meta property=\"og:image:type\" content=\"image\/png\" \/>\n<meta name=\"twitter:card\" content=\"summary_large_image\" \/>\n<meta name=\"twitter:label1\" content=\"Dur\u00e9e de lecture estim\u00e9e\" \/>\n\t<meta name=\"twitter:data1\" content=\"6 minutes\" \/>\n<script type=\"application\/ld+json\" class=\"yoast-schema-graph\">{\"@context\":\"https:\/\/schema.org\",\"@graph\":[{\"@type\":\"WebPage\",\"@id\":\"https:\/\/cbie.ca\/fr\/sondage\/cadre-de-reference\/formulaire-de-consentement\/\",\"url\":\"https:\/\/cbie.ca\/fr\/sondage\/cadre-de-reference\/formulaire-de-consentement\/\",\"name\":\"Formulaire de consentement pour les participant.e.s - CBIE\",\"isPartOf\":{\"@id\":\"https:\/\/cbie.ca\/#website\"},\"datePublished\":\"2025-02-28T21:13:03+00:00\",\"dateModified\":\"2025-10-01T20:08:25+00:00\",\"breadcrumb\":{\"@id\":\"https:\/\/cbie.ca\/fr\/sondage\/cadre-de-reference\/formulaire-de-consentement\/#breadcrumb\"},\"inLanguage\":\"fr-FR\",\"potentialAction\":[{\"@type\":\"ReadAction\",\"target\":[\"https:\/\/cbie.ca\/fr\/sondage\/cadre-de-reference\/formulaire-de-consentement\/\"]}]},{\"@type\":\"BreadcrumbList\",\"@id\":\"https:\/\/cbie.ca\/fr\/sondage\/cadre-de-reference\/formulaire-de-consentement\/#breadcrumb\",\"itemListElement\":[{\"@type\":\"ListItem\",\"position\":1,\"name\":\"Home\",\"item\":\"https:\/\/cbie.ca\/fr\/\"},{\"@type\":\"ListItem\",\"position\":2,\"name\":\"Sondage des \u00e9tudiant.e.s internationaux.ales\",\"item\":\"https:\/\/cbie.ca\/fr\/?page_id=117207\"},{\"@type\":\"ListItem\",\"position\":3,\"name\":\"Cadre de r\u00e9f\u00e9rence\",\"item\":\"https:\/\/cbie.ca\/fr\/?page_id=117214\"},{\"@type\":\"ListItem\",\"position\":4,\"name\":\"Formulaire de consentement pour les participant.e.s\"}]},{\"@type\":\"WebSite\",\"@id\":\"https:\/\/cbie.ca\/#website\",\"url\":\"https:\/\/cbie.ca\/\",\"name\":\"Canadian Bureau for International Education\",\"description\":\"\",\"potentialAction\":[{\"@type\":\"SearchAction\",\"target\":{\"@type\":\"EntryPoint\",\"urlTemplate\":\"https:\/\/cbie.ca\/?s={search_term_string}\"},\"query-input\":{\"@type\":\"PropertyValueSpecification\",\"valueRequired\":true,\"valueName\":\"search_term_string\"}}],\"inLanguage\":\"fr-FR\"}]}<\/script>\n<!-- \/ Yoast SEO plugin. -->","yoast_head_json":{"title":"Formulaire de consentement pour les participant.e.s - CBIE","robots":{"index":"index","follow":"follow","max-snippet":"max-snippet:-1","max-image-preview":"max-image-preview:large","max-video-preview":"max-video-preview:-1"},"canonical":"https:\/\/cbie.ca\/fr\/sondage\/cadre-de-reference\/formulaire-de-consentement\/","og_locale":"fr_FR","og_type":"article","og_title":"Formulaire de consentement pour les participant.e.s - CBIE","og_description":"[vc_row bg_image=\u00a0\u00bb110754&Prime; parallax_bg=\u00a0\u00bbtrue\u00a0\u00bb bg_color=\u00a0\u00bb#01426a\u00a0\u00bb text_color=\u00a0\u00bblight\u00a0\u00bb text_align=\u00a0\u00bbcenter\u00a0\u00bb top_padding=\u00a0\u00bb90&Prime; bottom_padding=\u00a0\u00bb90&Prime; row_id=\u00a0\u00bbhero-banner\u00a0\u00bb][vc_column column_padding=\u00a0\u00bbcustom-padding\u00a0\u00bb column_custompadding=\u00a0\u00bb7% 0px\u00a0\u00bb text_color=\u00a0\u00bblight\u00a0\u00bb text_align=\u00a0\u00bbcenter\u00a0\u00bb width=\u00a0\u00bb1\/1&Prime;][vc_column_text] Sondage des \u00e9tudiant.e.s internationaux.ales 2025 [\/vc_column_text][vc_column_text] Information concernant le consentement \u00e9clair\u00e9 [\/vc_column_text][\/vc_column][\/vc_row][vc_row text_align=\u00a0\u00bbcenter\u00a0\u00bb top_padding=\u00a0\u00bb70&Prime; bottom_padding=\u00a0\u00bb20&Prime; [&hellip;]","og_url":"https:\/\/cbie.ca\/fr\/sondage\/cadre-de-reference\/formulaire-de-consentement\/","og_site_name":"CBIE","article_modified_time":"2025-10-01T20:08:25+00:00","og_image":[{"width":1600,"height":900,"url":"https:\/\/cbie.ca\/wp-content\/uploads\/2024\/01\/CBIE-Announcement-EN.png","type":"image\/png"}],"twitter_card":"summary_large_image","twitter_misc":{"Dur\u00e9e de lecture estim\u00e9e":"6 minutes"},"schema":{"@context":"https:\/\/schema.org","@graph":[{"@type":"WebPage","@id":"https:\/\/cbie.ca\/fr\/sondage\/cadre-de-reference\/formulaire-de-consentement\/","url":"https:\/\/cbie.ca\/fr\/sondage\/cadre-de-reference\/formulaire-de-consentement\/","name":"Formulaire de consentement pour les participant.e.s - CBIE","isPartOf":{"@id":"https:\/\/cbie.ca\/#website"},"datePublished":"2025-02-28T21:13:03+00:00","dateModified":"2025-10-01T20:08:25+00:00","breadcrumb":{"@id":"https:\/\/cbie.ca\/fr\/sondage\/cadre-de-reference\/formulaire-de-consentement\/#breadcrumb"},"inLanguage":"fr-FR","potentialAction":[{"@type":"ReadAction","target":["https:\/\/cbie.ca\/fr\/sondage\/cadre-de-reference\/formulaire-de-consentement\/"]}]},{"@type":"BreadcrumbList","@id":"https:\/\/cbie.ca\/fr\/sondage\/cadre-de-reference\/formulaire-de-consentement\/#breadcrumb","itemListElement":[{"@type":"ListItem","position":1,"name":"Home","item":"https:\/\/cbie.ca\/fr\/"},{"@type":"ListItem","position":2,"name":"Sondage des \u00e9tudiant.e.s internationaux.ales","item":"https:\/\/cbie.ca\/fr\/?page_id=117207"},{"@type":"ListItem","position":3,"name":"Cadre de r\u00e9f\u00e9rence","item":"https:\/\/cbie.ca\/fr\/?page_id=117214"},{"@type":"ListItem","position":4,"name":"Formulaire de consentement pour les participant.e.s"}]},{"@type":"WebSite","@id":"https:\/\/cbie.ca\/#website","url":"https:\/\/cbie.ca\/","name":"Canadian Bureau for International Education","description":"","potentialAction":[{"@type":"SearchAction","target":{"@type":"EntryPoint","urlTemplate":"https:\/\/cbie.ca\/?s={search_term_string}"},"query-input":{"@type":"PropertyValueSpecification","valueRequired":true,"valueName":"search_term_string"}}],"inLanguage":"fr-FR"}]}},"_links":{"self":[{"href":"https:\/\/cbie.ca\/fr\/wp-json\/wp\/v2\/pages\/117217","targetHints":{"allow":["GET"]}}],"collection":[{"href":"https:\/\/cbie.ca\/fr\/wp-json\/wp\/v2\/pages"}],"about":[{"href":"https:\/\/cbie.ca\/fr\/wp-json\/wp\/v2\/types\/page"}],"author":[{"embeddable":true,"href":"https:\/\/cbie.ca\/fr\/wp-json\/wp\/v2\/users\/2"}],"replies":[{"embeddable":true,"href":"https:\/\/cbie.ca\/fr\/wp-json\/wp\/v2\/comments?post=117217"}],"version-history":[{"count":8,"href":"https:\/\/cbie.ca\/fr\/wp-json\/wp\/v2\/pages\/117217\/revisions"}],"predecessor-version":[{"id":118963,"href":"https:\/\/cbie.ca\/fr\/wp-json\/wp\/v2\/pages\/117217\/revisions\/118963"}],"up":[{"embeddable":true,"href":"https:\/\/cbie.ca\/fr\/wp-json\/wp\/v2\/pages\/117214"}],"wp:attachment":[{"href":"https:\/\/cbie.ca\/fr\/wp-json\/wp\/v2\/media?parent=117217"}],"curies":[{"name":"wp","href":"https:\/\/api.w.org\/{rel}","templated":true}]}}