{"id":116548,"date":"2025-02-07T10:30:01","date_gmt":"2025-02-07T15:30:01","guid":{"rendered":"https:\/\/cbie.ca\/?page_id=116548"},"modified":"2026-04-17T10:52:00","modified_gmt":"2026-04-17T14:52:00","slug":"entreprises-partenaires","status":"publish","type":"page","link":"https:\/\/cbie.ca\/fr\/entreprises-partenaires\/","title":{"rendered":"Entreprises partenaires"},"content":{"rendered":"<div class=\"wpb-content-wrapper\"><p>[vc_row bg_image=\u00a0\u00bb112670&Prime; parallax_bg=\u00a0\u00bbtrue\u00a0\u00bb bg_color=\u00a0\u00bb#01426a\u00a0\u00bb text_color=\u00a0\u00bblight\u00a0\u00bb text_align=\u00a0\u00bbcenter\u00a0\u00bb top_padding=\u00a0\u00bb40&Prime; bottom_padding=\u00a0\u00bb40&Prime; row_id=\u00a0\u00bbhero-banner\u00a0\u00bb][vc_column column_padding=\u00a0\u00bbcustom-padding\u00a0\u00bb column_custompadding=\u00a0\u00bb10% 0px\u00a0\u00bb text_color=\u00a0\u00bblight\u00a0\u00bb text_align=\u00a0\u00bbcenter\u00a0\u00bb width=\u00a0\u00bb1\/1&Prime;][vc_column_text]<\/p>\n<h1>Partenaires en entreprises<\/h1>\n<p>[\/vc_column_text]<div class=\"newdivider align-center\" style=\"border-bottom-style: solid; border-color: #1c86a4; border-bottom-width: 2px; margin-top: 30px; margin-bottom: 30px; width: 130px; \"><\/div><div class=\"clear\"><\/div>[vc_column_text]<\/p>\n<h5>Le BCEI collabore avec ses entreprises partenaires tout au long de l\u2019ann\u00e9e par le biais d\u2019activit\u00e9s de collaboration fructueuses dans le cadre de notre congr\u00e8s annuel, de nos colloques r\u00e9gionaux, de nos communaut\u00e9s d\u2019apprentissage professionnelles et de nos initiatives sectorielles.<\/h5>\n<p>[\/vc_column_text][\/vc_column][\/vc_row][vc_row bg_color=\u00a0\u00bb#F2F2F2&Prime; top_padding=\u00a0\u00bb70&Prime; bottom_padding=\u00a0\u00bb70&Prime; class=\u00a0\u00bbhidden\u00a0\u00bb][vc_column][vc_column_text]<\/p>\n<h2 style=\"text-align: center;\">Why Become a CBIE Corporate Partner?<\/h2>\n<p>Becoming a CBIE corporate partner offers a unique opportunity to deepen your organization\u2019s linkages to the international education (IE) sector in Canada, including CBIE and its 160+ member institutions. Join now to be connected and stay informed about the latest policy developments and advocacy efforts, keeping you at the forefront of the sector\u2019s evolving landscape and reinforcing your role as an engaged stakeholder.<\/p>\n<p>The CBIE Corporate Program is designed to ensure organizations of all sizes can participate. Whether you\u2019re a small business or a large corporation, our program offers scalable opportunities to engage with the international education community, showcase your brand, and build meaningful connections. Explore the partnership opportunity that fits your organization\u2019s goals and start making an impact today![\/vc_column_text][\/vc_column][\/vc_row][vc_row type=\u00a0\u00bbfull_width_section\u00a0\u00bb bg_color=\u00a0\u00bb#F2F2F2&Prime; top_padding=\u00a0\u00bb20&Prime; class=\u00a0\u00bblevel-row hidden\u00a0\u00bb][vc_column animation=\u00a0\u00bbfade-in\u00a0\u00bb column_padding=\u00a0\u00bbpadding-3&Prime; width=\u00a0\u00bb1\/3&Prime;]<div class=\"iconbox level-box wpb_content_element iconbox-style-1 icon-color-custom color-dark animation-none\"><h3><i class=\"fa fa-trophy boxicon\" style=\"color: #007299;\"><\/i><span>Champion Level $7,500<\/span><\/h3><p>\n<ul>\n<li>Website Recognition (Profile and clickable logo)<\/li>\n<li>Quarterly update meetings online with CBIE leadership on policy updates and advocacy priorities<\/li>\n<li>Corporate partner preferred rate program featured in the Community Hub<\/li>\n<li>Unlimited job postings in the Community Hub<\/li>\n<li>Sponsor one Regional Meeting (includes two passes, registration list, recognition of your logo on the event webpage and social media)<\/li>\n<li>10% discount on a conference exhibit booth<\/li>\n<\/ul>\n<\/p><\/div>[\/vc_column][vc_column column_padding=\u00a0\u00bbpadding-3&Prime; width=\u00a0\u00bb1\/3&Prime;]<div class=\"iconbox level-box wpb_content_element iconbox-style-1 icon-color-custom color-dark animation-none\"><h3><i class=\"fa fa-badge boxicon\" style=\"color: #007299;\"><\/i><span>Catalyst Level $12,000<\/span><\/h3><p>\n<ul>\n<li>Website Recognition (Profile and clickable logo)<\/li>\n<li>Quarterly update meetings online with CBIE leadership on policy updates and advocacy priorities<\/li>\n<li>Corporate partner preferred rate program featured in the Community Hub<\/li>\n<li>Unlimited job postings in the Community Hub<\/li>\n<li>15% discount on conference registrations<\/li>\n<li>10% discount on conference exhibit booth<\/li>\n<li>Promotion of your learning events in our newsletters<\/li>\n<li>National Regional Meeting Sponsor \u2013 four events (includes two passes, registration list, recognition of your logo on the event webpage and social media)<\/li>\n<\/ul>\n<\/p><\/div>[\/vc_column][vc_column animation=\u00a0\u00bbfade-in\u00a0\u00bb column_padding=\u00a0\u00bbpadding-3&Prime; width=\u00a0\u00bb1\/3&Prime;]<div class=\"iconbox level-box wpb_content_element iconbox-style-1 icon-color-custom color-dark animation-none\"><h3><i class=\"fa fa-rocket boxicon\" style=\"color: #007299;\"><\/i><span>Accelerator Level $18,000<\/span><\/h3><p>\n<ul>\n<li>Website Recognition (Profile and clickable logo)<\/li>\n<li>Quarterly webinars with CBIE leadership on policy updates and advocacy priorities<\/li>\n<li>Quarterly update meetings online with CBIE leadership on policy updates and advocacy priorities<\/li>\n<li>Unlimited job postings in the Community Hub<\/li>\n<li>National Regional Meeting Sponsor \u2013 four events (includes two passes, registration list, recognition of your logo on the event webpage and social media)<\/li>\n<li>15% discount on conference registrations<\/li>\n<li>10% discount on conference exhibit booth<\/li>\n<li>Promotion of your learning events in our newsletters<\/li>\n<li>Early access to conference sponsorship prospectus<\/li>\n<li>Featured Community Supporter (choose one)\n<ul>\n<li>PLC Champion &#8211; one online event, one email, and PLC conference in-person meeting<\/li>\n<li>INTL Champions &#8211; one online event, INTL bursaries or mentorship program, and INTL in-person meeting<\/li>\n<li>Learning Partner \u2013 one learning series, one email<\/li>\n<\/ul>\n<\/li>\n<\/ul>\n<\/p><\/div>[\/vc_column][\/vc_row][vc_row type=\u00a0\u00bbfull_width_section\u00a0\u00bb bg_color=\u00a0\u00bb#00000000&Prime; top_padding=\u00a0\u00bb70&Prime; bottom_padding=\u00a0\u00bb70&Prime;][vc_column width=\u00a0\u00bb1\/1&Prime;][vc_column_text]<\/p>\n<h2 style=\"text-align: center;\">Rencontrez nos partenaires en entreprises<\/h2>\n<p>[\/vc_column_text]<div class=\"newdivider align-center\" style=\"border-bottom-style: solid; border-color: #1c86a4; border-bottom-width: 2px; margin-top: 30px; margin-bottom: 30px; width: 130px; \"><\/div><div class=\"clear\"><\/div>[\/vc_column][\/vc_row][vc_row bg_color=\u00a0\u00bb#FFFFFF\u00a0\u00bb bottom_padding=\u00a0\u00bb40&Prime;][vc_column width=\u00a0\u00bb1\/3&Prime;][\/vc_column][vc_column width=\u00a0\u00bb1\/3&Prime;][vc_column_text]<\/p>\n<h3 style=\"text-align: center;\">Acc\u00e9l\u00e9rateur<\/h3>\n<p>[\/vc_column_text][\/vc_column][vc_column width=\u00a0\u00bb1\/3&Prime;][\/vc_column][\/vc_row][vc_row bg_color=\u00a0\u00bb#FFFFFF\u00a0\u00bb bottom_padding=\u00a0\u00bb140&Prime;][vc_column el_class=\u00a0\u00bbhide-on-mobile\u00a0\u00bb width=\u00a0\u00bb1\/6&Prime;][\/vc_column][vc_column el_class=\u00a0\u00bbside-padding\u00a0\u00bb column_center=\u00a0\u00bbtrue\u00a0\u00bb width=\u00a0\u00bb1\/3&Prime;]<div class=\"single_image wpb_content_element align-left    \" data-animation=\"none\" data-delay=\"0\"><a href=\"https:\/\/guard.me\/\" target=\"_self\"><img loading=\"lazy\" decoding=\"async\" width=\"577\" height=\"114\" src=\"https:\/\/cbie.ca\/wp-content\/uploads\/2025\/04\/GuardMe-logo.png\" class=\"attachment-full\" alt=\"GuardMe\" title=\"GuardMe-logo\" srcset=\"https:\/\/cbie.ca\/wp-content\/uploads\/2025\/04\/GuardMe-logo.png 577w, https:\/\/cbie.ca\/wp-content\/uploads\/2025\/04\/GuardMe-logo-300x59.png 300w\" sizes=\"auto, (max-width: 577px) 100vw, 577px\" \/><\/a><\/div>[\/vc_column][vc_column el_class=\u00a0\u00bbside-padding\u00a0\u00bb column_center=\u00a0\u00bbtrue\u00a0\u00bb width=\u00a0\u00bb1\/3&Prime;]<div class=\"single_image wpb_content_element align-left    \" data-animation=\"none\" data-delay=\"0\"><a href=\"https:\/\/www.qs.com\/\" target=\"_self\"><img loading=\"lazy\" decoding=\"async\" width=\"761\" height=\"288\" src=\"https:\/\/cbie.ca\/wp-content\/uploads\/2026\/01\/QS-Quacquarelli-Symonds-logo-1.webp\" class=\"attachment-full\" alt=\"\" title=\"QS-Quacquarelli-Symonds logo\" srcset=\"https:\/\/cbie.ca\/wp-content\/uploads\/2026\/01\/QS-Quacquarelli-Symonds-logo-1.webp 761w, https:\/\/cbie.ca\/wp-content\/uploads\/2026\/01\/QS-Quacquarelli-Symonds-logo-1-300x114.webp 300w\" sizes=\"auto, (max-width: 761px) 100vw, 761px\" \/><\/a><\/div>[\/vc_column][vc_column width=\u00a0\u00bb1\/6&Prime;][\/vc_column][\/vc_row][vc_row bg_color=\u00a0\u00bb#FFFFFF\u00a0\u00bb top_padding=\u00a0\u00bb50&Prime; bottom_padding=\u00a0\u00bb40&Prime;][vc_column el_class=\u00a0\u00bbhide-on-mobile\u00a0\u00bb width=\u00a0\u00bb1\/3&Prime;][\/vc_column][vc_column width=\u00a0\u00bb1\/3&Prime;][vc_column_text]<\/p>\n<h3 style=\"text-align: center;\">Catalyseur<\/h3>\n<p>[\/vc_column_text][\/vc_column][vc_column el_class=\u00a0\u00bbhide-on-mobile\u00a0\u00bb width=\u00a0\u00bb1\/3&Prime;][\/vc_column][\/vc_row][vc_row bg_color=\u00a0\u00bb#FFFFFF\u00a0\u00bb bottom_padding=\u00a0\u00bb70&Prime;][vc_column column_padding=\u00a0\u00bbcustom-padding\u00a0\u00bb column_custompadding=\u00a0\u00bb0 5%\u00a0\u00bb column_center=\u00a0\u00bbtrue\u00a0\u00bb width=\u00a0\u00bb1\/3&Prime;]<div class=\"single_image wpb_content_element align-left    \" data-animation=\"none\" data-delay=\"0\"><a href=\"https:\/\/alumo.ca\/?lang=fr\" target=\"_blank\"><img loading=\"lazy\" decoding=\"async\" width=\"1638\" height=\"444\" src=\"https:\/\/cbie.ca\/wp-content\/uploads\/2025\/08\/L_Alumo_4C_K_E.png\" class=\"attachment-full\" alt=\"\" title=\"L_Alumo_4C_K_E\" srcset=\"https:\/\/cbie.ca\/wp-content\/uploads\/2025\/08\/L_Alumo_4C_K_E.png 1638w, https:\/\/cbie.ca\/wp-content\/uploads\/2025\/08\/L_Alumo_4C_K_E-300x81.png 300w, https:\/\/cbie.ca\/wp-content\/uploads\/2025\/08\/L_Alumo_4C_K_E-1024x278.png 1024w, https:\/\/cbie.ca\/wp-content\/uploads\/2025\/08\/L_Alumo_4C_K_E-768x208.png 768w, https:\/\/cbie.ca\/wp-content\/uploads\/2025\/08\/L_Alumo_4C_K_E-1536x416.png 1536w\" sizes=\"auto, (max-width: 1638px) 100vw, 1638px\" \/><\/a><\/div>[\/vc_column][vc_column column_padding=\u00a0\u00bbcustom-padding\u00a0\u00bb column_custompadding=\u00a0\u00bb0 5%\u00a0\u00bb column_center=\u00a0\u00bbtrue\u00a0\u00bb width=\u00a0\u00bb1\/3&Prime;]<div class=\"single_image wpb_content_element align-left    \" data-animation=\"none\" data-delay=\"0\"><a href=\"https:\/\/www.pearsonpte.com\/\" target=\"_blank\"><img loading=\"lazy\" decoding=\"async\" width=\"998\" height=\"399\" src=\"https:\/\/cbie.ca\/wp-content\/uploads\/2026\/02\/Pearson-ToE.png\" class=\"attachment-full\" alt=\"\" title=\"Pearson-ToE\" srcset=\"https:\/\/cbie.ca\/wp-content\/uploads\/2026\/02\/Pearson-ToE.png 998w, https:\/\/cbie.ca\/wp-content\/uploads\/2026\/02\/Pearson-ToE-300x120.png 300w, https:\/\/cbie.ca\/wp-content\/uploads\/2026\/02\/Pearson-ToE-768x307.png 768w\" sizes=\"auto, (max-width: 998px) 100vw, 998px\" \/><\/a><\/div>[\/vc_column][vc_column column_padding=\u00a0\u00bbcustom-padding\u00a0\u00bb column_custompadding=\u00a0\u00bb0 5%\u00a0\u00bb column_center=\u00a0\u00bbtrue\u00a0\u00bb width=\u00a0\u00bb1\/3&Prime;]<div class=\"single_image wpb_content_element align-left    \" data-animation=\"none\" data-delay=\"0\"><a href=\"https:\/\/www.fr.ets.org\/toefl.html\" target=\"_blank\"><img loading=\"lazy\" decoding=\"async\" width=\"4358\" height=\"1336\" src=\"https:\/\/cbie.ca\/wp-content\/uploads\/2024\/05\/TOEFL_Logo_RGB_Periwinkle.png\" class=\"attachment-full\" alt=\"\" title=\"TOEFL_Logo_RGB_Periwinkle\" srcset=\"https:\/\/cbie.ca\/wp-content\/uploads\/2024\/05\/TOEFL_Logo_RGB_Periwinkle.png 4358w, https:\/\/cbie.ca\/wp-content\/uploads\/2024\/05\/TOEFL_Logo_RGB_Periwinkle-300x92.png 300w, https:\/\/cbie.ca\/wp-content\/uploads\/2024\/05\/TOEFL_Logo_RGB_Periwinkle-1024x314.png 1024w, https:\/\/cbie.ca\/wp-content\/uploads\/2024\/05\/TOEFL_Logo_RGB_Periwinkle-768x235.png 768w, https:\/\/cbie.ca\/wp-content\/uploads\/2024\/05\/TOEFL_Logo_RGB_Periwinkle-1536x471.png 1536w, https:\/\/cbie.ca\/wp-content\/uploads\/2024\/05\/TOEFL_Logo_RGB_Periwinkle-2048x628.png 2048w\" sizes=\"auto, (max-width: 4358px) 100vw, 4358px\" \/><\/a><\/div>[\/vc_column][\/vc_row][vc_row bg_color=\u00a0\u00bb#FFFFFF\u00a0\u00bb bottom_padding=\u00a0\u00bb70&Prime;][vc_column column_padding=\u00a0\u00bbcustom-padding\u00a0\u00bb column_custompadding=\u00a0\u00bb0 5%\u00a0\u00bb column_center=\u00a0\u00bbtrue\u00a0\u00bb width=\u00a0\u00bb1\/6&Prime;][\/vc_column][vc_column column_padding=\u00a0\u00bbcustom-padding\u00a0\u00bb column_custompadding=\u00a0\u00bb0 5%\u00a0\u00bb column_center=\u00a0\u00bbtrue\u00a0\u00bb width=\u00a0\u00bb1\/3&Prime;]<div class=\"single_image wpb_content_element align-left    \" data-animation=\"none\" data-delay=\"0\"><a href=\"https:\/\/www.getenpoint.com\/\" target=\"_blank\"><img loading=\"lazy\" decoding=\"async\" width=\"2085\" height=\"643\" src=\"https:\/\/cbie.ca\/wp-content\/uploads\/2026\/02\/En-Point-logo.png\" class=\"attachment-full\" alt=\"\" title=\"En-Point-logo\" srcset=\"https:\/\/cbie.ca\/wp-content\/uploads\/2026\/02\/En-Point-logo.png 2085w, https:\/\/cbie.ca\/wp-content\/uploads\/2026\/02\/En-Point-logo-300x93.png 300w, https:\/\/cbie.ca\/wp-content\/uploads\/2026\/02\/En-Point-logo-1024x316.png 1024w, https:\/\/cbie.ca\/wp-content\/uploads\/2026\/02\/En-Point-logo-768x237.png 768w, https:\/\/cbie.ca\/wp-content\/uploads\/2026\/02\/En-Point-logo-1536x474.png 1536w, https:\/\/cbie.ca\/wp-content\/uploads\/2026\/02\/En-Point-logo-2048x632.png 2048w\" sizes=\"auto, (max-width: 2085px) 100vw, 2085px\" \/><\/a><\/div>[\/vc_column][vc_column column_padding=\u00a0\u00bbcustom-padding\u00a0\u00bb column_custompadding=\u00a0\u00bb0 5%\u00a0\u00bb column_center=\u00a0\u00bbtrue\u00a0\u00bb width=\u00a0\u00bb1\/3&Prime;]<div class=\"single_image wpb_content_element align-left    \" data-animation=\"none\" data-delay=\"0\"><a href=\"https:\/\/www.borderpass.ai\/\" target=\"_blank\"><img loading=\"lazy\" decoding=\"async\" width=\"1118\" height=\"103\" src=\"https:\/\/cbie.ca\/wp-content\/uploads\/2026\/02\/borderpass-logo.png\" class=\"attachment-full\" alt=\"\" title=\"borderpass-logo\" srcset=\"https:\/\/cbie.ca\/wp-content\/uploads\/2026\/02\/borderpass-logo.png 1118w, https:\/\/cbie.ca\/wp-content\/uploads\/2026\/02\/borderpass-logo-300x28.png 300w, https:\/\/cbie.ca\/wp-content\/uploads\/2026\/02\/borderpass-logo-1024x94.png 1024w, https:\/\/cbie.ca\/wp-content\/uploads\/2026\/02\/borderpass-logo-768x71.png 768w\" sizes=\"auto, (max-width: 1118px) 100vw, 1118px\" \/><\/a><\/div>[\/vc_column][vc_column width=\u00a0\u00bb1\/6&Prime;][\/vc_column][\/vc_row][vc_row bg_color=\u00a0\u00bb#FFFFFF\u00a0\u00bb top_padding=\u00a0\u00bb50&Prime; bottom_padding=\u00a0\u00bb40&Prime;][vc_column el_class=\u00a0\u00bbhide-on-mobile\u00a0\u00bb width=\u00a0\u00bb1\/3&Prime;][\/vc_column][vc_column width=\u00a0\u00bb1\/3&Prime;][vc_column_text]<\/p>\n<h3 style=\"text-align: center;\">Champion<\/h3>\n<p>[\/vc_column_text][\/vc_column][vc_column el_class=\u00a0\u00bbhide-on-mobile\u00a0\u00bb width=\u00a0\u00bb1\/3&Prime;][\/vc_column][\/vc_row][vc_row bg_color=\u00a0\u00bb#FFFFFF\u00a0\u00bb bottom_padding=\u00a0\u00bb70&Prime;][vc_column column_padding=\u00a0\u00bbcustom-padding\u00a0\u00bb column_custompadding=\u00a0\u00bb0 5%\u00a0\u00bb column_center=\u00a0\u00bbtrue\u00a0\u00bb width=\u00a0\u00bb1\/3&Prime;]<div class=\"single_image wpb_content_element align-left    \" data-animation=\"none\" data-delay=\"0\"><a href=\"https:\/\/www.flywire.com\/\" target=\"_blank\"><img loading=\"lazy\" decoding=\"async\" width=\"1350\" height=\"448\" src=\"https:\/\/cbie.ca\/wp-content\/uploads\/2021\/09\/flywire.png\" class=\"attachment-full\" alt=\"\" title=\"flywire\" srcset=\"https:\/\/cbie.ca\/wp-content\/uploads\/2021\/09\/flywire.png 1350w, https:\/\/cbie.ca\/wp-content\/uploads\/2021\/09\/flywire-300x100.png 300w, https:\/\/cbie.ca\/wp-content\/uploads\/2021\/09\/flywire-1024x340.png 1024w, https:\/\/cbie.ca\/wp-content\/uploads\/2021\/09\/flywire-768x255.png 768w\" sizes=\"auto, (max-width: 1350px) 100vw, 1350px\" \/><\/a><\/div>[\/vc_column][vc_column column_padding=\u00a0\u00bbcustom-padding\u00a0\u00bb column_custompadding=\u00a0\u00bb0 5%\u00a0\u00bb column_center=\u00a0\u00bbtrue\u00a0\u00bb width=\u00a0\u00bb1\/3&Prime;]<div class=\"single_image wpb_content_element align-left    \" data-animation=\"none\" data-delay=\"0\"><a href=\"https:\/\/www.celpip.ca\/\" target=\"_blank\"><img loading=\"lazy\" decoding=\"async\" width=\"800\" height=\"213\" src=\"https:\/\/cbie.ca\/wp-content\/uploads\/2026\/03\/CELPIP-2025-logo-rm.png\" class=\"attachment-full\" alt=\"CELPIP\" title=\"CELPIP-2025-logo-rm\" srcset=\"https:\/\/cbie.ca\/wp-content\/uploads\/2026\/03\/CELPIP-2025-logo-rm.png 800w, https:\/\/cbie.ca\/wp-content\/uploads\/2026\/03\/CELPIP-2025-logo-rm-300x80.png 300w, https:\/\/cbie.ca\/wp-content\/uploads\/2026\/03\/CELPIP-2025-logo-rm-768x204.png 768w\" sizes=\"auto, (max-width: 800px) 100vw, 800px\" \/><\/a><\/div>[\/vc_column][vc_column column_padding=\u00a0\u00bbcustom-padding\u00a0\u00bb column_custompadding=\u00a0\u00bb0 5%\u00a0\u00bb column_center=\u00a0\u00bbtrue\u00a0\u00bb width=\u00a0\u00bb1\/3&Prime;]<div class=\"single_image wpb_content_element align-left    \" data-animation=\"none\" data-delay=\"0\"><a href=\"https:\/\/cibccm.com\/fr\/cibc-isp\/\" target=\"_blank\"><img loading=\"lazy\" decoding=\"async\" width=\"1049\" height=\"270\" src=\"https:\/\/cbie.ca\/wp-content\/uploads\/2025\/02\/CIBC_logo_rgb-1.jpg\" class=\"attachment-full\" alt=\"\" title=\"CIBC_logo_rgb (1)\" srcset=\"https:\/\/cbie.ca\/wp-content\/uploads\/2025\/02\/CIBC_logo_rgb-1.jpg 1049w, https:\/\/cbie.ca\/wp-content\/uploads\/2025\/02\/CIBC_logo_rgb-1-300x77.jpg 300w, https:\/\/cbie.ca\/wp-content\/uploads\/2025\/02\/CIBC_logo_rgb-1-1024x264.jpg 1024w, https:\/\/cbie.ca\/wp-content\/uploads\/2025\/02\/CIBC_logo_rgb-1-768x198.jpg 768w\" sizes=\"auto, (max-width: 1049px) 100vw, 1049px\" \/><\/a><\/div>[\/vc_column][\/vc_row][vc_row bg_color=\u00a0\u00bb#FFFFFF\u00a0\u00bb text_align=\u00a0\u00bbcenter\u00a0\u00bb top_padding=\u00a0\u00bb70&Prime; bottom_padding=\u00a0\u00bb70&Prime;][vc_column width=\u00a0\u00bb1\/1&Prime;][vc_column_text]Souhaitez-vous en savoir plus sur le Programme de partenariat avec les entreprises? Communiquez avec notre \u00e9quipe \u00e0 l\u2019adresse <a href=\"mailto:communication@cbie.ca\" target=\"_blank\" rel=\"noopener\">communication@cbie.ca<\/a> pour de plus amples renseignements.[\/vc_column_text][\/vc_column][\/vc_row]<\/p>\n<\/div>","protected":false},"excerpt":{"rendered":"<p>[vc_row bg_image=\u00a0\u00bb112670&Prime; parallax_bg=\u00a0\u00bbtrue\u00a0\u00bb bg_color=\u00a0\u00bb#01426a\u00a0\u00bb text_color=\u00a0\u00bblight\u00a0\u00bb text_align=\u00a0\u00bbcenter\u00a0\u00bb top_padding=\u00a0\u00bb40&Prime; bottom_padding=\u00a0\u00bb40&Prime; row_id=\u00a0\u00bbhero-banner\u00a0\u00bb][vc_column column_padding=\u00a0\u00bbcustom-padding\u00a0\u00bb column_custompadding=\u00a0\u00bb10% 0px\u00a0\u00bb text_color=\u00a0\u00bblight\u00a0\u00bb text_align=\u00a0\u00bbcenter\u00a0\u00bb width=\u00a0\u00bb1\/1&Prime;][vc_column_text] Partenaires en entreprises [\/vc_column_text][vc_column_text] Le BCEI collabore avec ses entreprises partenaires tout au long de [&hellip;]<\/p>\n","protected":false},"author":2,"featured_media":0,"parent":0,"menu_order":0,"comment_status":"closed","ping_status":"closed","template":"","meta":{"_acf_changed":false,"footnotes":""},"class_list":["post-116548","page","type-page","status-publish","hentry"],"acf":[],"yoast_head":"<!-- This site is optimized with the Yoast SEO plugin v27.4 - https:\/\/yoast.com\/product\/yoast-seo-wordpress\/ -->\n<title>Entreprises partenaires - CBIE<\/title>\n<meta name=\"robots\" content=\"index, follow, max-snippet:-1, max-image-preview:large, max-video-preview:-1\" \/>\n<link rel=\"canonical\" href=\"https:\/\/cbie.ca\/fr\/entreprises-partenaires\/\" \/>\n<meta property=\"og:locale\" content=\"fr_FR\" \/>\n<meta property=\"og:type\" content=\"article\" \/>\n<meta property=\"og:title\" content=\"Entreprises partenaires - CBIE\" \/>\n<meta property=\"og:description\" content=\"[vc_row bg_image=\u00a0\u00bb112670&Prime; parallax_bg=\u00a0\u00bbtrue\u00a0\u00bb bg_color=\u00a0\u00bb#01426a\u00a0\u00bb text_color=\u00a0\u00bblight\u00a0\u00bb text_align=\u00a0\u00bbcenter\u00a0\u00bb top_padding=\u00a0\u00bb40&Prime; bottom_padding=\u00a0\u00bb40&Prime; row_id=\u00a0\u00bbhero-banner\u00a0\u00bb][vc_column column_padding=\u00a0\u00bbcustom-padding\u00a0\u00bb column_custompadding=\u00a0\u00bb10% 0px\u00a0\u00bb text_color=\u00a0\u00bblight\u00a0\u00bb text_align=\u00a0\u00bbcenter\u00a0\u00bb width=\u00a0\u00bb1\/1&Prime;][vc_column_text] Partenaires en entreprises [\/vc_column_text][vc_column_text] Le BCEI collabore avec ses entreprises partenaires tout au long de [&hellip;]\" \/>\n<meta property=\"og:url\" content=\"https:\/\/cbie.ca\/fr\/entreprises-partenaires\/\" \/>\n<meta property=\"og:site_name\" content=\"CBIE\" \/>\n<meta property=\"article:modified_time\" content=\"2026-04-17T14:52:00+00:00\" \/>\n<meta property=\"og:image\" content=\"https:\/\/cbie.ca\/wp-content\/uploads\/2024\/01\/CBIE-Announcement-EN.png\" \/>\n\t<meta property=\"og:image:width\" content=\"1600\" \/>\n\t<meta property=\"og:image:height\" content=\"900\" \/>\n\t<meta property=\"og:image:type\" content=\"image\/png\" \/>\n<meta name=\"twitter:card\" content=\"summary_large_image\" \/>\n<meta name=\"twitter:label1\" content=\"Dur\u00e9e de lecture estim\u00e9e\" \/>\n\t<meta name=\"twitter:data1\" content=\"3 minutes\" \/>\n<script type=\"application\/ld+json\" class=\"yoast-schema-graph\">{\"@context\":\"https:\\\/\\\/schema.org\",\"@graph\":[{\"@type\":\"WebPage\",\"@id\":\"https:\\\/\\\/cbie.ca\\\/fr\\\/entreprises-partenaires\\\/\",\"url\":\"https:\\\/\\\/cbie.ca\\\/fr\\\/entreprises-partenaires\\\/\",\"name\":\"Entreprises partenaires - CBIE\",\"isPartOf\":{\"@id\":\"https:\\\/\\\/cbie.ca\\\/#website\"},\"datePublished\":\"2025-02-07T15:30:01+00:00\",\"dateModified\":\"2026-04-17T14:52:00+00:00\",\"breadcrumb\":{\"@id\":\"https:\\\/\\\/cbie.ca\\\/fr\\\/entreprises-partenaires\\\/#breadcrumb\"},\"inLanguage\":\"fr-FR\",\"potentialAction\":[{\"@type\":\"ReadAction\",\"target\":[\"https:\\\/\\\/cbie.ca\\\/fr\\\/entreprises-partenaires\\\/\"]}]},{\"@type\":\"BreadcrumbList\",\"@id\":\"https:\\\/\\\/cbie.ca\\\/fr\\\/entreprises-partenaires\\\/#breadcrumb\",\"itemListElement\":[{\"@type\":\"ListItem\",\"position\":1,\"name\":\"Home\",\"item\":\"https:\\\/\\\/cbie.ca\\\/fr\\\/\"},{\"@type\":\"ListItem\",\"position\":2,\"name\":\"Entreprises partenaires\"}]},{\"@type\":\"WebSite\",\"@id\":\"https:\\\/\\\/cbie.ca\\\/#website\",\"url\":\"https:\\\/\\\/cbie.ca\\\/\",\"name\":\"Canadian Bureau for International Education\",\"description\":\"\",\"potentialAction\":[{\"@type\":\"SearchAction\",\"target\":{\"@type\":\"EntryPoint\",\"urlTemplate\":\"https:\\\/\\\/cbie.ca\\\/?s={search_term_string}\"},\"query-input\":{\"@type\":\"PropertyValueSpecification\",\"valueRequired\":true,\"valueName\":\"search_term_string\"}}],\"inLanguage\":\"fr-FR\"}]}<\/script>\n<!-- \/ Yoast SEO plugin. -->","yoast_head_json":{"title":"Entreprises partenaires - CBIE","robots":{"index":"index","follow":"follow","max-snippet":"max-snippet:-1","max-image-preview":"max-image-preview:large","max-video-preview":"max-video-preview:-1"},"canonical":"https:\/\/cbie.ca\/fr\/entreprises-partenaires\/","og_locale":"fr_FR","og_type":"article","og_title":"Entreprises partenaires - CBIE","og_description":"[vc_row bg_image=\u00a0\u00bb112670&Prime; parallax_bg=\u00a0\u00bbtrue\u00a0\u00bb bg_color=\u00a0\u00bb#01426a\u00a0\u00bb text_color=\u00a0\u00bblight\u00a0\u00bb text_align=\u00a0\u00bbcenter\u00a0\u00bb top_padding=\u00a0\u00bb40&Prime; bottom_padding=\u00a0\u00bb40&Prime; row_id=\u00a0\u00bbhero-banner\u00a0\u00bb][vc_column column_padding=\u00a0\u00bbcustom-padding\u00a0\u00bb column_custompadding=\u00a0\u00bb10% 0px\u00a0\u00bb text_color=\u00a0\u00bblight\u00a0\u00bb text_align=\u00a0\u00bbcenter\u00a0\u00bb width=\u00a0\u00bb1\/1&Prime;][vc_column_text] Partenaires en entreprises [\/vc_column_text][vc_column_text] Le BCEI collabore avec ses entreprises partenaires tout au long de [&hellip;]","og_url":"https:\/\/cbie.ca\/fr\/entreprises-partenaires\/","og_site_name":"CBIE","article_modified_time":"2026-04-17T14:52:00+00:00","og_image":[{"width":1600,"height":900,"url":"https:\/\/cbie.ca\/wp-content\/uploads\/2024\/01\/CBIE-Announcement-EN.png","type":"image\/png"}],"twitter_card":"summary_large_image","twitter_misc":{"Dur\u00e9e de lecture estim\u00e9e":"3 minutes"},"schema":{"@context":"https:\/\/schema.org","@graph":[{"@type":"WebPage","@id":"https:\/\/cbie.ca\/fr\/entreprises-partenaires\/","url":"https:\/\/cbie.ca\/fr\/entreprises-partenaires\/","name":"Entreprises partenaires - CBIE","isPartOf":{"@id":"https:\/\/cbie.ca\/#website"},"datePublished":"2025-02-07T15:30:01+00:00","dateModified":"2026-04-17T14:52:00+00:00","breadcrumb":{"@id":"https:\/\/cbie.ca\/fr\/entreprises-partenaires\/#breadcrumb"},"inLanguage":"fr-FR","potentialAction":[{"@type":"ReadAction","target":["https:\/\/cbie.ca\/fr\/entreprises-partenaires\/"]}]},{"@type":"BreadcrumbList","@id":"https:\/\/cbie.ca\/fr\/entreprises-partenaires\/#breadcrumb","itemListElement":[{"@type":"ListItem","position":1,"name":"Home","item":"https:\/\/cbie.ca\/fr\/"},{"@type":"ListItem","position":2,"name":"Entreprises partenaires"}]},{"@type":"WebSite","@id":"https:\/\/cbie.ca\/#website","url":"https:\/\/cbie.ca\/","name":"Canadian Bureau for International Education","description":"","potentialAction":[{"@type":"SearchAction","target":{"@type":"EntryPoint","urlTemplate":"https:\/\/cbie.ca\/?s={search_term_string}"},"query-input":{"@type":"PropertyValueSpecification","valueRequired":true,"valueName":"search_term_string"}}],"inLanguage":"fr-FR"}]}},"_links":{"self":[{"href":"https:\/\/cbie.ca\/fr\/wp-json\/wp\/v2\/pages\/116548","targetHints":{"allow":["GET"]}}],"collection":[{"href":"https:\/\/cbie.ca\/fr\/wp-json\/wp\/v2\/pages"}],"about":[{"href":"https:\/\/cbie.ca\/fr\/wp-json\/wp\/v2\/types\/page"}],"author":[{"embeddable":true,"href":"https:\/\/cbie.ca\/fr\/wp-json\/wp\/v2\/users\/2"}],"replies":[{"embeddable":true,"href":"https:\/\/cbie.ca\/fr\/wp-json\/wp\/v2\/comments?post=116548"}],"version-history":[{"count":10,"href":"https:\/\/cbie.ca\/fr\/wp-json\/wp\/v2\/pages\/116548\/revisions"}],"predecessor-version":[{"id":120895,"href":"https:\/\/cbie.ca\/fr\/wp-json\/wp\/v2\/pages\/116548\/revisions\/120895"}],"wp:attachment":[{"href":"https:\/\/cbie.ca\/fr\/wp-json\/wp\/v2\/media?parent=116548"}],"curies":[{"name":"wp","href":"https:\/\/api.w.org\/{rel}","templated":true}]}}