{"id":112311,"date":"2024-12-10T10:36:23","date_gmt":"2024-12-10T15:36:23","guid":{"rendered":"https:\/\/cbiemain.pcomms.ca\/?page_id=112311"},"modified":"2026-03-03T10:43:31","modified_gmt":"2026-03-03T15:43:31","slug":"congres-national-annuel","status":"publish","type":"page","link":"https:\/\/cbie.ca\/fr\/upcoming-events\/congres-national-annuel\/","title":{"rendered":"Congr\u00e8s national annuel"},"content":{"rendered":"<div class=\"wpb-content-wrapper\"><p>[vc_row bg_image=\u00a0\u00bb112567&Prime; parallax_bg=\u00a0\u00bbtrue\u00a0\u00bb bg_color=\u00a0\u00bb#01426a\u00a0\u00bb text_color=\u00a0\u00bblight\u00a0\u00bb text_align=\u00a0\u00bbcenter\u00a0\u00bb top_padding=\u00a0\u00bb40&Prime; bottom_padding=\u00a0\u00bb40&Prime; row_id=\u00a0\u00bbhero-banner\u00a0\u00bb][vc_column column_padding=\u00a0\u00bbcustom-padding\u00a0\u00bb column_custompadding=\u00a0\u00bb10% 0px\u00a0\u00bb text_color=\u00a0\u00bblight\u00a0\u00bb text_align=\u00a0\u00bbcenter\u00a0\u00bb width=\u00a0\u00bb1\/1&Prime;][vc_column_text]<\/p>\n<h1>Congr\u00e8s national annuel<\/h1>\n<p>[\/vc_column_text]<div class=\"newdivider align-center\" style=\"border-bottom-style: solid; border-color: #1c86a4; border-bottom-width: 2px; margin-top: 30px; margin-bottom: 30px; width: 130px; \"><\/div><div class=\"clear\"><\/div>[vc_column_text]<\/p>\n<h5>Le lieu de rencontre incontournable pour les professionnel.le.s de l\u2019\u00e9ducation internationale (EI) de partout au Canada et de l\u2019\u00e9tranger.<\/h5>\n<p>[\/vc_column_text][\/vc_column][\/vc_row][vc_row top_padding=\u00a0\u00bb70&Prime;][vc_column width=\u00a0\u00bb1\/4&Prime;]<div class=\"counter clearfix wpb_content_element\"><div class=\"counter-number\" style=\"color: #007096 !important;\">1300<\/div><span class=\"counter-title\">Participant.e.s<\/span><\/div>[\/vc_column][vc_column width=\u00a0\u00bb1\/4&Prime;]<div class=\"counter clearfix wpb_content_element\"><div class=\"counter-number\" style=\"color: #007096 !important;\">50<\/div><span class=\"counter-title\">Pays<\/span><\/div>[\/vc_column][vc_column width=\u00a0\u00bb1\/4&Prime;]<div class=\"counter clearfix wpb_content_element\"><div class=\"counter-number\" style=\"color: #007096 !important;\">60<\/div><span class=\"counter-title\">Exposant.e.s<\/span><\/div>[\/vc_column][vc_column width=\u00a0\u00bb1\/4&Prime;]<div class=\"counter clearfix wpb_content_element\"><div class=\"counter-number\" style=\"color: #007096 !important;\">75<\/div><span class=\"counter-title\">S\u00e9ances<\/span><\/div>[\/vc_column][\/vc_row][vc_row top_padding=\u00a0\u00bb70&Prime;][vc_column width=\u00a0\u00bb1\/1&Prime;][vc_column_text]<\/p>\n<p style=\"text-align: center;\">Chaque ann\u00e9e, au mois de novembre, le congr\u00e8s devient le point de rencontre de leaders d\u2019opinion, de professionnel.le.s, de d\u00e9cideur.euse.s et d\u2019autres parties prenantes du secteur de l\u2019EI provenant du Canada et du monde entier. Que vous cherchiez \u00e0 \u00e9tablir de nouveaux partenariats, \u00e0 obtenir de pr\u00e9cieux renseignements sur les tendances et les recherches actuelles dans le secteur, ou encore \u00e0 \u00e9changer des pratiques exemplaires avec vos pairs, le congr\u00e8s offre une chance in\u00e9gal\u00e9e d\u2019apprendre et de r\u00e9seauter afin de faire avancer vos priorit\u00e9s en mati\u00e8re d\u2019\u00e9ducation internationale.<\/p>\n<p>[\/vc_column_text][\/vc_column][\/vc_row][vc_row top_padding=\u00a0\u00bb70&Prime; bottom_padding=\u00a0\u00bb50&Prime; class=\u00a0\u00bbregion-section\u00a0\u00bb][vc_column bg_color=\u00a0\u00bb#f4f4f4&Prime; column_padding=\u00a0\u00bbpadding-5&Prime; text_align=\u00a0\u00bbcenter\u00a0\u00bb width=\u00a0\u00bb1\/3&Prime;]<div class=\"single_image wpb_content_element align-center  image_box_circle  \" data-animation=\"none\" data-delay=\"0\"><img decoding=\"async\" class=\"\" src=\"https:\/\/cbie.ca\/wp-content\/uploads\/2024\/12\/cbie2026-ottawa.jpg\" width=\"500\" height=\"500\" alt=\"cbie2026-ottawa\" title=\"cbie2026-ottawa\" loading=\"lazy\" srcset=\"https:\/\/cbie.ca\/wp-content\/uploads\/2024\/12\/cbie2026-ottawa.jpg 500w, https:\/\/cbie.ca\/wp-content\/uploads\/2024\/12\/cbie2026-ottawa-300x300.jpg 300w, https:\/\/cbie.ca\/wp-content\/uploads\/2024\/12\/cbie2026-ottawa-150x150.jpg 150w, https:\/\/cbie.ca\/wp-content\/uploads\/2024\/12\/cbie2026-ottawa-80x80.jpg 80w\" sizes=\"auto, (max-width: 500px) 100vw, 500px\" \/><\/div><div class=\"spacer\" style=\"height: 30px;\"><\/div>[vc_column_text]<\/p>\n<h4>BCEI2026<\/h4>\n<p>22 &#8211; 25 novembre 2026<br \/>\n<a href=\"https:\/\/ottawatourism.ca\/fr\" target=\"_blank\" rel=\"noopener\">Ottawa<\/a>[\/vc_column_text]<div class=\"spacer\" style=\"height: 20px;\"><\/div><a href=\"https:\/\/2026.cbieconference.ca\/fr\/\" target=\"_blank\" class=\"button color-2 medium \" style=\"border-radius: 2px;\">Visitez le site<\/a><a href=\"https:\/\/cbie.member365.ca\/public\/event\/details\/2072d8a1fb52abbd03aa687df7986899db9eed08\/1\" target=\"_blank\" class=\"button color-2 medium hidden\" style=\"border-radius: 2px;\">Register now<\/a><a href=\"https:\/\/cbie.ca\/2023-atlantic-regional-meeting-in-brief\/\" target=\"_blank\" class=\"button color-2 medium hidden\" style=\"border-radius: 2px;\">Recap of the event<\/a>[\/vc_column][vc_column bg_color=\u00a0\u00bb#F4F4F4&Prime; column_padding=\u00a0\u00bbpadding-5&Prime; text_align=\u00a0\u00bbcenter\u00a0\u00bb width=\u00a0\u00bb1\/3&Prime;]<div class=\"single_image wpb_content_element align-center  image_box_circle  \" data-animation=\"none\" data-delay=\"0\"><img decoding=\"async\" class=\"\" src=\"https:\/\/cbie.ca\/wp-content\/uploads\/2024\/12\/cbie2027-halifax.jpg\" width=\"500\" height=\"500\" alt=\"cbie2027-halifax\" title=\"cbie2027-halifax\" loading=\"lazy\" srcset=\"https:\/\/cbie.ca\/wp-content\/uploads\/2024\/12\/cbie2027-halifax.jpg 500w, https:\/\/cbie.ca\/wp-content\/uploads\/2024\/12\/cbie2027-halifax-300x300.jpg 300w, https:\/\/cbie.ca\/wp-content\/uploads\/2024\/12\/cbie2027-halifax-150x150.jpg 150w, https:\/\/cbie.ca\/wp-content\/uploads\/2024\/12\/cbie2027-halifax-80x80.jpg 80w\" sizes=\"auto, (max-width: 500px) 100vw, 500px\" \/><\/div><div class=\"spacer\" style=\"height: 30px;\"><\/div>[vc_column_text]<\/p>\n<h4>BCEI2027<\/h4>\n<p>21 \u2013 24 novembre 2027<br \/>\n<a href=\"https:\/\/discoverhalifaxns.com\/things-to-do\/\" target=\"_blank\" rel=\"noopener\">Halifax<\/a>[\/vc_column_text]<a href=\"https:\/\/cbie.ca\/upcoming-events\/regional-meetings\/western-regional-meeting\/\" target=\"_blank\" class=\"button color-2 medium hidden\" style=\"border-radius: 2px;\">Learn More<\/a><a href=\"https:\/\/cbie.ca\/upcoming-events\/regional-meetings\/western-regional-meeting\/\" target=\"_blank\" class=\"button color-2 medium hidden\" style=\"border-radius: 2px;\">Learn More<\/a><a href=\"https:\/\/cbie.ca\/2023-atlantic-regional-meeting-in-brief\/\" target=\"_blank\" class=\"button color-2 medium hidden\" style=\"border-radius: 2px;\">Recap of the event<\/a>[\/vc_column][vc_column bg_color=\u00a0\u00bb#f4f4f4&Prime; column_padding=\u00a0\u00bbpadding-5&Prime; text_align=\u00a0\u00bbcenter\u00a0\u00bb width=\u00a0\u00bb1\/3&Prime;]<div class=\"single_image wpb_content_element align-center  image_box_circle  \" data-animation=\"none\" data-delay=\"0\"><img decoding=\"async\" class=\"\" src=\"https:\/\/cbie.ca\/wp-content\/uploads\/2025\/11\/cbie-conference-toronto.jpg\" width=\"500\" height=\"500\" alt=\"cbie-conference-toronto\" title=\"cbie-conference-toronto\" loading=\"lazy\" srcset=\"https:\/\/cbie.ca\/wp-content\/uploads\/2025\/11\/cbie-conference-toronto.jpg 500w, https:\/\/cbie.ca\/wp-content\/uploads\/2025\/11\/cbie-conference-toronto-300x300.jpg 300w, https:\/\/cbie.ca\/wp-content\/uploads\/2025\/11\/cbie-conference-toronto-150x150.jpg 150w, https:\/\/cbie.ca\/wp-content\/uploads\/2025\/11\/cbie-conference-toronto-80x80.jpg 80w\" sizes=\"auto, (max-width: 500px) 100vw, 500px\" \/><\/div><div class=\"spacer\" style=\"height: 30px;\"><\/div>[vc_column_text]<\/p>\n<h4>BCEI2028<\/h4>\n<p>12 &#8211; 15 novembre 2028<br \/>\n<a href=\"https:\/\/www.destinationtoronto.com\/\" target=\"_blank\" rel=\"noopener\">Toronto<\/a>[\/vc_column_text]<div class=\"spacer\" style=\"height: 30px;\"><\/div><a href=\"#\" target=\"_blank\" class=\"button color-3 medium hidden\" style=\"border-radius: 2px;\">Visitez le site<\/a><a href=\"#\" target=\"_blank\" class=\"button color-2 medium hidden\" style=\"border-radius: 2px;\">Learn More<\/a><a href=\"#\" target=\"_blank\" class=\"button color-2 medium hidden\" style=\"border-radius: 2px;\">Register now<\/a><a href=\"#\" target=\"_blank\" class=\"button color-2 medium hidden\" style=\"border-radius: 2px;\">Recap of the event<\/a>[\/vc_column][\/vc_row][vc_row][vc_column width=\u00a0\u00bb1\/1&Prime;][vc_column_text]<\/p>\n<p style=\"text-align: center;\"><strong><a href=\"https:\/\/cbie.ca\/fr\/souscrire\/\">Inscrivez-vous<\/a> \u00e0 notre infolettre pour recevoir les mises \u00e0 jour \u00e0 propos du congr\u00e8s et les autres activit\u00e9s du BCEI.<\/strong><\/p>\n<p>[\/vc_column_text]<div class=\"spacer\" style=\"height: 50px;\"><\/div>[\/vc_column][\/vc_row]<\/p>\n<\/div>","protected":false},"excerpt":{"rendered":"<p>[vc_row bg_image=\u00a0\u00bb112567&Prime; parallax_bg=\u00a0\u00bbtrue\u00a0\u00bb bg_color=\u00a0\u00bb#01426a\u00a0\u00bb text_color=\u00a0\u00bblight\u00a0\u00bb text_align=\u00a0\u00bbcenter\u00a0\u00bb top_padding=\u00a0\u00bb40&Prime; bottom_padding=\u00a0\u00bb40&Prime; row_id=\u00a0\u00bbhero-banner\u00a0\u00bb][vc_column column_padding=\u00a0\u00bbcustom-padding\u00a0\u00bb column_custompadding=\u00a0\u00bb10% 0px\u00a0\u00bb text_color=\u00a0\u00bblight\u00a0\u00bb text_align=\u00a0\u00bbcenter\u00a0\u00bb width=\u00a0\u00bb1\/1&Prime;][vc_column_text] Congr\u00e8s national annuel [\/vc_column_text][vc_column_text] Le lieu de rencontre incontournable pour les professionnel.le.s de l\u2019\u00e9ducation internationale [&hellip;]<\/p>\n","protected":false},"author":2,"featured_media":0,"parent":18419,"menu_order":0,"comment_status":"closed","ping_status":"closed","template":"","meta":{"_acf_changed":false,"footnotes":""},"class_list":["post-112311","page","type-page","status-publish","hentry"],"acf":[],"yoast_head":"<!-- This site is optimized with the Yoast SEO plugin v27.3 - https:\/\/yoast.com\/product\/yoast-seo-wordpress\/ -->\n<title>Congr\u00e8s national annuel - CBIE<\/title>\n<meta name=\"robots\" content=\"index, follow, max-snippet:-1, max-image-preview:large, max-video-preview:-1\" \/>\n<link rel=\"canonical\" href=\"https:\/\/cbie.ca\/fr\/upcoming-events\/congres-national-annuel\/\" \/>\n<meta property=\"og:locale\" content=\"fr_FR\" \/>\n<meta property=\"og:type\" content=\"article\" \/>\n<meta property=\"og:title\" content=\"Congr\u00e8s national annuel - CBIE\" \/>\n<meta property=\"og:description\" content=\"[vc_row bg_image=\u00a0\u00bb112567&Prime; parallax_bg=\u00a0\u00bbtrue\u00a0\u00bb bg_color=\u00a0\u00bb#01426a\u00a0\u00bb text_color=\u00a0\u00bblight\u00a0\u00bb text_align=\u00a0\u00bbcenter\u00a0\u00bb top_padding=\u00a0\u00bb40&Prime; bottom_padding=\u00a0\u00bb40&Prime; row_id=\u00a0\u00bbhero-banner\u00a0\u00bb][vc_column column_padding=\u00a0\u00bbcustom-padding\u00a0\u00bb column_custompadding=\u00a0\u00bb10% 0px\u00a0\u00bb text_color=\u00a0\u00bblight\u00a0\u00bb text_align=\u00a0\u00bbcenter\u00a0\u00bb width=\u00a0\u00bb1\/1&Prime;][vc_column_text] Congr\u00e8s national annuel [\/vc_column_text][vc_column_text] Le lieu de rencontre incontournable pour les professionnel.le.s de l\u2019\u00e9ducation internationale [&hellip;]\" \/>\n<meta property=\"og:url\" content=\"https:\/\/cbie.ca\/fr\/upcoming-events\/congres-national-annuel\/\" \/>\n<meta property=\"og:site_name\" content=\"CBIE\" \/>\n<meta property=\"article:modified_time\" content=\"2026-03-03T15:43:31+00:00\" \/>\n<meta property=\"og:image\" content=\"https:\/\/cbie.ca\/wp-content\/uploads\/2024\/01\/CBIE-Announcement-EN.png\" \/>\n\t<meta property=\"og:image:width\" content=\"1600\" \/>\n\t<meta property=\"og:image:height\" content=\"900\" \/>\n\t<meta property=\"og:image:type\" content=\"image\/png\" \/>\n<meta name=\"twitter:card\" content=\"summary_large_image\" \/>\n<meta name=\"twitter:label1\" content=\"Dur\u00e9e de lecture estim\u00e9e\" \/>\n\t<meta name=\"twitter:data1\" content=\"3 minutes\" \/>\n<script type=\"application\/ld+json\" class=\"yoast-schema-graph\">{\"@context\":\"https:\\\/\\\/schema.org\",\"@graph\":[{\"@type\":\"WebPage\",\"@id\":\"https:\\\/\\\/cbie.ca\\\/fr\\\/upcoming-events\\\/congres-national-annuel\\\/\",\"url\":\"https:\\\/\\\/cbie.ca\\\/fr\\\/upcoming-events\\\/congres-national-annuel\\\/\",\"name\":\"Congr\u00e8s national annuel - CBIE\",\"isPartOf\":{\"@id\":\"https:\\\/\\\/cbie.ca\\\/#website\"},\"datePublished\":\"2024-12-10T15:36:23+00:00\",\"dateModified\":\"2026-03-03T15:43:31+00:00\",\"breadcrumb\":{\"@id\":\"https:\\\/\\\/cbie.ca\\\/fr\\\/upcoming-events\\\/congres-national-annuel\\\/#breadcrumb\"},\"inLanguage\":\"fr-FR\",\"potentialAction\":[{\"@type\":\"ReadAction\",\"target\":[\"https:\\\/\\\/cbie.ca\\\/fr\\\/upcoming-events\\\/congres-national-annuel\\\/\"]}]},{\"@type\":\"BreadcrumbList\",\"@id\":\"https:\\\/\\\/cbie.ca\\\/fr\\\/upcoming-events\\\/congres-national-annuel\\\/#breadcrumb\",\"itemListElement\":[{\"@type\":\"ListItem\",\"position\":1,\"name\":\"Home\",\"item\":\"https:\\\/\\\/cbie.ca\\\/fr\\\/\"},{\"@type\":\"ListItem\",\"position\":2,\"name\":\"\u00c9v\u00e9nements\",\"item\":\"https:\\\/\\\/cbie.ca\\\/upcoming-events\\\/\"},{\"@type\":\"ListItem\",\"position\":3,\"name\":\"Congr\u00e8s national annuel\"}]},{\"@type\":\"WebSite\",\"@id\":\"https:\\\/\\\/cbie.ca\\\/#website\",\"url\":\"https:\\\/\\\/cbie.ca\\\/\",\"name\":\"Canadian Bureau for International Education\",\"description\":\"\",\"potentialAction\":[{\"@type\":\"SearchAction\",\"target\":{\"@type\":\"EntryPoint\",\"urlTemplate\":\"https:\\\/\\\/cbie.ca\\\/?s={search_term_string}\"},\"query-input\":{\"@type\":\"PropertyValueSpecification\",\"valueRequired\":true,\"valueName\":\"search_term_string\"}}],\"inLanguage\":\"fr-FR\"}]}<\/script>\n<!-- \/ Yoast SEO plugin. -->","yoast_head_json":{"title":"Congr\u00e8s national annuel - CBIE","robots":{"index":"index","follow":"follow","max-snippet":"max-snippet:-1","max-image-preview":"max-image-preview:large","max-video-preview":"max-video-preview:-1"},"canonical":"https:\/\/cbie.ca\/fr\/upcoming-events\/congres-national-annuel\/","og_locale":"fr_FR","og_type":"article","og_title":"Congr\u00e8s national annuel - CBIE","og_description":"[vc_row bg_image=\u00a0\u00bb112567&Prime; parallax_bg=\u00a0\u00bbtrue\u00a0\u00bb bg_color=\u00a0\u00bb#01426a\u00a0\u00bb text_color=\u00a0\u00bblight\u00a0\u00bb text_align=\u00a0\u00bbcenter\u00a0\u00bb top_padding=\u00a0\u00bb40&Prime; bottom_padding=\u00a0\u00bb40&Prime; row_id=\u00a0\u00bbhero-banner\u00a0\u00bb][vc_column column_padding=\u00a0\u00bbcustom-padding\u00a0\u00bb column_custompadding=\u00a0\u00bb10% 0px\u00a0\u00bb text_color=\u00a0\u00bblight\u00a0\u00bb text_align=\u00a0\u00bbcenter\u00a0\u00bb width=\u00a0\u00bb1\/1&Prime;][vc_column_text] Congr\u00e8s national annuel [\/vc_column_text][vc_column_text] Le lieu de rencontre incontournable pour les professionnel.le.s de l\u2019\u00e9ducation internationale [&hellip;]","og_url":"https:\/\/cbie.ca\/fr\/upcoming-events\/congres-national-annuel\/","og_site_name":"CBIE","article_modified_time":"2026-03-03T15:43:31+00:00","og_image":[{"width":1600,"height":900,"url":"https:\/\/cbie.ca\/wp-content\/uploads\/2024\/01\/CBIE-Announcement-EN.png","type":"image\/png"}],"twitter_card":"summary_large_image","twitter_misc":{"Dur\u00e9e de lecture estim\u00e9e":"3 minutes"},"schema":{"@context":"https:\/\/schema.org","@graph":[{"@type":"WebPage","@id":"https:\/\/cbie.ca\/fr\/upcoming-events\/congres-national-annuel\/","url":"https:\/\/cbie.ca\/fr\/upcoming-events\/congres-national-annuel\/","name":"Congr\u00e8s national annuel - CBIE","isPartOf":{"@id":"https:\/\/cbie.ca\/#website"},"datePublished":"2024-12-10T15:36:23+00:00","dateModified":"2026-03-03T15:43:31+00:00","breadcrumb":{"@id":"https:\/\/cbie.ca\/fr\/upcoming-events\/congres-national-annuel\/#breadcrumb"},"inLanguage":"fr-FR","potentialAction":[{"@type":"ReadAction","target":["https:\/\/cbie.ca\/fr\/upcoming-events\/congres-national-annuel\/"]}]},{"@type":"BreadcrumbList","@id":"https:\/\/cbie.ca\/fr\/upcoming-events\/congres-national-annuel\/#breadcrumb","itemListElement":[{"@type":"ListItem","position":1,"name":"Home","item":"https:\/\/cbie.ca\/fr\/"},{"@type":"ListItem","position":2,"name":"\u00c9v\u00e9nements","item":"https:\/\/cbie.ca\/upcoming-events\/"},{"@type":"ListItem","position":3,"name":"Congr\u00e8s national annuel"}]},{"@type":"WebSite","@id":"https:\/\/cbie.ca\/#website","url":"https:\/\/cbie.ca\/","name":"Canadian Bureau for International Education","description":"","potentialAction":[{"@type":"SearchAction","target":{"@type":"EntryPoint","urlTemplate":"https:\/\/cbie.ca\/?s={search_term_string}"},"query-input":{"@type":"PropertyValueSpecification","valueRequired":true,"valueName":"search_term_string"}}],"inLanguage":"fr-FR"}]}},"_links":{"self":[{"href":"https:\/\/cbie.ca\/fr\/wp-json\/wp\/v2\/pages\/112311","targetHints":{"allow":["GET"]}}],"collection":[{"href":"https:\/\/cbie.ca\/fr\/wp-json\/wp\/v2\/pages"}],"about":[{"href":"https:\/\/cbie.ca\/fr\/wp-json\/wp\/v2\/types\/page"}],"author":[{"embeddable":true,"href":"https:\/\/cbie.ca\/fr\/wp-json\/wp\/v2\/users\/2"}],"replies":[{"embeddable":true,"href":"https:\/\/cbie.ca\/fr\/wp-json\/wp\/v2\/comments?post=112311"}],"version-history":[{"count":4,"href":"https:\/\/cbie.ca\/fr\/wp-json\/wp\/v2\/pages\/112311\/revisions"}],"predecessor-version":[{"id":120474,"href":"https:\/\/cbie.ca\/fr\/wp-json\/wp\/v2\/pages\/112311\/revisions\/120474"}],"up":[{"embeddable":true,"href":"https:\/\/cbie.ca\/fr\/wp-json\/wp\/v2\/pages\/18419"}],"wp:attachment":[{"href":"https:\/\/cbie.ca\/fr\/wp-json\/wp\/v2\/media?parent=112311"}],"curies":[{"name":"wp","href":"https:\/\/api.w.org\/{rel}","templated":true}]}}