{"id":112017,"date":"2024-11-22T09:16:08","date_gmt":"2024-11-22T14:16:08","guid":{"rendered":"https:\/\/cbiemain.pcomms.ca\/who-we-are\/partenariats\/canada-europe-partnership-forum\/"},"modified":"2025-02-19T09:54:08","modified_gmt":"2025-02-19T14:54:08","slug":"forum-de-partenariat-canada-europe","status":"publish","type":"page","link":"https:\/\/cbie.ca\/fr\/who-we-are\/partenariats\/forum-de-partenariat-canada-europe\/","title":{"rendered":"Forum de partenariat Canada-Europe"},"content":{"rendered":"<div class=\"wpb-content-wrapper\"><p>[vc_row bg_image=\u00a0\u00bb112175&Prime; bg_color=\u00a0\u00bb#01426a\u00a0\u00bb text_color=\u00a0\u00bblight\u00a0\u00bb text_align=\u00a0\u00bbcenter\u00a0\u00bb top_padding=\u00a0\u00bb40&Prime; bottom_padding=\u00a0\u00bb40&Prime; row_id=\u00a0\u00bbhero-banner\u00a0\u00bb][vc_column column_padding=\u00a0\u00bbcustom-padding\u00a0\u00bb column_custompadding=\u00a0\u00bb15% 0px\u00a0\u00bb text_color=\u00a0\u00bblight\u00a0\u00bb text_align=\u00a0\u00bbcenter\u00a0\u00bb width=\u00a0\u00bb1\/1&Prime;][vc_column_text]<\/p>\n<h1>Forum de partenariat Canada-Europe<\/h1>\n<p>[\/vc_column_text]<div class=\"newdivider align-center\" style=\"border-bottom-style: solid; border-color: #1c86a4; border-bottom-width: 2px; margin-top: 30px; margin-bottom: 30px; width: 130px; \"><\/div><div class=\"clear\"><\/div>[vc_column_text]<\/p>\n<h4>Dimanche 3 novembre | Le Centre Shaw, Ottawa<\/h4>\n<p>[\/vc_column_text][\/vc_column][\/vc_row][vc_row text_align=\u00a0\u00bbcenter\u00a0\u00bb top_padding=\u00a0\u00bb70&Prime; bottom_padding=\u00a0\u00bb70&Prime;][vc_column width=\u00a0\u00bb1\/1&Prime;][vc_column_text]<\/p>\n<h3 style=\"text-align: center;\">\u00c0 propos<\/h3>\n<p style=\"text-align: left;\">Le Forum de partenariat Canada-Europe a eu lieu le dimanche 3 novembre 2024, en tant qu\u2019\u00e9v\u00e9nement de lancement du congr\u00e8s annuel BCEI2024 de trois jours. Le Forum de partenariat Canada-Europe a \u00e9t\u00e9 organis\u00e9 avec le soutien du gouvernement du Canada par l\u2019interm\u00e9diaire d\u2019Affaires mondiales Canada et a rassembl\u00e9 des parties prenantes de haut niveau dans les secteurs canadiens et europ\u00e9ens de l\u2019\u00e9ducation internationale, des politiques publiques et des \u00e9cosyst\u00e8mes gouvernementaux afin qu\u2019elles puissent partager leur expertise et leurs points de vue concernant les imp\u00e9ratifs et occasions strat\u00e9giques qui favorisent le renforcement des partenariats entre le Canada et l\u2019Europe en mati\u00e8re d\u2019enseignement sup\u00e9rieur, particuli\u00e8rement dans le contexte de l\u2019association r\u00e9cente du Canada au programme Horizon Europe et \u00e0 sa pr\u00e9sence de longue date au sein du programme Erasmus+. Les bourses de participation pour les d\u00e9l\u00e9gu\u00e9s s\u00e9lectionn\u00e9s ont \u00e9t\u00e9 fournies avec le soutien du gouvernement du Canada par l\u2019interm\u00e9diaire d\u2019Affaires mondiales Canada.<\/p>\n<p style=\"text-align: left;\"><strong>L\u2019ordre du jour et les documents suivants ont \u00e9t\u00e9 pr\u00e9sent\u00e9s lors du Forum de partenariat Canada-Europe. Le rapport de synth\u00e8se a \u00e9t\u00e9 \u00e9labor\u00e9 sur la base des discussions du forum. Pour t\u00e9l\u00e9charger le jeu de diapositives complet, l\u2019ordre du jour de l\u2019\u00e9v\u00e9nement ou le rapport de synth\u00e8se, veuillez cliquer sur l\u2019image correspondante ci-dessous. Ces ressources fournissent des informations pr\u00e9cieuses et des le\u00e7ons \u00e0 tirer des s\u00e9ances du forum.<\/strong><\/p>\n<p>[\/vc_column_text]<div class=\"spacer\" style=\"height: 60px;\"><\/div>[vc_row_inner el_id=\u00a0\u00bbbutton-row\u00a0\u00bb][vc_column_inner width=\u00a0\u00bb1\/4&Prime;][\/vc_column_inner][vc_column_inner width=\u00a0\u00bb1\/4&Prime;]<a href=\"https:\/\/cbie.ca\/wp-content\/uploads\/2024\/11\/Forum-de-partenariat-Canada-Europe-Ordre-du-jour.pdf\" target=\"_blank\" class=\"button color-2 large \" style=\"border-radius: 2px;\">Ordre du jour du programme<\/a>[\/vc_column_inner][vc_column_inner width=\u00a0\u00bb1\/4&Prime;]<a href=\"https:\/\/cbie.ca\/wp-content\/uploads\/2025\/02\/Rapport-sommaire-Forum-de-partenariat-Canada-Europe.pdf\" target=\"_blank\" class=\"button color-2 large \" style=\"border-radius: 2px;\">Rapport sommaire<\/a>[\/vc_column_inner][vc_column_inner width=\u00a0\u00bb1\/4&Prime;][\/vc_column_inner][\/vc_row_inner][\/vc_column][\/vc_row][vc_row bg_color=\u00a0\u00bb#FFFFFF\u00a0\u00bb top_padding=\u00a0\u00bb10&Prime; bottom_padding=\u00a0\u00bb100&Prime;][vc_column width=\u00a0\u00bb1\/1&Prime;][vc_row_inner][vc_column_inner width=\u00a0\u00bb1\/2&Prime;]<div class=\"single_image wpb_content_element align-center  image_box_border  \" data-animation=\"none\" data-delay=\"0\"><a href=\"https:\/\/cbie.ca\/wp-content\/uploads\/2024\/11\/1-EURAXESS_North_America_European_Perspectives.pdf\" target=\"_blank\"><img loading=\"lazy\" decoding=\"async\" width=\"960\" height=\"540\" src=\"https:\/\/cbie.ca\/wp-content\/uploads\/2024\/11\/1-EURAXESS_North_America_European_Perspectives.jpg\" class=\"attachment-full\" alt=\"\" title=\"1-EURAXESS_North_America_European_Perspectives\" srcset=\"https:\/\/cbie.ca\/wp-content\/uploads\/2024\/11\/1-EURAXESS_North_America_European_Perspectives.jpg 960w, https:\/\/cbie.ca\/wp-content\/uploads\/2024\/11\/1-EURAXESS_North_America_European_Perspectives-300x169.jpg 300w, https:\/\/cbie.ca\/wp-content\/uploads\/2024\/11\/1-EURAXESS_North_America_European_Perspectives-768x432.jpg 768w\" sizes=\"auto, (max-width: 960px) 100vw, 960px\" \/><\/a><\/div>[\/vc_column_inner][vc_column_inner width=\u00a0\u00bb1\/2&Prime;]<div class=\"single_image wpb_content_element align-center  image_box_border  \" data-animation=\"none\" data-delay=\"0\"><a href=\"https:\/\/cbie.ca\/wp-content\/uploads\/2024\/11\/2-France_Universites_European_Perspectives-updated.pdf\" target=\"_blank\"><img loading=\"lazy\" decoding=\"async\" width=\"960\" height=\"540\" src=\"https:\/\/cbie.ca\/wp-content\/uploads\/2024\/11\/2-France_Universites_European_Perspectives.jpg\" class=\"attachment-full\" alt=\"\" title=\"2-France_Universite\u0301s_European_Perspectives\" srcset=\"https:\/\/cbie.ca\/wp-content\/uploads\/2024\/11\/2-France_Universites_European_Perspectives.jpg 960w, https:\/\/cbie.ca\/wp-content\/uploads\/2024\/11\/2-France_Universites_European_Perspectives-300x169.jpg 300w, https:\/\/cbie.ca\/wp-content\/uploads\/2024\/11\/2-France_Universites_European_Perspectives-768x432.jpg 768w\" sizes=\"auto, (max-width: 960px) 100vw, 960px\" \/><\/a><\/div>[\/vc_column_inner][\/vc_row_inner]<div class=\"spacer\" style=\"height: 40px;\"><\/div>[vc_row_inner][vc_column_inner width=\u00a0\u00bb1\/2&Prime;]<div class=\"single_image wpb_content_element align-center  image_box_border  \" data-animation=\"none\" data-delay=\"0\"><a href=\"https:\/\/cbie.ca\/wp-content\/uploads\/2024\/11\/3-Ireland_University_College_Cork_European_Perspectives-updated.pdf\" target=\"_blank\"><img loading=\"lazy\" decoding=\"async\" width=\"960\" height=\"540\" src=\"https:\/\/cbie.ca\/wp-content\/uploads\/2024\/11\/3-Ireland_University_College_Cork_European_Perspectives.jpg\" class=\"attachment-full\" alt=\"\" title=\"3-Ireland_University_College_Cork_European_Perspectives\" srcset=\"https:\/\/cbie.ca\/wp-content\/uploads\/2024\/11\/3-Ireland_University_College_Cork_European_Perspectives.jpg 960w, https:\/\/cbie.ca\/wp-content\/uploads\/2024\/11\/3-Ireland_University_College_Cork_European_Perspectives-300x169.jpg 300w, https:\/\/cbie.ca\/wp-content\/uploads\/2024\/11\/3-Ireland_University_College_Cork_European_Perspectives-768x432.jpg 768w\" sizes=\"auto, (max-width: 960px) 100vw, 960px\" \/><\/a><\/div>[\/vc_column_inner][vc_column_inner width=\u00a0\u00bb1\/2&Prime;]<div class=\"single_image wpb_content_element align-center  image_box_border  \" data-animation=\"none\" data-delay=\"0\"><a href=\"https:\/\/cbie.ca\/wp-content\/uploads\/2024\/11\/4-ECCIR_Presentation.pdf\" target=\"_blank\"><img loading=\"lazy\" decoding=\"async\" width=\"960\" height=\"540\" src=\"https:\/\/cbie.ca\/wp-content\/uploads\/2024\/11\/4-ECCIR_Presentation.jpg\" class=\"attachment-full\" alt=\"\" title=\"4-ECCIR_Presentation\" srcset=\"https:\/\/cbie.ca\/wp-content\/uploads\/2024\/11\/4-ECCIR_Presentation.jpg 960w, https:\/\/cbie.ca\/wp-content\/uploads\/2024\/11\/4-ECCIR_Presentation-300x169.jpg 300w, https:\/\/cbie.ca\/wp-content\/uploads\/2024\/11\/4-ECCIR_Presentation-768x432.jpg 768w\" sizes=\"auto, (max-width: 960px) 100vw, 960px\" \/><\/a><\/div>[\/vc_column_inner][\/vc_row_inner]<div class=\"spacer\" style=\"height: 40px;\"><\/div>[vc_row_inner][vc_column_inner width=\u00a0\u00bb1\/2&Prime;]<div class=\"single_image wpb_content_element align-center  image_box_border  \" data-animation=\"none\" data-delay=\"0\"><a href=\"https:\/\/cbie.ca\/wp-content\/uploads\/2024\/11\/5B-ISDE_Horizon_Europe-FR.pdf\" target=\"_blank\"><img loading=\"lazy\" decoding=\"async\" width=\"960\" height=\"540\" src=\"https:\/\/cbie.ca\/wp-content\/uploads\/2024\/11\/5B-ISDE_Horizon_Europe-FR.jpg\" class=\"attachment-full\" alt=\"\" title=\"5B-ISDE_Horizon_Europe-FR\" srcset=\"https:\/\/cbie.ca\/wp-content\/uploads\/2024\/11\/5B-ISDE_Horizon_Europe-FR.jpg 960w, https:\/\/cbie.ca\/wp-content\/uploads\/2024\/11\/5B-ISDE_Horizon_Europe-FR-300x169.jpg 300w, https:\/\/cbie.ca\/wp-content\/uploads\/2024\/11\/5B-ISDE_Horizon_Europe-FR-768x432.jpg 768w\" sizes=\"auto, (max-width: 960px) 100vw, 960px\" \/><\/a><\/div>[\/vc_column_inner][vc_column_inner width=\u00a0\u00bb1\/2&Prime;]<div class=\"single_image wpb_content_element align-center  image_box_border  \" data-animation=\"none\" data-delay=\"0\"><a href=\"https:\/\/cbie.ca\/wp-content\/uploads\/2024\/11\/6-Horizon_Projects-Ukraine-Ukrainian_Catholic_University-updated.pdf\" target=\"_blank\"><img loading=\"lazy\" decoding=\"async\" width=\"960\" height=\"540\" src=\"https:\/\/cbie.ca\/wp-content\/uploads\/2024\/11\/6-Horizon_Projects-Ukraine-Ukrainian_Catholic_University.jpg\" class=\"attachment-full\" alt=\"\" title=\"6-Horizon_Projects-Ukraine-Ukrainian_Catholic_University\" srcset=\"https:\/\/cbie.ca\/wp-content\/uploads\/2024\/11\/6-Horizon_Projects-Ukraine-Ukrainian_Catholic_University.jpg 960w, https:\/\/cbie.ca\/wp-content\/uploads\/2024\/11\/6-Horizon_Projects-Ukraine-Ukrainian_Catholic_University-300x169.jpg 300w, https:\/\/cbie.ca\/wp-content\/uploads\/2024\/11\/6-Horizon_Projects-Ukraine-Ukrainian_Catholic_University-768x432.jpg 768w\" sizes=\"auto, (max-width: 960px) 100vw, 960px\" \/><\/a><\/div>[\/vc_column_inner][\/vc_row_inner]<div class=\"spacer\" style=\"height: 40px;\"><\/div>[vc_row_inner][vc_column_inner width=\u00a0\u00bb1\/2&Prime;]<div class=\"single_image wpb_content_element align-center  image_box_border  \" data-animation=\"none\" data-delay=\"0\"><a href=\"https:\/\/cbie.ca\/wp-content\/uploads\/2024\/11\/7-Horizon_Projects-Ireland-Trinity_College_Dublin-updated.pdf\" target=\"_blank\"><img loading=\"lazy\" decoding=\"async\" width=\"960\" height=\"540\" src=\"https:\/\/cbie.ca\/wp-content\/uploads\/2024\/11\/7-Horizon_Projects-Ireland-Trinity_College_Dublin-v2.jpg\" class=\"attachment-full\" alt=\"\" title=\"7-Horizon_Projects-Ireland-Trinity_College_Dublin-v2\" srcset=\"https:\/\/cbie.ca\/wp-content\/uploads\/2024\/11\/7-Horizon_Projects-Ireland-Trinity_College_Dublin-v2.jpg 960w, https:\/\/cbie.ca\/wp-content\/uploads\/2024\/11\/7-Horizon_Projects-Ireland-Trinity_College_Dublin-v2-300x169.jpg 300w, https:\/\/cbie.ca\/wp-content\/uploads\/2024\/11\/7-Horizon_Projects-Ireland-Trinity_College_Dublin-v2-768x432.jpg 768w\" sizes=\"auto, (max-width: 960px) 100vw, 960px\" \/><\/a><\/div>[\/vc_column_inner][vc_column_inner width=\u00a0\u00bb1\/2&Prime;]<div class=\"single_image wpb_content_element align-center  image_box_border  \" data-animation=\"none\" data-delay=\"0\"><a href=\"https:\/\/cbie.ca\/wp-content\/uploads\/2024\/11\/8-Horizon_Projects-Turkiye-Bogazici_University.pdf\" target=\"_blank\"><img loading=\"lazy\" decoding=\"async\" width=\"960\" height=\"540\" src=\"https:\/\/cbie.ca\/wp-content\/uploads\/2024\/11\/8-Horizon_Projects-Turkiye-Bogazici_University.jpg\" class=\"attachment-full\" alt=\"\" title=\"8-Horizon_Projects-Tu\u0308rkiye-Bog\u0306azic\u0327i_University\" srcset=\"https:\/\/cbie.ca\/wp-content\/uploads\/2024\/11\/8-Horizon_Projects-Turkiye-Bogazici_University.jpg 960w, https:\/\/cbie.ca\/wp-content\/uploads\/2024\/11\/8-Horizon_Projects-Turkiye-Bogazici_University-300x169.jpg 300w, https:\/\/cbie.ca\/wp-content\/uploads\/2024\/11\/8-Horizon_Projects-Turkiye-Bogazici_University-768x432.jpg 768w\" sizes=\"auto, (max-width: 960px) 100vw, 960px\" \/><\/a><\/div>[\/vc_column_inner][\/vc_row_inner]<div class=\"spacer\" style=\"height: 40px;\"><\/div>[vc_row_inner][vc_column_inner width=\u00a0\u00bb1\/4&Prime;][\/vc_column_inner][vc_column_inner width=\u00a0\u00bb1\/2&Prime;]<div class=\"single_image wpb_content_element align-center  image_box_border  \" data-animation=\"none\" data-delay=\"0\"><a href=\"https:\/\/cbie.ca\/wp-content\/uploads\/2024\/11\/9-Canada_Europe_Partnership_Opportunities.pdf\" target=\"_blank\"><img loading=\"lazy\" decoding=\"async\" width=\"960\" height=\"540\" src=\"https:\/\/cbie.ca\/wp-content\/uploads\/2024\/11\/9-Canada_Europe_Partnership_Opportunities.jpg\" class=\"attachment-full\" alt=\"\" title=\"9-Canada_Europe_Partnership_Opportunities\" srcset=\"https:\/\/cbie.ca\/wp-content\/uploads\/2024\/11\/9-Canada_Europe_Partnership_Opportunities.jpg 960w, https:\/\/cbie.ca\/wp-content\/uploads\/2024\/11\/9-Canada_Europe_Partnership_Opportunities-300x169.jpg 300w, https:\/\/cbie.ca\/wp-content\/uploads\/2024\/11\/9-Canada_Europe_Partnership_Opportunities-768x432.jpg 768w\" sizes=\"auto, (max-width: 960px) 100vw, 960px\" \/><\/a><\/div>[\/vc_column_inner][vc_column_inner width=\u00a0\u00bb1\/4&Prime;][\/vc_column_inner][\/vc_row_inner][\/vc_column][\/vc_row][vc_row bottom_padding=\u00a0\u00bb100&Prime;][vc_column width=\u00a0\u00bb1\/1&Prime;][vc_column_text]<\/p>\n<p style=\"text-align: center;\">Avec le soutien du gouvernement du Canada par l\u2019interm\u00e9diaire d\u2019Affaires mondiales Canada<\/p>\n<p>[\/vc_column_text]<div class=\"single_image wpb_content_element align-center    \" data-animation=\"none\" data-delay=\"0\"><img loading=\"lazy\" decoding=\"async\" width=\"300\" height=\"56\" src=\"https:\/\/cbie.ca\/wp-content\/uploads\/2024\/11\/EducCanada-logo-768x144-1-300x56.png\" class=\"attachment-medium\" alt=\"\" title=\"EducCanada-logo-768x144\" srcset=\"https:\/\/cbie.ca\/wp-content\/uploads\/2024\/11\/EducCanada-logo-768x144-1-300x56.png 300w, https:\/\/cbie.ca\/wp-content\/uploads\/2024\/11\/EducCanada-logo-768x144-1.png 768w\" sizes=\"auto, (max-width: 300px) 100vw, 300px\" \/><\/div>[\/vc_column][\/vc_row]<\/p>\n<\/div>","protected":false},"excerpt":{"rendered":"<p>[vc_row bg_image=\u00a0\u00bb112175&Prime; bg_color=\u00a0\u00bb#01426a\u00a0\u00bb text_color=\u00a0\u00bblight\u00a0\u00bb text_align=\u00a0\u00bbcenter\u00a0\u00bb top_padding=\u00a0\u00bb40&Prime; bottom_padding=\u00a0\u00bb40&Prime; row_id=\u00a0\u00bbhero-banner\u00a0\u00bb][vc_column column_padding=\u00a0\u00bbcustom-padding\u00a0\u00bb column_custompadding=\u00a0\u00bb15% 0px\u00a0\u00bb text_color=\u00a0\u00bblight\u00a0\u00bb text_align=\u00a0\u00bbcenter\u00a0\u00bb width=\u00a0\u00bb1\/1&Prime;][vc_column_text] Forum de partenariat Canada-Europe [\/vc_column_text][vc_column_text] Dimanche 3 novembre | Le Centre Shaw, Ottawa [\/vc_column_text][\/vc_column][\/vc_row][vc_row text_align=\u00a0\u00bbcenter\u00a0\u00bb top_padding=\u00a0\u00bb70&Prime; [&hellip;]<\/p>\n","protected":false},"author":2,"featured_media":0,"parent":100527,"menu_order":0,"comment_status":"closed","ping_status":"closed","template":"","meta":{"_acf_changed":false,"footnotes":""},"class_list":["post-112017","page","type-page","status-publish","hentry"],"acf":[],"yoast_head":"<!-- This site is optimized with the Yoast SEO plugin v27.3 - https:\/\/yoast.com\/product\/yoast-seo-wordpress\/ -->\n<title>Forum de partenariat Canada-Europe - CBIE<\/title>\n<meta name=\"robots\" content=\"index, follow, max-snippet:-1, max-image-preview:large, max-video-preview:-1\" \/>\n<link rel=\"canonical\" href=\"https:\/\/cbie.ca\/fr\/who-we-are\/partenariats\/forum-de-partenariat-canada-europe\/\" \/>\n<meta property=\"og:locale\" content=\"fr_FR\" \/>\n<meta property=\"og:type\" content=\"article\" \/>\n<meta property=\"og:title\" content=\"Forum de partenariat Canada-Europe - CBIE\" \/>\n<meta property=\"og:description\" content=\"[vc_row bg_image=\u00a0\u00bb112175&Prime; bg_color=\u00a0\u00bb#01426a\u00a0\u00bb text_color=\u00a0\u00bblight\u00a0\u00bb text_align=\u00a0\u00bbcenter\u00a0\u00bb top_padding=\u00a0\u00bb40&Prime; bottom_padding=\u00a0\u00bb40&Prime; row_id=\u00a0\u00bbhero-banner\u00a0\u00bb][vc_column column_padding=\u00a0\u00bbcustom-padding\u00a0\u00bb column_custompadding=\u00a0\u00bb15% 0px\u00a0\u00bb text_color=\u00a0\u00bblight\u00a0\u00bb text_align=\u00a0\u00bbcenter\u00a0\u00bb width=\u00a0\u00bb1\/1&Prime;][vc_column_text] Forum de partenariat Canada-Europe [\/vc_column_text][vc_column_text] Dimanche 3 novembre | Le Centre Shaw, Ottawa [\/vc_column_text][\/vc_column][\/vc_row][vc_row text_align=\u00a0\u00bbcenter\u00a0\u00bb top_padding=\u00a0\u00bb70&Prime; [&hellip;]\" \/>\n<meta property=\"og:url\" content=\"https:\/\/cbie.ca\/fr\/who-we-are\/partenariats\/forum-de-partenariat-canada-europe\/\" \/>\n<meta property=\"og:site_name\" content=\"CBIE\" \/>\n<meta property=\"article:modified_time\" content=\"2025-02-19T14:54:08+00:00\" \/>\n<meta property=\"og:image\" content=\"https:\/\/cbie.ca\/wp-content\/uploads\/2024\/01\/CBIE-Announcement-EN.png\" \/>\n\t<meta property=\"og:image:width\" content=\"1600\" \/>\n\t<meta property=\"og:image:height\" content=\"900\" \/>\n\t<meta property=\"og:image:type\" content=\"image\/png\" \/>\n<meta name=\"twitter:card\" content=\"summary_large_image\" \/>\n<meta name=\"twitter:label1\" content=\"Dur\u00e9e de lecture estim\u00e9e\" \/>\n\t<meta name=\"twitter:data1\" content=\"4 minutes\" \/>\n<script type=\"application\/ld+json\" class=\"yoast-schema-graph\">{\"@context\":\"https:\\\/\\\/schema.org\",\"@graph\":[{\"@type\":\"WebPage\",\"@id\":\"https:\\\/\\\/cbie.ca\\\/fr\\\/who-we-are\\\/partenariats\\\/forum-de-partenariat-canada-europe\\\/\",\"url\":\"https:\\\/\\\/cbie.ca\\\/fr\\\/who-we-are\\\/partenariats\\\/forum-de-partenariat-canada-europe\\\/\",\"name\":\"Forum de partenariat Canada-Europe - CBIE\",\"isPartOf\":{\"@id\":\"https:\\\/\\\/cbie.ca\\\/#website\"},\"datePublished\":\"2024-11-22T14:16:08+00:00\",\"dateModified\":\"2025-02-19T14:54:08+00:00\",\"breadcrumb\":{\"@id\":\"https:\\\/\\\/cbie.ca\\\/fr\\\/who-we-are\\\/partenariats\\\/forum-de-partenariat-canada-europe\\\/#breadcrumb\"},\"inLanguage\":\"fr-FR\",\"potentialAction\":[{\"@type\":\"ReadAction\",\"target\":[\"https:\\\/\\\/cbie.ca\\\/fr\\\/who-we-are\\\/partenariats\\\/forum-de-partenariat-canada-europe\\\/\"]}]},{\"@type\":\"BreadcrumbList\",\"@id\":\"https:\\\/\\\/cbie.ca\\\/fr\\\/who-we-are\\\/partenariats\\\/forum-de-partenariat-canada-europe\\\/#breadcrumb\",\"itemListElement\":[{\"@type\":\"ListItem\",\"position\":1,\"name\":\"Home\",\"item\":\"https:\\\/\\\/cbie.ca\\\/fr\\\/\"},{\"@type\":\"ListItem\",\"position\":2,\"name\":\"Qui sommes-nous?\",\"item\":\"https:\\\/\\\/cbie.ca\\\/fr\\\/who-we-are\\\/\"},{\"@type\":\"ListItem\",\"position\":3,\"name\":\"D\u00e9veloppement et partenariats\",\"item\":\"https:\\\/\\\/cbie.ca\\\/fr\\\/who-we-are\\\/partenariats\\\/\"},{\"@type\":\"ListItem\",\"position\":4,\"name\":\"Forum de partenariat Canada-Europe\"}]},{\"@type\":\"WebSite\",\"@id\":\"https:\\\/\\\/cbie.ca\\\/#website\",\"url\":\"https:\\\/\\\/cbie.ca\\\/\",\"name\":\"Canadian Bureau for International Education\",\"description\":\"\",\"potentialAction\":[{\"@type\":\"SearchAction\",\"target\":{\"@type\":\"EntryPoint\",\"urlTemplate\":\"https:\\\/\\\/cbie.ca\\\/?s={search_term_string}\"},\"query-input\":{\"@type\":\"PropertyValueSpecification\",\"valueRequired\":true,\"valueName\":\"search_term_string\"}}],\"inLanguage\":\"fr-FR\"}]}<\/script>\n<!-- \/ Yoast SEO plugin. -->","yoast_head_json":{"title":"Forum de partenariat Canada-Europe - CBIE","robots":{"index":"index","follow":"follow","max-snippet":"max-snippet:-1","max-image-preview":"max-image-preview:large","max-video-preview":"max-video-preview:-1"},"canonical":"https:\/\/cbie.ca\/fr\/who-we-are\/partenariats\/forum-de-partenariat-canada-europe\/","og_locale":"fr_FR","og_type":"article","og_title":"Forum de partenariat Canada-Europe - CBIE","og_description":"[vc_row bg_image=\u00a0\u00bb112175&Prime; bg_color=\u00a0\u00bb#01426a\u00a0\u00bb text_color=\u00a0\u00bblight\u00a0\u00bb text_align=\u00a0\u00bbcenter\u00a0\u00bb top_padding=\u00a0\u00bb40&Prime; bottom_padding=\u00a0\u00bb40&Prime; row_id=\u00a0\u00bbhero-banner\u00a0\u00bb][vc_column column_padding=\u00a0\u00bbcustom-padding\u00a0\u00bb column_custompadding=\u00a0\u00bb15% 0px\u00a0\u00bb text_color=\u00a0\u00bblight\u00a0\u00bb text_align=\u00a0\u00bbcenter\u00a0\u00bb width=\u00a0\u00bb1\/1&Prime;][vc_column_text] Forum de partenariat Canada-Europe [\/vc_column_text][vc_column_text] Dimanche 3 novembre | Le Centre Shaw, Ottawa [\/vc_column_text][\/vc_column][\/vc_row][vc_row text_align=\u00a0\u00bbcenter\u00a0\u00bb top_padding=\u00a0\u00bb70&Prime; [&hellip;]","og_url":"https:\/\/cbie.ca\/fr\/who-we-are\/partenariats\/forum-de-partenariat-canada-europe\/","og_site_name":"CBIE","article_modified_time":"2025-02-19T14:54:08+00:00","og_image":[{"width":1600,"height":900,"url":"https:\/\/cbie.ca\/wp-content\/uploads\/2024\/01\/CBIE-Announcement-EN.png","type":"image\/png"}],"twitter_card":"summary_large_image","twitter_misc":{"Dur\u00e9e de lecture estim\u00e9e":"4 minutes"},"schema":{"@context":"https:\/\/schema.org","@graph":[{"@type":"WebPage","@id":"https:\/\/cbie.ca\/fr\/who-we-are\/partenariats\/forum-de-partenariat-canada-europe\/","url":"https:\/\/cbie.ca\/fr\/who-we-are\/partenariats\/forum-de-partenariat-canada-europe\/","name":"Forum de partenariat Canada-Europe - CBIE","isPartOf":{"@id":"https:\/\/cbie.ca\/#website"},"datePublished":"2024-11-22T14:16:08+00:00","dateModified":"2025-02-19T14:54:08+00:00","breadcrumb":{"@id":"https:\/\/cbie.ca\/fr\/who-we-are\/partenariats\/forum-de-partenariat-canada-europe\/#breadcrumb"},"inLanguage":"fr-FR","potentialAction":[{"@type":"ReadAction","target":["https:\/\/cbie.ca\/fr\/who-we-are\/partenariats\/forum-de-partenariat-canada-europe\/"]}]},{"@type":"BreadcrumbList","@id":"https:\/\/cbie.ca\/fr\/who-we-are\/partenariats\/forum-de-partenariat-canada-europe\/#breadcrumb","itemListElement":[{"@type":"ListItem","position":1,"name":"Home","item":"https:\/\/cbie.ca\/fr\/"},{"@type":"ListItem","position":2,"name":"Qui sommes-nous?","item":"https:\/\/cbie.ca\/fr\/who-we-are\/"},{"@type":"ListItem","position":3,"name":"D\u00e9veloppement et partenariats","item":"https:\/\/cbie.ca\/fr\/who-we-are\/partenariats\/"},{"@type":"ListItem","position":4,"name":"Forum de partenariat Canada-Europe"}]},{"@type":"WebSite","@id":"https:\/\/cbie.ca\/#website","url":"https:\/\/cbie.ca\/","name":"Canadian Bureau for International Education","description":"","potentialAction":[{"@type":"SearchAction","target":{"@type":"EntryPoint","urlTemplate":"https:\/\/cbie.ca\/?s={search_term_string}"},"query-input":{"@type":"PropertyValueSpecification","valueRequired":true,"valueName":"search_term_string"}}],"inLanguage":"fr-FR"}]}},"_links":{"self":[{"href":"https:\/\/cbie.ca\/fr\/wp-json\/wp\/v2\/pages\/112017","targetHints":{"allow":["GET"]}}],"collection":[{"href":"https:\/\/cbie.ca\/fr\/wp-json\/wp\/v2\/pages"}],"about":[{"href":"https:\/\/cbie.ca\/fr\/wp-json\/wp\/v2\/types\/page"}],"author":[{"embeddable":true,"href":"https:\/\/cbie.ca\/fr\/wp-json\/wp\/v2\/users\/2"}],"replies":[{"embeddable":true,"href":"https:\/\/cbie.ca\/fr\/wp-json\/wp\/v2\/comments?post=112017"}],"version-history":[{"count":3,"href":"https:\/\/cbie.ca\/fr\/wp-json\/wp\/v2\/pages\/112017\/revisions"}],"predecessor-version":[{"id":116659,"href":"https:\/\/cbie.ca\/fr\/wp-json\/wp\/v2\/pages\/112017\/revisions\/116659"}],"up":[{"embeddable":true,"href":"https:\/\/cbie.ca\/fr\/wp-json\/wp\/v2\/pages\/100527"}],"wp:attachment":[{"href":"https:\/\/cbie.ca\/fr\/wp-json\/wp\/v2\/media?parent=112017"}],"curies":[{"name":"wp","href":"https:\/\/api.w.org\/{rel}","templated":true}]}}