{"id":111282,"date":"2024-09-20T12:25:46","date_gmt":"2024-09-20T16:25:46","guid":{"rendered":"https:\/\/cbiemain.pcomms.ca\/?page_id=111282"},"modified":"2026-02-05T15:23:23","modified_gmt":"2026-02-05T20:23:23","slug":"espace-francophone-cap","status":"publish","type":"page","link":"https:\/\/cbie.ca\/fr\/espace-francophone-cap\/","title":{"rendered":"CAP Espace Francophone (EF)"},"content":{"rendered":"<div class=\"wpb-content-wrapper\"><p>[vc_row bg_image=\u00a0\u00bb110732&Prime; parallax_bg=\u00a0\u00bbtrue\u00a0\u00bb bg_color=\u00a0\u00bb#01426a\u00a0\u00bb text_color=\u00a0\u00bblight\u00a0\u00bb text_align=\u00a0\u00bbcenter\u00a0\u00bb top_padding=\u00a0\u00bb40&Prime; bottom_padding=\u00a0\u00bb40&Prime; row_id=\u00a0\u00bbhero-banner\u00a0\u00bb][vc_column column_padding=\u00a0\u00bbcustom-padding\u00a0\u00bb column_custompadding=\u00a0\u00bb8% 0px\u00a0\u00bb text_color=\u00a0\u00bblight\u00a0\u00bb text_align=\u00a0\u00bbcenter\u00a0\u00bb width=\u00a0\u00bb1\/1&Prime;][vc_column_text]<\/p>\n<h1>CAP Espace Francophone (EF)<\/h1>\n<p>[\/vc_column_text]<div class=\"newdivider align-center\" style=\"border-bottom-style: solid; border-color: #1c86a4; border-bottom-width: 2px; margin-top: 30px; margin-bottom: 30px; width: 130px; \"><\/div><div class=\"clear\"><\/div>[vc_column_text]<\/p>\n<h5>Cette CAP offre un espace aux professionnel.le.s de l&rsquo;\u00e9ducation internationale, dans le but de favoriser les \u00e9changes avec la communaut\u00e9 francophone du secteur<\/h5>\n<p>[\/vc_column_text]<div class=\"spacer\" style=\"height: 50px;\"><\/div>[vc_btn title=\u00a0\u00bbCONNECTEZ-VOUS AU CARREFOUR COMMUNAUTAIRE POUR REJOINDRE LA CAP-EF\u00a0\u00bb style=\u00a0\u00bboutline-custom\u00a0\u00bb outline_custom_color=\u00a0\u00bb#ffffff\u00a0\u00bb outline_custom_hover_background=\u00a0\u00bb#ffffff\u00a0\u00bb outline_custom_hover_text=\u00a0\u00bb#0099b2&Prime; shape=\u00a0\u00bbsquare\u00a0\u00bb css=\u00a0\u00bb\u00a0\u00bb link=\u00a0\u00bburl:https%3A%2F%2Fcommunity.cbie.ca%2Ffr%2Flogin%2F|title:Community%20hub|target:_blank\u00a0\u00bb el_class=\u00a0\u00bbhub-link-btn\u00a0\u00bb el_id=\u00a0\u00bbtxt-white\u00a0\u00bb][\/vc_column][\/vc_row][vc_row top_padding=\u00a0\u00bb70&Prime; bottom_padding=\u00a0\u00bb70&Prime;][vc_column width=\u00a0\u00bb1\/1&Prime;][vc_column_text]<\/p>\n<h3 style=\"text-align: center;\">\u00c0 propos<\/h3>\n<p>La CAP Espace Francophone offre un espace aux praticien.ne.s et aux leaders de l&rsquo;\u00e9ducation internationale et francophone pour \u00e9changer des connaissances, partager des bonnes pratiques, organiser des activit\u00e9s et identifier des opportunit\u00e9s de d\u00e9veloppement professionnel et de formation en fran\u00e7ais, afin de s&rsquo;assurer que les int\u00e9r\u00eats et les priorit\u00e9s des \u00e9tablissements membres francophones sont repr\u00e9sent\u00e9s.<\/p>\n<p><span data-teams=\"true\"><span class=\"ui-provider a b c d e f g h i j k l m n o p q r s t u v w x y z ab ac ae af ag ah ai aj ak\" dir=\"ltr\">En \u00e9tablissant des liens avec les membres de la communaut\u00e9 par l\u2019entremise du Carrefour communautaire, ce CAP vise \u00e0 augmenter les \u00e9changes entre les communaut\u00e9s fran\u00e7aise et anglaise. Ces \u00e9changes portent sur un \u00e9ventail de th\u00e8mes en mati\u00e8re d\u2019\u00e9ducation internationale et francophone, entre autres :<\/span><\/span><\/p>\n<ul>\n<li>Conseils \u00e0 la communaut\u00e9 \u00e9tudiante internationale<\/li>\n<li>Mobilit\u00e9 internationale<\/li>\n<li>Recrutement<\/li>\n<li>Relations internationales et gouvernementales<\/li>\n<li>Enseignement, EDI (\u00e9quit\u00e9, diversit\u00e9 et inclusion) et d\u00e9veloppement durable<\/li>\n<\/ul>\n<p>La CAP Espace Francophone est ouverte aux personnes provenant d\u2019\u00e9tablissements membres du BCEI qui travaillent dans le domaine de l\u2019apprentissage mondial en lien avec la Francophonie ou qui s\u2019y int\u00e9ressent, quel que soit leur niveau de poste.[\/vc_column_text][\/vc_column][\/vc_row][vc_row bg_color=\u00a0\u00bb#f2f2f2&Prime; text_align=\u00a0\u00bbcenter\u00a0\u00bb top_padding=\u00a0\u00bb70&Prime; bottom_padding=\u00a0\u00bb50&Prime; class=\u00a0\u00bbsteercomm\u00a0\u00bb][vc_column width=\u00a0\u00bb1\/1&Prime;][vc_column_text]<\/p>\n<h3 style=\"text-align: center;\">Membres du Comit\u00e9 directeur<\/h3>\n<p>[\/vc_column_text][\/vc_column][\/vc_row][vc_row bg_color=\u00a0\u00bb#f2f2f2&Prime;][vc_column width=\u00a0\u00bb1\/2&Prime;][vc_row_inner el_class=\u00a0\u00bbsteermem\u00a0\u00bb][vc_column_inner width=\u00a0\u00bb1\/4&Prime;][vc_single_image image=\u00a0\u00bb111300&Prime; img_size=\u00a0\u00bb\u00a0\u00bb alignment=\u00a0\u00bbcenter\u00a0\u00bb style=\u00a0\u00bbvc_box_shadow\u00a0\u00bb css_animation=\u00a0\u00bbnone\u00a0\u00bb css=\u00a0\u00bb\u00a0\u00bb][\/vc_column_inner][vc_column_inner width=\u00a0\u00bb3\/4&Prime;][vc_column_text]<\/p>\n<h4 style=\"font-size: 110%;\"><strong>Am\u00e9lie Ferland<\/strong><br \/>\n<span style=\"font-size: 70%;\">Conseill\u00e8re aux \u00e9tudiants internationaux CRIEE<br \/>\nPolytechnique Montr\u00e9al<\/span><\/h4>\n<p>[\/vc_column_text][\/vc_column_inner][\/vc_row_inner][\/vc_column][vc_column width=\u00a0\u00bb1\/2&Prime;][vc_row_inner el_class=\u00a0\u00bbsteermem\u00a0\u00bb][vc_column_inner width=\u00a0\u00bb1\/4&Prime;][vc_single_image image=\u00a0\u00bb120031&Prime; img_size=\u00a0\u00bb\u00a0\u00bb alignment=\u00a0\u00bbcenter\u00a0\u00bb style=\u00a0\u00bbvc_box_shadow\u00a0\u00bb css_animation=\u00a0\u00bbnone\u00a0\u00bb css=\u00a0\u00bb\u00a0\u00bb][\/vc_column_inner][vc_column_inner width=\u00a0\u00bb3\/4&Prime;][vc_column_text]<\/p>\n<h4 style=\"font-size: 110%;\"><strong>Elaina Klukowski<\/strong><br \/>\n<span style=\"font-size: 70%;\">Conseill\u00e8re en mobilit\u00e9 \u00e9tudiante internationale<br \/>\nUniversit\u00e9 McGill<\/span><\/h4>\n<p>[\/vc_column_text][\/vc_column_inner][\/vc_row_inner][\/vc_column][\/vc_row][vc_row bg_color=\u00a0\u00bb#f2f2f2&Prime;][vc_column width=\u00a0\u00bb1\/2&Prime;][vc_row_inner el_class=\u00a0\u00bbsteermem\u00a0\u00bb][vc_column_inner width=\u00a0\u00bb1\/4&Prime;][vc_single_image image=\u00a0\u00bb111304&Prime; img_size=\u00a0\u00bb\u00a0\u00bb alignment=\u00a0\u00bbcenter\u00a0\u00bb style=\u00a0\u00bbvc_box_shadow\u00a0\u00bb css_animation=\u00a0\u00bbnone\u00a0\u00bb css=\u00a0\u00bb\u00a0\u00bb][\/vc_column_inner][vc_column_inner width=\u00a0\u00bb3\/4&Prime;][vc_column_text]<\/p>\n<h4 style=\"font-size: 110%;\"><strong>Maud-Andr\u00e9e Lemieux<\/strong><br \/>\n<span style=\"font-size: 70%;\">Coordonnatrice en immigration<br \/>\nHEC Montr\u00e9al<\/span><\/h4>\n<p>[\/vc_column_text][\/vc_column_inner][\/vc_row_inner][\/vc_column][vc_column width=\u00a0\u00bb1\/2&Prime;][vc_row_inner el_class=\u00a0\u00bbsteermem\u00a0\u00bb][vc_column_inner width=\u00a0\u00bb1\/4&Prime;][vc_single_image image=\u00a0\u00bb120009&Prime; img_size=\u00a0\u00bb\u00a0\u00bb alignment=\u00a0\u00bbcenter\u00a0\u00bb style=\u00a0\u00bbvc_box_shadow\u00a0\u00bb css_animation=\u00a0\u00bbnone\u00a0\u00bb css=\u00a0\u00bb\u00a0\u00bb][\/vc_column_inner][vc_column_inner width=\u00a0\u00bb3\/4&Prime;][vc_column_text]<\/p>\n<h4 style=\"font-size: 110%;\"><strong>Florence Moreira<\/strong><br \/>\n<span style=\"font-size: 70%;\">Conseill\u00e8re aux \u00e9tudiantes internationales et aux \u00e9tudiants internationaux<br \/>\nUniversit\u00e9 de l&rsquo;Ontario fran\u00e7ais<\/span><\/h4>\n<p>[\/vc_column_text][\/vc_column_inner][\/vc_row_inner][\/vc_column][\/vc_row][vc_row bg_color=\u00a0\u00bb#f2f2f2&Prime;][vc_column width=\u00a0\u00bb1\/2&Prime;][vc_row_inner el_class=\u00a0\u00bbsteermem\u00a0\u00bb][vc_column_inner width=\u00a0\u00bb1\/4&Prime;][vc_single_image image=\u00a0\u00bb111295&Prime; img_size=\u00a0\u00bb\u00a0\u00bb alignment=\u00a0\u00bbcenter\u00a0\u00bb style=\u00a0\u00bbvc_box_shadow\u00a0\u00bb css_animation=\u00a0\u00bbnone\u00a0\u00bb css=\u00a0\u00bb\u00a0\u00bb][\/vc_column_inner][vc_column_inner width=\u00a0\u00bb3\/4&Prime;][vc_column_text]<\/p>\n<h4 style=\"font-size: 110%;\"><strong>Patrick Razakamananifidiny<\/strong><br \/>\n<span style=\"font-size: 70%;\">Professionnel en situation de gestion<br \/>\nBureau des relations internationales<br \/>\nUniversit\u00e9 du Qu\u00e9bec \u00e0 Trois-Rivi\u00e8res<\/span><\/h4>\n<p>[\/vc_column_text][\/vc_column_inner][\/vc_row_inner][\/vc_column][vc_column width=\u00a0\u00bb1\/2&Prime;][vc_row_inner el_class=\u00a0\u00bbsteermem\u00a0\u00bb][vc_column_inner width=\u00a0\u00bb1\/4&Prime;][vc_single_image image=\u00a0\u00bb119389&Prime; img_size=\u00a0\u00bb\u00a0\u00bb alignment=\u00a0\u00bbcenter\u00a0\u00bb style=\u00a0\u00bbvc_box_shadow\u00a0\u00bb css_animation=\u00a0\u00bbnone\u00a0\u00bb css=\u00a0\u00bb\u00a0\u00bb][\/vc_column_inner][vc_column_inner width=\u00a0\u00bb3\/4&Prime;][vc_column_text]<\/p>\n<h4 style=\"font-size: 110%;\"><strong>Yannick Richer<\/strong><br \/>\n<span style=\"font-size: 70%;\">Conseilller \u00e0 l\u2019accueil et \u00e0 l\u2019immigration<br \/>\nConseiller r\u00e8glement\u00e9 en immigration pour \u00e9tudiants \u00e9trangers (CRI\u00c9\u00c9)<br \/>\nUniversit\u00e9 du Qu\u00e9bec \u00e0 Montr\u00e9al (UQAM)<\/span><\/h4>\n<p>[\/vc_column_text][\/vc_column_inner][\/vc_row_inner][\/vc_column][\/vc_row][vc_row bg_color=\u00a0\u00bb#f2f2f2&Prime;][vc_column width=\u00a0\u00bb1\/2&Prime;][vc_row_inner el_class=\u00a0\u00bbsteermem\u00a0\u00bb][vc_column_inner width=\u00a0\u00bb1\/4&Prime;][vc_single_image image=\u00a0\u00bb120014&Prime; img_size=\u00a0\u00bb\u00a0\u00bb alignment=\u00a0\u00bbcenter\u00a0\u00bb style=\u00a0\u00bbvc_box_shadow\u00a0\u00bb css_animation=\u00a0\u00bbnone\u00a0\u00bb css=\u00a0\u00bb\u00a0\u00bb][\/vc_column_inner][vc_column_inner width=\u00a0\u00bb3\/4&Prime;][vc_column_text]<\/p>\n<h4 style=\"font-size: 110%;\"><strong>Christopher Skinner<\/strong><br \/>\n<span style=\"font-size: 70%;\">Sp\u00e9cialiste des \u00e9tudiants internationaux<br \/>\nConsultant r\u00e9glement\u00e9 en immigration canadienne<br \/>\nUniversit\u00e9 de l&rsquo;Alberta<\/span><\/h4>\n<p>[\/vc_column_text][\/vc_column_inner][\/vc_row_inner][\/vc_column][vc_column width=\u00a0\u00bb1\/2&Prime;][\/vc_column][\/vc_row][vc_row bg_color=\u00a0\u00bb#f2f2f2&Prime;][vc_column width=\u00a0\u00bb1\/2&Prime;]<div class=\"spacer\" style=\"height: 40px;\"><\/div>[\/vc_column][vc_column width=\u00a0\u00bb1\/2&Prime;]<div class=\"spacer\" style=\"height: 40px;\"><\/div>[\/vc_column][\/vc_row]<\/p>\n<\/div>","protected":false},"excerpt":{"rendered":"<p>[vc_row bg_image=\u00a0\u00bb110732&Prime; parallax_bg=\u00a0\u00bbtrue\u00a0\u00bb bg_color=\u00a0\u00bb#01426a\u00a0\u00bb text_color=\u00a0\u00bblight\u00a0\u00bb text_align=\u00a0\u00bbcenter\u00a0\u00bb top_padding=\u00a0\u00bb40&Prime; bottom_padding=\u00a0\u00bb40&Prime; row_id=\u00a0\u00bbhero-banner\u00a0\u00bb][vc_column column_padding=\u00a0\u00bbcustom-padding\u00a0\u00bb column_custompadding=\u00a0\u00bb8% 0px\u00a0\u00bb text_color=\u00a0\u00bblight\u00a0\u00bb text_align=\u00a0\u00bbcenter\u00a0\u00bb width=\u00a0\u00bb1\/1&Prime;][vc_column_text] CAP Espace Francophone (EF) [\/vc_column_text][vc_column_text] Cette CAP offre un espace aux professionnel.le.s de l&rsquo;\u00e9ducation internationale, [&hellip;]<\/p>\n","protected":false},"author":2,"featured_media":0,"parent":0,"menu_order":0,"comment_status":"closed","ping_status":"closed","template":"","meta":{"_acf_changed":false,"footnotes":""},"class_list":["post-111282","page","type-page","status-publish","hentry"],"acf":[],"yoast_head":"<!-- This site is optimized with the Yoast SEO plugin v27.3 - https:\/\/yoast.com\/product\/yoast-seo-wordpress\/ -->\n<title>CAP Espace Francophone (EF) - CBIE<\/title>\n<meta name=\"robots\" content=\"index, follow, max-snippet:-1, max-image-preview:large, max-video-preview:-1\" \/>\n<link rel=\"canonical\" href=\"https:\/\/cbie.ca\/fr\/espace-francophone-cap\/\" \/>\n<meta property=\"og:locale\" content=\"fr_FR\" \/>\n<meta property=\"og:type\" content=\"article\" \/>\n<meta property=\"og:title\" content=\"CAP Espace Francophone (EF) - CBIE\" \/>\n<meta property=\"og:description\" content=\"[vc_row bg_image=\u00a0\u00bb110732&Prime; parallax_bg=\u00a0\u00bbtrue\u00a0\u00bb bg_color=\u00a0\u00bb#01426a\u00a0\u00bb text_color=\u00a0\u00bblight\u00a0\u00bb text_align=\u00a0\u00bbcenter\u00a0\u00bb top_padding=\u00a0\u00bb40&Prime; bottom_padding=\u00a0\u00bb40&Prime; row_id=\u00a0\u00bbhero-banner\u00a0\u00bb][vc_column column_padding=\u00a0\u00bbcustom-padding\u00a0\u00bb column_custompadding=\u00a0\u00bb8% 0px\u00a0\u00bb text_color=\u00a0\u00bblight\u00a0\u00bb text_align=\u00a0\u00bbcenter\u00a0\u00bb width=\u00a0\u00bb1\/1&Prime;][vc_column_text] CAP Espace Francophone (EF) [\/vc_column_text][vc_column_text] Cette CAP offre un espace aux professionnel.le.s de l&rsquo;\u00e9ducation internationale, [&hellip;]\" \/>\n<meta property=\"og:url\" content=\"https:\/\/cbie.ca\/fr\/espace-francophone-cap\/\" \/>\n<meta property=\"og:site_name\" content=\"CBIE\" \/>\n<meta property=\"article:modified_time\" content=\"2026-02-05T20:23:23+00:00\" \/>\n<meta property=\"og:image\" content=\"https:\/\/cbie.ca\/wp-content\/uploads\/2024\/01\/CBIE-Announcement-EN.png\" \/>\n\t<meta property=\"og:image:width\" content=\"1600\" \/>\n\t<meta property=\"og:image:height\" content=\"900\" \/>\n\t<meta property=\"og:image:type\" content=\"image\/png\" \/>\n<meta name=\"twitter:card\" content=\"summary_large_image\" \/>\n<meta name=\"twitter:label1\" content=\"Dur\u00e9e de lecture estim\u00e9e\" \/>\n\t<meta name=\"twitter:data1\" content=\"4 minutes\" \/>\n<script type=\"application\/ld+json\" class=\"yoast-schema-graph\">{\"@context\":\"https:\\\/\\\/schema.org\",\"@graph\":[{\"@type\":\"WebPage\",\"@id\":\"https:\\\/\\\/cbie.ca\\\/fr\\\/espace-francophone-cap\\\/\",\"url\":\"https:\\\/\\\/cbie.ca\\\/fr\\\/espace-francophone-cap\\\/\",\"name\":\"CAP Espace Francophone (EF) - CBIE\",\"isPartOf\":{\"@id\":\"https:\\\/\\\/cbie.ca\\\/#website\"},\"datePublished\":\"2024-09-20T16:25:46+00:00\",\"dateModified\":\"2026-02-05T20:23:23+00:00\",\"breadcrumb\":{\"@id\":\"https:\\\/\\\/cbie.ca\\\/fr\\\/espace-francophone-cap\\\/#breadcrumb\"},\"inLanguage\":\"fr-FR\",\"potentialAction\":[{\"@type\":\"ReadAction\",\"target\":[\"https:\\\/\\\/cbie.ca\\\/fr\\\/espace-francophone-cap\\\/\"]}]},{\"@type\":\"BreadcrumbList\",\"@id\":\"https:\\\/\\\/cbie.ca\\\/fr\\\/espace-francophone-cap\\\/#breadcrumb\",\"itemListElement\":[{\"@type\":\"ListItem\",\"position\":1,\"name\":\"Home\",\"item\":\"https:\\\/\\\/cbie.ca\\\/fr\\\/\"},{\"@type\":\"ListItem\",\"position\":2,\"name\":\"CAP Espace Francophone (EF)\"}]},{\"@type\":\"WebSite\",\"@id\":\"https:\\\/\\\/cbie.ca\\\/#website\",\"url\":\"https:\\\/\\\/cbie.ca\\\/\",\"name\":\"Canadian Bureau for International Education\",\"description\":\"\",\"potentialAction\":[{\"@type\":\"SearchAction\",\"target\":{\"@type\":\"EntryPoint\",\"urlTemplate\":\"https:\\\/\\\/cbie.ca\\\/?s={search_term_string}\"},\"query-input\":{\"@type\":\"PropertyValueSpecification\",\"valueRequired\":true,\"valueName\":\"search_term_string\"}}],\"inLanguage\":\"fr-FR\"}]}<\/script>\n<!-- \/ Yoast SEO plugin. -->","yoast_head_json":{"title":"CAP Espace Francophone (EF) - CBIE","robots":{"index":"index","follow":"follow","max-snippet":"max-snippet:-1","max-image-preview":"max-image-preview:large","max-video-preview":"max-video-preview:-1"},"canonical":"https:\/\/cbie.ca\/fr\/espace-francophone-cap\/","og_locale":"fr_FR","og_type":"article","og_title":"CAP Espace Francophone (EF) - CBIE","og_description":"[vc_row bg_image=\u00a0\u00bb110732&Prime; parallax_bg=\u00a0\u00bbtrue\u00a0\u00bb bg_color=\u00a0\u00bb#01426a\u00a0\u00bb text_color=\u00a0\u00bblight\u00a0\u00bb text_align=\u00a0\u00bbcenter\u00a0\u00bb top_padding=\u00a0\u00bb40&Prime; bottom_padding=\u00a0\u00bb40&Prime; row_id=\u00a0\u00bbhero-banner\u00a0\u00bb][vc_column column_padding=\u00a0\u00bbcustom-padding\u00a0\u00bb column_custompadding=\u00a0\u00bb8% 0px\u00a0\u00bb text_color=\u00a0\u00bblight\u00a0\u00bb text_align=\u00a0\u00bbcenter\u00a0\u00bb width=\u00a0\u00bb1\/1&Prime;][vc_column_text] CAP Espace Francophone (EF) [\/vc_column_text][vc_column_text] Cette CAP offre un espace aux professionnel.le.s de l&rsquo;\u00e9ducation internationale, [&hellip;]","og_url":"https:\/\/cbie.ca\/fr\/espace-francophone-cap\/","og_site_name":"CBIE","article_modified_time":"2026-02-05T20:23:23+00:00","og_image":[{"width":1600,"height":900,"url":"https:\/\/cbie.ca\/wp-content\/uploads\/2024\/01\/CBIE-Announcement-EN.png","type":"image\/png"}],"twitter_card":"summary_large_image","twitter_misc":{"Dur\u00e9e de lecture estim\u00e9e":"4 minutes"},"schema":{"@context":"https:\/\/schema.org","@graph":[{"@type":"WebPage","@id":"https:\/\/cbie.ca\/fr\/espace-francophone-cap\/","url":"https:\/\/cbie.ca\/fr\/espace-francophone-cap\/","name":"CAP Espace Francophone (EF) - CBIE","isPartOf":{"@id":"https:\/\/cbie.ca\/#website"},"datePublished":"2024-09-20T16:25:46+00:00","dateModified":"2026-02-05T20:23:23+00:00","breadcrumb":{"@id":"https:\/\/cbie.ca\/fr\/espace-francophone-cap\/#breadcrumb"},"inLanguage":"fr-FR","potentialAction":[{"@type":"ReadAction","target":["https:\/\/cbie.ca\/fr\/espace-francophone-cap\/"]}]},{"@type":"BreadcrumbList","@id":"https:\/\/cbie.ca\/fr\/espace-francophone-cap\/#breadcrumb","itemListElement":[{"@type":"ListItem","position":1,"name":"Home","item":"https:\/\/cbie.ca\/fr\/"},{"@type":"ListItem","position":2,"name":"CAP Espace Francophone (EF)"}]},{"@type":"WebSite","@id":"https:\/\/cbie.ca\/#website","url":"https:\/\/cbie.ca\/","name":"Canadian Bureau for International Education","description":"","potentialAction":[{"@type":"SearchAction","target":{"@type":"EntryPoint","urlTemplate":"https:\/\/cbie.ca\/?s={search_term_string}"},"query-input":{"@type":"PropertyValueSpecification","valueRequired":true,"valueName":"search_term_string"}}],"inLanguage":"fr-FR"}]}},"_links":{"self":[{"href":"https:\/\/cbie.ca\/fr\/wp-json\/wp\/v2\/pages\/111282","targetHints":{"allow":["GET"]}}],"collection":[{"href":"https:\/\/cbie.ca\/fr\/wp-json\/wp\/v2\/pages"}],"about":[{"href":"https:\/\/cbie.ca\/fr\/wp-json\/wp\/v2\/types\/page"}],"author":[{"embeddable":true,"href":"https:\/\/cbie.ca\/fr\/wp-json\/wp\/v2\/users\/2"}],"replies":[{"embeddable":true,"href":"https:\/\/cbie.ca\/fr\/wp-json\/wp\/v2\/comments?post=111282"}],"version-history":[{"count":8,"href":"https:\/\/cbie.ca\/fr\/wp-json\/wp\/v2\/pages\/111282\/revisions"}],"predecessor-version":[{"id":120032,"href":"https:\/\/cbie.ca\/fr\/wp-json\/wp\/v2\/pages\/111282\/revisions\/120032"}],"wp:attachment":[{"href":"https:\/\/cbie.ca\/fr\/wp-json\/wp\/v2\/media?parent=111282"}],"curies":[{"name":"wp","href":"https:\/\/api.w.org\/{rel}","templated":true}]}}