{"id":111270,"date":"2024-09-20T10:10:02","date_gmt":"2024-09-20T14:10:02","guid":{"rendered":"https:\/\/cbiemain.pcomms.ca\/?page_id=111270"},"modified":"2026-03-20T16:21:56","modified_gmt":"2026-03-20T20:21:56","slug":"fpc","status":"publish","type":"page","link":"https:\/\/cbie.ca\/fr\/fpc\/","title":{"rendered":"Formation professionnelle continue (FPC)"},"content":{"rendered":"<div class=\"wpb-content-wrapper\"><p>[vc_row][vc_column][vc_column_text][\/vc_column_text][\/vc_column][\/vc_row][vc_row bg_image=\u00a0\u00bb111222&Prime; parallax_bg=\u00a0\u00bbtrue\u00a0\u00bb bg_color=\u00a0\u00bb#01426a\u00a0\u00bb text_color=\u00a0\u00bblight\u00a0\u00bb text_align=\u00a0\u00bbcenter\u00a0\u00bb top_padding=\u00a0\u00bb10&Prime; bottom_padding=\u00a0\u00bb10&Prime; row_id=\u00a0\u00bbhero-banner\u00a0\u00bb][vc_column column_padding=\u00a0\u00bbcustom-padding\u00a0\u00bb column_custompadding=\u00a0\u00bb10% 0px\u00a0\u00bb text_color=\u00a0\u00bblight\u00a0\u00bb text_align=\u00a0\u00bbcenter\u00a0\u00bb width=\u00a0\u00bb1\/1&Prime;][vc_column_text]<\/p>\n<h1>Formation professionnelle continue (FPC)<\/h1>\n<p>[\/vc_column_text]<div class=\"newdivider align-center\" style=\"border-bottom-style: solid; border-color: #1c86a4; border-bottom-width: 2px; margin-top: 30px; margin-bottom: 30px; width: 130px; \"><\/div><div class=\"clear\"><\/div>[vc_column_text]<\/p>\n<h5>Le BCEI offre de la FPC pour les Conseillers r\u00e9glement\u00e9s en immigration pour \u00e9tudiants \u00e9trangers (CRI\u00c9\u00c9) et les consultants r\u00e9glement\u00e9s en immigration canadienne (CRIC)<\/h5>\n<p>[\/vc_column_text][\/vc_column][\/vc_row][vc_row][vc_column][vc_column_text][\/vc_column_text][\/vc_column][\/vc_row][vc_row top_padding=\u00a0\u00bb70&Prime; bottom_padding=\u00a0\u00bb70&Prime; class=\u00a0\u00bbpartnership-section\u00a0\u00bb][vc_column el_class=\u00a0\u00bbevents-clm\u00a0\u00bb width=\u00a0\u00bb2\/5&Prime;][vc_row_inner][vc_column_inner css=\u00a0\u00bb.vc_custom_1757697846911{padding-top: 1px !important;padding-right: 30px !important;padding-bottom: 30px !important;padding-left: 30px !important;background-color: #f4f4f4 !important;}\u00a0\u00bb][vc_column_text]<\/p>\n<h4>Colloque r\u00e9gional du Qu\u00e9bec et de la francophonie<\/h4>\n<p>6 et 7 mai 2026<\/p>\n<p>175 $ membres et non-membres[\/vc_column_text][vc_empty_space height=\u00a0\u00bb10px\u00a0\u00bb]<a href=\"https:\/\/cbie.ca\/upcoming-events\/regional-meetings\/quebec-overview\/\" target=\"_blank\" class=\"button color-3 medium \" style=\"border-radius: 2px;\">En savoir plus<\/a>[vc_empty_space height=\u00a0\u00bb10px\u00a0\u00bb]<div class=\"newdivider align-center\" style=\"border-bottom-style: solid; border-color: #cecece; border-bottom-width: 1px; margin-top: 20px; margin-bottom: 10px; width: 100%; \"><\/div><div class=\"clear\"><\/div>[\/vc_column_inner][\/vc_row_inner][vc_row_inner][vc_column_inner css=\u00a0\u00bb.vc_custom_1757697840242{padding-top: 1px !important;padding-right: 30px !important;padding-bottom: 30px !important;padding-left: 30px !important;background-color: #f4f4f4 !important;}\u00a0\u00bb][vc_column_text]<\/p>\n<h4>Retour sur l\u2019article R222 \u2013 comprendre, appliquer et adapter ses pratiques<\/h4>\n<p>7 mai 2026<br \/>\n13h00pm &#8211; 16h00pm (ET)<\/p>\n<p>189 $ membres et non-membres[\/vc_column_text][vc_empty_space height=\u00a0\u00bb10px\u00a0\u00bb]<a href=\"https:\/\/cbie.ca\/upcoming-events\/regional-meetings\/quebec-atelier\/\" target=\"_blank\" class=\"button color-3 medium \" style=\"border-radius: 2px;\">En savoir plus<\/a>[vc_empty_space height=\u00a0\u00bb10px\u00a0\u00bb]<div class=\"newdivider align-center\" style=\"border-bottom-style: solid; border-color: #cecece; border-bottom-width: 1px; margin-top: 20px; margin-bottom: 10px; width: 100%; \"><\/div><div class=\"clear\"><\/div>[\/vc_column_inner][\/vc_row_inner][vc_row_inner][vc_column_inner css=\u00a0\u00bb.vc_custom_1757697840242{padding-top: 1px !important;padding-right: 30px !important;padding-bottom: 30px !important;padding-left: 30px !important;background-color: #f4f4f4 !important;}\u00a0\u00bb][vc_column_text]<\/p>\n<h4>Alberta Regional Meeting<\/h4>\n<p>May 11-12, 2026<\/p>\n<p>175 $ members and non-members[\/vc_column_text][vc_empty_space height=\u00a0\u00bb10px\u00a0\u00bb]<a href=\"https:\/\/cbie.ca\/upcoming-events\/regional-meetings\/western-overview\/\" target=\"_blank\" class=\"button color-3 medium \" style=\"border-radius: 2px;\">En savoir plus<\/a>[vc_empty_space height=\u00a0\u00bb10px\u00a0\u00bb][vc_column_text]<strong>Disponible seulement en anglais.<\/strong>[\/vc_column_text]<div class=\"newdivider align-center\" style=\"border-bottom-style: solid; border-color: #cecece; border-bottom-width: 1px; margin-top: 20px; margin-bottom: 10px; width: 100%; \"><\/div><div class=\"clear\"><\/div>[\/vc_column_inner][\/vc_row_inner][vc_row_inner][vc_column_inner css=\u00a0\u00bb.vc_custom_1757697840242{padding-top: 1px !important;padding-right: 30px !important;padding-bottom: 30px !important;padding-left: 30px !important;background-color: #f4f4f4 !important;}\u00a0\u00bb][vc_column_text]<\/p>\n<h4>MCIE Annual Conference: Redefining Growth<\/h4>\n<p>May 14, 2026[\/vc_column_text][vc_empty_space height=\u00a0\u00bb10px\u00a0\u00bb]<a href=\"https:\/\/mcie.ca\/mcie-annual-conference-2026-redefining-growth\/\" target=\"_blank\" class=\"button color-3 medium \" style=\"border-radius: 2px;\">En savoir plus<\/a>[vc_empty_space height=\u00a0\u00bb10px\u00a0\u00bb][vc_column_text]<strong>Disponible seulement en anglais.<\/strong>[\/vc_column_text]<div class=\"newdivider align-center\" style=\"border-bottom-style: solid; border-color: #cecece; border-bottom-width: 1px; margin-top: 20px; margin-bottom: 10px; width: 100%; \"><\/div><div class=\"clear\"><\/div>[\/vc_column_inner][\/vc_row_inner][vc_row_inner][vc_column_inner css=\u00a0\u00bb.vc_custom_1757697840242{padding-top: 1px !important;padding-right: 30px !important;padding-bottom: 30px !important;padding-left: 30px !important;background-color: #f4f4f4 !important;}\u00a0\u00bb][vc_column_text]<\/p>\n<h4>Atelier-causerie : G\u00e9rer sa charge \u00e9motionnelle en contexte d\u2019aide en immigration \u2014 \u00e9thique, complexit\u00e9 et solidarit\u00e9 professionnelle<\/h4>\n<p>1 juin 2026<br \/>\n19h00pm &#8211; 20h30pm (ET)<\/p>\n<p>79 $ membres | 129 $ non-membres[\/vc_column_text][vc_empty_space height=\u00a0\u00bb10px\u00a0\u00bb]<a href=\"https:\/\/cbie.ca\/event\/atelier-causerie-de-fpc-gerer-sa-charge-emotionnelle-en-contexte-daide-en-immigration-ethique-complexite-et-solidarite-professionnelle\/\" target=\"_blank\" class=\"button color-3 medium \" style=\"border-radius: 2px;\">En savoir plus<\/a>[vc_empty_space height=\u00a0\u00bb10px\u00a0\u00bb]<div class=\"newdivider align-center\" style=\"border-bottom-style: solid; border-color: #cecece; border-bottom-width: 1px; margin-top: 20px; margin-bottom: 10px; width: 100%; \"><\/div><div class=\"clear\"><\/div>[\/vc_column_inner][\/vc_row_inner][vc_row_inner][vc_column_inner el_class=\u00a0\u00bbhidden\u00a0\u00bb css=\u00a0\u00bb.vc_custom_1772737452430{padding-top: 1px !important;padding-right: 30px !important;padding-bottom: 30px !important;padding-left: 30px !important;background-color: #f4f4f4 !important;}\u00a0\u00bb][vc_empty_space height=\u00a0\u00bb20px\u00a0\u00bb][vc_empty_space height=\u00a0\u00bb20px\u00a0\u00bb]<div class=\"newdivider align-center\" style=\"border-bottom-style: solid; border-color: #cecece; border-bottom-width: 1px; margin-top: 20px; margin-bottom: 10px; width: 100%; \"><\/div><div class=\"clear\"><\/div>[\/vc_column_inner][\/vc_row_inner][\/vc_column][vc_column width=\u00a0\u00bb3\/5&Prime;][vc_column_text]<\/p>\n<h3>Informations sur les d\u00e9clarations de FPC<\/h3>\n<p>Un re\u00e7u d\u2019achat pour tout \u00e9v\u00e9nement de FPC (conf\u00e9rences, webinaires, cours en ligne, et\/ou enregistrements de webinaires) devrait servir comme preuve ad\u00e9quate de participation pour votre d\u00e9claration de FPC. Tous nos \u00e9v\u00e9nements de FPC sont approuv\u00e9s par la CCIC et figurent sur leur portail.<\/p>\n<p>Veuillez noter que vous pouvez acc\u00e9der \u00e0 votre\/vos re\u00e7u(s) de paiement officiel(s) via votre compte du BCEI. N\u2019oubliez pas d\u2019utiliser votre courriel institutionnel (lorsque vous vous connectez ou lorsque vous cr\u00e9ez un compte), car il est li\u00e9 au statut de membre de votre \u00e9tablissement. Connectez-vous et s\u00e9lectionnez l\u2019option \u201cT\u00e9l\u00e9charger mes factures\u201d. De l\u00e0, vous verrez tous vos achats\/inscriptions aux \u00e9v\u00e9nements du BCEI. Cliquez sur la fl\u00e8che verte \u00e0 c\u00f4t\u00e9 de la date de l\u2019\u00e9v\u00e9nement pour afficher la facture\/re\u00e7u compl\u00e8te et l\u2019envoyer \u00e0 votre courriel. Veuillez noter que nous ne pouvons pas fournir un re\u00e7u d\u2019achat \u00e0 ceux qui n\u2019ont pas fait l\u2019achat de l\u2019\u00e9v\u00e9nement.<\/p>\n<p>Si le re\u00e7u n\u2019est pas adress\u00e9 \u00e0 votre nom, il est possible que le CCIC vous demande de fournir une lettre de votre \u00e9tablissement expliquant que l\u2019\u00e9v\u00e9nement de FPC a \u00e9t\u00e9 achet\u00e9 par votre \u00e9tablissement et mis \u00e0 la disposition de plusieurs conseillers et conseill\u00e8res (si tel est le cas). Veuillez vous r\u00e9f\u00e9rer au site web de la CCIC pour valider cette information, car leurs politiques peuvent \u00eatre modifi\u00e9es sans pr\u00e9avis.[\/vc_column_text][vc_empty_space height=\u00a0\u00bb20px\u00a0\u00bb]<a href=\"https:\/\/cbie.ca\/cpd-archive\/\" target=\"_self\" class=\"button custom full \" style=\"background-color: ; border-color: ;border-radius: 2px;\">Cliquez ici pour consulter la liste compl\u00e8te des offres de FPC<\/a>[\/vc_column][\/vc_row]<\/p>\n<\/div>","protected":false},"excerpt":{"rendered":"<p>[vc_row][vc_column][vc_column_text][\/vc_column_text][\/vc_column][\/vc_row][vc_row bg_image=\u00a0\u00bb111222&Prime; parallax_bg=\u00a0\u00bbtrue\u00a0\u00bb bg_color=\u00a0\u00bb#01426a\u00a0\u00bb text_color=\u00a0\u00bblight\u00a0\u00bb text_align=\u00a0\u00bbcenter\u00a0\u00bb top_padding=\u00a0\u00bb10&Prime; bottom_padding=\u00a0\u00bb10&Prime; row_id=\u00a0\u00bbhero-banner\u00a0\u00bb][vc_column column_padding=\u00a0\u00bbcustom-padding\u00a0\u00bb column_custompadding=\u00a0\u00bb10% 0px\u00a0\u00bb text_color=\u00a0\u00bblight\u00a0\u00bb text_align=\u00a0\u00bbcenter\u00a0\u00bb width=\u00a0\u00bb1\/1&Prime;][vc_column_text] Formation professionnelle continue (FPC) [\/vc_column_text][vc_column_text] Le BCEI offre de la FPC pour les Conseillers r\u00e9glement\u00e9s [&hellip;]<\/p>\n","protected":false},"author":2,"featured_media":0,"parent":0,"menu_order":0,"comment_status":"closed","ping_status":"closed","template":"","meta":{"_acf_changed":false,"footnotes":""},"class_list":["post-111270","page","type-page","status-publish","hentry"],"acf":[],"yoast_head":"<!-- This site is optimized with the Yoast SEO plugin v27.3 - https:\/\/yoast.com\/product\/yoast-seo-wordpress\/ -->\n<title>Formation professionnelle continue (FPC) - CBIE<\/title>\n<meta name=\"robots\" content=\"index, follow, max-snippet:-1, max-image-preview:large, max-video-preview:-1\" \/>\n<link rel=\"canonical\" href=\"https:\/\/cbie.ca\/fr\/fpc\/\" \/>\n<meta property=\"og:locale\" content=\"fr_FR\" \/>\n<meta property=\"og:type\" content=\"article\" \/>\n<meta property=\"og:title\" content=\"Formation professionnelle continue (FPC) - CBIE\" \/>\n<meta property=\"og:description\" content=\"[vc_row][vc_column][vc_column_text][\/vc_column_text][\/vc_column][\/vc_row][vc_row bg_image=\u00a0\u00bb111222&Prime; parallax_bg=\u00a0\u00bbtrue\u00a0\u00bb bg_color=\u00a0\u00bb#01426a\u00a0\u00bb text_color=\u00a0\u00bblight\u00a0\u00bb text_align=\u00a0\u00bbcenter\u00a0\u00bb top_padding=\u00a0\u00bb10&Prime; bottom_padding=\u00a0\u00bb10&Prime; row_id=\u00a0\u00bbhero-banner\u00a0\u00bb][vc_column column_padding=\u00a0\u00bbcustom-padding\u00a0\u00bb column_custompadding=\u00a0\u00bb10% 0px\u00a0\u00bb text_color=\u00a0\u00bblight\u00a0\u00bb text_align=\u00a0\u00bbcenter\u00a0\u00bb width=\u00a0\u00bb1\/1&Prime;][vc_column_text] Formation professionnelle continue (FPC) [\/vc_column_text][vc_column_text] Le BCEI offre de la FPC pour les Conseillers r\u00e9glement\u00e9s [&hellip;]\" \/>\n<meta property=\"og:url\" content=\"https:\/\/cbie.ca\/fr\/fpc\/\" \/>\n<meta property=\"og:site_name\" content=\"CBIE\" \/>\n<meta property=\"article:modified_time\" content=\"2026-03-20T20:21:56+00:00\" \/>\n<meta property=\"og:image\" content=\"https:\/\/cbie.ca\/wp-content\/uploads\/2024\/01\/CBIE-Announcement-EN.png\" \/>\n\t<meta property=\"og:image:width\" content=\"1600\" \/>\n\t<meta property=\"og:image:height\" content=\"900\" \/>\n\t<meta property=\"og:image:type\" content=\"image\/png\" \/>\n<meta name=\"twitter:card\" content=\"summary_large_image\" \/>\n<meta name=\"twitter:label1\" content=\"Dur\u00e9e de lecture estim\u00e9e\" \/>\n\t<meta name=\"twitter:data1\" content=\"3 minutes\" \/>\n<script type=\"application\/ld+json\" class=\"yoast-schema-graph\">{\"@context\":\"https:\\\/\\\/schema.org\",\"@graph\":[{\"@type\":\"WebPage\",\"@id\":\"https:\\\/\\\/cbie.ca\\\/fr\\\/fpc\\\/\",\"url\":\"https:\\\/\\\/cbie.ca\\\/fr\\\/fpc\\\/\",\"name\":\"Formation professionnelle continue (FPC) - CBIE\",\"isPartOf\":{\"@id\":\"https:\\\/\\\/cbie.ca\\\/#website\"},\"datePublished\":\"2024-09-20T14:10:02+00:00\",\"dateModified\":\"2026-03-20T20:21:56+00:00\",\"breadcrumb\":{\"@id\":\"https:\\\/\\\/cbie.ca\\\/fr\\\/fpc\\\/#breadcrumb\"},\"inLanguage\":\"fr-FR\",\"potentialAction\":[{\"@type\":\"ReadAction\",\"target\":[\"https:\\\/\\\/cbie.ca\\\/fr\\\/fpc\\\/\"]}]},{\"@type\":\"BreadcrumbList\",\"@id\":\"https:\\\/\\\/cbie.ca\\\/fr\\\/fpc\\\/#breadcrumb\",\"itemListElement\":[{\"@type\":\"ListItem\",\"position\":1,\"name\":\"Home\",\"item\":\"https:\\\/\\\/cbie.ca\\\/fr\\\/\"},{\"@type\":\"ListItem\",\"position\":2,\"name\":\"Formation professionnelle continue (FPC)\"}]},{\"@type\":\"WebSite\",\"@id\":\"https:\\\/\\\/cbie.ca\\\/#website\",\"url\":\"https:\\\/\\\/cbie.ca\\\/\",\"name\":\"Canadian Bureau for International Education\",\"description\":\"\",\"potentialAction\":[{\"@type\":\"SearchAction\",\"target\":{\"@type\":\"EntryPoint\",\"urlTemplate\":\"https:\\\/\\\/cbie.ca\\\/?s={search_term_string}\"},\"query-input\":{\"@type\":\"PropertyValueSpecification\",\"valueRequired\":true,\"valueName\":\"search_term_string\"}}],\"inLanguage\":\"fr-FR\"}]}<\/script>\n<!-- \/ Yoast SEO plugin. -->","yoast_head_json":{"title":"Formation professionnelle continue (FPC) - CBIE","robots":{"index":"index","follow":"follow","max-snippet":"max-snippet:-1","max-image-preview":"max-image-preview:large","max-video-preview":"max-video-preview:-1"},"canonical":"https:\/\/cbie.ca\/fr\/fpc\/","og_locale":"fr_FR","og_type":"article","og_title":"Formation professionnelle continue (FPC) - CBIE","og_description":"[vc_row][vc_column][vc_column_text][\/vc_column_text][\/vc_column][\/vc_row][vc_row bg_image=\u00a0\u00bb111222&Prime; parallax_bg=\u00a0\u00bbtrue\u00a0\u00bb bg_color=\u00a0\u00bb#01426a\u00a0\u00bb text_color=\u00a0\u00bblight\u00a0\u00bb text_align=\u00a0\u00bbcenter\u00a0\u00bb top_padding=\u00a0\u00bb10&Prime; bottom_padding=\u00a0\u00bb10&Prime; row_id=\u00a0\u00bbhero-banner\u00a0\u00bb][vc_column column_padding=\u00a0\u00bbcustom-padding\u00a0\u00bb column_custompadding=\u00a0\u00bb10% 0px\u00a0\u00bb text_color=\u00a0\u00bblight\u00a0\u00bb text_align=\u00a0\u00bbcenter\u00a0\u00bb width=\u00a0\u00bb1\/1&Prime;][vc_column_text] Formation professionnelle continue (FPC) [\/vc_column_text][vc_column_text] Le BCEI offre de la FPC pour les Conseillers r\u00e9glement\u00e9s [&hellip;]","og_url":"https:\/\/cbie.ca\/fr\/fpc\/","og_site_name":"CBIE","article_modified_time":"2026-03-20T20:21:56+00:00","og_image":[{"width":1600,"height":900,"url":"https:\/\/cbie.ca\/wp-content\/uploads\/2024\/01\/CBIE-Announcement-EN.png","type":"image\/png"}],"twitter_card":"summary_large_image","twitter_misc":{"Dur\u00e9e de lecture estim\u00e9e":"3 minutes"},"schema":{"@context":"https:\/\/schema.org","@graph":[{"@type":"WebPage","@id":"https:\/\/cbie.ca\/fr\/fpc\/","url":"https:\/\/cbie.ca\/fr\/fpc\/","name":"Formation professionnelle continue (FPC) - CBIE","isPartOf":{"@id":"https:\/\/cbie.ca\/#website"},"datePublished":"2024-09-20T14:10:02+00:00","dateModified":"2026-03-20T20:21:56+00:00","breadcrumb":{"@id":"https:\/\/cbie.ca\/fr\/fpc\/#breadcrumb"},"inLanguage":"fr-FR","potentialAction":[{"@type":"ReadAction","target":["https:\/\/cbie.ca\/fr\/fpc\/"]}]},{"@type":"BreadcrumbList","@id":"https:\/\/cbie.ca\/fr\/fpc\/#breadcrumb","itemListElement":[{"@type":"ListItem","position":1,"name":"Home","item":"https:\/\/cbie.ca\/fr\/"},{"@type":"ListItem","position":2,"name":"Formation professionnelle continue (FPC)"}]},{"@type":"WebSite","@id":"https:\/\/cbie.ca\/#website","url":"https:\/\/cbie.ca\/","name":"Canadian Bureau for International Education","description":"","potentialAction":[{"@type":"SearchAction","target":{"@type":"EntryPoint","urlTemplate":"https:\/\/cbie.ca\/?s={search_term_string}"},"query-input":{"@type":"PropertyValueSpecification","valueRequired":true,"valueName":"search_term_string"}}],"inLanguage":"fr-FR"}]}},"_links":{"self":[{"href":"https:\/\/cbie.ca\/fr\/wp-json\/wp\/v2\/pages\/111270","targetHints":{"allow":["GET"]}}],"collection":[{"href":"https:\/\/cbie.ca\/fr\/wp-json\/wp\/v2\/pages"}],"about":[{"href":"https:\/\/cbie.ca\/fr\/wp-json\/wp\/v2\/types\/page"}],"author":[{"embeddable":true,"href":"https:\/\/cbie.ca\/fr\/wp-json\/wp\/v2\/users\/2"}],"replies":[{"embeddable":true,"href":"https:\/\/cbie.ca\/fr\/wp-json\/wp\/v2\/comments?post=111270"}],"version-history":[{"count":12,"href":"https:\/\/cbie.ca\/fr\/wp-json\/wp\/v2\/pages\/111270\/revisions"}],"predecessor-version":[{"id":120713,"href":"https:\/\/cbie.ca\/fr\/wp-json\/wp\/v2\/pages\/111270\/revisions\/120713"}],"wp:attachment":[{"href":"https:\/\/cbie.ca\/fr\/wp-json\/wp\/v2\/media?parent=111270"}],"curies":[{"name":"wp","href":"https:\/\/api.w.org\/{rel}","templated":true}]}}