{"id":110841,"date":"2024-08-19T15:35:08","date_gmt":"2024-08-19T19:35:08","guid":{"rendered":"https:\/\/cbiemain.pcomms.ca\/?page_id=110841"},"modified":"2026-01-09T16:59:01","modified_gmt":"2026-01-09T21:59:01","slug":"pro-ei","status":"publish","type":"page","link":"https:\/\/cbie.ca\/fr\/pro-ei\/","title":{"rendered":"Pro-EI"},"content":{"rendered":"<div class=\"wpb-content-wrapper\"><p>[vc_row bg_image=\u00a0\u00bb110568&Prime; parallax_bg=\u00a0\u00bbtrue\u00a0\u00bb bg_color=\u00a0\u00bb#01426a\u00a0\u00bb text_color=\u00a0\u00bblight\u00a0\u00bb text_align=\u00a0\u00bbcenter\u00a0\u00bb top_padding=\u00a0\u00bb10&Prime; bottom_padding=\u00a0\u00bb10&Prime; row_id=\u00a0\u00bbhero-banner\u00a0\u00bb][vc_column column_padding=\u00a0\u00bbcustom-padding\u00a0\u00bb column_custompadding=\u00a0\u00bb10% 0px\u00a0\u00bb text_color=\u00a0\u00bblight\u00a0\u00bb text_align=\u00a0\u00bbcenter\u00a0\u00bb width=\u00a0\u00bb1\/1&Prime;][vc_column_text]<\/p>\n<h1>Pro-EI<\/h1>\n<h3>Formation pour les professionnel.le.s de l\u2019\u00e9ducation international<\/h3>\n<p>[\/vc_column_text]<div class=\"newdivider align-center\" style=\"border-bottom-style: solid; border-color: #1c86a4; border-bottom-width: 2px; margin-top: 30px; margin-bottom: 30px; width: 130px; \"><\/div><div class=\"clear\"><\/div>[vc_column_text]<\/p>\n<h5><span data-teams=\"true\">Formation destin\u00e9e aux nouveaux.elles professionnel.le.s de l\u2019\u00e9ducation internationale ainsi qu\u2019\u00e0 toute personne souhaitant approfondir ses connaissances sur le secteur et le syst\u00e8me \u00e9ducatif canadien.<\/span><\/h5>\n<p>[\/vc_column_text][\/vc_column][\/vc_row][vc_row top_padding=\u00a0\u00bb70&Prime; bottom_padding=\u00a0\u00bb0&Prime;][vc_column width=\u00a0\u00bb1\/1&Prime;][vc_column_text]La formation Pro-EI fournit des informations fondamentales sur le secteur de l\u2019\u00e9ducation internationale et propose des ressources et des outils pratiques pour aider les apprenant.e.s \u00e0 faire leurs premiers pas dans le domaine. Cette formation en ligne, facilement accessible, permet aux participant.e.s de s\u2019y engager au moment qui leur convient et d\u2019apprendre \u00e0 leur propre rythme. Les concepts de base pr\u00e9sent\u00e9s dans Pro-EI constituent un point de d\u00e9part pour comprendre les notions cl\u00e9s, les r\u00f4les et les pratiques du secteur, tout en pr\u00e9parant les apprenant.e.s \u00e0 suivre des formations plus avanc\u00e9es et en soutenant un parcours clair de d\u00e9veloppement professionnel en \u00e9ducation internationale.<\/p>\n<p>Ces cours sont ouverts \u00e0 tous les praticien.ne.s et sont \u00e9galement des pr\u00e9requis pour certains candidat.e.s du <a href=\"https:\/\/cbie.ca\/fr\/peiei\/\" target=\"_blank\" rel=\"noopener\">Programme d&rsquo;\u00e9tudes sur l&rsquo;immigration et les \u00e9tudiant.e.s internationaux.ales (PEIEI)<\/a> qui ne travaillent pas dans un \u00e9tablissement d\u2019enseignement d\u00e9sign\u00e9 (EED) tout en \u0153uvrant aupr\u00e8s des \u00e9tudiant.e.s internationaux.ales. Les cours pr\u00e9alables sont pr\u00e9sentement disponibles en anglais et seront offerts en fran\u00e7ais \u00e0 partir de l&rsquo;automne 2026. Visitez la <a href=\"https:\/\/cbie.ca\/fr\/peiei\/\" target=\"_blank\" rel=\"noopener\">page web du PEIEI<\/a> pour plus d&rsquo;informations sur les crit\u00e8res d&rsquo;\u00e9ligibilit\u00e9 de ce programme.[\/vc_column_text][\/vc_column][\/vc_row][vc_row top_padding=\u00a0\u00bb70&Prime; bottom_padding=\u00a0\u00bb40&Prime; class=\u00a0\u00bbpartnership-section\u00a0\u00bb row_id=\u00a0\u00bbtest\u00a0\u00bb][vc_column bg_color=\u00a0\u00bb#f4f4f4&Prime; column_padding=\u00a0\u00bbpadding-3&Prime; width=\u00a0\u00bb1\/1&Prime;][vc_column_text]<\/p>\n<h4>Fundamentals of International Education in Canada<\/h4>\n<p>This self-directed online training\u00a0introduces learners to the fundamentals of the Canadian education system along with the key ministries, organizations, and associations that influence both domestic and international education. Drawing on a combination of historical context and contemporary perspectives, participants will explore how Canada\u2019s international education sector has evolved and continues to contribute to global engagement. By the end of the course, learners will understand the structure of education in Canada, recognize the major players influencing policy and practice, and appreciate the historical roots that shape today\u2019s international education landscape.<\/p>\n<p>Members $85 | Non-members $110[\/vc_column_text][vc_empty_space height=\u00a0\u00bb10px\u00a0\u00bb]<a href=\"https:\/\/cbie.ca\/ie-pro-fundamentals-of-international-education\/\" target=\"_self\" class=\"button color-3 medium \" style=\"border-radius: 2px;\">Learn More<\/a><div class=\"newdivider align-center\" style=\"border-bottom-style: solid; border-color: #a8a8a8; border-bottom-width: 1px; margin-top: 30px; margin-bottom: 10px; width: 100%; \"><\/div><div class=\"clear\"><\/div>[vc_column_text]Disponible en anglais seulement[\/vc_column_text][\/vc_column][\/vc_row][vc_row top_padding=\u00a0\u00bb70&Prime; bottom_padding=\u00a0\u00bb40&Prime; class=\u00a0\u00bbpartnership-section\u00a0\u00bb row_id=\u00a0\u00bbtest\u00a0\u00bb][vc_column bg_color=\u00a0\u00bb#f4f4f4&Prime; column_padding=\u00a0\u00bbpadding-3&Prime; width=\u00a0\u00bb1\/1&Prime;][vc_column_text]<\/p>\n<h4>Internationalization in Action<\/h4>\n<p>This self-directed online training introduces\u00a0<span id=\"isPasted\">foundational concepts and practical applications of\u00a0<\/span>comprehensive internationalization in higher education. Learners will review\u00a0<span id=\"isPasted\">definitions, rationales, and models to\u00a0<\/span>explore various factors that drive institutions&rsquo; pursuit of internationalization, as well as the challenges and opportunities that can arise.\u00a0<span id=\"isPasted\">By the end of the training, learners will have\u00a0<\/span><span id=\"isPasted\">gained practical tools to connect theory to action and\u00a0<\/span>identified strategic goals, key collaborators, and common interests that support inclusive, ethical, and sustainable approaches to embedding internationalization across institutional priorities.<\/p>\n<p>Members $85 | Non-members $110[\/vc_column_text][vc_empty_space height=\u00a0\u00bb10px\u00a0\u00bb]<a href=\"https:\/\/cbie.ca\/ie-pro-international-education-areas-of-practice\/\" target=\"_self\" class=\"button color-3 medium \" style=\"border-radius: 2px;\">Learn More<\/a><div class=\"newdivider align-center\" style=\"border-bottom-style: solid; border-color: #a8a8a8; border-bottom-width: 1px; margin-top: 30px; margin-bottom: 10px; width: 100%; \"><\/div><div class=\"clear\"><\/div>[vc_column_text]Disponible en anglais seulement[\/vc_column_text][\/vc_column][\/vc_row]<\/p>\n<\/div>","protected":false},"excerpt":{"rendered":"<p>[vc_row bg_image=\u00a0\u00bb110568&Prime; parallax_bg=\u00a0\u00bbtrue\u00a0\u00bb bg_color=\u00a0\u00bb#01426a\u00a0\u00bb text_color=\u00a0\u00bblight\u00a0\u00bb text_align=\u00a0\u00bbcenter\u00a0\u00bb top_padding=\u00a0\u00bb10&Prime; bottom_padding=\u00a0\u00bb10&Prime; row_id=\u00a0\u00bbhero-banner\u00a0\u00bb][vc_column column_padding=\u00a0\u00bbcustom-padding\u00a0\u00bb column_custompadding=\u00a0\u00bb10% 0px\u00a0\u00bb text_color=\u00a0\u00bblight\u00a0\u00bb text_align=\u00a0\u00bbcenter\u00a0\u00bb width=\u00a0\u00bb1\/1&Prime;][vc_column_text] Pro-EI Formation pour les professionnel.le.s de l\u2019\u00e9ducation international [\/vc_column_text][vc_column_text] Formation destin\u00e9e aux nouveaux.elles professionnel.le.s de [&hellip;]<\/p>\n","protected":false},"author":2,"featured_media":0,"parent":0,"menu_order":0,"comment_status":"closed","ping_status":"closed","template":"","meta":{"_acf_changed":false,"footnotes":""},"class_list":["post-110841","page","type-page","status-publish","hentry"],"acf":[],"yoast_head":"<!-- This site is optimized with the Yoast SEO plugin v27.4 - https:\/\/yoast.com\/product\/yoast-seo-wordpress\/ -->\n<title>Pro-EI - CBIE<\/title>\n<meta name=\"robots\" content=\"index, follow, max-snippet:-1, max-image-preview:large, max-video-preview:-1\" \/>\n<link rel=\"canonical\" href=\"https:\/\/cbie.ca\/fr\/pro-ei\/\" \/>\n<meta property=\"og:locale\" content=\"fr_FR\" \/>\n<meta property=\"og:type\" content=\"article\" \/>\n<meta property=\"og:title\" content=\"Pro-EI - CBIE\" \/>\n<meta property=\"og:description\" content=\"[vc_row bg_image=\u00a0\u00bb110568&Prime; parallax_bg=\u00a0\u00bbtrue\u00a0\u00bb bg_color=\u00a0\u00bb#01426a\u00a0\u00bb text_color=\u00a0\u00bblight\u00a0\u00bb text_align=\u00a0\u00bbcenter\u00a0\u00bb top_padding=\u00a0\u00bb10&Prime; bottom_padding=\u00a0\u00bb10&Prime; row_id=\u00a0\u00bbhero-banner\u00a0\u00bb][vc_column column_padding=\u00a0\u00bbcustom-padding\u00a0\u00bb column_custompadding=\u00a0\u00bb10% 0px\u00a0\u00bb text_color=\u00a0\u00bblight\u00a0\u00bb text_align=\u00a0\u00bbcenter\u00a0\u00bb width=\u00a0\u00bb1\/1&Prime;][vc_column_text] Pro-EI Formation pour les professionnel.le.s de l\u2019\u00e9ducation international [\/vc_column_text][vc_column_text] Formation destin\u00e9e aux nouveaux.elles professionnel.le.s de [&hellip;]\" \/>\n<meta property=\"og:url\" content=\"https:\/\/cbie.ca\/fr\/pro-ei\/\" \/>\n<meta property=\"og:site_name\" content=\"CBIE\" \/>\n<meta property=\"article:modified_time\" content=\"2026-01-09T21:59:01+00:00\" \/>\n<meta property=\"og:image\" content=\"https:\/\/cbie.ca\/wp-content\/uploads\/2024\/01\/CBIE-Announcement-EN.png\" \/>\n\t<meta property=\"og:image:width\" content=\"1600\" \/>\n\t<meta property=\"og:image:height\" content=\"900\" \/>\n\t<meta property=\"og:image:type\" content=\"image\/png\" \/>\n<meta name=\"twitter:card\" content=\"summary_large_image\" \/>\n<meta name=\"twitter:label1\" content=\"Dur\u00e9e de lecture estim\u00e9e\" \/>\n\t<meta name=\"twitter:data1\" content=\"2 minutes\" \/>\n<script type=\"application\/ld+json\" class=\"yoast-schema-graph\">{\"@context\":\"https:\\\/\\\/schema.org\",\"@graph\":[{\"@type\":\"WebPage\",\"@id\":\"https:\\\/\\\/cbie.ca\\\/fr\\\/pro-ei\\\/\",\"url\":\"https:\\\/\\\/cbie.ca\\\/fr\\\/pro-ei\\\/\",\"name\":\"Pro-EI - CBIE\",\"isPartOf\":{\"@id\":\"https:\\\/\\\/cbie.ca\\\/#website\"},\"datePublished\":\"2024-08-19T19:35:08+00:00\",\"dateModified\":\"2026-01-09T21:59:01+00:00\",\"breadcrumb\":{\"@id\":\"https:\\\/\\\/cbie.ca\\\/fr\\\/pro-ei\\\/#breadcrumb\"},\"inLanguage\":\"fr-FR\",\"potentialAction\":[{\"@type\":\"ReadAction\",\"target\":[\"https:\\\/\\\/cbie.ca\\\/fr\\\/pro-ei\\\/\"]}]},{\"@type\":\"BreadcrumbList\",\"@id\":\"https:\\\/\\\/cbie.ca\\\/fr\\\/pro-ei\\\/#breadcrumb\",\"itemListElement\":[{\"@type\":\"ListItem\",\"position\":1,\"name\":\"Home\",\"item\":\"https:\\\/\\\/cbie.ca\\\/fr\\\/\"},{\"@type\":\"ListItem\",\"position\":2,\"name\":\"Pro-EI\"}]},{\"@type\":\"WebSite\",\"@id\":\"https:\\\/\\\/cbie.ca\\\/#website\",\"url\":\"https:\\\/\\\/cbie.ca\\\/\",\"name\":\"Canadian Bureau for International Education\",\"description\":\"\",\"potentialAction\":[{\"@type\":\"SearchAction\",\"target\":{\"@type\":\"EntryPoint\",\"urlTemplate\":\"https:\\\/\\\/cbie.ca\\\/?s={search_term_string}\"},\"query-input\":{\"@type\":\"PropertyValueSpecification\",\"valueRequired\":true,\"valueName\":\"search_term_string\"}}],\"inLanguage\":\"fr-FR\"}]}<\/script>\n<!-- \/ Yoast SEO plugin. -->","yoast_head_json":{"title":"Pro-EI - CBIE","robots":{"index":"index","follow":"follow","max-snippet":"max-snippet:-1","max-image-preview":"max-image-preview:large","max-video-preview":"max-video-preview:-1"},"canonical":"https:\/\/cbie.ca\/fr\/pro-ei\/","og_locale":"fr_FR","og_type":"article","og_title":"Pro-EI - CBIE","og_description":"[vc_row bg_image=\u00a0\u00bb110568&Prime; parallax_bg=\u00a0\u00bbtrue\u00a0\u00bb bg_color=\u00a0\u00bb#01426a\u00a0\u00bb text_color=\u00a0\u00bblight\u00a0\u00bb text_align=\u00a0\u00bbcenter\u00a0\u00bb top_padding=\u00a0\u00bb10&Prime; bottom_padding=\u00a0\u00bb10&Prime; row_id=\u00a0\u00bbhero-banner\u00a0\u00bb][vc_column column_padding=\u00a0\u00bbcustom-padding\u00a0\u00bb column_custompadding=\u00a0\u00bb10% 0px\u00a0\u00bb text_color=\u00a0\u00bblight\u00a0\u00bb text_align=\u00a0\u00bbcenter\u00a0\u00bb width=\u00a0\u00bb1\/1&Prime;][vc_column_text] Pro-EI Formation pour les professionnel.le.s de l\u2019\u00e9ducation international [\/vc_column_text][vc_column_text] Formation destin\u00e9e aux nouveaux.elles professionnel.le.s de [&hellip;]","og_url":"https:\/\/cbie.ca\/fr\/pro-ei\/","og_site_name":"CBIE","article_modified_time":"2026-01-09T21:59:01+00:00","og_image":[{"width":1600,"height":900,"url":"https:\/\/cbie.ca\/wp-content\/uploads\/2024\/01\/CBIE-Announcement-EN.png","type":"image\/png"}],"twitter_card":"summary_large_image","twitter_misc":{"Dur\u00e9e de lecture estim\u00e9e":"2 minutes"},"schema":{"@context":"https:\/\/schema.org","@graph":[{"@type":"WebPage","@id":"https:\/\/cbie.ca\/fr\/pro-ei\/","url":"https:\/\/cbie.ca\/fr\/pro-ei\/","name":"Pro-EI - CBIE","isPartOf":{"@id":"https:\/\/cbie.ca\/#website"},"datePublished":"2024-08-19T19:35:08+00:00","dateModified":"2026-01-09T21:59:01+00:00","breadcrumb":{"@id":"https:\/\/cbie.ca\/fr\/pro-ei\/#breadcrumb"},"inLanguage":"fr-FR","potentialAction":[{"@type":"ReadAction","target":["https:\/\/cbie.ca\/fr\/pro-ei\/"]}]},{"@type":"BreadcrumbList","@id":"https:\/\/cbie.ca\/fr\/pro-ei\/#breadcrumb","itemListElement":[{"@type":"ListItem","position":1,"name":"Home","item":"https:\/\/cbie.ca\/fr\/"},{"@type":"ListItem","position":2,"name":"Pro-EI"}]},{"@type":"WebSite","@id":"https:\/\/cbie.ca\/#website","url":"https:\/\/cbie.ca\/","name":"Canadian Bureau for International Education","description":"","potentialAction":[{"@type":"SearchAction","target":{"@type":"EntryPoint","urlTemplate":"https:\/\/cbie.ca\/?s={search_term_string}"},"query-input":{"@type":"PropertyValueSpecification","valueRequired":true,"valueName":"search_term_string"}}],"inLanguage":"fr-FR"}]}},"_links":{"self":[{"href":"https:\/\/cbie.ca\/fr\/wp-json\/wp\/v2\/pages\/110841","targetHints":{"allow":["GET"]}}],"collection":[{"href":"https:\/\/cbie.ca\/fr\/wp-json\/wp\/v2\/pages"}],"about":[{"href":"https:\/\/cbie.ca\/fr\/wp-json\/wp\/v2\/types\/page"}],"author":[{"embeddable":true,"href":"https:\/\/cbie.ca\/fr\/wp-json\/wp\/v2\/users\/2"}],"replies":[{"embeddable":true,"href":"https:\/\/cbie.ca\/fr\/wp-json\/wp\/v2\/comments?post=110841"}],"version-history":[{"count":10,"href":"https:\/\/cbie.ca\/fr\/wp-json\/wp\/v2\/pages\/110841\/revisions"}],"predecessor-version":[{"id":119834,"href":"https:\/\/cbie.ca\/fr\/wp-json\/wp\/v2\/pages\/110841\/revisions\/119834"}],"wp:attachment":[{"href":"https:\/\/cbie.ca\/fr\/wp-json\/wp\/v2\/media?parent=110841"}],"curies":[{"name":"wp","href":"https:\/\/api.w.org\/{rel}","templated":true}]}}