{"id":110548,"date":"2024-06-05T14:15:04","date_gmt":"2024-06-05T18:15:04","guid":{"rendered":"https:\/\/cbiemain.pcomms.ca\/?page_id=110548"},"modified":"2024-07-22T13:06:07","modified_gmt":"2024-07-22T17:06:07","slug":"aspire-fr","status":"publish","type":"page","link":"https:\/\/cbie.ca\/fr\/upcoming-events\/training-program\/aspire-fr\/","title":{"rendered":"Avancement des standards de pratique et d&rsquo;int\u00e9grit\u00e9 du recrutement en \u00e9ducation (ASPIRE)"},"content":{"rendered":"<div class=\"wpb-content-wrapper\"><p>[vc_row type=\u00a0\u00bbfull_width_section\u00a0\u00bb text_align=\u00a0\u00bbcenter\u00a0\u00bb][vc_column bg_image=\u00a0\u00bb110567&Prime; column_padding=\u00a0\u00bbpadding-3&Prime; width=\u00a0\u00bb1\/2&Prime;]<div class=\"spacer\" style=\"height: 200px;\"><\/div>[\/vc_column][vc_column bg_color=\u00a0\u00bb#01426a\u00a0\u00bb column_padding=\u00a0\u00bbpadding-3&Prime; column_center=\u00a0\u00bbtrue\u00a0\u00bb text_color=\u00a0\u00bblight\u00a0\u00bb width=\u00a0\u00bb1\/2&Prime;]<div class=\"spacer\" style=\"height: 20px;\"><\/div>[vc_column_text]<\/p>\n<h1 class=\"region\" style=\"text-align: left;\">Formation ASPIRE<\/h1>\n<p>[\/vc_column_text]<div class=\"newdivider align-left\" style=\"border-bottom-style: solid; border-color: #ffc72c; border-bottom-width: 2px; margin-top: 20px; margin-bottom: 20px; width: 80%; \"><\/div><div class=\"clear\"><\/div>[vc_column_text]<\/p>\n<h3 class=\"region\" style=\"text-align: left;\">Avancement des standards de pratique et d&rsquo;int\u00e9grit\u00e9 du recrutement en \u00e9ducation<\/h3>\n<p>[\/vc_column_text]<div class=\"spacer\" style=\"height: 40px;\"><\/div>[\/vc_column][\/vc_row][vc_row text_align=\u00a0\u00bbcenter\u00a0\u00bb top_padding=\u00a0\u00bb60&Prime; bottom_padding=\u00a0\u00bb60&Prime;][vc_column width=\u00a0\u00bb1\/1&Prime;][vc_column_text]<\/p>\n<h3 style=\"font-weight: 400;\">Participez \u00e0 la prochaine formation ASPIRE<br \/>\n24 \u2013 26 juillet, 2024<\/h3>\n<h4 style=\"font-weight: 400;\">Membres 395 $\u00a0 |\u00a0 Non-membres 445 $<\/h4>\n<p>[\/vc_column_text]<div class=\"spacer\" style=\"height: 20px;\"><\/div><a href=\"https:\/\/cbie.member365.ca\/public\/event\/details\/033ce748824a7af74b15a075846b64a60e980a4b\/2\" target=\"_blank\" class=\"button color-1 small btn-blue\" style=\"border-radius: 2px;\">Inscrivez-vous<\/a>[\/vc_column][\/vc_row][vc_row bottom_padding=\u00a0\u00bb80&Prime;][vc_column][vc_column_text]<\/p>\n<h4>Aper\u00e7u de la formation<\/h4>\n<p>La formation ASPIRE vise \u00e0 \u00e9lever les normes et l&rsquo;int\u00e9grit\u00e9 du recrutement d&rsquo;\u00e9tudiant.e.s dans le contexte canadien. Les conseils en mati\u00e8re d&rsquo;immigration au Canada, y compris les conseils sur le permis d&rsquo;\u00e9tudes, sont r\u00e9glement\u00e9s afin de garantir que les \u00e9tudiant.e.s potentiel.le.s re\u00e7oivent des conseils pr\u00e9cis et respectant les r\u00e8gles d&rsquo;\u00e9thique. Ce programme de formation est con\u00e7u pour fournir aux participant.e.s des connaissances de base sur le cadre r\u00e9glementaire canadien, tout en offrant des outils et des strat\u00e9gies pour soutenir efficacement les \u00e9tudiant.e.s potentiel.le.s conform\u00e9ment au champ de pratique prescrit.<\/p>\n<h4>Public vis\u00e9<\/h4>\n<p>Ce programme s&rsquo;adresse \u00e0 toute personne impliqu\u00e9e dans le recrutement ou le soutien des \u00e9tudiant.e.s internationaux.ales au sein du syst\u00e8me \u00e9ducatif canadien, y compris, mais sans s&rsquo;y limiter :<\/p>\n<ul>\n<li>Agent.e.s d&rsquo;\u00e9ducation, conseiller.i\u00e8re.s ou partenaires de recrutement<\/li>\n<li>Personnel institutionnel dans les domaines du recrutement international, du marketing, des admissions et des inscriptions ou des services aux \u00e9tudiant.e.s<\/li>\n<li>Gestionnaires ou les cadres sup\u00e9rieurs de l&rsquo;\u00e9ducation internationale<\/li>\n<\/ul>\n<h4>Objectifs d&rsquo;apprentissage<\/h4>\n<p>Par le biais du programme de formation ASPIRE, les participant.e.s disposeront des connaissances et des outils n\u00e9cessaires pour fournir des conseils de qualit\u00e9 et conformes, ce qui am\u00e9liorera la r\u00e9ussite et la satisfaction des futur.e.s \u00e9tudiant.e.s. Plus pr\u00e9cis\u00e9ment, \u00e0 l&rsquo;issue du programme, les participant.e.s :<\/p>\n<ul>\n<li>Apprendront \u00e0 distinguer quand leur r\u00f4le devient celui d&rsquo;un consultant r\u00e9glement\u00e9 (avocat, <a href=\"https:\/\/college-ic.ca\/devenir-titulaire-de-permis\/a-propos-des-cric-et-des-criee?l=fr-CA\" target=\"_blank\" rel=\"noopener\">CRIC<\/a> ou <a href=\"https:\/\/college-ic.ca\/devenir-titulaire-de-permis\/a-propos-des-cric-et-des-criee?l=fr-CA\" target=\"_blank\" rel=\"noopener\">CRIEE<\/a>), en assurant la conformit\u00e9 avec les r\u00e9glementations canadiennes.<\/li>\n<li>Pourront identifier les qualifications importantes, les consid\u00e9rations et les exigences que les \u00e9tudiant.e.s potentiel.le.s doivent poss\u00e9der pour \u00e9tudier avec succ\u00e8s au Canada.<\/li>\n<li>Aurons une meilleurs compr\u00e9hension sur guider les \u00e9tudiant.e.s potentiel.le.s dans l&rsquo;\u00e9laboration de leur plan d&rsquo;\u00e9tudes.<\/li>\n<li>Comprendrons les politiques cl\u00e9s et les facteurs de traitement qui m\u00e8nent \u00e0 des refus de demande de permis d&rsquo;\u00e9tudes par IRCC.<\/li>\n<li>Apprendront \u00e0 \u00e9viter les pi\u00e8ges les plus courants qui conduisent \u00e0 des refus.<\/li>\n<li>Obtiendrons des ressources pour rester au courant des programmes d&rsquo;immigration, de l&rsquo;\u00e9ducation et des opportunit\u00e9s d&rsquo;immigration au Canada.<\/li>\n<\/ul>\n<h4>D\u00e9roulement de la formation<\/h4>\n<p>Cette formation est dispens\u00e9e par des instructeur.rice.s qualifi\u00e9.e.s, titulaires d&rsquo;un titre de <a href=\"https:\/\/college-ic.ca\/devenir-titulaire-de-permis\/a-propos-des-cric-et-des-criee?l=fr-CA\" target=\"_blank\" rel=\"noopener\">CRIC<\/a> ou <a href=\"https:\/\/college-ic.ca\/devenir-titulaire-de-permis\/a-propos-des-cric-et-des-criee?l=fr-CA\" target=\"_blank\" rel=\"noopener\">CRIEE<\/a>. Au cours de trois ateliers virtuels qui ce d\u00e9rouleront en direct (deux heures chacune), l&rsquo;instructeur.trice guidera les participant.e.s \u00e0 travers le mat\u00e9riel, animera des discussions et activit\u00e9s d&rsquo;\u00e9tudes de cas, et facilitera l&rsquo;apprentissage entre pairs. Des ressources suppl\u00e9mentaires seront disponibles sur la plateforme d&rsquo;apprentissage en ligne du BCEI.<\/p>\n<h4>Horaire des cours en direct<\/h4>\n<p>Pour recevoir le certificat, les participant.e.s doivent assister aux trois s\u00e9ances qui se d\u00e9rouleront en ligne et s&rsquo;engager activement dans un projet de groupe lors du module final de la formation. Les s\u00e9ances en direct auront lieu le 24 &#8211; 26 juillet 2024, de 10h00 \u00e0 12h00 (heure de l&rsquo;Est).<\/p>\n<h4>Certificat d&rsquo;ach\u00e8vement<\/h4>\n<p>Des certificats d&rsquo;ach\u00e8vement seront d\u00e9livr\u00e9s \u00e0 ceux et celles qui auront suivi le programme avec succ\u00e8s.[\/vc_column_text][\/vc_column][\/vc_row]<\/p>\n<\/div>","protected":false},"excerpt":{"rendered":"<p>[vc_row type=\u00a0\u00bbfull_width_section\u00a0\u00bb text_align=\u00a0\u00bbcenter\u00a0\u00bb][vc_column bg_image=\u00a0\u00bb110567&Prime; column_padding=\u00a0\u00bbpadding-3&Prime; width=\u00a0\u00bb1\/2&Prime;][\/vc_column][vc_column bg_color=\u00a0\u00bb#01426a\u00a0\u00bb column_padding=\u00a0\u00bbpadding-3&Prime; column_center=\u00a0\u00bbtrue\u00a0\u00bb text_color=\u00a0\u00bblight\u00a0\u00bb width=\u00a0\u00bb1\/2&Prime;][vc_column_text] Formation ASPIRE [\/vc_column_text][vc_column_text] Avancement des standards de pratique et d&rsquo;int\u00e9grit\u00e9 du recrutement en \u00e9ducation [\/vc_column_text][\/vc_column][\/vc_row][vc_row text_align=\u00a0\u00bbcenter\u00a0\u00bb top_padding=\u00a0\u00bb60&Prime; bottom_padding=\u00a0\u00bb60&Prime;][vc_column width=\u00a0\u00bb1\/1&Prime;][vc_column_text] [&hellip;]<\/p>\n","protected":false},"author":2,"featured_media":0,"parent":110549,"menu_order":0,"comment_status":"closed","ping_status":"closed","template":"","meta":{"_acf_changed":false,"footnotes":""},"class_list":["post-110548","page","type-page","status-publish","hentry"],"acf":[],"yoast_head":"<!-- This site is optimized with the Yoast SEO plugin v27.3 - https:\/\/yoast.com\/product\/yoast-seo-wordpress\/ -->\n<title>Avancement des standards de pratique et d&#039;int\u00e9grit\u00e9 du recrutement en \u00e9ducation (ASPIRE) - CBIE<\/title>\n<meta name=\"robots\" content=\"index, follow, max-snippet:-1, max-image-preview:large, max-video-preview:-1\" \/>\n<link rel=\"canonical\" href=\"https:\/\/cbie.ca\/fr\/upcoming-events\/training-program\/aspire-fr\/\" \/>\n<meta property=\"og:locale\" content=\"fr_FR\" \/>\n<meta property=\"og:type\" content=\"article\" \/>\n<meta property=\"og:title\" content=\"Avancement des standards de pratique et d&#039;int\u00e9grit\u00e9 du recrutement en \u00e9ducation (ASPIRE) - CBIE\" \/>\n<meta property=\"og:description\" content=\"[vc_row type=\u00a0\u00bbfull_width_section\u00a0\u00bb text_align=\u00a0\u00bbcenter\u00a0\u00bb][vc_column bg_image=\u00a0\u00bb110567&Prime; column_padding=\u00a0\u00bbpadding-3&Prime; width=\u00a0\u00bb1\/2&Prime;][\/vc_column][vc_column bg_color=\u00a0\u00bb#01426a\u00a0\u00bb column_padding=\u00a0\u00bbpadding-3&Prime; column_center=\u00a0\u00bbtrue\u00a0\u00bb text_color=\u00a0\u00bblight\u00a0\u00bb width=\u00a0\u00bb1\/2&Prime;][vc_column_text] Formation ASPIRE [\/vc_column_text][vc_column_text] Avancement des standards de pratique et d&rsquo;int\u00e9grit\u00e9 du recrutement en \u00e9ducation [\/vc_column_text][\/vc_column][\/vc_row][vc_row text_align=\u00a0\u00bbcenter\u00a0\u00bb top_padding=\u00a0\u00bb60&Prime; bottom_padding=\u00a0\u00bb60&Prime;][vc_column width=\u00a0\u00bb1\/1&Prime;][vc_column_text] [&hellip;]\" \/>\n<meta property=\"og:url\" content=\"https:\/\/cbie.ca\/fr\/upcoming-events\/training-program\/aspire-fr\/\" \/>\n<meta property=\"og:site_name\" content=\"CBIE\" \/>\n<meta property=\"article:modified_time\" content=\"2024-07-22T17:06:07+00:00\" \/>\n<meta property=\"og:image\" content=\"https:\/\/cbie.ca\/wp-content\/uploads\/2024\/01\/CBIE-Announcement-EN.png\" \/>\n\t<meta property=\"og:image:width\" content=\"1600\" \/>\n\t<meta property=\"og:image:height\" content=\"900\" \/>\n\t<meta property=\"og:image:type\" content=\"image\/png\" \/>\n<meta name=\"twitter:card\" content=\"summary_large_image\" \/>\n<meta name=\"twitter:label1\" content=\"Dur\u00e9e de lecture estim\u00e9e\" \/>\n\t<meta name=\"twitter:data1\" content=\"3 minutes\" \/>\n<script type=\"application\/ld+json\" class=\"yoast-schema-graph\">{\"@context\":\"https:\\\/\\\/schema.org\",\"@graph\":[{\"@type\":\"WebPage\",\"@id\":\"https:\\\/\\\/cbie.ca\\\/fr\\\/upcoming-events\\\/training-program\\\/aspire-fr\\\/\",\"url\":\"https:\\\/\\\/cbie.ca\\\/fr\\\/upcoming-events\\\/training-program\\\/aspire-fr\\\/\",\"name\":\"Avancement des standards de pratique et d'int\u00e9grit\u00e9 du recrutement en \u00e9ducation (ASPIRE) - CBIE\",\"isPartOf\":{\"@id\":\"https:\\\/\\\/cbie.ca\\\/#website\"},\"datePublished\":\"2024-06-05T18:15:04+00:00\",\"dateModified\":\"2024-07-22T17:06:07+00:00\",\"breadcrumb\":{\"@id\":\"https:\\\/\\\/cbie.ca\\\/fr\\\/upcoming-events\\\/training-program\\\/aspire-fr\\\/#breadcrumb\"},\"inLanguage\":\"fr-FR\",\"potentialAction\":[{\"@type\":\"ReadAction\",\"target\":[\"https:\\\/\\\/cbie.ca\\\/fr\\\/upcoming-events\\\/training-program\\\/aspire-fr\\\/\"]}]},{\"@type\":\"BreadcrumbList\",\"@id\":\"https:\\\/\\\/cbie.ca\\\/fr\\\/upcoming-events\\\/training-program\\\/aspire-fr\\\/#breadcrumb\",\"itemListElement\":[{\"@type\":\"ListItem\",\"position\":1,\"name\":\"Home\",\"item\":\"https:\\\/\\\/cbie.ca\\\/fr\\\/\"},{\"@type\":\"ListItem\",\"position\":2,\"name\":\"\u00c9v\u00e9nements\",\"item\":\"https:\\\/\\\/cbie.ca\\\/upcoming-events\\\/\"},{\"@type\":\"ListItem\",\"position\":3,\"name\":\"Training Program\",\"item\":\"https:\\\/\\\/cbie.ca\\\/fr\\\/upcoming-events\\\/training-program\\\/\"},{\"@type\":\"ListItem\",\"position\":4,\"name\":\"Avancement des standards de pratique et d&#8217;int\u00e9grit\u00e9 du recrutement en \u00e9ducation (ASPIRE)\"}]},{\"@type\":\"WebSite\",\"@id\":\"https:\\\/\\\/cbie.ca\\\/#website\",\"url\":\"https:\\\/\\\/cbie.ca\\\/\",\"name\":\"Canadian Bureau for International Education\",\"description\":\"\",\"potentialAction\":[{\"@type\":\"SearchAction\",\"target\":{\"@type\":\"EntryPoint\",\"urlTemplate\":\"https:\\\/\\\/cbie.ca\\\/?s={search_term_string}\"},\"query-input\":{\"@type\":\"PropertyValueSpecification\",\"valueRequired\":true,\"valueName\":\"search_term_string\"}}],\"inLanguage\":\"fr-FR\"}]}<\/script>\n<!-- \/ Yoast SEO plugin. -->","yoast_head_json":{"title":"Avancement des standards de pratique et d'int\u00e9grit\u00e9 du recrutement en \u00e9ducation (ASPIRE) - CBIE","robots":{"index":"index","follow":"follow","max-snippet":"max-snippet:-1","max-image-preview":"max-image-preview:large","max-video-preview":"max-video-preview:-1"},"canonical":"https:\/\/cbie.ca\/fr\/upcoming-events\/training-program\/aspire-fr\/","og_locale":"fr_FR","og_type":"article","og_title":"Avancement des standards de pratique et d'int\u00e9grit\u00e9 du recrutement en \u00e9ducation (ASPIRE) - CBIE","og_description":"[vc_row type=\u00a0\u00bbfull_width_section\u00a0\u00bb text_align=\u00a0\u00bbcenter\u00a0\u00bb][vc_column bg_image=\u00a0\u00bb110567&Prime; column_padding=\u00a0\u00bbpadding-3&Prime; width=\u00a0\u00bb1\/2&Prime;][\/vc_column][vc_column bg_color=\u00a0\u00bb#01426a\u00a0\u00bb column_padding=\u00a0\u00bbpadding-3&Prime; column_center=\u00a0\u00bbtrue\u00a0\u00bb text_color=\u00a0\u00bblight\u00a0\u00bb width=\u00a0\u00bb1\/2&Prime;][vc_column_text] Formation ASPIRE [\/vc_column_text][vc_column_text] Avancement des standards de pratique et d&rsquo;int\u00e9grit\u00e9 du recrutement en \u00e9ducation [\/vc_column_text][\/vc_column][\/vc_row][vc_row text_align=\u00a0\u00bbcenter\u00a0\u00bb top_padding=\u00a0\u00bb60&Prime; bottom_padding=\u00a0\u00bb60&Prime;][vc_column width=\u00a0\u00bb1\/1&Prime;][vc_column_text] [&hellip;]","og_url":"https:\/\/cbie.ca\/fr\/upcoming-events\/training-program\/aspire-fr\/","og_site_name":"CBIE","article_modified_time":"2024-07-22T17:06:07+00:00","og_image":[{"width":1600,"height":900,"url":"https:\/\/cbie.ca\/wp-content\/uploads\/2024\/01\/CBIE-Announcement-EN.png","type":"image\/png"}],"twitter_card":"summary_large_image","twitter_misc":{"Dur\u00e9e de lecture estim\u00e9e":"3 minutes"},"schema":{"@context":"https:\/\/schema.org","@graph":[{"@type":"WebPage","@id":"https:\/\/cbie.ca\/fr\/upcoming-events\/training-program\/aspire-fr\/","url":"https:\/\/cbie.ca\/fr\/upcoming-events\/training-program\/aspire-fr\/","name":"Avancement des standards de pratique et d'int\u00e9grit\u00e9 du recrutement en \u00e9ducation (ASPIRE) - CBIE","isPartOf":{"@id":"https:\/\/cbie.ca\/#website"},"datePublished":"2024-06-05T18:15:04+00:00","dateModified":"2024-07-22T17:06:07+00:00","breadcrumb":{"@id":"https:\/\/cbie.ca\/fr\/upcoming-events\/training-program\/aspire-fr\/#breadcrumb"},"inLanguage":"fr-FR","potentialAction":[{"@type":"ReadAction","target":["https:\/\/cbie.ca\/fr\/upcoming-events\/training-program\/aspire-fr\/"]}]},{"@type":"BreadcrumbList","@id":"https:\/\/cbie.ca\/fr\/upcoming-events\/training-program\/aspire-fr\/#breadcrumb","itemListElement":[{"@type":"ListItem","position":1,"name":"Home","item":"https:\/\/cbie.ca\/fr\/"},{"@type":"ListItem","position":2,"name":"\u00c9v\u00e9nements","item":"https:\/\/cbie.ca\/upcoming-events\/"},{"@type":"ListItem","position":3,"name":"Training Program","item":"https:\/\/cbie.ca\/fr\/upcoming-events\/training-program\/"},{"@type":"ListItem","position":4,"name":"Avancement des standards de pratique et d&#8217;int\u00e9grit\u00e9 du recrutement en \u00e9ducation (ASPIRE)"}]},{"@type":"WebSite","@id":"https:\/\/cbie.ca\/#website","url":"https:\/\/cbie.ca\/","name":"Canadian Bureau for International Education","description":"","potentialAction":[{"@type":"SearchAction","target":{"@type":"EntryPoint","urlTemplate":"https:\/\/cbie.ca\/?s={search_term_string}"},"query-input":{"@type":"PropertyValueSpecification","valueRequired":true,"valueName":"search_term_string"}}],"inLanguage":"fr-FR"}]}},"_links":{"self":[{"href":"https:\/\/cbie.ca\/fr\/wp-json\/wp\/v2\/pages\/110548","targetHints":{"allow":["GET"]}}],"collection":[{"href":"https:\/\/cbie.ca\/fr\/wp-json\/wp\/v2\/pages"}],"about":[{"href":"https:\/\/cbie.ca\/fr\/wp-json\/wp\/v2\/types\/page"}],"author":[{"embeddable":true,"href":"https:\/\/cbie.ca\/fr\/wp-json\/wp\/v2\/users\/2"}],"replies":[{"embeddable":true,"href":"https:\/\/cbie.ca\/fr\/wp-json\/wp\/v2\/comments?post=110548"}],"version-history":[{"count":0,"href":"https:\/\/cbie.ca\/fr\/wp-json\/wp\/v2\/pages\/110548\/revisions"}],"up":[{"embeddable":true,"href":"https:\/\/cbie.ca\/fr\/wp-json\/wp\/v2\/pages\/110549"}],"wp:attachment":[{"href":"https:\/\/cbie.ca\/fr\/wp-json\/wp\/v2\/media?parent=110548"}],"curies":[{"name":"wp","href":"https:\/\/api.w.org\/{rel}","templated":true}]}}